{"id":269706,"date":"2025-04-01T12:01:09","date_gmt":"2025-04-01T10:01:09","guid":{"rendered":"https:\/\/miomiorun.com\/?post_type=product&#038;p=269706"},"modified":"2025-12-18T18:06:14","modified_gmt":"2025-12-18T17:06:14","slug":"prodigio-hike-gtx-herren","status":"publish","type":"product","link":"https:\/\/www.miomiorun.com\/de\/produkt\/prodigio-hike-gtx-herren\/","title":{"rendered":"Prodigio Hike GTX herren"},"content":{"rendered":"<div class=\"vc-row container\"><div class=\"vc-column\"><div class=\"vc-column-text\"><\/p>\n<p><strong>Technische Daten<\/strong><\/p>\n<p>Kategorie: Strukturierte D\u00e4mpfung<br \/>\nOffset: 6 mm<br \/>\nGewicht: 270 g<br \/>\nIdeal f\u00fcr: schnelle Ausfl\u00fcge, ohne auf den Komfort des Prodigio zu verzichten, diesmal mit zus\u00e4tzlichem Schutz f\u00fcr den Kn\u00f6chel.<br \/>\nGewicht des Sportlers: 60-80 kg<br \/>\nLaufschritt: mittel (5-6 min\/km)<br \/>\n<a href=\"https:\/\/miomiorun.com\/guida-alle-specifiche-tecniche\/\">Leitfaden zu den technischen Daten<\/a><\/p>\n<p><\/div><\/div><div class=\"vc-column\"><div class=\"vc-column-text\">Wenn Sie schnelle Wanderungen in den Bergen lieben, sind die <strong>Prodigio Hike GTX<\/strong> genau die richtigen Schuhe f\u00fcr Sie. Diese revolution\u00e4ren Schuhe wurden f\u00fcr das <strong>Speed-Hiking<\/strong> entwickelt und sorgen daf\u00fcr, dass Sie auf anspruchsvollen Trails noch agiler und sicherer unterwegs sind. Das <strong>Obermaterial aus High Tenacity Mesh<\/strong> bietet eine hervorragende <strong>D\u00e4mpfung<\/strong> und <strong>Atmungsaktivit\u00e4t<\/strong> und ist somit perfekt f\u00fcr schwierige Querungen und Anstiege geeignet.<\/p>\n<p>Wenn sich das Wetter \u00e4ndert, h\u00e4lt die <strong>GORE-TEX ePE Extended Comfort-Membran<\/strong> deine F\u00fc\u00dfe trocken und bequem, w\u00e4hrend du dich auf den Weg konzentrieren kannst. Die <strong>geformte Ferse mit Gummischutz<\/strong> verbessert die Stabilit\u00e4t und den Halt, w\u00e4hrend der innovative <strong>Strickkragen<\/strong> den Kn\u00f6chel umschlie\u00dft und dir die n\u00f6tige Stabilit\u00e4t bietet, um das Tempo zu erh\u00f6hen, ohne die Sicherheit zu beeintr\u00e4chtigen.<\/p>\n<p>Die <strong>FriXion Red-Sohle<\/strong>, die auf schwierigstem Gel\u00e4nde getestet wurde, bietet <strong>au\u00dfergew\u00f6hnlichen Grip<\/strong> auf schlammigen und felsigen Wegen, w\u00e4hrend die Gummieinlage an der Spitze Ihre Zehen vor St\u00f6\u00dfen gegen Felsen und Wurzeln sch\u00fctzt. Mit dem <strong>Prodigio Hike GTX<\/strong> erreichst du schneller den Gipfel und bew\u00e4ltigst jeden Abstieg mit maximalem Komfort und Schutz.<\/p>\n<div class=\"product-description col col-12 col-md-6\">\n<h3 id=\"tab-label-techinfo\" class=\"switch-title\">Technische Informationen:<\/h3>\n<\/div>\n<div class=\"col col-12 col-md-6 block-detailed\">\n<div class=\"item-block collapsible-info active\" data-collapsible=\"true\">\n<div class=\"data item content\" aria-labelledby=\"tab-label-techinfo\" data-role=\"content\" aria-hidden=\"false\">\n<div class=\"techinfo-container\">\n<div class=\"techinfo-icons\">\n<div class=\"techinfo-icon\"><a class=\"d-flex flex-column align-items-center text-center\"> <img loading=\"lazy\" decoding=\"async\" class=\" ls-is-cached lazyloaded\" src=\"https:\/\/www.lasportiva.com\/media\/techinfo_icons\/friction-red.png\" alt=\"La Sportiva\" width=\"75\" height=\"75\" data-src=\"https:\/\/www.lasportiva.com\/media\/techinfo_icons\/friction-red.png\">&nbsp;<\/a><\/div>\n<div class=\"techinfo-icon\"><a class=\"d-flex flex-column align-items-center text-center\">Frixion XT Red <\/a><\/div>\n<div class=\"techinfo-icon\"><a class=\"d-flex flex-column align-items-center text-center\"> <img loading=\"lazy\" decoding=\"async\" class=\" ls-is-cached lazyloaded\" src=\"https:\/\/www.lasportiva.com\/media\/techinfo_icons\/impact-brake-system.png\" alt=\"La Sportiva\" width=\"75\" height=\"75\" data-src=\"https:\/\/www.lasportiva.com\/media\/techinfo_icons\/impact-brake-system.png\">&nbsp;<\/a><\/div>\n<div class=\"techinfo-icon\"><a class=\"d-flex flex-column align-items-center text-center\">Impact Brake System Mountain Running <\/a><\/div>\n<div class=\"techinfo-icon\"><a class=\"d-flex flex-column align-items-center text-center\"> <img loading=\"lazy\" decoding=\"async\" class=\" lazyloaded\" src=\"https:\/\/www.lasportiva.com\/media\/techinfo_icons\/g\/o\/goretex_icona_75x75.png\" alt=\"La Sportiva\" width=\"75\" height=\"75\" data-src=\"https:\/\/www.lasportiva.com\/media\/techinfo_icons\/g\/o\/goretex_icona_75x75.png\"><\/a><\/div>\n<div class=\"techinfo-icon\"><a class=\"d-flex flex-column align-items-center text-center\"> Gore-Tex Performance <\/a><\/div>\n<\/div>\n<\/div>\n<\/div>\n<\/div>\n<\/div>\n<p><\/div><\/div><\/div>\n","protected":false},"excerpt":{"rendered":"<ul>\n<li>Optimierter Schuh f\u00fcr Fast Hiking<\/li>\n<li>Grip, Passform und Weichheit von Prodigio<\/li>\n<\/ul>\n","protected":false},"featured_media":271620,"template":"","meta":{"_acf_changed":false,"inline_featured_image":false},"product_brand":[],"product_cat":[6507,6504],"product_tag":[6248,6218],"class_list":{"0":"post-269706","1":"product","2":"type-product","3":"status-publish","4":"has-post-thumbnail","6":"product_cat-herren-schuhe-de","7":"product_cat-trail","8":"product_tag-la-sportiva-de","9":"product_tag-la-sportiva-herren-de","10":"pa_attivita-outdoor-de","11":"pa_attivita-trail-de","12":"pa_colore-prodigio-hike-gtx-jungle-savana-de","13":"pa_colore-prodigio-hike-gtx-onyx-mountain-red-de","14":"pa_marca-la-sportiva-de","15":"pa_sesso-herren","16":"pa_size-42-5-de","17":"pa_size-43-de","18":"pa_size-44-de","19":"pa_size-44-5-de","20":"pa_size-45-de","22":"first","23":"instock","24":"sale","25":"taxable","26":"shipping-taxable","27":"purchasable","28":"product-type-variable","29":"wvs-archive-product-wrapper"},"acf":[],"yoast_head":"<!-- This site is optimized with the Yoast SEO plugin v26.8 - https:\/\/yoast.com\/product\/yoast-seo-wordpress\/ -->\n<title>La sportiva Prodigio Hike GTX herren - Herren-Trailschuhe - MioMioRun .com<\/title>\n<meta name=\"description\" content=\"Die Prodigio Hike GTX sind Speed-Hiking-Schuhe mit D\u00e4mpfung, Atmungsaktivit\u00e4t, GORE-TEX-Schutz und hervorragender Haftung. Entdecken Sie sie mit uns.\" \/>\n<meta name=\"robots\" content=\"index, follow, max-snippet:-1, max-image-preview:large, max-video-preview:-1\" \/>\n<link rel=\"canonical\" href=\"https:\/\/www.miomiorun.com\/de\/produkt\/prodigio-hike-gtx-herren\/\" \/>\n<meta property=\"og:locale\" content=\"de_DE\" \/>\n<meta property=\"og:type\" content=\"article\" \/>\n<meta property=\"og:title\" content=\"La sportiva Prodigio Hike GTX herren - Herren-Trailschuhe - MioMioRun .com\" \/>\n<meta property=\"og:description\" content=\"Die Prodigio Hike GTX sind Speed-Hiking-Schuhe mit D\u00e4mpfung, Atmungsaktivit\u00e4t, GORE-TEX-Schutz und hervorragender Haftung. Entdecken Sie sie mit uns.\" \/>\n<meta property=\"og:url\" content=\"https:\/\/www.miomiorun.com\/de\/produkt\/prodigio-hike-gtx-herren\/\" \/>\n<meta property=\"og:site_name\" content=\"MioMioRun\" \/>\n<meta property=\"article:publisher\" content=\"https:\/\/www.facebook.com\/miomiorun\/\" \/>\n<meta property=\"article:modified_time\" content=\"2025-12-18T17:06:14+00:00\" \/>\n<meta property=\"og:image\" content=\"https:\/\/www.miomiorun.com\/app\/uploads\/2025\/04\/la-sportiva-Prodigio-Hike-GTX-onyx-mountain-red-ZFHS102G19R24.webp\" \/>\n\t<meta property=\"og:image:width\" content=\"600\" \/>\n\t<meta property=\"og:image:height\" content=\"600\" \/>\n\t<meta property=\"og:image:type\" content=\"image\/webp\" \/>\n<meta name=\"twitter:card\" content=\"summary_large_image\" \/>\n<meta name=\"twitter:label1\" content=\"Est. reading time\" \/>\n\t<meta name=\"twitter:data1\" content=\"2 minutes\" \/>\n<script type=\"application\/ld+json\" class=\"yoast-schema-graph\">{\"@context\":\"https:\/\/schema.org\",\"@graph\":[{\"@type\":\"WebPage\",\"@id\":\"https:\/\/www.miomiorun.com\/de\/produkt\/prodigio-hike-gtx-herren\/\",\"url\":\"https:\/\/www.miomiorun.com\/de\/produkt\/prodigio-hike-gtx-herren\/\",\"name\":\"La sportiva Prodigio Hike GTX herren - Herren-Trailschuhe - MioMioRun .com\",\"isPartOf\":{\"@id\":\"https:\/\/www.miomiorun.com\/de\/#website\"},\"primaryImageOfPage\":{\"@id\":\"https:\/\/www.miomiorun.com\/de\/produkt\/prodigio-hike-gtx-herren\/#primaryimage\"},\"image\":{\"@id\":\"https:\/\/www.miomiorun.com\/de\/produkt\/prodigio-hike-gtx-herren\/#primaryimage\"},\"thumbnailUrl\":\"https:\/\/www.miomiorun.com\/app\/uploads\/2025\/04\/la-sportiva-Prodigio-Hike-GTX-onyx-mountain-red-ZFHS102G19R24.webp\",\"datePublished\":\"2025-04-01T10:01:09+00:00\",\"dateModified\":\"2025-12-18T17:06:14+00:00\",\"description\":\"Die Prodigio Hike GTX sind Speed-Hiking-Schuhe mit D\u00e4mpfung, Atmungsaktivit\u00e4t, GORE-TEX-Schutz und hervorragender Haftung. Entdecken Sie sie mit uns.\",\"breadcrumb\":{\"@id\":\"https:\/\/www.miomiorun.com\/de\/produkt\/prodigio-hike-gtx-herren\/#breadcrumb\"},\"inLanguage\":\"de-DE\",\"potentialAction\":[{\"@type\":\"ReadAction\",\"target\":[\"https:\/\/www.miomiorun.com\/de\/produkt\/prodigio-hike-gtx-herren\/\"]}]},{\"@type\":\"ImageObject\",\"inLanguage\":\"de-DE\",\"@id\":\"https:\/\/www.miomiorun.com\/de\/produkt\/prodigio-hike-gtx-herren\/#primaryimage\",\"url\":\"https:\/\/www.miomiorun.com\/app\/uploads\/2025\/04\/la-sportiva-Prodigio-Hike-GTX-onyx-mountain-red-ZFHS102G19R24.webp\",\"contentUrl\":\"https:\/\/www.miomiorun.com\/app\/uploads\/2025\/04\/la-sportiva-Prodigio-Hike-GTX-onyx-mountain-red-ZFHS102G19R24.webp\",\"width\":600,\"height\":600,\"caption\":\"la sportiva Prodigio Hike GTX onyx mountain red ZFHS102G19R24\"},{\"@type\":\"BreadcrumbList\",\"@id\":\"https:\/\/www.miomiorun.com\/de\/produkt\/prodigio-hike-gtx-herren\/#breadcrumb\",\"itemListElement\":[{\"@type\":\"ListItem\",\"position\":1,\"name\":\"Home\",\"item\":\"https:\/\/www.miomiorun.com\/de\/\"},{\"@type\":\"ListItem\",\"position\":2,\"name\":\"Shop\",\"item\":\"https:\/\/www.miomiorun.com\/shop\/\"},{\"@type\":\"ListItem\",\"position\":3,\"name\":\"Prodigio Hike GTX herren\"}]},{\"@type\":\"WebSite\",\"@id\":\"https:\/\/www.miomiorun.com\/de\/#website\",\"url\":\"https:\/\/www.miomiorun.com\/de\/\",\"name\":\"MioMioRun\",\"description\":\"100% Lauf- und Trailshop\",\"publisher\":{\"@id\":\"https:\/\/www.miomiorun.com\/de\/#organization\"},\"potentialAction\":[{\"@type\":\"SearchAction\",\"target\":{\"@type\":\"EntryPoint\",\"urlTemplate\":\"https:\/\/www.miomiorun.com\/de\/?s={search_term_string}\"},\"query-input\":{\"@type\":\"PropertyValueSpecification\",\"valueRequired\":true,\"valueName\":\"search_term_string\"}}],\"inLanguage\":\"de-DE\"},{\"@type\":\"Organization\",\"@id\":\"https:\/\/www.miomiorun.com\/de\/#organization\",\"name\":\"MioMio Run\",\"url\":\"https:\/\/www.miomiorun.com\/de\/\",\"logo\":{\"@type\":\"ImageObject\",\"inLanguage\":\"de-DE\",\"@id\":\"https:\/\/www.miomiorun.com\/de\/#\/schema\/logo\/image\/\",\"url\":\"https:\/\/www.miomiorun.com\/app\/uploads\/2019\/12\/logomio.png\",\"contentUrl\":\"https:\/\/www.miomiorun.com\/app\/uploads\/2019\/12\/logomio.png\",\"width\":115,\"height\":82,\"caption\":\"MioMio Run\"},\"image\":{\"@id\":\"https:\/\/www.miomiorun.com\/de\/#\/schema\/logo\/image\/\"},\"sameAs\":[\"https:\/\/www.facebook.com\/miomiorun\/\",\"https:\/\/www.instagram.com\/miomiorun\/\"]}]}<\/script>\n<!-- \/ Yoast SEO plugin. -->","yoast_head_json":{"title":"La sportiva Prodigio Hike GTX herren - Herren-Trailschuhe - MioMioRun .com","description":"Die Prodigio Hike GTX sind Speed-Hiking-Schuhe mit D\u00e4mpfung, Atmungsaktivit\u00e4t, GORE-TEX-Schutz und hervorragender Haftung. Entdecken Sie sie mit uns.","robots":{"index":"index","follow":"follow","max-snippet":"max-snippet:-1","max-image-preview":"max-image-preview:large","max-video-preview":"max-video-preview:-1"},"canonical":"https:\/\/www.miomiorun.com\/de\/produkt\/prodigio-hike-gtx-herren\/","og_locale":"de_DE","og_type":"article","og_title":"La sportiva Prodigio Hike GTX herren - Herren-Trailschuhe - MioMioRun .com","og_description":"Die Prodigio Hike GTX sind Speed-Hiking-Schuhe mit D\u00e4mpfung, Atmungsaktivit\u00e4t, GORE-TEX-Schutz und hervorragender Haftung. Entdecken Sie sie mit uns.","og_url":"https:\/\/www.miomiorun.com\/de\/produkt\/prodigio-hike-gtx-herren\/","og_site_name":"MioMioRun","article_publisher":"https:\/\/www.facebook.com\/miomiorun\/","article_modified_time":"2025-12-18T17:06:14+00:00","og_image":[{"width":600,"height":600,"url":"https:\/\/www.miomiorun.com\/app\/uploads\/2025\/04\/la-sportiva-Prodigio-Hike-GTX-onyx-mountain-red-ZFHS102G19R24.webp","type":"image\/webp"}],"twitter_card":"summary_large_image","twitter_misc":{"Est. reading time":"2 minutes"},"schema":{"@context":"https:\/\/schema.org","@graph":[{"@type":"WebPage","@id":"https:\/\/www.miomiorun.com\/de\/produkt\/prodigio-hike-gtx-herren\/","url":"https:\/\/www.miomiorun.com\/de\/produkt\/prodigio-hike-gtx-herren\/","name":"La sportiva Prodigio Hike GTX herren - Herren-Trailschuhe - MioMioRun .com","isPartOf":{"@id":"https:\/\/www.miomiorun.com\/de\/#website"},"primaryImageOfPage":{"@id":"https:\/\/www.miomiorun.com\/de\/produkt\/prodigio-hike-gtx-herren\/#primaryimage"},"image":{"@id":"https:\/\/www.miomiorun.com\/de\/produkt\/prodigio-hike-gtx-herren\/#primaryimage"},"thumbnailUrl":"https:\/\/www.miomiorun.com\/app\/uploads\/2025\/04\/la-sportiva-Prodigio-Hike-GTX-onyx-mountain-red-ZFHS102G19R24.webp","datePublished":"2025-04-01T10:01:09+00:00","dateModified":"2025-12-18T17:06:14+00:00","description":"Die Prodigio Hike GTX sind Speed-Hiking-Schuhe mit D\u00e4mpfung, Atmungsaktivit\u00e4t, GORE-TEX-Schutz und hervorragender Haftung. Entdecken Sie sie mit uns.","breadcrumb":{"@id":"https:\/\/www.miomiorun.com\/de\/produkt\/prodigio-hike-gtx-herren\/#breadcrumb"},"inLanguage":"de-DE","potentialAction":[{"@type":"ReadAction","target":["https:\/\/www.miomiorun.com\/de\/produkt\/prodigio-hike-gtx-herren\/"]}]},{"@type":"ImageObject","inLanguage":"de-DE","@id":"https:\/\/www.miomiorun.com\/de\/produkt\/prodigio-hike-gtx-herren\/#primaryimage","url":"https:\/\/www.miomiorun.com\/app\/uploads\/2025\/04\/la-sportiva-Prodigio-Hike-GTX-onyx-mountain-red-ZFHS102G19R24.webp","contentUrl":"https:\/\/www.miomiorun.com\/app\/uploads\/2025\/04\/la-sportiva-Prodigio-Hike-GTX-onyx-mountain-red-ZFHS102G19R24.webp","width":600,"height":600,"caption":"la sportiva Prodigio Hike GTX onyx mountain red ZFHS102G19R24"},{"@type":"BreadcrumbList","@id":"https:\/\/www.miomiorun.com\/de\/produkt\/prodigio-hike-gtx-herren\/#breadcrumb","itemListElement":[{"@type":"ListItem","position":1,"name":"Home","item":"https:\/\/www.miomiorun.com\/de\/"},{"@type":"ListItem","position":2,"name":"Shop","item":"https:\/\/www.miomiorun.com\/shop\/"},{"@type":"ListItem","position":3,"name":"Prodigio Hike GTX herren"}]},{"@type":"WebSite","@id":"https:\/\/www.miomiorun.com\/de\/#website","url":"https:\/\/www.miomiorun.com\/de\/","name":"MioMioRun","description":"100% Lauf- und Trailshop","publisher":{"@id":"https:\/\/www.miomiorun.com\/de\/#organization"},"potentialAction":[{"@type":"SearchAction","target":{"@type":"EntryPoint","urlTemplate":"https:\/\/www.miomiorun.com\/de\/?s={search_term_string}"},"query-input":{"@type":"PropertyValueSpecification","valueRequired":true,"valueName":"search_term_string"}}],"inLanguage":"de-DE"},{"@type":"Organization","@id":"https:\/\/www.miomiorun.com\/de\/#organization","name":"MioMio Run","url":"https:\/\/www.miomiorun.com\/de\/","logo":{"@type":"ImageObject","inLanguage":"de-DE","@id":"https:\/\/www.miomiorun.com\/de\/#\/schema\/logo\/image\/","url":"https:\/\/www.miomiorun.com\/app\/uploads\/2019\/12\/logomio.png","contentUrl":"https:\/\/www.miomiorun.com\/app\/uploads\/2019\/12\/logomio.png","width":115,"height":82,"caption":"MioMio Run"},"image":{"@id":"https:\/\/www.miomiorun.com\/de\/#\/schema\/logo\/image\/"},"sameAs":["https:\/\/www.facebook.com\/miomiorun\/","https:\/\/www.instagram.com\/miomiorun\/"]}]}},"_links":{"self":[{"href":"https:\/\/www.miomiorun.com\/de\/wp-json\/wp\/v2\/product\/269706","targetHints":{"allow":["GET"]}}],"collection":[{"href":"https:\/\/www.miomiorun.com\/de\/wp-json\/wp\/v2\/product"}],"about":[{"href":"https:\/\/www.miomiorun.com\/de\/wp-json\/wp\/v2\/types\/product"}],"wp:featuredmedia":[{"embeddable":true,"href":"https:\/\/www.miomiorun.com\/de\/wp-json\/wp\/v2\/media\/271620"}],"wp:attachment":[{"href":"https:\/\/www.miomiorun.com\/de\/wp-json\/wp\/v2\/media?parent=269706"}],"wp:term":[{"taxonomy":"product_brand","embeddable":true,"href":"https:\/\/www.miomiorun.com\/de\/wp-json\/wp\/v2\/product_brand?post=269706"},{"taxonomy":"product_cat","embeddable":true,"href":"https:\/\/www.miomiorun.com\/de\/wp-json\/wp\/v2\/product_cat?post=269706"},{"taxonomy":"product_tag","embeddable":true,"href":"https:\/\/www.miomiorun.com\/de\/wp-json\/wp\/v2\/product_tag?post=269706"}],"curies":[{"name":"wp","href":"https:\/\/api.w.org\/{rel}","templated":true}]}}