{"id":269176,"date":"2025-04-01T10:11:51","date_gmt":"2025-04-01T08:11:51","guid":{"rendered":"https:\/\/miomiorun.com\/?post_type=product&#038;p=269176"},"modified":"2025-10-29T16:05:24","modified_gmt":"2025-10-29T15:05:24","slug":"ultra-glide-3-damen","status":"publish","type":"product","link":"https:\/\/www.miomiorun.com\/de\/produkt\/ultra-glide-3-damen\/","title":{"rendered":"Ultra Glide 3 damen"},"content":{"rendered":"<div class=\"vc-row container\"><div class=\"vc-column\"><div class=\"vc-column-text\"><\/p>\n<h4>Technische Daten<\/h4>\n<p>Kategorie: Top-D\u00e4mpfung<\/p>\n<p>Gewicht: 255 g<\/p>\n<p>Sprengung: 6 mm<\/p>\n<p>Ideal f\u00fcr: L\u00e4ufer, die eine Kombination aus maximaler D\u00e4mpfung, Fu\u00dfschutz und au\u00dfergew\u00f6hnlichem Komfort auf gemischtem Gel\u00e4nde suchen<br \/>\n<a href=\"https:\/\/miomiorun.com\/guida-alle-specifiche-tecniche\/\">Leitfaden zu den technischen Daten<\/a><\/p>\n<p><\/div><\/div><div class=\"vc-column\"><div class=\"vc-column-text\"> Wenn Sie einen Schuh suchen, der Sie bei jedem Schritt unterst\u00fctzt, vom Start bis zum letzten Kilometer, ist der <strong>Ultra Glide 3<\/strong> die ideale Wahl f\u00fcr Sie. Dank seines <strong>unvergleichlichen Komforts<\/strong>, den Sie vom ersten Moment an sp\u00fcren, wenn Sie ihn anziehen, k\u00f6nnen Sie mit diesem Schuh m\u00fchelos Ihre <strong>H\u00f6chstleistung<\/strong> erreichen. Seine fortschrittliche D\u00e4mpfung verleiht jedem Schritt Energie und gibt Ihnen das Gef\u00fchl, zu einem Erlebnis des totalen Wohlbefindens zu laufen, unabh\u00e4ngig von der zur\u00fcckgelegten Strecke.<\/p>\n<p>Ausgestattet mit einer <strong>maximalen D\u00e4mpfung<\/strong>, die jeden Aufprall abfedert, ist der Ultra Glide 3 perfekt f\u00fcr diejenigen, die gemischtes Gel\u00e4nde bew\u00e4ltigen und viermal oder \u00f6fter pro Woche laufen. Sein <strong>6-mm-Differential<\/strong> sorgt f\u00fcr optimalen Komfort, w\u00e4hrend sein geringes Gewicht von nur <strong>255 g<\/strong> ihn unglaublich leicht und dynamisch macht, ohne dabei an Halt einzub\u00fc\u00dfen. Die <strong>4-mm-Stollen<\/strong> bieten idealen Halt auf unterschiedlichem Terrain und machen jeden Lauf noch fl\u00fcssiger und sicherer.<\/p>\n<p>Wenn Sie jede Laufrunde mit Energie und Komfort erleben m\u00f6chten, entscheiden Sie sich f\u00fcr den <strong>Ultra Glide 3<\/strong>: ein Fortschritt f\u00fcr Ihr Lauferlebnis.<\/div><\/div><\/div>\n","protected":false},"excerpt":{"rendered":"<ul>\n<li>Grenzenlose Ausdauer<\/li>\n<li>Verst\u00e4rkter Grip<\/li>\n<li>Au\u00dfergew\u00f6hnliche Leichtigkeit<\/li>\n<\/ul>\n","protected":false},"featured_media":272001,"template":"","meta":{"_acf_changed":false,"inline_featured_image":false},"product_brand":[],"product_cat":[6474,6491],"product_tag":[20480,20485],"class_list":{"0":"post-269176","1":"product","2":"type-product","3":"status-publish","4":"has-post-thumbnail","6":"product_cat-damenschuhe","7":"product_cat-damentrailschuhe","8":"product_tag-salomon-de","9":"product_tag-salomon-damen","10":"pa_attivita-gehen","11":"pa_attivita-outdoor-de","12":"pa_attivita-trail-de","13":"pa_colore-ultra-glide-3-w-cosmic-sky-icicle-neon-de","14":"pa_marca-salomon-de","15":"pa_sesso-damen","16":"pa_size-39-de","17":"pa_size-40-de","20":"first","21":"instock","22":"sale","23":"taxable","24":"shipping-taxable","25":"purchasable","26":"product-type-variable","27":"wvs-archive-product-wrapper"},"acf":[],"yoast_head":"<!-- This site is optimized with the Yoast SEO plugin v26.8 - https:\/\/yoast.com\/product\/yoast-seo-wordpress\/ -->\n<title>Salomon Ultra Glide 3 damen - Damen-Trailrunningschuhe - MioMioRun<\/title>\n<meta name=\"description\" content=\"Der Ultra Glide 3 bietet Komfort, maximale D\u00e4mpfung und Leichtigkeit und eignet sich somit perfekt f\u00fcr L\u00e4ufe auf gemischtem Gel\u00e4nde, auch f\u00fcr diejenigen, die regelm\u00e4\u00dfig laufen.\" \/>\n<meta name=\"robots\" content=\"index, follow, max-snippet:-1, max-image-preview:large, max-video-preview:-1\" \/>\n<link rel=\"canonical\" href=\"https:\/\/www.miomiorun.com\/de\/produkt\/ultra-glide-3-damen\/\" \/>\n<meta property=\"og:locale\" content=\"de_DE\" \/>\n<meta property=\"og:type\" content=\"article\" \/>\n<meta property=\"og:title\" content=\"Salomon Ultra Glide 3 damen - Damen-Trailrunningschuhe - MioMioRun\" \/>\n<meta property=\"og:description\" content=\"Der Ultra Glide 3 bietet Komfort, maximale D\u00e4mpfung und Leichtigkeit und eignet sich somit perfekt f\u00fcr L\u00e4ufe auf gemischtem Gel\u00e4nde, auch f\u00fcr diejenigen, die regelm\u00e4\u00dfig laufen.\" \/>\n<meta property=\"og:url\" content=\"https:\/\/www.miomiorun.com\/de\/produkt\/ultra-glide-3-damen\/\" \/>\n<meta property=\"og:site_name\" content=\"MioMioRun\" \/>\n<meta property=\"article:publisher\" content=\"https:\/\/www.facebook.com\/miomiorun\/\" \/>\n<meta property=\"article:modified_time\" content=\"2025-10-29T15:05:24+00:00\" \/>\n<meta property=\"og:image\" content=\"https:\/\/www.miomiorun.com\/app\/uploads\/2025\/04\/salomon-Ultra-glide-3-W-cosmic-sky-icicle-neon-L47744000.webp\" \/>\n\t<meta property=\"og:image:width\" content=\"600\" \/>\n\t<meta property=\"og:image:height\" content=\"600\" \/>\n\t<meta property=\"og:image:type\" content=\"image\/webp\" \/>\n<meta name=\"twitter:card\" content=\"summary_large_image\" \/>\n<meta name=\"twitter:label1\" content=\"Est. reading time\" \/>\n\t<meta name=\"twitter:data1\" content=\"1 minute\" \/>\n<script type=\"application\/ld+json\" class=\"yoast-schema-graph\">{\"@context\":\"https:\/\/schema.org\",\"@graph\":[{\"@type\":\"WebPage\",\"@id\":\"https:\/\/www.miomiorun.com\/de\/produkt\/ultra-glide-3-damen\/\",\"url\":\"https:\/\/www.miomiorun.com\/de\/produkt\/ultra-glide-3-damen\/\",\"name\":\"Salomon Ultra Glide 3 damen - Damen-Trailrunningschuhe - MioMioRun\",\"isPartOf\":{\"@id\":\"https:\/\/www.miomiorun.com\/de\/#website\"},\"primaryImageOfPage\":{\"@id\":\"https:\/\/www.miomiorun.com\/de\/produkt\/ultra-glide-3-damen\/#primaryimage\"},\"image\":{\"@id\":\"https:\/\/www.miomiorun.com\/de\/produkt\/ultra-glide-3-damen\/#primaryimage\"},\"thumbnailUrl\":\"https:\/\/www.miomiorun.com\/app\/uploads\/2025\/04\/salomon-Ultra-glide-3-W-cosmic-sky-icicle-neon-L47744000.webp\",\"datePublished\":\"2025-04-01T08:11:51+00:00\",\"dateModified\":\"2025-10-29T15:05:24+00:00\",\"description\":\"Der Ultra Glide 3 bietet Komfort, maximale D\u00e4mpfung und Leichtigkeit und eignet sich somit perfekt f\u00fcr L\u00e4ufe auf gemischtem Gel\u00e4nde, auch f\u00fcr diejenigen, die regelm\u00e4\u00dfig laufen.\",\"breadcrumb\":{\"@id\":\"https:\/\/www.miomiorun.com\/de\/produkt\/ultra-glide-3-damen\/#breadcrumb\"},\"inLanguage\":\"de-DE\",\"potentialAction\":[{\"@type\":\"ReadAction\",\"target\":[\"https:\/\/www.miomiorun.com\/de\/produkt\/ultra-glide-3-damen\/\"]}]},{\"@type\":\"ImageObject\",\"inLanguage\":\"de-DE\",\"@id\":\"https:\/\/www.miomiorun.com\/de\/produkt\/ultra-glide-3-damen\/#primaryimage\",\"url\":\"https:\/\/www.miomiorun.com\/app\/uploads\/2025\/04\/salomon-Ultra-glide-3-W-cosmic-sky-icicle-neon-L47744000.webp\",\"contentUrl\":\"https:\/\/www.miomiorun.com\/app\/uploads\/2025\/04\/salomon-Ultra-glide-3-W-cosmic-sky-icicle-neon-L47744000.webp\",\"width\":600,\"height\":600,\"caption\":\"salomon Ultra glide 3 W cosmic sky icicle neon L47744000\"},{\"@type\":\"BreadcrumbList\",\"@id\":\"https:\/\/www.miomiorun.com\/de\/produkt\/ultra-glide-3-damen\/#breadcrumb\",\"itemListElement\":[{\"@type\":\"ListItem\",\"position\":1,\"name\":\"Home\",\"item\":\"https:\/\/www.miomiorun.com\/de\/\"},{\"@type\":\"ListItem\",\"position\":2,\"name\":\"Shop\",\"item\":\"https:\/\/www.miomiorun.com\/shop\/\"},{\"@type\":\"ListItem\",\"position\":3,\"name\":\"Ultra Glide 3 damen\"}]},{\"@type\":\"WebSite\",\"@id\":\"https:\/\/www.miomiorun.com\/de\/#website\",\"url\":\"https:\/\/www.miomiorun.com\/de\/\",\"name\":\"MioMioRun\",\"description\":\"100% Lauf- und Trailshop\",\"publisher\":{\"@id\":\"https:\/\/www.miomiorun.com\/de\/#organization\"},\"potentialAction\":[{\"@type\":\"SearchAction\",\"target\":{\"@type\":\"EntryPoint\",\"urlTemplate\":\"https:\/\/www.miomiorun.com\/de\/?s={search_term_string}\"},\"query-input\":{\"@type\":\"PropertyValueSpecification\",\"valueRequired\":true,\"valueName\":\"search_term_string\"}}],\"inLanguage\":\"de-DE\"},{\"@type\":\"Organization\",\"@id\":\"https:\/\/www.miomiorun.com\/de\/#organization\",\"name\":\"MioMio Run\",\"url\":\"https:\/\/www.miomiorun.com\/de\/\",\"logo\":{\"@type\":\"ImageObject\",\"inLanguage\":\"de-DE\",\"@id\":\"https:\/\/www.miomiorun.com\/de\/#\/schema\/logo\/image\/\",\"url\":\"https:\/\/www.miomiorun.com\/app\/uploads\/2019\/12\/logomio.png\",\"contentUrl\":\"https:\/\/www.miomiorun.com\/app\/uploads\/2019\/12\/logomio.png\",\"width\":115,\"height\":82,\"caption\":\"MioMio Run\"},\"image\":{\"@id\":\"https:\/\/www.miomiorun.com\/de\/#\/schema\/logo\/image\/\"},\"sameAs\":[\"https:\/\/www.facebook.com\/miomiorun\/\",\"https:\/\/www.instagram.com\/miomiorun\/\"]}]}<\/script>\n<!-- \/ Yoast SEO plugin. -->","yoast_head_json":{"title":"Salomon Ultra Glide 3 damen - Damen-Trailrunningschuhe - MioMioRun","description":"Der Ultra Glide 3 bietet Komfort, maximale D\u00e4mpfung und Leichtigkeit und eignet sich somit perfekt f\u00fcr L\u00e4ufe auf gemischtem Gel\u00e4nde, auch f\u00fcr diejenigen, die regelm\u00e4\u00dfig laufen.","robots":{"index":"index","follow":"follow","max-snippet":"max-snippet:-1","max-image-preview":"max-image-preview:large","max-video-preview":"max-video-preview:-1"},"canonical":"https:\/\/www.miomiorun.com\/de\/produkt\/ultra-glide-3-damen\/","og_locale":"de_DE","og_type":"article","og_title":"Salomon Ultra Glide 3 damen - Damen-Trailrunningschuhe - MioMioRun","og_description":"Der Ultra Glide 3 bietet Komfort, maximale D\u00e4mpfung und Leichtigkeit und eignet sich somit perfekt f\u00fcr L\u00e4ufe auf gemischtem Gel\u00e4nde, auch f\u00fcr diejenigen, die regelm\u00e4\u00dfig laufen.","og_url":"https:\/\/www.miomiorun.com\/de\/produkt\/ultra-glide-3-damen\/","og_site_name":"MioMioRun","article_publisher":"https:\/\/www.facebook.com\/miomiorun\/","article_modified_time":"2025-10-29T15:05:24+00:00","og_image":[{"width":600,"height":600,"url":"https:\/\/www.miomiorun.com\/app\/uploads\/2025\/04\/salomon-Ultra-glide-3-W-cosmic-sky-icicle-neon-L47744000.webp","type":"image\/webp"}],"twitter_card":"summary_large_image","twitter_misc":{"Est. reading time":"1 minute"},"schema":{"@context":"https:\/\/schema.org","@graph":[{"@type":"WebPage","@id":"https:\/\/www.miomiorun.com\/de\/produkt\/ultra-glide-3-damen\/","url":"https:\/\/www.miomiorun.com\/de\/produkt\/ultra-glide-3-damen\/","name":"Salomon Ultra Glide 3 damen - Damen-Trailrunningschuhe - MioMioRun","isPartOf":{"@id":"https:\/\/www.miomiorun.com\/de\/#website"},"primaryImageOfPage":{"@id":"https:\/\/www.miomiorun.com\/de\/produkt\/ultra-glide-3-damen\/#primaryimage"},"image":{"@id":"https:\/\/www.miomiorun.com\/de\/produkt\/ultra-glide-3-damen\/#primaryimage"},"thumbnailUrl":"https:\/\/www.miomiorun.com\/app\/uploads\/2025\/04\/salomon-Ultra-glide-3-W-cosmic-sky-icicle-neon-L47744000.webp","datePublished":"2025-04-01T08:11:51+00:00","dateModified":"2025-10-29T15:05:24+00:00","description":"Der Ultra Glide 3 bietet Komfort, maximale D\u00e4mpfung und Leichtigkeit und eignet sich somit perfekt f\u00fcr L\u00e4ufe auf gemischtem Gel\u00e4nde, auch f\u00fcr diejenigen, die regelm\u00e4\u00dfig laufen.","breadcrumb":{"@id":"https:\/\/www.miomiorun.com\/de\/produkt\/ultra-glide-3-damen\/#breadcrumb"},"inLanguage":"de-DE","potentialAction":[{"@type":"ReadAction","target":["https:\/\/www.miomiorun.com\/de\/produkt\/ultra-glide-3-damen\/"]}]},{"@type":"ImageObject","inLanguage":"de-DE","@id":"https:\/\/www.miomiorun.com\/de\/produkt\/ultra-glide-3-damen\/#primaryimage","url":"https:\/\/www.miomiorun.com\/app\/uploads\/2025\/04\/salomon-Ultra-glide-3-W-cosmic-sky-icicle-neon-L47744000.webp","contentUrl":"https:\/\/www.miomiorun.com\/app\/uploads\/2025\/04\/salomon-Ultra-glide-3-W-cosmic-sky-icicle-neon-L47744000.webp","width":600,"height":600,"caption":"salomon Ultra glide 3 W cosmic sky icicle neon L47744000"},{"@type":"BreadcrumbList","@id":"https:\/\/www.miomiorun.com\/de\/produkt\/ultra-glide-3-damen\/#breadcrumb","itemListElement":[{"@type":"ListItem","position":1,"name":"Home","item":"https:\/\/www.miomiorun.com\/de\/"},{"@type":"ListItem","position":2,"name":"Shop","item":"https:\/\/www.miomiorun.com\/shop\/"},{"@type":"ListItem","position":3,"name":"Ultra Glide 3 damen"}]},{"@type":"WebSite","@id":"https:\/\/www.miomiorun.com\/de\/#website","url":"https:\/\/www.miomiorun.com\/de\/","name":"MioMioRun","description":"100% Lauf- und Trailshop","publisher":{"@id":"https:\/\/www.miomiorun.com\/de\/#organization"},"potentialAction":[{"@type":"SearchAction","target":{"@type":"EntryPoint","urlTemplate":"https:\/\/www.miomiorun.com\/de\/?s={search_term_string}"},"query-input":{"@type":"PropertyValueSpecification","valueRequired":true,"valueName":"search_term_string"}}],"inLanguage":"de-DE"},{"@type":"Organization","@id":"https:\/\/www.miomiorun.com\/de\/#organization","name":"MioMio Run","url":"https:\/\/www.miomiorun.com\/de\/","logo":{"@type":"ImageObject","inLanguage":"de-DE","@id":"https:\/\/www.miomiorun.com\/de\/#\/schema\/logo\/image\/","url":"https:\/\/www.miomiorun.com\/app\/uploads\/2019\/12\/logomio.png","contentUrl":"https:\/\/www.miomiorun.com\/app\/uploads\/2019\/12\/logomio.png","width":115,"height":82,"caption":"MioMio Run"},"image":{"@id":"https:\/\/www.miomiorun.com\/de\/#\/schema\/logo\/image\/"},"sameAs":["https:\/\/www.facebook.com\/miomiorun\/","https:\/\/www.instagram.com\/miomiorun\/"]}]}},"_links":{"self":[{"href":"https:\/\/www.miomiorun.com\/de\/wp-json\/wp\/v2\/product\/269176","targetHints":{"allow":["GET"]}}],"collection":[{"href":"https:\/\/www.miomiorun.com\/de\/wp-json\/wp\/v2\/product"}],"about":[{"href":"https:\/\/www.miomiorun.com\/de\/wp-json\/wp\/v2\/types\/product"}],"wp:featuredmedia":[{"embeddable":true,"href":"https:\/\/www.miomiorun.com\/de\/wp-json\/wp\/v2\/media\/272001"}],"wp:attachment":[{"href":"https:\/\/www.miomiorun.com\/de\/wp-json\/wp\/v2\/media?parent=269176"}],"wp:term":[{"taxonomy":"product_brand","embeddable":true,"href":"https:\/\/www.miomiorun.com\/de\/wp-json\/wp\/v2\/product_brand?post=269176"},{"taxonomy":"product_cat","embeddable":true,"href":"https:\/\/www.miomiorun.com\/de\/wp-json\/wp\/v2\/product_cat?post=269176"},{"taxonomy":"product_tag","embeddable":true,"href":"https:\/\/www.miomiorun.com\/de\/wp-json\/wp\/v2\/product_tag?post=269176"}],"curies":[{"name":"wp","href":"https:\/\/api.w.org\/{rel}","templated":true}]}}