{"id":268341,"date":"2025-03-25T10:57:31","date_gmt":"2025-03-25T09:57:31","guid":{"rendered":"https:\/\/miomiorun.com\/?post_type=product&#038;p=268341"},"modified":"2026-05-08T22:34:36","modified_gmt":"2026-05-08T20:34:36","slug":"duffel-base-camp","status":"publish","type":"product","link":"https:\/\/www.miomiorun.com\/de\/produkt\/duffel-base-camp\/","title":{"rendered":"Duffel Base Camp"},"content":{"rendered":"<div class=\"vc-row container\"><div class=\"vc-column\"><div class=\"vc-column-text\">Der <strong>Base Camp Seesack<\/strong> ist das perfekte Accessoire f\u00fcr jeden Entdecker, denn er vereint Langlebigkeit und Zweckm\u00e4\u00dfigkeit in einem kultigen Produkt. Aus recycelten und wasserdichten Materialien hergestellt, garantiert er die gleiche Robustheit wie immer und ist somit ideal f\u00fcr Reisen und Abenteuer, sowohl in den Bergen als auch in der Stadt. Mit einem Fassungsverm\u00f6gen von 71 Litern bietet er viel Platz f\u00fcr all Ihre Habseligkeiten, w\u00e4hrend die vier Kompressionsriemen es Ihnen erm\u00f6glichen, ihn an Ihre Bed\u00fcrfnisse anzupassen. Die abnehmbaren und verstellbaren Schultergurte im alpinen Stil sorgen f\u00fcr einen ergonomischen und zuverl\u00e4ssigen Sitz, w\u00e4hrend die beiden gepolsterten Seitengriffe ein bequemes Tragen in der Hand oder auf den Schultern erm\u00f6glichen. Die D-\u00d6ffnung mit Rei\u00dfverschluss und wetterfester Klappe bietet leichten Zugang und Schutz vor den Elementen. Im Inneren verf\u00fcgt das <strong>Hauptfach<\/strong> \u00fcber eine Netztasche mit Rei\u00dfverschluss und eine zus\u00e4tzliche Tasche an der Stirnseite, damit alles gut organisiert bleibt. Das wasserabweisende <strong>Base Camp-Material<\/strong> garantiert zusammen mit den zus\u00e4tzlichen Sparren und den doppelten N\u00e4hten eine legend\u00e4re Robustheit. Mit den <strong>vier Kompressionsriemen<\/strong> k\u00f6nnen Sie das Fassungsverm\u00f6gen des Seesacks anpassen, w\u00e4hrend die <strong>transparente Dokumententasche<\/strong> auf der Oberseite perfekt ist, um Ihre Dokumente griffbereit zu halten. Die <strong>Netztasche<\/strong> schlie\u00dflich h\u00e4lt den Seesack sauber und ordentlich, bereit f\u00fcr jedes neue Abenteuer.<\/p>\n<p>Der <strong data-end=\"784\" data-start=\"763\">Base Camp Seesack<\/strong> ist die perfekte Wahl f\u00fcr alle, die Haltbarkeit, Platz und Funktionalit\u00e4t in einem Accessoire suchen.<\/p>\n<dl class=\"grid gap-y-4\" title=\"Specifiche tecniche\">\n<dt><em>TECHNISCHE DATEN<\/em>:<\/dt>\n<dt class=\"pr-2 fw-bold\">Durchschnittliches Gewicht : 1620 g<\/dt>\n<dt class=\"pr-2 fw-bold\">Fassungsverm\u00f6gen : 71 Liter<\/dt>\n<dt class=\"pr-2 fw-bold\">Abmessungen: 35,56 cm x 63,5 cm x 35,56 cm<\/dt>\n<\/dl>\n<div id=\"base-collapse-nUfccvMQCJy-7-content\" class=\"overflow-hidden duration\" role=\"region\" aria-labelledby=\"base-collapse-nUfccvMQCJy-7\">\n<div class=\"text-sm fw-light\" data-test-id=\"vf-accordion-content\">\n<div class=\"pb-6 pt-2 text-sm c-grey-20\">\n<div class=\"group flex items-start gap-4\">\n<div class=\"grow space-y-1\">\n<p class=\"!title-5 fw-bold\"><em>PRODUKTPFLEGE<\/em>:<\/p>\n<p class=\"subtitle-4\">Am besten reinigen Sie Ihre Tasche oder Ihren Rucksack, indem Sie die schmutzigen Stellen mit einem feuchten Tuch abwaschen und dann trocknen lassen. Wir raten davon ab, das Produkt vollst\u00e4ndig in Wasser einzuweichen.<\/p>\n<\/div>\n<\/div>\n<\/div>\n<\/div>\n<\/div>\n<p><\/div><\/div><\/div>\n","protected":false},"excerpt":{"rendered":"","protected":false},"featured_media":269470,"template":"","meta":{"_acf_changed":false,"inline_featured_image":false},"product_brand":[],"product_cat":[6396],"product_tag":[32390,32394,32398],"class_list":{"0":"post-268341","1":"product","2":"type-product","3":"status-publish","4":"has-post-thumbnail","6":"product_cat-taschen-und-guertel-de","7":"product_tag-the-north-face-de","8":"product_tag-the-north-face-damen","9":"product_tag-the-north-face-herren","10":"pa_attivita-lifestyle-de","11":"pa_attivita-outdoor-de","12":"pa_colore-base-camp-duffel-m-summit-de","13":"pa_colore-base-camp-duffel-s-black-all-flowers-de","14":"pa_colore-base-camp-duffel-s-evergreen-de","15":"pa_colore-base-camp-duffel-s-red-de","16":"pa_colore-base-camp-duffel-s-summit-de","17":"pa_marca-the-north-face-de","18":"pa_sesso-damen","19":"pa_sesso-herren","20":"pa_size-small-de","21":"pa_size-medium-de","23":"first","24":"instock","25":"sale","26":"taxable","27":"shipping-taxable","28":"purchasable","29":"product-type-variable","30":"wvs-archive-product-wrapper"},"acf":[],"yoast_head":"<!-- This site is optimized with the Yoast SEO plugin v26.8 - https:\/\/yoast.com\/product\/yoast-seo-wordpress\/ -->\n<title>The North Face Duffel Base Camp - Reisezubeh\u00f6r - MioMioRun.com<\/title>\n<meta name=\"description\" content=\"Der North Face Base Camp ist mehr als nur ein Rucksack. Man k\u00f6nnte ihn einen vielseitigen Reisebegleiter nennen. Entdecken Sie ihn mit uns\" \/>\n<meta name=\"robots\" content=\"index, follow, max-snippet:-1, max-image-preview:large, max-video-preview:-1\" \/>\n<link rel=\"canonical\" href=\"https:\/\/www.miomiorun.com\/de\/produkt\/duffel-base-camp\/\" \/>\n<meta property=\"og:locale\" content=\"de_DE\" \/>\n<meta property=\"og:type\" content=\"article\" \/>\n<meta property=\"og:title\" content=\"The North Face Duffel Base Camp - Reisezubeh\u00f6r - MioMioRun.com\" \/>\n<meta property=\"og:description\" content=\"Der North Face Base Camp ist mehr als nur ein Rucksack. Man k\u00f6nnte ihn einen vielseitigen Reisebegleiter nennen. Entdecken Sie ihn mit uns\" \/>\n<meta property=\"og:url\" content=\"https:\/\/www.miomiorun.com\/de\/produkt\/duffel-base-camp\/\" \/>\n<meta property=\"og:site_name\" content=\"MioMioRun\" \/>\n<meta property=\"article:publisher\" content=\"https:\/\/www.facebook.com\/miomiorun\/\" \/>\n<meta property=\"article:modified_time\" content=\"2026-05-08T20:34:36+00:00\" \/>\n<meta property=\"og:image\" content=\"https:\/\/www.miomiorun.com\/app\/uploads\/2025\/04\/north-face-Base-Camp-Duffel-M-summit-NF0A52SA4WP1.webp\" \/>\n\t<meta property=\"og:image:width\" content=\"600\" \/>\n\t<meta property=\"og:image:height\" content=\"600\" \/>\n\t<meta property=\"og:image:type\" content=\"image\/webp\" \/>\n<meta name=\"twitter:card\" content=\"summary_large_image\" \/>\n<meta name=\"twitter:label1\" content=\"Est. reading time\" \/>\n\t<meta name=\"twitter:data1\" content=\"2 minutes\" \/>\n<script type=\"application\/ld+json\" class=\"yoast-schema-graph\">{\"@context\":\"https:\/\/schema.org\",\"@graph\":[{\"@type\":\"WebPage\",\"@id\":\"https:\/\/www.miomiorun.com\/de\/produkt\/duffel-base-camp\/\",\"url\":\"https:\/\/www.miomiorun.com\/de\/produkt\/duffel-base-camp\/\",\"name\":\"The North Face Duffel Base Camp - Reisezubeh\u00f6r - MioMioRun.com\",\"isPartOf\":{\"@id\":\"https:\/\/www.miomiorun.com\/de\/#website\"},\"primaryImageOfPage\":{\"@id\":\"https:\/\/www.miomiorun.com\/de\/produkt\/duffel-base-camp\/#primaryimage\"},\"image\":{\"@id\":\"https:\/\/www.miomiorun.com\/de\/produkt\/duffel-base-camp\/#primaryimage\"},\"thumbnailUrl\":\"https:\/\/www.miomiorun.com\/app\/uploads\/2025\/04\/north-face-Base-Camp-Duffel-M-summit-NF0A52SA4WP1.webp\",\"datePublished\":\"2025-03-25T09:57:31+00:00\",\"dateModified\":\"2026-05-08T20:34:36+00:00\",\"description\":\"Der North Face Base Camp ist mehr als nur ein Rucksack. Man k\u00f6nnte ihn einen vielseitigen Reisebegleiter nennen. Entdecken Sie ihn mit uns\",\"breadcrumb\":{\"@id\":\"https:\/\/www.miomiorun.com\/de\/produkt\/duffel-base-camp\/#breadcrumb\"},\"inLanguage\":\"de-DE\",\"potentialAction\":[{\"@type\":\"ReadAction\",\"target\":[\"https:\/\/www.miomiorun.com\/de\/produkt\/duffel-base-camp\/\"]}]},{\"@type\":\"ImageObject\",\"inLanguage\":\"de-DE\",\"@id\":\"https:\/\/www.miomiorun.com\/de\/produkt\/duffel-base-camp\/#primaryimage\",\"url\":\"https:\/\/www.miomiorun.com\/app\/uploads\/2025\/04\/north-face-Base-Camp-Duffel-M-summit-NF0A52SA4WP1.webp\",\"contentUrl\":\"https:\/\/www.miomiorun.com\/app\/uploads\/2025\/04\/north-face-Base-Camp-Duffel-M-summit-NF0A52SA4WP1.webp\",\"width\":600,\"height\":600,\"caption\":\"north face Base Camp Duffel M summit NF0A52SA4WP1\"},{\"@type\":\"BreadcrumbList\",\"@id\":\"https:\/\/www.miomiorun.com\/de\/produkt\/duffel-base-camp\/#breadcrumb\",\"itemListElement\":[{\"@type\":\"ListItem\",\"position\":1,\"name\":\"Home\",\"item\":\"https:\/\/www.miomiorun.com\/de\/\"},{\"@type\":\"ListItem\",\"position\":2,\"name\":\"Shop\",\"item\":\"https:\/\/www.miomiorun.com\/shop\/\"},{\"@type\":\"ListItem\",\"position\":3,\"name\":\"Duffel Base Camp\"}]},{\"@type\":\"WebSite\",\"@id\":\"https:\/\/www.miomiorun.com\/de\/#website\",\"url\":\"https:\/\/www.miomiorun.com\/de\/\",\"name\":\"MioMioRun\",\"description\":\"100% Lauf- und Trailshop\",\"publisher\":{\"@id\":\"https:\/\/www.miomiorun.com\/de\/#organization\"},\"potentialAction\":[{\"@type\":\"SearchAction\",\"target\":{\"@type\":\"EntryPoint\",\"urlTemplate\":\"https:\/\/www.miomiorun.com\/de\/?s={search_term_string}\"},\"query-input\":{\"@type\":\"PropertyValueSpecification\",\"valueRequired\":true,\"valueName\":\"search_term_string\"}}],\"inLanguage\":\"de-DE\"},{\"@type\":\"Organization\",\"@id\":\"https:\/\/www.miomiorun.com\/de\/#organization\",\"name\":\"MioMio Run\",\"url\":\"https:\/\/www.miomiorun.com\/de\/\",\"logo\":{\"@type\":\"ImageObject\",\"inLanguage\":\"de-DE\",\"@id\":\"https:\/\/www.miomiorun.com\/de\/#\/schema\/logo\/image\/\",\"url\":\"https:\/\/www.miomiorun.com\/app\/uploads\/2019\/12\/logomio.png\",\"contentUrl\":\"https:\/\/www.miomiorun.com\/app\/uploads\/2019\/12\/logomio.png\",\"width\":115,\"height\":82,\"caption\":\"MioMio Run\"},\"image\":{\"@id\":\"https:\/\/www.miomiorun.com\/de\/#\/schema\/logo\/image\/\"},\"sameAs\":[\"https:\/\/www.facebook.com\/miomiorun\/\",\"https:\/\/www.instagram.com\/miomiorun\/\"]}]}<\/script>\n<!-- \/ Yoast SEO plugin. -->","yoast_head_json":{"title":"The North Face Duffel Base Camp - Reisezubeh\u00f6r - MioMioRun.com","description":"Der North Face Base Camp ist mehr als nur ein Rucksack. Man k\u00f6nnte ihn einen vielseitigen Reisebegleiter nennen. Entdecken Sie ihn mit uns","robots":{"index":"index","follow":"follow","max-snippet":"max-snippet:-1","max-image-preview":"max-image-preview:large","max-video-preview":"max-video-preview:-1"},"canonical":"https:\/\/www.miomiorun.com\/de\/produkt\/duffel-base-camp\/","og_locale":"de_DE","og_type":"article","og_title":"The North Face Duffel Base Camp - Reisezubeh\u00f6r - MioMioRun.com","og_description":"Der North Face Base Camp ist mehr als nur ein Rucksack. Man k\u00f6nnte ihn einen vielseitigen Reisebegleiter nennen. Entdecken Sie ihn mit uns","og_url":"https:\/\/www.miomiorun.com\/de\/produkt\/duffel-base-camp\/","og_site_name":"MioMioRun","article_publisher":"https:\/\/www.facebook.com\/miomiorun\/","article_modified_time":"2026-05-08T20:34:36+00:00","og_image":[{"width":600,"height":600,"url":"https:\/\/www.miomiorun.com\/app\/uploads\/2025\/04\/north-face-Base-Camp-Duffel-M-summit-NF0A52SA4WP1.webp","type":"image\/webp"}],"twitter_card":"summary_large_image","twitter_misc":{"Est. reading time":"2 minutes"},"schema":{"@context":"https:\/\/schema.org","@graph":[{"@type":"WebPage","@id":"https:\/\/www.miomiorun.com\/de\/produkt\/duffel-base-camp\/","url":"https:\/\/www.miomiorun.com\/de\/produkt\/duffel-base-camp\/","name":"The North Face Duffel Base Camp - Reisezubeh\u00f6r - MioMioRun.com","isPartOf":{"@id":"https:\/\/www.miomiorun.com\/de\/#website"},"primaryImageOfPage":{"@id":"https:\/\/www.miomiorun.com\/de\/produkt\/duffel-base-camp\/#primaryimage"},"image":{"@id":"https:\/\/www.miomiorun.com\/de\/produkt\/duffel-base-camp\/#primaryimage"},"thumbnailUrl":"https:\/\/www.miomiorun.com\/app\/uploads\/2025\/04\/north-face-Base-Camp-Duffel-M-summit-NF0A52SA4WP1.webp","datePublished":"2025-03-25T09:57:31+00:00","dateModified":"2026-05-08T20:34:36+00:00","description":"Der North Face Base Camp ist mehr als nur ein Rucksack. Man k\u00f6nnte ihn einen vielseitigen Reisebegleiter nennen. Entdecken Sie ihn mit uns","breadcrumb":{"@id":"https:\/\/www.miomiorun.com\/de\/produkt\/duffel-base-camp\/#breadcrumb"},"inLanguage":"de-DE","potentialAction":[{"@type":"ReadAction","target":["https:\/\/www.miomiorun.com\/de\/produkt\/duffel-base-camp\/"]}]},{"@type":"ImageObject","inLanguage":"de-DE","@id":"https:\/\/www.miomiorun.com\/de\/produkt\/duffel-base-camp\/#primaryimage","url":"https:\/\/www.miomiorun.com\/app\/uploads\/2025\/04\/north-face-Base-Camp-Duffel-M-summit-NF0A52SA4WP1.webp","contentUrl":"https:\/\/www.miomiorun.com\/app\/uploads\/2025\/04\/north-face-Base-Camp-Duffel-M-summit-NF0A52SA4WP1.webp","width":600,"height":600,"caption":"north face Base Camp Duffel M summit NF0A52SA4WP1"},{"@type":"BreadcrumbList","@id":"https:\/\/www.miomiorun.com\/de\/produkt\/duffel-base-camp\/#breadcrumb","itemListElement":[{"@type":"ListItem","position":1,"name":"Home","item":"https:\/\/www.miomiorun.com\/de\/"},{"@type":"ListItem","position":2,"name":"Shop","item":"https:\/\/www.miomiorun.com\/shop\/"},{"@type":"ListItem","position":3,"name":"Duffel Base Camp"}]},{"@type":"WebSite","@id":"https:\/\/www.miomiorun.com\/de\/#website","url":"https:\/\/www.miomiorun.com\/de\/","name":"MioMioRun","description":"100% Lauf- und Trailshop","publisher":{"@id":"https:\/\/www.miomiorun.com\/de\/#organization"},"potentialAction":[{"@type":"SearchAction","target":{"@type":"EntryPoint","urlTemplate":"https:\/\/www.miomiorun.com\/de\/?s={search_term_string}"},"query-input":{"@type":"PropertyValueSpecification","valueRequired":true,"valueName":"search_term_string"}}],"inLanguage":"de-DE"},{"@type":"Organization","@id":"https:\/\/www.miomiorun.com\/de\/#organization","name":"MioMio Run","url":"https:\/\/www.miomiorun.com\/de\/","logo":{"@type":"ImageObject","inLanguage":"de-DE","@id":"https:\/\/www.miomiorun.com\/de\/#\/schema\/logo\/image\/","url":"https:\/\/www.miomiorun.com\/app\/uploads\/2019\/12\/logomio.png","contentUrl":"https:\/\/www.miomiorun.com\/app\/uploads\/2019\/12\/logomio.png","width":115,"height":82,"caption":"MioMio Run"},"image":{"@id":"https:\/\/www.miomiorun.com\/de\/#\/schema\/logo\/image\/"},"sameAs":["https:\/\/www.facebook.com\/miomiorun\/","https:\/\/www.instagram.com\/miomiorun\/"]}]}},"_links":{"self":[{"href":"https:\/\/www.miomiorun.com\/de\/wp-json\/wp\/v2\/product\/268341","targetHints":{"allow":["GET"]}}],"collection":[{"href":"https:\/\/www.miomiorun.com\/de\/wp-json\/wp\/v2\/product"}],"about":[{"href":"https:\/\/www.miomiorun.com\/de\/wp-json\/wp\/v2\/types\/product"}],"wp:featuredmedia":[{"embeddable":true,"href":"https:\/\/www.miomiorun.com\/de\/wp-json\/wp\/v2\/media\/269470"}],"wp:attachment":[{"href":"https:\/\/www.miomiorun.com\/de\/wp-json\/wp\/v2\/media?parent=268341"}],"wp:term":[{"taxonomy":"product_brand","embeddable":true,"href":"https:\/\/www.miomiorun.com\/de\/wp-json\/wp\/v2\/product_brand?post=268341"},{"taxonomy":"product_cat","embeddable":true,"href":"https:\/\/www.miomiorun.com\/de\/wp-json\/wp\/v2\/product_cat?post=268341"},{"taxonomy":"product_tag","embeddable":true,"href":"https:\/\/www.miomiorun.com\/de\/wp-json\/wp\/v2\/product_tag?post=268341"}],"curies":[{"name":"wp","href":"https:\/\/api.w.org\/{rel}","templated":true}]}}