{"id":268318,"date":"2025-03-25T10:39:16","date_gmt":"2025-03-25T09:39:16","guid":{"rendered":"https:\/\/miomiorun.com\/?post_type=product&#038;p=268318"},"modified":"2025-05-23T09:53:12","modified_gmt":"2025-05-23T07:53:12","slug":"adizero-adios-pro-4","status":"publish","type":"product","link":"https:\/\/www.miomiorun.com\/de\/produkt\/adizero-adios-pro-4\/","title":{"rendered":"Adizero Adios Pro 4"},"content":{"rendered":"<p><div class=\"vc-row container\"><div class=\"vc-column\"><div class=\"vc-column-text\"><\/p>\n<h4>Technische Daten<\/h4>\n<p>Kategorie: Reaktive D\u00e4mpfung<br \/>\nOffset: 5mm (37mm \/ 32mm )<br \/>\nGewicht: 174 g<br \/>\nIdeal f\u00fcr: schnelle Athleten und f\u00fcr den Einsatz bei Rennen (Marathons und Halbmarathons), dank seiner innovativen und reaktiven D\u00e4mpfung wird er Sie schneller machen und Sie auf das Podium begleiten.<br \/>\nGewicht des Athleten : &lt; 70 kg<br \/>\nLauftempo : &lt; 4.00 min\/km<br \/>\n<a href=\"https:\/\/miomiorun.com\/de\/leitfaden-fuer-technische-spezifikationen\/\">Spezifikation<\/a><\/p>\n<p><\/div><\/div><div class=\"vc-column\"><div class=\"vc-column-text\">Wenn du ein L\u00e4ufer bist, der bis an seine Grenzen gehen will, sind die <strong>adizero Adios Pro 4<\/strong> wie f\u00fcr dich gemacht. Mit ihrem legend\u00e4ren Ruf in der Rennwelt, stellen diese Schuhe die Spitze der Geschwindigkeit und Effizienz. Die <strong>ENERGYRODS 2.0<\/strong> aus Karbon sorgen f\u00fcr einen reibungslosen \u00dcbergang von der Ferse zu den Zehen und erm\u00f6glichen schnelle, reaktionsschnelle Schritte mit minimalem Kraftaufwand. Die<strong>Zwischensohle<\/strong> mit der neuen Rocker-Silhouette optimiert die Lauf\u00f6konomie, w\u00e4hrend die duale <strong>LIGHTSTRIKE PRO-Technologie<\/strong> f\u00fcr hervorragende D\u00e4mpfung sorgt und die Energie auch bei schnellen Schritten aufrecht erh\u00e4lt.<\/p>\n<p>Die <strong>LIGHTTRAXION-Au\u00dfensohle<\/strong> mit Continental\u2122-Gummi bietet unglaubliche Traktion und minimiert das Risiko des Ausrutschens bei gleichzeitig geringem Gewicht. Wenn du bereit bist, an deine Grenzen zu gehen, ist der <strong>adizero Adios Pro 4<\/strong> dein idealer Verb\u00fcndeter f\u00fcr maximale Leistung. \u00dcbernehmen Sie die Kontrolle \u00fcber Ihren Lauf und gehen Sie an Ihre Grenzen!<\/div><\/div><\/div><div class=\"vc-row container\"><div class=\"vc-column\"><div style=\"height:32px\" class=\"vc-empty-space\"><\/div><\/div><\/div><div class=\"vc-row container\"><div class=\"vc-column\"><div class=\"vc-column-text\"><\/p>\n<div style=\"width: 720px;\" class=\"wp-video\"><video class=\"wp-video-shortcode\" id=\"video-268318-1\" width=\"720\" height=\"720\" loop autoplay preload=\"metadata\" controls=\"controls\"><source type=\"video\/webm\" src=\"https:\/\/miomiorun.com\/wp-content\/uploads\/2025\/03\/ADIZERO-ADIOS-PRO-4.webm?_=1\" \/><a href=\"https:\/\/miomiorun.com\/wp-content\/uploads\/2025\/03\/ADIZERO-ADIOS-PRO-4.webm\">https:\/\/miomiorun.com\/wp-content\/uploads\/2025\/03\/ADIZERO-ADIOS-PRO-4.webm<\/a><\/video><\/div>\n<p><\/div><\/div><\/div><\/p>\n","protected":false},"excerpt":{"rendered":"<ul class=\"m-long-description__features\">\n<li class=\"m-long-description__feature\">Ultraleicht und reaktionsschnell<\/li>\n<li class=\"m-long-description__feature\">Marathons und Halbmarathons<\/li>\n<li class=\"m-long-description__feature\">Rennschuh<\/li>\n<\/ul>\n","protected":false},"featured_media":316744,"template":"","meta":{"_acf_changed":false,"inline_featured_image":false},"product_brand":[],"product_cat":[6507,6506],"product_tag":[3403,6307],"class_list":{"0":"post-268318","1":"product","2":"type-product","3":"status-publish","4":"has-post-thumbnail","6":"product_cat-herren-schuhe-de","7":"product_cat-neutrale-herren-schuhe-de","8":"product_tag-adidas-de","9":"product_tag-adidas-herren-de","10":"pa_attivita-running-de","11":"pa_colore-adios-pro-4-ftwwht-blue-yellow","12":"pa_colore-adios-pro-4-ftwwht-roy","13":"pa_colore-adios-pro-4-luclem-cblack-halsil-de","14":"pa_colore-adios-pro-4-sand-ricpur-goldmt","15":"pa_colore-adios-pro-4-shopnk-zeromt-aurplu-de","16":"pa_colore-adios-pro-4-syello-aur","17":"pa_marca-adidas-de","18":"pa_sesso-herren","19":"pa_size-40-de","20":"pa_size-41-de","21":"pa_size-42-de","23":"pa_size-43-de","24":"pa_size-44-de","26":"pa_size-45-de","27":"pa_size-46-de","30":"first","31":"instock","32":"sale","33":"taxable","34":"shipping-taxable","35":"purchasable","36":"product-type-variable","37":"wvs-archive-product-wrapper"},"acf":[],"yoast_head":"<!-- This site is optimized with the Yoast SEO plugin v26.8 - https:\/\/yoast.com\/product\/yoast-seo-wordpress\/ -->\n<title>Adidas Adizero Adios Pro 4 - Laufschuhe - MioMioRun .com<\/title>\n<meta name=\"description\" content=\"Die adizero Adios Pro 4 sind ultraleichte Laufschuhe, die f\u00fcr maximale Geschwindigkeit, D\u00e4mpfung und Traktion entwickelt wurden. Entdecken Sie sie mit uns\" \/>\n<meta name=\"robots\" content=\"index, follow, max-snippet:-1, max-image-preview:large, max-video-preview:-1\" \/>\n<link rel=\"canonical\" href=\"https:\/\/www.miomiorun.com\/de\/produkt\/adizero-adios-pro-4\/\" \/>\n<meta property=\"og:locale\" content=\"de_DE\" \/>\n<meta property=\"og:type\" content=\"article\" \/>\n<meta property=\"og:title\" content=\"Adidas Adizero Adios Pro 4 - Laufschuhe - MioMioRun .com\" \/>\n<meta property=\"og:description\" content=\"Die adizero Adios Pro 4 sind ultraleichte Laufschuhe, die f\u00fcr maximale Geschwindigkeit, D\u00e4mpfung und Traktion entwickelt wurden. Entdecken Sie sie mit uns\" \/>\n<meta property=\"og:url\" content=\"https:\/\/www.miomiorun.com\/de\/produkt\/adizero-adios-pro-4\/\" \/>\n<meta property=\"og:site_name\" content=\"MioMioRun\" \/>\n<meta property=\"article:publisher\" content=\"https:\/\/www.facebook.com\/miomiorun\/\" \/>\n<meta property=\"article:modified_time\" content=\"2025-05-23T07:53:12+00:00\" \/>\n<meta property=\"og:image\" content=\"https:\/\/www.miomiorun.com\/app\/uploads\/2025\/06\/adidas-Adios-Pro-4-flaaqu-luclem-minton-JR1251.webp\" \/>\n\t<meta property=\"og:image:width\" content=\"600\" \/>\n\t<meta property=\"og:image:height\" content=\"600\" \/>\n\t<meta property=\"og:image:type\" content=\"image\/webp\" \/>\n<meta name=\"twitter:card\" content=\"summary_large_image\" \/>\n<meta name=\"twitter:label1\" content=\"Est. reading time\" \/>\n\t<meta name=\"twitter:data1\" content=\"1 minute\" \/>\n<script type=\"application\/ld+json\" class=\"yoast-schema-graph\">{\"@context\":\"https:\/\/schema.org\",\"@graph\":[{\"@type\":\"WebPage\",\"@id\":\"https:\/\/www.miomiorun.com\/de\/produkt\/adizero-adios-pro-4\/\",\"url\":\"https:\/\/www.miomiorun.com\/de\/produkt\/adizero-adios-pro-4\/\",\"name\":\"Adidas Adizero Adios Pro 4 - Laufschuhe - MioMioRun .com\",\"isPartOf\":{\"@id\":\"https:\/\/www.miomiorun.com\/de\/#website\"},\"primaryImageOfPage\":{\"@id\":\"https:\/\/www.miomiorun.com\/de\/produkt\/adizero-adios-pro-4\/#primaryimage\"},\"image\":{\"@id\":\"https:\/\/www.miomiorun.com\/de\/produkt\/adizero-adios-pro-4\/#primaryimage\"},\"thumbnailUrl\":\"https:\/\/www.miomiorun.com\/app\/uploads\/2025\/06\/adidas-Adios-Pro-4-flaaqu-luclem-minton-JR1251.webp\",\"datePublished\":\"2025-03-25T09:39:16+00:00\",\"dateModified\":\"2025-05-23T07:53:12+00:00\",\"description\":\"Die adizero Adios Pro 4 sind ultraleichte Laufschuhe, die f\u00fcr maximale Geschwindigkeit, D\u00e4mpfung und Traktion entwickelt wurden. Entdecken Sie sie mit uns\",\"breadcrumb\":{\"@id\":\"https:\/\/www.miomiorun.com\/de\/produkt\/adizero-adios-pro-4\/#breadcrumb\"},\"inLanguage\":\"de-DE\",\"potentialAction\":[{\"@type\":\"ReadAction\",\"target\":[\"https:\/\/www.miomiorun.com\/de\/produkt\/adizero-adios-pro-4\/\"]}]},{\"@type\":\"ImageObject\",\"inLanguage\":\"de-DE\",\"@id\":\"https:\/\/www.miomiorun.com\/de\/produkt\/adizero-adios-pro-4\/#primaryimage\",\"url\":\"https:\/\/www.miomiorun.com\/app\/uploads\/2025\/06\/adidas-Adios-Pro-4-flaaqu-luclem-minton-JR1251.webp\",\"contentUrl\":\"https:\/\/www.miomiorun.com\/app\/uploads\/2025\/06\/adidas-Adios-Pro-4-flaaqu-luclem-minton-JR1251.webp\",\"width\":600,\"height\":600,\"caption\":\"adidas Adios Pro 4 flaaqu luclem minton JR1251\"},{\"@type\":\"BreadcrumbList\",\"@id\":\"https:\/\/www.miomiorun.com\/de\/produkt\/adizero-adios-pro-4\/#breadcrumb\",\"itemListElement\":[{\"@type\":\"ListItem\",\"position\":1,\"name\":\"Home\",\"item\":\"https:\/\/www.miomiorun.com\/de\/\"},{\"@type\":\"ListItem\",\"position\":2,\"name\":\"Shop\",\"item\":\"https:\/\/www.miomiorun.com\/shop\/\"},{\"@type\":\"ListItem\",\"position\":3,\"name\":\"Adizero Adios Pro 4\"}]},{\"@type\":\"WebSite\",\"@id\":\"https:\/\/www.miomiorun.com\/de\/#website\",\"url\":\"https:\/\/www.miomiorun.com\/de\/\",\"name\":\"MioMioRun\",\"description\":\"100% Lauf- und Trailshop\",\"publisher\":{\"@id\":\"https:\/\/www.miomiorun.com\/de\/#organization\"},\"potentialAction\":[{\"@type\":\"SearchAction\",\"target\":{\"@type\":\"EntryPoint\",\"urlTemplate\":\"https:\/\/www.miomiorun.com\/de\/?s={search_term_string}\"},\"query-input\":{\"@type\":\"PropertyValueSpecification\",\"valueRequired\":true,\"valueName\":\"search_term_string\"}}],\"inLanguage\":\"de-DE\"},{\"@type\":\"Organization\",\"@id\":\"https:\/\/www.miomiorun.com\/de\/#organization\",\"name\":\"MioMio Run\",\"url\":\"https:\/\/www.miomiorun.com\/de\/\",\"logo\":{\"@type\":\"ImageObject\",\"inLanguage\":\"de-DE\",\"@id\":\"https:\/\/www.miomiorun.com\/de\/#\/schema\/logo\/image\/\",\"url\":\"https:\/\/www.miomiorun.com\/app\/uploads\/2019\/12\/logomio.png\",\"contentUrl\":\"https:\/\/www.miomiorun.com\/app\/uploads\/2019\/12\/logomio.png\",\"width\":115,\"height\":82,\"caption\":\"MioMio Run\"},\"image\":{\"@id\":\"https:\/\/www.miomiorun.com\/de\/#\/schema\/logo\/image\/\"},\"sameAs\":[\"https:\/\/www.facebook.com\/miomiorun\/\",\"https:\/\/www.instagram.com\/miomiorun\/\"]}]}<\/script>\n<!-- \/ Yoast SEO plugin. -->","yoast_head_json":{"title":"Adidas Adizero Adios Pro 4 - Laufschuhe - MioMioRun .com","description":"Die adizero Adios Pro 4 sind ultraleichte Laufschuhe, die f\u00fcr maximale Geschwindigkeit, D\u00e4mpfung und Traktion entwickelt wurden. Entdecken Sie sie mit uns","robots":{"index":"index","follow":"follow","max-snippet":"max-snippet:-1","max-image-preview":"max-image-preview:large","max-video-preview":"max-video-preview:-1"},"canonical":"https:\/\/www.miomiorun.com\/de\/produkt\/adizero-adios-pro-4\/","og_locale":"de_DE","og_type":"article","og_title":"Adidas Adizero Adios Pro 4 - Laufschuhe - MioMioRun .com","og_description":"Die adizero Adios Pro 4 sind ultraleichte Laufschuhe, die f\u00fcr maximale Geschwindigkeit, D\u00e4mpfung und Traktion entwickelt wurden. Entdecken Sie sie mit uns","og_url":"https:\/\/www.miomiorun.com\/de\/produkt\/adizero-adios-pro-4\/","og_site_name":"MioMioRun","article_publisher":"https:\/\/www.facebook.com\/miomiorun\/","article_modified_time":"2025-05-23T07:53:12+00:00","og_image":[{"width":600,"height":600,"url":"https:\/\/www.miomiorun.com\/app\/uploads\/2025\/06\/adidas-Adios-Pro-4-flaaqu-luclem-minton-JR1251.webp","type":"image\/webp"}],"twitter_card":"summary_large_image","twitter_misc":{"Est. reading time":"1 minute"},"schema":{"@context":"https:\/\/schema.org","@graph":[{"@type":"WebPage","@id":"https:\/\/www.miomiorun.com\/de\/produkt\/adizero-adios-pro-4\/","url":"https:\/\/www.miomiorun.com\/de\/produkt\/adizero-adios-pro-4\/","name":"Adidas Adizero Adios Pro 4 - Laufschuhe - MioMioRun .com","isPartOf":{"@id":"https:\/\/www.miomiorun.com\/de\/#website"},"primaryImageOfPage":{"@id":"https:\/\/www.miomiorun.com\/de\/produkt\/adizero-adios-pro-4\/#primaryimage"},"image":{"@id":"https:\/\/www.miomiorun.com\/de\/produkt\/adizero-adios-pro-4\/#primaryimage"},"thumbnailUrl":"https:\/\/www.miomiorun.com\/app\/uploads\/2025\/06\/adidas-Adios-Pro-4-flaaqu-luclem-minton-JR1251.webp","datePublished":"2025-03-25T09:39:16+00:00","dateModified":"2025-05-23T07:53:12+00:00","description":"Die adizero Adios Pro 4 sind ultraleichte Laufschuhe, die f\u00fcr maximale Geschwindigkeit, D\u00e4mpfung und Traktion entwickelt wurden. Entdecken Sie sie mit uns","breadcrumb":{"@id":"https:\/\/www.miomiorun.com\/de\/produkt\/adizero-adios-pro-4\/#breadcrumb"},"inLanguage":"de-DE","potentialAction":[{"@type":"ReadAction","target":["https:\/\/www.miomiorun.com\/de\/produkt\/adizero-adios-pro-4\/"]}]},{"@type":"ImageObject","inLanguage":"de-DE","@id":"https:\/\/www.miomiorun.com\/de\/produkt\/adizero-adios-pro-4\/#primaryimage","url":"https:\/\/www.miomiorun.com\/app\/uploads\/2025\/06\/adidas-Adios-Pro-4-flaaqu-luclem-minton-JR1251.webp","contentUrl":"https:\/\/www.miomiorun.com\/app\/uploads\/2025\/06\/adidas-Adios-Pro-4-flaaqu-luclem-minton-JR1251.webp","width":600,"height":600,"caption":"adidas Adios Pro 4 flaaqu luclem minton JR1251"},{"@type":"BreadcrumbList","@id":"https:\/\/www.miomiorun.com\/de\/produkt\/adizero-adios-pro-4\/#breadcrumb","itemListElement":[{"@type":"ListItem","position":1,"name":"Home","item":"https:\/\/www.miomiorun.com\/de\/"},{"@type":"ListItem","position":2,"name":"Shop","item":"https:\/\/www.miomiorun.com\/shop\/"},{"@type":"ListItem","position":3,"name":"Adizero Adios Pro 4"}]},{"@type":"WebSite","@id":"https:\/\/www.miomiorun.com\/de\/#website","url":"https:\/\/www.miomiorun.com\/de\/","name":"MioMioRun","description":"100% Lauf- und Trailshop","publisher":{"@id":"https:\/\/www.miomiorun.com\/de\/#organization"},"potentialAction":[{"@type":"SearchAction","target":{"@type":"EntryPoint","urlTemplate":"https:\/\/www.miomiorun.com\/de\/?s={search_term_string}"},"query-input":{"@type":"PropertyValueSpecification","valueRequired":true,"valueName":"search_term_string"}}],"inLanguage":"de-DE"},{"@type":"Organization","@id":"https:\/\/www.miomiorun.com\/de\/#organization","name":"MioMio Run","url":"https:\/\/www.miomiorun.com\/de\/","logo":{"@type":"ImageObject","inLanguage":"de-DE","@id":"https:\/\/www.miomiorun.com\/de\/#\/schema\/logo\/image\/","url":"https:\/\/www.miomiorun.com\/app\/uploads\/2019\/12\/logomio.png","contentUrl":"https:\/\/www.miomiorun.com\/app\/uploads\/2019\/12\/logomio.png","width":115,"height":82,"caption":"MioMio Run"},"image":{"@id":"https:\/\/www.miomiorun.com\/de\/#\/schema\/logo\/image\/"},"sameAs":["https:\/\/www.facebook.com\/miomiorun\/","https:\/\/www.instagram.com\/miomiorun\/"]}]}},"_links":{"self":[{"href":"https:\/\/www.miomiorun.com\/de\/wp-json\/wp\/v2\/product\/268318","targetHints":{"allow":["GET"]}}],"collection":[{"href":"https:\/\/www.miomiorun.com\/de\/wp-json\/wp\/v2\/product"}],"about":[{"href":"https:\/\/www.miomiorun.com\/de\/wp-json\/wp\/v2\/types\/product"}],"wp:featuredmedia":[{"embeddable":true,"href":"https:\/\/www.miomiorun.com\/de\/wp-json\/wp\/v2\/media\/316744"}],"wp:attachment":[{"href":"https:\/\/www.miomiorun.com\/de\/wp-json\/wp\/v2\/media?parent=268318"}],"wp:term":[{"taxonomy":"product_brand","embeddable":true,"href":"https:\/\/www.miomiorun.com\/de\/wp-json\/wp\/v2\/product_brand?post=268318"},{"taxonomy":"product_cat","embeddable":true,"href":"https:\/\/www.miomiorun.com\/de\/wp-json\/wp\/v2\/product_cat?post=268318"},{"taxonomy":"product_tag","embeddable":true,"href":"https:\/\/www.miomiorun.com\/de\/wp-json\/wp\/v2\/product_tag?post=268318"}],"curies":[{"name":"wp","href":"https:\/\/api.w.org\/{rel}","templated":true}]}}