{"id":268246,"date":"2025-03-25T10:00:51","date_gmt":"2025-03-25T09:00:51","guid":{"rendered":"https:\/\/miomiorun.com\/?post_type=product&#038;p=268246"},"modified":"2026-05-08T22:34:45","modified_gmt":"2026-05-08T20:34:45","slug":"hyper-md-8","status":"publish","type":"product","link":"https:\/\/www.miomiorun.com\/de\/produkt\/hyper-md-8\/","title":{"rendered":"Hyper MD 8"},"content":{"rendered":"<div class=\"vc-row container\"><div class=\"vc-column\"><div class=\"vc-column-text\"><\/p>\n<p><strong>Technische Daten<\/strong><\/p>\n<p>Kategorie: Bahn<\/p>\n<p>Gewicht: 170 g<br \/>\nIdeal f\u00fcr : Athleten, die Stollenschuhe f\u00fcr Training und Bahnrennen \u00fcber Distanzen von bis zu 5000 Metern suchen, aber auch f\u00fcr den Crosslauf.<br \/>\nAthletengewicht : 60-75 kg<br \/>\nLauftempo : schnell &lt; 3.30 min\/km<br \/>\n<a href=\"https:\/\/miomiorun.com\/de\/leitfaden-fuer-technische-spezifikationen\/\">Spezifikationsf\u00fchrer<\/a><\/p>\n<p><\/div><\/div><div class=\"vc-column\"><div class=\"vc-column-text\"><\/p>\n<div class=\"accordion__content js-accordion-content accordion__content--expanded\" aria-expanded=\"true\">\n<div class=\"product-info-section-inner-wrap\">\n<div class=\"product-info-section-inner small-reg\">\n<p>Der HYPER MD 8 ist auf die Bed\u00fcrfnisse von L\u00e4ufern auf mittleren Distanzen abgestimmt.<\/p>\n<p>Dieser Schuh bietet ein leichtes Tragegef\u00fchl und eine offene Mesh-Konstruktion, die die Bel\u00fcftung verbessert. Er verf\u00fcgt auch \u00fcber nahtlose Folien f\u00fcr zus\u00e4tzliche Verst\u00e4rkung und eine bequeme Passform.<\/p>\n<p>Au\u00dferdem sorgt der EVA-Zwischensohlenschaum f\u00fcr Halt und D\u00e4mpfung unter dem Fu\u00df.<\/p>\n<\/div>\n<\/div>\n<\/div>\n<p><\/div><\/div><\/div>\n","protected":false},"excerpt":{"rendered":"","protected":false},"featured_media":405535,"template":"","meta":{"_acf_changed":false,"inline_featured_image":false},"product_brand":[],"product_cat":[6507,6506,6474,6475],"product_tag":[3404,6201,6202],"class_list":{"0":"post-268246","1":"product","2":"type-product","3":"status-publish","4":"has-post-thumbnail","6":"product_cat-herren-schuhe-de","7":"product_cat-neutrale-herren-schuhe-de","8":"product_cat-damenschuhe","9":"product_cat-neutral","10":"product_tag-asics-de","11":"product_tag-asics-damen-de","12":"product_tag-asics-herren-de","13":"pa_attivita-running-de","14":"pa_colore-hyper-md-8-soothing-sea-black-de","15":"pa_colore-hyper-md-flash-red-black","16":"pa_marca-asics-de","17":"pa_sesso-damen","18":"pa_sesso-herren","19":"pa_size-38-de","20":"pa_size-39-de","21":"pa_size-39-5-de","22":"pa_size-40-de","23":"pa_size-40-5-de","24":"pa_size-41-5-de","25":"pa_size-42-de","26":"pa_size-42-5-de","27":"pa_size-43-5-de","28":"pa_size-44-de","29":"pa_size-44-5-de","30":"pa_size-45-de","31":"pa_size-46-de","33":"first","34":"instock","35":"sale","36":"taxable","37":"shipping-taxable","38":"purchasable","39":"product-type-variable","40":"wvs-archive-product-wrapper"},"acf":[],"yoast_head":"<!-- This site is optimized with the Yoast SEO plugin v26.8 - https:\/\/yoast.com\/product\/yoast-seo-wordpress\/ -->\n<title>Asics Hyper MD 8 - Laufschuhe - MioMioRun.com<\/title>\n<meta name=\"description\" content=\"Der HYPER MD 8 ist ein leichter Schuh f\u00fcr mittlere Distanzen, der mit bel\u00fcftetem Mesh, nahtlosen Folien und EVA-Schaumstoff Halt und D\u00e4mpfung bietet.\" \/>\n<meta name=\"robots\" content=\"index, follow, max-snippet:-1, max-image-preview:large, max-video-preview:-1\" \/>\n<link rel=\"canonical\" href=\"https:\/\/www.miomiorun.com\/de\/produkt\/hyper-md-8\/\" \/>\n<meta property=\"og:locale\" content=\"de_DE\" \/>\n<meta property=\"og:type\" content=\"article\" \/>\n<meta property=\"og:title\" content=\"Asics Hyper MD 8 - Laufschuhe - MioMioRun.com\" \/>\n<meta property=\"og:description\" content=\"Der HYPER MD 8 ist ein leichter Schuh f\u00fcr mittlere Distanzen, der mit bel\u00fcftetem Mesh, nahtlosen Folien und EVA-Schaumstoff Halt und D\u00e4mpfung bietet.\" \/>\n<meta property=\"og:url\" content=\"https:\/\/www.miomiorun.com\/de\/produkt\/hyper-md-8\/\" \/>\n<meta property=\"og:site_name\" content=\"MioMioRun\" \/>\n<meta property=\"article:publisher\" content=\"https:\/\/www.facebook.com\/miomiorun\/\" \/>\n<meta property=\"article:modified_time\" content=\"2026-05-08T20:34:45+00:00\" \/>\n<meta property=\"og:image\" content=\"https:\/\/www.miomiorun.com\/app\/uploads\/2026\/02\/asics-Hyper-MD-flash-red-black-1093A198-600.webp\" \/>\n\t<meta property=\"og:image:width\" content=\"720\" \/>\n\t<meta property=\"og:image:height\" content=\"720\" \/>\n\t<meta property=\"og:image:type\" content=\"image\/webp\" \/>\n<meta name=\"twitter:card\" content=\"summary_large_image\" \/>\n<meta name=\"twitter:label1\" content=\"Est. reading time\" \/>\n\t<meta name=\"twitter:data1\" content=\"2 minutes\" \/>\n<script type=\"application\/ld+json\" class=\"yoast-schema-graph\">{\"@context\":\"https:\/\/schema.org\",\"@graph\":[{\"@type\":\"WebPage\",\"@id\":\"https:\/\/www.miomiorun.com\/de\/produkt\/hyper-md-8\/\",\"url\":\"https:\/\/www.miomiorun.com\/de\/produkt\/hyper-md-8\/\",\"name\":\"Asics Hyper MD 8 - Laufschuhe - MioMioRun.com\",\"isPartOf\":{\"@id\":\"https:\/\/www.miomiorun.com\/de\/#website\"},\"primaryImageOfPage\":{\"@id\":\"https:\/\/www.miomiorun.com\/de\/produkt\/hyper-md-8\/#primaryimage\"},\"image\":{\"@id\":\"https:\/\/www.miomiorun.com\/de\/produkt\/hyper-md-8\/#primaryimage\"},\"thumbnailUrl\":\"https:\/\/www.miomiorun.com\/app\/uploads\/2026\/02\/asics-Hyper-MD-flash-red-black-1093A198-600.webp\",\"datePublished\":\"2025-03-25T09:00:51+00:00\",\"dateModified\":\"2026-05-08T20:34:45+00:00\",\"description\":\"Der HYPER MD 8 ist ein leichter Schuh f\u00fcr mittlere Distanzen, der mit bel\u00fcftetem Mesh, nahtlosen Folien und EVA-Schaumstoff Halt und D\u00e4mpfung bietet.\",\"breadcrumb\":{\"@id\":\"https:\/\/www.miomiorun.com\/de\/produkt\/hyper-md-8\/#breadcrumb\"},\"inLanguage\":\"de-DE\",\"potentialAction\":[{\"@type\":\"ReadAction\",\"target\":[\"https:\/\/www.miomiorun.com\/de\/produkt\/hyper-md-8\/\"]}]},{\"@type\":\"ImageObject\",\"inLanguage\":\"de-DE\",\"@id\":\"https:\/\/www.miomiorun.com\/de\/produkt\/hyper-md-8\/#primaryimage\",\"url\":\"https:\/\/www.miomiorun.com\/app\/uploads\/2026\/02\/asics-Hyper-MD-flash-red-black-1093A198-600.webp\",\"contentUrl\":\"https:\/\/www.miomiorun.com\/app\/uploads\/2026\/02\/asics-Hyper-MD-flash-red-black-1093A198-600.webp\",\"width\":720,\"height\":720,\"caption\":\"asics Hyper MD flash red black 1093A198 600\"},{\"@type\":\"BreadcrumbList\",\"@id\":\"https:\/\/www.miomiorun.com\/de\/produkt\/hyper-md-8\/#breadcrumb\",\"itemListElement\":[{\"@type\":\"ListItem\",\"position\":1,\"name\":\"Home\",\"item\":\"https:\/\/www.miomiorun.com\/de\/\"},{\"@type\":\"ListItem\",\"position\":2,\"name\":\"Shop\",\"item\":\"https:\/\/www.miomiorun.com\/shop\/\"},{\"@type\":\"ListItem\",\"position\":3,\"name\":\"Hyper MD 8\"}]},{\"@type\":\"WebSite\",\"@id\":\"https:\/\/www.miomiorun.com\/de\/#website\",\"url\":\"https:\/\/www.miomiorun.com\/de\/\",\"name\":\"MioMioRun\",\"description\":\"100% Lauf- und Trailshop\",\"publisher\":{\"@id\":\"https:\/\/www.miomiorun.com\/de\/#organization\"},\"potentialAction\":[{\"@type\":\"SearchAction\",\"target\":{\"@type\":\"EntryPoint\",\"urlTemplate\":\"https:\/\/www.miomiorun.com\/de\/?s={search_term_string}\"},\"query-input\":{\"@type\":\"PropertyValueSpecification\",\"valueRequired\":true,\"valueName\":\"search_term_string\"}}],\"inLanguage\":\"de-DE\"},{\"@type\":\"Organization\",\"@id\":\"https:\/\/www.miomiorun.com\/de\/#organization\",\"name\":\"MioMio Run\",\"url\":\"https:\/\/www.miomiorun.com\/de\/\",\"logo\":{\"@type\":\"ImageObject\",\"inLanguage\":\"de-DE\",\"@id\":\"https:\/\/www.miomiorun.com\/de\/#\/schema\/logo\/image\/\",\"url\":\"https:\/\/www.miomiorun.com\/app\/uploads\/2019\/12\/logomio.png\",\"contentUrl\":\"https:\/\/www.miomiorun.com\/app\/uploads\/2019\/12\/logomio.png\",\"width\":115,\"height\":82,\"caption\":\"MioMio Run\"},\"image\":{\"@id\":\"https:\/\/www.miomiorun.com\/de\/#\/schema\/logo\/image\/\"},\"sameAs\":[\"https:\/\/www.facebook.com\/miomiorun\/\",\"https:\/\/www.instagram.com\/miomiorun\/\"]}]}<\/script>\n<!-- \/ Yoast SEO plugin. -->","yoast_head_json":{"title":"Asics Hyper MD 8 - Laufschuhe - MioMioRun.com","description":"Der HYPER MD 8 ist ein leichter Schuh f\u00fcr mittlere Distanzen, der mit bel\u00fcftetem Mesh, nahtlosen Folien und EVA-Schaumstoff Halt und D\u00e4mpfung bietet.","robots":{"index":"index","follow":"follow","max-snippet":"max-snippet:-1","max-image-preview":"max-image-preview:large","max-video-preview":"max-video-preview:-1"},"canonical":"https:\/\/www.miomiorun.com\/de\/produkt\/hyper-md-8\/","og_locale":"de_DE","og_type":"article","og_title":"Asics Hyper MD 8 - Laufschuhe - MioMioRun.com","og_description":"Der HYPER MD 8 ist ein leichter Schuh f\u00fcr mittlere Distanzen, der mit bel\u00fcftetem Mesh, nahtlosen Folien und EVA-Schaumstoff Halt und D\u00e4mpfung bietet.","og_url":"https:\/\/www.miomiorun.com\/de\/produkt\/hyper-md-8\/","og_site_name":"MioMioRun","article_publisher":"https:\/\/www.facebook.com\/miomiorun\/","article_modified_time":"2026-05-08T20:34:45+00:00","og_image":[{"width":720,"height":720,"url":"https:\/\/www.miomiorun.com\/app\/uploads\/2026\/02\/asics-Hyper-MD-flash-red-black-1093A198-600.webp","type":"image\/webp"}],"twitter_card":"summary_large_image","twitter_misc":{"Est. reading time":"2 minutes"},"schema":{"@context":"https:\/\/schema.org","@graph":[{"@type":"WebPage","@id":"https:\/\/www.miomiorun.com\/de\/produkt\/hyper-md-8\/","url":"https:\/\/www.miomiorun.com\/de\/produkt\/hyper-md-8\/","name":"Asics Hyper MD 8 - Laufschuhe - MioMioRun.com","isPartOf":{"@id":"https:\/\/www.miomiorun.com\/de\/#website"},"primaryImageOfPage":{"@id":"https:\/\/www.miomiorun.com\/de\/produkt\/hyper-md-8\/#primaryimage"},"image":{"@id":"https:\/\/www.miomiorun.com\/de\/produkt\/hyper-md-8\/#primaryimage"},"thumbnailUrl":"https:\/\/www.miomiorun.com\/app\/uploads\/2026\/02\/asics-Hyper-MD-flash-red-black-1093A198-600.webp","datePublished":"2025-03-25T09:00:51+00:00","dateModified":"2026-05-08T20:34:45+00:00","description":"Der HYPER MD 8 ist ein leichter Schuh f\u00fcr mittlere Distanzen, der mit bel\u00fcftetem Mesh, nahtlosen Folien und EVA-Schaumstoff Halt und D\u00e4mpfung bietet.","breadcrumb":{"@id":"https:\/\/www.miomiorun.com\/de\/produkt\/hyper-md-8\/#breadcrumb"},"inLanguage":"de-DE","potentialAction":[{"@type":"ReadAction","target":["https:\/\/www.miomiorun.com\/de\/produkt\/hyper-md-8\/"]}]},{"@type":"ImageObject","inLanguage":"de-DE","@id":"https:\/\/www.miomiorun.com\/de\/produkt\/hyper-md-8\/#primaryimage","url":"https:\/\/www.miomiorun.com\/app\/uploads\/2026\/02\/asics-Hyper-MD-flash-red-black-1093A198-600.webp","contentUrl":"https:\/\/www.miomiorun.com\/app\/uploads\/2026\/02\/asics-Hyper-MD-flash-red-black-1093A198-600.webp","width":720,"height":720,"caption":"asics Hyper MD flash red black 1093A198 600"},{"@type":"BreadcrumbList","@id":"https:\/\/www.miomiorun.com\/de\/produkt\/hyper-md-8\/#breadcrumb","itemListElement":[{"@type":"ListItem","position":1,"name":"Home","item":"https:\/\/www.miomiorun.com\/de\/"},{"@type":"ListItem","position":2,"name":"Shop","item":"https:\/\/www.miomiorun.com\/shop\/"},{"@type":"ListItem","position":3,"name":"Hyper MD 8"}]},{"@type":"WebSite","@id":"https:\/\/www.miomiorun.com\/de\/#website","url":"https:\/\/www.miomiorun.com\/de\/","name":"MioMioRun","description":"100% Lauf- und Trailshop","publisher":{"@id":"https:\/\/www.miomiorun.com\/de\/#organization"},"potentialAction":[{"@type":"SearchAction","target":{"@type":"EntryPoint","urlTemplate":"https:\/\/www.miomiorun.com\/de\/?s={search_term_string}"},"query-input":{"@type":"PropertyValueSpecification","valueRequired":true,"valueName":"search_term_string"}}],"inLanguage":"de-DE"},{"@type":"Organization","@id":"https:\/\/www.miomiorun.com\/de\/#organization","name":"MioMio Run","url":"https:\/\/www.miomiorun.com\/de\/","logo":{"@type":"ImageObject","inLanguage":"de-DE","@id":"https:\/\/www.miomiorun.com\/de\/#\/schema\/logo\/image\/","url":"https:\/\/www.miomiorun.com\/app\/uploads\/2019\/12\/logomio.png","contentUrl":"https:\/\/www.miomiorun.com\/app\/uploads\/2019\/12\/logomio.png","width":115,"height":82,"caption":"MioMio Run"},"image":{"@id":"https:\/\/www.miomiorun.com\/de\/#\/schema\/logo\/image\/"},"sameAs":["https:\/\/www.facebook.com\/miomiorun\/","https:\/\/www.instagram.com\/miomiorun\/"]}]}},"_links":{"self":[{"href":"https:\/\/www.miomiorun.com\/de\/wp-json\/wp\/v2\/product\/268246","targetHints":{"allow":["GET"]}}],"collection":[{"href":"https:\/\/www.miomiorun.com\/de\/wp-json\/wp\/v2\/product"}],"about":[{"href":"https:\/\/www.miomiorun.com\/de\/wp-json\/wp\/v2\/types\/product"}],"wp:featuredmedia":[{"embeddable":true,"href":"https:\/\/www.miomiorun.com\/de\/wp-json\/wp\/v2\/media\/405535"}],"wp:attachment":[{"href":"https:\/\/www.miomiorun.com\/de\/wp-json\/wp\/v2\/media?parent=268246"}],"wp:term":[{"taxonomy":"product_brand","embeddable":true,"href":"https:\/\/www.miomiorun.com\/de\/wp-json\/wp\/v2\/product_brand?post=268246"},{"taxonomy":"product_cat","embeddable":true,"href":"https:\/\/www.miomiorun.com\/de\/wp-json\/wp\/v2\/product_cat?post=268246"},{"taxonomy":"product_tag","embeddable":true,"href":"https:\/\/www.miomiorun.com\/de\/wp-json\/wp\/v2\/product_tag?post=268246"}],"curies":[{"name":"wp","href":"https:\/\/api.w.org\/{rel}","templated":true}]}}