{"id":267543,"date":"2025-03-20T12:31:42","date_gmt":"2025-03-20T11:31:42","guid":{"rendered":"https:\/\/miomiorun.com\/?post_type=product&#038;p=267543"},"modified":"2025-03-31T18:14:57","modified_gmt":"2025-03-31T16:14:57","slug":"ultra-trail-vest-10l-herren","status":"publish","type":"product","link":"https:\/\/www.miomiorun.com\/de\/produkt\/ultra-trail-vest-10l-herren\/","title":{"rendered":"Ultra Trail Vest 10L herren"},"content":{"rendered":"<p>Komfort und Pr\u00e4zision sind der Schl\u00fcssel, damit Sie sich auf den Trail und Ihr Tempo konzentrieren k\u00f6nnen, unabh\u00e4ngig von der Distanz. Entwickelt und getestet mit unseren Athleten speziell f\u00fcr lange und ultra-lange Strecken Trail Running. Minimalistisch und doch funktionell, diese Weste tr\u00e4gt alles, was du bei deinem n\u00e4chsten Abenteuer brauchst.<\/p>\n<p>Gewicht: 176 g<\/p>\n<p>Passform: eng anliegend<\/p>\n<p>Hauptmaterial: 80% Polyamid 20% Elastan<\/p>\n<p>Andere Stoffe: 84% Recyceltes Polyamid 16% Elastan<\/p>\n<p>Futter: 80% Recyceltes Polyamid 20% Elastan<\/p>\n<p>Optimaler Einsatz: MOUNTAIN RUNNING<\/p>\n<div class=\"product-description col col-12 col-md-6\"><\/div>\n<div class=\"col col-12 col-md-6 block-detailed\">\n<div class=\"item-block collapsible-info active\" data-collapsible=\"true\">\n<div class=\"data item content\" aria-hidden=\"false\" data-role=\"content\" aria-labelledby=\"tab-label-techinfo\">\n<div class=\"techinfo-container\">\n<div class=\"techinfo-icons\">\n<div class=\"techinfo-icon\"><a class=\"d-flex flex-column align-items-center text-center\"><img loading=\"lazy\" decoding=\"async\" class=\"lazyloaded\" src=\"https:\/\/www.lasportiva.com\/media\/techinfo_icons\/traspirabilita.png\" alt=\"La Sportiva\" width=\"75\" height=\"75\" data-src=\"https:\/\/www.lasportiva.com\/media\/techinfo_icons\/traspirabilita.png\" \/> Atmungsaktivit\u00e4t <\/a><\/div>\n<div class=\"techinfo-icon\"><a class=\"d-flex flex-column align-items-center text-center\"><img loading=\"lazy\" decoding=\"async\" class=\"lazyloaded\" src=\"https:\/\/www.lasportiva.com\/media\/techinfo_icons\/leggerezza.png\" alt=\"La Sportiva\" width=\"75\" height=\"75\" data-src=\"https:\/\/www.lasportiva.com\/media\/techinfo_icons\/leggerezza.png\" \/> Leichtes Gewicht <\/a><\/div>\n<div class=\"techinfo-icon\"><a class=\"d-flex flex-column align-items-center text-center\"><img loading=\"lazy\" decoding=\"async\" class=\"lazyloaded\" src=\"https:\/\/www.lasportiva.com\/media\/techinfo_icons\/elasticita.png\" alt=\"La Sportiva\" width=\"75\" height=\"75\" data-src=\"https:\/\/www.lasportiva.com\/media\/techinfo_icons\/elasticita.png\" \/> Stretch <\/a><\/div>\n<\/div>\n<\/div>\n<\/div>\n<\/div>\n<\/div>\n","protected":false},"excerpt":{"rendered":"<p>Komfort und Pr\u00e4zision sind der Schl\u00fcssel, damit Sie sich auf den Trail und Ihr Tempo konzentrieren k\u00f6nnen, unabh\u00e4ngig von der Distanz. Entwickelt und getestet mit unseren Athleten speziell f\u00fcr lange und ultra-lange Strecken Trail Running. Minimalistisch und doch funktionell, diese Weste tr\u00e4gt alles, was du bei deinem n\u00e4chsten Abenteuer brauchst. Gewicht: 176 g Passform: eng &hellip; <a href=\"https:\/\/www.miomiorun.com\/de\/produkt\/ultra-trail-vest-10l-herren\/\">Continued<\/a><\/p>\n","protected":false},"featured_media":271855,"template":"","meta":{"_acf_changed":false,"inline_featured_image":false},"product_brand":[],"product_cat":[6342,6396,6398],"product_tag":[6248,6220,6218],"class_list":{"0":"post-267543","1":"product","2":"type-product","3":"status-publish","4":"has-post-thumbnail","6":"product_cat-zubehoer","7":"product_cat-taschen-und-guertel-de","8":"product_cat-taschen-de","9":"product_tag-la-sportiva-de","10":"product_tag-la-sportiva-damen-de","11":"product_tag-la-sportiva-herren-de","12":"pa_attivita-gehen","13":"pa_attivita-outdoor-de","14":"pa_attivita-trail-de","15":"pa_colore-ultra-trail-vest-10l-white-cherry-tomato-de","16":"pa_colore-ultra-trail-vest-10l-yellow-black-de","17":"pa_marca-la-sportiva-de","18":"pa_sesso-damen","19":"pa_sesso-herren","20":"pa_size-small-de","21":"pa_size-medium-de","22":"pa_size-large-de","24":"first","25":"instock","26":"sale","27":"taxable","28":"shipping-taxable","29":"purchasable","30":"product-type-variable","31":"wvs-archive-product-wrapper"},"acf":[],"yoast_head":"<!-- This site is optimized with the Yoast SEO plugin v26.8 - https:\/\/yoast.com\/product\/yoast-seo-wordpress\/ -->\n<title>Raidlight Ultra Trail Vest 10L herren - Trail-Rucksack MioMioRun<\/title>\n<meta name=\"description\" content=\"Komfort und Pr\u00e4zision sind der Schl\u00fcssel, damit Sie sich auf den Trail konzentrieren k\u00f6nnen. Minimalistisch, aber funktionell, diese Weste ist perfekt f\u00fcr Sie\" \/>\n<meta name=\"robots\" content=\"index, follow, max-snippet:-1, max-image-preview:large, max-video-preview:-1\" \/>\n<link rel=\"canonical\" href=\"https:\/\/www.miomiorun.com\/de\/produkt\/ultra-trail-vest-10l-herren\/\" \/>\n<meta property=\"og:locale\" content=\"de_DE\" \/>\n<meta property=\"og:type\" content=\"article\" \/>\n<meta property=\"og:title\" content=\"Raidlight Ultra Trail Vest 10L herren - Trail-Rucksack MioMioRun\" \/>\n<meta property=\"og:description\" content=\"Komfort und Pr\u00e4zision sind der Schl\u00fcssel, damit Sie sich auf den Trail konzentrieren k\u00f6nnen. Minimalistisch, aber funktionell, diese Weste ist perfekt f\u00fcr Sie\" \/>\n<meta property=\"og:url\" content=\"https:\/\/www.miomiorun.com\/de\/produkt\/ultra-trail-vest-10l-herren\/\" \/>\n<meta property=\"og:site_name\" content=\"MioMioRun\" \/>\n<meta property=\"article:publisher\" content=\"https:\/\/www.facebook.com\/miomiorun\/\" \/>\n<meta property=\"article:modified_time\" content=\"2025-03-31T16:14:57+00:00\" \/>\n<meta property=\"og:image\" content=\"https:\/\/www.miomiorun.com\/app\/uploads\/2025\/04\/la-sportiva-Ultra-Trail-Vest-10L-yellow-black-79N100999.webp\" \/>\n\t<meta property=\"og:image:width\" content=\"600\" \/>\n\t<meta property=\"og:image:height\" content=\"600\" \/>\n\t<meta property=\"og:image:type\" content=\"image\/webp\" \/>\n<meta name=\"twitter:card\" content=\"summary_large_image\" \/>\n<script type=\"application\/ld+json\" class=\"yoast-schema-graph\">{\"@context\":\"https:\/\/schema.org\",\"@graph\":[{\"@type\":\"WebPage\",\"@id\":\"https:\/\/www.miomiorun.com\/de\/produkt\/ultra-trail-vest-10l-herren\/\",\"url\":\"https:\/\/www.miomiorun.com\/de\/produkt\/ultra-trail-vest-10l-herren\/\",\"name\":\"Raidlight Ultra Trail Vest 10L herren - Trail-Rucksack MioMioRun\",\"isPartOf\":{\"@id\":\"https:\/\/www.miomiorun.com\/de\/#website\"},\"primaryImageOfPage\":{\"@id\":\"https:\/\/www.miomiorun.com\/de\/produkt\/ultra-trail-vest-10l-herren\/#primaryimage\"},\"image\":{\"@id\":\"https:\/\/www.miomiorun.com\/de\/produkt\/ultra-trail-vest-10l-herren\/#primaryimage\"},\"thumbnailUrl\":\"https:\/\/www.miomiorun.com\/app\/uploads\/2025\/04\/la-sportiva-Ultra-Trail-Vest-10L-yellow-black-79N100999.webp\",\"datePublished\":\"2025-03-20T11:31:42+00:00\",\"dateModified\":\"2025-03-31T16:14:57+00:00\",\"description\":\"Komfort und Pr\u00e4zision sind der Schl\u00fcssel, damit Sie sich auf den Trail konzentrieren k\u00f6nnen. Minimalistisch, aber funktionell, diese Weste ist perfekt f\u00fcr Sie\",\"breadcrumb\":{\"@id\":\"https:\/\/www.miomiorun.com\/de\/produkt\/ultra-trail-vest-10l-herren\/#breadcrumb\"},\"inLanguage\":\"de-DE\",\"potentialAction\":[{\"@type\":\"ReadAction\",\"target\":[\"https:\/\/www.miomiorun.com\/de\/produkt\/ultra-trail-vest-10l-herren\/\"]}]},{\"@type\":\"ImageObject\",\"inLanguage\":\"de-DE\",\"@id\":\"https:\/\/www.miomiorun.com\/de\/produkt\/ultra-trail-vest-10l-herren\/#primaryimage\",\"url\":\"https:\/\/www.miomiorun.com\/app\/uploads\/2025\/04\/la-sportiva-Ultra-Trail-Vest-10L-yellow-black-79N100999.webp\",\"contentUrl\":\"https:\/\/www.miomiorun.com\/app\/uploads\/2025\/04\/la-sportiva-Ultra-Trail-Vest-10L-yellow-black-79N100999.webp\",\"width\":600,\"height\":600,\"caption\":\"la sportiva Ultra Trail Vest 10L yellow black 79N100999\"},{\"@type\":\"BreadcrumbList\",\"@id\":\"https:\/\/www.miomiorun.com\/de\/produkt\/ultra-trail-vest-10l-herren\/#breadcrumb\",\"itemListElement\":[{\"@type\":\"ListItem\",\"position\":1,\"name\":\"Home\",\"item\":\"https:\/\/www.miomiorun.com\/de\/\"},{\"@type\":\"ListItem\",\"position\":2,\"name\":\"Shop\",\"item\":\"https:\/\/www.miomiorun.com\/shop\/\"},{\"@type\":\"ListItem\",\"position\":3,\"name\":\"Ultra Trail Vest 10L herren\"}]},{\"@type\":\"WebSite\",\"@id\":\"https:\/\/www.miomiorun.com\/de\/#website\",\"url\":\"https:\/\/www.miomiorun.com\/de\/\",\"name\":\"MioMioRun\",\"description\":\"100% Lauf- und Trailshop\",\"publisher\":{\"@id\":\"https:\/\/www.miomiorun.com\/de\/#organization\"},\"potentialAction\":[{\"@type\":\"SearchAction\",\"target\":{\"@type\":\"EntryPoint\",\"urlTemplate\":\"https:\/\/www.miomiorun.com\/de\/?s={search_term_string}\"},\"query-input\":{\"@type\":\"PropertyValueSpecification\",\"valueRequired\":true,\"valueName\":\"search_term_string\"}}],\"inLanguage\":\"de-DE\"},{\"@type\":\"Organization\",\"@id\":\"https:\/\/www.miomiorun.com\/de\/#organization\",\"name\":\"MioMio Run\",\"url\":\"https:\/\/www.miomiorun.com\/de\/\",\"logo\":{\"@type\":\"ImageObject\",\"inLanguage\":\"de-DE\",\"@id\":\"https:\/\/www.miomiorun.com\/de\/#\/schema\/logo\/image\/\",\"url\":\"https:\/\/www.miomiorun.com\/app\/uploads\/2019\/12\/logomio.png\",\"contentUrl\":\"https:\/\/www.miomiorun.com\/app\/uploads\/2019\/12\/logomio.png\",\"width\":115,\"height\":82,\"caption\":\"MioMio Run\"},\"image\":{\"@id\":\"https:\/\/www.miomiorun.com\/de\/#\/schema\/logo\/image\/\"},\"sameAs\":[\"https:\/\/www.facebook.com\/miomiorun\/\",\"https:\/\/www.instagram.com\/miomiorun\/\"]}]}<\/script>\n<!-- \/ Yoast SEO plugin. -->","yoast_head_json":{"title":"Raidlight Ultra Trail Vest 10L herren - Trail-Rucksack MioMioRun","description":"Komfort und Pr\u00e4zision sind der Schl\u00fcssel, damit Sie sich auf den Trail konzentrieren k\u00f6nnen. Minimalistisch, aber funktionell, diese Weste ist perfekt f\u00fcr Sie","robots":{"index":"index","follow":"follow","max-snippet":"max-snippet:-1","max-image-preview":"max-image-preview:large","max-video-preview":"max-video-preview:-1"},"canonical":"https:\/\/www.miomiorun.com\/de\/produkt\/ultra-trail-vest-10l-herren\/","og_locale":"de_DE","og_type":"article","og_title":"Raidlight Ultra Trail Vest 10L herren - Trail-Rucksack MioMioRun","og_description":"Komfort und Pr\u00e4zision sind der Schl\u00fcssel, damit Sie sich auf den Trail konzentrieren k\u00f6nnen. Minimalistisch, aber funktionell, diese Weste ist perfekt f\u00fcr Sie","og_url":"https:\/\/www.miomiorun.com\/de\/produkt\/ultra-trail-vest-10l-herren\/","og_site_name":"MioMioRun","article_publisher":"https:\/\/www.facebook.com\/miomiorun\/","article_modified_time":"2025-03-31T16:14:57+00:00","og_image":[{"width":600,"height":600,"url":"https:\/\/www.miomiorun.com\/app\/uploads\/2025\/04\/la-sportiva-Ultra-Trail-Vest-10L-yellow-black-79N100999.webp","type":"image\/webp"}],"twitter_card":"summary_large_image","schema":{"@context":"https:\/\/schema.org","@graph":[{"@type":"WebPage","@id":"https:\/\/www.miomiorun.com\/de\/produkt\/ultra-trail-vest-10l-herren\/","url":"https:\/\/www.miomiorun.com\/de\/produkt\/ultra-trail-vest-10l-herren\/","name":"Raidlight Ultra Trail Vest 10L herren - Trail-Rucksack MioMioRun","isPartOf":{"@id":"https:\/\/www.miomiorun.com\/de\/#website"},"primaryImageOfPage":{"@id":"https:\/\/www.miomiorun.com\/de\/produkt\/ultra-trail-vest-10l-herren\/#primaryimage"},"image":{"@id":"https:\/\/www.miomiorun.com\/de\/produkt\/ultra-trail-vest-10l-herren\/#primaryimage"},"thumbnailUrl":"https:\/\/www.miomiorun.com\/app\/uploads\/2025\/04\/la-sportiva-Ultra-Trail-Vest-10L-yellow-black-79N100999.webp","datePublished":"2025-03-20T11:31:42+00:00","dateModified":"2025-03-31T16:14:57+00:00","description":"Komfort und Pr\u00e4zision sind der Schl\u00fcssel, damit Sie sich auf den Trail konzentrieren k\u00f6nnen. Minimalistisch, aber funktionell, diese Weste ist perfekt f\u00fcr Sie","breadcrumb":{"@id":"https:\/\/www.miomiorun.com\/de\/produkt\/ultra-trail-vest-10l-herren\/#breadcrumb"},"inLanguage":"de-DE","potentialAction":[{"@type":"ReadAction","target":["https:\/\/www.miomiorun.com\/de\/produkt\/ultra-trail-vest-10l-herren\/"]}]},{"@type":"ImageObject","inLanguage":"de-DE","@id":"https:\/\/www.miomiorun.com\/de\/produkt\/ultra-trail-vest-10l-herren\/#primaryimage","url":"https:\/\/www.miomiorun.com\/app\/uploads\/2025\/04\/la-sportiva-Ultra-Trail-Vest-10L-yellow-black-79N100999.webp","contentUrl":"https:\/\/www.miomiorun.com\/app\/uploads\/2025\/04\/la-sportiva-Ultra-Trail-Vest-10L-yellow-black-79N100999.webp","width":600,"height":600,"caption":"la sportiva Ultra Trail Vest 10L yellow black 79N100999"},{"@type":"BreadcrumbList","@id":"https:\/\/www.miomiorun.com\/de\/produkt\/ultra-trail-vest-10l-herren\/#breadcrumb","itemListElement":[{"@type":"ListItem","position":1,"name":"Home","item":"https:\/\/www.miomiorun.com\/de\/"},{"@type":"ListItem","position":2,"name":"Shop","item":"https:\/\/www.miomiorun.com\/shop\/"},{"@type":"ListItem","position":3,"name":"Ultra Trail Vest 10L herren"}]},{"@type":"WebSite","@id":"https:\/\/www.miomiorun.com\/de\/#website","url":"https:\/\/www.miomiorun.com\/de\/","name":"MioMioRun","description":"100% Lauf- und Trailshop","publisher":{"@id":"https:\/\/www.miomiorun.com\/de\/#organization"},"potentialAction":[{"@type":"SearchAction","target":{"@type":"EntryPoint","urlTemplate":"https:\/\/www.miomiorun.com\/de\/?s={search_term_string}"},"query-input":{"@type":"PropertyValueSpecification","valueRequired":true,"valueName":"search_term_string"}}],"inLanguage":"de-DE"},{"@type":"Organization","@id":"https:\/\/www.miomiorun.com\/de\/#organization","name":"MioMio Run","url":"https:\/\/www.miomiorun.com\/de\/","logo":{"@type":"ImageObject","inLanguage":"de-DE","@id":"https:\/\/www.miomiorun.com\/de\/#\/schema\/logo\/image\/","url":"https:\/\/www.miomiorun.com\/app\/uploads\/2019\/12\/logomio.png","contentUrl":"https:\/\/www.miomiorun.com\/app\/uploads\/2019\/12\/logomio.png","width":115,"height":82,"caption":"MioMio Run"},"image":{"@id":"https:\/\/www.miomiorun.com\/de\/#\/schema\/logo\/image\/"},"sameAs":["https:\/\/www.facebook.com\/miomiorun\/","https:\/\/www.instagram.com\/miomiorun\/"]}]}},"_links":{"self":[{"href":"https:\/\/www.miomiorun.com\/de\/wp-json\/wp\/v2\/product\/267543","targetHints":{"allow":["GET"]}}],"collection":[{"href":"https:\/\/www.miomiorun.com\/de\/wp-json\/wp\/v2\/product"}],"about":[{"href":"https:\/\/www.miomiorun.com\/de\/wp-json\/wp\/v2\/types\/product"}],"wp:featuredmedia":[{"embeddable":true,"href":"https:\/\/www.miomiorun.com\/de\/wp-json\/wp\/v2\/media\/271855"}],"wp:attachment":[{"href":"https:\/\/www.miomiorun.com\/de\/wp-json\/wp\/v2\/media?parent=267543"}],"wp:term":[{"taxonomy":"product_brand","embeddable":true,"href":"https:\/\/www.miomiorun.com\/de\/wp-json\/wp\/v2\/product_brand?post=267543"},{"taxonomy":"product_cat","embeddable":true,"href":"https:\/\/www.miomiorun.com\/de\/wp-json\/wp\/v2\/product_cat?post=267543"},{"taxonomy":"product_tag","embeddable":true,"href":"https:\/\/www.miomiorun.com\/de\/wp-json\/wp\/v2\/product_tag?post=267543"}],"curies":[{"name":"wp","href":"https:\/\/api.w.org\/{rel}","templated":true}]}}