{"id":267482,"date":"2025-03-20T12:09:01","date_gmt":"2025-03-20T11:09:01","guid":{"rendered":"https:\/\/miomiorun.com\/?post_type=product&#038;p=267482"},"modified":"2025-05-23T10:29:55","modified_gmt":"2025-05-23T08:29:55","slug":"adv-join-rn-sweatshirt-herren","status":"publish","type":"product","link":"https:\/\/www.miomiorun.com\/de\/produkt\/adv-join-rn-sweatshirt-herren\/","title":{"rendered":"ADV Join RN Sweatshirt herren"},"content":{"rendered":"<p>Das <strong>ADV Join RN Sweatshirt<\/strong> ist der perfekte Verb\u00fcndete f\u00fcr deinen allt\u00e4glichen Komfort, mit einem klaren, minimalistischen Design, das zu jedem Moment des Tages passt. Das Sweatshirt aus hochwertigem Material mit <strong>glatter Baumwoll-Au\u00dfenseite<\/strong> und <strong>weicher Polyester-Innenseite<\/strong> bietet unvergleichlichen Komfort, ideal f\u00fcr den Besuch im Fitnessstudio und die Entspannung zu Hause. Sein <strong>skandinavisches Design<\/strong> l\u00e4sst sich leicht mit jeder anderen Sportbekleidung kombinieren, w\u00e4hrend das <strong>gestickte Logo<\/strong> auf dem linken \u00c4rmel einen Hauch von Eleganz und Qualit\u00e4t verleiht. Mit seinem <strong>Rundhalsausschnitt<\/strong> und der <strong>regul\u00e4ren Passform<\/strong> ist das <strong>ADV Join RN<\/strong> das Sweatshirt, das Stil und Zweckm\u00e4\u00dfigkeit perfekt miteinander verbindet.<\/p>\n","protected":false},"excerpt":{"rendered":"<p>Das ADV Join RN Sweatshirt ist der perfekte Verb\u00fcndete f\u00fcr deinen allt\u00e4glichen Komfort, mit einem klaren, minimalistischen Design, das zu jedem Moment des Tages passt. Das Sweatshirt aus hochwertigem Material mit glatter Baumwoll-Au\u00dfenseite und weicher Polyester-Innenseite bietet unvergleichlichen Komfort, ideal f\u00fcr den Besuch im Fitnessstudio und die Entspannung zu Hause. Sein skandinavisches Design l\u00e4sst sich &hellip; <a href=\"https:\/\/www.miomiorun.com\/de\/produkt\/adv-join-rn-sweatshirt-herren\/\">Continued<\/a><\/p>\n","protected":false},"featured_media":301950,"template":"","meta":{"_acf_changed":false,"inline_featured_image":false},"product_brand":[],"product_cat":[6515,6540,6541],"product_tag":[6304,6234],"class_list":{"0":"post-267482","1":"product","2":"type-product","3":"status-publish","4":"has-post-thumbnail","6":"product_cat-herren-de","7":"product_cat-herrenbekleidung","8":"product_cat-langarmshirt","9":"product_tag-craft-de","10":"product_tag-craft-herren-de","11":"pa_attivita-gehen","12":"pa_attivita-lifestyle-de","13":"pa_colore-adv-join-rn-sweatshirt-m-grey-melange-de","14":"pa_marca-craft-de","15":"pa_sesso-herren","16":"pa_size-small-de","17":"pa_size-medium-de","19":"first","20":"instock","21":"sale","22":"taxable","23":"shipping-taxable","24":"purchasable","25":"product-type-variable","26":"wvs-archive-product-wrapper"},"acf":[],"yoast_head":"<!-- This site is optimized with the Yoast SEO plugin v26.8 - https:\/\/yoast.com\/product\/yoast-seo-wordpress\/ -->\n<title>Craft ADV Join RN Sweatshirt herren - Sweatshirt - MioMioRun.com<\/title>\n<meta name=\"description\" content=\"Das ADV Join RN Sweatshirt ist ein minimalistisches und bequemes Kleidungsst\u00fcck mit einer glatten Baumwollau\u00dfenseite und einer Polyesterinnenseite, perfekt f\u00fcr den t\u00e4glichen Gebrauch\" \/>\n<meta name=\"robots\" content=\"index, follow, max-snippet:-1, max-image-preview:large, max-video-preview:-1\" \/>\n<link rel=\"canonical\" href=\"https:\/\/www.miomiorun.com\/de\/produkt\/adv-join-rn-sweatshirt-herren\/\" \/>\n<meta property=\"og:locale\" content=\"de_DE\" \/>\n<meta property=\"og:type\" content=\"article\" \/>\n<meta property=\"og:title\" content=\"Craft ADV Join RN Sweatshirt herren - Sweatshirt - MioMioRun.com\" \/>\n<meta property=\"og:description\" content=\"Das ADV Join RN Sweatshirt ist ein minimalistisches und bequemes Kleidungsst\u00fcck mit einer glatten Baumwollau\u00dfenseite und einer Polyesterinnenseite, perfekt f\u00fcr den t\u00e4glichen Gebrauch\" \/>\n<meta property=\"og:url\" content=\"https:\/\/www.miomiorun.com\/de\/produkt\/adv-join-rn-sweatshirt-herren\/\" \/>\n<meta property=\"og:site_name\" content=\"MioMioRun\" \/>\n<meta property=\"article:publisher\" content=\"https:\/\/www.facebook.com\/miomiorun\/\" \/>\n<meta property=\"article:modified_time\" content=\"2025-05-23T08:29:55+00:00\" \/>\n<meta property=\"og:image\" content=\"https:\/\/www.miomiorun.com\/app\/uploads\/2025\/04\/craft-ADV-Join-RN-sweatshirt-M-grey-melange-1914707-950000.webp\" \/>\n\t<meta property=\"og:image:width\" content=\"600\" \/>\n\t<meta property=\"og:image:height\" content=\"600\" \/>\n\t<meta property=\"og:image:type\" content=\"image\/webp\" \/>\n<meta name=\"twitter:card\" content=\"summary_large_image\" \/>\n<meta name=\"twitter:label1\" content=\"Est. reading time\" \/>\n\t<meta name=\"twitter:data1\" content=\"1 minute\" \/>\n<script type=\"application\/ld+json\" class=\"yoast-schema-graph\">{\"@context\":\"https:\/\/schema.org\",\"@graph\":[{\"@type\":\"WebPage\",\"@id\":\"https:\/\/www.miomiorun.com\/de\/produkt\/adv-join-rn-sweatshirt-herren\/\",\"url\":\"https:\/\/www.miomiorun.com\/de\/produkt\/adv-join-rn-sweatshirt-herren\/\",\"name\":\"Craft ADV Join RN Sweatshirt herren - Sweatshirt - MioMioRun.com\",\"isPartOf\":{\"@id\":\"https:\/\/www.miomiorun.com\/de\/#website\"},\"primaryImageOfPage\":{\"@id\":\"https:\/\/www.miomiorun.com\/de\/produkt\/adv-join-rn-sweatshirt-herren\/#primaryimage\"},\"image\":{\"@id\":\"https:\/\/www.miomiorun.com\/de\/produkt\/adv-join-rn-sweatshirt-herren\/#primaryimage\"},\"thumbnailUrl\":\"https:\/\/www.miomiorun.com\/app\/uploads\/2025\/04\/craft-ADV-Join-RN-sweatshirt-M-grey-melange-1914707-950000.webp\",\"datePublished\":\"2025-03-20T11:09:01+00:00\",\"dateModified\":\"2025-05-23T08:29:55+00:00\",\"description\":\"Das ADV Join RN Sweatshirt ist ein minimalistisches und bequemes Kleidungsst\u00fcck mit einer glatten Baumwollau\u00dfenseite und einer Polyesterinnenseite, perfekt f\u00fcr den t\u00e4glichen Gebrauch\",\"breadcrumb\":{\"@id\":\"https:\/\/www.miomiorun.com\/de\/produkt\/adv-join-rn-sweatshirt-herren\/#breadcrumb\"},\"inLanguage\":\"de-DE\",\"potentialAction\":[{\"@type\":\"ReadAction\",\"target\":[\"https:\/\/www.miomiorun.com\/de\/produkt\/adv-join-rn-sweatshirt-herren\/\"]}]},{\"@type\":\"ImageObject\",\"inLanguage\":\"de-DE\",\"@id\":\"https:\/\/www.miomiorun.com\/de\/produkt\/adv-join-rn-sweatshirt-herren\/#primaryimage\",\"url\":\"https:\/\/www.miomiorun.com\/app\/uploads\/2025\/04\/craft-ADV-Join-RN-sweatshirt-M-grey-melange-1914707-950000.webp\",\"contentUrl\":\"https:\/\/www.miomiorun.com\/app\/uploads\/2025\/04\/craft-ADV-Join-RN-sweatshirt-M-grey-melange-1914707-950000.webp\",\"width\":600,\"height\":600,\"caption\":\"craft ADV Join RN sweatshirt M grey melange 1914707-950000\"},{\"@type\":\"BreadcrumbList\",\"@id\":\"https:\/\/www.miomiorun.com\/de\/produkt\/adv-join-rn-sweatshirt-herren\/#breadcrumb\",\"itemListElement\":[{\"@type\":\"ListItem\",\"position\":1,\"name\":\"Home\",\"item\":\"https:\/\/www.miomiorun.com\/de\/\"},{\"@type\":\"ListItem\",\"position\":2,\"name\":\"Shop\",\"item\":\"https:\/\/www.miomiorun.com\/shop\/\"},{\"@type\":\"ListItem\",\"position\":3,\"name\":\"ADV Join RN Sweatshirt herren\"}]},{\"@type\":\"WebSite\",\"@id\":\"https:\/\/www.miomiorun.com\/de\/#website\",\"url\":\"https:\/\/www.miomiorun.com\/de\/\",\"name\":\"MioMioRun\",\"description\":\"100% Lauf- und Trailshop\",\"publisher\":{\"@id\":\"https:\/\/www.miomiorun.com\/de\/#organization\"},\"potentialAction\":[{\"@type\":\"SearchAction\",\"target\":{\"@type\":\"EntryPoint\",\"urlTemplate\":\"https:\/\/www.miomiorun.com\/de\/?s={search_term_string}\"},\"query-input\":{\"@type\":\"PropertyValueSpecification\",\"valueRequired\":true,\"valueName\":\"search_term_string\"}}],\"inLanguage\":\"de-DE\"},{\"@type\":\"Organization\",\"@id\":\"https:\/\/www.miomiorun.com\/de\/#organization\",\"name\":\"MioMio Run\",\"url\":\"https:\/\/www.miomiorun.com\/de\/\",\"logo\":{\"@type\":\"ImageObject\",\"inLanguage\":\"de-DE\",\"@id\":\"https:\/\/www.miomiorun.com\/de\/#\/schema\/logo\/image\/\",\"url\":\"https:\/\/www.miomiorun.com\/app\/uploads\/2019\/12\/logomio.png\",\"contentUrl\":\"https:\/\/www.miomiorun.com\/app\/uploads\/2019\/12\/logomio.png\",\"width\":115,\"height\":82,\"caption\":\"MioMio Run\"},\"image\":{\"@id\":\"https:\/\/www.miomiorun.com\/de\/#\/schema\/logo\/image\/\"},\"sameAs\":[\"https:\/\/www.facebook.com\/miomiorun\/\",\"https:\/\/www.instagram.com\/miomiorun\/\"]}]}<\/script>\n<!-- \/ Yoast SEO plugin. -->","yoast_head_json":{"title":"Craft ADV Join RN Sweatshirt herren - Sweatshirt - MioMioRun.com","description":"Das ADV Join RN Sweatshirt ist ein minimalistisches und bequemes Kleidungsst\u00fcck mit einer glatten Baumwollau\u00dfenseite und einer Polyesterinnenseite, perfekt f\u00fcr den t\u00e4glichen Gebrauch","robots":{"index":"index","follow":"follow","max-snippet":"max-snippet:-1","max-image-preview":"max-image-preview:large","max-video-preview":"max-video-preview:-1"},"canonical":"https:\/\/www.miomiorun.com\/de\/produkt\/adv-join-rn-sweatshirt-herren\/","og_locale":"de_DE","og_type":"article","og_title":"Craft ADV Join RN Sweatshirt herren - Sweatshirt - MioMioRun.com","og_description":"Das ADV Join RN Sweatshirt ist ein minimalistisches und bequemes Kleidungsst\u00fcck mit einer glatten Baumwollau\u00dfenseite und einer Polyesterinnenseite, perfekt f\u00fcr den t\u00e4glichen Gebrauch","og_url":"https:\/\/www.miomiorun.com\/de\/produkt\/adv-join-rn-sweatshirt-herren\/","og_site_name":"MioMioRun","article_publisher":"https:\/\/www.facebook.com\/miomiorun\/","article_modified_time":"2025-05-23T08:29:55+00:00","og_image":[{"width":600,"height":600,"url":"https:\/\/www.miomiorun.com\/app\/uploads\/2025\/04\/craft-ADV-Join-RN-sweatshirt-M-grey-melange-1914707-950000.webp","type":"image\/webp"}],"twitter_card":"summary_large_image","twitter_misc":{"Est. reading time":"1 minute"},"schema":{"@context":"https:\/\/schema.org","@graph":[{"@type":"WebPage","@id":"https:\/\/www.miomiorun.com\/de\/produkt\/adv-join-rn-sweatshirt-herren\/","url":"https:\/\/www.miomiorun.com\/de\/produkt\/adv-join-rn-sweatshirt-herren\/","name":"Craft ADV Join RN Sweatshirt herren - Sweatshirt - MioMioRun.com","isPartOf":{"@id":"https:\/\/www.miomiorun.com\/de\/#website"},"primaryImageOfPage":{"@id":"https:\/\/www.miomiorun.com\/de\/produkt\/adv-join-rn-sweatshirt-herren\/#primaryimage"},"image":{"@id":"https:\/\/www.miomiorun.com\/de\/produkt\/adv-join-rn-sweatshirt-herren\/#primaryimage"},"thumbnailUrl":"https:\/\/www.miomiorun.com\/app\/uploads\/2025\/04\/craft-ADV-Join-RN-sweatshirt-M-grey-melange-1914707-950000.webp","datePublished":"2025-03-20T11:09:01+00:00","dateModified":"2025-05-23T08:29:55+00:00","description":"Das ADV Join RN Sweatshirt ist ein minimalistisches und bequemes Kleidungsst\u00fcck mit einer glatten Baumwollau\u00dfenseite und einer Polyesterinnenseite, perfekt f\u00fcr den t\u00e4glichen Gebrauch","breadcrumb":{"@id":"https:\/\/www.miomiorun.com\/de\/produkt\/adv-join-rn-sweatshirt-herren\/#breadcrumb"},"inLanguage":"de-DE","potentialAction":[{"@type":"ReadAction","target":["https:\/\/www.miomiorun.com\/de\/produkt\/adv-join-rn-sweatshirt-herren\/"]}]},{"@type":"ImageObject","inLanguage":"de-DE","@id":"https:\/\/www.miomiorun.com\/de\/produkt\/adv-join-rn-sweatshirt-herren\/#primaryimage","url":"https:\/\/www.miomiorun.com\/app\/uploads\/2025\/04\/craft-ADV-Join-RN-sweatshirt-M-grey-melange-1914707-950000.webp","contentUrl":"https:\/\/www.miomiorun.com\/app\/uploads\/2025\/04\/craft-ADV-Join-RN-sweatshirt-M-grey-melange-1914707-950000.webp","width":600,"height":600,"caption":"craft ADV Join RN sweatshirt M grey melange 1914707-950000"},{"@type":"BreadcrumbList","@id":"https:\/\/www.miomiorun.com\/de\/produkt\/adv-join-rn-sweatshirt-herren\/#breadcrumb","itemListElement":[{"@type":"ListItem","position":1,"name":"Home","item":"https:\/\/www.miomiorun.com\/de\/"},{"@type":"ListItem","position":2,"name":"Shop","item":"https:\/\/www.miomiorun.com\/shop\/"},{"@type":"ListItem","position":3,"name":"ADV Join RN Sweatshirt herren"}]},{"@type":"WebSite","@id":"https:\/\/www.miomiorun.com\/de\/#website","url":"https:\/\/www.miomiorun.com\/de\/","name":"MioMioRun","description":"100% Lauf- und Trailshop","publisher":{"@id":"https:\/\/www.miomiorun.com\/de\/#organization"},"potentialAction":[{"@type":"SearchAction","target":{"@type":"EntryPoint","urlTemplate":"https:\/\/www.miomiorun.com\/de\/?s={search_term_string}"},"query-input":{"@type":"PropertyValueSpecification","valueRequired":true,"valueName":"search_term_string"}}],"inLanguage":"de-DE"},{"@type":"Organization","@id":"https:\/\/www.miomiorun.com\/de\/#organization","name":"MioMio Run","url":"https:\/\/www.miomiorun.com\/de\/","logo":{"@type":"ImageObject","inLanguage":"de-DE","@id":"https:\/\/www.miomiorun.com\/de\/#\/schema\/logo\/image\/","url":"https:\/\/www.miomiorun.com\/app\/uploads\/2019\/12\/logomio.png","contentUrl":"https:\/\/www.miomiorun.com\/app\/uploads\/2019\/12\/logomio.png","width":115,"height":82,"caption":"MioMio Run"},"image":{"@id":"https:\/\/www.miomiorun.com\/de\/#\/schema\/logo\/image\/"},"sameAs":["https:\/\/www.facebook.com\/miomiorun\/","https:\/\/www.instagram.com\/miomiorun\/"]}]}},"_links":{"self":[{"href":"https:\/\/www.miomiorun.com\/de\/wp-json\/wp\/v2\/product\/267482","targetHints":{"allow":["GET"]}}],"collection":[{"href":"https:\/\/www.miomiorun.com\/de\/wp-json\/wp\/v2\/product"}],"about":[{"href":"https:\/\/www.miomiorun.com\/de\/wp-json\/wp\/v2\/types\/product"}],"wp:featuredmedia":[{"embeddable":true,"href":"https:\/\/www.miomiorun.com\/de\/wp-json\/wp\/v2\/media\/301950"}],"wp:attachment":[{"href":"https:\/\/www.miomiorun.com\/de\/wp-json\/wp\/v2\/media?parent=267482"}],"wp:term":[{"taxonomy":"product_brand","embeddable":true,"href":"https:\/\/www.miomiorun.com\/de\/wp-json\/wp\/v2\/product_brand?post=267482"},{"taxonomy":"product_cat","embeddable":true,"href":"https:\/\/www.miomiorun.com\/de\/wp-json\/wp\/v2\/product_cat?post=267482"},{"taxonomy":"product_tag","embeddable":true,"href":"https:\/\/www.miomiorun.com\/de\/wp-json\/wp\/v2\/product_tag?post=267482"}],"curies":[{"name":"wp","href":"https:\/\/api.w.org\/{rel}","templated":true}]}}