{"id":267446,"date":"2025-03-20T11:54:51","date_gmt":"2025-03-20T10:54:51","guid":{"rendered":"https:\/\/miomiorun.com\/?post_type=product&#038;p=267446"},"modified":"2026-05-08T22:35:15","modified_gmt":"2026-05-08T20:35:15","slug":"collective-structure-shorts-herren","status":"publish","type":"product","link":"https:\/\/www.miomiorun.com\/de\/produkt\/collective-structure-shorts-herren\/","title":{"rendered":"Collective Structure Shorts herren"},"content":{"rendered":"<p>Die <strong>Collective Structure Shorts<\/strong> sind ideal f\u00fcr alle, die die perfekte Balance zwischen Komfort, Leistung und Stil suchen. Die Shorts aus einem <strong>Stretchmaterial aus recyceltem Polyester und Elastan<\/strong> bieten eine <strong>strukturierte Jacquard-Oberfl\u00e4che<\/strong>, die sie nicht nur bequem, sondern auch stylisch macht &#8211; perfekt f\u00fcr jede Gelegenheit, vom Training bis zum Alltag.<\/p>\n<p>Der<strong>elastische Bund mit verstellbarem Kordelzug<\/strong> sorgt f\u00fcr eine individuelle Passform, w\u00e4hrend die <strong>beiden Seitentaschen<\/strong> und die <strong>Ges\u00e4\u00dftasche mit Rei\u00dfverschluss<\/strong> ausreichend Platz f\u00fcr Ihre wichtigsten Utensilien bieten. Ihre <strong>regul\u00e4re Passform<\/strong> macht sie vielseitig und geeignet f\u00fcr alle Arten von Aktivit\u00e4ten, ob sportlich oder leger.<\/p>\n<p>Mit den <strong>Collective Structure Shorts<\/strong> k\u00f6nnen Sie jede Herausforderung mit Stil und Komfort meistern, ohne Kompromisse bei der Leistung einzugehen.<\/p>\n","protected":false},"excerpt":{"rendered":"<p>Die Collective Structure Shorts sind ideal f\u00fcr alle, die die perfekte Balance zwischen Komfort, Leistung und Stil suchen. Die Shorts aus einem Stretchmaterial aus recyceltem Polyester und Elastan bieten eine strukturierte Jacquard-Oberfl\u00e4che, die sie nicht nur bequem, sondern auch stylisch macht &#8211; perfekt f\u00fcr jede Gelegenheit, vom Training bis zum Alltag. Derelastische Bund mit verstellbarem &hellip; <a href=\"https:\/\/www.miomiorun.com\/de\/produkt\/collective-structure-shorts-herren\/\">Continued<\/a><\/p>\n","protected":false},"featured_media":301938,"template":"","meta":{"_acf_changed":false,"inline_featured_image":false},"product_brand":[],"product_cat":[6540,6510],"product_tag":[6304,6234],"class_list":{"0":"post-267446","1":"product","2":"type-product","3":"status-publish","4":"has-post-thumbnail","6":"product_cat-herrenbekleidung","7":"product_cat-shorts","8":"product_tag-craft-de","9":"product_tag-craft-herren-de","10":"pa_attivita-gehen","11":"pa_attivita-running-de","12":"pa_colore-collective-structure-shorts-m-black-de","13":"pa_marca-craft-de","14":"pa_sesso-herren","15":"pa_size-medium-de","17":"first","18":"instock","19":"sale","20":"taxable","21":"shipping-taxable","22":"purchasable","23":"product-type-variable","24":"wvs-archive-product-wrapper"},"acf":[],"yoast_head":"<!-- This site is optimized with the Yoast SEO plugin v26.8 - https:\/\/yoast.com\/product\/yoast-seo-wordpress\/ -->\n<title>Craft Collective Structure Shorts herren - Herrenshorts- MioMioRun<\/title>\n<meta name=\"description\" content=\"Die Collective Structure Shorts kombinieren Komfort, Leistung und Stil mit verstellbaren Kordelz\u00fcgen und praktischen Taschen f\u00fcr einen vielseitigen und funktionellen Look.\" \/>\n<meta name=\"robots\" content=\"index, follow, max-snippet:-1, max-image-preview:large, max-video-preview:-1\" \/>\n<link rel=\"canonical\" href=\"https:\/\/www.miomiorun.com\/de\/produkt\/collective-structure-shorts-herren\/\" \/>\n<meta property=\"og:locale\" content=\"de_DE\" \/>\n<meta property=\"og:type\" content=\"article\" \/>\n<meta property=\"og:title\" content=\"Craft Collective Structure Shorts herren - Herrenshorts- MioMioRun\" \/>\n<meta property=\"og:description\" content=\"Die Collective Structure Shorts kombinieren Komfort, Leistung und Stil mit verstellbaren Kordelz\u00fcgen und praktischen Taschen f\u00fcr einen vielseitigen und funktionellen Look.\" \/>\n<meta property=\"og:url\" content=\"https:\/\/www.miomiorun.com\/de\/produkt\/collective-structure-shorts-herren\/\" \/>\n<meta property=\"og:site_name\" content=\"MioMioRun\" \/>\n<meta property=\"article:publisher\" content=\"https:\/\/www.facebook.com\/miomiorun\/\" \/>\n<meta property=\"article:modified_time\" content=\"2026-05-08T20:35:15+00:00\" \/>\n<meta property=\"og:image\" content=\"https:\/\/www.miomiorun.com\/app\/uploads\/2025\/04\/craft-Collective-structure-shorts-M-black-1916036-999000.webp\" \/>\n\t<meta property=\"og:image:width\" content=\"600\" \/>\n\t<meta property=\"og:image:height\" content=\"600\" \/>\n\t<meta property=\"og:image:type\" content=\"image\/webp\" \/>\n<meta name=\"twitter:card\" content=\"summary_large_image\" \/>\n<meta name=\"twitter:label1\" content=\"Est. reading time\" \/>\n\t<meta name=\"twitter:data1\" content=\"1 minute\" \/>\n<script type=\"application\/ld+json\" class=\"yoast-schema-graph\">{\"@context\":\"https:\/\/schema.org\",\"@graph\":[{\"@type\":\"WebPage\",\"@id\":\"https:\/\/www.miomiorun.com\/de\/produkt\/collective-structure-shorts-herren\/\",\"url\":\"https:\/\/www.miomiorun.com\/de\/produkt\/collective-structure-shorts-herren\/\",\"name\":\"Craft Collective Structure Shorts herren - Herrenshorts- MioMioRun\",\"isPartOf\":{\"@id\":\"https:\/\/www.miomiorun.com\/de\/#website\"},\"primaryImageOfPage\":{\"@id\":\"https:\/\/www.miomiorun.com\/de\/produkt\/collective-structure-shorts-herren\/#primaryimage\"},\"image\":{\"@id\":\"https:\/\/www.miomiorun.com\/de\/produkt\/collective-structure-shorts-herren\/#primaryimage\"},\"thumbnailUrl\":\"https:\/\/www.miomiorun.com\/app\/uploads\/2025\/04\/craft-Collective-structure-shorts-M-black-1916036-999000.webp\",\"datePublished\":\"2025-03-20T10:54:51+00:00\",\"dateModified\":\"2026-05-08T20:35:15+00:00\",\"description\":\"Die Collective Structure Shorts kombinieren Komfort, Leistung und Stil mit verstellbaren Kordelz\u00fcgen und praktischen Taschen f\u00fcr einen vielseitigen und funktionellen Look.\",\"breadcrumb\":{\"@id\":\"https:\/\/www.miomiorun.com\/de\/produkt\/collective-structure-shorts-herren\/#breadcrumb\"},\"inLanguage\":\"de-DE\",\"potentialAction\":[{\"@type\":\"ReadAction\",\"target\":[\"https:\/\/www.miomiorun.com\/de\/produkt\/collective-structure-shorts-herren\/\"]}]},{\"@type\":\"ImageObject\",\"inLanguage\":\"de-DE\",\"@id\":\"https:\/\/www.miomiorun.com\/de\/produkt\/collective-structure-shorts-herren\/#primaryimage\",\"url\":\"https:\/\/www.miomiorun.com\/app\/uploads\/2025\/04\/craft-Collective-structure-shorts-M-black-1916036-999000.webp\",\"contentUrl\":\"https:\/\/www.miomiorun.com\/app\/uploads\/2025\/04\/craft-Collective-structure-shorts-M-black-1916036-999000.webp\",\"width\":600,\"height\":600,\"caption\":\"craft Collective structure shorts M black 1916036-999000\"},{\"@type\":\"BreadcrumbList\",\"@id\":\"https:\/\/www.miomiorun.com\/de\/produkt\/collective-structure-shorts-herren\/#breadcrumb\",\"itemListElement\":[{\"@type\":\"ListItem\",\"position\":1,\"name\":\"Home\",\"item\":\"https:\/\/www.miomiorun.com\/de\/\"},{\"@type\":\"ListItem\",\"position\":2,\"name\":\"Shop\",\"item\":\"https:\/\/www.miomiorun.com\/shop\/\"},{\"@type\":\"ListItem\",\"position\":3,\"name\":\"Collective Structure Shorts herren\"}]},{\"@type\":\"WebSite\",\"@id\":\"https:\/\/www.miomiorun.com\/de\/#website\",\"url\":\"https:\/\/www.miomiorun.com\/de\/\",\"name\":\"MioMioRun\",\"description\":\"100% Lauf- und Trailshop\",\"publisher\":{\"@id\":\"https:\/\/www.miomiorun.com\/de\/#organization\"},\"potentialAction\":[{\"@type\":\"SearchAction\",\"target\":{\"@type\":\"EntryPoint\",\"urlTemplate\":\"https:\/\/www.miomiorun.com\/de\/?s={search_term_string}\"},\"query-input\":{\"@type\":\"PropertyValueSpecification\",\"valueRequired\":true,\"valueName\":\"search_term_string\"}}],\"inLanguage\":\"de-DE\"},{\"@type\":\"Organization\",\"@id\":\"https:\/\/www.miomiorun.com\/de\/#organization\",\"name\":\"MioMio Run\",\"url\":\"https:\/\/www.miomiorun.com\/de\/\",\"logo\":{\"@type\":\"ImageObject\",\"inLanguage\":\"de-DE\",\"@id\":\"https:\/\/www.miomiorun.com\/de\/#\/schema\/logo\/image\/\",\"url\":\"https:\/\/www.miomiorun.com\/app\/uploads\/2019\/12\/logomio.png\",\"contentUrl\":\"https:\/\/www.miomiorun.com\/app\/uploads\/2019\/12\/logomio.png\",\"width\":115,\"height\":82,\"caption\":\"MioMio Run\"},\"image\":{\"@id\":\"https:\/\/www.miomiorun.com\/de\/#\/schema\/logo\/image\/\"},\"sameAs\":[\"https:\/\/www.facebook.com\/miomiorun\/\",\"https:\/\/www.instagram.com\/miomiorun\/\"]}]}<\/script>\n<!-- \/ Yoast SEO plugin. -->","yoast_head_json":{"title":"Craft Collective Structure Shorts herren - Herrenshorts- MioMioRun","description":"Die Collective Structure Shorts kombinieren Komfort, Leistung und Stil mit verstellbaren Kordelz\u00fcgen und praktischen Taschen f\u00fcr einen vielseitigen und funktionellen Look.","robots":{"index":"index","follow":"follow","max-snippet":"max-snippet:-1","max-image-preview":"max-image-preview:large","max-video-preview":"max-video-preview:-1"},"canonical":"https:\/\/www.miomiorun.com\/de\/produkt\/collective-structure-shorts-herren\/","og_locale":"de_DE","og_type":"article","og_title":"Craft Collective Structure Shorts herren - Herrenshorts- MioMioRun","og_description":"Die Collective Structure Shorts kombinieren Komfort, Leistung und Stil mit verstellbaren Kordelz\u00fcgen und praktischen Taschen f\u00fcr einen vielseitigen und funktionellen Look.","og_url":"https:\/\/www.miomiorun.com\/de\/produkt\/collective-structure-shorts-herren\/","og_site_name":"MioMioRun","article_publisher":"https:\/\/www.facebook.com\/miomiorun\/","article_modified_time":"2026-05-08T20:35:15+00:00","og_image":[{"width":600,"height":600,"url":"https:\/\/www.miomiorun.com\/app\/uploads\/2025\/04\/craft-Collective-structure-shorts-M-black-1916036-999000.webp","type":"image\/webp"}],"twitter_card":"summary_large_image","twitter_misc":{"Est. reading time":"1 minute"},"schema":{"@context":"https:\/\/schema.org","@graph":[{"@type":"WebPage","@id":"https:\/\/www.miomiorun.com\/de\/produkt\/collective-structure-shorts-herren\/","url":"https:\/\/www.miomiorun.com\/de\/produkt\/collective-structure-shorts-herren\/","name":"Craft Collective Structure Shorts herren - Herrenshorts- MioMioRun","isPartOf":{"@id":"https:\/\/www.miomiorun.com\/de\/#website"},"primaryImageOfPage":{"@id":"https:\/\/www.miomiorun.com\/de\/produkt\/collective-structure-shorts-herren\/#primaryimage"},"image":{"@id":"https:\/\/www.miomiorun.com\/de\/produkt\/collective-structure-shorts-herren\/#primaryimage"},"thumbnailUrl":"https:\/\/www.miomiorun.com\/app\/uploads\/2025\/04\/craft-Collective-structure-shorts-M-black-1916036-999000.webp","datePublished":"2025-03-20T10:54:51+00:00","dateModified":"2026-05-08T20:35:15+00:00","description":"Die Collective Structure Shorts kombinieren Komfort, Leistung und Stil mit verstellbaren Kordelz\u00fcgen und praktischen Taschen f\u00fcr einen vielseitigen und funktionellen Look.","breadcrumb":{"@id":"https:\/\/www.miomiorun.com\/de\/produkt\/collective-structure-shorts-herren\/#breadcrumb"},"inLanguage":"de-DE","potentialAction":[{"@type":"ReadAction","target":["https:\/\/www.miomiorun.com\/de\/produkt\/collective-structure-shorts-herren\/"]}]},{"@type":"ImageObject","inLanguage":"de-DE","@id":"https:\/\/www.miomiorun.com\/de\/produkt\/collective-structure-shorts-herren\/#primaryimage","url":"https:\/\/www.miomiorun.com\/app\/uploads\/2025\/04\/craft-Collective-structure-shorts-M-black-1916036-999000.webp","contentUrl":"https:\/\/www.miomiorun.com\/app\/uploads\/2025\/04\/craft-Collective-structure-shorts-M-black-1916036-999000.webp","width":600,"height":600,"caption":"craft Collective structure shorts M black 1916036-999000"},{"@type":"BreadcrumbList","@id":"https:\/\/www.miomiorun.com\/de\/produkt\/collective-structure-shorts-herren\/#breadcrumb","itemListElement":[{"@type":"ListItem","position":1,"name":"Home","item":"https:\/\/www.miomiorun.com\/de\/"},{"@type":"ListItem","position":2,"name":"Shop","item":"https:\/\/www.miomiorun.com\/shop\/"},{"@type":"ListItem","position":3,"name":"Collective Structure Shorts herren"}]},{"@type":"WebSite","@id":"https:\/\/www.miomiorun.com\/de\/#website","url":"https:\/\/www.miomiorun.com\/de\/","name":"MioMioRun","description":"100% Lauf- und Trailshop","publisher":{"@id":"https:\/\/www.miomiorun.com\/de\/#organization"},"potentialAction":[{"@type":"SearchAction","target":{"@type":"EntryPoint","urlTemplate":"https:\/\/www.miomiorun.com\/de\/?s={search_term_string}"},"query-input":{"@type":"PropertyValueSpecification","valueRequired":true,"valueName":"search_term_string"}}],"inLanguage":"de-DE"},{"@type":"Organization","@id":"https:\/\/www.miomiorun.com\/de\/#organization","name":"MioMio Run","url":"https:\/\/www.miomiorun.com\/de\/","logo":{"@type":"ImageObject","inLanguage":"de-DE","@id":"https:\/\/www.miomiorun.com\/de\/#\/schema\/logo\/image\/","url":"https:\/\/www.miomiorun.com\/app\/uploads\/2019\/12\/logomio.png","contentUrl":"https:\/\/www.miomiorun.com\/app\/uploads\/2019\/12\/logomio.png","width":115,"height":82,"caption":"MioMio Run"},"image":{"@id":"https:\/\/www.miomiorun.com\/de\/#\/schema\/logo\/image\/"},"sameAs":["https:\/\/www.facebook.com\/miomiorun\/","https:\/\/www.instagram.com\/miomiorun\/"]}]}},"_links":{"self":[{"href":"https:\/\/www.miomiorun.com\/de\/wp-json\/wp\/v2\/product\/267446","targetHints":{"allow":["GET"]}}],"collection":[{"href":"https:\/\/www.miomiorun.com\/de\/wp-json\/wp\/v2\/product"}],"about":[{"href":"https:\/\/www.miomiorun.com\/de\/wp-json\/wp\/v2\/types\/product"}],"wp:featuredmedia":[{"embeddable":true,"href":"https:\/\/www.miomiorun.com\/de\/wp-json\/wp\/v2\/media\/301938"}],"wp:attachment":[{"href":"https:\/\/www.miomiorun.com\/de\/wp-json\/wp\/v2\/media?parent=267446"}],"wp:term":[{"taxonomy":"product_brand","embeddable":true,"href":"https:\/\/www.miomiorun.com\/de\/wp-json\/wp\/v2\/product_brand?post=267446"},{"taxonomy":"product_cat","embeddable":true,"href":"https:\/\/www.miomiorun.com\/de\/wp-json\/wp\/v2\/product_cat?post=267446"},{"taxonomy":"product_tag","embeddable":true,"href":"https:\/\/www.miomiorun.com\/de\/wp-json\/wp\/v2\/product_tag?post=267446"}],"curies":[{"name":"wp","href":"https:\/\/api.w.org\/{rel}","templated":true}]}}