{"id":267436,"date":"2025-03-20T11:05:01","date_gmt":"2025-03-20T10:05:01","guid":{"rendered":"https:\/\/miomiorun.com\/?post_type=product&#038;p=267436"},"modified":"2026-05-08T22:35:14","modified_gmt":"2026-05-08T20:35:14","slug":"adv-essence-shorts-2-herren","status":"publish","type":"product","link":"https:\/\/www.miomiorun.com\/de\/produkt\/adv-essence-shorts-2-herren\/","title":{"rendered":"ADV Essence Shorts 2 herren"},"content":{"rendered":"<p>Die <strong>ADV Essence Shorts 2<\/strong> sind die idealen Trainingsshorts f\u00fcr alle, die beim Training hohe Leistung und Komfort suchen. Diese leichten Shorts aus <strong>recyceltem Polyester und Elasthan<\/strong> bieten dank des elastischen Materials, das sich perfekt an den K\u00f6rper anpasst, <strong>hervorragende Atmungsaktivit\u00e4t<\/strong> und <strong>Bewegungsfreiheit<\/strong>.<\/p>\n<p>Die <strong>perforierten Details<\/strong> verbessern die Bel\u00fcftung zus\u00e4tzlich und halten dich auch bei intensiven Trainingseinheiten k\u00fchl, w\u00e4hrend der <strong>Kordelzug an der Taille<\/strong> f\u00fcr eine perfekte Passform sorgt. Mit <strong>zwei ger\u00e4umigen Seitentaschen<\/strong> kannst du deine wichtigsten Utensilien mitnehmen und dich ganz auf dein Training konzentrieren. Der <strong>Schritt von ca. 17 cm<\/strong> in Gr\u00f6\u00dfe M garantiert optimale Bewegungsfreiheit.<\/p>\n<p>&nbsp;<\/p>\n","protected":false},"excerpt":{"rendered":"<p>Die ADV Essence Shorts 2 sind die idealen Trainingsshorts f\u00fcr alle, die beim Training hohe Leistung und Komfort suchen. Diese leichten Shorts aus recyceltem Polyester und Elasthan bieten dank des elastischen Materials, das sich perfekt an den K\u00f6rper anpasst, hervorragende Atmungsaktivit\u00e4t und Bewegungsfreiheit. Die perforierten Details verbessern die Bel\u00fcftung zus\u00e4tzlich und halten dich auch bei &hellip; <a href=\"https:\/\/www.miomiorun.com\/de\/produkt\/adv-essence-shorts-2-herren\/\">Continued<\/a><\/p>\n","protected":false},"featured_media":301861,"template":"","meta":{"_acf_changed":false,"inline_featured_image":false},"product_brand":[],"product_cat":[6540,6510],"product_tag":[6304,6234],"class_list":{"0":"post-267436","1":"product","2":"type-product","3":"status-publish","4":"has-post-thumbnail","6":"product_cat-herrenbekleidung","7":"product_cat-shorts","8":"product_tag-craft-de","9":"product_tag-craft-herren-de","10":"pa_attivita-gehen","11":"pa_attivita-running-de","12":"pa_colore-adv-essence-shorts-m-black-de","13":"pa_colore-adv-essence-shorts-m-blaze-de","14":"pa_colore-adv-essence-shorts-m-cloud-de","15":"pa_marca-craft-de","16":"pa_sesso-herren","17":"pa_size-small-de","18":"pa_size-medium-de","19":"pa_size-large-de","21":"first","22":"instock","23":"sale","24":"taxable","25":"shipping-taxable","26":"purchasable","27":"product-type-variable","28":"wvs-archive-product-wrapper"},"acf":[],"yoast_head":"<!-- This site is optimized with the Yoast SEO plugin v26.8 - https:\/\/yoast.com\/product\/yoast-seo-wordpress\/ -->\n<title>Craft ADV Essence Shorts 2 herren - Herrenshorts - MioMioRun<\/title>\n<meta name=\"description\" content=\"Die ADV Essence Shorts 2 sind leichte und funktionelle Trainingsshorts mit perforierten Details, Seitentaschen und Kordelzug f\u00fcr eine gute Passform.\" \/>\n<meta name=\"robots\" content=\"index, follow, max-snippet:-1, max-image-preview:large, max-video-preview:-1\" \/>\n<link rel=\"canonical\" href=\"https:\/\/www.miomiorun.com\/de\/produkt\/adv-essence-shorts-2-herren\/\" \/>\n<meta property=\"og:locale\" content=\"de_DE\" \/>\n<meta property=\"og:type\" content=\"article\" \/>\n<meta property=\"og:title\" content=\"Craft ADV Essence Shorts 2 herren - Herrenshorts - MioMioRun\" \/>\n<meta property=\"og:description\" content=\"Die ADV Essence Shorts 2 sind leichte und funktionelle Trainingsshorts mit perforierten Details, Seitentaschen und Kordelzug f\u00fcr eine gute Passform.\" \/>\n<meta property=\"og:url\" content=\"https:\/\/www.miomiorun.com\/de\/produkt\/adv-essence-shorts-2-herren\/\" \/>\n<meta property=\"og:site_name\" content=\"MioMioRun\" \/>\n<meta property=\"article:publisher\" content=\"https:\/\/www.facebook.com\/miomiorun\/\" \/>\n<meta property=\"article:modified_time\" content=\"2026-05-08T20:35:14+00:00\" \/>\n<meta property=\"og:image\" content=\"https:\/\/www.miomiorun.com\/app\/uploads\/2025\/04\/craft-ADV-essence-shorts-M-blaze-1915951-396000.webp\" \/>\n\t<meta property=\"og:image:width\" content=\"600\" \/>\n\t<meta property=\"og:image:height\" content=\"600\" \/>\n\t<meta property=\"og:image:type\" content=\"image\/webp\" \/>\n<meta name=\"twitter:card\" content=\"summary_large_image\" \/>\n<meta name=\"twitter:label1\" content=\"Est. reading time\" \/>\n\t<meta name=\"twitter:data1\" content=\"1 minute\" \/>\n<script type=\"application\/ld+json\" class=\"yoast-schema-graph\">{\"@context\":\"https:\/\/schema.org\",\"@graph\":[{\"@type\":\"WebPage\",\"@id\":\"https:\/\/www.miomiorun.com\/de\/produkt\/adv-essence-shorts-2-herren\/\",\"url\":\"https:\/\/www.miomiorun.com\/de\/produkt\/adv-essence-shorts-2-herren\/\",\"name\":\"Craft ADV Essence Shorts 2 herren - Herrenshorts - MioMioRun\",\"isPartOf\":{\"@id\":\"https:\/\/www.miomiorun.com\/de\/#website\"},\"primaryImageOfPage\":{\"@id\":\"https:\/\/www.miomiorun.com\/de\/produkt\/adv-essence-shorts-2-herren\/#primaryimage\"},\"image\":{\"@id\":\"https:\/\/www.miomiorun.com\/de\/produkt\/adv-essence-shorts-2-herren\/#primaryimage\"},\"thumbnailUrl\":\"https:\/\/www.miomiorun.com\/app\/uploads\/2025\/04\/craft-ADV-essence-shorts-M-blaze-1915951-396000.webp\",\"datePublished\":\"2025-03-20T10:05:01+00:00\",\"dateModified\":\"2026-05-08T20:35:14+00:00\",\"description\":\"Die ADV Essence Shorts 2 sind leichte und funktionelle Trainingsshorts mit perforierten Details, Seitentaschen und Kordelzug f\u00fcr eine gute Passform.\",\"breadcrumb\":{\"@id\":\"https:\/\/www.miomiorun.com\/de\/produkt\/adv-essence-shorts-2-herren\/#breadcrumb\"},\"inLanguage\":\"de-DE\",\"potentialAction\":[{\"@type\":\"ReadAction\",\"target\":[\"https:\/\/www.miomiorun.com\/de\/produkt\/adv-essence-shorts-2-herren\/\"]}]},{\"@type\":\"ImageObject\",\"inLanguage\":\"de-DE\",\"@id\":\"https:\/\/www.miomiorun.com\/de\/produkt\/adv-essence-shorts-2-herren\/#primaryimage\",\"url\":\"https:\/\/www.miomiorun.com\/app\/uploads\/2025\/04\/craft-ADV-essence-shorts-M-blaze-1915951-396000.webp\",\"contentUrl\":\"https:\/\/www.miomiorun.com\/app\/uploads\/2025\/04\/craft-ADV-essence-shorts-M-blaze-1915951-396000.webp\",\"width\":600,\"height\":600,\"caption\":\"craft ADV essence shorts M blaze 1915951-396000\"},{\"@type\":\"BreadcrumbList\",\"@id\":\"https:\/\/www.miomiorun.com\/de\/produkt\/adv-essence-shorts-2-herren\/#breadcrumb\",\"itemListElement\":[{\"@type\":\"ListItem\",\"position\":1,\"name\":\"Home\",\"item\":\"https:\/\/www.miomiorun.com\/de\/\"},{\"@type\":\"ListItem\",\"position\":2,\"name\":\"Shop\",\"item\":\"https:\/\/www.miomiorun.com\/shop\/\"},{\"@type\":\"ListItem\",\"position\":3,\"name\":\"ADV Essence Shorts 2 herren\"}]},{\"@type\":\"WebSite\",\"@id\":\"https:\/\/www.miomiorun.com\/de\/#website\",\"url\":\"https:\/\/www.miomiorun.com\/de\/\",\"name\":\"MioMioRun\",\"description\":\"100% Lauf- und Trailshop\",\"publisher\":{\"@id\":\"https:\/\/www.miomiorun.com\/de\/#organization\"},\"potentialAction\":[{\"@type\":\"SearchAction\",\"target\":{\"@type\":\"EntryPoint\",\"urlTemplate\":\"https:\/\/www.miomiorun.com\/de\/?s={search_term_string}\"},\"query-input\":{\"@type\":\"PropertyValueSpecification\",\"valueRequired\":true,\"valueName\":\"search_term_string\"}}],\"inLanguage\":\"de-DE\"},{\"@type\":\"Organization\",\"@id\":\"https:\/\/www.miomiorun.com\/de\/#organization\",\"name\":\"MioMio Run\",\"url\":\"https:\/\/www.miomiorun.com\/de\/\",\"logo\":{\"@type\":\"ImageObject\",\"inLanguage\":\"de-DE\",\"@id\":\"https:\/\/www.miomiorun.com\/de\/#\/schema\/logo\/image\/\",\"url\":\"https:\/\/www.miomiorun.com\/app\/uploads\/2019\/12\/logomio.png\",\"contentUrl\":\"https:\/\/www.miomiorun.com\/app\/uploads\/2019\/12\/logomio.png\",\"width\":115,\"height\":82,\"caption\":\"MioMio Run\"},\"image\":{\"@id\":\"https:\/\/www.miomiorun.com\/de\/#\/schema\/logo\/image\/\"},\"sameAs\":[\"https:\/\/www.facebook.com\/miomiorun\/\",\"https:\/\/www.instagram.com\/miomiorun\/\"]}]}<\/script>\n<!-- \/ Yoast SEO plugin. -->","yoast_head_json":{"title":"Craft ADV Essence Shorts 2 herren - Herrenshorts - MioMioRun","description":"Die ADV Essence Shorts 2 sind leichte und funktionelle Trainingsshorts mit perforierten Details, Seitentaschen und Kordelzug f\u00fcr eine gute Passform.","robots":{"index":"index","follow":"follow","max-snippet":"max-snippet:-1","max-image-preview":"max-image-preview:large","max-video-preview":"max-video-preview:-1"},"canonical":"https:\/\/www.miomiorun.com\/de\/produkt\/adv-essence-shorts-2-herren\/","og_locale":"de_DE","og_type":"article","og_title":"Craft ADV Essence Shorts 2 herren - Herrenshorts - MioMioRun","og_description":"Die ADV Essence Shorts 2 sind leichte und funktionelle Trainingsshorts mit perforierten Details, Seitentaschen und Kordelzug f\u00fcr eine gute Passform.","og_url":"https:\/\/www.miomiorun.com\/de\/produkt\/adv-essence-shorts-2-herren\/","og_site_name":"MioMioRun","article_publisher":"https:\/\/www.facebook.com\/miomiorun\/","article_modified_time":"2026-05-08T20:35:14+00:00","og_image":[{"width":600,"height":600,"url":"https:\/\/www.miomiorun.com\/app\/uploads\/2025\/04\/craft-ADV-essence-shorts-M-blaze-1915951-396000.webp","type":"image\/webp"}],"twitter_card":"summary_large_image","twitter_misc":{"Est. reading time":"1 minute"},"schema":{"@context":"https:\/\/schema.org","@graph":[{"@type":"WebPage","@id":"https:\/\/www.miomiorun.com\/de\/produkt\/adv-essence-shorts-2-herren\/","url":"https:\/\/www.miomiorun.com\/de\/produkt\/adv-essence-shorts-2-herren\/","name":"Craft ADV Essence Shorts 2 herren - Herrenshorts - MioMioRun","isPartOf":{"@id":"https:\/\/www.miomiorun.com\/de\/#website"},"primaryImageOfPage":{"@id":"https:\/\/www.miomiorun.com\/de\/produkt\/adv-essence-shorts-2-herren\/#primaryimage"},"image":{"@id":"https:\/\/www.miomiorun.com\/de\/produkt\/adv-essence-shorts-2-herren\/#primaryimage"},"thumbnailUrl":"https:\/\/www.miomiorun.com\/app\/uploads\/2025\/04\/craft-ADV-essence-shorts-M-blaze-1915951-396000.webp","datePublished":"2025-03-20T10:05:01+00:00","dateModified":"2026-05-08T20:35:14+00:00","description":"Die ADV Essence Shorts 2 sind leichte und funktionelle Trainingsshorts mit perforierten Details, Seitentaschen und Kordelzug f\u00fcr eine gute Passform.","breadcrumb":{"@id":"https:\/\/www.miomiorun.com\/de\/produkt\/adv-essence-shorts-2-herren\/#breadcrumb"},"inLanguage":"de-DE","potentialAction":[{"@type":"ReadAction","target":["https:\/\/www.miomiorun.com\/de\/produkt\/adv-essence-shorts-2-herren\/"]}]},{"@type":"ImageObject","inLanguage":"de-DE","@id":"https:\/\/www.miomiorun.com\/de\/produkt\/adv-essence-shorts-2-herren\/#primaryimage","url":"https:\/\/www.miomiorun.com\/app\/uploads\/2025\/04\/craft-ADV-essence-shorts-M-blaze-1915951-396000.webp","contentUrl":"https:\/\/www.miomiorun.com\/app\/uploads\/2025\/04\/craft-ADV-essence-shorts-M-blaze-1915951-396000.webp","width":600,"height":600,"caption":"craft ADV essence shorts M blaze 1915951-396000"},{"@type":"BreadcrumbList","@id":"https:\/\/www.miomiorun.com\/de\/produkt\/adv-essence-shorts-2-herren\/#breadcrumb","itemListElement":[{"@type":"ListItem","position":1,"name":"Home","item":"https:\/\/www.miomiorun.com\/de\/"},{"@type":"ListItem","position":2,"name":"Shop","item":"https:\/\/www.miomiorun.com\/shop\/"},{"@type":"ListItem","position":3,"name":"ADV Essence Shorts 2 herren"}]},{"@type":"WebSite","@id":"https:\/\/www.miomiorun.com\/de\/#website","url":"https:\/\/www.miomiorun.com\/de\/","name":"MioMioRun","description":"100% Lauf- und Trailshop","publisher":{"@id":"https:\/\/www.miomiorun.com\/de\/#organization"},"potentialAction":[{"@type":"SearchAction","target":{"@type":"EntryPoint","urlTemplate":"https:\/\/www.miomiorun.com\/de\/?s={search_term_string}"},"query-input":{"@type":"PropertyValueSpecification","valueRequired":true,"valueName":"search_term_string"}}],"inLanguage":"de-DE"},{"@type":"Organization","@id":"https:\/\/www.miomiorun.com\/de\/#organization","name":"MioMio Run","url":"https:\/\/www.miomiorun.com\/de\/","logo":{"@type":"ImageObject","inLanguage":"de-DE","@id":"https:\/\/www.miomiorun.com\/de\/#\/schema\/logo\/image\/","url":"https:\/\/www.miomiorun.com\/app\/uploads\/2019\/12\/logomio.png","contentUrl":"https:\/\/www.miomiorun.com\/app\/uploads\/2019\/12\/logomio.png","width":115,"height":82,"caption":"MioMio Run"},"image":{"@id":"https:\/\/www.miomiorun.com\/de\/#\/schema\/logo\/image\/"},"sameAs":["https:\/\/www.facebook.com\/miomiorun\/","https:\/\/www.instagram.com\/miomiorun\/"]}]}},"_links":{"self":[{"href":"https:\/\/www.miomiorun.com\/de\/wp-json\/wp\/v2\/product\/267436","targetHints":{"allow":["GET"]}}],"collection":[{"href":"https:\/\/www.miomiorun.com\/de\/wp-json\/wp\/v2\/product"}],"about":[{"href":"https:\/\/www.miomiorun.com\/de\/wp-json\/wp\/v2\/types\/product"}],"wp:featuredmedia":[{"embeddable":true,"href":"https:\/\/www.miomiorun.com\/de\/wp-json\/wp\/v2\/media\/301861"}],"wp:attachment":[{"href":"https:\/\/www.miomiorun.com\/de\/wp-json\/wp\/v2\/media?parent=267436"}],"wp:term":[{"taxonomy":"product_brand","embeddable":true,"href":"https:\/\/www.miomiorun.com\/de\/wp-json\/wp\/v2\/product_brand?post=267436"},{"taxonomy":"product_cat","embeddable":true,"href":"https:\/\/www.miomiorun.com\/de\/wp-json\/wp\/v2\/product_cat?post=267436"},{"taxonomy":"product_tag","embeddable":true,"href":"https:\/\/www.miomiorun.com\/de\/wp-json\/wp\/v2\/product_tag?post=267436"}],"curies":[{"name":"wp","href":"https:\/\/api.w.org\/{rel}","templated":true}]}}