{"id":267433,"date":"2025-03-20T10:49:14","date_gmt":"2025-03-20T09:49:14","guid":{"rendered":"https:\/\/miomiorun.com\/?post_type=product&#038;p=267433"},"modified":"2026-05-08T22:35:31","modified_gmt":"2026-05-08T20:35:31","slug":"adv-essence-2-in-1-shorts-2-herren","status":"publish","type":"product","link":"https:\/\/www.miomiorun.com\/de\/produkt\/adv-essence-2-in-1-shorts-2-herren\/","title":{"rendered":"ADV Essence 2-in-1 shorts 2 herren"},"content":{"rendered":"<p>Die <strong>ADV Essence 2-in-1 Shorts 2<\/strong> sind die fortschrittlichen Trainingsshorts, die <strong>Komfort, Unterst\u00fctzung und Praktikabilit\u00e4t<\/strong> f\u00fcr die intensivsten Workouts kombinieren. Sie besteht aus einem Stretchmaterial aus <strong>recyceltem Polyester und Elastan<\/strong> und bietet eine <strong>Innenhose<\/strong>, die bei jeder Bewegung optimalen Halt bietet, w\u00e4hrend der<strong>breite elastische Bund mit verstellbarem Kordelzug<\/strong> f\u00fcr einen sicheren und bequemen Sitz sorgt.<\/p>\n<p>Mit <strong>zwei Seitentaschen<\/strong> und einer <strong>Handytasche<\/strong> auf der Innenseite der Tights sind diese Shorts perfekt geeignet, um alles, was du beim Training brauchst, bei dir zu haben. Au\u00dferdem verbessern <strong>reflektierende Aufdrucke<\/strong> die Sichtbarkeit bei schlechten Lichtverh\u00e4ltnissen, w\u00e4hrend die ca. 18 cm lange Innennaht in Gr\u00f6\u00dfe M f\u00fcr Bewegungsfreiheit sorgt.<\/p>\n<p>Die <strong>ADV Essence 2-in-1 Shorts 2<\/strong> eignet sich perfekt f\u00fcr intensive k\u00f6rperliche Aktivit\u00e4ten und bietet die n\u00f6tige Unterst\u00fctzung und Funktionalit\u00e4t, w\u00e4hrend sie gleichzeitig einen sportlichen und praktischen Look bietet.<\/p>\n<p>&nbsp;<\/p>\n","protected":false},"excerpt":{"rendered":"<p>Die ADV Essence 2-in-1 Shorts 2 sind die fortschrittlichen Trainingsshorts, die Komfort, Unterst\u00fctzung und Praktikabilit\u00e4t f\u00fcr die intensivsten Workouts kombinieren. Sie besteht aus einem Stretchmaterial aus recyceltem Polyester und Elastan und bietet eine Innenhose, die bei jeder Bewegung optimalen Halt bietet, w\u00e4hrend derbreite elastische Bund mit verstellbarem Kordelzug f\u00fcr einen sicheren und bequemen Sitz sorgt. &hellip; <a href=\"https:\/\/www.miomiorun.com\/de\/produkt\/adv-essence-2-in-1-shorts-2-herren\/\">Continued<\/a><\/p>\n","protected":false},"featured_media":301763,"template":"","meta":{"_acf_changed":false,"inline_featured_image":false},"product_brand":[],"product_cat":[6540,6510],"product_tag":[6304,6234],"class_list":{"0":"post-267433","1":"product","2":"type-product","3":"status-publish","4":"has-post-thumbnail","6":"product_cat-herrenbekleidung","7":"product_cat-shorts","8":"product_tag-craft-de","9":"product_tag-craft-herren-de","10":"pa_attivita-gehen","11":"pa_attivita-running-de","12":"pa_colore-adv-essence-2in1-shorts-2-m-black-de","13":"pa_colore-adv-essence-2in1-shorts-2-m-blaze-black-de","14":"pa_marca-craft-de","15":"pa_sesso-herren","16":"pa_size-small-de","17":"pa_size-medium-de","19":"first","20":"instock","21":"sale","22":"taxable","23":"shipping-taxable","24":"purchasable","25":"product-type-variable","26":"wvs-archive-product-wrapper"},"acf":[],"yoast_head":"<!-- This site is optimized with the Yoast SEO plugin v26.8 - https:\/\/yoast.com\/product\/yoast-seo-wordpress\/ -->\n<title>Craft ADV Essence 2-in-1 shorts 2 herren - Herrenshorts - MioMioRun<\/title>\n<meta name=\"description\" content=\"Die ADV Essence 2-in-1 Shorts 2 sind Trainingsshorts mit Innenhose, Seitentaschen, Handytasche und verstellbarer Passform\" \/>\n<meta name=\"robots\" content=\"index, follow, max-snippet:-1, max-image-preview:large, max-video-preview:-1\" \/>\n<link rel=\"canonical\" href=\"https:\/\/www.miomiorun.com\/de\/produkt\/adv-essence-2-in-1-shorts-2-herren\/\" \/>\n<meta property=\"og:locale\" content=\"de_DE\" \/>\n<meta property=\"og:type\" content=\"article\" \/>\n<meta property=\"og:title\" content=\"Craft ADV Essence 2-in-1 shorts 2 herren - Herrenshorts - MioMioRun\" \/>\n<meta property=\"og:description\" content=\"Die ADV Essence 2-in-1 Shorts 2 sind Trainingsshorts mit Innenhose, Seitentaschen, Handytasche und verstellbarer Passform\" \/>\n<meta property=\"og:url\" content=\"https:\/\/www.miomiorun.com\/de\/produkt\/adv-essence-2-in-1-shorts-2-herren\/\" \/>\n<meta property=\"og:site_name\" content=\"MioMioRun\" \/>\n<meta property=\"article:publisher\" content=\"https:\/\/www.facebook.com\/miomiorun\/\" \/>\n<meta property=\"article:modified_time\" content=\"2026-05-08T20:35:31+00:00\" \/>\n<meta property=\"og:image\" content=\"https:\/\/www.miomiorun.com\/app\/uploads\/2025\/04\/craft-ADV-essence-2in1-shorts-2-M-black-1915950-999000.webp\" \/>\n\t<meta property=\"og:image:width\" content=\"600\" \/>\n\t<meta property=\"og:image:height\" content=\"600\" \/>\n\t<meta property=\"og:image:type\" content=\"image\/webp\" \/>\n<meta name=\"twitter:card\" content=\"summary_large_image\" \/>\n<meta name=\"twitter:label1\" content=\"Est. reading time\" \/>\n\t<meta name=\"twitter:data1\" content=\"1 minute\" \/>\n<script type=\"application\/ld+json\" class=\"yoast-schema-graph\">{\"@context\":\"https:\/\/schema.org\",\"@graph\":[{\"@type\":\"WebPage\",\"@id\":\"https:\/\/www.miomiorun.com\/de\/produkt\/adv-essence-2-in-1-shorts-2-herren\/\",\"url\":\"https:\/\/www.miomiorun.com\/de\/produkt\/adv-essence-2-in-1-shorts-2-herren\/\",\"name\":\"Craft ADV Essence 2-in-1 shorts 2 herren - Herrenshorts - MioMioRun\",\"isPartOf\":{\"@id\":\"https:\/\/www.miomiorun.com\/de\/#website\"},\"primaryImageOfPage\":{\"@id\":\"https:\/\/www.miomiorun.com\/de\/produkt\/adv-essence-2-in-1-shorts-2-herren\/#primaryimage\"},\"image\":{\"@id\":\"https:\/\/www.miomiorun.com\/de\/produkt\/adv-essence-2-in-1-shorts-2-herren\/#primaryimage\"},\"thumbnailUrl\":\"https:\/\/www.miomiorun.com\/app\/uploads\/2025\/04\/craft-ADV-essence-2in1-shorts-2-M-black-1915950-999000.webp\",\"datePublished\":\"2025-03-20T09:49:14+00:00\",\"dateModified\":\"2026-05-08T20:35:31+00:00\",\"description\":\"Die ADV Essence 2-in-1 Shorts 2 sind Trainingsshorts mit Innenhose, Seitentaschen, Handytasche und verstellbarer Passform\",\"breadcrumb\":{\"@id\":\"https:\/\/www.miomiorun.com\/de\/produkt\/adv-essence-2-in-1-shorts-2-herren\/#breadcrumb\"},\"inLanguage\":\"de-DE\",\"potentialAction\":[{\"@type\":\"ReadAction\",\"target\":[\"https:\/\/www.miomiorun.com\/de\/produkt\/adv-essence-2-in-1-shorts-2-herren\/\"]}]},{\"@type\":\"ImageObject\",\"inLanguage\":\"de-DE\",\"@id\":\"https:\/\/www.miomiorun.com\/de\/produkt\/adv-essence-2-in-1-shorts-2-herren\/#primaryimage\",\"url\":\"https:\/\/www.miomiorun.com\/app\/uploads\/2025\/04\/craft-ADV-essence-2in1-shorts-2-M-black-1915950-999000.webp\",\"contentUrl\":\"https:\/\/www.miomiorun.com\/app\/uploads\/2025\/04\/craft-ADV-essence-2in1-shorts-2-M-black-1915950-999000.webp\",\"width\":600,\"height\":600,\"caption\":\"craft ADV essence 2in1 shorts 2 M black 1915950-999000\"},{\"@type\":\"BreadcrumbList\",\"@id\":\"https:\/\/www.miomiorun.com\/de\/produkt\/adv-essence-2-in-1-shorts-2-herren\/#breadcrumb\",\"itemListElement\":[{\"@type\":\"ListItem\",\"position\":1,\"name\":\"Home\",\"item\":\"https:\/\/www.miomiorun.com\/de\/\"},{\"@type\":\"ListItem\",\"position\":2,\"name\":\"Shop\",\"item\":\"https:\/\/www.miomiorun.com\/shop\/\"},{\"@type\":\"ListItem\",\"position\":3,\"name\":\"ADV Essence 2-in-1 shorts 2 herren\"}]},{\"@type\":\"WebSite\",\"@id\":\"https:\/\/www.miomiorun.com\/de\/#website\",\"url\":\"https:\/\/www.miomiorun.com\/de\/\",\"name\":\"MioMioRun\",\"description\":\"100% Lauf- und Trailshop\",\"publisher\":{\"@id\":\"https:\/\/www.miomiorun.com\/de\/#organization\"},\"potentialAction\":[{\"@type\":\"SearchAction\",\"target\":{\"@type\":\"EntryPoint\",\"urlTemplate\":\"https:\/\/www.miomiorun.com\/de\/?s={search_term_string}\"},\"query-input\":{\"@type\":\"PropertyValueSpecification\",\"valueRequired\":true,\"valueName\":\"search_term_string\"}}],\"inLanguage\":\"de-DE\"},{\"@type\":\"Organization\",\"@id\":\"https:\/\/www.miomiorun.com\/de\/#organization\",\"name\":\"MioMio Run\",\"url\":\"https:\/\/www.miomiorun.com\/de\/\",\"logo\":{\"@type\":\"ImageObject\",\"inLanguage\":\"de-DE\",\"@id\":\"https:\/\/www.miomiorun.com\/de\/#\/schema\/logo\/image\/\",\"url\":\"https:\/\/www.miomiorun.com\/app\/uploads\/2019\/12\/logomio.png\",\"contentUrl\":\"https:\/\/www.miomiorun.com\/app\/uploads\/2019\/12\/logomio.png\",\"width\":115,\"height\":82,\"caption\":\"MioMio Run\"},\"image\":{\"@id\":\"https:\/\/www.miomiorun.com\/de\/#\/schema\/logo\/image\/\"},\"sameAs\":[\"https:\/\/www.facebook.com\/miomiorun\/\",\"https:\/\/www.instagram.com\/miomiorun\/\"]}]}<\/script>\n<!-- \/ Yoast SEO plugin. -->","yoast_head_json":{"title":"Craft ADV Essence 2-in-1 shorts 2 herren - Herrenshorts - MioMioRun","description":"Die ADV Essence 2-in-1 Shorts 2 sind Trainingsshorts mit Innenhose, Seitentaschen, Handytasche und verstellbarer Passform","robots":{"index":"index","follow":"follow","max-snippet":"max-snippet:-1","max-image-preview":"max-image-preview:large","max-video-preview":"max-video-preview:-1"},"canonical":"https:\/\/www.miomiorun.com\/de\/produkt\/adv-essence-2-in-1-shorts-2-herren\/","og_locale":"de_DE","og_type":"article","og_title":"Craft ADV Essence 2-in-1 shorts 2 herren - Herrenshorts - MioMioRun","og_description":"Die ADV Essence 2-in-1 Shorts 2 sind Trainingsshorts mit Innenhose, Seitentaschen, Handytasche und verstellbarer Passform","og_url":"https:\/\/www.miomiorun.com\/de\/produkt\/adv-essence-2-in-1-shorts-2-herren\/","og_site_name":"MioMioRun","article_publisher":"https:\/\/www.facebook.com\/miomiorun\/","article_modified_time":"2026-05-08T20:35:31+00:00","og_image":[{"width":600,"height":600,"url":"https:\/\/www.miomiorun.com\/app\/uploads\/2025\/04\/craft-ADV-essence-2in1-shorts-2-M-black-1915950-999000.webp","type":"image\/webp"}],"twitter_card":"summary_large_image","twitter_misc":{"Est. reading time":"1 minute"},"schema":{"@context":"https:\/\/schema.org","@graph":[{"@type":"WebPage","@id":"https:\/\/www.miomiorun.com\/de\/produkt\/adv-essence-2-in-1-shorts-2-herren\/","url":"https:\/\/www.miomiorun.com\/de\/produkt\/adv-essence-2-in-1-shorts-2-herren\/","name":"Craft ADV Essence 2-in-1 shorts 2 herren - Herrenshorts - MioMioRun","isPartOf":{"@id":"https:\/\/www.miomiorun.com\/de\/#website"},"primaryImageOfPage":{"@id":"https:\/\/www.miomiorun.com\/de\/produkt\/adv-essence-2-in-1-shorts-2-herren\/#primaryimage"},"image":{"@id":"https:\/\/www.miomiorun.com\/de\/produkt\/adv-essence-2-in-1-shorts-2-herren\/#primaryimage"},"thumbnailUrl":"https:\/\/www.miomiorun.com\/app\/uploads\/2025\/04\/craft-ADV-essence-2in1-shorts-2-M-black-1915950-999000.webp","datePublished":"2025-03-20T09:49:14+00:00","dateModified":"2026-05-08T20:35:31+00:00","description":"Die ADV Essence 2-in-1 Shorts 2 sind Trainingsshorts mit Innenhose, Seitentaschen, Handytasche und verstellbarer Passform","breadcrumb":{"@id":"https:\/\/www.miomiorun.com\/de\/produkt\/adv-essence-2-in-1-shorts-2-herren\/#breadcrumb"},"inLanguage":"de-DE","potentialAction":[{"@type":"ReadAction","target":["https:\/\/www.miomiorun.com\/de\/produkt\/adv-essence-2-in-1-shorts-2-herren\/"]}]},{"@type":"ImageObject","inLanguage":"de-DE","@id":"https:\/\/www.miomiorun.com\/de\/produkt\/adv-essence-2-in-1-shorts-2-herren\/#primaryimage","url":"https:\/\/www.miomiorun.com\/app\/uploads\/2025\/04\/craft-ADV-essence-2in1-shorts-2-M-black-1915950-999000.webp","contentUrl":"https:\/\/www.miomiorun.com\/app\/uploads\/2025\/04\/craft-ADV-essence-2in1-shorts-2-M-black-1915950-999000.webp","width":600,"height":600,"caption":"craft ADV essence 2in1 shorts 2 M black 1915950-999000"},{"@type":"BreadcrumbList","@id":"https:\/\/www.miomiorun.com\/de\/produkt\/adv-essence-2-in-1-shorts-2-herren\/#breadcrumb","itemListElement":[{"@type":"ListItem","position":1,"name":"Home","item":"https:\/\/www.miomiorun.com\/de\/"},{"@type":"ListItem","position":2,"name":"Shop","item":"https:\/\/www.miomiorun.com\/shop\/"},{"@type":"ListItem","position":3,"name":"ADV Essence 2-in-1 shorts 2 herren"}]},{"@type":"WebSite","@id":"https:\/\/www.miomiorun.com\/de\/#website","url":"https:\/\/www.miomiorun.com\/de\/","name":"MioMioRun","description":"100% Lauf- und Trailshop","publisher":{"@id":"https:\/\/www.miomiorun.com\/de\/#organization"},"potentialAction":[{"@type":"SearchAction","target":{"@type":"EntryPoint","urlTemplate":"https:\/\/www.miomiorun.com\/de\/?s={search_term_string}"},"query-input":{"@type":"PropertyValueSpecification","valueRequired":true,"valueName":"search_term_string"}}],"inLanguage":"de-DE"},{"@type":"Organization","@id":"https:\/\/www.miomiorun.com\/de\/#organization","name":"MioMio Run","url":"https:\/\/www.miomiorun.com\/de\/","logo":{"@type":"ImageObject","inLanguage":"de-DE","@id":"https:\/\/www.miomiorun.com\/de\/#\/schema\/logo\/image\/","url":"https:\/\/www.miomiorun.com\/app\/uploads\/2019\/12\/logomio.png","contentUrl":"https:\/\/www.miomiorun.com\/app\/uploads\/2019\/12\/logomio.png","width":115,"height":82,"caption":"MioMio Run"},"image":{"@id":"https:\/\/www.miomiorun.com\/de\/#\/schema\/logo\/image\/"},"sameAs":["https:\/\/www.facebook.com\/miomiorun\/","https:\/\/www.instagram.com\/miomiorun\/"]}]}},"_links":{"self":[{"href":"https:\/\/www.miomiorun.com\/de\/wp-json\/wp\/v2\/product\/267433","targetHints":{"allow":["GET"]}}],"collection":[{"href":"https:\/\/www.miomiorun.com\/de\/wp-json\/wp\/v2\/product"}],"about":[{"href":"https:\/\/www.miomiorun.com\/de\/wp-json\/wp\/v2\/types\/product"}],"wp:featuredmedia":[{"embeddable":true,"href":"https:\/\/www.miomiorun.com\/de\/wp-json\/wp\/v2\/media\/301763"}],"wp:attachment":[{"href":"https:\/\/www.miomiorun.com\/de\/wp-json\/wp\/v2\/media?parent=267433"}],"wp:term":[{"taxonomy":"product_brand","embeddable":true,"href":"https:\/\/www.miomiorun.com\/de\/wp-json\/wp\/v2\/product_brand?post=267433"},{"taxonomy":"product_cat","embeddable":true,"href":"https:\/\/www.miomiorun.com\/de\/wp-json\/wp\/v2\/product_cat?post=267433"},{"taxonomy":"product_tag","embeddable":true,"href":"https:\/\/www.miomiorun.com\/de\/wp-json\/wp\/v2\/product_tag?post=267433"}],"curies":[{"name":"wp","href":"https:\/\/api.w.org\/{rel}","templated":true}]}}