{"id":267116,"date":"2025-03-19T18:50:09","date_gmt":"2025-03-19T17:50:09","guid":{"rendered":"https:\/\/miomiorun.com\/?post_type=product&#038;p=267116"},"modified":"2026-05-08T22:35:58","modified_gmt":"2026-05-08T20:35:58","slug":"core-essence-shorts-damen","status":"publish","type":"product","link":"https:\/\/www.miomiorun.com\/de\/produkt\/core-essence-shorts-damen\/","title":{"rendered":"Core Essence Shorts damen"},"content":{"rendered":"<p>Die <em>CORE Essence Shorts<\/em> sind die perfekte Wahl f\u00fcr alle, die ein vielseitiges und funktionelles Kleidungsst\u00fcck f\u00fcr ihr Training suchen. Sie bestehen aus <em>recyceltem Polyester<\/em> und <em>Elastan<\/em> und bieten eine hohe Elastizit\u00e4t und eine regul\u00e4re Passform, die sich jeder Bewegung anpasst. Der breite <em>, elastische Bund<\/em> mit <em>verstellbarem Kordelzug<\/em> erm\u00f6glicht eine individuelle Anpassung der Passform und sorgt f\u00fcr maximalen Komfort bei jeder Aktivit\u00e4t.<\/p>\n<p>Mit <em>zwei schr\u00e4gen Seitentaschen<\/em> sind diese Shorts auch ideal, um kleine Gegenst\u00e4nde beim Training sicher aufzubewahren. Der <em>innere Schritt von ca. 9,5 cm<\/em> bei Gr\u00f6\u00dfe M bietet die n\u00f6tige Bewegungsfreiheit f\u00fcr hochintensives Training. Ob Sie nun laufen, trainieren oder andere Sportarten aus\u00fcben, die <em>CORE Essence Shorts<\/em> sind der ideale Verb\u00fcndete f\u00fcr Ihr Training.<\/p>\n","protected":false},"excerpt":{"rendered":"<p>Die CORE Essence Shorts sind die perfekte Wahl f\u00fcr alle, die ein vielseitiges und funktionelles Kleidungsst\u00fcck f\u00fcr ihr Training suchen. Sie bestehen aus recyceltem Polyester und Elastan und bieten eine hohe Elastizit\u00e4t und eine regul\u00e4re Passform, die sich jeder Bewegung anpasst. Der breite , elastische Bund mit verstellbarem Kordelzug erm\u00f6glicht eine individuelle Anpassung der Passform &hellip; <a href=\"https:\/\/www.miomiorun.com\/de\/produkt\/core-essence-shorts-damen\/\">Continued<\/a><\/p>\n","protected":false},"featured_media":273804,"template":"","meta":{"_acf_changed":false,"inline_featured_image":false},"product_brand":[],"product_cat":[6400,6401,6488],"product_tag":[6304,6232],"class_list":{"0":"post-267116","1":"product","2":"type-product","3":"status-publish","4":"has-post-thumbnail","6":"product_cat-damen","7":"product_cat-damenbekleidung","8":"product_cat-damenshorts-de","9":"product_tag-craft-de","10":"product_tag-craft-damen-de","11":"pa_attivita-running-de","12":"pa_colore-core-essence-shorts-w-black-de","13":"pa_colore-core-essence-shorts-w-fuchsia-de","14":"pa_marca-craft-de","15":"pa_sesso-damen","16":"pa_size-extra-small-de","17":"pa_size-small-de","18":"pa_size-medium-de","20":"first","21":"instock","22":"sale","23":"taxable","24":"shipping-taxable","25":"purchasable","26":"product-type-variable","27":"wvs-archive-product-wrapper"},"acf":[],"yoast_head":"<!-- This site is optimized with the Yoast SEO plugin v26.8 - https:\/\/yoast.com\/product\/yoast-seo-wordpress\/ -->\n<title>Craft Core Essence Shorts damen -Shorts- MioMioRun<\/title>\n<meta name=\"description\" content=\"Die CORE Essence Shorts bieten Komfort, Vielseitigkeit und Funktionalit\u00e4t, mit einem verstellbaren Bund, Seitentaschen und einer perfekten Passform\" \/>\n<meta name=\"robots\" content=\"index, follow, max-snippet:-1, max-image-preview:large, max-video-preview:-1\" \/>\n<link rel=\"canonical\" href=\"https:\/\/www.miomiorun.com\/de\/produkt\/core-essence-shorts-damen\/\" \/>\n<meta property=\"og:locale\" content=\"de_DE\" \/>\n<meta property=\"og:type\" content=\"article\" \/>\n<meta property=\"og:title\" content=\"Craft Core Essence Shorts damen -Shorts- MioMioRun\" \/>\n<meta property=\"og:description\" content=\"Die CORE Essence Shorts bieten Komfort, Vielseitigkeit und Funktionalit\u00e4t, mit einem verstellbaren Bund, Seitentaschen und einer perfekten Passform\" \/>\n<meta property=\"og:url\" content=\"https:\/\/www.miomiorun.com\/de\/produkt\/core-essence-shorts-damen\/\" \/>\n<meta property=\"og:site_name\" content=\"MioMioRun\" \/>\n<meta property=\"article:publisher\" content=\"https:\/\/www.facebook.com\/miomiorun\/\" \/>\n<meta property=\"article:modified_time\" content=\"2026-05-08T20:35:58+00:00\" \/>\n<meta property=\"og:image\" content=\"https:\/\/www.miomiorun.com\/app\/uploads\/2025\/04\/craft-Core-essence-shorts-W-fuchsia-1915943-745000.webp\" \/>\n\t<meta property=\"og:image:width\" content=\"600\" \/>\n\t<meta property=\"og:image:height\" content=\"600\" \/>\n\t<meta property=\"og:image:type\" content=\"image\/webp\" \/>\n<meta name=\"twitter:card\" content=\"summary_large_image\" \/>\n<meta name=\"twitter:label1\" content=\"Est. reading time\" \/>\n\t<meta name=\"twitter:data1\" content=\"1 minute\" \/>\n<script type=\"application\/ld+json\" class=\"yoast-schema-graph\">{\"@context\":\"https:\/\/schema.org\",\"@graph\":[{\"@type\":\"WebPage\",\"@id\":\"https:\/\/www.miomiorun.com\/de\/produkt\/core-essence-shorts-damen\/\",\"url\":\"https:\/\/www.miomiorun.com\/de\/produkt\/core-essence-shorts-damen\/\",\"name\":\"Craft Core Essence Shorts damen -Shorts- MioMioRun\",\"isPartOf\":{\"@id\":\"https:\/\/www.miomiorun.com\/de\/#website\"},\"primaryImageOfPage\":{\"@id\":\"https:\/\/www.miomiorun.com\/de\/produkt\/core-essence-shorts-damen\/#primaryimage\"},\"image\":{\"@id\":\"https:\/\/www.miomiorun.com\/de\/produkt\/core-essence-shorts-damen\/#primaryimage\"},\"thumbnailUrl\":\"https:\/\/www.miomiorun.com\/app\/uploads\/2025\/04\/craft-Core-essence-shorts-W-fuchsia-1915943-745000.webp\",\"datePublished\":\"2025-03-19T17:50:09+00:00\",\"dateModified\":\"2026-05-08T20:35:58+00:00\",\"description\":\"Die CORE Essence Shorts bieten Komfort, Vielseitigkeit und Funktionalit\u00e4t, mit einem verstellbaren Bund, Seitentaschen und einer perfekten Passform\",\"breadcrumb\":{\"@id\":\"https:\/\/www.miomiorun.com\/de\/produkt\/core-essence-shorts-damen\/#breadcrumb\"},\"inLanguage\":\"de-DE\",\"potentialAction\":[{\"@type\":\"ReadAction\",\"target\":[\"https:\/\/www.miomiorun.com\/de\/produkt\/core-essence-shorts-damen\/\"]}]},{\"@type\":\"ImageObject\",\"inLanguage\":\"de-DE\",\"@id\":\"https:\/\/www.miomiorun.com\/de\/produkt\/core-essence-shorts-damen\/#primaryimage\",\"url\":\"https:\/\/www.miomiorun.com\/app\/uploads\/2025\/04\/craft-Core-essence-shorts-W-fuchsia-1915943-745000.webp\",\"contentUrl\":\"https:\/\/www.miomiorun.com\/app\/uploads\/2025\/04\/craft-Core-essence-shorts-W-fuchsia-1915943-745000.webp\",\"width\":600,\"height\":600,\"caption\":\"craft Core essence shorts W fuchsia 1915943-745000\"},{\"@type\":\"BreadcrumbList\",\"@id\":\"https:\/\/www.miomiorun.com\/de\/produkt\/core-essence-shorts-damen\/#breadcrumb\",\"itemListElement\":[{\"@type\":\"ListItem\",\"position\":1,\"name\":\"Home\",\"item\":\"https:\/\/www.miomiorun.com\/de\/\"},{\"@type\":\"ListItem\",\"position\":2,\"name\":\"Shop\",\"item\":\"https:\/\/www.miomiorun.com\/shop\/\"},{\"@type\":\"ListItem\",\"position\":3,\"name\":\"Core Essence Shorts damen\"}]},{\"@type\":\"WebSite\",\"@id\":\"https:\/\/www.miomiorun.com\/de\/#website\",\"url\":\"https:\/\/www.miomiorun.com\/de\/\",\"name\":\"MioMioRun\",\"description\":\"100% Lauf- und Trailshop\",\"publisher\":{\"@id\":\"https:\/\/www.miomiorun.com\/de\/#organization\"},\"potentialAction\":[{\"@type\":\"SearchAction\",\"target\":{\"@type\":\"EntryPoint\",\"urlTemplate\":\"https:\/\/www.miomiorun.com\/de\/?s={search_term_string}\"},\"query-input\":{\"@type\":\"PropertyValueSpecification\",\"valueRequired\":true,\"valueName\":\"search_term_string\"}}],\"inLanguage\":\"de-DE\"},{\"@type\":\"Organization\",\"@id\":\"https:\/\/www.miomiorun.com\/de\/#organization\",\"name\":\"MioMio Run\",\"url\":\"https:\/\/www.miomiorun.com\/de\/\",\"logo\":{\"@type\":\"ImageObject\",\"inLanguage\":\"de-DE\",\"@id\":\"https:\/\/www.miomiorun.com\/de\/#\/schema\/logo\/image\/\",\"url\":\"https:\/\/www.miomiorun.com\/app\/uploads\/2019\/12\/logomio.png\",\"contentUrl\":\"https:\/\/www.miomiorun.com\/app\/uploads\/2019\/12\/logomio.png\",\"width\":115,\"height\":82,\"caption\":\"MioMio Run\"},\"image\":{\"@id\":\"https:\/\/www.miomiorun.com\/de\/#\/schema\/logo\/image\/\"},\"sameAs\":[\"https:\/\/www.facebook.com\/miomiorun\/\",\"https:\/\/www.instagram.com\/miomiorun\/\"]}]}<\/script>\n<!-- \/ Yoast SEO plugin. -->","yoast_head_json":{"title":"Craft Core Essence Shorts damen -Shorts- MioMioRun","description":"Die CORE Essence Shorts bieten Komfort, Vielseitigkeit und Funktionalit\u00e4t, mit einem verstellbaren Bund, Seitentaschen und einer perfekten Passform","robots":{"index":"index","follow":"follow","max-snippet":"max-snippet:-1","max-image-preview":"max-image-preview:large","max-video-preview":"max-video-preview:-1"},"canonical":"https:\/\/www.miomiorun.com\/de\/produkt\/core-essence-shorts-damen\/","og_locale":"de_DE","og_type":"article","og_title":"Craft Core Essence Shorts damen -Shorts- MioMioRun","og_description":"Die CORE Essence Shorts bieten Komfort, Vielseitigkeit und Funktionalit\u00e4t, mit einem verstellbaren Bund, Seitentaschen und einer perfekten Passform","og_url":"https:\/\/www.miomiorun.com\/de\/produkt\/core-essence-shorts-damen\/","og_site_name":"MioMioRun","article_publisher":"https:\/\/www.facebook.com\/miomiorun\/","article_modified_time":"2026-05-08T20:35:58+00:00","og_image":[{"width":600,"height":600,"url":"https:\/\/www.miomiorun.com\/app\/uploads\/2025\/04\/craft-Core-essence-shorts-W-fuchsia-1915943-745000.webp","type":"image\/webp"}],"twitter_card":"summary_large_image","twitter_misc":{"Est. reading time":"1 minute"},"schema":{"@context":"https:\/\/schema.org","@graph":[{"@type":"WebPage","@id":"https:\/\/www.miomiorun.com\/de\/produkt\/core-essence-shorts-damen\/","url":"https:\/\/www.miomiorun.com\/de\/produkt\/core-essence-shorts-damen\/","name":"Craft Core Essence Shorts damen -Shorts- MioMioRun","isPartOf":{"@id":"https:\/\/www.miomiorun.com\/de\/#website"},"primaryImageOfPage":{"@id":"https:\/\/www.miomiorun.com\/de\/produkt\/core-essence-shorts-damen\/#primaryimage"},"image":{"@id":"https:\/\/www.miomiorun.com\/de\/produkt\/core-essence-shorts-damen\/#primaryimage"},"thumbnailUrl":"https:\/\/www.miomiorun.com\/app\/uploads\/2025\/04\/craft-Core-essence-shorts-W-fuchsia-1915943-745000.webp","datePublished":"2025-03-19T17:50:09+00:00","dateModified":"2026-05-08T20:35:58+00:00","description":"Die CORE Essence Shorts bieten Komfort, Vielseitigkeit und Funktionalit\u00e4t, mit einem verstellbaren Bund, Seitentaschen und einer perfekten Passform","breadcrumb":{"@id":"https:\/\/www.miomiorun.com\/de\/produkt\/core-essence-shorts-damen\/#breadcrumb"},"inLanguage":"de-DE","potentialAction":[{"@type":"ReadAction","target":["https:\/\/www.miomiorun.com\/de\/produkt\/core-essence-shorts-damen\/"]}]},{"@type":"ImageObject","inLanguage":"de-DE","@id":"https:\/\/www.miomiorun.com\/de\/produkt\/core-essence-shorts-damen\/#primaryimage","url":"https:\/\/www.miomiorun.com\/app\/uploads\/2025\/04\/craft-Core-essence-shorts-W-fuchsia-1915943-745000.webp","contentUrl":"https:\/\/www.miomiorun.com\/app\/uploads\/2025\/04\/craft-Core-essence-shorts-W-fuchsia-1915943-745000.webp","width":600,"height":600,"caption":"craft Core essence shorts W fuchsia 1915943-745000"},{"@type":"BreadcrumbList","@id":"https:\/\/www.miomiorun.com\/de\/produkt\/core-essence-shorts-damen\/#breadcrumb","itemListElement":[{"@type":"ListItem","position":1,"name":"Home","item":"https:\/\/www.miomiorun.com\/de\/"},{"@type":"ListItem","position":2,"name":"Shop","item":"https:\/\/www.miomiorun.com\/shop\/"},{"@type":"ListItem","position":3,"name":"Core Essence Shorts damen"}]},{"@type":"WebSite","@id":"https:\/\/www.miomiorun.com\/de\/#website","url":"https:\/\/www.miomiorun.com\/de\/","name":"MioMioRun","description":"100% Lauf- und Trailshop","publisher":{"@id":"https:\/\/www.miomiorun.com\/de\/#organization"},"potentialAction":[{"@type":"SearchAction","target":{"@type":"EntryPoint","urlTemplate":"https:\/\/www.miomiorun.com\/de\/?s={search_term_string}"},"query-input":{"@type":"PropertyValueSpecification","valueRequired":true,"valueName":"search_term_string"}}],"inLanguage":"de-DE"},{"@type":"Organization","@id":"https:\/\/www.miomiorun.com\/de\/#organization","name":"MioMio Run","url":"https:\/\/www.miomiorun.com\/de\/","logo":{"@type":"ImageObject","inLanguage":"de-DE","@id":"https:\/\/www.miomiorun.com\/de\/#\/schema\/logo\/image\/","url":"https:\/\/www.miomiorun.com\/app\/uploads\/2019\/12\/logomio.png","contentUrl":"https:\/\/www.miomiorun.com\/app\/uploads\/2019\/12\/logomio.png","width":115,"height":82,"caption":"MioMio Run"},"image":{"@id":"https:\/\/www.miomiorun.com\/de\/#\/schema\/logo\/image\/"},"sameAs":["https:\/\/www.facebook.com\/miomiorun\/","https:\/\/www.instagram.com\/miomiorun\/"]}]}},"_links":{"self":[{"href":"https:\/\/www.miomiorun.com\/de\/wp-json\/wp\/v2\/product\/267116","targetHints":{"allow":["GET"]}}],"collection":[{"href":"https:\/\/www.miomiorun.com\/de\/wp-json\/wp\/v2\/product"}],"about":[{"href":"https:\/\/www.miomiorun.com\/de\/wp-json\/wp\/v2\/types\/product"}],"wp:featuredmedia":[{"embeddable":true,"href":"https:\/\/www.miomiorun.com\/de\/wp-json\/wp\/v2\/media\/273804"}],"wp:attachment":[{"href":"https:\/\/www.miomiorun.com\/de\/wp-json\/wp\/v2\/media?parent=267116"}],"wp:term":[{"taxonomy":"product_brand","embeddable":true,"href":"https:\/\/www.miomiorun.com\/de\/wp-json\/wp\/v2\/product_brand?post=267116"},{"taxonomy":"product_cat","embeddable":true,"href":"https:\/\/www.miomiorun.com\/de\/wp-json\/wp\/v2\/product_cat?post=267116"},{"taxonomy":"product_tag","embeddable":true,"href":"https:\/\/www.miomiorun.com\/de\/wp-json\/wp\/v2\/product_tag?post=267116"}],"curies":[{"name":"wp","href":"https:\/\/api.w.org\/{rel}","templated":true}]}}