{"id":267079,"date":"2025-03-19T18:17:12","date_gmt":"2025-03-19T17:17:12","guid":{"rendered":"https:\/\/miomiorun.com\/?post_type=product&#038;p=267079"},"modified":"2025-05-23T10:56:44","modified_gmt":"2025-05-23T08:56:44","slug":"adv-essence-2-shorts-2-damen","status":"publish","type":"product","link":"https:\/\/www.miomiorun.com\/de\/produkt\/adv-essence-2-shorts-2-damen\/","title":{"rendered":"ADV Essence 2&#8243; shorts 2 damen"},"content":{"rendered":"<p>Die <em>ADV Essence 2&#8243; Stretch Shorts<\/em> sind die perfekte Wahl f\u00fcr alle, die auf der Suche nach einer Trainingsshort sind, die eine Kombination aus Komfort, Leistung und Zweckm\u00e4\u00dfigkeit bietet. Die Shorts bestehen aus einem Stretchmaterial aus <em>recyceltem Polyester<\/em> und <em>Elastan<\/em> und bieten dank des hohen Schnitts an der H\u00fcfte, der die Bewegungsfreiheit nicht einschr\u00e4nkt, eine ideale Passform f\u00fcr hochintensive Aktivit\u00e4ten.<\/p>\n<p><em>Perforierte Details<\/em> erm\u00f6glichen eine hervorragende Bel\u00fcftung, w\u00e4hrend der <em>verstellbare Kordelzug<\/em> und die<em>elastische Innenseite<\/em> f\u00fcr einen individuellen und sicheren Sitz sorgen. Die <em>versteckte Tasche am Bund<\/em> ist praktisch, um kleine Gegenst\u00e4nde sicher aufzubewahren, und die <em>reflektierenden Prints<\/em> machen dich auch bei schlechten Lichtverh\u00e4ltnissen sichtbar. Mit einer <em>Innennaht von ca. 5,5 cm<\/em> bei Gr\u00f6\u00dfe M sind diese Shorts ideal f\u00fcr alle, die beim Training weiter gehen wollen, ohne auf Komfort zu verzichten.<\/p>\n","protected":false},"excerpt":{"rendered":"<p>Die ADV Essence 2&#8243; Stretch Shorts sind die perfekte Wahl f\u00fcr alle, die auf der Suche nach einer Trainingsshort sind, die eine Kombination aus Komfort, Leistung und Zweckm\u00e4\u00dfigkeit bietet. Die Shorts bestehen aus einem Stretchmaterial aus recyceltem Polyester und Elastan und bieten dank des hohen Schnitts an der H\u00fcfte, der die Bewegungsfreiheit nicht einschr\u00e4nkt, eine &hellip; <a href=\"https:\/\/www.miomiorun.com\/de\/produkt\/adv-essence-2-shorts-2-damen\/\">Continued<\/a><\/p>\n","protected":false},"featured_media":272343,"template":"","meta":{"_acf_changed":false,"inline_featured_image":false},"product_brand":[],"product_cat":[6401,6488],"product_tag":[6304,6232],"class_list":{"0":"post-267079","1":"product","2":"type-product","3":"status-publish","4":"has-post-thumbnail","6":"product_cat-damenbekleidung","7":"product_cat-damenshorts-de","8":"product_tag-craft-de","9":"product_tag-craft-damen-de","10":"pa_attivita-fitness-de","11":"pa_attivita-gehen","12":"pa_attivita-running-de","13":"pa_colore-adv-essence-2-shorts-2-w-black-de","14":"pa_marca-craft-de","15":"pa_sesso-damen","16":"pa_size-extra-small-de","17":"pa_size-small-de","18":"pa_size-medium-de","19":"pa_size-large-de","21":"first","22":"instock","23":"sale","24":"taxable","25":"shipping-taxable","26":"purchasable","27":"product-type-variable","28":"wvs-archive-product-wrapper"},"acf":[],"yoast_head":"<!-- This site is optimized with the Yoast SEO plugin v26.8 - https:\/\/yoast.com\/product\/yoast-seo-wordpress\/ -->\n<title>Craft ADV Essence 2&quot; shorts 2 damen - Damenshorts - MioMioRun<\/title>\n<meta name=\"description\" content=\"Die ADV Essence 2-in-1 Shorts f\u00fcr Damen sind fortschrittliche Trainingsshorts aus Stretchmaterial, die f\u00fcr intensive Aktivit\u00e4ten entwickelt wurden.\" \/>\n<meta name=\"robots\" content=\"index, follow, max-snippet:-1, max-image-preview:large, max-video-preview:-1\" \/>\n<link rel=\"canonical\" href=\"https:\/\/www.miomiorun.com\/de\/produkt\/adv-essence-2-shorts-2-damen\/\" \/>\n<meta property=\"og:locale\" content=\"de_DE\" \/>\n<meta property=\"og:type\" content=\"article\" \/>\n<meta property=\"og:title\" content=\"Craft ADV Essence 2&quot; shorts 2 damen - Damenshorts - MioMioRun\" \/>\n<meta property=\"og:description\" content=\"Die ADV Essence 2-in-1 Shorts f\u00fcr Damen sind fortschrittliche Trainingsshorts aus Stretchmaterial, die f\u00fcr intensive Aktivit\u00e4ten entwickelt wurden.\" \/>\n<meta property=\"og:url\" content=\"https:\/\/www.miomiorun.com\/de\/produkt\/adv-essence-2-shorts-2-damen\/\" \/>\n<meta property=\"og:site_name\" content=\"MioMioRun\" \/>\n<meta property=\"article:publisher\" content=\"https:\/\/www.facebook.com\/miomiorun\/\" \/>\n<meta property=\"article:modified_time\" content=\"2025-05-23T08:56:44+00:00\" \/>\n<meta property=\"og:image\" content=\"https:\/\/www.miomiorun.com\/app\/uploads\/2025\/04\/craft-ADV-essence-2-shorts-2-W-black-1915944-999000.webp\" \/>\n\t<meta property=\"og:image:width\" content=\"600\" \/>\n\t<meta property=\"og:image:height\" content=\"600\" \/>\n\t<meta property=\"og:image:type\" content=\"image\/webp\" \/>\n<meta name=\"twitter:card\" content=\"summary_large_image\" \/>\n<meta name=\"twitter:label1\" content=\"Est. reading time\" \/>\n\t<meta name=\"twitter:data1\" content=\"2 minutes\" \/>\n<script type=\"application\/ld+json\" class=\"yoast-schema-graph\">{\"@context\":\"https:\/\/schema.org\",\"@graph\":[{\"@type\":\"WebPage\",\"@id\":\"https:\/\/www.miomiorun.com\/de\/produkt\/adv-essence-2-shorts-2-damen\/\",\"url\":\"https:\/\/www.miomiorun.com\/de\/produkt\/adv-essence-2-shorts-2-damen\/\",\"name\":\"Craft ADV Essence 2\\\" shorts 2 damen - Damenshorts - MioMioRun\",\"isPartOf\":{\"@id\":\"https:\/\/www.miomiorun.com\/de\/#website\"},\"primaryImageOfPage\":{\"@id\":\"https:\/\/www.miomiorun.com\/de\/produkt\/adv-essence-2-shorts-2-damen\/#primaryimage\"},\"image\":{\"@id\":\"https:\/\/www.miomiorun.com\/de\/produkt\/adv-essence-2-shorts-2-damen\/#primaryimage\"},\"thumbnailUrl\":\"https:\/\/www.miomiorun.com\/app\/uploads\/2025\/04\/craft-ADV-essence-2-shorts-2-W-black-1915944-999000.webp\",\"datePublished\":\"2025-03-19T17:17:12+00:00\",\"dateModified\":\"2025-05-23T08:56:44+00:00\",\"description\":\"Die ADV Essence 2-in-1 Shorts f\u00fcr Damen sind fortschrittliche Trainingsshorts aus Stretchmaterial, die f\u00fcr intensive Aktivit\u00e4ten entwickelt wurden.\",\"breadcrumb\":{\"@id\":\"https:\/\/www.miomiorun.com\/de\/produkt\/adv-essence-2-shorts-2-damen\/#breadcrumb\"},\"inLanguage\":\"de-DE\",\"potentialAction\":[{\"@type\":\"ReadAction\",\"target\":[\"https:\/\/www.miomiorun.com\/de\/produkt\/adv-essence-2-shorts-2-damen\/\"]}]},{\"@type\":\"ImageObject\",\"inLanguage\":\"de-DE\",\"@id\":\"https:\/\/www.miomiorun.com\/de\/produkt\/adv-essence-2-shorts-2-damen\/#primaryimage\",\"url\":\"https:\/\/www.miomiorun.com\/app\/uploads\/2025\/04\/craft-ADV-essence-2-shorts-2-W-black-1915944-999000.webp\",\"contentUrl\":\"https:\/\/www.miomiorun.com\/app\/uploads\/2025\/04\/craft-ADV-essence-2-shorts-2-W-black-1915944-999000.webp\",\"width\":600,\"height\":600,\"caption\":\"craft ADV essence 2 shorts 2 W black 1915944-999000\"},{\"@type\":\"BreadcrumbList\",\"@id\":\"https:\/\/www.miomiorun.com\/de\/produkt\/adv-essence-2-shorts-2-damen\/#breadcrumb\",\"itemListElement\":[{\"@type\":\"ListItem\",\"position\":1,\"name\":\"Home\",\"item\":\"https:\/\/www.miomiorun.com\/de\/\"},{\"@type\":\"ListItem\",\"position\":2,\"name\":\"Shop\",\"item\":\"https:\/\/www.miomiorun.com\/shop\/\"},{\"@type\":\"ListItem\",\"position\":3,\"name\":\"ADV Essence 2&#8243; shorts 2 damen\"}]},{\"@type\":\"WebSite\",\"@id\":\"https:\/\/www.miomiorun.com\/de\/#website\",\"url\":\"https:\/\/www.miomiorun.com\/de\/\",\"name\":\"MioMioRun\",\"description\":\"100% Lauf- und Trailshop\",\"publisher\":{\"@id\":\"https:\/\/www.miomiorun.com\/de\/#organization\"},\"potentialAction\":[{\"@type\":\"SearchAction\",\"target\":{\"@type\":\"EntryPoint\",\"urlTemplate\":\"https:\/\/www.miomiorun.com\/de\/?s={search_term_string}\"},\"query-input\":{\"@type\":\"PropertyValueSpecification\",\"valueRequired\":true,\"valueName\":\"search_term_string\"}}],\"inLanguage\":\"de-DE\"},{\"@type\":\"Organization\",\"@id\":\"https:\/\/www.miomiorun.com\/de\/#organization\",\"name\":\"MioMio Run\",\"url\":\"https:\/\/www.miomiorun.com\/de\/\",\"logo\":{\"@type\":\"ImageObject\",\"inLanguage\":\"de-DE\",\"@id\":\"https:\/\/www.miomiorun.com\/de\/#\/schema\/logo\/image\/\",\"url\":\"https:\/\/www.miomiorun.com\/app\/uploads\/2019\/12\/logomio.png\",\"contentUrl\":\"https:\/\/www.miomiorun.com\/app\/uploads\/2019\/12\/logomio.png\",\"width\":115,\"height\":82,\"caption\":\"MioMio Run\"},\"image\":{\"@id\":\"https:\/\/www.miomiorun.com\/de\/#\/schema\/logo\/image\/\"},\"sameAs\":[\"https:\/\/www.facebook.com\/miomiorun\/\",\"https:\/\/www.instagram.com\/miomiorun\/\"]}]}<\/script>\n<!-- \/ Yoast SEO plugin. -->","yoast_head_json":{"title":"Craft ADV Essence 2\" shorts 2 damen - Damenshorts - MioMioRun","description":"Die ADV Essence 2-in-1 Shorts f\u00fcr Damen sind fortschrittliche Trainingsshorts aus Stretchmaterial, die f\u00fcr intensive Aktivit\u00e4ten entwickelt wurden.","robots":{"index":"index","follow":"follow","max-snippet":"max-snippet:-1","max-image-preview":"max-image-preview:large","max-video-preview":"max-video-preview:-1"},"canonical":"https:\/\/www.miomiorun.com\/de\/produkt\/adv-essence-2-shorts-2-damen\/","og_locale":"de_DE","og_type":"article","og_title":"Craft ADV Essence 2\" shorts 2 damen - Damenshorts - MioMioRun","og_description":"Die ADV Essence 2-in-1 Shorts f\u00fcr Damen sind fortschrittliche Trainingsshorts aus Stretchmaterial, die f\u00fcr intensive Aktivit\u00e4ten entwickelt wurden.","og_url":"https:\/\/www.miomiorun.com\/de\/produkt\/adv-essence-2-shorts-2-damen\/","og_site_name":"MioMioRun","article_publisher":"https:\/\/www.facebook.com\/miomiorun\/","article_modified_time":"2025-05-23T08:56:44+00:00","og_image":[{"width":600,"height":600,"url":"https:\/\/www.miomiorun.com\/app\/uploads\/2025\/04\/craft-ADV-essence-2-shorts-2-W-black-1915944-999000.webp","type":"image\/webp"}],"twitter_card":"summary_large_image","twitter_misc":{"Est. reading time":"2 minutes"},"schema":{"@context":"https:\/\/schema.org","@graph":[{"@type":"WebPage","@id":"https:\/\/www.miomiorun.com\/de\/produkt\/adv-essence-2-shorts-2-damen\/","url":"https:\/\/www.miomiorun.com\/de\/produkt\/adv-essence-2-shorts-2-damen\/","name":"Craft ADV Essence 2\" shorts 2 damen - Damenshorts - MioMioRun","isPartOf":{"@id":"https:\/\/www.miomiorun.com\/de\/#website"},"primaryImageOfPage":{"@id":"https:\/\/www.miomiorun.com\/de\/produkt\/adv-essence-2-shorts-2-damen\/#primaryimage"},"image":{"@id":"https:\/\/www.miomiorun.com\/de\/produkt\/adv-essence-2-shorts-2-damen\/#primaryimage"},"thumbnailUrl":"https:\/\/www.miomiorun.com\/app\/uploads\/2025\/04\/craft-ADV-essence-2-shorts-2-W-black-1915944-999000.webp","datePublished":"2025-03-19T17:17:12+00:00","dateModified":"2025-05-23T08:56:44+00:00","description":"Die ADV Essence 2-in-1 Shorts f\u00fcr Damen sind fortschrittliche Trainingsshorts aus Stretchmaterial, die f\u00fcr intensive Aktivit\u00e4ten entwickelt wurden.","breadcrumb":{"@id":"https:\/\/www.miomiorun.com\/de\/produkt\/adv-essence-2-shorts-2-damen\/#breadcrumb"},"inLanguage":"de-DE","potentialAction":[{"@type":"ReadAction","target":["https:\/\/www.miomiorun.com\/de\/produkt\/adv-essence-2-shorts-2-damen\/"]}]},{"@type":"ImageObject","inLanguage":"de-DE","@id":"https:\/\/www.miomiorun.com\/de\/produkt\/adv-essence-2-shorts-2-damen\/#primaryimage","url":"https:\/\/www.miomiorun.com\/app\/uploads\/2025\/04\/craft-ADV-essence-2-shorts-2-W-black-1915944-999000.webp","contentUrl":"https:\/\/www.miomiorun.com\/app\/uploads\/2025\/04\/craft-ADV-essence-2-shorts-2-W-black-1915944-999000.webp","width":600,"height":600,"caption":"craft ADV essence 2 shorts 2 W black 1915944-999000"},{"@type":"BreadcrumbList","@id":"https:\/\/www.miomiorun.com\/de\/produkt\/adv-essence-2-shorts-2-damen\/#breadcrumb","itemListElement":[{"@type":"ListItem","position":1,"name":"Home","item":"https:\/\/www.miomiorun.com\/de\/"},{"@type":"ListItem","position":2,"name":"Shop","item":"https:\/\/www.miomiorun.com\/shop\/"},{"@type":"ListItem","position":3,"name":"ADV Essence 2&#8243; shorts 2 damen"}]},{"@type":"WebSite","@id":"https:\/\/www.miomiorun.com\/de\/#website","url":"https:\/\/www.miomiorun.com\/de\/","name":"MioMioRun","description":"100% Lauf- und Trailshop","publisher":{"@id":"https:\/\/www.miomiorun.com\/de\/#organization"},"potentialAction":[{"@type":"SearchAction","target":{"@type":"EntryPoint","urlTemplate":"https:\/\/www.miomiorun.com\/de\/?s={search_term_string}"},"query-input":{"@type":"PropertyValueSpecification","valueRequired":true,"valueName":"search_term_string"}}],"inLanguage":"de-DE"},{"@type":"Organization","@id":"https:\/\/www.miomiorun.com\/de\/#organization","name":"MioMio Run","url":"https:\/\/www.miomiorun.com\/de\/","logo":{"@type":"ImageObject","inLanguage":"de-DE","@id":"https:\/\/www.miomiorun.com\/de\/#\/schema\/logo\/image\/","url":"https:\/\/www.miomiorun.com\/app\/uploads\/2019\/12\/logomio.png","contentUrl":"https:\/\/www.miomiorun.com\/app\/uploads\/2019\/12\/logomio.png","width":115,"height":82,"caption":"MioMio Run"},"image":{"@id":"https:\/\/www.miomiorun.com\/de\/#\/schema\/logo\/image\/"},"sameAs":["https:\/\/www.facebook.com\/miomiorun\/","https:\/\/www.instagram.com\/miomiorun\/"]}]}},"_links":{"self":[{"href":"https:\/\/www.miomiorun.com\/de\/wp-json\/wp\/v2\/product\/267079","targetHints":{"allow":["GET"]}}],"collection":[{"href":"https:\/\/www.miomiorun.com\/de\/wp-json\/wp\/v2\/product"}],"about":[{"href":"https:\/\/www.miomiorun.com\/de\/wp-json\/wp\/v2\/types\/product"}],"wp:featuredmedia":[{"embeddable":true,"href":"https:\/\/www.miomiorun.com\/de\/wp-json\/wp\/v2\/media\/272343"}],"wp:attachment":[{"href":"https:\/\/www.miomiorun.com\/de\/wp-json\/wp\/v2\/media?parent=267079"}],"wp:term":[{"taxonomy":"product_brand","embeddable":true,"href":"https:\/\/www.miomiorun.com\/de\/wp-json\/wp\/v2\/product_brand?post=267079"},{"taxonomy":"product_cat","embeddable":true,"href":"https:\/\/www.miomiorun.com\/de\/wp-json\/wp\/v2\/product_cat?post=267079"},{"taxonomy":"product_tag","embeddable":true,"href":"https:\/\/www.miomiorun.com\/de\/wp-json\/wp\/v2\/product_tag?post=267079"}],"curies":[{"name":"wp","href":"https:\/\/api.w.org\/{rel}","templated":true}]}}