{"id":266762,"date":"2025-03-18T18:54:30","date_gmt":"2025-03-18T17:54:30","guid":{"rendered":"https:\/\/miomiorun.com\/?post_type=product&#038;p=266762"},"modified":"2025-05-23T11:08:44","modified_gmt":"2025-05-23T09:08:44","slug":"adv-essence-singlet-2-damen","status":"publish","type":"product","link":"https:\/\/www.miomiorun.com\/de\/produkt\/adv-essence-singlet-2-damen\/","title":{"rendered":"ADV Essence singlet 2 damen"},"content":{"rendered":"<p>Das ADV Essence Singlet 2 ist ein weiches und funktionelles Trainingsshirt, das f\u00fcr die meisten hochintensiven Workouts entwickelt wurde.<\/p>\n<p>Dieses vielseitige Singlet besteht aus recyceltem Polyester und Elastan und verf\u00fcgt \u00fcber Netzeins\u00e4tze und perforierte Details f\u00fcr zus\u00e4tzliche Bel\u00fcftung. Au\u00dferdem verf\u00fcgt dieses fortschrittliche Trainingstank-Top \u00fcber ein Racerback-Design mit tiefem Schnitt f\u00fcr optimalen Komfort und Bewegungsfreiheit.<\/p>\n<p><strong>Eigenschaften:<\/strong><\/p>\n<div class=\"Accordion__AccordionContent-sc-9wckgl-3 ihrqnG\">\n<div>\n<ul>\n<li class=\"Text-sc-s31epd-0 iovWTc d-inline f3-700 mr-1\">Recyceltes Polyester und Elastan<\/li>\n<li class=\"Text-sc-s31epd-0 iovWTc d-inline f3-700 mr-1\">Mesh-Eins\u00e4tze und perforierte Details<\/li>\n<li class=\"Text-sc-s31epd-0 iovWTc d-inline f3-700 mr-1\">Racerback-Design mit tiefem Schnitt<\/li>\n<li class=\"Text-sc-s31epd-0 iovWTc d-inline f3-700 mr-1\">Abgerundeter Saum<\/li>\n<li class=\"Text-sc-s31epd-0 iovWTc d-inline f3-700 mr-1\">Normale Passform<\/li>\n<\/ul>\n<\/div>\n<p>Materialien:<\/p>\n<p>Au\u00dfen: 91% recyceltes Polyester 9% Elastan<\/p>\n<p>Innenseite: 84% recyceltes Polyester 6% Polyester 10% Elastan<\/p>\n<\/div>\n<p>&nbsp;<\/p>\n","protected":false},"excerpt":{"rendered":"<ul>\n<li>Umweltfreundliche Materialien: Hergestellt aus recyceltem Polyester und Elastan f\u00fcr eine geringere Umweltbelastung.<\/li>\n<li>Maximale Atmungsaktivit\u00e4t: Mesh-Eins\u00e4tze und perforierte Details sorgen f\u00fcr optimale Bel\u00fcftung.<\/li>\n<li>Bewegungsfreiheit: Racerback-Design mit tiefem Schnitt f\u00fcr Komfort und Beweglichkeit bei intensiven Trainingseinheiten.<\/li>\n<\/ul>\n","protected":false},"featured_media":266720,"template":"","meta":{"_acf_changed":false,"inline_featured_image":false},"product_brand":[],"product_cat":[6401,6403],"product_tag":[6304,6232],"class_list":{"0":"post-266762","1":"product","2":"type-product","3":"status-publish","4":"has-post-thumbnail","6":"product_cat-damenbekleidung","7":"product_cat-damentank-tops","8":"product_tag-craft-de","9":"product_tag-craft-damen-de","10":"pa_attivita-fitness-de","11":"pa_attivita-gehen","12":"pa_attivita-running-de","13":"pa_colore-adv-essence-singlet-2-w-cheer-de","14":"pa_colore-adv-essence-singlet-2-w-glacial-de","15":"pa_colore-adv-essence-singlet-2-w-white-de","16":"pa_marca-craft-de","17":"pa_sesso-damen","18":"pa_size-extra-small-de","19":"pa_size-small-de","21":"first","22":"instock","23":"sale","24":"taxable","25":"shipping-taxable","26":"purchasable","27":"product-type-variable","28":"wvs-archive-product-wrapper"},"acf":[],"yoast_head":"<!-- This site is optimized with the Yoast SEO plugin v26.8 - https:\/\/yoast.com\/product\/yoast-seo-wordpress\/ -->\n<title>Craft ADV Essence singlet 2 damen - Lauf-Tanktops - MioMioRun.com<\/title>\n<meta name=\"description\" content=\"ADV Essence Singlet 2: Trainings-Singlet aus recyceltem Polyester mit atmungsaktivem Mesh und Racerback-Design f\u00fcr maximale Bewegungsfreiheit.\" \/>\n<meta name=\"robots\" content=\"index, follow, max-snippet:-1, max-image-preview:large, max-video-preview:-1\" \/>\n<link rel=\"canonical\" href=\"https:\/\/www.miomiorun.com\/de\/produkt\/adv-essence-singlet-2-damen\/\" \/>\n<meta property=\"og:locale\" content=\"de_DE\" \/>\n<meta property=\"og:type\" content=\"article\" \/>\n<meta property=\"og:title\" content=\"Craft ADV Essence singlet 2 damen - Lauf-Tanktops - MioMioRun.com\" \/>\n<meta property=\"og:description\" content=\"ADV Essence Singlet 2: Trainings-Singlet aus recyceltem Polyester mit atmungsaktivem Mesh und Racerback-Design f\u00fcr maximale Bewegungsfreiheit.\" \/>\n<meta property=\"og:url\" content=\"https:\/\/www.miomiorun.com\/de\/produkt\/adv-essence-singlet-2-damen\/\" \/>\n<meta property=\"og:site_name\" content=\"MioMioRun\" \/>\n<meta property=\"article:publisher\" content=\"https:\/\/www.facebook.com\/miomiorun\/\" \/>\n<meta property=\"article:modified_time\" content=\"2025-05-23T09:08:44+00:00\" \/>\n<meta property=\"og:image\" content=\"https:\/\/www.miomiorun.com\/app\/uploads\/2025\/03\/craft-ADV-essence-singlet-2-W-glacial-1914796-630000.webp\" \/>\n\t<meta property=\"og:image:width\" content=\"600\" \/>\n\t<meta property=\"og:image:height\" content=\"600\" \/>\n\t<meta property=\"og:image:type\" content=\"image\/webp\" \/>\n<meta name=\"twitter:card\" content=\"summary_large_image\" \/>\n<meta name=\"twitter:label1\" content=\"Est. reading time\" \/>\n\t<meta name=\"twitter:data1\" content=\"1 minute\" \/>\n<script type=\"application\/ld+json\" class=\"yoast-schema-graph\">{\"@context\":\"https:\/\/schema.org\",\"@graph\":[{\"@type\":\"WebPage\",\"@id\":\"https:\/\/www.miomiorun.com\/de\/produkt\/adv-essence-singlet-2-damen\/\",\"url\":\"https:\/\/www.miomiorun.com\/de\/produkt\/adv-essence-singlet-2-damen\/\",\"name\":\"Craft ADV Essence singlet 2 damen - Lauf-Tanktops - MioMioRun.com\",\"isPartOf\":{\"@id\":\"https:\/\/www.miomiorun.com\/de\/#website\"},\"primaryImageOfPage\":{\"@id\":\"https:\/\/www.miomiorun.com\/de\/produkt\/adv-essence-singlet-2-damen\/#primaryimage\"},\"image\":{\"@id\":\"https:\/\/www.miomiorun.com\/de\/produkt\/adv-essence-singlet-2-damen\/#primaryimage\"},\"thumbnailUrl\":\"https:\/\/www.miomiorun.com\/app\/uploads\/2025\/03\/craft-ADV-essence-singlet-2-W-glacial-1914796-630000.webp\",\"datePublished\":\"2025-03-18T17:54:30+00:00\",\"dateModified\":\"2025-05-23T09:08:44+00:00\",\"description\":\"ADV Essence Singlet 2: Trainings-Singlet aus recyceltem Polyester mit atmungsaktivem Mesh und Racerback-Design f\u00fcr maximale Bewegungsfreiheit.\",\"breadcrumb\":{\"@id\":\"https:\/\/www.miomiorun.com\/de\/produkt\/adv-essence-singlet-2-damen\/#breadcrumb\"},\"inLanguage\":\"de-DE\",\"potentialAction\":[{\"@type\":\"ReadAction\",\"target\":[\"https:\/\/www.miomiorun.com\/de\/produkt\/adv-essence-singlet-2-damen\/\"]}]},{\"@type\":\"ImageObject\",\"inLanguage\":\"de-DE\",\"@id\":\"https:\/\/www.miomiorun.com\/de\/produkt\/adv-essence-singlet-2-damen\/#primaryimage\",\"url\":\"https:\/\/www.miomiorun.com\/app\/uploads\/2025\/03\/craft-ADV-essence-singlet-2-W-glacial-1914796-630000.webp\",\"contentUrl\":\"https:\/\/www.miomiorun.com\/app\/uploads\/2025\/03\/craft-ADV-essence-singlet-2-W-glacial-1914796-630000.webp\",\"width\":600,\"height\":600,\"caption\":\"craft ADV essence singlet 2 W glacial 1914796-630000\"},{\"@type\":\"BreadcrumbList\",\"@id\":\"https:\/\/www.miomiorun.com\/de\/produkt\/adv-essence-singlet-2-damen\/#breadcrumb\",\"itemListElement\":[{\"@type\":\"ListItem\",\"position\":1,\"name\":\"Home\",\"item\":\"https:\/\/www.miomiorun.com\/de\/\"},{\"@type\":\"ListItem\",\"position\":2,\"name\":\"Shop\",\"item\":\"https:\/\/www.miomiorun.com\/shop\/\"},{\"@type\":\"ListItem\",\"position\":3,\"name\":\"ADV Essence singlet 2 damen\"}]},{\"@type\":\"WebSite\",\"@id\":\"https:\/\/www.miomiorun.com\/de\/#website\",\"url\":\"https:\/\/www.miomiorun.com\/de\/\",\"name\":\"MioMioRun\",\"description\":\"100% Lauf- und Trailshop\",\"publisher\":{\"@id\":\"https:\/\/www.miomiorun.com\/de\/#organization\"},\"potentialAction\":[{\"@type\":\"SearchAction\",\"target\":{\"@type\":\"EntryPoint\",\"urlTemplate\":\"https:\/\/www.miomiorun.com\/de\/?s={search_term_string}\"},\"query-input\":{\"@type\":\"PropertyValueSpecification\",\"valueRequired\":true,\"valueName\":\"search_term_string\"}}],\"inLanguage\":\"de-DE\"},{\"@type\":\"Organization\",\"@id\":\"https:\/\/www.miomiorun.com\/de\/#organization\",\"name\":\"MioMio Run\",\"url\":\"https:\/\/www.miomiorun.com\/de\/\",\"logo\":{\"@type\":\"ImageObject\",\"inLanguage\":\"de-DE\",\"@id\":\"https:\/\/www.miomiorun.com\/de\/#\/schema\/logo\/image\/\",\"url\":\"https:\/\/www.miomiorun.com\/app\/uploads\/2019\/12\/logomio.png\",\"contentUrl\":\"https:\/\/www.miomiorun.com\/app\/uploads\/2019\/12\/logomio.png\",\"width\":115,\"height\":82,\"caption\":\"MioMio Run\"},\"image\":{\"@id\":\"https:\/\/www.miomiorun.com\/de\/#\/schema\/logo\/image\/\"},\"sameAs\":[\"https:\/\/www.facebook.com\/miomiorun\/\",\"https:\/\/www.instagram.com\/miomiorun\/\"]}]}<\/script>\n<!-- \/ Yoast SEO plugin. -->","yoast_head_json":{"title":"Craft ADV Essence singlet 2 damen - Lauf-Tanktops - MioMioRun.com","description":"ADV Essence Singlet 2: Trainings-Singlet aus recyceltem Polyester mit atmungsaktivem Mesh und Racerback-Design f\u00fcr maximale Bewegungsfreiheit.","robots":{"index":"index","follow":"follow","max-snippet":"max-snippet:-1","max-image-preview":"max-image-preview:large","max-video-preview":"max-video-preview:-1"},"canonical":"https:\/\/www.miomiorun.com\/de\/produkt\/adv-essence-singlet-2-damen\/","og_locale":"de_DE","og_type":"article","og_title":"Craft ADV Essence singlet 2 damen - Lauf-Tanktops - MioMioRun.com","og_description":"ADV Essence Singlet 2: Trainings-Singlet aus recyceltem Polyester mit atmungsaktivem Mesh und Racerback-Design f\u00fcr maximale Bewegungsfreiheit.","og_url":"https:\/\/www.miomiorun.com\/de\/produkt\/adv-essence-singlet-2-damen\/","og_site_name":"MioMioRun","article_publisher":"https:\/\/www.facebook.com\/miomiorun\/","article_modified_time":"2025-05-23T09:08:44+00:00","og_image":[{"width":600,"height":600,"url":"https:\/\/www.miomiorun.com\/app\/uploads\/2025\/03\/craft-ADV-essence-singlet-2-W-glacial-1914796-630000.webp","type":"image\/webp"}],"twitter_card":"summary_large_image","twitter_misc":{"Est. reading time":"1 minute"},"schema":{"@context":"https:\/\/schema.org","@graph":[{"@type":"WebPage","@id":"https:\/\/www.miomiorun.com\/de\/produkt\/adv-essence-singlet-2-damen\/","url":"https:\/\/www.miomiorun.com\/de\/produkt\/adv-essence-singlet-2-damen\/","name":"Craft ADV Essence singlet 2 damen - Lauf-Tanktops - MioMioRun.com","isPartOf":{"@id":"https:\/\/www.miomiorun.com\/de\/#website"},"primaryImageOfPage":{"@id":"https:\/\/www.miomiorun.com\/de\/produkt\/adv-essence-singlet-2-damen\/#primaryimage"},"image":{"@id":"https:\/\/www.miomiorun.com\/de\/produkt\/adv-essence-singlet-2-damen\/#primaryimage"},"thumbnailUrl":"https:\/\/www.miomiorun.com\/app\/uploads\/2025\/03\/craft-ADV-essence-singlet-2-W-glacial-1914796-630000.webp","datePublished":"2025-03-18T17:54:30+00:00","dateModified":"2025-05-23T09:08:44+00:00","description":"ADV Essence Singlet 2: Trainings-Singlet aus recyceltem Polyester mit atmungsaktivem Mesh und Racerback-Design f\u00fcr maximale Bewegungsfreiheit.","breadcrumb":{"@id":"https:\/\/www.miomiorun.com\/de\/produkt\/adv-essence-singlet-2-damen\/#breadcrumb"},"inLanguage":"de-DE","potentialAction":[{"@type":"ReadAction","target":["https:\/\/www.miomiorun.com\/de\/produkt\/adv-essence-singlet-2-damen\/"]}]},{"@type":"ImageObject","inLanguage":"de-DE","@id":"https:\/\/www.miomiorun.com\/de\/produkt\/adv-essence-singlet-2-damen\/#primaryimage","url":"https:\/\/www.miomiorun.com\/app\/uploads\/2025\/03\/craft-ADV-essence-singlet-2-W-glacial-1914796-630000.webp","contentUrl":"https:\/\/www.miomiorun.com\/app\/uploads\/2025\/03\/craft-ADV-essence-singlet-2-W-glacial-1914796-630000.webp","width":600,"height":600,"caption":"craft ADV essence singlet 2 W glacial 1914796-630000"},{"@type":"BreadcrumbList","@id":"https:\/\/www.miomiorun.com\/de\/produkt\/adv-essence-singlet-2-damen\/#breadcrumb","itemListElement":[{"@type":"ListItem","position":1,"name":"Home","item":"https:\/\/www.miomiorun.com\/de\/"},{"@type":"ListItem","position":2,"name":"Shop","item":"https:\/\/www.miomiorun.com\/shop\/"},{"@type":"ListItem","position":3,"name":"ADV Essence singlet 2 damen"}]},{"@type":"WebSite","@id":"https:\/\/www.miomiorun.com\/de\/#website","url":"https:\/\/www.miomiorun.com\/de\/","name":"MioMioRun","description":"100% Lauf- und Trailshop","publisher":{"@id":"https:\/\/www.miomiorun.com\/de\/#organization"},"potentialAction":[{"@type":"SearchAction","target":{"@type":"EntryPoint","urlTemplate":"https:\/\/www.miomiorun.com\/de\/?s={search_term_string}"},"query-input":{"@type":"PropertyValueSpecification","valueRequired":true,"valueName":"search_term_string"}}],"inLanguage":"de-DE"},{"@type":"Organization","@id":"https:\/\/www.miomiorun.com\/de\/#organization","name":"MioMio Run","url":"https:\/\/www.miomiorun.com\/de\/","logo":{"@type":"ImageObject","inLanguage":"de-DE","@id":"https:\/\/www.miomiorun.com\/de\/#\/schema\/logo\/image\/","url":"https:\/\/www.miomiorun.com\/app\/uploads\/2019\/12\/logomio.png","contentUrl":"https:\/\/www.miomiorun.com\/app\/uploads\/2019\/12\/logomio.png","width":115,"height":82,"caption":"MioMio Run"},"image":{"@id":"https:\/\/www.miomiorun.com\/de\/#\/schema\/logo\/image\/"},"sameAs":["https:\/\/www.facebook.com\/miomiorun\/","https:\/\/www.instagram.com\/miomiorun\/"]}]}},"_links":{"self":[{"href":"https:\/\/www.miomiorun.com\/de\/wp-json\/wp\/v2\/product\/266762","targetHints":{"allow":["GET"]}}],"collection":[{"href":"https:\/\/www.miomiorun.com\/de\/wp-json\/wp\/v2\/product"}],"about":[{"href":"https:\/\/www.miomiorun.com\/de\/wp-json\/wp\/v2\/types\/product"}],"wp:featuredmedia":[{"embeddable":true,"href":"https:\/\/www.miomiorun.com\/de\/wp-json\/wp\/v2\/media\/266720"}],"wp:attachment":[{"href":"https:\/\/www.miomiorun.com\/de\/wp-json\/wp\/v2\/media?parent=266762"}],"wp:term":[{"taxonomy":"product_brand","embeddable":true,"href":"https:\/\/www.miomiorun.com\/de\/wp-json\/wp\/v2\/product_brand?post=266762"},{"taxonomy":"product_cat","embeddable":true,"href":"https:\/\/www.miomiorun.com\/de\/wp-json\/wp\/v2\/product_cat?post=266762"},{"taxonomy":"product_tag","embeddable":true,"href":"https:\/\/www.miomiorun.com\/de\/wp-json\/wp\/v2\/product_tag?post=266762"}],"curies":[{"name":"wp","href":"https:\/\/api.w.org\/{rel}","templated":true}]}}