{"id":266664,"date":"2025-03-18T17:49:07","date_gmt":"2025-03-18T16:49:07","guid":{"rendered":"https:\/\/miomiorun.com\/?post_type=product&#038;p=266664"},"modified":"2025-04-03T17:30:55","modified_gmt":"2025-04-03T15:30:55","slug":"sptize-hooded-trikot-damen","status":"publish","type":"product","link":"https:\/\/www.miomiorun.com\/de\/produkt\/sptize-hooded-trikot-damen\/","title":{"rendered":"Sptize Hooded Trikot Damen"},"content":{"rendered":"<p>Wenn Sie auf der Suche nach einem vielseitigen, bequemen und sch\u00fctzenden Kleidungsst\u00fcck f\u00fcr Ihre Tage in den Bergen sind, ist das <strong>Spitze Open Jersey<\/strong> genau das Richtige f\u00fcr Sie. Dieses Trikot f\u00fcr Frauen ist perfekt zum Klettern, Bergsteigen und f\u00fcr alle Outdoor-Aktivit\u00e4ten geeignet und bietet Ihnen maximalen Komfort und Schutz bei Ihren Abenteuern.<\/p>\n<p>Das Trikot aus <strong>2-Wege-Stretch-Polyesterfleece<\/strong> ist atmungsaktiv, leicht und schnelltrocknend, sodass Sie sich ganz auf Ihre Leistung konzentrieren k\u00f6nnen, ohne sich Gedanken \u00fcber Schwei\u00df oder Feuchtigkeit zu machen. Die interne Mikrogitterstruktur reduziert die Hautkontaktpunkte und verbessert die Luftzirkulation &#8211; perfekt f\u00fcr hei\u00dfes und feuchtes Bergklima. Und das ist noch nicht alles: Dank der <em>DWR-Behandlung<\/em> (Durable Water Repellent) ist das Gewebe widerstandsf\u00e4higer und sch\u00fctzt vor leichtem Regen und Feuchtigkeit.<\/p>\n<p>Mit <strong>integriertem UV-Schutz<\/strong> sch\u00fctzt die Spitze vor Sonneneinstrahlung, wenn du die Berge erkundest, ohne dass du auf Komfort verzichten musst. Die kontrastierenden <em>Stretch-Nylon-Details<\/em> sorgen f\u00fcr einen Hauch von Stil, w\u00e4hrend die elastische Kapuze und der Saum dich in den Pausen vor K\u00e4lte sch\u00fctzen.<\/p>\n<p>Das Spitzentrikot ist auch super praktisch: Der zentrale Rei\u00dfverschluss erm\u00f6glicht ein einfaches An- und Ausziehen zwischen den Trainingseinheiten. Au\u00dferdem k\u00f6nnen Sie in den Hand- und Brusttaschen mit Rei\u00dfverschluss alle Ihre pers\u00f6nlichen Gegenst\u00e4nde wie Schl\u00fcssel oder Telefon sicher aufbewahren.<\/p>\n<p><strong>Mit einem Gewicht von nur 310 Gramm<\/strong> ist das Spitze Trikot leicht und bequem bei jeder Aktivit\u00e4t zu tragen. So k\u00f6nnen Sie Ihre Sommertage in den Bergen mit vollem Schutz verbringen, ohne auf Komfort und Stil verzichten zu m\u00fcssen.<\/p>\n<p><strong>Funktionsweise<\/strong>:<\/p>\n<ul>\n<li>Offenes Frauentrikot mit Kapuze<\/li>\n<li>Bi-Stretch-Polyester-Fleece-Gewebe mit hohem UV-Schutz<\/li>\n<li>Kontrastierendes DWR-Stretch-Nylongewebe<\/li>\n<li>Vordere Mitte mit Rei\u00dfverschluss, Hand- und Brusttaschen mit Rei\u00dfverschluss<\/li>\n<li>Kapuze und Saum mit elastischem Abschluss<\/li>\n<li>Ideales Kleidungsst\u00fcck f\u00fcr Outdoor-Aktivit\u00e4ten<\/li>\n<\/ul>\n","protected":false},"excerpt":{"rendered":"<ul>\n<li>Ideale Jacke f\u00fcr Ihre Rennen\/Wanderungen in den Bergen.<\/li>\n<li>Sie bietet hervorragenden Schutz vor leichtem Regen, Wind und UV-Strahlen.<\/li>\n<\/ul>\n","protected":false},"featured_media":267371,"template":"","meta":{"_acf_changed":false,"inline_featured_image":false},"product_brand":[],"product_cat":[6400,6401,6486],"product_tag":[3379,6254],"class_list":{"0":"post-266664","1":"product","2":"type-product","3":"status-publish","4":"has-post-thumbnail","6":"product_cat-damen","7":"product_cat-damenbekleidung","8":"product_cat-damenlangarmshirts","9":"product_tag-montura-de","10":"product_tag-montura-damen-de","11":"pa_attivita-gehen","12":"pa_attivita-outdoor-de","13":"pa_colore-sptize-hooded-maglia-w-turquoise-graphit-de","14":"pa_marca-montura-de","15":"pa_sesso-damen","16":"pa_size-small-de","17":"pa_size-large-de","19":"first","20":"instock","21":"sale","22":"taxable","23":"shipping-taxable","24":"purchasable","25":"product-type-variable","26":"wvs-archive-product-wrapper"},"acf":[],"yoast_head":"<!-- This site is optimized with the Yoast SEO plugin v26.8 - https:\/\/yoast.com\/product\/yoast-seo-wordpress\/ -->\n<title>Montura Sptize Hooded Trikot Damen - Sommerjacke - MioMioRun<\/title>\n<meta name=\"description\" content=\"Das Sptize Hooded f\u00fcr Damen ist ein atmungsaktives und sch\u00fctzendes Trikot, ideal f\u00fcr Outdoor-Aktivit\u00e4ten, mit UV-Schutz, praktischen Rei\u00dfverschl\u00fcssen und einem bequemen und modischen Design.\" \/>\n<meta name=\"robots\" content=\"index, follow, max-snippet:-1, max-image-preview:large, max-video-preview:-1\" \/>\n<link rel=\"canonical\" href=\"https:\/\/www.miomiorun.com\/de\/produkt\/sptize-hooded-trikot-damen\/\" \/>\n<meta property=\"og:locale\" content=\"de_DE\" \/>\n<meta property=\"og:type\" content=\"article\" \/>\n<meta property=\"og:title\" content=\"Montura Sptize Hooded Trikot Damen - Sommerjacke - MioMioRun\" \/>\n<meta property=\"og:description\" content=\"Das Sptize Hooded f\u00fcr Damen ist ein atmungsaktives und sch\u00fctzendes Trikot, ideal f\u00fcr Outdoor-Aktivit\u00e4ten, mit UV-Schutz, praktischen Rei\u00dfverschl\u00fcssen und einem bequemen und modischen Design.\" \/>\n<meta property=\"og:url\" content=\"https:\/\/www.miomiorun.com\/de\/produkt\/sptize-hooded-trikot-damen\/\" \/>\n<meta property=\"og:site_name\" content=\"MioMioRun\" \/>\n<meta property=\"article:publisher\" content=\"https:\/\/www.facebook.com\/miomiorun\/\" \/>\n<meta property=\"article:modified_time\" content=\"2025-04-03T15:30:55+00:00\" \/>\n<meta property=\"og:image\" content=\"https:\/\/www.miomiorun.com\/app\/uploads\/2025\/03\/montura-Spitze-hooded-maglia-W-baton-rouge-vinac-MMAP57W.59514.webp\" \/>\n\t<meta property=\"og:image:width\" content=\"600\" \/>\n\t<meta property=\"og:image:height\" content=\"600\" \/>\n\t<meta property=\"og:image:type\" content=\"image\/webp\" \/>\n<meta name=\"twitter:card\" content=\"summary_large_image\" \/>\n<meta name=\"twitter:label1\" content=\"Est. reading time\" \/>\n\t<meta name=\"twitter:data1\" content=\"1 minute\" \/>\n<script type=\"application\/ld+json\" class=\"yoast-schema-graph\">{\"@context\":\"https:\/\/schema.org\",\"@graph\":[{\"@type\":\"WebPage\",\"@id\":\"https:\/\/www.miomiorun.com\/de\/produkt\/sptize-hooded-trikot-damen\/\",\"url\":\"https:\/\/www.miomiorun.com\/de\/produkt\/sptize-hooded-trikot-damen\/\",\"name\":\"Montura Sptize Hooded Trikot Damen - Sommerjacke - MioMioRun\",\"isPartOf\":{\"@id\":\"https:\/\/www.miomiorun.com\/de\/#website\"},\"primaryImageOfPage\":{\"@id\":\"https:\/\/www.miomiorun.com\/de\/produkt\/sptize-hooded-trikot-damen\/#primaryimage\"},\"image\":{\"@id\":\"https:\/\/www.miomiorun.com\/de\/produkt\/sptize-hooded-trikot-damen\/#primaryimage\"},\"thumbnailUrl\":\"https:\/\/www.miomiorun.com\/app\/uploads\/2025\/03\/montura-Spitze-hooded-maglia-W-baton-rouge-vinac-MMAP57W.59514.webp\",\"datePublished\":\"2025-03-18T16:49:07+00:00\",\"dateModified\":\"2025-04-03T15:30:55+00:00\",\"description\":\"Das Sptize Hooded f\u00fcr Damen ist ein atmungsaktives und sch\u00fctzendes Trikot, ideal f\u00fcr Outdoor-Aktivit\u00e4ten, mit UV-Schutz, praktischen Rei\u00dfverschl\u00fcssen und einem bequemen und modischen Design.\",\"breadcrumb\":{\"@id\":\"https:\/\/www.miomiorun.com\/de\/produkt\/sptize-hooded-trikot-damen\/#breadcrumb\"},\"inLanguage\":\"de-DE\",\"potentialAction\":[{\"@type\":\"ReadAction\",\"target\":[\"https:\/\/www.miomiorun.com\/de\/produkt\/sptize-hooded-trikot-damen\/\"]}]},{\"@type\":\"ImageObject\",\"inLanguage\":\"de-DE\",\"@id\":\"https:\/\/www.miomiorun.com\/de\/produkt\/sptize-hooded-trikot-damen\/#primaryimage\",\"url\":\"https:\/\/www.miomiorun.com\/app\/uploads\/2025\/03\/montura-Spitze-hooded-maglia-W-baton-rouge-vinac-MMAP57W.59514.webp\",\"contentUrl\":\"https:\/\/www.miomiorun.com\/app\/uploads\/2025\/03\/montura-Spitze-hooded-maglia-W-baton-rouge-vinac-MMAP57W.59514.webp\",\"width\":600,\"height\":600,\"caption\":\"montura Spitze hooded maglia W baton rouge vinac MMAP57W.59514\"},{\"@type\":\"BreadcrumbList\",\"@id\":\"https:\/\/www.miomiorun.com\/de\/produkt\/sptize-hooded-trikot-damen\/#breadcrumb\",\"itemListElement\":[{\"@type\":\"ListItem\",\"position\":1,\"name\":\"Home\",\"item\":\"https:\/\/www.miomiorun.com\/de\/\"},{\"@type\":\"ListItem\",\"position\":2,\"name\":\"Shop\",\"item\":\"https:\/\/www.miomiorun.com\/shop\/\"},{\"@type\":\"ListItem\",\"position\":3,\"name\":\"Sptize Hooded Trikot Damen\"}]},{\"@type\":\"WebSite\",\"@id\":\"https:\/\/www.miomiorun.com\/de\/#website\",\"url\":\"https:\/\/www.miomiorun.com\/de\/\",\"name\":\"MioMioRun\",\"description\":\"100% Lauf- und Trailshop\",\"publisher\":{\"@id\":\"https:\/\/www.miomiorun.com\/de\/#organization\"},\"potentialAction\":[{\"@type\":\"SearchAction\",\"target\":{\"@type\":\"EntryPoint\",\"urlTemplate\":\"https:\/\/www.miomiorun.com\/de\/?s={search_term_string}\"},\"query-input\":{\"@type\":\"PropertyValueSpecification\",\"valueRequired\":true,\"valueName\":\"search_term_string\"}}],\"inLanguage\":\"de-DE\"},{\"@type\":\"Organization\",\"@id\":\"https:\/\/www.miomiorun.com\/de\/#organization\",\"name\":\"MioMio Run\",\"url\":\"https:\/\/www.miomiorun.com\/de\/\",\"logo\":{\"@type\":\"ImageObject\",\"inLanguage\":\"de-DE\",\"@id\":\"https:\/\/www.miomiorun.com\/de\/#\/schema\/logo\/image\/\",\"url\":\"https:\/\/www.miomiorun.com\/app\/uploads\/2019\/12\/logomio.png\",\"contentUrl\":\"https:\/\/www.miomiorun.com\/app\/uploads\/2019\/12\/logomio.png\",\"width\":115,\"height\":82,\"caption\":\"MioMio Run\"},\"image\":{\"@id\":\"https:\/\/www.miomiorun.com\/de\/#\/schema\/logo\/image\/\"},\"sameAs\":[\"https:\/\/www.facebook.com\/miomiorun\/\",\"https:\/\/www.instagram.com\/miomiorun\/\"]}]}<\/script>\n<!-- \/ Yoast SEO plugin. -->","yoast_head_json":{"title":"Montura Sptize Hooded Trikot Damen - Sommerjacke - MioMioRun","description":"Das Sptize Hooded f\u00fcr Damen ist ein atmungsaktives und sch\u00fctzendes Trikot, ideal f\u00fcr Outdoor-Aktivit\u00e4ten, mit UV-Schutz, praktischen Rei\u00dfverschl\u00fcssen und einem bequemen und modischen Design.","robots":{"index":"index","follow":"follow","max-snippet":"max-snippet:-1","max-image-preview":"max-image-preview:large","max-video-preview":"max-video-preview:-1"},"canonical":"https:\/\/www.miomiorun.com\/de\/produkt\/sptize-hooded-trikot-damen\/","og_locale":"de_DE","og_type":"article","og_title":"Montura Sptize Hooded Trikot Damen - Sommerjacke - MioMioRun","og_description":"Das Sptize Hooded f\u00fcr Damen ist ein atmungsaktives und sch\u00fctzendes Trikot, ideal f\u00fcr Outdoor-Aktivit\u00e4ten, mit UV-Schutz, praktischen Rei\u00dfverschl\u00fcssen und einem bequemen und modischen Design.","og_url":"https:\/\/www.miomiorun.com\/de\/produkt\/sptize-hooded-trikot-damen\/","og_site_name":"MioMioRun","article_publisher":"https:\/\/www.facebook.com\/miomiorun\/","article_modified_time":"2025-04-03T15:30:55+00:00","og_image":[{"width":600,"height":600,"url":"https:\/\/www.miomiorun.com\/app\/uploads\/2025\/03\/montura-Spitze-hooded-maglia-W-baton-rouge-vinac-MMAP57W.59514.webp","type":"image\/webp"}],"twitter_card":"summary_large_image","twitter_misc":{"Est. reading time":"1 minute"},"schema":{"@context":"https:\/\/schema.org","@graph":[{"@type":"WebPage","@id":"https:\/\/www.miomiorun.com\/de\/produkt\/sptize-hooded-trikot-damen\/","url":"https:\/\/www.miomiorun.com\/de\/produkt\/sptize-hooded-trikot-damen\/","name":"Montura Sptize Hooded Trikot Damen - Sommerjacke - MioMioRun","isPartOf":{"@id":"https:\/\/www.miomiorun.com\/de\/#website"},"primaryImageOfPage":{"@id":"https:\/\/www.miomiorun.com\/de\/produkt\/sptize-hooded-trikot-damen\/#primaryimage"},"image":{"@id":"https:\/\/www.miomiorun.com\/de\/produkt\/sptize-hooded-trikot-damen\/#primaryimage"},"thumbnailUrl":"https:\/\/www.miomiorun.com\/app\/uploads\/2025\/03\/montura-Spitze-hooded-maglia-W-baton-rouge-vinac-MMAP57W.59514.webp","datePublished":"2025-03-18T16:49:07+00:00","dateModified":"2025-04-03T15:30:55+00:00","description":"Das Sptize Hooded f\u00fcr Damen ist ein atmungsaktives und sch\u00fctzendes Trikot, ideal f\u00fcr Outdoor-Aktivit\u00e4ten, mit UV-Schutz, praktischen Rei\u00dfverschl\u00fcssen und einem bequemen und modischen Design.","breadcrumb":{"@id":"https:\/\/www.miomiorun.com\/de\/produkt\/sptize-hooded-trikot-damen\/#breadcrumb"},"inLanguage":"de-DE","potentialAction":[{"@type":"ReadAction","target":["https:\/\/www.miomiorun.com\/de\/produkt\/sptize-hooded-trikot-damen\/"]}]},{"@type":"ImageObject","inLanguage":"de-DE","@id":"https:\/\/www.miomiorun.com\/de\/produkt\/sptize-hooded-trikot-damen\/#primaryimage","url":"https:\/\/www.miomiorun.com\/app\/uploads\/2025\/03\/montura-Spitze-hooded-maglia-W-baton-rouge-vinac-MMAP57W.59514.webp","contentUrl":"https:\/\/www.miomiorun.com\/app\/uploads\/2025\/03\/montura-Spitze-hooded-maglia-W-baton-rouge-vinac-MMAP57W.59514.webp","width":600,"height":600,"caption":"montura Spitze hooded maglia W baton rouge vinac MMAP57W.59514"},{"@type":"BreadcrumbList","@id":"https:\/\/www.miomiorun.com\/de\/produkt\/sptize-hooded-trikot-damen\/#breadcrumb","itemListElement":[{"@type":"ListItem","position":1,"name":"Home","item":"https:\/\/www.miomiorun.com\/de\/"},{"@type":"ListItem","position":2,"name":"Shop","item":"https:\/\/www.miomiorun.com\/shop\/"},{"@type":"ListItem","position":3,"name":"Sptize Hooded Trikot Damen"}]},{"@type":"WebSite","@id":"https:\/\/www.miomiorun.com\/de\/#website","url":"https:\/\/www.miomiorun.com\/de\/","name":"MioMioRun","description":"100% Lauf- und Trailshop","publisher":{"@id":"https:\/\/www.miomiorun.com\/de\/#organization"},"potentialAction":[{"@type":"SearchAction","target":{"@type":"EntryPoint","urlTemplate":"https:\/\/www.miomiorun.com\/de\/?s={search_term_string}"},"query-input":{"@type":"PropertyValueSpecification","valueRequired":true,"valueName":"search_term_string"}}],"inLanguage":"de-DE"},{"@type":"Organization","@id":"https:\/\/www.miomiorun.com\/de\/#organization","name":"MioMio Run","url":"https:\/\/www.miomiorun.com\/de\/","logo":{"@type":"ImageObject","inLanguage":"de-DE","@id":"https:\/\/www.miomiorun.com\/de\/#\/schema\/logo\/image\/","url":"https:\/\/www.miomiorun.com\/app\/uploads\/2019\/12\/logomio.png","contentUrl":"https:\/\/www.miomiorun.com\/app\/uploads\/2019\/12\/logomio.png","width":115,"height":82,"caption":"MioMio Run"},"image":{"@id":"https:\/\/www.miomiorun.com\/de\/#\/schema\/logo\/image\/"},"sameAs":["https:\/\/www.facebook.com\/miomiorun\/","https:\/\/www.instagram.com\/miomiorun\/"]}]}},"_links":{"self":[{"href":"https:\/\/www.miomiorun.com\/de\/wp-json\/wp\/v2\/product\/266664","targetHints":{"allow":["GET"]}}],"collection":[{"href":"https:\/\/www.miomiorun.com\/de\/wp-json\/wp\/v2\/product"}],"about":[{"href":"https:\/\/www.miomiorun.com\/de\/wp-json\/wp\/v2\/types\/product"}],"wp:featuredmedia":[{"embeddable":true,"href":"https:\/\/www.miomiorun.com\/de\/wp-json\/wp\/v2\/media\/267371"}],"wp:attachment":[{"href":"https:\/\/www.miomiorun.com\/de\/wp-json\/wp\/v2\/media?parent=266664"}],"wp:term":[{"taxonomy":"product_brand","embeddable":true,"href":"https:\/\/www.miomiorun.com\/de\/wp-json\/wp\/v2\/product_brand?post=266664"},{"taxonomy":"product_cat","embeddable":true,"href":"https:\/\/www.miomiorun.com\/de\/wp-json\/wp\/v2\/product_cat?post=266664"},{"taxonomy":"product_tag","embeddable":true,"href":"https:\/\/www.miomiorun.com\/de\/wp-json\/wp\/v2\/product_tag?post=266664"}],"curies":[{"name":"wp","href":"https:\/\/api.w.org\/{rel}","templated":true}]}}