{"id":266232,"date":"2025-03-17T18:54:23","date_gmt":"2025-03-17T17:54:23","guid":{"rendered":"https:\/\/miomiorun.com\/?post_type=product&#038;p=266232"},"modified":"2026-05-08T22:36:30","modified_gmt":"2026-05-08T20:36:30","slug":"summit-run-vest-5","status":"publish","type":"product","link":"https:\/\/www.miomiorun.com\/de\/produkt\/summit-run-vest-5\/","title":{"rendered":"Summit run vest 5"},"content":{"rendered":"<p>Die <strong>Summit Series Run Vest 5<\/strong> ist der ideale Begleiter f\u00fcr L\u00e4ufer und Trail-Enthusiasten, die Komfort, Bequemlichkeit und Leistung bei ihren l\u00e4ngsten und anspruchsvollsten L\u00e4ufen suchen. Die aus <strong>FlashDry\u2122-Materialien<\/strong> gefertigte Weste bietet ein optimales Feuchtigkeitsmanagement und h\u00e4lt dich selbst bei den intensivsten Bedingungen trocken und komfortabel.<\/p>\n<p>Die <strong>beiden Brusttaschen<\/strong> f\u00fcr <strong>500-ml-Flaschen<\/strong> sind mit einem <strong>elastischen Stabilisierungsventil<\/strong> ausgestattet, um das Aufschaukeln zu reduzieren, w\u00e4hrend die <strong>beiden unteren Taschen<\/strong> schnellen Zugriff auf alles bieten, was Sie brauchen. Die <strong>sichere Brusttasche mit Rei\u00dfverschluss<\/strong> und die elastischen Schlaufen f\u00fcr den Trinkschlauch sorgen daf\u00fcr, dass alle Gegenst\u00e4nde leicht zug\u00e4nglich und gut organisiert sind.<\/p>\n<p>Mit verstellbaren <strong>oberen und unteren Tr\u00e4gern<\/strong> und einer <strong>S\/R-Faser<\/strong> f\u00fcr einen bequemen und sicheren Sitz ist die Weste so konzipiert, dass unerw\u00fcnschte Bewegungen beim Laufen minimiert werden. Das <strong>elastische<\/strong> <strong>Seitenteil<\/strong> und die <strong>seitlichen Kompressionsriemen<\/strong> erm\u00f6glichen eine einfache Anpassung der Spannung um den Brustkorb f\u00fcr eine perfekte Passform, w\u00e4hrend die <strong>gro\u00dfen R\u00fcckentaschen<\/strong> zus\u00e4tzlichen Platz f\u00fcr eine moderne Trail-Ausr\u00fcstung einschlie\u00dflich Wasserflasche, Nahrung und St\u00f6cke bieten.<\/p>\n<p>Die <strong>Summit Series Run Vest 5<\/strong> wurde f\u00fcr die extremsten L\u00e4ufe wie den<strong>UTMB<\/strong> entwickelt und verf\u00fcgt \u00fcber eine <strong>horizontale Tasche f\u00fcr Trekkingst\u00f6cke<\/strong> und eine <strong>Sicherheitspfeife<\/strong>, um sicherzustellen, dass Sie alles dabei haben, was Sie auf dem Trail brauchen. <strong>Reflektierende Logos<\/strong> sorgen daf\u00fcr, dass du auch bei schlechten Lichtverh\u00e4ltnissen gut sichtbar bist und bieten dir zus\u00e4tzliche Sicherheit.<\/p>\n<p>Mit der <strong>Summit Series Run Vest 5<\/strong> wird jeder Lauf leichter, bequemer und sicherer. Bereit, an deine Grenzen zu gehen?<\/p>\n","protected":false},"excerpt":{"rendered":"<ul>\n<li>\u00a0Idealer Rucksack f\u00fcr Training\/Trailrennen.<\/li>\n<li>Fassungsverm\u00f6gen von 5 Litern.<\/li>\n<li>Ausgestattet mit zwei 500 ml Wasserflaschen pro St\u00fcck.<\/li>\n<\/ul>\n","protected":false},"featured_media":269227,"template":"","meta":{"_acf_changed":false,"inline_featured_image":false},"product_brand":[],"product_cat":[6342,6396,6398],"product_tag":[32390,32394,32398],"class_list":{"0":"post-266232","1":"product","2":"type-product","3":"status-publish","4":"has-post-thumbnail","6":"product_cat-zubehoer","7":"product_cat-taschen-und-guertel-de","8":"product_cat-taschen-de","9":"product_tag-the-north-face-de","10":"product_tag-the-north-face-damen","11":"product_tag-the-north-face-herren","12":"pa_attivita-outdoor-de","13":"pa_attivita-trail-de","14":"pa_colore-summit-run-vest-5-tnfblack-asphg-de","15":"pa_marca-the-north-face-de","16":"pa_sesso-damen","17":"pa_sesso-herren","18":"pa_size-medium-de","19":"pa_size-large-de","21":"first","22":"instock","23":"sale","24":"taxable","25":"shipping-taxable","26":"purchasable","27":"product-type-variable","28":"wvs-archive-product-wrapper"},"acf":[],"yoast_head":"<!-- This site is optimized with the Yoast SEO plugin v26.8 - https:\/\/yoast.com\/product\/yoast-seo-wordpress\/ -->\n<title>North Face Summit run vest 5 - Laufrucksack - MioMioRun<\/title>\n<meta name=\"description\" content=\"Die Summit Series Run Vest 5 bietet Praktikabilit\u00e4t und hervorragende Leistung mit Feuchtigkeitsmanagement, Taschen f\u00fcr Wasserflaschen und Zubeh\u00f6r f\u00fcr Ern\u00e4hrung und St\u00f6cke.\" \/>\n<meta name=\"robots\" content=\"index, follow, max-snippet:-1, max-image-preview:large, max-video-preview:-1\" \/>\n<link rel=\"canonical\" href=\"https:\/\/www.miomiorun.com\/de\/produkt\/summit-run-vest-5\/\" \/>\n<meta property=\"og:locale\" content=\"de_DE\" \/>\n<meta property=\"og:type\" content=\"article\" \/>\n<meta property=\"og:title\" content=\"North Face Summit run vest 5 - Laufrucksack - MioMioRun\" \/>\n<meta property=\"og:description\" content=\"Die Summit Series Run Vest 5 bietet Praktikabilit\u00e4t und hervorragende Leistung mit Feuchtigkeitsmanagement, Taschen f\u00fcr Wasserflaschen und Zubeh\u00f6r f\u00fcr Ern\u00e4hrung und St\u00f6cke.\" \/>\n<meta property=\"og:url\" content=\"https:\/\/www.miomiorun.com\/de\/produkt\/summit-run-vest-5\/\" \/>\n<meta property=\"og:site_name\" content=\"MioMioRun\" \/>\n<meta property=\"article:publisher\" content=\"https:\/\/www.facebook.com\/miomiorun\/\" \/>\n<meta property=\"article:modified_time\" content=\"2026-05-08T20:36:30+00:00\" \/>\n<meta property=\"og:image\" content=\"https:\/\/www.miomiorun.com\/app\/uploads\/2025\/04\/north-face-Summit-run-vest-5-tnfblack-asphg-NF0A8BKKKT01.webp\" \/>\n\t<meta property=\"og:image:width\" content=\"600\" \/>\n\t<meta property=\"og:image:height\" content=\"600\" \/>\n\t<meta property=\"og:image:type\" content=\"image\/webp\" \/>\n<meta name=\"twitter:card\" content=\"summary_large_image\" \/>\n<meta name=\"twitter:label1\" content=\"Est. reading time\" \/>\n\t<meta name=\"twitter:data1\" content=\"1 minute\" \/>\n<script type=\"application\/ld+json\" class=\"yoast-schema-graph\">{\"@context\":\"https:\/\/schema.org\",\"@graph\":[{\"@type\":\"WebPage\",\"@id\":\"https:\/\/www.miomiorun.com\/de\/produkt\/summit-run-vest-5\/\",\"url\":\"https:\/\/www.miomiorun.com\/de\/produkt\/summit-run-vest-5\/\",\"name\":\"North Face Summit run vest 5 - Laufrucksack - MioMioRun\",\"isPartOf\":{\"@id\":\"https:\/\/www.miomiorun.com\/de\/#website\"},\"primaryImageOfPage\":{\"@id\":\"https:\/\/www.miomiorun.com\/de\/produkt\/summit-run-vest-5\/#primaryimage\"},\"image\":{\"@id\":\"https:\/\/www.miomiorun.com\/de\/produkt\/summit-run-vest-5\/#primaryimage\"},\"thumbnailUrl\":\"https:\/\/www.miomiorun.com\/app\/uploads\/2025\/04\/north-face-Summit-run-vest-5-tnfblack-asphg-NF0A8BKKKT01.webp\",\"datePublished\":\"2025-03-17T17:54:23+00:00\",\"dateModified\":\"2026-05-08T20:36:30+00:00\",\"description\":\"Die Summit Series Run Vest 5 bietet Praktikabilit\u00e4t und hervorragende Leistung mit Feuchtigkeitsmanagement, Taschen f\u00fcr Wasserflaschen und Zubeh\u00f6r f\u00fcr Ern\u00e4hrung und St\u00f6cke.\",\"breadcrumb\":{\"@id\":\"https:\/\/www.miomiorun.com\/de\/produkt\/summit-run-vest-5\/#breadcrumb\"},\"inLanguage\":\"de-DE\",\"potentialAction\":[{\"@type\":\"ReadAction\",\"target\":[\"https:\/\/www.miomiorun.com\/de\/produkt\/summit-run-vest-5\/\"]}]},{\"@type\":\"ImageObject\",\"inLanguage\":\"de-DE\",\"@id\":\"https:\/\/www.miomiorun.com\/de\/produkt\/summit-run-vest-5\/#primaryimage\",\"url\":\"https:\/\/www.miomiorun.com\/app\/uploads\/2025\/04\/north-face-Summit-run-vest-5-tnfblack-asphg-NF0A8BKKKT01.webp\",\"contentUrl\":\"https:\/\/www.miomiorun.com\/app\/uploads\/2025\/04\/north-face-Summit-run-vest-5-tnfblack-asphg-NF0A8BKKKT01.webp\",\"width\":600,\"height\":600,\"caption\":\"north face Summit run vest 5 tnfblack asphg NF0A8BKKKT01\"},{\"@type\":\"BreadcrumbList\",\"@id\":\"https:\/\/www.miomiorun.com\/de\/produkt\/summit-run-vest-5\/#breadcrumb\",\"itemListElement\":[{\"@type\":\"ListItem\",\"position\":1,\"name\":\"Home\",\"item\":\"https:\/\/www.miomiorun.com\/de\/\"},{\"@type\":\"ListItem\",\"position\":2,\"name\":\"Shop\",\"item\":\"https:\/\/www.miomiorun.com\/shop\/\"},{\"@type\":\"ListItem\",\"position\":3,\"name\":\"Summit run vest 5\"}]},{\"@type\":\"WebSite\",\"@id\":\"https:\/\/www.miomiorun.com\/de\/#website\",\"url\":\"https:\/\/www.miomiorun.com\/de\/\",\"name\":\"MioMioRun\",\"description\":\"100% Lauf- und Trailshop\",\"publisher\":{\"@id\":\"https:\/\/www.miomiorun.com\/de\/#organization\"},\"potentialAction\":[{\"@type\":\"SearchAction\",\"target\":{\"@type\":\"EntryPoint\",\"urlTemplate\":\"https:\/\/www.miomiorun.com\/de\/?s={search_term_string}\"},\"query-input\":{\"@type\":\"PropertyValueSpecification\",\"valueRequired\":true,\"valueName\":\"search_term_string\"}}],\"inLanguage\":\"de-DE\"},{\"@type\":\"Organization\",\"@id\":\"https:\/\/www.miomiorun.com\/de\/#organization\",\"name\":\"MioMio Run\",\"url\":\"https:\/\/www.miomiorun.com\/de\/\",\"logo\":{\"@type\":\"ImageObject\",\"inLanguage\":\"de-DE\",\"@id\":\"https:\/\/www.miomiorun.com\/de\/#\/schema\/logo\/image\/\",\"url\":\"https:\/\/www.miomiorun.com\/app\/uploads\/2019\/12\/logomio.png\",\"contentUrl\":\"https:\/\/www.miomiorun.com\/app\/uploads\/2019\/12\/logomio.png\",\"width\":115,\"height\":82,\"caption\":\"MioMio Run\"},\"image\":{\"@id\":\"https:\/\/www.miomiorun.com\/de\/#\/schema\/logo\/image\/\"},\"sameAs\":[\"https:\/\/www.facebook.com\/miomiorun\/\",\"https:\/\/www.instagram.com\/miomiorun\/\"]}]}<\/script>\n<!-- \/ Yoast SEO plugin. -->","yoast_head_json":{"title":"North Face Summit run vest 5 - Laufrucksack - MioMioRun","description":"Die Summit Series Run Vest 5 bietet Praktikabilit\u00e4t und hervorragende Leistung mit Feuchtigkeitsmanagement, Taschen f\u00fcr Wasserflaschen und Zubeh\u00f6r f\u00fcr Ern\u00e4hrung und St\u00f6cke.","robots":{"index":"index","follow":"follow","max-snippet":"max-snippet:-1","max-image-preview":"max-image-preview:large","max-video-preview":"max-video-preview:-1"},"canonical":"https:\/\/www.miomiorun.com\/de\/produkt\/summit-run-vest-5\/","og_locale":"de_DE","og_type":"article","og_title":"North Face Summit run vest 5 - Laufrucksack - MioMioRun","og_description":"Die Summit Series Run Vest 5 bietet Praktikabilit\u00e4t und hervorragende Leistung mit Feuchtigkeitsmanagement, Taschen f\u00fcr Wasserflaschen und Zubeh\u00f6r f\u00fcr Ern\u00e4hrung und St\u00f6cke.","og_url":"https:\/\/www.miomiorun.com\/de\/produkt\/summit-run-vest-5\/","og_site_name":"MioMioRun","article_publisher":"https:\/\/www.facebook.com\/miomiorun\/","article_modified_time":"2026-05-08T20:36:30+00:00","og_image":[{"width":600,"height":600,"url":"https:\/\/www.miomiorun.com\/app\/uploads\/2025\/04\/north-face-Summit-run-vest-5-tnfblack-asphg-NF0A8BKKKT01.webp","type":"image\/webp"}],"twitter_card":"summary_large_image","twitter_misc":{"Est. reading time":"1 minute"},"schema":{"@context":"https:\/\/schema.org","@graph":[{"@type":"WebPage","@id":"https:\/\/www.miomiorun.com\/de\/produkt\/summit-run-vest-5\/","url":"https:\/\/www.miomiorun.com\/de\/produkt\/summit-run-vest-5\/","name":"North Face Summit run vest 5 - Laufrucksack - MioMioRun","isPartOf":{"@id":"https:\/\/www.miomiorun.com\/de\/#website"},"primaryImageOfPage":{"@id":"https:\/\/www.miomiorun.com\/de\/produkt\/summit-run-vest-5\/#primaryimage"},"image":{"@id":"https:\/\/www.miomiorun.com\/de\/produkt\/summit-run-vest-5\/#primaryimage"},"thumbnailUrl":"https:\/\/www.miomiorun.com\/app\/uploads\/2025\/04\/north-face-Summit-run-vest-5-tnfblack-asphg-NF0A8BKKKT01.webp","datePublished":"2025-03-17T17:54:23+00:00","dateModified":"2026-05-08T20:36:30+00:00","description":"Die Summit Series Run Vest 5 bietet Praktikabilit\u00e4t und hervorragende Leistung mit Feuchtigkeitsmanagement, Taschen f\u00fcr Wasserflaschen und Zubeh\u00f6r f\u00fcr Ern\u00e4hrung und St\u00f6cke.","breadcrumb":{"@id":"https:\/\/www.miomiorun.com\/de\/produkt\/summit-run-vest-5\/#breadcrumb"},"inLanguage":"de-DE","potentialAction":[{"@type":"ReadAction","target":["https:\/\/www.miomiorun.com\/de\/produkt\/summit-run-vest-5\/"]}]},{"@type":"ImageObject","inLanguage":"de-DE","@id":"https:\/\/www.miomiorun.com\/de\/produkt\/summit-run-vest-5\/#primaryimage","url":"https:\/\/www.miomiorun.com\/app\/uploads\/2025\/04\/north-face-Summit-run-vest-5-tnfblack-asphg-NF0A8BKKKT01.webp","contentUrl":"https:\/\/www.miomiorun.com\/app\/uploads\/2025\/04\/north-face-Summit-run-vest-5-tnfblack-asphg-NF0A8BKKKT01.webp","width":600,"height":600,"caption":"north face Summit run vest 5 tnfblack asphg NF0A8BKKKT01"},{"@type":"BreadcrumbList","@id":"https:\/\/www.miomiorun.com\/de\/produkt\/summit-run-vest-5\/#breadcrumb","itemListElement":[{"@type":"ListItem","position":1,"name":"Home","item":"https:\/\/www.miomiorun.com\/de\/"},{"@type":"ListItem","position":2,"name":"Shop","item":"https:\/\/www.miomiorun.com\/shop\/"},{"@type":"ListItem","position":3,"name":"Summit run vest 5"}]},{"@type":"WebSite","@id":"https:\/\/www.miomiorun.com\/de\/#website","url":"https:\/\/www.miomiorun.com\/de\/","name":"MioMioRun","description":"100% Lauf- und Trailshop","publisher":{"@id":"https:\/\/www.miomiorun.com\/de\/#organization"},"potentialAction":[{"@type":"SearchAction","target":{"@type":"EntryPoint","urlTemplate":"https:\/\/www.miomiorun.com\/de\/?s={search_term_string}"},"query-input":{"@type":"PropertyValueSpecification","valueRequired":true,"valueName":"search_term_string"}}],"inLanguage":"de-DE"},{"@type":"Organization","@id":"https:\/\/www.miomiorun.com\/de\/#organization","name":"MioMio Run","url":"https:\/\/www.miomiorun.com\/de\/","logo":{"@type":"ImageObject","inLanguage":"de-DE","@id":"https:\/\/www.miomiorun.com\/de\/#\/schema\/logo\/image\/","url":"https:\/\/www.miomiorun.com\/app\/uploads\/2019\/12\/logomio.png","contentUrl":"https:\/\/www.miomiorun.com\/app\/uploads\/2019\/12\/logomio.png","width":115,"height":82,"caption":"MioMio Run"},"image":{"@id":"https:\/\/www.miomiorun.com\/de\/#\/schema\/logo\/image\/"},"sameAs":["https:\/\/www.facebook.com\/miomiorun\/","https:\/\/www.instagram.com\/miomiorun\/"]}]}},"_links":{"self":[{"href":"https:\/\/www.miomiorun.com\/de\/wp-json\/wp\/v2\/product\/266232","targetHints":{"allow":["GET"]}}],"collection":[{"href":"https:\/\/www.miomiorun.com\/de\/wp-json\/wp\/v2\/product"}],"about":[{"href":"https:\/\/www.miomiorun.com\/de\/wp-json\/wp\/v2\/types\/product"}],"wp:featuredmedia":[{"embeddable":true,"href":"https:\/\/www.miomiorun.com\/de\/wp-json\/wp\/v2\/media\/269227"}],"wp:attachment":[{"href":"https:\/\/www.miomiorun.com\/de\/wp-json\/wp\/v2\/media?parent=266232"}],"wp:term":[{"taxonomy":"product_brand","embeddable":true,"href":"https:\/\/www.miomiorun.com\/de\/wp-json\/wp\/v2\/product_brand?post=266232"},{"taxonomy":"product_cat","embeddable":true,"href":"https:\/\/www.miomiorun.com\/de\/wp-json\/wp\/v2\/product_cat?post=266232"},{"taxonomy":"product_tag","embeddable":true,"href":"https:\/\/www.miomiorun.com\/de\/wp-json\/wp\/v2\/product_tag?post=266232"}],"curies":[{"name":"wp","href":"https:\/\/api.w.org\/{rel}","templated":true}]}}