{"id":266131,"date":"2025-03-17T18:24:57","date_gmt":"2025-03-17T17:24:57","guid":{"rendered":"https:\/\/miomiorun.com\/?post_type=product&#038;p=266131"},"modified":"2026-05-08T22:36:58","modified_gmt":"2026-05-08T20:36:58","slug":"summit-vectiv-sky-2","status":"publish","type":"product","link":"https:\/\/www.miomiorun.com\/de\/produkt\/summit-vectiv-sky-2\/","title":{"rendered":"Summit Vectiv Sky 2"},"content":{"rendered":"<div class=\"vc-row container\"><div class=\"vc-column\"><div class=\"vc-column-text\"><\/p>\n<p><strong>Technische Daten<\/strong><\/p>\n<p>Kategorie: Top-D\u00e4mpfung<br \/>\nOffset: 6 mm<br \/>\nGewicht: 238 g<br \/>\nIdeal f\u00fcr: fortgeschrittene Trail-L\u00e4ufer, die ein leichtes, gut ged\u00e4mpftes und sch\u00fctzendes Modell suchen, das auch auf langen Strecken maximalen Komfort bietet.<br \/>\nGewicht des Athleten: 60-70 kg<br \/>\nLauftempo: mittelschnell (4.30-6.00 min\/km)<br \/>\n<a href=\"https:\/\/miomiorun.com\/de\/leitfaden-fuer-technische-spezifikationen\/\">Technische Daten<\/a><\/p>\n<p><\/div><\/div><div class=\"vc-column\"><div class=\"vc-column-text\">Die <strong>Summit VECTIV\u2122 Sky 2<\/strong> sind Trailrunning-Schuhe, die Ihnen Geschwindigkeit, Komfort und au\u00dfergew\u00f6hnliche Leistung auf allen Arten von Terrain bieten. Mit einer <strong>regul\u00e4ren<\/strong> Passform bieten diese Schuhe einen bequemen und gut unterst\u00fctzten Sitz, ideal f\u00fcr lange Strecken. Das <strong>leichte, nahtlose Obermaterial<\/strong> mit <strong>kartierten Bel\u00fcftungszonen<\/strong> sorgt f\u00fcr optimale Atmungsaktivit\u00e4t und perfekte Stabilit\u00e4t bei Fahrten \u00fcber technisch anspruchsvolles Terrain. <strong>Integrierte Stollen an der Zunge<\/strong> und eine <strong>verbesserte Passform an der Ferse<\/strong> bieten zus\u00e4tzlichen Halt f\u00fcr eine pr\u00e4zise Passform.<\/p>\n<p><strong>Die VECTIV\u2122 3.0 Technologie<\/strong> mit einer <strong>durchgehenden Carbonfaser-Au\u00dfensohlenplatte<\/strong> sorgt f\u00fcr \u00fcberlegenen Vortrieb, seitlichen Halt und ideale Stabilit\u00e4t auf jedem Trail. Die<strong>ultraleichte DREAM-Schaumstoff-Zwischensohle<\/strong> bietet <strong>eine hohe Energier\u00fcckgabe<\/strong> und mehr Haltbarkeit als herk\u00f6mmlicher EVA-Schaumstoff, w\u00e4hrend die<strong>Rocker-Zwischensohle<\/strong> die <strong>langfristige Antriebskraft<\/strong> verst\u00e4rkt. Die traktionsstarke <strong>SURFACE CTRL\u2122-Au\u00dfensohle<\/strong> aus <strong>20 % Naturkautschuk<\/strong>, der von regenerativen Landwirten stammt, bietet mit ihren <strong>5 mm gro\u00dfen Stollen<\/strong> <strong>hervorragenden Grip<\/strong>, um technisches Gel\u00e4nde mit Leichtigkeit zu bew\u00e4ltigen.<\/p>\n<p>Die <strong>Summit VECTIV\u2122 Sky 2<\/strong> sind perfekt f\u00fcr alle, die Leichtigkeit, Schnelligkeit und hohe Leistung auf jedem Terrain suchen, und machen jedes Rennen zu einem reibungslosen und komfortablen Erlebnis.<\/p>\n<div id=\"Benefits\" class=\"f-col b-t b-grey-70\" data-test-id=\"vf-accordion\">\n<div id=\"Benefits\" class=\"f-col b-t b-grey-70\" data-test-id=\"vf-accordion\"><\/div>\n<div id=\"base-collapse-nUfccvMQCJy-33-content\" class=\"overflow-hidden duration\" role=\"region\" aria-labelledby=\"base-collapse-nUfccvMQCJy-33\">\n<div class=\"text-sm fw-light\" data-test-id=\"vf-accordion-content\">\n<div class=\"pb-6 pt-2 text-sm c-grey-20\">\n<div class=\"group flex items-start gap-4\">\n<p><picture class=\"aspect-square w-full shrink-0\" data-test-id=\"base-picture\"><img loading=\"lazy\" decoding=\"async\" class=\"contain\" src=\"https:\/\/assets.thenorthface.eu\/image\/upload\/v1728567337\/benefit-icon-cushioned.webp\" alt=\"Ammortizzate\" width=\"52\" height=\"52\" \/><\/picture><\/p>\n<div class=\"grow space-y-1\">\n<p class=\"!title-5 fw-bold\">Gepolstert: Leichter Superschaum f\u00fcr unvergleichliche D\u00e4mpfung<\/p>\n<\/div>\n<\/div>\n<div class=\"group flex items-start gap-4\">\n<p><picture class=\"aspect-square w-full shrink-0\" data-test-id=\"base-picture\"><img loading=\"lazy\" decoding=\"async\" class=\"contain\" src=\"https:\/\/assets.thenorthface.eu\/image\/upload\/v1728567347\/benefit-icon-stability.webp\" alt=\"Stabili\" width=\"52\" height=\"52\" \/><\/picture><\/p>\n<div class=\"grow space-y-1\">\n<p class=\"!title-5 fw-bold\">Stabil: Die Fersenpositionierungstechnologie verbessert die Stabilit\u00e4t auf unebenem Gel\u00e4nde.<\/p>\n<\/div>\n<\/div>\n<div class=\"group flex items-start gap-4\">\n<p><picture class=\"aspect-square w-full shrink-0\" data-test-id=\"base-picture\"><img loading=\"lazy\" decoding=\"async\" class=\"contain\" src=\"https:\/\/assets.thenorthface.eu\/image\/upload\/v1728567340\/benefit-icon-grip_sole.webp\" alt=\"Suola antiscivolo\" width=\"52\" height=\"52\" \/><\/picture><\/p>\n<div class=\"grow space-y-1\">\n<p class=\"!title-5 fw-bold\">Rutschfeste Sohle: Gummimischungen bieten Grip, Haftung und Widerstand auf trockenen und nassen Oberfl\u00e4chen.<\/p>\n<\/div>\n<\/div>\n<div class=\"group flex items-start gap-4\">\n<p><picture class=\"aspect-square w-full shrink-0\" data-test-id=\"base-picture\"><img loading=\"lazy\" decoding=\"async\" class=\"contain\" src=\"https:\/\/assets.thenorthface.eu\/image\/upload\/v1728567334\/benefit-icon_technical_trail.avif\" alt=\"Percorsi trail tecnici\" width=\"52\" height=\"52\" \/><\/picture><\/p>\n<div class=\"grow space-y-1\">\n<p class=\"!title-5 fw-bold\">Technische Trails: Au\u00dfergew\u00f6hnliche Traktion und Schutz auf technischem Terrain.<\/p>\n<\/div>\n<\/div>\n<\/div>\n<\/div>\n<\/div>\n<\/div>\n<p><\/div><\/div><\/div>\n","protected":false},"excerpt":{"rendered":"<ul>\n<li>Oberfl\u00e4che CTRL\u00ae<\/li>\n<li>VECTIV\u2122.<\/li>\n<\/ul>\n","protected":false},"featured_media":410761,"template":"","meta":{"_acf_changed":false,"inline_featured_image":false},"product_brand":[],"product_cat":[6507,6504,6474,6491],"product_tag":[32390,32394,32398],"class_list":{"0":"post-266131","1":"product","2":"type-product","3":"status-publish","4":"has-post-thumbnail","6":"product_cat-herren-schuhe-de","7":"product_cat-trail","8":"product_cat-damenschuhe","9":"product_cat-damentrailschuhe","10":"product_tag-the-north-face-de","11":"product_tag-the-north-face-damen","12":"product_tag-the-north-face-herren","13":"pa_attivita-trail-de","14":"pa_colore-summit-vectiv-sky-2-white-ash-sulph-de","15":"pa_colore-vectiv-sky-2-lava-red-calacatta","16":"pa_marca-the-north-face-de","17":"pa_sesso-damen","18":"pa_sesso-herren","19":"pa_size-42-de","21":"pa_size-43-de","22":"pa_size-44-de","24":"pa_size-45-de","25":"pa_size-46-de","27":"first","28":"instock","29":"sale","30":"taxable","31":"shipping-taxable","32":"purchasable","33":"product-type-variable","34":"wvs-archive-product-wrapper"},"acf":[],"yoast_head":"<!-- This site is optimized with the Yoast SEO plugin v26.8 - https:\/\/yoast.com\/product\/yoast-seo-wordpress\/ -->\n<title>The North Face Summit Vectiv Sky 2 - Unisex-Trail-Schuhe - MioMioRun.com<\/title>\n<meta name=\"description\" content=\"Die Summit VECTIV\u2122 Sky 2 sind leichte Trailrunning-Schuhe mit VECTIV\u2122 3.0-Technologie, DREAM-D\u00e4mpfung und einer Sohle mit hoher Traktion f\u00fcr maximale Leistung.\" \/>\n<meta name=\"robots\" content=\"index, follow, max-snippet:-1, max-image-preview:large, max-video-preview:-1\" \/>\n<link rel=\"canonical\" href=\"https:\/\/www.miomiorun.com\/de\/produkt\/summit-vectiv-sky-2\/\" \/>\n<meta property=\"og:locale\" content=\"de_DE\" \/>\n<meta property=\"og:type\" content=\"article\" \/>\n<meta property=\"og:title\" content=\"The North Face Summit Vectiv Sky 2 - Unisex-Trail-Schuhe - MioMioRun.com\" \/>\n<meta property=\"og:description\" content=\"Die Summit VECTIV\u2122 Sky 2 sind leichte Trailrunning-Schuhe mit VECTIV\u2122 3.0-Technologie, DREAM-D\u00e4mpfung und einer Sohle mit hoher Traktion f\u00fcr maximale Leistung.\" \/>\n<meta property=\"og:url\" content=\"https:\/\/www.miomiorun.com\/de\/produkt\/summit-vectiv-sky-2\/\" \/>\n<meta property=\"og:site_name\" content=\"MioMioRun\" \/>\n<meta property=\"article:publisher\" content=\"https:\/\/www.facebook.com\/miomiorun\/\" \/>\n<meta property=\"article:modified_time\" content=\"2026-05-08T20:36:58+00:00\" \/>\n<meta property=\"og:image\" content=\"https:\/\/www.miomiorun.com\/app\/uploads\/2026\/02\/the-north-face-Vectiv-SKY-2-lava-red-calacatta-NF0A8AEML2I1.webp\" \/>\n\t<meta property=\"og:image:width\" content=\"720\" \/>\n\t<meta property=\"og:image:height\" content=\"720\" \/>\n\t<meta property=\"og:image:type\" content=\"image\/webp\" \/>\n<meta name=\"twitter:card\" content=\"summary_large_image\" \/>\n<meta name=\"twitter:label1\" content=\"Est. reading time\" \/>\n\t<meta name=\"twitter:data1\" content=\"2 minutes\" \/>\n<script type=\"application\/ld+json\" class=\"yoast-schema-graph\">{\"@context\":\"https:\/\/schema.org\",\"@graph\":[{\"@type\":\"WebPage\",\"@id\":\"https:\/\/www.miomiorun.com\/de\/produkt\/summit-vectiv-sky-2\/\",\"url\":\"https:\/\/www.miomiorun.com\/de\/produkt\/summit-vectiv-sky-2\/\",\"name\":\"The North Face Summit Vectiv Sky 2 - Unisex-Trail-Schuhe - MioMioRun.com\",\"isPartOf\":{\"@id\":\"https:\/\/www.miomiorun.com\/de\/#website\"},\"primaryImageOfPage\":{\"@id\":\"https:\/\/www.miomiorun.com\/de\/produkt\/summit-vectiv-sky-2\/#primaryimage\"},\"image\":{\"@id\":\"https:\/\/www.miomiorun.com\/de\/produkt\/summit-vectiv-sky-2\/#primaryimage\"},\"thumbnailUrl\":\"https:\/\/www.miomiorun.com\/app\/uploads\/2026\/02\/the-north-face-Vectiv-SKY-2-lava-red-calacatta-NF0A8AEML2I1.webp\",\"datePublished\":\"2025-03-17T17:24:57+00:00\",\"dateModified\":\"2026-05-08T20:36:58+00:00\",\"description\":\"Die Summit VECTIV\u2122 Sky 2 sind leichte Trailrunning-Schuhe mit VECTIV\u2122 3.0-Technologie, DREAM-D\u00e4mpfung und einer Sohle mit hoher Traktion f\u00fcr maximale Leistung.\",\"breadcrumb\":{\"@id\":\"https:\/\/www.miomiorun.com\/de\/produkt\/summit-vectiv-sky-2\/#breadcrumb\"},\"inLanguage\":\"de-DE\",\"potentialAction\":[{\"@type\":\"ReadAction\",\"target\":[\"https:\/\/www.miomiorun.com\/de\/produkt\/summit-vectiv-sky-2\/\"]}]},{\"@type\":\"ImageObject\",\"inLanguage\":\"de-DE\",\"@id\":\"https:\/\/www.miomiorun.com\/de\/produkt\/summit-vectiv-sky-2\/#primaryimage\",\"url\":\"https:\/\/www.miomiorun.com\/app\/uploads\/2026\/02\/the-north-face-Vectiv-SKY-2-lava-red-calacatta-NF0A8AEML2I1.webp\",\"contentUrl\":\"https:\/\/www.miomiorun.com\/app\/uploads\/2026\/02\/the-north-face-Vectiv-SKY-2-lava-red-calacatta-NF0A8AEML2I1.webp\",\"width\":720,\"height\":720,\"caption\":\"the north face Vectiv SKY 2 lava red calacatta NF0A8AEML2I1\"},{\"@type\":\"BreadcrumbList\",\"@id\":\"https:\/\/www.miomiorun.com\/de\/produkt\/summit-vectiv-sky-2\/#breadcrumb\",\"itemListElement\":[{\"@type\":\"ListItem\",\"position\":1,\"name\":\"Home\",\"item\":\"https:\/\/www.miomiorun.com\/de\/\"},{\"@type\":\"ListItem\",\"position\":2,\"name\":\"Shop\",\"item\":\"https:\/\/www.miomiorun.com\/shop\/\"},{\"@type\":\"ListItem\",\"position\":3,\"name\":\"Summit Vectiv Sky 2\"}]},{\"@type\":\"WebSite\",\"@id\":\"https:\/\/www.miomiorun.com\/de\/#website\",\"url\":\"https:\/\/www.miomiorun.com\/de\/\",\"name\":\"MioMioRun\",\"description\":\"100% Lauf- und Trailshop\",\"publisher\":{\"@id\":\"https:\/\/www.miomiorun.com\/de\/#organization\"},\"potentialAction\":[{\"@type\":\"SearchAction\",\"target\":{\"@type\":\"EntryPoint\",\"urlTemplate\":\"https:\/\/www.miomiorun.com\/de\/?s={search_term_string}\"},\"query-input\":{\"@type\":\"PropertyValueSpecification\",\"valueRequired\":true,\"valueName\":\"search_term_string\"}}],\"inLanguage\":\"de-DE\"},{\"@type\":\"Organization\",\"@id\":\"https:\/\/www.miomiorun.com\/de\/#organization\",\"name\":\"MioMio Run\",\"url\":\"https:\/\/www.miomiorun.com\/de\/\",\"logo\":{\"@type\":\"ImageObject\",\"inLanguage\":\"de-DE\",\"@id\":\"https:\/\/www.miomiorun.com\/de\/#\/schema\/logo\/image\/\",\"url\":\"https:\/\/www.miomiorun.com\/app\/uploads\/2019\/12\/logomio.png\",\"contentUrl\":\"https:\/\/www.miomiorun.com\/app\/uploads\/2019\/12\/logomio.png\",\"width\":115,\"height\":82,\"caption\":\"MioMio Run\"},\"image\":{\"@id\":\"https:\/\/www.miomiorun.com\/de\/#\/schema\/logo\/image\/\"},\"sameAs\":[\"https:\/\/www.facebook.com\/miomiorun\/\",\"https:\/\/www.instagram.com\/miomiorun\/\"]}]}<\/script>\n<!-- \/ Yoast SEO plugin. -->","yoast_head_json":{"title":"The North Face Summit Vectiv Sky 2 - Unisex-Trail-Schuhe - MioMioRun.com","description":"Die Summit VECTIV\u2122 Sky 2 sind leichte Trailrunning-Schuhe mit VECTIV\u2122 3.0-Technologie, DREAM-D\u00e4mpfung und einer Sohle mit hoher Traktion f\u00fcr maximale Leistung.","robots":{"index":"index","follow":"follow","max-snippet":"max-snippet:-1","max-image-preview":"max-image-preview:large","max-video-preview":"max-video-preview:-1"},"canonical":"https:\/\/www.miomiorun.com\/de\/produkt\/summit-vectiv-sky-2\/","og_locale":"de_DE","og_type":"article","og_title":"The North Face Summit Vectiv Sky 2 - Unisex-Trail-Schuhe - MioMioRun.com","og_description":"Die Summit VECTIV\u2122 Sky 2 sind leichte Trailrunning-Schuhe mit VECTIV\u2122 3.0-Technologie, DREAM-D\u00e4mpfung und einer Sohle mit hoher Traktion f\u00fcr maximale Leistung.","og_url":"https:\/\/www.miomiorun.com\/de\/produkt\/summit-vectiv-sky-2\/","og_site_name":"MioMioRun","article_publisher":"https:\/\/www.facebook.com\/miomiorun\/","article_modified_time":"2026-05-08T20:36:58+00:00","og_image":[{"width":720,"height":720,"url":"https:\/\/www.miomiorun.com\/app\/uploads\/2026\/02\/the-north-face-Vectiv-SKY-2-lava-red-calacatta-NF0A8AEML2I1.webp","type":"image\/webp"}],"twitter_card":"summary_large_image","twitter_misc":{"Est. reading time":"2 minutes"},"schema":{"@context":"https:\/\/schema.org","@graph":[{"@type":"WebPage","@id":"https:\/\/www.miomiorun.com\/de\/produkt\/summit-vectiv-sky-2\/","url":"https:\/\/www.miomiorun.com\/de\/produkt\/summit-vectiv-sky-2\/","name":"The North Face Summit Vectiv Sky 2 - Unisex-Trail-Schuhe - MioMioRun.com","isPartOf":{"@id":"https:\/\/www.miomiorun.com\/de\/#website"},"primaryImageOfPage":{"@id":"https:\/\/www.miomiorun.com\/de\/produkt\/summit-vectiv-sky-2\/#primaryimage"},"image":{"@id":"https:\/\/www.miomiorun.com\/de\/produkt\/summit-vectiv-sky-2\/#primaryimage"},"thumbnailUrl":"https:\/\/www.miomiorun.com\/app\/uploads\/2026\/02\/the-north-face-Vectiv-SKY-2-lava-red-calacatta-NF0A8AEML2I1.webp","datePublished":"2025-03-17T17:24:57+00:00","dateModified":"2026-05-08T20:36:58+00:00","description":"Die Summit VECTIV\u2122 Sky 2 sind leichte Trailrunning-Schuhe mit VECTIV\u2122 3.0-Technologie, DREAM-D\u00e4mpfung und einer Sohle mit hoher Traktion f\u00fcr maximale Leistung.","breadcrumb":{"@id":"https:\/\/www.miomiorun.com\/de\/produkt\/summit-vectiv-sky-2\/#breadcrumb"},"inLanguage":"de-DE","potentialAction":[{"@type":"ReadAction","target":["https:\/\/www.miomiorun.com\/de\/produkt\/summit-vectiv-sky-2\/"]}]},{"@type":"ImageObject","inLanguage":"de-DE","@id":"https:\/\/www.miomiorun.com\/de\/produkt\/summit-vectiv-sky-2\/#primaryimage","url":"https:\/\/www.miomiorun.com\/app\/uploads\/2026\/02\/the-north-face-Vectiv-SKY-2-lava-red-calacatta-NF0A8AEML2I1.webp","contentUrl":"https:\/\/www.miomiorun.com\/app\/uploads\/2026\/02\/the-north-face-Vectiv-SKY-2-lava-red-calacatta-NF0A8AEML2I1.webp","width":720,"height":720,"caption":"the north face Vectiv SKY 2 lava red calacatta NF0A8AEML2I1"},{"@type":"BreadcrumbList","@id":"https:\/\/www.miomiorun.com\/de\/produkt\/summit-vectiv-sky-2\/#breadcrumb","itemListElement":[{"@type":"ListItem","position":1,"name":"Home","item":"https:\/\/www.miomiorun.com\/de\/"},{"@type":"ListItem","position":2,"name":"Shop","item":"https:\/\/www.miomiorun.com\/shop\/"},{"@type":"ListItem","position":3,"name":"Summit Vectiv Sky 2"}]},{"@type":"WebSite","@id":"https:\/\/www.miomiorun.com\/de\/#website","url":"https:\/\/www.miomiorun.com\/de\/","name":"MioMioRun","description":"100% Lauf- und Trailshop","publisher":{"@id":"https:\/\/www.miomiorun.com\/de\/#organization"},"potentialAction":[{"@type":"SearchAction","target":{"@type":"EntryPoint","urlTemplate":"https:\/\/www.miomiorun.com\/de\/?s={search_term_string}"},"query-input":{"@type":"PropertyValueSpecification","valueRequired":true,"valueName":"search_term_string"}}],"inLanguage":"de-DE"},{"@type":"Organization","@id":"https:\/\/www.miomiorun.com\/de\/#organization","name":"MioMio Run","url":"https:\/\/www.miomiorun.com\/de\/","logo":{"@type":"ImageObject","inLanguage":"de-DE","@id":"https:\/\/www.miomiorun.com\/de\/#\/schema\/logo\/image\/","url":"https:\/\/www.miomiorun.com\/app\/uploads\/2019\/12\/logomio.png","contentUrl":"https:\/\/www.miomiorun.com\/app\/uploads\/2019\/12\/logomio.png","width":115,"height":82,"caption":"MioMio Run"},"image":{"@id":"https:\/\/www.miomiorun.com\/de\/#\/schema\/logo\/image\/"},"sameAs":["https:\/\/www.facebook.com\/miomiorun\/","https:\/\/www.instagram.com\/miomiorun\/"]}]}},"_links":{"self":[{"href":"https:\/\/www.miomiorun.com\/de\/wp-json\/wp\/v2\/product\/266131","targetHints":{"allow":["GET"]}}],"collection":[{"href":"https:\/\/www.miomiorun.com\/de\/wp-json\/wp\/v2\/product"}],"about":[{"href":"https:\/\/www.miomiorun.com\/de\/wp-json\/wp\/v2\/types\/product"}],"wp:featuredmedia":[{"embeddable":true,"href":"https:\/\/www.miomiorun.com\/de\/wp-json\/wp\/v2\/media\/410761"}],"wp:attachment":[{"href":"https:\/\/www.miomiorun.com\/de\/wp-json\/wp\/v2\/media?parent=266131"}],"wp:term":[{"taxonomy":"product_brand","embeddable":true,"href":"https:\/\/www.miomiorun.com\/de\/wp-json\/wp\/v2\/product_brand?post=266131"},{"taxonomy":"product_cat","embeddable":true,"href":"https:\/\/www.miomiorun.com\/de\/wp-json\/wp\/v2\/product_cat?post=266131"},{"taxonomy":"product_tag","embeddable":true,"href":"https:\/\/www.miomiorun.com\/de\/wp-json\/wp\/v2\/product_tag?post=266131"}],"curies":[{"name":"wp","href":"https:\/\/api.w.org\/{rel}","templated":true}]}}