{"id":266011,"date":"2025-03-17T18:07:22","date_gmt":"2025-03-17T17:07:22","guid":{"rendered":"https:\/\/miomiorun.com\/?post_type=product&#038;p=266011"},"modified":"2026-05-08T22:37:00","modified_gmt":"2026-05-08T20:37:00","slug":"summit-vectiv-pro-3","status":"publish","type":"product","link":"https:\/\/www.miomiorun.com\/de\/produkt\/summit-vectiv-pro-3\/","title":{"rendered":"Summit Vectiv Pro 3"},"content":{"rendered":"<div class=\"vc-row container\"><div class=\"vc-column\"><div class=\"vc-column-text\"><\/p>\n<p><strong>Technische Daten<\/strong><\/p>\n<p>Kategorie: Top-D\u00e4mpfung<br \/>\nOffset: 6 mm<br \/>\nGewicht: 294 g<br \/>\nIdeal f\u00fcr: Trailrunner und Bergwanderer, die ein leichtes, gut ged\u00e4mpftes und sch\u00fctzendes Modell suchen, das auch auf langen Strecken maximalen Komfort bietet.<br \/>\nGewicht des Athleten: 60-70 kg<br \/>\nLauftempo: mittelschnell (4.30-6.00 min\/km)<br \/>\n<a href=\"https:\/\/miomiorun.com\/de\/leitfaden-fuer-technische-spezifikationen\/\">Leitfaden f\u00fcr technische Daten<\/a><\/p>\n<p><\/div><\/div><div class=\"vc-column\"><div class=\"vc-column-text\">Die <strong>Summit VECTIV\u2122 Pro 3 Schuhe<\/strong> sind die ultimative Wahl f\u00fcr Traill\u00e4ufer, die Ultramarathons auf einspurigen Trails und schwierigem Gel\u00e4nde in Angriff nehmen. Diese Schuhe wurden in Zusammenarbeit mit dem globalen Athleten-Team von <strong>The North Face\u00ae<\/strong> entwickelt und haben dank ihrer fortschrittlichen Technologie und unvergleichlichen Leistung das Podium auf einigen der anspruchsvollsten Trails der Welt erobert. Die <strong>regul\u00e4re<\/strong> Passform sorgt f\u00fcr einen angenehmen, komfortablen und gut unterst\u00fctzten Sitz bei langen L\u00e4ufen.<\/p>\n<p>Das <strong>nahtlose<\/strong>, atmungsaktive und <strong>hydrophobe<\/strong> <strong>Obermaterial<\/strong> bietet idealen Halt, trocknet schnell und h\u00e4lt die F\u00fc\u00dfe k\u00fchl und trocken. Die <strong>leichte Innenstruktur<\/strong> st\u00fctzt den Rahmen, w\u00e4hrend die <strong>integrierten Laschen an der Zunge<\/strong> f\u00fcr eine pr\u00e4zise und individuelle Passform sorgen. Dar\u00fcber hinaus sind die Schuhe <strong>unisex<\/strong> und passen sich perfekt an eine Vielzahl von Athleten an.<\/p>\n<p>Die <strong>VECTIV\u2122 3.0<\/strong> Technologie umfasst ein innovatives mehrschichtiges Plattensystem mit einer <strong>durchgehenden Carbonfaserplatte<\/strong>, die einen <strong>hervorragenden Vortrieb<\/strong> bietet, und einer <strong>TPU-Platte<\/strong>, die f\u00fcr <strong>Stabilit\u00e4t<\/strong> und hohe Leistung auf unterschiedlichem Terrain sorgt. Die ultraleichte<strong>Zwischensohle<\/strong> <strong>aus PEBA\/EVA<\/strong><strong>DREAM-Schaumstoff<\/strong> sorgt f\u00fcr <strong>au\u00dfergew\u00f6hnlichen Rebound und Haltbarkeit<\/strong>, w\u00e4hrend die<strong>DREAM-Schaumstoffeinlage<\/strong> unter dem Fu\u00df das Gef\u00fchl von <strong>dauerhaftem Vortrieb und Komfort<\/strong> verst\u00e4rkt.<\/p>\n<p>Im Vergleich zu seinem Vorg\u00e4nger bietet der <strong>Summit VECTIV\u2122 Pro 3<\/strong> <strong>4 mm mehr D\u00e4mpfung<\/strong> in der Zwischensohle f\u00fcr noch mehr Komfort auf den technisch anspruchsvollsten Trails. Die <strong>SURFACE CTRL\u2122 Gummisohle<\/strong> ist sehr langlebig und vielseitig, besteht <strong>zu 20% aus Naturkautschuk<\/strong> aus regenerativer Landwirtschaft und bietet dank der <strong>3,5 mm gro\u00dfen Stollen<\/strong>, die f\u00fcr Traktion auf jedem Terrain sorgen,<strong>eine hohe Griffigkeit<\/strong>. Dar\u00fcber hinaus verst\u00e4rkt die<strong>Rocker-Zwischensohle<\/strong> die <strong>langfristige Antriebskraft<\/strong> und sorgt so f\u00fcr eine konstante Leistung auch bei den l\u00e4ngsten Rennen.<\/p>\n<p>Mit dem <strong>Summit VECTIV\u2122 Pro 3<\/strong> meisterst du jeden Trail mit Stabilit\u00e4t, Komfort und hoher Leistung. Schlie\u00dfe dich den entschlossensten L\u00e4ufern an und erreiche mit jedem Schritt das Podium!<\/p>\n<div id=\"Benefits\" class=\"f-col b-t b-grey-70\" data-test-id=\"vf-accordion\"><\/div>\n<div id=\"base-collapse-nUfccvMQCJy-18-content\" class=\"overflow-hidden duration\" role=\"region\" aria-labelledby=\"base-collapse-nUfccvMQCJy-18\">\n<div class=\"text-sm fw-light\" data-test-id=\"vf-accordion-content\">\n<div class=\"pb-6 pt-2 text-sm c-grey-20\">\n<div class=\"group flex items-start gap-4\">\n<p><picture class=\"aspect-square w-full shrink-0\" data-test-id=\"base-picture\"><img loading=\"lazy\" decoding=\"async\" class=\"contain\" src=\"https:\/\/assets.thenorthface.eu\/image\/upload\/v1728567337\/benefit-icon-cushioned.webp\" alt=\"Ammortizzate\" width=\"71\" height=\"71\" \/><\/picture><\/p>\n<div class=\"grow space-y-1\">\n<p class=\"!title-5 fw-bold\">Gepolstert: Leichter Superschaum f\u00fcr unvergleichliche D\u00e4mpfung<\/p>\n<\/div>\n<\/div>\n<div class=\"group flex items-start gap-4\">\n<p><picture class=\"aspect-square w-full shrink-0\" data-test-id=\"base-picture\"><img loading=\"lazy\" decoding=\"async\" class=\"contain\" src=\"https:\/\/assets.thenorthface.eu\/image\/upload\/v1728567347\/benefit-icon-stability.webp\" alt=\"Stabili\" width=\"70\" height=\"70\" \/><\/picture><\/p>\n<div class=\"grow space-y-1\">\n<p class=\"!title-5 fw-bold\">Stabil: Die Fersenpositionierungstechnologie verbessert die Stabilit\u00e4t auf unebenem Gel\u00e4nde.<\/p>\n<\/div>\n<\/div>\n<div class=\"group flex items-start gap-4\">\n<p><picture class=\"aspect-square w-full shrink-0\" data-test-id=\"base-picture\"><img loading=\"lazy\" decoding=\"async\" class=\"contain\" src=\"https:\/\/assets.thenorthface.eu\/image\/upload\/v1728567340\/benefit-icon-grip_sole.webp\" alt=\"Suola antiscivolo\" width=\"70\" height=\"70\" \/><\/picture><\/p>\n<div class=\"grow space-y-1\">\n<p class=\"!title-5 fw-bold\">Rutschfeste Sohle: Gummimischungen sorgen f\u00fcr Grip, Haftung und Widerstand auf trockenen und nassen Oberfl\u00e4chen.<\/p>\n<\/div>\n<\/div>\n<div class=\"group flex items-start gap-4\">\n<p><picture class=\"aspect-square w-full shrink-0\" data-test-id=\"base-picture\"><img loading=\"lazy\" decoding=\"async\" class=\"contain\" src=\"https:\/\/assets.thenorthface.eu\/image\/upload\/v1728567334\/benefit-icon_technical_trail.avif\" alt=\"Percorsi trail tecnici\" width=\"71\" height=\"71\" \/><\/picture><\/p>\n<div class=\"grow space-y-1\">\n<p class=\"!title-5 fw-bold\">Technische Trails: Au\u00dfergew\u00f6hnliche Traktion und Schutz auf technischem Terrain.<\/p>\n<\/div>\n<\/div>\n<\/div>\n<\/div>\n<\/div>\n<p><\/div><\/div><\/div>\n","protected":false},"excerpt":{"rendered":"<ul>\n<li>Oberfl\u00e4che CTRL\u00ae<\/li>\n<li>VECTIV\u2122.<\/li>\n<\/ul>\n","protected":false},"featured_media":350421,"template":"","meta":{"_acf_changed":false,"inline_featured_image":false},"product_brand":[],"product_cat":[6507,6504,6474,6491],"product_tag":[32390,32394,32398],"class_list":{"0":"post-266011","1":"product","2":"type-product","3":"status-publish","4":"has-post-thumbnail","6":"product_cat-herren-schuhe-de","7":"product_cat-trail","8":"product_cat-damenschuhe","9":"product_cat-damentrailschuhe","10":"product_tag-the-north-face-de","11":"product_tag-the-north-face-damen","12":"product_tag-the-north-face-herren","13":"pa_attivita-trail-de","14":"pa_colore-summit-vectiv-pro-3-race-tnf-white-alpin-de","15":"pa_colore-vectiv-pro-3-citrus-rust-lava-red","16":"pa_marca-the-north-face-de","17":"pa_sesso-damen","18":"pa_sesso-herren","19":"pa_size-41-de","20":"pa_size-42-de","22":"pa_size-43-de","23":"pa_size-44-de","25":"pa_size-45-de","26":"pa_size-46-de","28":"pa_size-47-de","30":"first","31":"instock","32":"sale","33":"taxable","34":"shipping-taxable","35":"purchasable","36":"product-type-variable","37":"wvs-archive-product-wrapper"},"acf":[],"yoast_head":"<!-- This site is optimized with the Yoast SEO plugin v26.8 - https:\/\/yoast.com\/product\/yoast-seo-wordpress\/ -->\n<title>The North Face Summit Vectiv Pro 3 - Unisex-Trail-Schuhe - MioMioRun.com<\/title>\n<meta name=\"description\" content=\"Der Summit VECTIV\u2122 Pro 3 bietet dank seiner Carbonplatte, der fortschrittlichen D\u00e4mpfung und der traktionsstarken Sohle f\u00fcr Ultramarathons eine hohe Leistung.\" \/>\n<meta name=\"robots\" content=\"index, follow, max-snippet:-1, max-image-preview:large, max-video-preview:-1\" \/>\n<link rel=\"canonical\" href=\"https:\/\/www.miomiorun.com\/de\/produkt\/summit-vectiv-pro-3\/\" \/>\n<meta property=\"og:locale\" content=\"de_DE\" \/>\n<meta property=\"og:type\" content=\"article\" \/>\n<meta property=\"og:title\" content=\"The North Face Summit Vectiv Pro 3 - Unisex-Trail-Schuhe - MioMioRun.com\" \/>\n<meta property=\"og:description\" content=\"Der Summit VECTIV\u2122 Pro 3 bietet dank seiner Carbonplatte, der fortschrittlichen D\u00e4mpfung und der traktionsstarken Sohle f\u00fcr Ultramarathons eine hohe Leistung.\" \/>\n<meta property=\"og:url\" content=\"https:\/\/www.miomiorun.com\/de\/produkt\/summit-vectiv-pro-3\/\" \/>\n<meta property=\"og:site_name\" content=\"MioMioRun\" \/>\n<meta property=\"article:publisher\" content=\"https:\/\/www.facebook.com\/miomiorun\/\" \/>\n<meta property=\"article:modified_time\" content=\"2026-05-08T20:37:00+00:00\" \/>\n<meta property=\"og:image\" content=\"https:\/\/www.miomiorun.com\/app\/uploads\/2025\/09\/north-face-Summit-Vectiv-Pro-3-race-TNF-white-alpin-NF0A8DA1GIN1.webp\" \/>\n\t<meta property=\"og:image:width\" content=\"720\" \/>\n\t<meta property=\"og:image:height\" content=\"720\" \/>\n\t<meta property=\"og:image:type\" content=\"image\/webp\" \/>\n<meta name=\"twitter:card\" content=\"summary_large_image\" \/>\n<meta name=\"twitter:label1\" content=\"Est. reading time\" \/>\n\t<meta name=\"twitter:data1\" content=\"2 minutes\" \/>\n<script type=\"application\/ld+json\" class=\"yoast-schema-graph\">{\"@context\":\"https:\/\/schema.org\",\"@graph\":[{\"@type\":\"WebPage\",\"@id\":\"https:\/\/www.miomiorun.com\/de\/produkt\/summit-vectiv-pro-3\/\",\"url\":\"https:\/\/www.miomiorun.com\/de\/produkt\/summit-vectiv-pro-3\/\",\"name\":\"The North Face Summit Vectiv Pro 3 - Unisex-Trail-Schuhe - MioMioRun.com\",\"isPartOf\":{\"@id\":\"https:\/\/www.miomiorun.com\/de\/#website\"},\"primaryImageOfPage\":{\"@id\":\"https:\/\/www.miomiorun.com\/de\/produkt\/summit-vectiv-pro-3\/#primaryimage\"},\"image\":{\"@id\":\"https:\/\/www.miomiorun.com\/de\/produkt\/summit-vectiv-pro-3\/#primaryimage\"},\"thumbnailUrl\":\"https:\/\/www.miomiorun.com\/app\/uploads\/2025\/09\/north-face-Summit-Vectiv-Pro-3-race-TNF-white-alpin-NF0A8DA1GIN1.webp\",\"datePublished\":\"2025-03-17T17:07:22+00:00\",\"dateModified\":\"2026-05-08T20:37:00+00:00\",\"description\":\"Der Summit VECTIV\u2122 Pro 3 bietet dank seiner Carbonplatte, der fortschrittlichen D\u00e4mpfung und der traktionsstarken Sohle f\u00fcr Ultramarathons eine hohe Leistung.\",\"breadcrumb\":{\"@id\":\"https:\/\/www.miomiorun.com\/de\/produkt\/summit-vectiv-pro-3\/#breadcrumb\"},\"inLanguage\":\"de-DE\",\"potentialAction\":[{\"@type\":\"ReadAction\",\"target\":[\"https:\/\/www.miomiorun.com\/de\/produkt\/summit-vectiv-pro-3\/\"]}]},{\"@type\":\"ImageObject\",\"inLanguage\":\"de-DE\",\"@id\":\"https:\/\/www.miomiorun.com\/de\/produkt\/summit-vectiv-pro-3\/#primaryimage\",\"url\":\"https:\/\/www.miomiorun.com\/app\/uploads\/2025\/09\/north-face-Summit-Vectiv-Pro-3-race-TNF-white-alpin-NF0A8DA1GIN1.webp\",\"contentUrl\":\"https:\/\/www.miomiorun.com\/app\/uploads\/2025\/09\/north-face-Summit-Vectiv-Pro-3-race-TNF-white-alpin-NF0A8DA1GIN1.webp\",\"width\":720,\"height\":720,\"caption\":\"north face Summit Vectiv Pro 3 race TNF white alpin NF0A8DA1GIN1\"},{\"@type\":\"BreadcrumbList\",\"@id\":\"https:\/\/www.miomiorun.com\/de\/produkt\/summit-vectiv-pro-3\/#breadcrumb\",\"itemListElement\":[{\"@type\":\"ListItem\",\"position\":1,\"name\":\"Home\",\"item\":\"https:\/\/www.miomiorun.com\/de\/\"},{\"@type\":\"ListItem\",\"position\":2,\"name\":\"Shop\",\"item\":\"https:\/\/www.miomiorun.com\/shop\/\"},{\"@type\":\"ListItem\",\"position\":3,\"name\":\"Summit Vectiv Pro 3\"}]},{\"@type\":\"WebSite\",\"@id\":\"https:\/\/www.miomiorun.com\/de\/#website\",\"url\":\"https:\/\/www.miomiorun.com\/de\/\",\"name\":\"MioMioRun\",\"description\":\"100% Lauf- und Trailshop\",\"publisher\":{\"@id\":\"https:\/\/www.miomiorun.com\/de\/#organization\"},\"potentialAction\":[{\"@type\":\"SearchAction\",\"target\":{\"@type\":\"EntryPoint\",\"urlTemplate\":\"https:\/\/www.miomiorun.com\/de\/?s={search_term_string}\"},\"query-input\":{\"@type\":\"PropertyValueSpecification\",\"valueRequired\":true,\"valueName\":\"search_term_string\"}}],\"inLanguage\":\"de-DE\"},{\"@type\":\"Organization\",\"@id\":\"https:\/\/www.miomiorun.com\/de\/#organization\",\"name\":\"MioMio Run\",\"url\":\"https:\/\/www.miomiorun.com\/de\/\",\"logo\":{\"@type\":\"ImageObject\",\"inLanguage\":\"de-DE\",\"@id\":\"https:\/\/www.miomiorun.com\/de\/#\/schema\/logo\/image\/\",\"url\":\"https:\/\/www.miomiorun.com\/app\/uploads\/2019\/12\/logomio.png\",\"contentUrl\":\"https:\/\/www.miomiorun.com\/app\/uploads\/2019\/12\/logomio.png\",\"width\":115,\"height\":82,\"caption\":\"MioMio Run\"},\"image\":{\"@id\":\"https:\/\/www.miomiorun.com\/de\/#\/schema\/logo\/image\/\"},\"sameAs\":[\"https:\/\/www.facebook.com\/miomiorun\/\",\"https:\/\/www.instagram.com\/miomiorun\/\"]}]}<\/script>\n<!-- \/ Yoast SEO plugin. -->","yoast_head_json":{"title":"The North Face Summit Vectiv Pro 3 - Unisex-Trail-Schuhe - MioMioRun.com","description":"Der Summit VECTIV\u2122 Pro 3 bietet dank seiner Carbonplatte, der fortschrittlichen D\u00e4mpfung und der traktionsstarken Sohle f\u00fcr Ultramarathons eine hohe Leistung.","robots":{"index":"index","follow":"follow","max-snippet":"max-snippet:-1","max-image-preview":"max-image-preview:large","max-video-preview":"max-video-preview:-1"},"canonical":"https:\/\/www.miomiorun.com\/de\/produkt\/summit-vectiv-pro-3\/","og_locale":"de_DE","og_type":"article","og_title":"The North Face Summit Vectiv Pro 3 - Unisex-Trail-Schuhe - MioMioRun.com","og_description":"Der Summit VECTIV\u2122 Pro 3 bietet dank seiner Carbonplatte, der fortschrittlichen D\u00e4mpfung und der traktionsstarken Sohle f\u00fcr Ultramarathons eine hohe Leistung.","og_url":"https:\/\/www.miomiorun.com\/de\/produkt\/summit-vectiv-pro-3\/","og_site_name":"MioMioRun","article_publisher":"https:\/\/www.facebook.com\/miomiorun\/","article_modified_time":"2026-05-08T20:37:00+00:00","og_image":[{"width":720,"height":720,"url":"https:\/\/www.miomiorun.com\/app\/uploads\/2025\/09\/north-face-Summit-Vectiv-Pro-3-race-TNF-white-alpin-NF0A8DA1GIN1.webp","type":"image\/webp"}],"twitter_card":"summary_large_image","twitter_misc":{"Est. reading time":"2 minutes"},"schema":{"@context":"https:\/\/schema.org","@graph":[{"@type":"WebPage","@id":"https:\/\/www.miomiorun.com\/de\/produkt\/summit-vectiv-pro-3\/","url":"https:\/\/www.miomiorun.com\/de\/produkt\/summit-vectiv-pro-3\/","name":"The North Face Summit Vectiv Pro 3 - Unisex-Trail-Schuhe - MioMioRun.com","isPartOf":{"@id":"https:\/\/www.miomiorun.com\/de\/#website"},"primaryImageOfPage":{"@id":"https:\/\/www.miomiorun.com\/de\/produkt\/summit-vectiv-pro-3\/#primaryimage"},"image":{"@id":"https:\/\/www.miomiorun.com\/de\/produkt\/summit-vectiv-pro-3\/#primaryimage"},"thumbnailUrl":"https:\/\/www.miomiorun.com\/app\/uploads\/2025\/09\/north-face-Summit-Vectiv-Pro-3-race-TNF-white-alpin-NF0A8DA1GIN1.webp","datePublished":"2025-03-17T17:07:22+00:00","dateModified":"2026-05-08T20:37:00+00:00","description":"Der Summit VECTIV\u2122 Pro 3 bietet dank seiner Carbonplatte, der fortschrittlichen D\u00e4mpfung und der traktionsstarken Sohle f\u00fcr Ultramarathons eine hohe Leistung.","breadcrumb":{"@id":"https:\/\/www.miomiorun.com\/de\/produkt\/summit-vectiv-pro-3\/#breadcrumb"},"inLanguage":"de-DE","potentialAction":[{"@type":"ReadAction","target":["https:\/\/www.miomiorun.com\/de\/produkt\/summit-vectiv-pro-3\/"]}]},{"@type":"ImageObject","inLanguage":"de-DE","@id":"https:\/\/www.miomiorun.com\/de\/produkt\/summit-vectiv-pro-3\/#primaryimage","url":"https:\/\/www.miomiorun.com\/app\/uploads\/2025\/09\/north-face-Summit-Vectiv-Pro-3-race-TNF-white-alpin-NF0A8DA1GIN1.webp","contentUrl":"https:\/\/www.miomiorun.com\/app\/uploads\/2025\/09\/north-face-Summit-Vectiv-Pro-3-race-TNF-white-alpin-NF0A8DA1GIN1.webp","width":720,"height":720,"caption":"north face Summit Vectiv Pro 3 race TNF white alpin NF0A8DA1GIN1"},{"@type":"BreadcrumbList","@id":"https:\/\/www.miomiorun.com\/de\/produkt\/summit-vectiv-pro-3\/#breadcrumb","itemListElement":[{"@type":"ListItem","position":1,"name":"Home","item":"https:\/\/www.miomiorun.com\/de\/"},{"@type":"ListItem","position":2,"name":"Shop","item":"https:\/\/www.miomiorun.com\/shop\/"},{"@type":"ListItem","position":3,"name":"Summit Vectiv Pro 3"}]},{"@type":"WebSite","@id":"https:\/\/www.miomiorun.com\/de\/#website","url":"https:\/\/www.miomiorun.com\/de\/","name":"MioMioRun","description":"100% Lauf- und Trailshop","publisher":{"@id":"https:\/\/www.miomiorun.com\/de\/#organization"},"potentialAction":[{"@type":"SearchAction","target":{"@type":"EntryPoint","urlTemplate":"https:\/\/www.miomiorun.com\/de\/?s={search_term_string}"},"query-input":{"@type":"PropertyValueSpecification","valueRequired":true,"valueName":"search_term_string"}}],"inLanguage":"de-DE"},{"@type":"Organization","@id":"https:\/\/www.miomiorun.com\/de\/#organization","name":"MioMio Run","url":"https:\/\/www.miomiorun.com\/de\/","logo":{"@type":"ImageObject","inLanguage":"de-DE","@id":"https:\/\/www.miomiorun.com\/de\/#\/schema\/logo\/image\/","url":"https:\/\/www.miomiorun.com\/app\/uploads\/2019\/12\/logomio.png","contentUrl":"https:\/\/www.miomiorun.com\/app\/uploads\/2019\/12\/logomio.png","width":115,"height":82,"caption":"MioMio Run"},"image":{"@id":"https:\/\/www.miomiorun.com\/de\/#\/schema\/logo\/image\/"},"sameAs":["https:\/\/www.facebook.com\/miomiorun\/","https:\/\/www.instagram.com\/miomiorun\/"]}]}},"_links":{"self":[{"href":"https:\/\/www.miomiorun.com\/de\/wp-json\/wp\/v2\/product\/266011","targetHints":{"allow":["GET"]}}],"collection":[{"href":"https:\/\/www.miomiorun.com\/de\/wp-json\/wp\/v2\/product"}],"about":[{"href":"https:\/\/www.miomiorun.com\/de\/wp-json\/wp\/v2\/types\/product"}],"wp:featuredmedia":[{"embeddable":true,"href":"https:\/\/www.miomiorun.com\/de\/wp-json\/wp\/v2\/media\/350421"}],"wp:attachment":[{"href":"https:\/\/www.miomiorun.com\/de\/wp-json\/wp\/v2\/media?parent=266011"}],"wp:term":[{"taxonomy":"product_brand","embeddable":true,"href":"https:\/\/www.miomiorun.com\/de\/wp-json\/wp\/v2\/product_brand?post=266011"},{"taxonomy":"product_cat","embeddable":true,"href":"https:\/\/www.miomiorun.com\/de\/wp-json\/wp\/v2\/product_cat?post=266011"},{"taxonomy":"product_tag","embeddable":true,"href":"https:\/\/www.miomiorun.com\/de\/wp-json\/wp\/v2\/product_tag?post=266011"}],"curies":[{"name":"wp","href":"https:\/\/api.w.org\/{rel}","templated":true}]}}