{"id":265764,"date":"2025-03-17T17:35:25","date_gmt":"2025-03-17T16:35:25","guid":{"rendered":"https:\/\/miomiorun.com\/?post_type=product&#038;p=265764"},"modified":"2026-05-08T22:37:03","modified_gmt":"2026-05-08T20:37:03","slug":"vectiv-infinite-3-herren","status":"publish","type":"product","link":"https:\/\/www.miomiorun.com\/de\/produkt\/vectiv-infinite-3-herren\/","title":{"rendered":"Vectiv Infinite 3 herrren"},"content":{"rendered":"<div class=\"vc-row container\"><div class=\"vc-column\"><div class=\"vc-column-text\"><\/p>\n<p><strong>Technische Daten<\/strong><\/p>\n<p>Kategorie: Top-D\u00e4mpfung<br \/>\nVersatz: 6 mm<br \/>\nGewicht: 267 g<br \/>\nIdeal f\u00fcr: Trailrunner und Bergwanderer, die ein leichtes, gut ged\u00e4mpftes und sch\u00fctzendes Modell suchen, das auch \u00fcber l\u00e4ngere Strecken maximalen Komfort bietet.<br \/>\nSportlergewicht: 60-70 kg<br \/>\nLauftempo: mittelschnell (4.30-6.00 min\/km)<br \/>\n<a href=\"https:\/\/miomiorun.com\/de\/leitfaden-fuer-technische-spezifikationen\/\">Leitfaden f\u00fcr Spezifikationen<\/a><\/p>\n<p><\/div><\/div><div class=\"vc-column\"><div class=\"vc-column-text\">Der <strong>Vectiv Infinite 3<\/strong> ist die perfekte Wahl f\u00fcr alle, die beim Trailrunning \u00fcber lange Distanzen eine au\u00dfergew\u00f6hnliche Performance suchen. Mit einer <strong>regul\u00e4ren<\/strong> Passform bietet dieser Schuh eine eng anliegende, st\u00fctzende und bequeme Passform, perfekt f\u00fcr die h\u00e4rtesten Herausforderungen. Das <strong>leichte, nahtlose Obermaterial<\/strong> mit <strong>kartierten Bel\u00fcftungszonen<\/strong> sorgt f\u00fcr optimale Atmungsaktivit\u00e4t und ideale Stabilit\u00e4t, w\u00e4hrend das doppelt gewebte Mesh, das zu <strong>57% aus recycelten Materialien<\/strong> besteht, ein Engagement f\u00fcr die Umwelt demonstriert. Die <strong>verbesserte Passform<\/strong> an der Ferse bietet zusammen mit den <strong>integrierten Laschen an der Zunge<\/strong> mehr Stabilit\u00e4t im Fersen- und Mittelfu\u00dfbereich.<\/p>\n<p>Die <strong>VECTIV\u2122<\/strong> Technologie ist das Herzst\u00fcck dieses Schuhs. Die 3D-Sohlenplatte mit doppelter Dichte, die Rocker-Zwischensohle und der <strong>SurfaceCTRL\u2122<\/strong> Grip sorgen f\u00fcr eine \u00fcberragende Energier\u00fcckgabe und unvergleichliche Reaktionsf\u00e4higkeit auf dem Trail. Der <strong>ultraleichte DREAM<\/strong> Polyurethanschaum verbessert die Energier\u00fcckgabe, reduziert das Gewicht und erh\u00f6ht die Haltbarkeit im Vergleich zu herk\u00f6mmlichem EVA-Schaum. Die durchgehende <strong>VECTIV\u2122 3.0 3D TPU-Au\u00dfensohle<\/strong> mit verst\u00e4rkter Fu\u00dfgew\u00f6lbest\u00fctze sorgt f\u00fcr verbesserte <strong>Stabilit\u00e4t<\/strong>, optimierten <strong>Vorw\u00e4rtsdrang<\/strong> und seitlichen Halt auf technisch anspruchsvollem Terrain. Dar\u00fcber hinaus verst\u00e4rkt die <strong>Rocker-Zwischensohle<\/strong> die <strong>langfristige Antriebskraft<\/strong> und sorgt so f\u00fcr eine hohe Leistung \u00fcber die gesamte Dauer des Laufs.<\/p>\n<p>Diese Version des <strong>Infinite<\/strong> hat <strong>1 mm mehr D\u00e4mpfung<\/strong> als das Vorg\u00e4ngermodell und bietet noch mehr Komfort auf unebenem Gel\u00e4nde. Mit einer Sohlenh\u00f6he von <strong>29 mm an der Ferse<\/strong> und einem <strong>Versatz von 6 mm<\/strong> garantiert er ein Gef\u00fchl der Stabilit\u00e4t und des Komforts auch auf den schwierigsten Pfaden. Die <strong>langlebige<\/strong> und vielseitige <strong>SURFACE CTRL\u2122-Gummisohle<\/strong>, die <strong>zu 20 % aus Naturkautschuk<\/strong> besteht, der aus kleinen, regenerativen Betrieben stammt, bietet eine ausgewogene Gewichtsverteilung und eine au\u00dfergew\u00f6hnliche Traktion dank der <strong>5 mm gro\u00dfen Stollen<\/strong>.<\/p>\n<p>Der <strong>Infinite<\/strong> ist der ideale Schuh f\u00fcr alle, die die perfekte Kombination aus Reaktionsf\u00e4higkeit, Halt und Komfort f\u00fcr lange Strecken suchen und dabei auf jedem Terrain H\u00f6chstleistungen erbringen wollen. Mit diesem Schuh werden Sie jede Herausforderung mit Energie und Stabilit\u00e4t \u00fcberwinden.<\/p>\n<div id=\"base-collapse-nUfccvMQCJy-0-content\" class=\"overflow-hidden duration\" role=\"region\" aria-labelledby=\"base-collapse-nUfccvMQCJy-0\">\n<div class=\"text-sm fw-light\" data-test-id=\"vf-accordion-content\">\n<div class=\"pb-6 pt-2 text-sm c-grey-20\">\n<div class=\"group flex items-start gap-4\">\n<p><picture class=\"aspect-square w-full shrink-0\" data-test-id=\"base-picture\"><img loading=\"lazy\" decoding=\"async\" class=\"contain\" src=\"https:\/\/assets.thenorthface.eu\/image\/upload\/v1728567337\/benefit-icon-cushioned.webp\" alt=\"Ammortizzate\" width=\"71\" height=\"71\" \/><\/picture><\/p>\n<div class=\"grow space-y-1\">\n<p class=\"!title-5 fw-bold\">Gepolstert: Leichter Superschaum f\u00fcr unvergleichliche D\u00e4mpfung<\/p>\n<\/div>\n<\/div>\n<div class=\"group flex items-start gap-4\">\n<p><picture class=\"aspect-square w-full shrink-0\" data-test-id=\"base-picture\"><img loading=\"lazy\" decoding=\"async\" class=\"contain\" src=\"https:\/\/assets.thenorthface.eu\/image\/upload\/v1728567347\/benefit-icon-stability.webp\" alt=\"Stabili\" width=\"71\" height=\"71\" \/><\/picture><\/p>\n<div class=\"grow space-y-1\">\n<p class=\"!title-5 fw-bold\">Stabil: Die Fersenpositionierungstechnologie verbessert die Stabilit\u00e4t auf unebenem Gel\u00e4nde.<\/p>\n<\/div>\n<\/div>\n<div class=\"group flex items-start gap-4\">\n<p><picture class=\"aspect-square w-full shrink-0\" data-test-id=\"base-picture\"><img loading=\"lazy\" decoding=\"async\" class=\"contain\" src=\"https:\/\/assets.thenorthface.eu\/image\/upload\/v1728567340\/benefit-icon-grip_sole.webp\" alt=\"Suola antiscivolo\" width=\"71\" height=\"71\" \/><\/picture><\/p>\n<div class=\"grow space-y-1\">\n<p class=\"!title-5 fw-bold\">Rutschfeste Sohle: Gummimischungen sorgen f\u00fcr Grip, Haftung und Widerstand auf trockenen und nassen Oberfl\u00e4chen.<\/p>\n<\/div>\n<\/div>\n<div class=\"group flex items-start gap-4\">\n<p><picture class=\"aspect-square w-full shrink-0\" data-test-id=\"base-picture\"><img loading=\"lazy\" decoding=\"async\" class=\"contain\" src=\"https:\/\/assets.thenorthface.eu\/image\/upload\/v1728567334\/benefit-icon_technical_trail.avif\" alt=\"Percorsi trail tecnici\" width=\"71\" height=\"71\" \/><\/picture><\/p>\n<div class=\"grow space-y-1\">\n<p class=\"!title-5 fw-bold\">Technische Trails: Au\u00dfergew\u00f6hnliche Traktion und Schutz auf technischem Terrain.<\/p>\n<\/div>\n<\/div>\n<\/div>\n<\/div>\n<\/div>\n<p><\/div><\/div><\/div>\n","protected":false},"excerpt":{"rendered":"<ul>\n<li>\u00a0Surface CTRL\u00ae<\/li>\n<li>VECTIV\u2122<\/li>\n<\/ul>\n","protected":false},"featured_media":267949,"template":"","meta":{"_acf_changed":false,"inline_featured_image":false},"product_brand":[],"product_cat":[6507,6504],"product_tag":[32390,32398],"class_list":{"0":"post-265764","1":"product","2":"type-product","3":"status-publish","4":"has-post-thumbnail","6":"product_cat-herren-schuhe-de","7":"product_cat-trail","8":"product_tag-the-north-face-de","9":"product_tag-the-north-face-herren","10":"pa_attivita-outdoor-de","11":"pa_attivita-trail-de","12":"pa_colore-infinite-3-glacier-grey-su-de","13":"pa_marca-the-north-face-de","14":"pa_sesso-herren","15":"pa_size-41-de","16":"pa_size-42-de","18":"first","19":"instock","20":"sale","21":"taxable","22":"shipping-taxable","23":"purchasable","24":"product-type-variable","25":"wvs-archive-product-wrapper"},"acf":[],"yoast_head":"<!-- This site is optimized with the Yoast SEO plugin v26.8 - https:\/\/yoast.com\/product\/yoast-seo-wordpress\/ -->\n<title>The North Face Vectiv Infinite 3 herrren - Trailschuhe f\u00fcr Herren - MioMioRun.com<\/title>\n<meta name=\"description\" content=\"Der Infinite 3 bietet mit der VECTIV\u2122 3.0-Technologie und der DREAM-Schaumstoffd\u00e4mpfung eine hohe Leistung f\u00fcr Langstrecken-Trailrunning.\" \/>\n<meta name=\"robots\" content=\"index, follow, max-snippet:-1, max-image-preview:large, max-video-preview:-1\" \/>\n<link rel=\"canonical\" href=\"https:\/\/www.miomiorun.com\/de\/produkt\/vectiv-infinite-3-herren\/\" \/>\n<meta property=\"og:locale\" content=\"de_DE\" \/>\n<meta property=\"og:type\" content=\"article\" \/>\n<meta property=\"og:title\" content=\"The North Face Vectiv Infinite 3 herrren - Trailschuhe f\u00fcr Herren - MioMioRun.com\" \/>\n<meta property=\"og:description\" content=\"Der Infinite 3 bietet mit der VECTIV\u2122 3.0-Technologie und der DREAM-Schaumstoffd\u00e4mpfung eine hohe Leistung f\u00fcr Langstrecken-Trailrunning.\" \/>\n<meta property=\"og:url\" content=\"https:\/\/www.miomiorun.com\/de\/produkt\/vectiv-infinite-3-herren\/\" \/>\n<meta property=\"og:site_name\" content=\"MioMioRun\" \/>\n<meta property=\"article:publisher\" content=\"https:\/\/www.facebook.com\/miomiorun\/\" \/>\n<meta property=\"article:modified_time\" content=\"2026-05-08T20:37:03+00:00\" \/>\n<meta property=\"og:image\" content=\"https:\/\/www.miomiorun.com\/app\/uploads\/2025\/03\/north-face-Infinite-3-glacier-grey-su-NF0A8AERCIW1.webp\" \/>\n\t<meta property=\"og:image:width\" content=\"600\" \/>\n\t<meta property=\"og:image:height\" content=\"600\" \/>\n\t<meta property=\"og:image:type\" content=\"image\/webp\" \/>\n<meta name=\"twitter:card\" content=\"summary_large_image\" \/>\n<meta name=\"twitter:label1\" content=\"Est. reading time\" \/>\n\t<meta name=\"twitter:data1\" content=\"2 minutes\" \/>\n<script type=\"application\/ld+json\" class=\"yoast-schema-graph\">{\"@context\":\"https:\/\/schema.org\",\"@graph\":[{\"@type\":\"WebPage\",\"@id\":\"https:\/\/www.miomiorun.com\/de\/produkt\/vectiv-infinite-3-herren\/\",\"url\":\"https:\/\/www.miomiorun.com\/de\/produkt\/vectiv-infinite-3-herren\/\",\"name\":\"The North Face Vectiv Infinite 3 herrren - Trailschuhe f\u00fcr Herren - MioMioRun.com\",\"isPartOf\":{\"@id\":\"https:\/\/www.miomiorun.com\/de\/#website\"},\"primaryImageOfPage\":{\"@id\":\"https:\/\/www.miomiorun.com\/de\/produkt\/vectiv-infinite-3-herren\/#primaryimage\"},\"image\":{\"@id\":\"https:\/\/www.miomiorun.com\/de\/produkt\/vectiv-infinite-3-herren\/#primaryimage\"},\"thumbnailUrl\":\"https:\/\/www.miomiorun.com\/app\/uploads\/2025\/03\/north-face-Infinite-3-glacier-grey-su-NF0A8AERCIW1.webp\",\"datePublished\":\"2025-03-17T16:35:25+00:00\",\"dateModified\":\"2026-05-08T20:37:03+00:00\",\"description\":\"Der Infinite 3 bietet mit der VECTIV\u2122 3.0-Technologie und der DREAM-Schaumstoffd\u00e4mpfung eine hohe Leistung f\u00fcr Langstrecken-Trailrunning.\",\"breadcrumb\":{\"@id\":\"https:\/\/www.miomiorun.com\/de\/produkt\/vectiv-infinite-3-herren\/#breadcrumb\"},\"inLanguage\":\"de-DE\",\"potentialAction\":[{\"@type\":\"ReadAction\",\"target\":[\"https:\/\/www.miomiorun.com\/de\/produkt\/vectiv-infinite-3-herren\/\"]}]},{\"@type\":\"ImageObject\",\"inLanguage\":\"de-DE\",\"@id\":\"https:\/\/www.miomiorun.com\/de\/produkt\/vectiv-infinite-3-herren\/#primaryimage\",\"url\":\"https:\/\/www.miomiorun.com\/app\/uploads\/2025\/03\/north-face-Infinite-3-glacier-grey-su-NF0A8AERCIW1.webp\",\"contentUrl\":\"https:\/\/www.miomiorun.com\/app\/uploads\/2025\/03\/north-face-Infinite-3-glacier-grey-su-NF0A8AERCIW1.webp\",\"width\":600,\"height\":600,\"caption\":\"north face Infinite 3 glacier grey su NF0A8AERCIW1\"},{\"@type\":\"BreadcrumbList\",\"@id\":\"https:\/\/www.miomiorun.com\/de\/produkt\/vectiv-infinite-3-herren\/#breadcrumb\",\"itemListElement\":[{\"@type\":\"ListItem\",\"position\":1,\"name\":\"Home\",\"item\":\"https:\/\/www.miomiorun.com\/de\/\"},{\"@type\":\"ListItem\",\"position\":2,\"name\":\"Shop\",\"item\":\"https:\/\/www.miomiorun.com\/shop\/\"},{\"@type\":\"ListItem\",\"position\":3,\"name\":\"Vectiv Infinite 3 herrren\"}]},{\"@type\":\"WebSite\",\"@id\":\"https:\/\/www.miomiorun.com\/de\/#website\",\"url\":\"https:\/\/www.miomiorun.com\/de\/\",\"name\":\"MioMioRun\",\"description\":\"100% Lauf- und Trailshop\",\"publisher\":{\"@id\":\"https:\/\/www.miomiorun.com\/de\/#organization\"},\"potentialAction\":[{\"@type\":\"SearchAction\",\"target\":{\"@type\":\"EntryPoint\",\"urlTemplate\":\"https:\/\/www.miomiorun.com\/de\/?s={search_term_string}\"},\"query-input\":{\"@type\":\"PropertyValueSpecification\",\"valueRequired\":true,\"valueName\":\"search_term_string\"}}],\"inLanguage\":\"de-DE\"},{\"@type\":\"Organization\",\"@id\":\"https:\/\/www.miomiorun.com\/de\/#organization\",\"name\":\"MioMio Run\",\"url\":\"https:\/\/www.miomiorun.com\/de\/\",\"logo\":{\"@type\":\"ImageObject\",\"inLanguage\":\"de-DE\",\"@id\":\"https:\/\/www.miomiorun.com\/de\/#\/schema\/logo\/image\/\",\"url\":\"https:\/\/www.miomiorun.com\/app\/uploads\/2019\/12\/logomio.png\",\"contentUrl\":\"https:\/\/www.miomiorun.com\/app\/uploads\/2019\/12\/logomio.png\",\"width\":115,\"height\":82,\"caption\":\"MioMio Run\"},\"image\":{\"@id\":\"https:\/\/www.miomiorun.com\/de\/#\/schema\/logo\/image\/\"},\"sameAs\":[\"https:\/\/www.facebook.com\/miomiorun\/\",\"https:\/\/www.instagram.com\/miomiorun\/\"]}]}<\/script>\n<!-- \/ Yoast SEO plugin. -->","yoast_head_json":{"title":"The North Face Vectiv Infinite 3 herrren - Trailschuhe f\u00fcr Herren - MioMioRun.com","description":"Der Infinite 3 bietet mit der VECTIV\u2122 3.0-Technologie und der DREAM-Schaumstoffd\u00e4mpfung eine hohe Leistung f\u00fcr Langstrecken-Trailrunning.","robots":{"index":"index","follow":"follow","max-snippet":"max-snippet:-1","max-image-preview":"max-image-preview:large","max-video-preview":"max-video-preview:-1"},"canonical":"https:\/\/www.miomiorun.com\/de\/produkt\/vectiv-infinite-3-herren\/","og_locale":"de_DE","og_type":"article","og_title":"The North Face Vectiv Infinite 3 herrren - Trailschuhe f\u00fcr Herren - MioMioRun.com","og_description":"Der Infinite 3 bietet mit der VECTIV\u2122 3.0-Technologie und der DREAM-Schaumstoffd\u00e4mpfung eine hohe Leistung f\u00fcr Langstrecken-Trailrunning.","og_url":"https:\/\/www.miomiorun.com\/de\/produkt\/vectiv-infinite-3-herren\/","og_site_name":"MioMioRun","article_publisher":"https:\/\/www.facebook.com\/miomiorun\/","article_modified_time":"2026-05-08T20:37:03+00:00","og_image":[{"width":600,"height":600,"url":"https:\/\/www.miomiorun.com\/app\/uploads\/2025\/03\/north-face-Infinite-3-glacier-grey-su-NF0A8AERCIW1.webp","type":"image\/webp"}],"twitter_card":"summary_large_image","twitter_misc":{"Est. reading time":"2 minutes"},"schema":{"@context":"https:\/\/schema.org","@graph":[{"@type":"WebPage","@id":"https:\/\/www.miomiorun.com\/de\/produkt\/vectiv-infinite-3-herren\/","url":"https:\/\/www.miomiorun.com\/de\/produkt\/vectiv-infinite-3-herren\/","name":"The North Face Vectiv Infinite 3 herrren - Trailschuhe f\u00fcr Herren - MioMioRun.com","isPartOf":{"@id":"https:\/\/www.miomiorun.com\/de\/#website"},"primaryImageOfPage":{"@id":"https:\/\/www.miomiorun.com\/de\/produkt\/vectiv-infinite-3-herren\/#primaryimage"},"image":{"@id":"https:\/\/www.miomiorun.com\/de\/produkt\/vectiv-infinite-3-herren\/#primaryimage"},"thumbnailUrl":"https:\/\/www.miomiorun.com\/app\/uploads\/2025\/03\/north-face-Infinite-3-glacier-grey-su-NF0A8AERCIW1.webp","datePublished":"2025-03-17T16:35:25+00:00","dateModified":"2026-05-08T20:37:03+00:00","description":"Der Infinite 3 bietet mit der VECTIV\u2122 3.0-Technologie und der DREAM-Schaumstoffd\u00e4mpfung eine hohe Leistung f\u00fcr Langstrecken-Trailrunning.","breadcrumb":{"@id":"https:\/\/www.miomiorun.com\/de\/produkt\/vectiv-infinite-3-herren\/#breadcrumb"},"inLanguage":"de-DE","potentialAction":[{"@type":"ReadAction","target":["https:\/\/www.miomiorun.com\/de\/produkt\/vectiv-infinite-3-herren\/"]}]},{"@type":"ImageObject","inLanguage":"de-DE","@id":"https:\/\/www.miomiorun.com\/de\/produkt\/vectiv-infinite-3-herren\/#primaryimage","url":"https:\/\/www.miomiorun.com\/app\/uploads\/2025\/03\/north-face-Infinite-3-glacier-grey-su-NF0A8AERCIW1.webp","contentUrl":"https:\/\/www.miomiorun.com\/app\/uploads\/2025\/03\/north-face-Infinite-3-glacier-grey-su-NF0A8AERCIW1.webp","width":600,"height":600,"caption":"north face Infinite 3 glacier grey su NF0A8AERCIW1"},{"@type":"BreadcrumbList","@id":"https:\/\/www.miomiorun.com\/de\/produkt\/vectiv-infinite-3-herren\/#breadcrumb","itemListElement":[{"@type":"ListItem","position":1,"name":"Home","item":"https:\/\/www.miomiorun.com\/de\/"},{"@type":"ListItem","position":2,"name":"Shop","item":"https:\/\/www.miomiorun.com\/shop\/"},{"@type":"ListItem","position":3,"name":"Vectiv Infinite 3 herrren"}]},{"@type":"WebSite","@id":"https:\/\/www.miomiorun.com\/de\/#website","url":"https:\/\/www.miomiorun.com\/de\/","name":"MioMioRun","description":"100% Lauf- und Trailshop","publisher":{"@id":"https:\/\/www.miomiorun.com\/de\/#organization"},"potentialAction":[{"@type":"SearchAction","target":{"@type":"EntryPoint","urlTemplate":"https:\/\/www.miomiorun.com\/de\/?s={search_term_string}"},"query-input":{"@type":"PropertyValueSpecification","valueRequired":true,"valueName":"search_term_string"}}],"inLanguage":"de-DE"},{"@type":"Organization","@id":"https:\/\/www.miomiorun.com\/de\/#organization","name":"MioMio Run","url":"https:\/\/www.miomiorun.com\/de\/","logo":{"@type":"ImageObject","inLanguage":"de-DE","@id":"https:\/\/www.miomiorun.com\/de\/#\/schema\/logo\/image\/","url":"https:\/\/www.miomiorun.com\/app\/uploads\/2019\/12\/logomio.png","contentUrl":"https:\/\/www.miomiorun.com\/app\/uploads\/2019\/12\/logomio.png","width":115,"height":82,"caption":"MioMio Run"},"image":{"@id":"https:\/\/www.miomiorun.com\/de\/#\/schema\/logo\/image\/"},"sameAs":["https:\/\/www.facebook.com\/miomiorun\/","https:\/\/www.instagram.com\/miomiorun\/"]}]}},"_links":{"self":[{"href":"https:\/\/www.miomiorun.com\/de\/wp-json\/wp\/v2\/product\/265764","targetHints":{"allow":["GET"]}}],"collection":[{"href":"https:\/\/www.miomiorun.com\/de\/wp-json\/wp\/v2\/product"}],"about":[{"href":"https:\/\/www.miomiorun.com\/de\/wp-json\/wp\/v2\/types\/product"}],"wp:featuredmedia":[{"embeddable":true,"href":"https:\/\/www.miomiorun.com\/de\/wp-json\/wp\/v2\/media\/267949"}],"wp:attachment":[{"href":"https:\/\/www.miomiorun.com\/de\/wp-json\/wp\/v2\/media?parent=265764"}],"wp:term":[{"taxonomy":"product_brand","embeddable":true,"href":"https:\/\/www.miomiorun.com\/de\/wp-json\/wp\/v2\/product_brand?post=265764"},{"taxonomy":"product_cat","embeddable":true,"href":"https:\/\/www.miomiorun.com\/de\/wp-json\/wp\/v2\/product_cat?post=265764"},{"taxonomy":"product_tag","embeddable":true,"href":"https:\/\/www.miomiorun.com\/de\/wp-json\/wp\/v2\/product_tag?post=265764"}],"curies":[{"name":"wp","href":"https:\/\/api.w.org\/{rel}","templated":true}]}}