{"id":265479,"date":"2025-03-17T16:58:33","date_gmt":"2025-03-17T15:58:33","guid":{"rendered":"https:\/\/miomiorun.com\/?post_type=product&#038;p=265479"},"modified":"2026-05-08T22:38:04","modified_gmt":"2026-05-08T20:38:04","slug":"vectiv-enduris-4-herren","status":"publish","type":"product","link":"https:\/\/www.miomiorun.com\/de\/produkt\/vectiv-enduris-4-herren\/","title":{"rendered":"Vectiv Enduris 4 herren"},"content":{"rendered":"<div class=\"vc-row container\"><div class=\"vc-column\"><div class=\"vc-column-text\"><\/p>\n<p><strong>Technische Daten<\/strong><\/p>\n<p>Kategorie: Top-D\u00e4mpfung<br \/>\nOffset: 6 mm<br \/>\nGewicht: 287 g<br \/>\nIdeal f\u00fcr : Trailrunner und Bergwanderer, die ein leichtes, gut ged\u00e4mpftes und sch\u00fctzendes Modell suchen, das auch auf langen Strecken maximalen Komfort bietet.<br \/>\nSportlergewicht : 60-70 kg<br \/>\nLauftempo : mittelschnell (4.30-6.00 min\/km)<br \/>\n<a href=\"https:\/\/miomiorun.com\/de\/leitfaden-fuer-technische-spezifikationen\/\">Technische Daten<\/a><\/p>\n<p><\/div><\/div><div class=\"vc-column\"><div class=\"vc-column-text\"><strong>Enduris 4<\/strong>, der neue Schuh von North Face.<\/p>\n<p>Die <strong>regul\u00e4re<\/strong> Passform wurde entwickelt, um die richtige Passform zu gew\u00e4hrleisten, ausgewogen zwischen Komfort und Unterst\u00fctzung. Dank seiner leichten Konstruktion und dem <strong>nahtlosen Obermaterial<\/strong> verf\u00fcgt der Schuh \u00fcber <strong>kartierte Bel\u00fcftungszonen<\/strong>, die die Atmungsaktivit\u00e4t verbessern und die F\u00fc\u00dfe beim Training k\u00fchl und trocken halten. Dar\u00fcber hinaus besteht das Obermaterial aus <strong>doppeltem Kettnetz<\/strong>, das zu 57 % aus <strong>recycelten Materialien<\/strong> besteht, ein wichtiger Schritt in Richtung einer umweltfreundlicheren Wahl. Die Passform wird durch die erh\u00f6hte Griffigkeit an der Ferse und die <strong>integrierten Stollen an der Zunge<\/strong> weiter verbessert, die sowohl am Fu\u00dfr\u00fccken als auch im medialen Bereich ideale Stabilit\u00e4t bieten.<\/p>\n<p>Die eigentliche Innovation liegt in der <strong>VECTIV\u2122-Technologie<\/strong>, die eine 3D-Sohlenplatte mit doppelter Dichte, eine Rocker-Zwischensohle und <strong>SurfaceCTRL\u2122-Griffigkeit<\/strong> integriert, um Ihnen ein einzigartiges Erlebnis auf den Trails zu bieten. Die neue <strong>VECTIV\u2122 3.0-Version<\/strong> ist mit einer <strong>leistungsstarken 3D-TPU-Sohlenplatte<\/strong> ausgestattet, die f\u00fcr einen verbesserten Vorw\u00e4rtsdrang und hervorragenden Seitenhalt sorgt. Dank der <strong>VECTIV\u2122 3D-Stollen<\/strong> im Vorfu\u00dfbereich ist die Stabilit\u00e4t auf unterschiedlichem Terrain hervorragend, w\u00e4hrend die Rocker-Zwischensohle den langfristigen <strong>Vortrieb<\/strong> verst\u00e4rkt, sodass man sich bei jedem Schritt angetrieben f\u00fchlt.<\/p>\n<p>Die<strong>Zwischensohle<\/strong> besteht aus <strong>DREAM-Schaum<\/strong>, einem <strong>ultraleichten Polyurethan-Schaumstoff<\/strong>, der eine <strong>h\u00f6here Energier\u00fcckgabe<\/strong>, ein geringeres Gewicht und eine l\u00e4ngere Haltbarkeit als herk\u00f6mmlicher EVA-Schaum bietet. Au\u00dferdem verf\u00fcgt der <strong>Enduris 4<\/strong> im Vergleich zum Vorg\u00e4ngermodell \u00fcber 2 mm mehr <strong>D\u00e4mpfung<\/strong> in der Zwischensohle, die noch mehr Komfort und unvergleichlichen Halt bietet.<\/p>\n<p>Die <strong>SURFACE CTRL\u2122-Gummisohle<\/strong> ist langlebig und vielseitig und passt sich mit hervorragender Gewichtsverteilung an verschiedene Terrains an. Die <strong>4 mm Stollen<\/strong> bieten eine <strong>hohe Traktion<\/strong>, w\u00e4hrend der <strong>20%ige Anteil an Naturkautschuk<\/strong>, der von Kleinbauern aus <strong>regenerativer Landwirtschaft<\/strong> stammt, zu einer geringeren Umweltbelastung beitr\u00e4gt.<\/p>\n<p>Mit einer Sohlenh\u00f6he von <strong>32 mm an der Ferse<\/strong> und einem <strong>Versatz von 6 mm<\/strong> ist der <strong>Enduris 4<\/strong> perfekt f\u00fcr alle, die Stabilit\u00e4t, Komfort und ein treibendes Gef\u00fchl suchen. Egal, ob du auf den Trails l\u00e4ufst, trainierst oder versuchst, deine pers\u00f6nliche Bestzeit zu brechen, dieser Schuh ist die ideale Wahl, um jede Herausforderung mit Entschlossenheit zu meistern.<\/p>\n<p>Wer sich f\u00fcr den <strong>Enduris 4<\/strong> entscheidet, entscheidet sich f\u00fcr Spitzentechnologie, Nachhaltigkeit und maximalen Komfort. Es ist Zeit, an Ihre Grenzen zu gehen!<\/p>\n<div class=\"mt-6 pb-10 space-y-4\">\n<div class=\"flex gap-4 wrap gap-x-2 gap-y-6\"><\/div>\n<\/div>\n<div id=\"Benefits\" class=\"f-col b-t b-grey-70\" data-n-ids=\"{&quot;nUfccvMQCJy-0&quot;:&quot;nUfccvMQCJy-47&quot;}\" data-test-id=\"vf-accordion\"><\/div>\n<div class=\"text-sm fw-light\" data-test-id=\"vf-accordion-content\">\n<div class=\"pb-6 pt-2 text-sm c-grey-20\">\n<div class=\"group flex items-start gap-4\">\n<p><picture class=\"aspect-square w-full shrink-0\" data-test-id=\"base-picture\"><img loading=\"lazy\" decoding=\"async\" class=\"contain\" src=\"https:\/\/assets.thenorthface.eu\/image\/upload\/v1728567337\/benefit-icon-cushioned.webp\" alt=\"Ammortizzate\" width=\"74\" height=\"74\" \/><\/picture><\/p>\n<div class=\"grow space-y-1\">\n<p class=\"!title-5 fw-bold\">Gepolstert : Leichter Superschaum f\u00fcr unvergleichliche D\u00e4mpfung<\/p>\n<\/div>\n<\/div>\n<div class=\"group flex items-start gap-4\">\n<p><picture class=\"aspect-square w-full shrink-0\" data-test-id=\"base-picture\"><img loading=\"lazy\" decoding=\"async\" class=\"contain\" src=\"https:\/\/assets.thenorthface.eu\/image\/upload\/v1728567347\/benefit-icon-stability.webp\" alt=\"Stabili\" width=\"68\" height=\"68\" \/><\/picture><\/p>\n<div class=\"grow space-y-1\">\n<p class=\"!title-5 fw-bold\">Stabil: Die Fersenpositionierungstechnologie verbessert die Stabilit\u00e4t auf unebenem Gel\u00e4nde.<\/p>\n<\/div>\n<\/div>\n<div class=\"group flex items-start gap-4\">\n<p><picture class=\"aspect-square w-full shrink-0\" data-test-id=\"base-picture\"><img loading=\"lazy\" decoding=\"async\" class=\"contain\" src=\"https:\/\/assets.thenorthface.eu\/image\/upload\/v1728567340\/benefit-icon-grip_sole.webp\" alt=\"Suola antiscivolo\" width=\"77\" height=\"77\" \/><\/picture><\/p>\n<div class=\"grow space-y-1\">\n<p class=\"!title-5 fw-bold\">Rutschfeste Sohle: Gummimischungen bieten Grip, Haftung und Widerstand auf trockenen und nassen Oberfl\u00e4chen.<\/p>\n<\/div>\n<\/div>\n<div class=\"group flex items-start gap-4\">\n<p><picture class=\"aspect-square w-full shrink-0\" data-test-id=\"base-picture\"><img loading=\"lazy\" decoding=\"async\" class=\"contain\" src=\"https:\/\/assets.thenorthface.eu\/image\/upload\/v1728567334\/benefit-icon_technical_trail.avif\" alt=\"Percorsi trail tecnici\" width=\"68\" height=\"68\" \/><\/picture><\/p>\n<div class=\"grow space-y-1\">\n<p class=\"!title-5 fw-bold\">Technische Trails: Au\u00dfergew\u00f6hnliche Traktion und Schutz auf technischem Terrain.<\/p>\n<\/div>\n<\/div>\n<\/div>\n<\/div>\n<p><\/div><\/div><\/div>\n","protected":false},"excerpt":{"rendered":"<ul>\n<li>\u00a0Surface CTRL\u00ae<\/li>\n<li>VECTIV\u2122<\/li>\n<\/ul>\n","protected":false},"featured_media":410973,"template":"","meta":{"_acf_changed":false,"inline_featured_image":false},"product_brand":[],"product_cat":[6507,6504],"product_tag":[32390,32398],"class_list":{"0":"post-265479","1":"product","2":"type-product","3":"status-publish","4":"has-post-thumbnail","6":"product_cat-herren-schuhe-de","7":"product_cat-trail","8":"product_tag-the-north-face-de","9":"product_tag-the-north-face-herren","10":"pa_attivita-outdoor-de","11":"pa_attivita-trail-de","12":"pa_colore-enduris-4-fizz-lime-black","13":"pa_colore-enduris-4-hero-blue-sun-de","14":"pa_colore-enduris-4-high-rise-grey-de","15":"pa_colore-enduris-4-lava-red-calacata","16":"pa_marca-the-north-face-de","17":"pa_sesso-herren","18":"pa_size-40-5-de","19":"pa_size-41-de","20":"pa_size-42-de","21":"pa_size-42-5-de","22":"pa_size-43-de","23":"pa_size-44-de","24":"pa_size-44-5-de","25":"pa_size-45-de","26":"pa_size-45-5-de","27":"pa_size-46-de","29":"first","30":"instock","31":"sale","32":"taxable","33":"shipping-taxable","34":"purchasable","35":"product-type-variable","36":"wvs-archive-product-wrapper"},"acf":[],"yoast_head":"<!-- This site is optimized with the Yoast SEO plugin v26.8 - https:\/\/yoast.com\/product\/yoast-seo-wordpress\/ -->\n<title>The North Face Vectiv Enduris 4 herren - Trailschuhe f\u00fcr Herren - MioMioRun.com<\/title>\n<meta name=\"description\" content=\"Der Enduris 4 ist ein Performance-Schuh mit VECTIV\u2122 3.0-Technologie, fortschrittlicher D\u00e4mpfung f\u00fcr Komfort, Stabilit\u00e4t und Traktion auf jedem Terrain.\" \/>\n<meta name=\"robots\" content=\"index, follow, max-snippet:-1, max-image-preview:large, max-video-preview:-1\" \/>\n<link rel=\"canonical\" href=\"https:\/\/www.miomiorun.com\/de\/produkt\/vectiv-enduris-4-herren\/\" \/>\n<meta property=\"og:locale\" content=\"de_DE\" \/>\n<meta property=\"og:type\" content=\"article\" \/>\n<meta property=\"og:title\" content=\"The North Face Vectiv Enduris 4 herren - Trailschuhe f\u00fcr Herren - MioMioRun.com\" \/>\n<meta property=\"og:description\" content=\"Der Enduris 4 ist ein Performance-Schuh mit VECTIV\u2122 3.0-Technologie, fortschrittlicher D\u00e4mpfung f\u00fcr Komfort, Stabilit\u00e4t und Traktion auf jedem Terrain.\" \/>\n<meta property=\"og:url\" content=\"https:\/\/www.miomiorun.com\/de\/produkt\/vectiv-enduris-4-herren\/\" \/>\n<meta property=\"og:site_name\" content=\"MioMioRun\" \/>\n<meta property=\"article:publisher\" content=\"https:\/\/www.facebook.com\/miomiorun\/\" \/>\n<meta property=\"article:modified_time\" content=\"2026-05-08T20:38:04+00:00\" \/>\n<meta property=\"og:image\" content=\"https:\/\/www.miomiorun.com\/app\/uploads\/2026\/02\/the-north-face-ENDURIS-4-FIZZ-LIME-BLACK-NF0A8AEPWIT1.webp\" \/>\n\t<meta property=\"og:image:width\" content=\"720\" \/>\n\t<meta property=\"og:image:height\" content=\"720\" \/>\n\t<meta property=\"og:image:type\" content=\"image\/webp\" \/>\n<meta name=\"twitter:card\" content=\"summary_large_image\" \/>\n<meta name=\"twitter:label1\" content=\"Est. reading time\" \/>\n\t<meta name=\"twitter:data1\" content=\"3 minutes\" \/>\n<script type=\"application\/ld+json\" class=\"yoast-schema-graph\">{\"@context\":\"https:\/\/schema.org\",\"@graph\":[{\"@type\":\"WebPage\",\"@id\":\"https:\/\/www.miomiorun.com\/de\/produkt\/vectiv-enduris-4-herren\/\",\"url\":\"https:\/\/www.miomiorun.com\/de\/produkt\/vectiv-enduris-4-herren\/\",\"name\":\"The North Face Vectiv Enduris 4 herren - Trailschuhe f\u00fcr Herren - MioMioRun.com\",\"isPartOf\":{\"@id\":\"https:\/\/www.miomiorun.com\/de\/#website\"},\"primaryImageOfPage\":{\"@id\":\"https:\/\/www.miomiorun.com\/de\/produkt\/vectiv-enduris-4-herren\/#primaryimage\"},\"image\":{\"@id\":\"https:\/\/www.miomiorun.com\/de\/produkt\/vectiv-enduris-4-herren\/#primaryimage\"},\"thumbnailUrl\":\"https:\/\/www.miomiorun.com\/app\/uploads\/2026\/02\/the-north-face-ENDURIS-4-FIZZ-LIME-BLACK-NF0A8AEPWIT1.webp\",\"datePublished\":\"2025-03-17T15:58:33+00:00\",\"dateModified\":\"2026-05-08T20:38:04+00:00\",\"description\":\"Der Enduris 4 ist ein Performance-Schuh mit VECTIV\u2122 3.0-Technologie, fortschrittlicher D\u00e4mpfung f\u00fcr Komfort, Stabilit\u00e4t und Traktion auf jedem Terrain.\",\"breadcrumb\":{\"@id\":\"https:\/\/www.miomiorun.com\/de\/produkt\/vectiv-enduris-4-herren\/#breadcrumb\"},\"inLanguage\":\"de-DE\",\"potentialAction\":[{\"@type\":\"ReadAction\",\"target\":[\"https:\/\/www.miomiorun.com\/de\/produkt\/vectiv-enduris-4-herren\/\"]}]},{\"@type\":\"ImageObject\",\"inLanguage\":\"de-DE\",\"@id\":\"https:\/\/www.miomiorun.com\/de\/produkt\/vectiv-enduris-4-herren\/#primaryimage\",\"url\":\"https:\/\/www.miomiorun.com\/app\/uploads\/2026\/02\/the-north-face-ENDURIS-4-FIZZ-LIME-BLACK-NF0A8AEPWIT1.webp\",\"contentUrl\":\"https:\/\/www.miomiorun.com\/app\/uploads\/2026\/02\/the-north-face-ENDURIS-4-FIZZ-LIME-BLACK-NF0A8AEPWIT1.webp\",\"width\":720,\"height\":720,\"caption\":\"the north face ENDURIS 4 FIZZ LIME BLACK NF0A8AEPWIT1\"},{\"@type\":\"BreadcrumbList\",\"@id\":\"https:\/\/www.miomiorun.com\/de\/produkt\/vectiv-enduris-4-herren\/#breadcrumb\",\"itemListElement\":[{\"@type\":\"ListItem\",\"position\":1,\"name\":\"Home\",\"item\":\"https:\/\/www.miomiorun.com\/de\/\"},{\"@type\":\"ListItem\",\"position\":2,\"name\":\"Shop\",\"item\":\"https:\/\/www.miomiorun.com\/shop\/\"},{\"@type\":\"ListItem\",\"position\":3,\"name\":\"Vectiv Enduris 4 herren\"}]},{\"@type\":\"WebSite\",\"@id\":\"https:\/\/www.miomiorun.com\/de\/#website\",\"url\":\"https:\/\/www.miomiorun.com\/de\/\",\"name\":\"MioMioRun\",\"description\":\"100% Lauf- und Trailshop\",\"publisher\":{\"@id\":\"https:\/\/www.miomiorun.com\/de\/#organization\"},\"potentialAction\":[{\"@type\":\"SearchAction\",\"target\":{\"@type\":\"EntryPoint\",\"urlTemplate\":\"https:\/\/www.miomiorun.com\/de\/?s={search_term_string}\"},\"query-input\":{\"@type\":\"PropertyValueSpecification\",\"valueRequired\":true,\"valueName\":\"search_term_string\"}}],\"inLanguage\":\"de-DE\"},{\"@type\":\"Organization\",\"@id\":\"https:\/\/www.miomiorun.com\/de\/#organization\",\"name\":\"MioMio Run\",\"url\":\"https:\/\/www.miomiorun.com\/de\/\",\"logo\":{\"@type\":\"ImageObject\",\"inLanguage\":\"de-DE\",\"@id\":\"https:\/\/www.miomiorun.com\/de\/#\/schema\/logo\/image\/\",\"url\":\"https:\/\/www.miomiorun.com\/app\/uploads\/2019\/12\/logomio.png\",\"contentUrl\":\"https:\/\/www.miomiorun.com\/app\/uploads\/2019\/12\/logomio.png\",\"width\":115,\"height\":82,\"caption\":\"MioMio Run\"},\"image\":{\"@id\":\"https:\/\/www.miomiorun.com\/de\/#\/schema\/logo\/image\/\"},\"sameAs\":[\"https:\/\/www.facebook.com\/miomiorun\/\",\"https:\/\/www.instagram.com\/miomiorun\/\"]}]}<\/script>\n<!-- \/ Yoast SEO plugin. -->","yoast_head_json":{"title":"The North Face Vectiv Enduris 4 herren - Trailschuhe f\u00fcr Herren - MioMioRun.com","description":"Der Enduris 4 ist ein Performance-Schuh mit VECTIV\u2122 3.0-Technologie, fortschrittlicher D\u00e4mpfung f\u00fcr Komfort, Stabilit\u00e4t und Traktion auf jedem Terrain.","robots":{"index":"index","follow":"follow","max-snippet":"max-snippet:-1","max-image-preview":"max-image-preview:large","max-video-preview":"max-video-preview:-1"},"canonical":"https:\/\/www.miomiorun.com\/de\/produkt\/vectiv-enduris-4-herren\/","og_locale":"de_DE","og_type":"article","og_title":"The North Face Vectiv Enduris 4 herren - Trailschuhe f\u00fcr Herren - MioMioRun.com","og_description":"Der Enduris 4 ist ein Performance-Schuh mit VECTIV\u2122 3.0-Technologie, fortschrittlicher D\u00e4mpfung f\u00fcr Komfort, Stabilit\u00e4t und Traktion auf jedem Terrain.","og_url":"https:\/\/www.miomiorun.com\/de\/produkt\/vectiv-enduris-4-herren\/","og_site_name":"MioMioRun","article_publisher":"https:\/\/www.facebook.com\/miomiorun\/","article_modified_time":"2026-05-08T20:38:04+00:00","og_image":[{"width":720,"height":720,"url":"https:\/\/www.miomiorun.com\/app\/uploads\/2026\/02\/the-north-face-ENDURIS-4-FIZZ-LIME-BLACK-NF0A8AEPWIT1.webp","type":"image\/webp"}],"twitter_card":"summary_large_image","twitter_misc":{"Est. reading time":"3 minutes"},"schema":{"@context":"https:\/\/schema.org","@graph":[{"@type":"WebPage","@id":"https:\/\/www.miomiorun.com\/de\/produkt\/vectiv-enduris-4-herren\/","url":"https:\/\/www.miomiorun.com\/de\/produkt\/vectiv-enduris-4-herren\/","name":"The North Face Vectiv Enduris 4 herren - Trailschuhe f\u00fcr Herren - MioMioRun.com","isPartOf":{"@id":"https:\/\/www.miomiorun.com\/de\/#website"},"primaryImageOfPage":{"@id":"https:\/\/www.miomiorun.com\/de\/produkt\/vectiv-enduris-4-herren\/#primaryimage"},"image":{"@id":"https:\/\/www.miomiorun.com\/de\/produkt\/vectiv-enduris-4-herren\/#primaryimage"},"thumbnailUrl":"https:\/\/www.miomiorun.com\/app\/uploads\/2026\/02\/the-north-face-ENDURIS-4-FIZZ-LIME-BLACK-NF0A8AEPWIT1.webp","datePublished":"2025-03-17T15:58:33+00:00","dateModified":"2026-05-08T20:38:04+00:00","description":"Der Enduris 4 ist ein Performance-Schuh mit VECTIV\u2122 3.0-Technologie, fortschrittlicher D\u00e4mpfung f\u00fcr Komfort, Stabilit\u00e4t und Traktion auf jedem Terrain.","breadcrumb":{"@id":"https:\/\/www.miomiorun.com\/de\/produkt\/vectiv-enduris-4-herren\/#breadcrumb"},"inLanguage":"de-DE","potentialAction":[{"@type":"ReadAction","target":["https:\/\/www.miomiorun.com\/de\/produkt\/vectiv-enduris-4-herren\/"]}]},{"@type":"ImageObject","inLanguage":"de-DE","@id":"https:\/\/www.miomiorun.com\/de\/produkt\/vectiv-enduris-4-herren\/#primaryimage","url":"https:\/\/www.miomiorun.com\/app\/uploads\/2026\/02\/the-north-face-ENDURIS-4-FIZZ-LIME-BLACK-NF0A8AEPWIT1.webp","contentUrl":"https:\/\/www.miomiorun.com\/app\/uploads\/2026\/02\/the-north-face-ENDURIS-4-FIZZ-LIME-BLACK-NF0A8AEPWIT1.webp","width":720,"height":720,"caption":"the north face ENDURIS 4 FIZZ LIME BLACK NF0A8AEPWIT1"},{"@type":"BreadcrumbList","@id":"https:\/\/www.miomiorun.com\/de\/produkt\/vectiv-enduris-4-herren\/#breadcrumb","itemListElement":[{"@type":"ListItem","position":1,"name":"Home","item":"https:\/\/www.miomiorun.com\/de\/"},{"@type":"ListItem","position":2,"name":"Shop","item":"https:\/\/www.miomiorun.com\/shop\/"},{"@type":"ListItem","position":3,"name":"Vectiv Enduris 4 herren"}]},{"@type":"WebSite","@id":"https:\/\/www.miomiorun.com\/de\/#website","url":"https:\/\/www.miomiorun.com\/de\/","name":"MioMioRun","description":"100% Lauf- und Trailshop","publisher":{"@id":"https:\/\/www.miomiorun.com\/de\/#organization"},"potentialAction":[{"@type":"SearchAction","target":{"@type":"EntryPoint","urlTemplate":"https:\/\/www.miomiorun.com\/de\/?s={search_term_string}"},"query-input":{"@type":"PropertyValueSpecification","valueRequired":true,"valueName":"search_term_string"}}],"inLanguage":"de-DE"},{"@type":"Organization","@id":"https:\/\/www.miomiorun.com\/de\/#organization","name":"MioMio Run","url":"https:\/\/www.miomiorun.com\/de\/","logo":{"@type":"ImageObject","inLanguage":"de-DE","@id":"https:\/\/www.miomiorun.com\/de\/#\/schema\/logo\/image\/","url":"https:\/\/www.miomiorun.com\/app\/uploads\/2019\/12\/logomio.png","contentUrl":"https:\/\/www.miomiorun.com\/app\/uploads\/2019\/12\/logomio.png","width":115,"height":82,"caption":"MioMio Run"},"image":{"@id":"https:\/\/www.miomiorun.com\/de\/#\/schema\/logo\/image\/"},"sameAs":["https:\/\/www.facebook.com\/miomiorun\/","https:\/\/www.instagram.com\/miomiorun\/"]}]}},"_links":{"self":[{"href":"https:\/\/www.miomiorun.com\/de\/wp-json\/wp\/v2\/product\/265479","targetHints":{"allow":["GET"]}}],"collection":[{"href":"https:\/\/www.miomiorun.com\/de\/wp-json\/wp\/v2\/product"}],"about":[{"href":"https:\/\/www.miomiorun.com\/de\/wp-json\/wp\/v2\/types\/product"}],"wp:featuredmedia":[{"embeddable":true,"href":"https:\/\/www.miomiorun.com\/de\/wp-json\/wp\/v2\/media\/410973"}],"wp:attachment":[{"href":"https:\/\/www.miomiorun.com\/de\/wp-json\/wp\/v2\/media?parent=265479"}],"wp:term":[{"taxonomy":"product_brand","embeddable":true,"href":"https:\/\/www.miomiorun.com\/de\/wp-json\/wp\/v2\/product_brand?post=265479"},{"taxonomy":"product_cat","embeddable":true,"href":"https:\/\/www.miomiorun.com\/de\/wp-json\/wp\/v2\/product_cat?post=265479"},{"taxonomy":"product_tag","embeddable":true,"href":"https:\/\/www.miomiorun.com\/de\/wp-json\/wp\/v2\/product_tag?post=265479"}],"curies":[{"name":"wp","href":"https:\/\/api.w.org\/{rel}","templated":true}]}}