{"id":264902,"date":"2025-03-14T18:34:47","date_gmt":"2025-03-14T17:34:47","guid":{"rendered":"https:\/\/miomiorun.com\/?post_type=product&#038;p=264902"},"modified":"2026-05-08T22:37:32","modified_gmt":"2026-05-08T20:37:32","slug":"adizero-sl2-herren","status":"publish","type":"product","link":"https:\/\/www.miomiorun.com\/de\/produkt\/adizero-sl2-herren\/","title":{"rendered":"Adizero SL2 herren"},"content":{"rendered":"<div class=\"vc-row container\"><div class=\"vc-column\"><div class=\"vc-column-text\"><\/p>\n<p><strong>Technische Daten<\/strong><\/p>\n<p>Kategorie: reaktive D\u00e4mpfung<br \/>\nVersatz: 9 mm<br \/>\nGewicht: 238 g<br \/>\nIdeal f\u00fcr: L\u00e4ufer, die ein mittleres Modell suchen, das sich durch Leichtigkeit und Elastizit\u00e4t auszeichnet, f\u00fcr alle Laufdistanzen geeignet ist und die Reaktionsf\u00e4higkeit und eine gute D\u00e4mpfung zu sch\u00e4tzen wissen.<br \/>\nGewicht des Athleten: 60-80 kg<br \/>\nLauftempo: mittelschnell (3.30-5.00 min\/km)<br \/>\n<a href=\"https:\/\/miomiorun.com\/de\/leitfaden-fuer-technische-spezifikationen\/\">Spezifikationen<\/a><\/p>\n<p><\/div><\/div><div class=\"vc-column\"><div class=\"vc-column-text\"><\/p>\n<div class=\"text-content___13aRm\">\n<h3 class=\"subtitle___9ljbp\" style=\"text-align: center;\">Leichte Laufschuhe, die zum Teil aus recycelten Materialien hergestellt werden.<\/h3>\n<h2 class=\"gl-vspace\" style=\"text-align: center;\">Entdecke den Nervenkitzel, deine pers\u00f6nlichen Bestzeiten zu \u00fcbertreffen &#8211; mit Laufschuhen, die so schnell sind wie du selbst.<\/h2>\n<p class=\"gl-vspace\">Diese adidas <strong>adizero SL2<\/strong> Laufschuhe f\u00fcr M\u00e4nner verf\u00fcgen \u00fcber die reaktionsfreudige, leichte Lightstrike Pro-D\u00e4mpfung f\u00fcr unschlagbare Energier\u00fcckgabe und \u00fcberragende Geschwindigkeit. Das technische Mesh-Obermaterial bietet Atmungsaktivit\u00e4t und gezielte Unterst\u00fctzung, wo Sie es am meisten brauchen, um Ihnen zu helfen, die Ziellinie in einem Blitz zu bekommen. Dieses Produkt enth\u00e4lt mindestens 20% recycelte Materialien.<\/p>\n<p><strong>Eigenschaften:<\/strong><\/p>\n<ul class=\"gl-list\">\n<li class=\"gl-vspace-bpall-small\">Normale Passform<\/li>\n<li class=\"gl-vspace-bpall-small\">Schn\u00fcrverschluss<\/li>\n<li class=\"gl-vspace-bpall-small\">Obermaterial aus Mesh<\/li>\n<li class=\"gl-vspace-bpall-small\">Futter aus Stoff<\/li>\n<li class=\"gl-vspace-bpall-small\">Lightstrike Pro-D\u00e4mpfung<\/li>\n<li class=\"gl-vspace-bpall-small\">Gummi-Au\u00dfensohle<\/li>\n<\/ul>\n<h3>Technologie<\/h3>\n<div class=\"accordion__content___29x9h\">\n<div class=\"content-padding___2kVWQ\">\n<div class=\"technologies-section___3gZqW technologies-section--no-img___B_YZF\">\n<div class=\"technologies-content-container--no-img___wNKqW\">\n<h2 class=\"technologies-content-name___kkx_0\">LIGHTSTRIKE<\/h2>\n<div class=\"technologies-content-title___moWj6\"><strong>Leichtigkeit und Geschwindigkeit<\/strong><\/div>\n<p class=\"technologies-content-subtitle___2bGCf\">Ultraleichte Lightstrike-D\u00e4mpfung f\u00fcr ein h\u00f6heres Ma\u00df an Geschwindigkeit.<\/p>\n<p>&nbsp;<\/p>\n<\/div>\n<\/div>\n<\/div>\n<\/div>\n<\/div>\n<p><\/div><\/div><\/div>\n","protected":false},"excerpt":{"rendered":"<ul>\n<li>Leichter, schneller und reaktionsfreudiger Laufschuh.<\/li>\n<li>Ideal f\u00fcr L\u00e4ufer, die schnell laufen und sich selbst weiter pushen wollen.<\/li>\n<\/ul>\n","protected":false},"featured_media":429976,"template":"","meta":{"_acf_changed":false,"inline_featured_image":false},"product_brand":[],"product_cat":[6507,6506],"product_tag":[3403,6307],"class_list":{"0":"post-264902","1":"product","2":"type-product","3":"status-publish","4":"has-post-thumbnail","6":"product_cat-herren-schuhe-de","7":"product_cat-neutrale-herren-schuhe-de","8":"product_tag-adidas-de","9":"product_tag-adidas-herren-de","10":"pa_attivita-fitness-de","11":"pa_attivita-running-de","12":"pa_colore-adizero-sl-2-lucblu-ftwwht-de","13":"pa_colore-adizero-sl2-solblu-silvmt-dksolb","14":"pa_marca-adidas-de","15":"pa_sesso-herren","16":"pa_size-41-de","17":"pa_size-42-de","19":"pa_size-43-de","20":"pa_size-44-de","22":"pa_size-45-de","23":"pa_size-46-de","26":"first","27":"instock","28":"sale","29":"taxable","30":"shipping-taxable","31":"purchasable","32":"product-type-variable","33":"wvs-archive-product-wrapper"},"acf":[],"yoast_head":"<!-- This site is optimized with the Yoast SEO plugin v26.8 - https:\/\/yoast.com\/product\/yoast-seo-wordpress\/ -->\n<title>Adidas Adizero SL2 herren - Herren-Laufschuhe - MioMioRun<\/title>\n<meta name=\"description\" content=\"Diese adidas adizero SL2 Laufschuhe f\u00fcr M\u00e4nner verf\u00fcgen \u00fcber die reaktionsfreudige und ultraleichte Lightstrike Pro-D\u00e4mpfung f\u00fcr eine optimale Energier\u00fcckgabe.\" \/>\n<meta name=\"robots\" content=\"index, follow, max-snippet:-1, max-image-preview:large, max-video-preview:-1\" \/>\n<link rel=\"canonical\" href=\"https:\/\/www.miomiorun.com\/de\/produkt\/adizero-sl2-herren\/\" \/>\n<meta property=\"og:locale\" content=\"de_DE\" \/>\n<meta property=\"og:type\" content=\"article\" \/>\n<meta property=\"og:title\" content=\"Adidas Adizero SL2 herren - Herren-Laufschuhe - MioMioRun\" \/>\n<meta property=\"og:description\" content=\"Diese adidas adizero SL2 Laufschuhe f\u00fcr M\u00e4nner verf\u00fcgen \u00fcber die reaktionsfreudige und ultraleichte Lightstrike Pro-D\u00e4mpfung f\u00fcr eine optimale Energier\u00fcckgabe.\" \/>\n<meta property=\"og:url\" content=\"https:\/\/www.miomiorun.com\/de\/produkt\/adizero-sl2-herren\/\" \/>\n<meta property=\"og:site_name\" content=\"MioMioRun\" \/>\n<meta property=\"article:publisher\" content=\"https:\/\/www.facebook.com\/miomiorun\/\" \/>\n<meta property=\"article:modified_time\" content=\"2026-05-08T20:37:32+00:00\" \/>\n<meta property=\"og:image\" content=\"https:\/\/www.miomiorun.com\/app\/uploads\/2026\/04\/Adidas-Adizero-SL2-solblu-silvmt-dksolb-JQ3129.webp\" \/>\n\t<meta property=\"og:image:width\" content=\"720\" \/>\n\t<meta property=\"og:image:height\" content=\"720\" \/>\n\t<meta property=\"og:image:type\" content=\"image\/webp\" \/>\n<meta name=\"twitter:card\" content=\"summary_large_image\" \/>\n<meta name=\"twitter:label1\" content=\"Est. reading time\" \/>\n\t<meta name=\"twitter:data1\" content=\"2 minutes\" \/>\n<script type=\"application\/ld+json\" class=\"yoast-schema-graph\">{\"@context\":\"https:\/\/schema.org\",\"@graph\":[{\"@type\":\"WebPage\",\"@id\":\"https:\/\/www.miomiorun.com\/de\/produkt\/adizero-sl2-herren\/\",\"url\":\"https:\/\/www.miomiorun.com\/de\/produkt\/adizero-sl2-herren\/\",\"name\":\"Adidas Adizero SL2 herren - Herren-Laufschuhe - MioMioRun\",\"isPartOf\":{\"@id\":\"https:\/\/www.miomiorun.com\/de\/#website\"},\"primaryImageOfPage\":{\"@id\":\"https:\/\/www.miomiorun.com\/de\/produkt\/adizero-sl2-herren\/#primaryimage\"},\"image\":{\"@id\":\"https:\/\/www.miomiorun.com\/de\/produkt\/adizero-sl2-herren\/#primaryimage\"},\"thumbnailUrl\":\"https:\/\/www.miomiorun.com\/app\/uploads\/2026\/04\/Adidas-Adizero-SL2-solblu-silvmt-dksolb-JQ3129.webp\",\"datePublished\":\"2025-03-14T17:34:47+00:00\",\"dateModified\":\"2026-05-08T20:37:32+00:00\",\"description\":\"Diese adidas adizero SL2 Laufschuhe f\u00fcr M\u00e4nner verf\u00fcgen \u00fcber die reaktionsfreudige und ultraleichte Lightstrike Pro-D\u00e4mpfung f\u00fcr eine optimale Energier\u00fcckgabe.\",\"breadcrumb\":{\"@id\":\"https:\/\/www.miomiorun.com\/de\/produkt\/adizero-sl2-herren\/#breadcrumb\"},\"inLanguage\":\"de-DE\",\"potentialAction\":[{\"@type\":\"ReadAction\",\"target\":[\"https:\/\/www.miomiorun.com\/de\/produkt\/adizero-sl2-herren\/\"]}]},{\"@type\":\"ImageObject\",\"inLanguage\":\"de-DE\",\"@id\":\"https:\/\/www.miomiorun.com\/de\/produkt\/adizero-sl2-herren\/#primaryimage\",\"url\":\"https:\/\/www.miomiorun.com\/app\/uploads\/2026\/04\/Adidas-Adizero-SL2-solblu-silvmt-dksolb-JQ3129.webp\",\"contentUrl\":\"https:\/\/www.miomiorun.com\/app\/uploads\/2026\/04\/Adidas-Adizero-SL2-solblu-silvmt-dksolb-JQ3129.webp\",\"width\":720,\"height\":720,\"caption\":\"Adidas Adizero SL2 solblu silvmt dksolb JQ3129\"},{\"@type\":\"BreadcrumbList\",\"@id\":\"https:\/\/www.miomiorun.com\/de\/produkt\/adizero-sl2-herren\/#breadcrumb\",\"itemListElement\":[{\"@type\":\"ListItem\",\"position\":1,\"name\":\"Home\",\"item\":\"https:\/\/www.miomiorun.com\/de\/home-page\/\"},{\"@type\":\"ListItem\",\"position\":2,\"name\":\"Shop\",\"item\":\"https:\/\/www.miomiorun.com\/shop\/\"},{\"@type\":\"ListItem\",\"position\":3,\"name\":\"Adizero SL2 herren\"}]},{\"@type\":\"WebSite\",\"@id\":\"https:\/\/www.miomiorun.com\/de\/#website\",\"url\":\"https:\/\/www.miomiorun.com\/de\/\",\"name\":\"MioMioRun\",\"description\":\"100% Lauf- und Trailshop\",\"publisher\":{\"@id\":\"https:\/\/www.miomiorun.com\/de\/#organization\"},\"potentialAction\":[{\"@type\":\"SearchAction\",\"target\":{\"@type\":\"EntryPoint\",\"urlTemplate\":\"https:\/\/www.miomiorun.com\/de\/?s={search_term_string}\"},\"query-input\":{\"@type\":\"PropertyValueSpecification\",\"valueRequired\":true,\"valueName\":\"search_term_string\"}}],\"inLanguage\":\"de-DE\"},{\"@type\":\"Organization\",\"@id\":\"https:\/\/www.miomiorun.com\/de\/#organization\",\"name\":\"MioMio Run\",\"url\":\"https:\/\/www.miomiorun.com\/de\/\",\"logo\":{\"@type\":\"ImageObject\",\"inLanguage\":\"de-DE\",\"@id\":\"https:\/\/www.miomiorun.com\/de\/#\/schema\/logo\/image\/\",\"url\":\"https:\/\/www.miomiorun.com\/app\/uploads\/2019\/12\/logomio.png\",\"contentUrl\":\"https:\/\/www.miomiorun.com\/app\/uploads\/2019\/12\/logomio.png\",\"width\":115,\"height\":82,\"caption\":\"MioMio Run\"},\"image\":{\"@id\":\"https:\/\/www.miomiorun.com\/de\/#\/schema\/logo\/image\/\"},\"sameAs\":[\"https:\/\/www.facebook.com\/miomiorun\/\",\"https:\/\/www.instagram.com\/miomiorun\/\"]}]}<\/script>\n<!-- \/ Yoast SEO plugin. -->","yoast_head_json":{"title":"Adidas Adizero SL2 herren - Herren-Laufschuhe - MioMioRun","description":"Diese adidas adizero SL2 Laufschuhe f\u00fcr M\u00e4nner verf\u00fcgen \u00fcber die reaktionsfreudige und ultraleichte Lightstrike Pro-D\u00e4mpfung f\u00fcr eine optimale Energier\u00fcckgabe.","robots":{"index":"index","follow":"follow","max-snippet":"max-snippet:-1","max-image-preview":"max-image-preview:large","max-video-preview":"max-video-preview:-1"},"canonical":"https:\/\/www.miomiorun.com\/de\/produkt\/adizero-sl2-herren\/","og_locale":"de_DE","og_type":"article","og_title":"Adidas Adizero SL2 herren - Herren-Laufschuhe - MioMioRun","og_description":"Diese adidas adizero SL2 Laufschuhe f\u00fcr M\u00e4nner verf\u00fcgen \u00fcber die reaktionsfreudige und ultraleichte Lightstrike Pro-D\u00e4mpfung f\u00fcr eine optimale Energier\u00fcckgabe.","og_url":"https:\/\/www.miomiorun.com\/de\/produkt\/adizero-sl2-herren\/","og_site_name":"MioMioRun","article_publisher":"https:\/\/www.facebook.com\/miomiorun\/","article_modified_time":"2026-05-08T20:37:32+00:00","og_image":[{"width":720,"height":720,"url":"https:\/\/www.miomiorun.com\/app\/uploads\/2026\/04\/Adidas-Adizero-SL2-solblu-silvmt-dksolb-JQ3129.webp","type":"image\/webp"}],"twitter_card":"summary_large_image","twitter_misc":{"Est. reading time":"2 minutes"},"schema":{"@context":"https:\/\/schema.org","@graph":[{"@type":"WebPage","@id":"https:\/\/www.miomiorun.com\/de\/produkt\/adizero-sl2-herren\/","url":"https:\/\/www.miomiorun.com\/de\/produkt\/adizero-sl2-herren\/","name":"Adidas Adizero SL2 herren - Herren-Laufschuhe - MioMioRun","isPartOf":{"@id":"https:\/\/www.miomiorun.com\/de\/#website"},"primaryImageOfPage":{"@id":"https:\/\/www.miomiorun.com\/de\/produkt\/adizero-sl2-herren\/#primaryimage"},"image":{"@id":"https:\/\/www.miomiorun.com\/de\/produkt\/adizero-sl2-herren\/#primaryimage"},"thumbnailUrl":"https:\/\/www.miomiorun.com\/app\/uploads\/2026\/04\/Adidas-Adizero-SL2-solblu-silvmt-dksolb-JQ3129.webp","datePublished":"2025-03-14T17:34:47+00:00","dateModified":"2026-05-08T20:37:32+00:00","description":"Diese adidas adizero SL2 Laufschuhe f\u00fcr M\u00e4nner verf\u00fcgen \u00fcber die reaktionsfreudige und ultraleichte Lightstrike Pro-D\u00e4mpfung f\u00fcr eine optimale Energier\u00fcckgabe.","breadcrumb":{"@id":"https:\/\/www.miomiorun.com\/de\/produkt\/adizero-sl2-herren\/#breadcrumb"},"inLanguage":"de-DE","potentialAction":[{"@type":"ReadAction","target":["https:\/\/www.miomiorun.com\/de\/produkt\/adizero-sl2-herren\/"]}]},{"@type":"ImageObject","inLanguage":"de-DE","@id":"https:\/\/www.miomiorun.com\/de\/produkt\/adizero-sl2-herren\/#primaryimage","url":"https:\/\/www.miomiorun.com\/app\/uploads\/2026\/04\/Adidas-Adizero-SL2-solblu-silvmt-dksolb-JQ3129.webp","contentUrl":"https:\/\/www.miomiorun.com\/app\/uploads\/2026\/04\/Adidas-Adizero-SL2-solblu-silvmt-dksolb-JQ3129.webp","width":720,"height":720,"caption":"Adidas Adizero SL2 solblu silvmt dksolb JQ3129"},{"@type":"BreadcrumbList","@id":"https:\/\/www.miomiorun.com\/de\/produkt\/adizero-sl2-herren\/#breadcrumb","itemListElement":[{"@type":"ListItem","position":1,"name":"Home","item":"https:\/\/www.miomiorun.com\/de\/home-page\/"},{"@type":"ListItem","position":2,"name":"Shop","item":"https:\/\/www.miomiorun.com\/shop\/"},{"@type":"ListItem","position":3,"name":"Adizero SL2 herren"}]},{"@type":"WebSite","@id":"https:\/\/www.miomiorun.com\/de\/#website","url":"https:\/\/www.miomiorun.com\/de\/","name":"MioMioRun","description":"100% Lauf- und Trailshop","publisher":{"@id":"https:\/\/www.miomiorun.com\/de\/#organization"},"potentialAction":[{"@type":"SearchAction","target":{"@type":"EntryPoint","urlTemplate":"https:\/\/www.miomiorun.com\/de\/?s={search_term_string}"},"query-input":{"@type":"PropertyValueSpecification","valueRequired":true,"valueName":"search_term_string"}}],"inLanguage":"de-DE"},{"@type":"Organization","@id":"https:\/\/www.miomiorun.com\/de\/#organization","name":"MioMio Run","url":"https:\/\/www.miomiorun.com\/de\/","logo":{"@type":"ImageObject","inLanguage":"de-DE","@id":"https:\/\/www.miomiorun.com\/de\/#\/schema\/logo\/image\/","url":"https:\/\/www.miomiorun.com\/app\/uploads\/2019\/12\/logomio.png","contentUrl":"https:\/\/www.miomiorun.com\/app\/uploads\/2019\/12\/logomio.png","width":115,"height":82,"caption":"MioMio Run"},"image":{"@id":"https:\/\/www.miomiorun.com\/de\/#\/schema\/logo\/image\/"},"sameAs":["https:\/\/www.facebook.com\/miomiorun\/","https:\/\/www.instagram.com\/miomiorun\/"]}]}},"_links":{"self":[{"href":"https:\/\/www.miomiorun.com\/de\/wp-json\/wp\/v2\/product\/264902","targetHints":{"allow":["GET"]}}],"collection":[{"href":"https:\/\/www.miomiorun.com\/de\/wp-json\/wp\/v2\/product"}],"about":[{"href":"https:\/\/www.miomiorun.com\/de\/wp-json\/wp\/v2\/types\/product"}],"wp:featuredmedia":[{"embeddable":true,"href":"https:\/\/www.miomiorun.com\/de\/wp-json\/wp\/v2\/media\/429976"}],"wp:attachment":[{"href":"https:\/\/www.miomiorun.com\/de\/wp-json\/wp\/v2\/media?parent=264902"}],"wp:term":[{"taxonomy":"product_brand","embeddable":true,"href":"https:\/\/www.miomiorun.com\/de\/wp-json\/wp\/v2\/product_brand?post=264902"},{"taxonomy":"product_cat","embeddable":true,"href":"https:\/\/www.miomiorun.com\/de\/wp-json\/wp\/v2\/product_cat?post=264902"},{"taxonomy":"product_tag","embeddable":true,"href":"https:\/\/www.miomiorun.com\/de\/wp-json\/wp\/v2\/product_tag?post=264902"}],"curies":[{"name":"wp","href":"https:\/\/api.w.org\/{rel}","templated":true}]}}