{"id":264472,"date":"2025-03-13T19:14:40","date_gmt":"2025-03-13T18:14:40","guid":{"rendered":"https:\/\/miomiorun.com\/?post_type=product&#038;p=264472"},"modified":"2026-05-08T22:37:41","modified_gmt":"2026-05-08T20:37:41","slug":"adizero-distancestar","status":"publish","type":"product","link":"https:\/\/www.miomiorun.com\/de\/produkt\/adizero-distancestar\/","title":{"rendered":"Adizero Distancestar"},"content":{"rendered":"<p><div class=\"vc-row container\"><div class=\"vc-column\"><div class=\"vc-column-text\"><\/p>\n<h4>Technische Daten<\/h4>\n<p>Kategorie: Leichtathletikschuh f\u00fcr mittlere Distanzen<br \/>\nOffset: 2 mm (Ferse: 17 mm \/ Vorfu\u00df: 15 mm)<br \/>\nGewicht: 177 g<br \/>\nIdeal f\u00fcr: schnelle Athleten und f\u00fcr das Renntraining, seine innovative und reaktionsfreudige D\u00e4mpfung wird Sie schneller machen und Sie auf das Podium bringen.<br \/>\nGewicht des Athleten: &lt; 70 kg<br \/>\nLauftempo: &lt; 4.00 min\/km<br \/>\n<a href=\"https:\/\/miomiorun.com\/de\/leitfaden-fuer-technische-spezifikationen\/\">Spezifikation<\/a><\/p>\n<p><\/div><\/div><div class=\"vc-column\"><div class=\"vc-column-text\">Liebe Sportlerinnen und Sportler, heute stelle ich Ihnen einen Schuh vor, der nicht nur ein Accessoire, sondern ein echtes Leistungsinstrument ist: die adizero Distancestar Schuhe.<\/p>\n<p>Stellen Sie sich vor, Sie stehen an der Startlinie: Die Spannung steigt, Ihr Atem wird tiefer und Ihr Gedanke ist nur noch einer: zu gewinnen. Aber was brauchen Sie daf\u00fcr? Einen Schuh, der dir sowohl Geschwindigkeit als auch Leistung bietet. Hier ist der adizero Distancestar genau das Richtige f\u00fcr dich.<\/p>\n<p>Diese leichten Schuhe sind mit einer Stollensohle ausgestattet, die f\u00fcr au\u00dfergew\u00f6hnlichen Grip sorgt und dir auf der Strecke einen Vorsprung verschafft. Das bedeutet, dass jeder Schritt sicherer, stabiler und schneller ist, so dass Sie mit vollem Vertrauen beschleunigen k\u00f6nnen. Jede Hundertstelsekunde z\u00e4hlt, und mit diesen Schuhen sind Sie immer einen Schritt voraus.<\/p>\n<p>Das Obermaterial aus atmungsaktivem Synthetikmaterial sorgt f\u00fcr unvergleichlichen Komfort bei den intensivsten Sprints oder den l\u00e4ngsten Rennen, so dass Sie Ihre Konzentration aufrechterhalten k\u00f6nnen, ohne jemals an schmerzende F\u00fc\u00dfe zu denken. Die regul\u00e4re Passform und der Schn\u00fcrverschluss sorgen f\u00fcr eine perfekte Passform, so dass Sie das Gef\u00fchl haben, die Schuhe seien ein Teil Ihres K\u00f6rpers, eine unsichtbare, aber unverzichtbare St\u00fctze.<\/p>\n<p>Aber es geht nicht nur um Leistung. Die adizero Distancestar werden aus mindestens 20 % recycelten Materialien hergestellt &#8211; ein Bekenntnis zu einer nachhaltigeren Zukunft. Die Verringerung von Abfall und Umweltbelastung ist nicht nur eine kluge Entscheidung, sondern auch eine Verantwortung, die du mit diesen Schuhen selbst \u00fcbernehmen kannst.<\/p>\n<p>Jedes Detail des adizero Distancestar wurde entwickelt, um dich dem Sieg einen Schritt n\u00e4her zu bringen. Sie sind mehr als nur ein Accessoire: Sie sind dein idealer Begleiter auf dem Weg zum Erfolg. Wenn du Lust hast, jeden Rekord zu brechen, sind diese Schuhe bereit, es mit dir zu tun. \u00dcbernimm die Kontrolle \u00fcber dein Rennen und fang an zu gewinnen.<\/p>\n<p>&nbsp;<\/p>\n<div class=\"accordion__content___29x9h\">\n<div class=\"content-padding___2kVWQ\">\n<div class=\"features-section___1pumR\">\n<div class=\"item___1X-1_\">\n<p><img decoding=\"async\" class=\"img_with_fallback___2aHBu feature-icon___3S9eQ\" src=\"https:\/\/brand.assets.adidas.com\/image\/upload\/racing_2ad458e885.png\" srcset=\"\" alt=\"\" data-auto-id=\"image\" \/><\/p>\n<p class=\"feature-icon-text___3Owgv\">Rennen<\/p>\n<\/div>\n<div class=\"item___1X-1_\">\n<p><img decoding=\"async\" class=\"img_with_fallback___2aHBu feature-icon___3S9eQ\" src=\"https:\/\/brand.assets.adidas.com\/image\/upload\/neutral_16b16d1637.png\" srcset=\"\" alt=\"\" data-auto-id=\"image\" \/><\/p>\n<p class=\"feature-icon-text___3Owgv\">Neutral<\/p>\n<p class=\"feature-icon-summary-small___31Rc0\">\n<\/div>\n<div class=\"item___1X-1_\">\n<p><img decoding=\"async\" class=\"img_with_fallback___2aHBu feature-icon___3S9eQ\" src=\"https:\/\/brand.assets.adidas.com\/image\/upload\/regular_a176d1f2d6.png\" srcset=\"\" alt=\"\" data-auto-id=\"image\" \/><\/p>\n<p class=\"feature-icon-text___3Owgv\">Normale Passform Unisex<\/p>\n<\/div>\n<div class=\"special-item___2Ohsx\">\n<p class=\"feature-icon-summary-small___31Rc0\">\n<\/div>\n<\/div>\n<\/div>\n<\/div>\n<p><\/div><\/div><\/div><div class=\"vc-row container\"><div class=\"vc-column\"><div class=\"vc-column-text\"><\/p>\n<div style=\"width: 720px;\" class=\"wp-video\"><video class=\"wp-video-shortcode\" id=\"video-264472-1\" width=\"720\" height=\"720\" loop autoplay preload=\"metadata\" controls=\"controls\"><source type=\"video\/webm\" src=\"https:\/\/miomiorun.com\/wp-content\/uploads\/2025\/03\/Scarpe_adizero_Distancestar_Nero__video-1.webm?_=1\" \/><a href=\"https:\/\/miomiorun.com\/wp-content\/uploads\/2025\/03\/Scarpe_adizero_Distancestar_Nero__video-1.webm\">https:\/\/miomiorun.com\/wp-content\/uploads\/2025\/03\/Scarpe_adizero_Distancestar_Nero__video-1.webm<\/a><\/video><\/div>\n<p><\/div><\/div><\/div><div class=\"vc-row container\"><div class=\"vc-column\"><div style=\"height:32px\" class=\"vc-empty-space\"><\/div><\/div><\/div><\/p>\n","protected":false},"excerpt":{"rendered":"<ul class=\"m-long-description__features\">\n<li class=\"m-long-description__feature\">Ultraleichter und reaktionsschneller<\/li>\n<li class=\"m-long-description__feature\">Fast-Rennschuh<\/li>\n<\/ul>\n","protected":false},"featured_media":264814,"template":"","meta":{"_acf_changed":false,"inline_featured_image":false},"product_brand":[],"product_cat":[6507,6506,6474,6475],"product_tag":[3403,6309,6307],"class_list":{"0":"post-264472","1":"product","2":"type-product","3":"status-publish","4":"has-post-thumbnail","6":"product_cat-herren-schuhe-de","7":"product_cat-neutrale-herren-schuhe-de","8":"product_cat-damenschuhe","9":"product_cat-neutral","10":"product_tag-adidas-de","11":"product_tag-adidas-damen-de","12":"product_tag-adidas-herren-de","13":"pa_attivita-running-de","14":"pa_colore-distancestar-ftwwht-luor-lucre-de","15":"pa_colore-distancestar-luclem-cblack-halsil-de","16":"pa_marca-adidas-de","17":"pa_sesso-herren","18":"pa_size-41-de","19":"pa_size-42-de","21":"pa_size-43-de","22":"pa_size-44-de","24":"pa_size-45-de","25":"pa_size-46-de","28":"first","29":"instock","30":"sale","31":"taxable","32":"shipping-taxable","33":"purchasable","34":"product-type-variable","35":"wvs-archive-product-wrapper"},"acf":[],"yoast_head":"<!-- This site is optimized with the Yoast SEO plugin v26.8 - https:\/\/yoast.com\/product\/yoast-seo-wordpress\/ -->\n<title>Adidas Adizero Distancestar - Laufschuhe - MioMioRun<\/title>\n<meta name=\"description\" content=\"Der Adizero Distancestar kombiniert Leichtigkeit, Grip und Komfort, um die Leistung auf der Rennstrecke zu maximieren - und das alles mit einem nachhaltigen Design\" \/>\n<meta name=\"robots\" content=\"index, follow, max-snippet:-1, max-image-preview:large, max-video-preview:-1\" \/>\n<link rel=\"canonical\" href=\"https:\/\/www.miomiorun.com\/de\/produkt\/adizero-distancestar\/\" \/>\n<meta property=\"og:locale\" content=\"de_DE\" \/>\n<meta property=\"og:type\" content=\"article\" \/>\n<meta property=\"og:title\" content=\"Adidas Adizero Distancestar - Laufschuhe - MioMioRun\" \/>\n<meta property=\"og:description\" content=\"Der Adizero Distancestar kombiniert Leichtigkeit, Grip und Komfort, um die Leistung auf der Rennstrecke zu maximieren - und das alles mit einem nachhaltigen Design\" \/>\n<meta property=\"og:url\" content=\"https:\/\/www.miomiorun.com\/de\/produkt\/adizero-distancestar\/\" \/>\n<meta property=\"og:site_name\" content=\"MioMioRun\" \/>\n<meta property=\"article:publisher\" content=\"https:\/\/www.facebook.com\/miomiorun\/\" \/>\n<meta property=\"article:modified_time\" content=\"2026-05-08T20:37:41+00:00\" \/>\n<meta property=\"og:image\" content=\"https:\/\/www.miomiorun.com\/app\/uploads\/2025\/03\/adidas-Distancestar-luclem-cblack-halsil-IF9390.webp\" \/>\n\t<meta property=\"og:image:width\" content=\"600\" \/>\n\t<meta property=\"og:image:height\" content=\"600\" \/>\n\t<meta property=\"og:image:type\" content=\"image\/webp\" \/>\n<meta name=\"twitter:card\" content=\"summary_large_image\" \/>\n<meta name=\"twitter:label1\" content=\"Est. reading time\" \/>\n\t<meta name=\"twitter:data1\" content=\"2 minutes\" \/>\n<script type=\"application\/ld+json\" class=\"yoast-schema-graph\">{\"@context\":\"https:\/\/schema.org\",\"@graph\":[{\"@type\":\"WebPage\",\"@id\":\"https:\/\/www.miomiorun.com\/de\/produkt\/adizero-distancestar\/\",\"url\":\"https:\/\/www.miomiorun.com\/de\/produkt\/adizero-distancestar\/\",\"name\":\"Adidas Adizero Distancestar - Laufschuhe - MioMioRun\",\"isPartOf\":{\"@id\":\"https:\/\/www.miomiorun.com\/de\/#website\"},\"primaryImageOfPage\":{\"@id\":\"https:\/\/www.miomiorun.com\/de\/produkt\/adizero-distancestar\/#primaryimage\"},\"image\":{\"@id\":\"https:\/\/www.miomiorun.com\/de\/produkt\/adizero-distancestar\/#primaryimage\"},\"thumbnailUrl\":\"https:\/\/www.miomiorun.com\/app\/uploads\/2025\/03\/adidas-Distancestar-luclem-cblack-halsil-IF9390.webp\",\"datePublished\":\"2025-03-13T18:14:40+00:00\",\"dateModified\":\"2026-05-08T20:37:41+00:00\",\"description\":\"Der Adizero Distancestar kombiniert Leichtigkeit, Grip und Komfort, um die Leistung auf der Rennstrecke zu maximieren - und das alles mit einem nachhaltigen Design\",\"breadcrumb\":{\"@id\":\"https:\/\/www.miomiorun.com\/de\/produkt\/adizero-distancestar\/#breadcrumb\"},\"inLanguage\":\"de-DE\",\"potentialAction\":[{\"@type\":\"ReadAction\",\"target\":[\"https:\/\/www.miomiorun.com\/de\/produkt\/adizero-distancestar\/\"]}]},{\"@type\":\"ImageObject\",\"inLanguage\":\"de-DE\",\"@id\":\"https:\/\/www.miomiorun.com\/de\/produkt\/adizero-distancestar\/#primaryimage\",\"url\":\"https:\/\/www.miomiorun.com\/app\/uploads\/2025\/03\/adidas-Distancestar-luclem-cblack-halsil-IF9390.webp\",\"contentUrl\":\"https:\/\/www.miomiorun.com\/app\/uploads\/2025\/03\/adidas-Distancestar-luclem-cblack-halsil-IF9390.webp\",\"width\":600,\"height\":600,\"caption\":\"adidas Distancestar luclem cblack halsil IF9390\"},{\"@type\":\"BreadcrumbList\",\"@id\":\"https:\/\/www.miomiorun.com\/de\/produkt\/adizero-distancestar\/#breadcrumb\",\"itemListElement\":[{\"@type\":\"ListItem\",\"position\":1,\"name\":\"Home\",\"item\":\"https:\/\/www.miomiorun.com\/de\/\"},{\"@type\":\"ListItem\",\"position\":2,\"name\":\"Shop\",\"item\":\"https:\/\/www.miomiorun.com\/shop\/\"},{\"@type\":\"ListItem\",\"position\":3,\"name\":\"Adizero Distancestar\"}]},{\"@type\":\"WebSite\",\"@id\":\"https:\/\/www.miomiorun.com\/de\/#website\",\"url\":\"https:\/\/www.miomiorun.com\/de\/\",\"name\":\"MioMioRun\",\"description\":\"100% Lauf- und Trailshop\",\"publisher\":{\"@id\":\"https:\/\/www.miomiorun.com\/de\/#organization\"},\"potentialAction\":[{\"@type\":\"SearchAction\",\"target\":{\"@type\":\"EntryPoint\",\"urlTemplate\":\"https:\/\/www.miomiorun.com\/de\/?s={search_term_string}\"},\"query-input\":{\"@type\":\"PropertyValueSpecification\",\"valueRequired\":true,\"valueName\":\"search_term_string\"}}],\"inLanguage\":\"de-DE\"},{\"@type\":\"Organization\",\"@id\":\"https:\/\/www.miomiorun.com\/de\/#organization\",\"name\":\"MioMio Run\",\"url\":\"https:\/\/www.miomiorun.com\/de\/\",\"logo\":{\"@type\":\"ImageObject\",\"inLanguage\":\"de-DE\",\"@id\":\"https:\/\/www.miomiorun.com\/de\/#\/schema\/logo\/image\/\",\"url\":\"https:\/\/www.miomiorun.com\/app\/uploads\/2019\/12\/logomio.png\",\"contentUrl\":\"https:\/\/www.miomiorun.com\/app\/uploads\/2019\/12\/logomio.png\",\"width\":115,\"height\":82,\"caption\":\"MioMio Run\"},\"image\":{\"@id\":\"https:\/\/www.miomiorun.com\/de\/#\/schema\/logo\/image\/\"},\"sameAs\":[\"https:\/\/www.facebook.com\/miomiorun\/\",\"https:\/\/www.instagram.com\/miomiorun\/\"]}]}<\/script>\n<!-- \/ Yoast SEO plugin. -->","yoast_head_json":{"title":"Adidas Adizero Distancestar - Laufschuhe - MioMioRun","description":"Der Adizero Distancestar kombiniert Leichtigkeit, Grip und Komfort, um die Leistung auf der Rennstrecke zu maximieren - und das alles mit einem nachhaltigen Design","robots":{"index":"index","follow":"follow","max-snippet":"max-snippet:-1","max-image-preview":"max-image-preview:large","max-video-preview":"max-video-preview:-1"},"canonical":"https:\/\/www.miomiorun.com\/de\/produkt\/adizero-distancestar\/","og_locale":"de_DE","og_type":"article","og_title":"Adidas Adizero Distancestar - Laufschuhe - MioMioRun","og_description":"Der Adizero Distancestar kombiniert Leichtigkeit, Grip und Komfort, um die Leistung auf der Rennstrecke zu maximieren - und das alles mit einem nachhaltigen Design","og_url":"https:\/\/www.miomiorun.com\/de\/produkt\/adizero-distancestar\/","og_site_name":"MioMioRun","article_publisher":"https:\/\/www.facebook.com\/miomiorun\/","article_modified_time":"2026-05-08T20:37:41+00:00","og_image":[{"width":600,"height":600,"url":"https:\/\/www.miomiorun.com\/app\/uploads\/2025\/03\/adidas-Distancestar-luclem-cblack-halsil-IF9390.webp","type":"image\/webp"}],"twitter_card":"summary_large_image","twitter_misc":{"Est. reading time":"2 minutes"},"schema":{"@context":"https:\/\/schema.org","@graph":[{"@type":"WebPage","@id":"https:\/\/www.miomiorun.com\/de\/produkt\/adizero-distancestar\/","url":"https:\/\/www.miomiorun.com\/de\/produkt\/adizero-distancestar\/","name":"Adidas Adizero Distancestar - Laufschuhe - MioMioRun","isPartOf":{"@id":"https:\/\/www.miomiorun.com\/de\/#website"},"primaryImageOfPage":{"@id":"https:\/\/www.miomiorun.com\/de\/produkt\/adizero-distancestar\/#primaryimage"},"image":{"@id":"https:\/\/www.miomiorun.com\/de\/produkt\/adizero-distancestar\/#primaryimage"},"thumbnailUrl":"https:\/\/www.miomiorun.com\/app\/uploads\/2025\/03\/adidas-Distancestar-luclem-cblack-halsil-IF9390.webp","datePublished":"2025-03-13T18:14:40+00:00","dateModified":"2026-05-08T20:37:41+00:00","description":"Der Adizero Distancestar kombiniert Leichtigkeit, Grip und Komfort, um die Leistung auf der Rennstrecke zu maximieren - und das alles mit einem nachhaltigen Design","breadcrumb":{"@id":"https:\/\/www.miomiorun.com\/de\/produkt\/adizero-distancestar\/#breadcrumb"},"inLanguage":"de-DE","potentialAction":[{"@type":"ReadAction","target":["https:\/\/www.miomiorun.com\/de\/produkt\/adizero-distancestar\/"]}]},{"@type":"ImageObject","inLanguage":"de-DE","@id":"https:\/\/www.miomiorun.com\/de\/produkt\/adizero-distancestar\/#primaryimage","url":"https:\/\/www.miomiorun.com\/app\/uploads\/2025\/03\/adidas-Distancestar-luclem-cblack-halsil-IF9390.webp","contentUrl":"https:\/\/www.miomiorun.com\/app\/uploads\/2025\/03\/adidas-Distancestar-luclem-cblack-halsil-IF9390.webp","width":600,"height":600,"caption":"adidas Distancestar luclem cblack halsil IF9390"},{"@type":"BreadcrumbList","@id":"https:\/\/www.miomiorun.com\/de\/produkt\/adizero-distancestar\/#breadcrumb","itemListElement":[{"@type":"ListItem","position":1,"name":"Home","item":"https:\/\/www.miomiorun.com\/de\/"},{"@type":"ListItem","position":2,"name":"Shop","item":"https:\/\/www.miomiorun.com\/shop\/"},{"@type":"ListItem","position":3,"name":"Adizero Distancestar"}]},{"@type":"WebSite","@id":"https:\/\/www.miomiorun.com\/de\/#website","url":"https:\/\/www.miomiorun.com\/de\/","name":"MioMioRun","description":"100% Lauf- und Trailshop","publisher":{"@id":"https:\/\/www.miomiorun.com\/de\/#organization"},"potentialAction":[{"@type":"SearchAction","target":{"@type":"EntryPoint","urlTemplate":"https:\/\/www.miomiorun.com\/de\/?s={search_term_string}"},"query-input":{"@type":"PropertyValueSpecification","valueRequired":true,"valueName":"search_term_string"}}],"inLanguage":"de-DE"},{"@type":"Organization","@id":"https:\/\/www.miomiorun.com\/de\/#organization","name":"MioMio Run","url":"https:\/\/www.miomiorun.com\/de\/","logo":{"@type":"ImageObject","inLanguage":"de-DE","@id":"https:\/\/www.miomiorun.com\/de\/#\/schema\/logo\/image\/","url":"https:\/\/www.miomiorun.com\/app\/uploads\/2019\/12\/logomio.png","contentUrl":"https:\/\/www.miomiorun.com\/app\/uploads\/2019\/12\/logomio.png","width":115,"height":82,"caption":"MioMio Run"},"image":{"@id":"https:\/\/www.miomiorun.com\/de\/#\/schema\/logo\/image\/"},"sameAs":["https:\/\/www.facebook.com\/miomiorun\/","https:\/\/www.instagram.com\/miomiorun\/"]}]}},"_links":{"self":[{"href":"https:\/\/www.miomiorun.com\/de\/wp-json\/wp\/v2\/product\/264472","targetHints":{"allow":["GET"]}}],"collection":[{"href":"https:\/\/www.miomiorun.com\/de\/wp-json\/wp\/v2\/product"}],"about":[{"href":"https:\/\/www.miomiorun.com\/de\/wp-json\/wp\/v2\/types\/product"}],"wp:featuredmedia":[{"embeddable":true,"href":"https:\/\/www.miomiorun.com\/de\/wp-json\/wp\/v2\/media\/264814"}],"wp:attachment":[{"href":"https:\/\/www.miomiorun.com\/de\/wp-json\/wp\/v2\/media?parent=264472"}],"wp:term":[{"taxonomy":"product_brand","embeddable":true,"href":"https:\/\/www.miomiorun.com\/de\/wp-json\/wp\/v2\/product_brand?post=264472"},{"taxonomy":"product_cat","embeddable":true,"href":"https:\/\/www.miomiorun.com\/de\/wp-json\/wp\/v2\/product_cat?post=264472"},{"taxonomy":"product_tag","embeddable":true,"href":"https:\/\/www.miomiorun.com\/de\/wp-json\/wp\/v2\/product_tag?post=264472"}],"curies":[{"name":"wp","href":"https:\/\/api.w.org\/{rel}","templated":true}]}}