{"id":261988,"date":"2025-03-07T10:14:09","date_gmt":"2025-03-07T09:14:09","guid":{"rendered":"https:\/\/miomiorun.com\/?post_type=product&#038;p=261988"},"modified":"2025-03-12T19:01:03","modified_gmt":"2025-03-12T18:01:03","slug":"mont-blanc-speed-damen","status":"publish","type":"product","link":"https:\/\/www.miomiorun.com\/de\/produkt\/mont-blanc-speed-damen\/","title":{"rendered":"Mont Blanc Speed damen"},"content":{"rendered":"<div class=\"vc-row container\"><div class=\"vc-column\"><div class=\"vc-column-text\"><\/p>\n<p><strong>Technische Daten<\/strong><\/p>\n<p>Kategorie: Top-D\u00e4mpfung<br \/>\nStack-H\u00f6he: 29 mm<br \/>\nOffset: 0 mm<br \/>\nGewicht: 232,5 g<br \/>\nIdeal f\u00fcr : Trailrunner und Bergwanderer, die ein leichtes, gut ged\u00e4mpftes und sch\u00fctzendes Modell suchen, das auch auf langen Strecken maximalen Komfort bietet.<br \/>\nGewicht des Athleten: 60-80 kg<br \/>\nLauftempo: mittelschnell (4.30-6.00 min\/km)<br \/>\n<a href=\"https:\/\/miomiorun.com\/de\/leitfaden-fuer-technische-spezifikationen\/\">Leitfaden f\u00fcr technische Daten<\/a><\/p>\n<p><\/div><\/div><div class=\"vc-column\"><div class=\"vc-column-text\">\u00dcberwinde alle Grenzen und nimm deine n\u00e4chste Trainingseinheit mit dem Mont Blanc Speed in Angriff. Dieser Schuh wurde f\u00fcr Trail-Enthusiasten entwickelt und erm\u00f6glicht es dir, dank der technischen Zwischensohle und der rutschfesten Au\u00dfensohle, mit absoluter Sicherheit durch die Trails zu st\u00fcrmen. Die leichte und reaktionsfreudige Zwischensohle mit einer Altra EGO\u2122 MAX-Zwischensohle und einem Altra EGO\u2122 PRO-Kern bietet unvergleichlichen Komfort und hervorragende Leistung, w\u00e4hrend das innovative Design f\u00fcr einen einzigartigen Schub bei jedem Schritt sorgt.<\/p>\n<p>Die Vibram\u00ae Litebase-Au\u00dfensohle reduziert das Gewicht, ohne die Haltbarkeit zu beeintr\u00e4chtigen, w\u00e4hrend das Vibram\u00ae Megagrip-Profil sowohl auf trockenem als auch auf nassem Untergrund exzellenten Grip bietet, so dass Sie alle Arten von Terrain mit Zuversicht angehen k\u00f6nnen. Der Zero Drop f\u00f6rdert eine nat\u00fcrliche Haltung und l\u00e4sst den Zehen Raum, sich frei zu bewegen, w\u00e4hrend die StoneGuard\u2122 TPU-Einlegesohle die Fu\u00dfsohle auf unebenem Terrain sch\u00fctzt. Dar\u00fcber hinaus machen unsichtbare N\u00e4hte und Details, die Leichtigkeit und Komfort verbessern, den Mont Blanc Speed zu einem idealen Modell f\u00fcr lange Traill\u00e4ufe.<\/p>\n<p><strong>Details zum Produkt<\/strong><\/p>\n<ul>\n<li><strong>Ideal f\u00fcr<\/strong>: technisches Trailrunning, ganzt\u00e4giges Trailrunning<\/li>\n<li><strong>Senkung<\/strong>: 0 mm<\/li>\n<li><strong>Obermaterial<\/strong>: ultraleicht und atmungsaktiv<\/li>\n<li><strong>Zwischensohle<\/strong>: Altra EGO\u2122 MAX (Rand) und Altra EGO\u2122 PRO (Kern)<\/li>\n<li><strong>Laufsohle<\/strong>: Vibram\u00ae Megagrip mit Litebase<\/li>\n<\/ul>\n<p>Mit dem Mont Blanc Speed erhalten Sie ultimative Leistung, Schutz und Komfort in einem Schuh. Sind Sie bereit, weiter zu gehen? Der Name l\u00fcgt nicht: Mont Blanc Speed ist Ihr idealer Partner f\u00fcr jeden Trail!<\/div><\/div><\/div>\n","protected":false},"excerpt":{"rendered":"<ul>\n<li>VIBRAM\u00ae MEGAGRIP\u2122<\/li>\n<li>EGOMAX<\/li>\n<li>ALTRA EGO\u2122 PRO<\/li>\n<li>Nat\u00fcrliche Passform<\/li>\n<li>Schutz des Fu\u00dfes vor Ablagerungen<\/li>\n<\/ul>\n","protected":false},"featured_media":264432,"template":"","meta":{"_acf_changed":false,"inline_featured_image":false},"product_brand":[],"product_cat":[6474,6491],"product_tag":[13805,13807],"class_list":{"0":"post-261988","1":"product","2":"type-product","3":"status-publish","4":"has-post-thumbnail","6":"product_cat-damenschuhe","7":"product_cat-damentrailschuhe","8":"product_tag-altra-de","9":"product_tag-altra-damen","10":"pa_attivita-trail-de","11":"pa_colore-mont-blanc-speed-w-black-lime-de","12":"pa_marca-altra-de","13":"pa_sesso-damen","14":"pa_size-38-5-de","15":"pa_size-39-de","16":"pa_size-40-de","17":"pa_size-41-de","19":"first","20":"instock","21":"sale","22":"taxable","23":"shipping-taxable","24":"purchasable","25":"product-type-variable","26":"wvs-archive-product-wrapper"},"acf":[],"yoast_head":"<!-- This site is optimized with the Yoast SEO plugin v26.8 - https:\/\/yoast.com\/product\/yoast-seo-wordpress\/ -->\n<title>Altra Mont Blanc Speed damen - Damen-Trail-Schuhe - MioMioRun.com<\/title>\n<meta name=\"description\" content=\"Der von den h\u00f6chsten Gipfeln der Alpen inspirierte Schuh, der Sie auf Langstreckenwanderungen begleiten wird, ist da. Mit einer Altra EGO\u2122 MAX Zwischensohle.\" \/>\n<meta name=\"robots\" content=\"index, follow, max-snippet:-1, max-image-preview:large, max-video-preview:-1\" \/>\n<link rel=\"canonical\" href=\"https:\/\/www.miomiorun.com\/de\/produkt\/mont-blanc-speed-damen\/\" \/>\n<meta property=\"og:locale\" content=\"de_DE\" \/>\n<meta property=\"og:type\" content=\"article\" \/>\n<meta property=\"og:title\" content=\"Altra Mont Blanc Speed damen - Damen-Trail-Schuhe - MioMioRun.com\" \/>\n<meta property=\"og:description\" content=\"Der von den h\u00f6chsten Gipfeln der Alpen inspirierte Schuh, der Sie auf Langstreckenwanderungen begleiten wird, ist da. Mit einer Altra EGO\u2122 MAX Zwischensohle.\" \/>\n<meta property=\"og:url\" content=\"https:\/\/www.miomiorun.com\/de\/produkt\/mont-blanc-speed-damen\/\" \/>\n<meta property=\"og:site_name\" content=\"MioMioRun\" \/>\n<meta property=\"article:publisher\" content=\"https:\/\/www.facebook.com\/miomiorun\/\" \/>\n<meta property=\"article:modified_time\" content=\"2025-03-12T18:01:03+00:00\" \/>\n<meta property=\"og:image\" content=\"https:\/\/www.miomiorun.com\/app\/uploads\/2025\/03\/altra-Mont-Blanc-Speed-W-black-lime-AL0A85S00311.webp\" \/>\n\t<meta property=\"og:image:width\" content=\"600\" \/>\n\t<meta property=\"og:image:height\" content=\"600\" \/>\n\t<meta property=\"og:image:type\" content=\"image\/webp\" \/>\n<meta name=\"twitter:card\" content=\"summary_large_image\" \/>\n<meta name=\"twitter:label1\" content=\"Est. reading time\" \/>\n\t<meta name=\"twitter:data1\" content=\"2 minutes\" \/>\n<script type=\"application\/ld+json\" class=\"yoast-schema-graph\">{\"@context\":\"https:\/\/schema.org\",\"@graph\":[{\"@type\":\"WebPage\",\"@id\":\"https:\/\/www.miomiorun.com\/de\/produkt\/mont-blanc-speed-damen\/\",\"url\":\"https:\/\/www.miomiorun.com\/de\/produkt\/mont-blanc-speed-damen\/\",\"name\":\"Altra Mont Blanc Speed damen - Damen-Trail-Schuhe - MioMioRun.com\",\"isPartOf\":{\"@id\":\"https:\/\/www.miomiorun.com\/de\/#website\"},\"primaryImageOfPage\":{\"@id\":\"https:\/\/www.miomiorun.com\/de\/produkt\/mont-blanc-speed-damen\/#primaryimage\"},\"image\":{\"@id\":\"https:\/\/www.miomiorun.com\/de\/produkt\/mont-blanc-speed-damen\/#primaryimage\"},\"thumbnailUrl\":\"https:\/\/www.miomiorun.com\/app\/uploads\/2025\/03\/altra-Mont-Blanc-Speed-W-black-lime-AL0A85S00311.webp\",\"datePublished\":\"2025-03-07T09:14:09+00:00\",\"dateModified\":\"2025-03-12T18:01:03+00:00\",\"description\":\"Der von den h\u00f6chsten Gipfeln der Alpen inspirierte Schuh, der Sie auf Langstreckenwanderungen begleiten wird, ist da. Mit einer Altra EGO\u2122 MAX Zwischensohle.\",\"breadcrumb\":{\"@id\":\"https:\/\/www.miomiorun.com\/de\/produkt\/mont-blanc-speed-damen\/#breadcrumb\"},\"inLanguage\":\"de-DE\",\"potentialAction\":[{\"@type\":\"ReadAction\",\"target\":[\"https:\/\/www.miomiorun.com\/de\/produkt\/mont-blanc-speed-damen\/\"]}]},{\"@type\":\"ImageObject\",\"inLanguage\":\"de-DE\",\"@id\":\"https:\/\/www.miomiorun.com\/de\/produkt\/mont-blanc-speed-damen\/#primaryimage\",\"url\":\"https:\/\/www.miomiorun.com\/app\/uploads\/2025\/03\/altra-Mont-Blanc-Speed-W-black-lime-AL0A85S00311.webp\",\"contentUrl\":\"https:\/\/www.miomiorun.com\/app\/uploads\/2025\/03\/altra-Mont-Blanc-Speed-W-black-lime-AL0A85S00311.webp\",\"width\":600,\"height\":600,\"caption\":\"altra Mont Blanc Speed W black lime AL0A85S00311\"},{\"@type\":\"BreadcrumbList\",\"@id\":\"https:\/\/www.miomiorun.com\/de\/produkt\/mont-blanc-speed-damen\/#breadcrumb\",\"itemListElement\":[{\"@type\":\"ListItem\",\"position\":1,\"name\":\"Home\",\"item\":\"https:\/\/www.miomiorun.com\/de\/\"},{\"@type\":\"ListItem\",\"position\":2,\"name\":\"Shop\",\"item\":\"https:\/\/www.miomiorun.com\/shop\/\"},{\"@type\":\"ListItem\",\"position\":3,\"name\":\"Mont Blanc Speed damen\"}]},{\"@type\":\"WebSite\",\"@id\":\"https:\/\/www.miomiorun.com\/de\/#website\",\"url\":\"https:\/\/www.miomiorun.com\/de\/\",\"name\":\"MioMioRun\",\"description\":\"100% Lauf- und Trailshop\",\"publisher\":{\"@id\":\"https:\/\/www.miomiorun.com\/de\/#organization\"},\"potentialAction\":[{\"@type\":\"SearchAction\",\"target\":{\"@type\":\"EntryPoint\",\"urlTemplate\":\"https:\/\/www.miomiorun.com\/de\/?s={search_term_string}\"},\"query-input\":{\"@type\":\"PropertyValueSpecification\",\"valueRequired\":true,\"valueName\":\"search_term_string\"}}],\"inLanguage\":\"de-DE\"},{\"@type\":\"Organization\",\"@id\":\"https:\/\/www.miomiorun.com\/de\/#organization\",\"name\":\"MioMio Run\",\"url\":\"https:\/\/www.miomiorun.com\/de\/\",\"logo\":{\"@type\":\"ImageObject\",\"inLanguage\":\"de-DE\",\"@id\":\"https:\/\/www.miomiorun.com\/de\/#\/schema\/logo\/image\/\",\"url\":\"https:\/\/www.miomiorun.com\/app\/uploads\/2019\/12\/logomio.png\",\"contentUrl\":\"https:\/\/www.miomiorun.com\/app\/uploads\/2019\/12\/logomio.png\",\"width\":115,\"height\":82,\"caption\":\"MioMio Run\"},\"image\":{\"@id\":\"https:\/\/www.miomiorun.com\/de\/#\/schema\/logo\/image\/\"},\"sameAs\":[\"https:\/\/www.facebook.com\/miomiorun\/\",\"https:\/\/www.instagram.com\/miomiorun\/\"]}]}<\/script>\n<!-- \/ Yoast SEO plugin. -->","yoast_head_json":{"title":"Altra Mont Blanc Speed damen - Damen-Trail-Schuhe - MioMioRun.com","description":"Der von den h\u00f6chsten Gipfeln der Alpen inspirierte Schuh, der Sie auf Langstreckenwanderungen begleiten wird, ist da. Mit einer Altra EGO\u2122 MAX Zwischensohle.","robots":{"index":"index","follow":"follow","max-snippet":"max-snippet:-1","max-image-preview":"max-image-preview:large","max-video-preview":"max-video-preview:-1"},"canonical":"https:\/\/www.miomiorun.com\/de\/produkt\/mont-blanc-speed-damen\/","og_locale":"de_DE","og_type":"article","og_title":"Altra Mont Blanc Speed damen - Damen-Trail-Schuhe - MioMioRun.com","og_description":"Der von den h\u00f6chsten Gipfeln der Alpen inspirierte Schuh, der Sie auf Langstreckenwanderungen begleiten wird, ist da. Mit einer Altra EGO\u2122 MAX Zwischensohle.","og_url":"https:\/\/www.miomiorun.com\/de\/produkt\/mont-blanc-speed-damen\/","og_site_name":"MioMioRun","article_publisher":"https:\/\/www.facebook.com\/miomiorun\/","article_modified_time":"2025-03-12T18:01:03+00:00","og_image":[{"width":600,"height":600,"url":"https:\/\/www.miomiorun.com\/app\/uploads\/2025\/03\/altra-Mont-Blanc-Speed-W-black-lime-AL0A85S00311.webp","type":"image\/webp"}],"twitter_card":"summary_large_image","twitter_misc":{"Est. reading time":"2 minutes"},"schema":{"@context":"https:\/\/schema.org","@graph":[{"@type":"WebPage","@id":"https:\/\/www.miomiorun.com\/de\/produkt\/mont-blanc-speed-damen\/","url":"https:\/\/www.miomiorun.com\/de\/produkt\/mont-blanc-speed-damen\/","name":"Altra Mont Blanc Speed damen - Damen-Trail-Schuhe - MioMioRun.com","isPartOf":{"@id":"https:\/\/www.miomiorun.com\/de\/#website"},"primaryImageOfPage":{"@id":"https:\/\/www.miomiorun.com\/de\/produkt\/mont-blanc-speed-damen\/#primaryimage"},"image":{"@id":"https:\/\/www.miomiorun.com\/de\/produkt\/mont-blanc-speed-damen\/#primaryimage"},"thumbnailUrl":"https:\/\/www.miomiorun.com\/app\/uploads\/2025\/03\/altra-Mont-Blanc-Speed-W-black-lime-AL0A85S00311.webp","datePublished":"2025-03-07T09:14:09+00:00","dateModified":"2025-03-12T18:01:03+00:00","description":"Der von den h\u00f6chsten Gipfeln der Alpen inspirierte Schuh, der Sie auf Langstreckenwanderungen begleiten wird, ist da. Mit einer Altra EGO\u2122 MAX Zwischensohle.","breadcrumb":{"@id":"https:\/\/www.miomiorun.com\/de\/produkt\/mont-blanc-speed-damen\/#breadcrumb"},"inLanguage":"de-DE","potentialAction":[{"@type":"ReadAction","target":["https:\/\/www.miomiorun.com\/de\/produkt\/mont-blanc-speed-damen\/"]}]},{"@type":"ImageObject","inLanguage":"de-DE","@id":"https:\/\/www.miomiorun.com\/de\/produkt\/mont-blanc-speed-damen\/#primaryimage","url":"https:\/\/www.miomiorun.com\/app\/uploads\/2025\/03\/altra-Mont-Blanc-Speed-W-black-lime-AL0A85S00311.webp","contentUrl":"https:\/\/www.miomiorun.com\/app\/uploads\/2025\/03\/altra-Mont-Blanc-Speed-W-black-lime-AL0A85S00311.webp","width":600,"height":600,"caption":"altra Mont Blanc Speed W black lime AL0A85S00311"},{"@type":"BreadcrumbList","@id":"https:\/\/www.miomiorun.com\/de\/produkt\/mont-blanc-speed-damen\/#breadcrumb","itemListElement":[{"@type":"ListItem","position":1,"name":"Home","item":"https:\/\/www.miomiorun.com\/de\/"},{"@type":"ListItem","position":2,"name":"Shop","item":"https:\/\/www.miomiorun.com\/shop\/"},{"@type":"ListItem","position":3,"name":"Mont Blanc Speed damen"}]},{"@type":"WebSite","@id":"https:\/\/www.miomiorun.com\/de\/#website","url":"https:\/\/www.miomiorun.com\/de\/","name":"MioMioRun","description":"100% Lauf- und Trailshop","publisher":{"@id":"https:\/\/www.miomiorun.com\/de\/#organization"},"potentialAction":[{"@type":"SearchAction","target":{"@type":"EntryPoint","urlTemplate":"https:\/\/www.miomiorun.com\/de\/?s={search_term_string}"},"query-input":{"@type":"PropertyValueSpecification","valueRequired":true,"valueName":"search_term_string"}}],"inLanguage":"de-DE"},{"@type":"Organization","@id":"https:\/\/www.miomiorun.com\/de\/#organization","name":"MioMio Run","url":"https:\/\/www.miomiorun.com\/de\/","logo":{"@type":"ImageObject","inLanguage":"de-DE","@id":"https:\/\/www.miomiorun.com\/de\/#\/schema\/logo\/image\/","url":"https:\/\/www.miomiorun.com\/app\/uploads\/2019\/12\/logomio.png","contentUrl":"https:\/\/www.miomiorun.com\/app\/uploads\/2019\/12\/logomio.png","width":115,"height":82,"caption":"MioMio Run"},"image":{"@id":"https:\/\/www.miomiorun.com\/de\/#\/schema\/logo\/image\/"},"sameAs":["https:\/\/www.facebook.com\/miomiorun\/","https:\/\/www.instagram.com\/miomiorun\/"]}]}},"_links":{"self":[{"href":"https:\/\/www.miomiorun.com\/de\/wp-json\/wp\/v2\/product\/261988","targetHints":{"allow":["GET"]}}],"collection":[{"href":"https:\/\/www.miomiorun.com\/de\/wp-json\/wp\/v2\/product"}],"about":[{"href":"https:\/\/www.miomiorun.com\/de\/wp-json\/wp\/v2\/types\/product"}],"wp:featuredmedia":[{"embeddable":true,"href":"https:\/\/www.miomiorun.com\/de\/wp-json\/wp\/v2\/media\/264432"}],"wp:attachment":[{"href":"https:\/\/www.miomiorun.com\/de\/wp-json\/wp\/v2\/media?parent=261988"}],"wp:term":[{"taxonomy":"product_brand","embeddable":true,"href":"https:\/\/www.miomiorun.com\/de\/wp-json\/wp\/v2\/product_brand?post=261988"},{"taxonomy":"product_cat","embeddable":true,"href":"https:\/\/www.miomiorun.com\/de\/wp-json\/wp\/v2\/product_cat?post=261988"},{"taxonomy":"product_tag","embeddable":true,"href":"https:\/\/www.miomiorun.com\/de\/wp-json\/wp\/v2\/product_tag?post=261988"}],"curies":[{"name":"wp","href":"https:\/\/api.w.org\/{rel}","templated":true}]}}