{"id":261657,"date":"2025-03-06T17:31:13","date_gmt":"2025-03-06T16:31:13","guid":{"rendered":"https:\/\/miomiorun.com\/?post_type=product&#038;p=261657"},"modified":"2026-05-08T22:38:08","modified_gmt":"2026-05-08T20:38:08","slug":"x-ultra-5-mid-gtx-damen","status":"publish","type":"product","link":"https:\/\/www.miomiorun.com\/de\/produkt\/x-ultra-5-mid-gtx-damen\/","title":{"rendered":"X Ultra 5 Mid GTX damen"},"content":{"rendered":"<p><div class=\"vc-row container\"><div class=\"vc-column\"><div class=\"vc-column-text\"><\/p>\n<p><strong>Technische Daten<\/strong><\/p>\n<p>Kategorie: Top-D\u00e4mpfung<br \/>\nGewicht: 440 g<br \/>\nIdeal f\u00fcr : Liebhaber von Trekking und langen Wanderungen, die ein gut gepolstertes und sch\u00fctzendes Modell suchen, das mit Gore-Tex-Membranen ausgestattet ist, um die F\u00fc\u00dfe auch bei Regen trocken zu halten und maximalen Komfort auf sehr langen Strecken zu bieten.<br \/>\nAthletengewicht : 55-80 kg<br \/>\nLauftempo : mittel (6.00 min\/km)<br \/>\n<a href=\"https:\/\/miomiorun.com\/de\/leitfaden-fuer-technische-spezifikationen\/\">Leitfaden f\u00fcr technische Daten<\/a><\/p>\n<p><\/div><\/div><div class=\"vc-column\"><div class=\"vc-column-text\">Wenn du auf der Suche nach einem Schuh bist, der dir bei deinen Wanderungen Sicherheit, Komfort und \u00fcberlegene Leistung bietet, ist der <strong>X-Ultra 5 Mid GORE-TEX<\/strong> genau das Richtige f\u00fcr dich. Mit seinem Mid-Profil, das den Kn\u00f6chel hervorragend st\u00fctzt, ist dieser Schuh unglaublich stabil und so konzipiert, dass er auch die anspruchsvollsten Anstiege mit Bravour meistert und die technischsten Abfahrten mit Leichtigkeit beherrscht.<\/p>\n<p>Das ultra-strapazierf\u00e4hige <strong>Matryx\u00ae-Obermaterial<\/strong> in Kombination mit der <strong>Contagrip\u00ae-Au\u00dfensohle<\/strong> bietet \u00fcberragenden Grip und Traktion auf jedem Terrain, sei es auf schlammigen, felsigen oder nassen Trails. Der Fu\u00df ist gut gesch\u00fctzt, w\u00e4hrend der Halt stabil bleibt, so dass Sie agil und sicher laufen k\u00f6nnen.<\/p>\n<p>Die <strong>GORE-TEX\u00ae<\/strong> Technologie sorgt daf\u00fcr, dass Ihre F\u00fc\u00dfe auch bei N\u00e4sse trocken bleiben, w\u00e4hrend der Kragenbereich auf dauerhaften Komfort ausgelegt ist, so dass Sie Tageswanderungen \u00fcber gemischtes und abwechslungsreiches Terrain in Angriff nehmen k\u00f6nnen, ohne auf Schutz zu verzichten. Mit einem Gewicht von nur <strong>440 g<\/strong> ist der X-Ultra 5 Mid perfekt f\u00fcr alle, die einen Schuh suchen, der nicht nur gut h\u00e4lt, sondern auch Ihren Schritt bei jedem Abenteuer unterst\u00fctzt.<\/p>\n<p>W\u00e4hlen Sie den <strong>X-Ultra 5 Mid GORE-TEX<\/strong> f\u00fcr ein sicheres, komfortables und leistungsstarkes Wandererlebnis. Bringen Sie Ihr Wandern auf die n\u00e4chste Stufe!<\/div><\/div><\/div><div class=\"vc-row container\"><div class=\"vc-column\"><div style=\"height:32px\" class=\"vc-empty-space\"><\/div><\/div><\/div><\/p>\n","protected":false},"excerpt":{"rendered":"<ul>\n<li>Stabilit\u00e4t: Advanced Chassis sorgt in Kombination mit Active Support f\u00fcr seitliche Stabilit\u00e4t, ohne die Fu\u00dfbeweglichkeit einzuschr\u00e4nken.<\/li>\n<li>Grip und Traktion: All-Terrain Contagrip sorgt f\u00fcr stets effiziente Traktion<\/li>\n<li>Sch\u00fctzend: Mischung aus Matrix, gen\u00e4htem Obermaterial und GORE-TEX bietet Schutz<\/li>\n<\/ul>\n","protected":false},"featured_media":265541,"template":"","meta":{"_acf_changed":false,"inline_featured_image":false},"product_brand":[],"product_cat":[6474,6491],"product_tag":[20480,20485],"class_list":{"0":"post-261657","1":"product","2":"type-product","3":"status-publish","4":"has-post-thumbnail","6":"product_cat-damenschuhe","7":"product_cat-damentrailschuhe","8":"product_tag-salomon-de","9":"product_tag-salomon-damen","10":"pa_attivita-outdoor-de","11":"pa_colore-x-ultra-5-mid-gtx-w-turbul-sedsa-tender-de","12":"pa_marca-salomon-de","13":"pa_sesso-damen","14":"pa_size-37-de","15":"pa_size-38-de","16":"pa_size-39-de","18":"first","19":"instock","20":"sale","21":"taxable","22":"shipping-taxable","23":"purchasable","24":"product-type-variable","25":"wvs-archive-product-wrapper"},"acf":[],"yoast_head":"<!-- This site is optimized with the Yoast SEO plugin v26.8 - https:\/\/yoast.com\/product\/yoast-seo-wordpress\/ -->\n<title>Salomon X Ultra 5 Mid GTX damen -Wanderschuhe - MioMioRun<\/title>\n<meta name=\"description\" content=\"Der X-Ultra 5 Mid GORE-TEX ist ein stabiler, wasserdichter Schuh, der beim Wandern auf unterschiedlichem Terrain Halt, Komfort und Grip bietet.\" \/>\n<meta name=\"robots\" content=\"index, follow, max-snippet:-1, max-image-preview:large, max-video-preview:-1\" \/>\n<link rel=\"canonical\" href=\"https:\/\/www.miomiorun.com\/de\/produkt\/x-ultra-5-mid-gtx-damen\/\" \/>\n<meta property=\"og:locale\" content=\"de_DE\" \/>\n<meta property=\"og:type\" content=\"article\" \/>\n<meta property=\"og:title\" content=\"Salomon X Ultra 5 Mid GTX damen -Wanderschuhe - MioMioRun\" \/>\n<meta property=\"og:description\" content=\"Der X-Ultra 5 Mid GORE-TEX ist ein stabiler, wasserdichter Schuh, der beim Wandern auf unterschiedlichem Terrain Halt, Komfort und Grip bietet.\" \/>\n<meta property=\"og:url\" content=\"https:\/\/www.miomiorun.com\/de\/produkt\/x-ultra-5-mid-gtx-damen\/\" \/>\n<meta property=\"og:site_name\" content=\"MioMioRun\" \/>\n<meta property=\"article:publisher\" content=\"https:\/\/www.facebook.com\/miomiorun\/\" \/>\n<meta property=\"article:modified_time\" content=\"2026-05-08T20:38:08+00:00\" \/>\n<meta property=\"og:image\" content=\"https:\/\/www.miomiorun.com\/app\/uploads\/2025\/03\/salomon-X-ULTRA-5-MID-GTX-W-turbul-sedsa-tender-L47754600.webp\" \/>\n\t<meta property=\"og:image:width\" content=\"600\" \/>\n\t<meta property=\"og:image:height\" content=\"600\" \/>\n\t<meta property=\"og:image:type\" content=\"image\/webp\" \/>\n<meta name=\"twitter:card\" content=\"summary_large_image\" \/>\n<meta name=\"twitter:label1\" content=\"Est. reading time\" \/>\n\t<meta name=\"twitter:data1\" content=\"2 minutes\" \/>\n<script type=\"application\/ld+json\" class=\"yoast-schema-graph\">{\"@context\":\"https:\/\/schema.org\",\"@graph\":[{\"@type\":\"WebPage\",\"@id\":\"https:\/\/www.miomiorun.com\/de\/produkt\/x-ultra-5-mid-gtx-damen\/\",\"url\":\"https:\/\/www.miomiorun.com\/de\/produkt\/x-ultra-5-mid-gtx-damen\/\",\"name\":\"Salomon X Ultra 5 Mid GTX damen -Wanderschuhe - MioMioRun\",\"isPartOf\":{\"@id\":\"https:\/\/www.miomiorun.com\/de\/#website\"},\"primaryImageOfPage\":{\"@id\":\"https:\/\/www.miomiorun.com\/de\/produkt\/x-ultra-5-mid-gtx-damen\/#primaryimage\"},\"image\":{\"@id\":\"https:\/\/www.miomiorun.com\/de\/produkt\/x-ultra-5-mid-gtx-damen\/#primaryimage\"},\"thumbnailUrl\":\"https:\/\/www.miomiorun.com\/app\/uploads\/2025\/03\/salomon-X-ULTRA-5-MID-GTX-W-turbul-sedsa-tender-L47754600.webp\",\"datePublished\":\"2025-03-06T16:31:13+00:00\",\"dateModified\":\"2026-05-08T20:38:08+00:00\",\"description\":\"Der X-Ultra 5 Mid GORE-TEX ist ein stabiler, wasserdichter Schuh, der beim Wandern auf unterschiedlichem Terrain Halt, Komfort und Grip bietet.\",\"breadcrumb\":{\"@id\":\"https:\/\/www.miomiorun.com\/de\/produkt\/x-ultra-5-mid-gtx-damen\/#breadcrumb\"},\"inLanguage\":\"de-DE\",\"potentialAction\":[{\"@type\":\"ReadAction\",\"target\":[\"https:\/\/www.miomiorun.com\/de\/produkt\/x-ultra-5-mid-gtx-damen\/\"]}]},{\"@type\":\"ImageObject\",\"inLanguage\":\"de-DE\",\"@id\":\"https:\/\/www.miomiorun.com\/de\/produkt\/x-ultra-5-mid-gtx-damen\/#primaryimage\",\"url\":\"https:\/\/www.miomiorun.com\/app\/uploads\/2025\/03\/salomon-X-ULTRA-5-MID-GTX-W-turbul-sedsa-tender-L47754600.webp\",\"contentUrl\":\"https:\/\/www.miomiorun.com\/app\/uploads\/2025\/03\/salomon-X-ULTRA-5-MID-GTX-W-turbul-sedsa-tender-L47754600.webp\",\"width\":600,\"height\":600,\"caption\":\"salomon X ULTRA 5 MID GTX W turbul sedsa tender L47754600\"},{\"@type\":\"BreadcrumbList\",\"@id\":\"https:\/\/www.miomiorun.com\/de\/produkt\/x-ultra-5-mid-gtx-damen\/#breadcrumb\",\"itemListElement\":[{\"@type\":\"ListItem\",\"position\":1,\"name\":\"Home\",\"item\":\"https:\/\/www.miomiorun.com\/de\/\"},{\"@type\":\"ListItem\",\"position\":2,\"name\":\"Shop\",\"item\":\"https:\/\/www.miomiorun.com\/shop\/\"},{\"@type\":\"ListItem\",\"position\":3,\"name\":\"X Ultra 5 Mid GTX damen\"}]},{\"@type\":\"WebSite\",\"@id\":\"https:\/\/www.miomiorun.com\/de\/#website\",\"url\":\"https:\/\/www.miomiorun.com\/de\/\",\"name\":\"MioMioRun\",\"description\":\"100% Lauf- und Trailshop\",\"publisher\":{\"@id\":\"https:\/\/www.miomiorun.com\/de\/#organization\"},\"potentialAction\":[{\"@type\":\"SearchAction\",\"target\":{\"@type\":\"EntryPoint\",\"urlTemplate\":\"https:\/\/www.miomiorun.com\/de\/?s={search_term_string}\"},\"query-input\":{\"@type\":\"PropertyValueSpecification\",\"valueRequired\":true,\"valueName\":\"search_term_string\"}}],\"inLanguage\":\"de-DE\"},{\"@type\":\"Organization\",\"@id\":\"https:\/\/www.miomiorun.com\/de\/#organization\",\"name\":\"MioMio Run\",\"url\":\"https:\/\/www.miomiorun.com\/de\/\",\"logo\":{\"@type\":\"ImageObject\",\"inLanguage\":\"de-DE\",\"@id\":\"https:\/\/www.miomiorun.com\/de\/#\/schema\/logo\/image\/\",\"url\":\"https:\/\/www.miomiorun.com\/app\/uploads\/2019\/12\/logomio.png\",\"contentUrl\":\"https:\/\/www.miomiorun.com\/app\/uploads\/2019\/12\/logomio.png\",\"width\":115,\"height\":82,\"caption\":\"MioMio Run\"},\"image\":{\"@id\":\"https:\/\/www.miomiorun.com\/de\/#\/schema\/logo\/image\/\"},\"sameAs\":[\"https:\/\/www.facebook.com\/miomiorun\/\",\"https:\/\/www.instagram.com\/miomiorun\/\"]}]}<\/script>\n<!-- \/ Yoast SEO plugin. -->","yoast_head_json":{"title":"Salomon X Ultra 5 Mid GTX damen -Wanderschuhe - MioMioRun","description":"Der X-Ultra 5 Mid GORE-TEX ist ein stabiler, wasserdichter Schuh, der beim Wandern auf unterschiedlichem Terrain Halt, Komfort und Grip bietet.","robots":{"index":"index","follow":"follow","max-snippet":"max-snippet:-1","max-image-preview":"max-image-preview:large","max-video-preview":"max-video-preview:-1"},"canonical":"https:\/\/www.miomiorun.com\/de\/produkt\/x-ultra-5-mid-gtx-damen\/","og_locale":"de_DE","og_type":"article","og_title":"Salomon X Ultra 5 Mid GTX damen -Wanderschuhe - MioMioRun","og_description":"Der X-Ultra 5 Mid GORE-TEX ist ein stabiler, wasserdichter Schuh, der beim Wandern auf unterschiedlichem Terrain Halt, Komfort und Grip bietet.","og_url":"https:\/\/www.miomiorun.com\/de\/produkt\/x-ultra-5-mid-gtx-damen\/","og_site_name":"MioMioRun","article_publisher":"https:\/\/www.facebook.com\/miomiorun\/","article_modified_time":"2026-05-08T20:38:08+00:00","og_image":[{"width":600,"height":600,"url":"https:\/\/www.miomiorun.com\/app\/uploads\/2025\/03\/salomon-X-ULTRA-5-MID-GTX-W-turbul-sedsa-tender-L47754600.webp","type":"image\/webp"}],"twitter_card":"summary_large_image","twitter_misc":{"Est. reading time":"2 minutes"},"schema":{"@context":"https:\/\/schema.org","@graph":[{"@type":"WebPage","@id":"https:\/\/www.miomiorun.com\/de\/produkt\/x-ultra-5-mid-gtx-damen\/","url":"https:\/\/www.miomiorun.com\/de\/produkt\/x-ultra-5-mid-gtx-damen\/","name":"Salomon X Ultra 5 Mid GTX damen -Wanderschuhe - MioMioRun","isPartOf":{"@id":"https:\/\/www.miomiorun.com\/de\/#website"},"primaryImageOfPage":{"@id":"https:\/\/www.miomiorun.com\/de\/produkt\/x-ultra-5-mid-gtx-damen\/#primaryimage"},"image":{"@id":"https:\/\/www.miomiorun.com\/de\/produkt\/x-ultra-5-mid-gtx-damen\/#primaryimage"},"thumbnailUrl":"https:\/\/www.miomiorun.com\/app\/uploads\/2025\/03\/salomon-X-ULTRA-5-MID-GTX-W-turbul-sedsa-tender-L47754600.webp","datePublished":"2025-03-06T16:31:13+00:00","dateModified":"2026-05-08T20:38:08+00:00","description":"Der X-Ultra 5 Mid GORE-TEX ist ein stabiler, wasserdichter Schuh, der beim Wandern auf unterschiedlichem Terrain Halt, Komfort und Grip bietet.","breadcrumb":{"@id":"https:\/\/www.miomiorun.com\/de\/produkt\/x-ultra-5-mid-gtx-damen\/#breadcrumb"},"inLanguage":"de-DE","potentialAction":[{"@type":"ReadAction","target":["https:\/\/www.miomiorun.com\/de\/produkt\/x-ultra-5-mid-gtx-damen\/"]}]},{"@type":"ImageObject","inLanguage":"de-DE","@id":"https:\/\/www.miomiorun.com\/de\/produkt\/x-ultra-5-mid-gtx-damen\/#primaryimage","url":"https:\/\/www.miomiorun.com\/app\/uploads\/2025\/03\/salomon-X-ULTRA-5-MID-GTX-W-turbul-sedsa-tender-L47754600.webp","contentUrl":"https:\/\/www.miomiorun.com\/app\/uploads\/2025\/03\/salomon-X-ULTRA-5-MID-GTX-W-turbul-sedsa-tender-L47754600.webp","width":600,"height":600,"caption":"salomon X ULTRA 5 MID GTX W turbul sedsa tender L47754600"},{"@type":"BreadcrumbList","@id":"https:\/\/www.miomiorun.com\/de\/produkt\/x-ultra-5-mid-gtx-damen\/#breadcrumb","itemListElement":[{"@type":"ListItem","position":1,"name":"Home","item":"https:\/\/www.miomiorun.com\/de\/"},{"@type":"ListItem","position":2,"name":"Shop","item":"https:\/\/www.miomiorun.com\/shop\/"},{"@type":"ListItem","position":3,"name":"X Ultra 5 Mid GTX damen"}]},{"@type":"WebSite","@id":"https:\/\/www.miomiorun.com\/de\/#website","url":"https:\/\/www.miomiorun.com\/de\/","name":"MioMioRun","description":"100% Lauf- und Trailshop","publisher":{"@id":"https:\/\/www.miomiorun.com\/de\/#organization"},"potentialAction":[{"@type":"SearchAction","target":{"@type":"EntryPoint","urlTemplate":"https:\/\/www.miomiorun.com\/de\/?s={search_term_string}"},"query-input":{"@type":"PropertyValueSpecification","valueRequired":true,"valueName":"search_term_string"}}],"inLanguage":"de-DE"},{"@type":"Organization","@id":"https:\/\/www.miomiorun.com\/de\/#organization","name":"MioMio Run","url":"https:\/\/www.miomiorun.com\/de\/","logo":{"@type":"ImageObject","inLanguage":"de-DE","@id":"https:\/\/www.miomiorun.com\/de\/#\/schema\/logo\/image\/","url":"https:\/\/www.miomiorun.com\/app\/uploads\/2019\/12\/logomio.png","contentUrl":"https:\/\/www.miomiorun.com\/app\/uploads\/2019\/12\/logomio.png","width":115,"height":82,"caption":"MioMio Run"},"image":{"@id":"https:\/\/www.miomiorun.com\/de\/#\/schema\/logo\/image\/"},"sameAs":["https:\/\/www.facebook.com\/miomiorun\/","https:\/\/www.instagram.com\/miomiorun\/"]}]}},"_links":{"self":[{"href":"https:\/\/www.miomiorun.com\/de\/wp-json\/wp\/v2\/product\/261657","targetHints":{"allow":["GET"]}}],"collection":[{"href":"https:\/\/www.miomiorun.com\/de\/wp-json\/wp\/v2\/product"}],"about":[{"href":"https:\/\/www.miomiorun.com\/de\/wp-json\/wp\/v2\/types\/product"}],"wp:featuredmedia":[{"embeddable":true,"href":"https:\/\/www.miomiorun.com\/de\/wp-json\/wp\/v2\/media\/265541"}],"wp:attachment":[{"href":"https:\/\/www.miomiorun.com\/de\/wp-json\/wp\/v2\/media?parent=261657"}],"wp:term":[{"taxonomy":"product_brand","embeddable":true,"href":"https:\/\/www.miomiorun.com\/de\/wp-json\/wp\/v2\/product_brand?post=261657"},{"taxonomy":"product_cat","embeddable":true,"href":"https:\/\/www.miomiorun.com\/de\/wp-json\/wp\/v2\/product_cat?post=261657"},{"taxonomy":"product_tag","embeddable":true,"href":"https:\/\/www.miomiorun.com\/de\/wp-json\/wp\/v2\/product_tag?post=261657"}],"curies":[{"name":"wp","href":"https:\/\/api.w.org\/{rel}","templated":true}]}}