{"id":261506,"date":"2025-03-06T17:01:28","date_gmt":"2025-03-06T16:01:28","guid":{"rendered":"https:\/\/miomiorun.com\/?post_type=product&#038;p=261506"},"modified":"2026-05-08T22:30:44","modified_gmt":"2026-05-08T20:30:44","slug":"x-ultra-5-mid-gtx-herren","status":"publish","type":"product","link":"https:\/\/www.miomiorun.com\/de\/produkt\/x-ultra-5-mid-gtx-herren\/","title":{"rendered":"X Ultra 5 Mid GTX herren"},"content":{"rendered":"<p><div class=\"vc-row container\"><div class=\"vc-column\"><div class=\"vc-column-text\"><\/p>\n<p><strong>Technische Daten<\/strong><\/p>\n<p>Kategorie: Top-D\u00e4mpfung<br \/>\nGewicht: 440 g<br \/>\nIdeal f\u00fcr: Liebhaber von Trekking und langen Wanderungen, die ein gut ged\u00e4mpftes und sch\u00fctzendes Modell suchen, das mit einer Gore-Tex-Membran ausgestattet ist, um die F\u00fc\u00dfe auch bei Regen trocken zu halten, und das auch auf sehr langen Strecken h\u00f6chsten Komfort bietet.<br \/>\nGewicht des Sportlers: 55-80 kg<br \/>\nLaufgeschwindigkeit: mittel (6,00 min\/km)<br \/>\n<a href=\"https:\/\/miomiorun.com\/de\/leitfaden-fuer-technische-spezifikationen\/\">Leitfaden zu den technischen Daten<\/a><\/p>\n<p><\/div><\/div><div class=\"vc-column\"><div class=\"vc-column-text\"> Wenn Sie auf der Suche nach einem Schuh sind, der Ihnen Sicherheit, Komfort und \u00fcberlegene Leistung bei Ihren Wanderungen bietet, ist der <strong>X-Ultra 5 Mid GORE-TEX<\/strong> genau das Richtige f\u00fcr Sie. Mit einem Mid-Profil, das hervorragenden Halt f\u00fcr den Kn\u00f6chel bietet, ist dieser Schuh unglaublich stabil und daf\u00fcr ausgelegt, auch die anspruchsvollsten Anstiege mit Bravour zu meistern und selbst die technisch anspruchsvollsten Abfahrten mit Leichtigkeit zu bew\u00e4ltigen.<\/p>\n<p>Das extrem strapazierf\u00e4hige <strong>Obermaterial aus Matryx\u00ae<\/strong> in Kombination mit der <strong>Contagrip\u00ae-Sohle<\/strong> garantiert Ihnen \u00fcberragenden Grip und Traktion auf jedem Untergrund, egal ob schlammige, felsige oder nasse Wege. Der Fu\u00df wird optimal gesch\u00fctzt und stabil gest\u00fctzt, sodass Sie agil und sicher gehen k\u00f6nnen.<\/p>\n<p>Die <strong>GORE-TEX\u00ae<\/strong>-Technologie sorgt daf\u00fcr, dass deine F\u00fc\u00dfe auch bei feuchten Bedingungen trocken bleiben, w\u00e4hrend der Kragenbereich f\u00fcr dauerhaften Komfort ausgelegt ist, sodass du ganzt\u00e4gige Wanderungen auf gemischtem und abwechslungsreichem Gel\u00e4nde ohne Abstriche beim Schutz bew\u00e4ltigen kannst. Mit einem Gewicht von nur <strong>440 g<\/strong> ist der X-Ultra 5 Mid perfekt f\u00fcr alle, die einen Schuh suchen, der nicht nur strapazierf\u00e4hig ist, sondern auch Ihren Schritt bei jedem Abenteuer unterst\u00fctzt.<\/p>\n<p>Entscheiden Sie sich f\u00fcr den <strong>X-Ultra 5 Mid GORE-TEX<\/strong> f\u00fcr ein sicheres, komfortables und leistungsstarkes Wandererlebnis. Bringen Sie Ihre Wanderungen auf das n\u00e4chste Level!<\/div><\/div><\/div><div class=\"vc-row container\"><div class=\"vc-column\"><div style=\"height:32px\" class=\"vc-empty-space\"><\/div><\/div><\/div><div class=\"vc-row container\"><div class=\"vc-column\"><div class=\"vc-column-text\"><\/p>\n<div style=\"width: 516px;\" class=\"wp-video\"><video class=\"wp-video-shortcode\" id=\"video-261506-1\" width=\"516\" height=\"618\" loop autoplay preload=\"metadata\" controls=\"controls\"><source type=\"video\/webm\" src=\"https:\/\/miomiorun.com\/wp-content\/uploads\/2025\/03\/X-ULTRA-5-MID-GTX.webm?_=1\" \/><a href=\"https:\/\/miomiorun.com\/wp-content\/uploads\/2025\/03\/X-ULTRA-5-MID-GTX.webm\">https:\/\/miomiorun.com\/wp-content\/uploads\/2025\/03\/X-ULTRA-5-MID-GTX.webm<\/a><\/video><\/div>\n<p><\/div><\/div><\/div><\/p>\n","protected":false},"excerpt":{"rendered":"<ul>\n<li><strong>Stabilit\u00e4t:&nbsp;&nbsp;<\/strong>Das Advanced Chassis sorgt in Kombination mit Active Support f\u00fcr seitliche Stabilit\u00e4t, ohne die Beweglichkeit des Fu\u00dfes zu beeintr\u00e4chtigen. <\/li>\n<li><strong>Grip und Traktion<\/strong>: All-Terrain Contagrip sorgt f\u00fcr stets effiziente Traktion<\/li>\n<li><strong>Schutz<\/strong> : Eine Mischung aus Matrix, gen\u00e4htem Obermaterial und GORE-TEX bietet Schutz<\/li>\n<\/ul>\n","protected":false},"featured_media":265519,"template":"","meta":{"_acf_changed":false,"inline_featured_image":false},"product_brand":[],"product_cat":[6507,6504],"product_tag":[20480,20489],"class_list":{"0":"post-261506","1":"product","2":"type-product","3":"status-publish","4":"has-post-thumbnail","6":"product_cat-herren-schuhe-de","7":"product_cat-trail","8":"product_tag-salomon-de","9":"product_tag-salomon-herren","10":"pa_attivita-outdoor-de","11":"pa_colore-x-ultra-5-mid-gtx-peat-gray-green-blue-de","12":"pa_marca-salomon-de","13":"pa_sesso-herren","14":"pa_size-41-de","15":"pa_size-42-de","16":"pa_size-43-de","17":"pa_size-44-de","18":"pa_size-45-de","19":"pa_size-46-de","21":"pa_size-47-de","23":"first","24":"instock","25":"sale","26":"taxable","27":"shipping-taxable","28":"purchasable","29":"product-type-variable","30":"wvs-archive-product-wrapper"},"acf":[],"yoast_head":"<!-- This site is optimized with the Yoast SEO plugin v26.8 - https:\/\/yoast.com\/product\/yoast-seo-wordpress\/ -->\n<title>Salomon X Ultra 5 Mid GTX herren - Wanderschuhe - MioMioRun<\/title>\n<meta name=\"description\" content=\"Der X-Ultra 5 Mid GORE-TEX ist ein stabiler und wasserdichter Schuh, der entwickelt wurde, um beim Wandern Halt, Komfort und Grip auf unterschiedlichem Terrain zu bieten.\" \/>\n<meta name=\"robots\" content=\"index, follow, max-snippet:-1, max-image-preview:large, max-video-preview:-1\" \/>\n<link rel=\"canonical\" href=\"https:\/\/www.miomiorun.com\/de\/produkt\/x-ultra-5-mid-gtx-herren\/\" \/>\n<meta property=\"og:locale\" content=\"de_DE\" \/>\n<meta property=\"og:type\" content=\"article\" \/>\n<meta property=\"og:title\" content=\"Salomon X Ultra 5 Mid GTX herren - Wanderschuhe - MioMioRun\" \/>\n<meta property=\"og:description\" content=\"Der X-Ultra 5 Mid GORE-TEX ist ein stabiler und wasserdichter Schuh, der entwickelt wurde, um beim Wandern Halt, Komfort und Grip auf unterschiedlichem Terrain zu bieten.\" \/>\n<meta property=\"og:url\" content=\"https:\/\/www.miomiorun.com\/de\/produkt\/x-ultra-5-mid-gtx-herren\/\" \/>\n<meta property=\"og:site_name\" content=\"MioMioRun\" \/>\n<meta property=\"article:publisher\" content=\"https:\/\/www.facebook.com\/miomiorun\/\" \/>\n<meta property=\"article:modified_time\" content=\"2026-05-08T20:30:44+00:00\" \/>\n<meta property=\"og:image\" content=\"https:\/\/www.miomiorun.com\/app\/uploads\/2025\/03\/salomon-X-ULTRA-5-MID-GTX-peat-gray-green-blue-L47754300.webp\" \/>\n\t<meta property=\"og:image:width\" content=\"600\" \/>\n\t<meta property=\"og:image:height\" content=\"600\" \/>\n\t<meta property=\"og:image:type\" content=\"image\/webp\" \/>\n<meta name=\"twitter:card\" content=\"summary_large_image\" \/>\n<meta name=\"twitter:label1\" content=\"Est. reading time\" \/>\n\t<meta name=\"twitter:data1\" content=\"2 minutes\" \/>\n<script type=\"application\/ld+json\" class=\"yoast-schema-graph\">{\"@context\":\"https:\/\/schema.org\",\"@graph\":[{\"@type\":\"WebPage\",\"@id\":\"https:\/\/www.miomiorun.com\/de\/produkt\/x-ultra-5-mid-gtx-herren\/\",\"url\":\"https:\/\/www.miomiorun.com\/de\/produkt\/x-ultra-5-mid-gtx-herren\/\",\"name\":\"Salomon X Ultra 5 Mid GTX herren - Wanderschuhe - MioMioRun\",\"isPartOf\":{\"@id\":\"https:\/\/www.miomiorun.com\/de\/#website\"},\"primaryImageOfPage\":{\"@id\":\"https:\/\/www.miomiorun.com\/de\/produkt\/x-ultra-5-mid-gtx-herren\/#primaryimage\"},\"image\":{\"@id\":\"https:\/\/www.miomiorun.com\/de\/produkt\/x-ultra-5-mid-gtx-herren\/#primaryimage\"},\"thumbnailUrl\":\"https:\/\/www.miomiorun.com\/app\/uploads\/2025\/03\/salomon-X-ULTRA-5-MID-GTX-peat-gray-green-blue-L47754300.webp\",\"datePublished\":\"2025-03-06T16:01:28+00:00\",\"dateModified\":\"2026-05-08T20:30:44+00:00\",\"description\":\"Der X-Ultra 5 Mid GORE-TEX ist ein stabiler und wasserdichter Schuh, der entwickelt wurde, um beim Wandern Halt, Komfort und Grip auf unterschiedlichem Terrain zu bieten.\",\"breadcrumb\":{\"@id\":\"https:\/\/www.miomiorun.com\/de\/produkt\/x-ultra-5-mid-gtx-herren\/#breadcrumb\"},\"inLanguage\":\"de-DE\",\"potentialAction\":[{\"@type\":\"ReadAction\",\"target\":[\"https:\/\/www.miomiorun.com\/de\/produkt\/x-ultra-5-mid-gtx-herren\/\"]}]},{\"@type\":\"ImageObject\",\"inLanguage\":\"de-DE\",\"@id\":\"https:\/\/www.miomiorun.com\/de\/produkt\/x-ultra-5-mid-gtx-herren\/#primaryimage\",\"url\":\"https:\/\/www.miomiorun.com\/app\/uploads\/2025\/03\/salomon-X-ULTRA-5-MID-GTX-peat-gray-green-blue-L47754300.webp\",\"contentUrl\":\"https:\/\/www.miomiorun.com\/app\/uploads\/2025\/03\/salomon-X-ULTRA-5-MID-GTX-peat-gray-green-blue-L47754300.webp\",\"width\":600,\"height\":600,\"caption\":\"salomon X ULTRA 5 MID GTX peat gray green blue L47754300\"},{\"@type\":\"BreadcrumbList\",\"@id\":\"https:\/\/www.miomiorun.com\/de\/produkt\/x-ultra-5-mid-gtx-herren\/#breadcrumb\",\"itemListElement\":[{\"@type\":\"ListItem\",\"position\":1,\"name\":\"Home\",\"item\":\"https:\/\/www.miomiorun.com\/de\/\"},{\"@type\":\"ListItem\",\"position\":2,\"name\":\"Shop\",\"item\":\"https:\/\/www.miomiorun.com\/shop\/\"},{\"@type\":\"ListItem\",\"position\":3,\"name\":\"X Ultra 5 Mid GTX herren\"}]},{\"@type\":\"WebSite\",\"@id\":\"https:\/\/www.miomiorun.com\/de\/#website\",\"url\":\"https:\/\/www.miomiorun.com\/de\/\",\"name\":\"MioMioRun\",\"description\":\"100% Lauf- und Trailshop\",\"publisher\":{\"@id\":\"https:\/\/www.miomiorun.com\/de\/#organization\"},\"potentialAction\":[{\"@type\":\"SearchAction\",\"target\":{\"@type\":\"EntryPoint\",\"urlTemplate\":\"https:\/\/www.miomiorun.com\/de\/?s={search_term_string}\"},\"query-input\":{\"@type\":\"PropertyValueSpecification\",\"valueRequired\":true,\"valueName\":\"search_term_string\"}}],\"inLanguage\":\"de-DE\"},{\"@type\":\"Organization\",\"@id\":\"https:\/\/www.miomiorun.com\/de\/#organization\",\"name\":\"MioMio Run\",\"url\":\"https:\/\/www.miomiorun.com\/de\/\",\"logo\":{\"@type\":\"ImageObject\",\"inLanguage\":\"de-DE\",\"@id\":\"https:\/\/www.miomiorun.com\/de\/#\/schema\/logo\/image\/\",\"url\":\"https:\/\/www.miomiorun.com\/app\/uploads\/2019\/12\/logomio.png\",\"contentUrl\":\"https:\/\/www.miomiorun.com\/app\/uploads\/2019\/12\/logomio.png\",\"width\":115,\"height\":82,\"caption\":\"MioMio Run\"},\"image\":{\"@id\":\"https:\/\/www.miomiorun.com\/de\/#\/schema\/logo\/image\/\"},\"sameAs\":[\"https:\/\/www.facebook.com\/miomiorun\/\",\"https:\/\/www.instagram.com\/miomiorun\/\"]}]}<\/script>\n<!-- \/ Yoast SEO plugin. -->","yoast_head_json":{"title":"Salomon X Ultra 5 Mid GTX herren - Wanderschuhe - MioMioRun","description":"Der X-Ultra 5 Mid GORE-TEX ist ein stabiler und wasserdichter Schuh, der entwickelt wurde, um beim Wandern Halt, Komfort und Grip auf unterschiedlichem Terrain zu bieten.","robots":{"index":"index","follow":"follow","max-snippet":"max-snippet:-1","max-image-preview":"max-image-preview:large","max-video-preview":"max-video-preview:-1"},"canonical":"https:\/\/www.miomiorun.com\/de\/produkt\/x-ultra-5-mid-gtx-herren\/","og_locale":"de_DE","og_type":"article","og_title":"Salomon X Ultra 5 Mid GTX herren - Wanderschuhe - MioMioRun","og_description":"Der X-Ultra 5 Mid GORE-TEX ist ein stabiler und wasserdichter Schuh, der entwickelt wurde, um beim Wandern Halt, Komfort und Grip auf unterschiedlichem Terrain zu bieten.","og_url":"https:\/\/www.miomiorun.com\/de\/produkt\/x-ultra-5-mid-gtx-herren\/","og_site_name":"MioMioRun","article_publisher":"https:\/\/www.facebook.com\/miomiorun\/","article_modified_time":"2026-05-08T20:30:44+00:00","og_image":[{"width":600,"height":600,"url":"https:\/\/www.miomiorun.com\/app\/uploads\/2025\/03\/salomon-X-ULTRA-5-MID-GTX-peat-gray-green-blue-L47754300.webp","type":"image\/webp"}],"twitter_card":"summary_large_image","twitter_misc":{"Est. reading time":"2 minutes"},"schema":{"@context":"https:\/\/schema.org","@graph":[{"@type":"WebPage","@id":"https:\/\/www.miomiorun.com\/de\/produkt\/x-ultra-5-mid-gtx-herren\/","url":"https:\/\/www.miomiorun.com\/de\/produkt\/x-ultra-5-mid-gtx-herren\/","name":"Salomon X Ultra 5 Mid GTX herren - Wanderschuhe - MioMioRun","isPartOf":{"@id":"https:\/\/www.miomiorun.com\/de\/#website"},"primaryImageOfPage":{"@id":"https:\/\/www.miomiorun.com\/de\/produkt\/x-ultra-5-mid-gtx-herren\/#primaryimage"},"image":{"@id":"https:\/\/www.miomiorun.com\/de\/produkt\/x-ultra-5-mid-gtx-herren\/#primaryimage"},"thumbnailUrl":"https:\/\/www.miomiorun.com\/app\/uploads\/2025\/03\/salomon-X-ULTRA-5-MID-GTX-peat-gray-green-blue-L47754300.webp","datePublished":"2025-03-06T16:01:28+00:00","dateModified":"2026-05-08T20:30:44+00:00","description":"Der X-Ultra 5 Mid GORE-TEX ist ein stabiler und wasserdichter Schuh, der entwickelt wurde, um beim Wandern Halt, Komfort und Grip auf unterschiedlichem Terrain zu bieten.","breadcrumb":{"@id":"https:\/\/www.miomiorun.com\/de\/produkt\/x-ultra-5-mid-gtx-herren\/#breadcrumb"},"inLanguage":"de-DE","potentialAction":[{"@type":"ReadAction","target":["https:\/\/www.miomiorun.com\/de\/produkt\/x-ultra-5-mid-gtx-herren\/"]}]},{"@type":"ImageObject","inLanguage":"de-DE","@id":"https:\/\/www.miomiorun.com\/de\/produkt\/x-ultra-5-mid-gtx-herren\/#primaryimage","url":"https:\/\/www.miomiorun.com\/app\/uploads\/2025\/03\/salomon-X-ULTRA-5-MID-GTX-peat-gray-green-blue-L47754300.webp","contentUrl":"https:\/\/www.miomiorun.com\/app\/uploads\/2025\/03\/salomon-X-ULTRA-5-MID-GTX-peat-gray-green-blue-L47754300.webp","width":600,"height":600,"caption":"salomon X ULTRA 5 MID GTX peat gray green blue L47754300"},{"@type":"BreadcrumbList","@id":"https:\/\/www.miomiorun.com\/de\/produkt\/x-ultra-5-mid-gtx-herren\/#breadcrumb","itemListElement":[{"@type":"ListItem","position":1,"name":"Home","item":"https:\/\/www.miomiorun.com\/de\/"},{"@type":"ListItem","position":2,"name":"Shop","item":"https:\/\/www.miomiorun.com\/shop\/"},{"@type":"ListItem","position":3,"name":"X Ultra 5 Mid GTX herren"}]},{"@type":"WebSite","@id":"https:\/\/www.miomiorun.com\/de\/#website","url":"https:\/\/www.miomiorun.com\/de\/","name":"MioMioRun","description":"100% Lauf- und Trailshop","publisher":{"@id":"https:\/\/www.miomiorun.com\/de\/#organization"},"potentialAction":[{"@type":"SearchAction","target":{"@type":"EntryPoint","urlTemplate":"https:\/\/www.miomiorun.com\/de\/?s={search_term_string}"},"query-input":{"@type":"PropertyValueSpecification","valueRequired":true,"valueName":"search_term_string"}}],"inLanguage":"de-DE"},{"@type":"Organization","@id":"https:\/\/www.miomiorun.com\/de\/#organization","name":"MioMio Run","url":"https:\/\/www.miomiorun.com\/de\/","logo":{"@type":"ImageObject","inLanguage":"de-DE","@id":"https:\/\/www.miomiorun.com\/de\/#\/schema\/logo\/image\/","url":"https:\/\/www.miomiorun.com\/app\/uploads\/2019\/12\/logomio.png","contentUrl":"https:\/\/www.miomiorun.com\/app\/uploads\/2019\/12\/logomio.png","width":115,"height":82,"caption":"MioMio Run"},"image":{"@id":"https:\/\/www.miomiorun.com\/de\/#\/schema\/logo\/image\/"},"sameAs":["https:\/\/www.facebook.com\/miomiorun\/","https:\/\/www.instagram.com\/miomiorun\/"]}]}},"_links":{"self":[{"href":"https:\/\/www.miomiorun.com\/de\/wp-json\/wp\/v2\/product\/261506","targetHints":{"allow":["GET"]}}],"collection":[{"href":"https:\/\/www.miomiorun.com\/de\/wp-json\/wp\/v2\/product"}],"about":[{"href":"https:\/\/www.miomiorun.com\/de\/wp-json\/wp\/v2\/types\/product"}],"wp:featuredmedia":[{"embeddable":true,"href":"https:\/\/www.miomiorun.com\/de\/wp-json\/wp\/v2\/media\/265519"}],"wp:attachment":[{"href":"https:\/\/www.miomiorun.com\/de\/wp-json\/wp\/v2\/media?parent=261506"}],"wp:term":[{"taxonomy":"product_brand","embeddable":true,"href":"https:\/\/www.miomiorun.com\/de\/wp-json\/wp\/v2\/product_brand?post=261506"},{"taxonomy":"product_cat","embeddable":true,"href":"https:\/\/www.miomiorun.com\/de\/wp-json\/wp\/v2\/product_cat?post=261506"},{"taxonomy":"product_tag","embeddable":true,"href":"https:\/\/www.miomiorun.com\/de\/wp-json\/wp\/v2\/product_tag?post=261506"}],"curies":[{"name":"wp","href":"https:\/\/api.w.org\/{rel}","templated":true}]}}