{"id":261429,"date":"2025-03-06T16:26:58","date_gmt":"2025-03-06T15:26:58","guid":{"rendered":"https:\/\/miomiorun.com\/?post_type=product&#038;p=261429"},"modified":"2026-05-08T22:30:42","modified_gmt":"2026-05-08T20:30:42","slug":"x-ultra-5-gtx-damen","status":"publish","type":"product","link":"https:\/\/www.miomiorun.com\/de\/produkt\/x-ultra-5-gtx-damen\/","title":{"rendered":"X Ultra 5 GTX damen"},"content":{"rendered":"<div class=\"vc-row container\"><div class=\"vc-column\"><div class=\"vc-column-text\"><\/p>\n<p><strong>Technische Daten<\/strong><\/p>\n<p>Kategorie: Top-D\u00e4mpfung<br \/>\nGewicht: 380 g<br \/>\nIdeal f\u00fcr : Liebhaber von Trekking und langen Wanderungen, die ein gut gepolstertes und sch\u00fctzendes Modell suchen, das mit Gore-Tex-Membranen ausgestattet ist, um die F\u00fc\u00dfe auch bei Regen trocken zu halten und maximalen Komfort auf sehr langen Strecken zu bieten.<br \/>\nAthletengewicht : 55-80 kg<br \/>\nLauftempo : mittel (6.00 min\/km)<br \/>\n<a href=\"https:\/\/miomiorun.com\/de\/leitfaden-fuer-technische-spezifikationen\/\">Leitfaden f\u00fcr technische Daten<\/a><\/p>\n<p><\/div><\/div><div class=\"vc-column\"><div class=\"vc-column-text\">Liebe Wander- und Abenteuerfreunde, heute stellen wir Ihnen einen Schuh vor, der Zuverl\u00e4ssigkeit und Leistung bei jedem Schritt nicht nur verspricht, sondern garantiert: den <strong>X-Ultra 5 GORE-TEX<\/strong>.<\/p>\n<p>Der X-Ultra 5 wurde f\u00fcr all diejenigen entwickelt, die die Wege mit Selbstvertrauen und Elan erkunden m\u00f6chten. Er ist der perfekte Verb\u00fcndete f\u00fcr die Bew\u00e4ltigung jeder Art von Gel\u00e4nde, vom anspruchsvollsten Aufstieg bis zum technischsten Abstieg. Mit seinem leichten und dennoch unglaublich stabilen Design wird jede Bewegung nat\u00fcrlich und kontrolliert sein, f\u00fcr einen fl\u00fcssigen und sicheren Gang.<\/p>\n<p>Das <strong>Obermaterial aus Matryx\u00ae<\/strong> bietet eine au\u00dfergew\u00f6hnliche Strapazierf\u00e4higkeit, die auch den h\u00e4rtesten Herausforderungen auf den Trails standh\u00e4lt. In Kombination mit der <strong>Contagrip\u00ae-Sohle<\/strong> bietet er perfekten Grip auf jedem Untergrund: schlammig, felsig oder nass, so dass Sie jede Wetterbedingung mit vollem Vertrauen angehen k\u00f6nnen.<\/p>\n<p>Komfort steht an erster Stelle: Der Kragenbereich ist so konzipiert, dass er eine lang anhaltende Passform gew\u00e4hrleistet, ohne dabei auf Schutz und Halt zu verzichten. <strong>GORE-TEX\u00ae<\/strong> sch\u00fctzt Sie vor Feuchtigkeit und h\u00e4lt Ihre F\u00fc\u00dfe auch im nassesten Gel\u00e4nde trocken, damit Sie Ihre Wanderung ohne Ablenkung genie\u00dfen k\u00f6nnen.<\/p>\n<p>Der <strong>X-Ultra 5 GORE-TEX<\/strong> ist leicht, stabil und wasserdicht und eignet sich perfekt f\u00fcr Tageswanderungen in gemischtem, leichtem, schlammigem, felsigem oder nassem Terrain. Mit einem Gewicht von nur <strong>380 g<\/strong> und einem <strong>hohen Fu\u00dfschutz<\/strong> ist dieser Schuh der ideale Begleiter f\u00fcr alle, die hohe Leistung und Komfort bei jedem Schritt suchen.<\/p>\n<p>Egal, ob Sie einen Tag wandern oder ein Bergabenteuer erleben wollen, lassen Sie sich nicht vom Terrain beeinflussen. Entscheiden Sie sich f\u00fcr den <strong>X-Ultra 5 GORE-TEX<\/strong>: ein Plus an Sicherheit, Komfort und Leistung.<\/p>\n<p>&nbsp;<\/div><\/div><\/div>\n","protected":false},"excerpt":{"rendered":"<ul>\n<li>Stabilit\u00e4t: Advanced Chassis kombiniert mit Active Support garantieren seitliche Stabilit\u00e4t, ohne die Beweglichkeit des Fu\u00dfes einzuschr\u00e4nken<\/li>\n<li>Grip und Traktion: All-Terrain Contagrip sorgt jederzeit f\u00fcr effiziente Traktion<\/li>\n<li>Protective: Mix aus Matrix, vern\u00e4htem Obermaterial und GORE-TEX bieten Schutz<\/li>\n<\/ul>\n","protected":false},"featured_media":265365,"template":"","meta":{"_acf_changed":false,"inline_featured_image":false},"product_brand":[],"product_cat":[6474,6491],"product_tag":[20480,20485],"class_list":{"0":"post-261429","1":"product","2":"type-product","3":"status-publish","4":"has-post-thumbnail","6":"product_cat-damenschuhe","7":"product_cat-damentrailschuhe","8":"product_tag-salomon-de","9":"product_tag-salomon-damen","10":"pa_attivita-outdoor-de","11":"pa_colore-x-ultra-5-gtx-w-seagrass-turbul-tender-de","12":"pa_colore-x-ultra-5-gtx-w-spellbound-mnment-duskyo","13":"pa_marca-salomon-de","14":"pa_sesso-damen","15":"pa_size-38-de","17":"pa_size-39-de","18":"pa_size-40-de","20":"pa_size-41-de","22":"first","23":"instock","24":"sale","25":"taxable","26":"shipping-taxable","27":"purchasable","28":"product-type-variable","29":"wvs-archive-product-wrapper"},"acf":[],"yoast_head":"<!-- This site is optimized with the Yoast SEO plugin v26.8 - https:\/\/yoast.com\/product\/yoast-seo-wordpress\/ -->\n<title>Salomon X Ultra 5 GTX damen - Wanderschuhe - MioMioRun<\/title>\n<meta name=\"description\" content=\"Der X-Ultra 5 GORE-TEX ist ein stabiler, wasserdichter Schuh, der bei Ihren Wanderungen in jedem Gel\u00e4nde f\u00fcr Komfort, Halt und Schutz sorgt.\" \/>\n<meta name=\"robots\" content=\"index, follow, max-snippet:-1, max-image-preview:large, max-video-preview:-1\" \/>\n<link rel=\"canonical\" href=\"https:\/\/www.miomiorun.com\/de\/produkt\/x-ultra-5-gtx-damen\/\" \/>\n<meta property=\"og:locale\" content=\"de_DE\" \/>\n<meta property=\"og:type\" content=\"article\" \/>\n<meta property=\"og:title\" content=\"Salomon X Ultra 5 GTX damen - Wanderschuhe - MioMioRun\" \/>\n<meta property=\"og:description\" content=\"Der X-Ultra 5 GORE-TEX ist ein stabiler, wasserdichter Schuh, der bei Ihren Wanderungen in jedem Gel\u00e4nde f\u00fcr Komfort, Halt und Schutz sorgt.\" \/>\n<meta property=\"og:url\" content=\"https:\/\/www.miomiorun.com\/de\/produkt\/x-ultra-5-gtx-damen\/\" \/>\n<meta property=\"og:site_name\" content=\"MioMioRun\" \/>\n<meta property=\"article:publisher\" content=\"https:\/\/www.facebook.com\/miomiorun\/\" \/>\n<meta property=\"article:modified_time\" content=\"2026-05-08T20:30:42+00:00\" \/>\n<meta property=\"og:image\" content=\"https:\/\/www.miomiorun.com\/app\/uploads\/2025\/03\/salomon-X-ULTRA-5-GTX-W-seagrass-turbul-tender-L47726300.webp\" \/>\n\t<meta property=\"og:image:width\" content=\"600\" \/>\n\t<meta property=\"og:image:height\" content=\"600\" \/>\n\t<meta property=\"og:image:type\" content=\"image\/webp\" \/>\n<meta name=\"twitter:card\" content=\"summary_large_image\" \/>\n<meta name=\"twitter:label1\" content=\"Est. reading time\" \/>\n\t<meta name=\"twitter:data1\" content=\"2 minutes\" \/>\n<script type=\"application\/ld+json\" class=\"yoast-schema-graph\">{\"@context\":\"https:\/\/schema.org\",\"@graph\":[{\"@type\":\"WebPage\",\"@id\":\"https:\/\/www.miomiorun.com\/de\/produkt\/x-ultra-5-gtx-damen\/\",\"url\":\"https:\/\/www.miomiorun.com\/de\/produkt\/x-ultra-5-gtx-damen\/\",\"name\":\"Salomon X Ultra 5 GTX damen - Wanderschuhe - MioMioRun\",\"isPartOf\":{\"@id\":\"https:\/\/www.miomiorun.com\/de\/#website\"},\"primaryImageOfPage\":{\"@id\":\"https:\/\/www.miomiorun.com\/de\/produkt\/x-ultra-5-gtx-damen\/#primaryimage\"},\"image\":{\"@id\":\"https:\/\/www.miomiorun.com\/de\/produkt\/x-ultra-5-gtx-damen\/#primaryimage\"},\"thumbnailUrl\":\"https:\/\/www.miomiorun.com\/app\/uploads\/2025\/03\/salomon-X-ULTRA-5-GTX-W-seagrass-turbul-tender-L47726300.webp\",\"datePublished\":\"2025-03-06T15:26:58+00:00\",\"dateModified\":\"2026-05-08T20:30:42+00:00\",\"description\":\"Der X-Ultra 5 GORE-TEX ist ein stabiler, wasserdichter Schuh, der bei Ihren Wanderungen in jedem Gel\u00e4nde f\u00fcr Komfort, Halt und Schutz sorgt.\",\"breadcrumb\":{\"@id\":\"https:\/\/www.miomiorun.com\/de\/produkt\/x-ultra-5-gtx-damen\/#breadcrumb\"},\"inLanguage\":\"de-DE\",\"potentialAction\":[{\"@type\":\"ReadAction\",\"target\":[\"https:\/\/www.miomiorun.com\/de\/produkt\/x-ultra-5-gtx-damen\/\"]}]},{\"@type\":\"ImageObject\",\"inLanguage\":\"de-DE\",\"@id\":\"https:\/\/www.miomiorun.com\/de\/produkt\/x-ultra-5-gtx-damen\/#primaryimage\",\"url\":\"https:\/\/www.miomiorun.com\/app\/uploads\/2025\/03\/salomon-X-ULTRA-5-GTX-W-seagrass-turbul-tender-L47726300.webp\",\"contentUrl\":\"https:\/\/www.miomiorun.com\/app\/uploads\/2025\/03\/salomon-X-ULTRA-5-GTX-W-seagrass-turbul-tender-L47726300.webp\",\"width\":600,\"height\":600,\"caption\":\"salomon X ULTRA 5 GTX W seagrass turbul tender L47726300\"},{\"@type\":\"BreadcrumbList\",\"@id\":\"https:\/\/www.miomiorun.com\/de\/produkt\/x-ultra-5-gtx-damen\/#breadcrumb\",\"itemListElement\":[{\"@type\":\"ListItem\",\"position\":1,\"name\":\"Home\",\"item\":\"https:\/\/www.miomiorun.com\/de\/\"},{\"@type\":\"ListItem\",\"position\":2,\"name\":\"Shop\",\"item\":\"https:\/\/www.miomiorun.com\/shop\/\"},{\"@type\":\"ListItem\",\"position\":3,\"name\":\"X Ultra 5 GTX damen\"}]},{\"@type\":\"WebSite\",\"@id\":\"https:\/\/www.miomiorun.com\/de\/#website\",\"url\":\"https:\/\/www.miomiorun.com\/de\/\",\"name\":\"MioMioRun\",\"description\":\"100% Lauf- und Trailshop\",\"publisher\":{\"@id\":\"https:\/\/www.miomiorun.com\/de\/#organization\"},\"potentialAction\":[{\"@type\":\"SearchAction\",\"target\":{\"@type\":\"EntryPoint\",\"urlTemplate\":\"https:\/\/www.miomiorun.com\/de\/?s={search_term_string}\"},\"query-input\":{\"@type\":\"PropertyValueSpecification\",\"valueRequired\":true,\"valueName\":\"search_term_string\"}}],\"inLanguage\":\"de-DE\"},{\"@type\":\"Organization\",\"@id\":\"https:\/\/www.miomiorun.com\/de\/#organization\",\"name\":\"MioMio Run\",\"url\":\"https:\/\/www.miomiorun.com\/de\/\",\"logo\":{\"@type\":\"ImageObject\",\"inLanguage\":\"de-DE\",\"@id\":\"https:\/\/www.miomiorun.com\/de\/#\/schema\/logo\/image\/\",\"url\":\"https:\/\/www.miomiorun.com\/app\/uploads\/2019\/12\/logomio.png\",\"contentUrl\":\"https:\/\/www.miomiorun.com\/app\/uploads\/2019\/12\/logomio.png\",\"width\":115,\"height\":82,\"caption\":\"MioMio Run\"},\"image\":{\"@id\":\"https:\/\/www.miomiorun.com\/de\/#\/schema\/logo\/image\/\"},\"sameAs\":[\"https:\/\/www.facebook.com\/miomiorun\/\",\"https:\/\/www.instagram.com\/miomiorun\/\"]}]}<\/script>\n<!-- \/ Yoast SEO plugin. -->","yoast_head_json":{"title":"Salomon X Ultra 5 GTX damen - Wanderschuhe - MioMioRun","description":"Der X-Ultra 5 GORE-TEX ist ein stabiler, wasserdichter Schuh, der bei Ihren Wanderungen in jedem Gel\u00e4nde f\u00fcr Komfort, Halt und Schutz sorgt.","robots":{"index":"index","follow":"follow","max-snippet":"max-snippet:-1","max-image-preview":"max-image-preview:large","max-video-preview":"max-video-preview:-1"},"canonical":"https:\/\/www.miomiorun.com\/de\/produkt\/x-ultra-5-gtx-damen\/","og_locale":"de_DE","og_type":"article","og_title":"Salomon X Ultra 5 GTX damen - Wanderschuhe - MioMioRun","og_description":"Der X-Ultra 5 GORE-TEX ist ein stabiler, wasserdichter Schuh, der bei Ihren Wanderungen in jedem Gel\u00e4nde f\u00fcr Komfort, Halt und Schutz sorgt.","og_url":"https:\/\/www.miomiorun.com\/de\/produkt\/x-ultra-5-gtx-damen\/","og_site_name":"MioMioRun","article_publisher":"https:\/\/www.facebook.com\/miomiorun\/","article_modified_time":"2026-05-08T20:30:42+00:00","og_image":[{"width":600,"height":600,"url":"https:\/\/www.miomiorun.com\/app\/uploads\/2025\/03\/salomon-X-ULTRA-5-GTX-W-seagrass-turbul-tender-L47726300.webp","type":"image\/webp"}],"twitter_card":"summary_large_image","twitter_misc":{"Est. reading time":"2 minutes"},"schema":{"@context":"https:\/\/schema.org","@graph":[{"@type":"WebPage","@id":"https:\/\/www.miomiorun.com\/de\/produkt\/x-ultra-5-gtx-damen\/","url":"https:\/\/www.miomiorun.com\/de\/produkt\/x-ultra-5-gtx-damen\/","name":"Salomon X Ultra 5 GTX damen - Wanderschuhe - MioMioRun","isPartOf":{"@id":"https:\/\/www.miomiorun.com\/de\/#website"},"primaryImageOfPage":{"@id":"https:\/\/www.miomiorun.com\/de\/produkt\/x-ultra-5-gtx-damen\/#primaryimage"},"image":{"@id":"https:\/\/www.miomiorun.com\/de\/produkt\/x-ultra-5-gtx-damen\/#primaryimage"},"thumbnailUrl":"https:\/\/www.miomiorun.com\/app\/uploads\/2025\/03\/salomon-X-ULTRA-5-GTX-W-seagrass-turbul-tender-L47726300.webp","datePublished":"2025-03-06T15:26:58+00:00","dateModified":"2026-05-08T20:30:42+00:00","description":"Der X-Ultra 5 GORE-TEX ist ein stabiler, wasserdichter Schuh, der bei Ihren Wanderungen in jedem Gel\u00e4nde f\u00fcr Komfort, Halt und Schutz sorgt.","breadcrumb":{"@id":"https:\/\/www.miomiorun.com\/de\/produkt\/x-ultra-5-gtx-damen\/#breadcrumb"},"inLanguage":"de-DE","potentialAction":[{"@type":"ReadAction","target":["https:\/\/www.miomiorun.com\/de\/produkt\/x-ultra-5-gtx-damen\/"]}]},{"@type":"ImageObject","inLanguage":"de-DE","@id":"https:\/\/www.miomiorun.com\/de\/produkt\/x-ultra-5-gtx-damen\/#primaryimage","url":"https:\/\/www.miomiorun.com\/app\/uploads\/2025\/03\/salomon-X-ULTRA-5-GTX-W-seagrass-turbul-tender-L47726300.webp","contentUrl":"https:\/\/www.miomiorun.com\/app\/uploads\/2025\/03\/salomon-X-ULTRA-5-GTX-W-seagrass-turbul-tender-L47726300.webp","width":600,"height":600,"caption":"salomon X ULTRA 5 GTX W seagrass turbul tender L47726300"},{"@type":"BreadcrumbList","@id":"https:\/\/www.miomiorun.com\/de\/produkt\/x-ultra-5-gtx-damen\/#breadcrumb","itemListElement":[{"@type":"ListItem","position":1,"name":"Home","item":"https:\/\/www.miomiorun.com\/de\/"},{"@type":"ListItem","position":2,"name":"Shop","item":"https:\/\/www.miomiorun.com\/shop\/"},{"@type":"ListItem","position":3,"name":"X Ultra 5 GTX damen"}]},{"@type":"WebSite","@id":"https:\/\/www.miomiorun.com\/de\/#website","url":"https:\/\/www.miomiorun.com\/de\/","name":"MioMioRun","description":"100% Lauf- und Trailshop","publisher":{"@id":"https:\/\/www.miomiorun.com\/de\/#organization"},"potentialAction":[{"@type":"SearchAction","target":{"@type":"EntryPoint","urlTemplate":"https:\/\/www.miomiorun.com\/de\/?s={search_term_string}"},"query-input":{"@type":"PropertyValueSpecification","valueRequired":true,"valueName":"search_term_string"}}],"inLanguage":"de-DE"},{"@type":"Organization","@id":"https:\/\/www.miomiorun.com\/de\/#organization","name":"MioMio Run","url":"https:\/\/www.miomiorun.com\/de\/","logo":{"@type":"ImageObject","inLanguage":"de-DE","@id":"https:\/\/www.miomiorun.com\/de\/#\/schema\/logo\/image\/","url":"https:\/\/www.miomiorun.com\/app\/uploads\/2019\/12\/logomio.png","contentUrl":"https:\/\/www.miomiorun.com\/app\/uploads\/2019\/12\/logomio.png","width":115,"height":82,"caption":"MioMio Run"},"image":{"@id":"https:\/\/www.miomiorun.com\/de\/#\/schema\/logo\/image\/"},"sameAs":["https:\/\/www.facebook.com\/miomiorun\/","https:\/\/www.instagram.com\/miomiorun\/"]}]}},"_links":{"self":[{"href":"https:\/\/www.miomiorun.com\/de\/wp-json\/wp\/v2\/product\/261429","targetHints":{"allow":["GET"]}}],"collection":[{"href":"https:\/\/www.miomiorun.com\/de\/wp-json\/wp\/v2\/product"}],"about":[{"href":"https:\/\/www.miomiorun.com\/de\/wp-json\/wp\/v2\/types\/product"}],"wp:featuredmedia":[{"embeddable":true,"href":"https:\/\/www.miomiorun.com\/de\/wp-json\/wp\/v2\/media\/265365"}],"wp:attachment":[{"href":"https:\/\/www.miomiorun.com\/de\/wp-json\/wp\/v2\/media?parent=261429"}],"wp:term":[{"taxonomy":"product_brand","embeddable":true,"href":"https:\/\/www.miomiorun.com\/de\/wp-json\/wp\/v2\/product_brand?post=261429"},{"taxonomy":"product_cat","embeddable":true,"href":"https:\/\/www.miomiorun.com\/de\/wp-json\/wp\/v2\/product_cat?post=261429"},{"taxonomy":"product_tag","embeddable":true,"href":"https:\/\/www.miomiorun.com\/de\/wp-json\/wp\/v2\/product_tag?post=261429"}],"curies":[{"name":"wp","href":"https:\/\/api.w.org\/{rel}","templated":true}]}}