{"id":261123,"date":"2025-03-05T11:32:59","date_gmt":"2025-03-05T10:32:59","guid":{"rendered":"https:\/\/miomiorun.com\/?post_type=product&#038;p=261123"},"modified":"2025-06-21T10:11:43","modified_gmt":"2025-06-21T08:11:43","slug":"endorphin-elite-2","status":"publish","type":"product","link":"https:\/\/www.miomiorun.com\/de\/produkt\/endorphin-elite-2\/","title":{"rendered":"Endorphin Elite 2"},"content":{"rendered":"<div class=\"vc-row container\"><div class=\"vc-column\"><div class=\"vc-column-text\"><\/p>\n<h4>Technische Daten<\/h4>\n<p>Kategorie: Mittlere D\u00e4mpfung<br \/>\nVersatz: 8 mm (39,5\/31,5 mm)<br \/>\nGewicht: 199 g<br \/>\nIdeal f\u00fcr: fortgeschrittene L\u00e4ufer, die gleichzeitig sehr hohe Leistung und Laufkomfort suchen, um bei Wettk\u00e4mpfen oder bei hochintensivem Training gute Ergebnisse zu erzielen.<br \/>\nGewicht des Athleten: 50-65 kg<br \/>\nLauftempo: schnell (&gt;4.00 min\/km)<br \/>\n<a href=\"https:\/\/miomiorun.com\/de\/leitfaden-fuer-technische-spezifikationen\/\">Spezifikationen<\/a><\/p>\n<p><\/div><div style=\"height:52px\" class=\"vc-empty-space\"><\/div><div class=\"vc-column-text\"><\/p>\n<p><div style=\"width: 720px;\" class=\"wp-video\"><video class=\"wp-video-shortcode\" id=\"video-261123-1\" width=\"720\" height=\"1280\" loop autoplay preload=\"metadata\" controls=\"controls\"><source type=\"video\/mp4\" src=\"https:\/\/miomiorun.com\/wp-content\/uploads\/2025\/03\/ENDORPHINE-ELITE-2.mp4?_=1\" \/><a href=\"https:\/\/miomiorun.com\/wp-content\/uploads\/2025\/03\/ENDORPHINE-ELITE-2.mp4\">https:\/\/miomiorun.com\/wp-content\/uploads\/2025\/03\/ENDORPHINE-ELITE-2.mp4<\/a><\/video><\/div><\/p>\n<p><\/div><div style=\"height:32px\" class=\"vc-empty-space\"><\/div><\/div><div class=\"vc-column\"><div class=\"vc-column-text\"><em>Endorphin Elite 2<\/em>, der Rennschuh, der dich mit der Gewissheit an die Startlinie bringt, dass niemand besser ausger\u00fcstet ist als du. Dies ist der Schuh f\u00fcr diejenigen, die unglaubliche Leistung, Leichtigkeit und Geschwindigkeit wollen, genau am Renntag, wenn jedes Detail z\u00e4hlt.<\/p>\n<p>Der <em>Endorphin Elite 2<\/em> verf\u00fcgt \u00fcber die revolution\u00e4re SpeedRoll-Technologie, die durch den v\u00f6llig neuen incrediRUN-Schaumstoff angetrieben wird. Dieser Schaumstoff bietet im Gegensatz zu all seinen Vorg\u00e4ngern ein Ma\u00df an Energier\u00fcckgabe und D\u00e4mpfung, das Sie noch nie zuvor gesehen haben. Sie werden sich f\u00fchlen, als w\u00fcrden Sie fliegen, denn jeder Schritt gibt unglaubliche Energie zur\u00fcck und sorgt f\u00fcr einen noch schnelleren und reaktionsfreudigeren Gang. Ein Gef\u00fchl, das man erlebt haben muss, um es zu glauben!<\/p>\n<p>Der Schuh ist au\u00dferdem mit einer <strong>durchgehenden Karbonfaserplatte<\/strong> ausgestattet, die die Flexibilit\u00e4t des Mittelfu\u00dfes maximiert und dir einen kontinuierlichen Schub gibt, Schritt f\u00fcr Schritt. Und das ist noch nicht alles: Das fortschrittliche Profil macht diesen Schuh zu unserer aggressivsten Option f\u00fcr den Rennsport und optimiert die Traktion auf jedem Untergrund, w\u00e4hrend die d\u00fcnne, griffige <strong>PWRTRAC-Gummisohle<\/strong> dir das Vertrauen gibt, jedes Terrain zu meistern, ohne die Geschwindigkeit zu beeintr\u00e4chtigen.<\/p>\n<p>Das Obermaterial ist leicht und aerodynamisch, um die <strong>Atmungsaktivit\u00e4t<\/strong> \u00fcber lange Strecken zu f\u00f6rdern, und die nahtlos geformte Ferse sorgt f\u00fcr eine perfekte, sichere und bequeme Passform, damit Sie sich ganz auf das Rennen konzentrieren k\u00f6nnen.<\/p>\n<p>Mit einem unglaublichen Gewicht von nur <strong>199 g<\/strong> ist der Endorphin Elite 2 der ideale Schuh f\u00fcr alle, die rekordverd\u00e4chtige Leistungen erzielen wollen. Und f\u00fcr diejenigen, die auch umweltbewusst sind, sei gesagt, dass dieser Schuh <strong>vegan<\/strong> ist und aus <strong>recycelten Materialien<\/strong> hergestellt wird, was eine nachhaltige Wahl darstellt, ohne Kompromisse bei der Leistung einzugehen.<\/p>\n<p>Wenn Sie bereit sind, am Tag des Rennens alles zu geben, ist der Endorphin Elite 2 der Schuh, den Sie gesucht haben. Verpassen Sie diese Gelegenheit nicht: Exzellenz erwartet Sie am Start!<\/div><div class=\"vc-column-text\"><a href=\"https:\/\/miomiorun.com\/wp-content\/uploads\/2025\/03\/saucony-Endorphin-Elite-2-dettaglio-2.webp\"><img loading=\"lazy\" decoding=\"async\" class=\"alignnone wp-image-263086 size-medium\" src=\"https:\/\/miomiorun.com\/wp-content\/uploads\/2025\/03\/saucony-Endorphin-Elite-2-dettaglio-2-300x300.webp\" alt=\"\" width=\"300\" height=\"300\" srcset=\"https:\/\/www.miomiorun.com\/app\/uploads\/2025\/03\/saucony-Endorphin-Elite-2-dettaglio-2-300x300.webp 300w, https:\/\/www.miomiorun.com\/app\/uploads\/2025\/03\/saucony-Endorphin-Elite-2-dettaglio-2-100x100.webp 100w, https:\/\/www.miomiorun.com\/app\/uploads\/2025\/03\/saucony-Endorphin-Elite-2-dettaglio-2-150x150.webp 150w, https:\/\/www.miomiorun.com\/app\/uploads\/2025\/03\/saucony-Endorphin-Elite-2-dettaglio-2-400x400.webp 400w, https:\/\/www.miomiorun.com\/app\/uploads\/2025\/03\/saucony-Endorphin-Elite-2-dettaglio-2-85x85.webp 85w, https:\/\/www.miomiorun.com\/app\/uploads\/2025\/03\/saucony-Endorphin-Elite-2-dettaglio-2-50x50.webp 50w, https:\/\/www.miomiorun.com\/app\/uploads\/2025\/03\/saucony-Endorphin-Elite-2-dettaglio-2-32x32.webp 32w, https:\/\/www.miomiorun.com\/app\/uploads\/2025\/03\/saucony-Endorphin-Elite-2-dettaglio-2-480x480.webp 480w, https:\/\/www.miomiorun.com\/app\/uploads\/2025\/03\/saucony-Endorphin-Elite-2-dettaglio-2.webp 600w\" sizes=\"auto, (max-width: 300px) 100vw, 300px\" \/><\/a><a href=\"https:\/\/miomiorun.com\/wp-content\/uploads\/2025\/03\/saucony-Endorphin-Elite-2-dettaglio-3.webp\"><img loading=\"lazy\" decoding=\"async\" class=\"alignnone wp-image-263091 size-medium\" src=\"https:\/\/miomiorun.com\/wp-content\/uploads\/2025\/03\/saucony-Endorphin-Elite-2-dettaglio-3-300x300.webp\" alt=\"\" width=\"300\" height=\"300\" srcset=\"https:\/\/www.miomiorun.com\/app\/uploads\/2025\/03\/saucony-Endorphin-Elite-2-dettaglio-3-300x300.webp 300w, https:\/\/www.miomiorun.com\/app\/uploads\/2025\/03\/saucony-Endorphin-Elite-2-dettaglio-3-100x100.webp 100w, https:\/\/www.miomiorun.com\/app\/uploads\/2025\/03\/saucony-Endorphin-Elite-2-dettaglio-3-150x150.webp 150w, https:\/\/www.miomiorun.com\/app\/uploads\/2025\/03\/saucony-Endorphin-Elite-2-dettaglio-3-400x400.webp 400w, https:\/\/www.miomiorun.com\/app\/uploads\/2025\/03\/saucony-Endorphin-Elite-2-dettaglio-3-85x85.webp 85w, https:\/\/www.miomiorun.com\/app\/uploads\/2025\/03\/saucony-Endorphin-Elite-2-dettaglio-3-50x50.webp 50w, https:\/\/www.miomiorun.com\/app\/uploads\/2025\/03\/saucony-Endorphin-Elite-2-dettaglio-3-32x32.webp 32w, https:\/\/www.miomiorun.com\/app\/uploads\/2025\/03\/saucony-Endorphin-Elite-2-dettaglio-3-480x480.webp 480w, https:\/\/www.miomiorun.com\/app\/uploads\/2025\/03\/saucony-Endorphin-Elite-2-dettaglio-3.webp 600w\" sizes=\"auto, (max-width: 300px) 100vw, 300px\" \/><\/a><a href=\"https:\/\/miomiorun.com\/wp-content\/uploads\/2025\/03\/saucony-Endorphin-Elite-2-dettaglio.webp\"><img loading=\"lazy\" decoding=\"async\" class=\"alignnone wp-image-263096 size-medium\" src=\"https:\/\/miomiorun.com\/wp-content\/uploads\/2025\/03\/saucony-Endorphin-Elite-2-dettaglio-300x300.webp\" alt=\"\" width=\"300\" height=\"300\" srcset=\"https:\/\/www.miomiorun.com\/app\/uploads\/2025\/03\/saucony-Endorphin-Elite-2-dettaglio-300x300.webp 300w, https:\/\/www.miomiorun.com\/app\/uploads\/2025\/03\/saucony-Endorphin-Elite-2-dettaglio-100x100.webp 100w, https:\/\/www.miomiorun.com\/app\/uploads\/2025\/03\/saucony-Endorphin-Elite-2-dettaglio-150x150.webp 150w, https:\/\/www.miomiorun.com\/app\/uploads\/2025\/03\/saucony-Endorphin-Elite-2-dettaglio-400x400.webp 400w, https:\/\/www.miomiorun.com\/app\/uploads\/2025\/03\/saucony-Endorphin-Elite-2-dettaglio-85x85.webp 85w, https:\/\/www.miomiorun.com\/app\/uploads\/2025\/03\/saucony-Endorphin-Elite-2-dettaglio-50x50.webp 50w, https:\/\/www.miomiorun.com\/app\/uploads\/2025\/03\/saucony-Endorphin-Elite-2-dettaglio-32x32.webp 32w, https:\/\/www.miomiorun.com\/app\/uploads\/2025\/03\/saucony-Endorphin-Elite-2-dettaglio-480x480.webp 480w, https:\/\/www.miomiorun.com\/app\/uploads\/2025\/03\/saucony-Endorphin-Elite-2-dettaglio.webp 600w\" sizes=\"auto, (max-width: 300px) 100vw, 300px\" \/><\/a><a href=\"https:\/\/miomiorun.com\/wp-content\/uploads\/2025\/03\/saucony-Endorphin-Elite-2-intersuola.webp\"><img loading=\"lazy\" decoding=\"async\" class=\"alignnone wp-image-263101 size-medium\" src=\"https:\/\/miomiorun.com\/wp-content\/uploads\/2025\/03\/saucony-Endorphin-Elite-2-intersuola-300x300.webp\" alt=\"\" width=\"300\" height=\"300\" srcset=\"https:\/\/www.miomiorun.com\/app\/uploads\/2025\/03\/saucony-Endorphin-Elite-2-intersuola-300x300.webp 300w, https:\/\/www.miomiorun.com\/app\/uploads\/2025\/03\/saucony-Endorphin-Elite-2-intersuola-100x100.webp 100w, https:\/\/www.miomiorun.com\/app\/uploads\/2025\/03\/saucony-Endorphin-Elite-2-intersuola-150x150.webp 150w, https:\/\/www.miomiorun.com\/app\/uploads\/2025\/03\/saucony-Endorphin-Elite-2-intersuola-400x400.webp 400w, https:\/\/www.miomiorun.com\/app\/uploads\/2025\/03\/saucony-Endorphin-Elite-2-intersuola-85x85.webp 85w, https:\/\/www.miomiorun.com\/app\/uploads\/2025\/03\/saucony-Endorphin-Elite-2-intersuola-50x50.webp 50w, https:\/\/www.miomiorun.com\/app\/uploads\/2025\/03\/saucony-Endorphin-Elite-2-intersuola-32x32.webp 32w, https:\/\/www.miomiorun.com\/app\/uploads\/2025\/03\/saucony-Endorphin-Elite-2-intersuola-480x480.webp 480w, https:\/\/www.miomiorun.com\/app\/uploads\/2025\/03\/saucony-Endorphin-Elite-2-intersuola.webp 600w\" sizes=\"auto, (max-width: 300px) 100vw, 300px\" \/><\/a><\/div><\/div><\/div>\n","protected":false},"excerpt":{"rendered":"<ul>\n<li>PWRTRAC<\/li>\n<li>8mm TIEFEN<\/li>\n<li>KARBONPLATTE<\/li>\n<li>INCREDIRUN<\/li>\n<\/ul>\n","protected":false},"featured_media":385635,"template":"","meta":{"_acf_changed":false,"inline_featured_image":false},"product_brand":[],"product_cat":[6507,6506,6474,6475],"product_tag":[3391,33804,6311],"class_list":{"0":"post-261123","1":"product","2":"type-product","3":"status-publish","4":"has-post-thumbnail","6":"product_cat-herren-schuhe-de","7":"product_cat-neutrale-herren-schuhe-de","8":"product_cat-damenschuhe","9":"product_cat-neutral","10":"product_tag-saucony-de","11":"product_tag-saucony-donna-de","12":"product_tag-saucony-herren-de","13":"pa_attivita-running-de","14":"pa_colore-endorphin-elite-2-splash-fire-de","15":"pa_colore-endorphin-elite-2-white-crimson-de","16":"pa_marca-saucony-de","17":"pa_sesso-damen","18":"pa_sesso-herren","19":"pa_size-41-de","20":"pa_size-42-de","21":"pa_size-42-5-de","22":"pa_size-43-de","23":"pa_size-44-de","24":"pa_size-44-5-de","25":"pa_size-45-de","27":"first","28":"instock","29":"sale","30":"taxable","31":"shipping-taxable","32":"purchasable","33":"product-type-variable","34":"wvs-archive-product-wrapper"},"acf":[],"yoast_head":"<!-- This site is optimized with the Yoast SEO plugin v26.8 - https:\/\/yoast.com\/product\/yoast-seo-wordpress\/ -->\n<title>Saucony Endorphin Elite 2 - Laufschuhe - MioMioRun<\/title>\n<meta name=\"description\" content=\"Der Endorphin Elite 2 ist ein ultraleichter und reaktionsfreudiger Rennschuh mit hochwertigen Komponenten, der dich bis zur Ziellinie bringen wird.\" \/>\n<meta name=\"robots\" content=\"index, follow, max-snippet:-1, max-image-preview:large, max-video-preview:-1\" \/>\n<link rel=\"canonical\" href=\"https:\/\/www.miomiorun.com\/de\/produkt\/endorphin-elite-2\/\" \/>\n<meta property=\"og:locale\" content=\"de_DE\" \/>\n<meta property=\"og:type\" content=\"article\" \/>\n<meta property=\"og:title\" content=\"Saucony Endorphin Elite 2 - Laufschuhe - MioMioRun\" \/>\n<meta property=\"og:description\" content=\"Der Endorphin Elite 2 ist ein ultraleichter und reaktionsfreudiger Rennschuh mit hochwertigen Komponenten, der dich bis zur Ziellinie bringen wird.\" \/>\n<meta property=\"og:url\" content=\"https:\/\/www.miomiorun.com\/de\/produkt\/endorphin-elite-2\/\" \/>\n<meta property=\"og:site_name\" content=\"MioMioRun\" \/>\n<meta property=\"article:publisher\" content=\"https:\/\/www.facebook.com\/miomiorun\/\" \/>\n<meta property=\"article:modified_time\" content=\"2025-06-21T08:11:43+00:00\" \/>\n<meta property=\"og:image\" content=\"https:\/\/www.miomiorun.com\/app\/uploads\/2025\/03\/saucony-Endorphin-Elite-2-white-peel-S30994-130.webp\" \/>\n\t<meta property=\"og:image:width\" content=\"600\" \/>\n\t<meta property=\"og:image:height\" content=\"600\" \/>\n\t<meta property=\"og:image:type\" content=\"image\/webp\" \/>\n<meta name=\"twitter:card\" content=\"summary_large_image\" \/>\n<meta name=\"twitter:label1\" content=\"Est. reading time\" \/>\n\t<meta name=\"twitter:data1\" content=\"3 minutes\" \/>\n<script type=\"application\/ld+json\" class=\"yoast-schema-graph\">{\"@context\":\"https:\/\/schema.org\",\"@graph\":[{\"@type\":\"WebPage\",\"@id\":\"https:\/\/www.miomiorun.com\/de\/produkt\/endorphin-elite-2\/\",\"url\":\"https:\/\/www.miomiorun.com\/de\/produkt\/endorphin-elite-2\/\",\"name\":\"Saucony Endorphin Elite 2 - Laufschuhe - MioMioRun\",\"isPartOf\":{\"@id\":\"https:\/\/www.miomiorun.com\/de\/#website\"},\"primaryImageOfPage\":{\"@id\":\"https:\/\/www.miomiorun.com\/de\/produkt\/endorphin-elite-2\/#primaryimage\"},\"image\":{\"@id\":\"https:\/\/www.miomiorun.com\/de\/produkt\/endorphin-elite-2\/#primaryimage\"},\"thumbnailUrl\":\"https:\/\/www.miomiorun.com\/app\/uploads\/2026\/01\/saucony-Endorphin-Elite-2-splash-fire-S30994-131.webp\",\"datePublished\":\"2025-03-05T10:32:59+00:00\",\"dateModified\":\"2025-06-21T08:11:43+00:00\",\"description\":\"Der Endorphin Elite 2 ist ein ultraleichter und reaktionsfreudiger Rennschuh mit hochwertigen Komponenten, der dich bis zur Ziellinie bringen wird.\",\"breadcrumb\":{\"@id\":\"https:\/\/www.miomiorun.com\/de\/produkt\/endorphin-elite-2\/#breadcrumb\"},\"inLanguage\":\"de-DE\",\"potentialAction\":[{\"@type\":\"ReadAction\",\"target\":[\"https:\/\/www.miomiorun.com\/de\/produkt\/endorphin-elite-2\/\"]}]},{\"@type\":\"ImageObject\",\"inLanguage\":\"de-DE\",\"@id\":\"https:\/\/www.miomiorun.com\/de\/produkt\/endorphin-elite-2\/#primaryimage\",\"url\":\"https:\/\/www.miomiorun.com\/app\/uploads\/2026\/01\/saucony-Endorphin-Elite-2-splash-fire-S30994-131.webp\",\"contentUrl\":\"https:\/\/www.miomiorun.com\/app\/uploads\/2026\/01\/saucony-Endorphin-Elite-2-splash-fire-S30994-131.webp\",\"width\":720,\"height\":720,\"caption\":\"saucony Endorphin Elite 2 splash fire S30994-131\"},{\"@type\":\"BreadcrumbList\",\"@id\":\"https:\/\/www.miomiorun.com\/de\/produkt\/endorphin-elite-2\/#breadcrumb\",\"itemListElement\":[{\"@type\":\"ListItem\",\"position\":1,\"name\":\"Home\",\"item\":\"https:\/\/www.miomiorun.com\/de\/\"},{\"@type\":\"ListItem\",\"position\":2,\"name\":\"Shop\",\"item\":\"https:\/\/www.miomiorun.com\/shop\/\"},{\"@type\":\"ListItem\",\"position\":3,\"name\":\"Endorphin Elite 2\"}]},{\"@type\":\"WebSite\",\"@id\":\"https:\/\/www.miomiorun.com\/de\/#website\",\"url\":\"https:\/\/www.miomiorun.com\/de\/\",\"name\":\"MioMioRun\",\"description\":\"100% Lauf- und Trailshop\",\"publisher\":{\"@id\":\"https:\/\/www.miomiorun.com\/de\/#organization\"},\"potentialAction\":[{\"@type\":\"SearchAction\",\"target\":{\"@type\":\"EntryPoint\",\"urlTemplate\":\"https:\/\/www.miomiorun.com\/de\/?s={search_term_string}\"},\"query-input\":{\"@type\":\"PropertyValueSpecification\",\"valueRequired\":true,\"valueName\":\"search_term_string\"}}],\"inLanguage\":\"de-DE\"},{\"@type\":\"Organization\",\"@id\":\"https:\/\/www.miomiorun.com\/de\/#organization\",\"name\":\"MioMio Run\",\"url\":\"https:\/\/www.miomiorun.com\/de\/\",\"logo\":{\"@type\":\"ImageObject\",\"inLanguage\":\"de-DE\",\"@id\":\"https:\/\/www.miomiorun.com\/de\/#\/schema\/logo\/image\/\",\"url\":\"https:\/\/www.miomiorun.com\/app\/uploads\/2019\/12\/logomio.png\",\"contentUrl\":\"https:\/\/www.miomiorun.com\/app\/uploads\/2019\/12\/logomio.png\",\"width\":115,\"height\":82,\"caption\":\"MioMio Run\"},\"image\":{\"@id\":\"https:\/\/www.miomiorun.com\/de\/#\/schema\/logo\/image\/\"},\"sameAs\":[\"https:\/\/www.facebook.com\/miomiorun\/\",\"https:\/\/www.instagram.com\/miomiorun\/\"]}]}<\/script>\n<!-- \/ Yoast SEO plugin. -->","yoast_head_json":{"title":"Saucony Endorphin Elite 2 - Laufschuhe - MioMioRun","description":"Der Endorphin Elite 2 ist ein ultraleichter und reaktionsfreudiger Rennschuh mit hochwertigen Komponenten, der dich bis zur Ziellinie bringen wird.","robots":{"index":"index","follow":"follow","max-snippet":"max-snippet:-1","max-image-preview":"max-image-preview:large","max-video-preview":"max-video-preview:-1"},"canonical":"https:\/\/www.miomiorun.com\/de\/produkt\/endorphin-elite-2\/","og_locale":"de_DE","og_type":"article","og_title":"Saucony Endorphin Elite 2 - Laufschuhe - MioMioRun","og_description":"Der Endorphin Elite 2 ist ein ultraleichter und reaktionsfreudiger Rennschuh mit hochwertigen Komponenten, der dich bis zur Ziellinie bringen wird.","og_url":"https:\/\/www.miomiorun.com\/de\/produkt\/endorphin-elite-2\/","og_site_name":"MioMioRun","article_publisher":"https:\/\/www.facebook.com\/miomiorun\/","article_modified_time":"2025-06-21T08:11:43+00:00","og_image":[{"width":600,"height":600,"url":"https:\/\/www.miomiorun.com\/app\/uploads\/2025\/03\/saucony-Endorphin-Elite-2-white-peel-S30994-130.webp","type":"image\/webp"}],"twitter_card":"summary_large_image","twitter_misc":{"Est. reading time":"3 minutes"},"schema":{"@context":"https:\/\/schema.org","@graph":[{"@type":"WebPage","@id":"https:\/\/www.miomiorun.com\/de\/produkt\/endorphin-elite-2\/","url":"https:\/\/www.miomiorun.com\/de\/produkt\/endorphin-elite-2\/","name":"Saucony Endorphin Elite 2 - Laufschuhe - MioMioRun","isPartOf":{"@id":"https:\/\/www.miomiorun.com\/de\/#website"},"primaryImageOfPage":{"@id":"https:\/\/www.miomiorun.com\/de\/produkt\/endorphin-elite-2\/#primaryimage"},"image":{"@id":"https:\/\/www.miomiorun.com\/de\/produkt\/endorphin-elite-2\/#primaryimage"},"thumbnailUrl":"https:\/\/www.miomiorun.com\/app\/uploads\/2026\/01\/saucony-Endorphin-Elite-2-splash-fire-S30994-131.webp","datePublished":"2025-03-05T10:32:59+00:00","dateModified":"2025-06-21T08:11:43+00:00","description":"Der Endorphin Elite 2 ist ein ultraleichter und reaktionsfreudiger Rennschuh mit hochwertigen Komponenten, der dich bis zur Ziellinie bringen wird.","breadcrumb":{"@id":"https:\/\/www.miomiorun.com\/de\/produkt\/endorphin-elite-2\/#breadcrumb"},"inLanguage":"de-DE","potentialAction":[{"@type":"ReadAction","target":["https:\/\/www.miomiorun.com\/de\/produkt\/endorphin-elite-2\/"]}]},{"@type":"ImageObject","inLanguage":"de-DE","@id":"https:\/\/www.miomiorun.com\/de\/produkt\/endorphin-elite-2\/#primaryimage","url":"https:\/\/www.miomiorun.com\/app\/uploads\/2026\/01\/saucony-Endorphin-Elite-2-splash-fire-S30994-131.webp","contentUrl":"https:\/\/www.miomiorun.com\/app\/uploads\/2026\/01\/saucony-Endorphin-Elite-2-splash-fire-S30994-131.webp","width":720,"height":720,"caption":"saucony Endorphin Elite 2 splash fire S30994-131"},{"@type":"BreadcrumbList","@id":"https:\/\/www.miomiorun.com\/de\/produkt\/endorphin-elite-2\/#breadcrumb","itemListElement":[{"@type":"ListItem","position":1,"name":"Home","item":"https:\/\/www.miomiorun.com\/de\/"},{"@type":"ListItem","position":2,"name":"Shop","item":"https:\/\/www.miomiorun.com\/shop\/"},{"@type":"ListItem","position":3,"name":"Endorphin Elite 2"}]},{"@type":"WebSite","@id":"https:\/\/www.miomiorun.com\/de\/#website","url":"https:\/\/www.miomiorun.com\/de\/","name":"MioMioRun","description":"100% Lauf- und Trailshop","publisher":{"@id":"https:\/\/www.miomiorun.com\/de\/#organization"},"potentialAction":[{"@type":"SearchAction","target":{"@type":"EntryPoint","urlTemplate":"https:\/\/www.miomiorun.com\/de\/?s={search_term_string}"},"query-input":{"@type":"PropertyValueSpecification","valueRequired":true,"valueName":"search_term_string"}}],"inLanguage":"de-DE"},{"@type":"Organization","@id":"https:\/\/www.miomiorun.com\/de\/#organization","name":"MioMio Run","url":"https:\/\/www.miomiorun.com\/de\/","logo":{"@type":"ImageObject","inLanguage":"de-DE","@id":"https:\/\/www.miomiorun.com\/de\/#\/schema\/logo\/image\/","url":"https:\/\/www.miomiorun.com\/app\/uploads\/2019\/12\/logomio.png","contentUrl":"https:\/\/www.miomiorun.com\/app\/uploads\/2019\/12\/logomio.png","width":115,"height":82,"caption":"MioMio Run"},"image":{"@id":"https:\/\/www.miomiorun.com\/de\/#\/schema\/logo\/image\/"},"sameAs":["https:\/\/www.facebook.com\/miomiorun\/","https:\/\/www.instagram.com\/miomiorun\/"]}]}},"_links":{"self":[{"href":"https:\/\/www.miomiorun.com\/de\/wp-json\/wp\/v2\/product\/261123","targetHints":{"allow":["GET"]}}],"collection":[{"href":"https:\/\/www.miomiorun.com\/de\/wp-json\/wp\/v2\/product"}],"about":[{"href":"https:\/\/www.miomiorun.com\/de\/wp-json\/wp\/v2\/types\/product"}],"wp:featuredmedia":[{"embeddable":true,"href":"https:\/\/www.miomiorun.com\/de\/wp-json\/wp\/v2\/media\/385635"}],"wp:attachment":[{"href":"https:\/\/www.miomiorun.com\/de\/wp-json\/wp\/v2\/media?parent=261123"}],"wp:term":[{"taxonomy":"product_brand","embeddable":true,"href":"https:\/\/www.miomiorun.com\/de\/wp-json\/wp\/v2\/product_brand?post=261123"},{"taxonomy":"product_cat","embeddable":true,"href":"https:\/\/www.miomiorun.com\/de\/wp-json\/wp\/v2\/product_cat?post=261123"},{"taxonomy":"product_tag","embeddable":true,"href":"https:\/\/www.miomiorun.com\/de\/wp-json\/wp\/v2\/product_tag?post=261123"}],"curies":[{"name":"wp","href":"https:\/\/api.w.org\/{rel}","templated":true}]}}