{"id":261009,"date":"2025-03-05T10:49:41","date_gmt":"2025-03-05T09:49:41","guid":{"rendered":"https:\/\/miomiorun.com\/?post_type=product&#038;p=261009"},"modified":"2026-03-16T16:47:53","modified_gmt":"2026-03-16T15:47:53","slug":"endorphin-trainer-damen","status":"publish","type":"product","link":"https:\/\/www.miomiorun.com\/de\/produkt\/endorphin-trainer-damen\/","title":{"rendered":"Endorphin Trainer damen"},"content":{"rendered":"<div class=\"vc-row container\"><div class=\"vc-column\"><div class=\"vc-column-text\"><\/p>\n<h4>Technische Daten<\/h4>\n<p>Kategorie: Mittlere D\u00e4mpfung<br \/>\nVersatz: 8mm (41\/33)<br \/>\nGewicht: 227 g<br \/>\nIdeal f\u00fcr: mittelschwere L\u00e4ufer, die gleichzeitig Leistung und Laufkomfort suchen, f\u00fcr ein hochwertiges Training.<br \/>\nGewicht des Athleten: 55-75 kg<br \/>\nLauftempo: schnell (&gt;4.30 min\/km)<br \/>\n<a href=\"https:\/\/miomiorun.com\/de\/leitfaden-fuer-technische-spezifikationen\/\">Technische Hinweise<\/a><\/p>\n<p><\/div><\/div><div class=\"vc-column\"><div class=\"vc-column-text\"><em>Endorphin Trainer<\/em>. Der Endorphin Trainer ist ein Schuh, der exzellente Leistung, Langstreckenkomfort und eine Leichtigkeit, die bei jedem Schritt sp\u00fcrbar ist, in sich vereint und somit perfekt f\u00fcr t\u00e4gliche L\u00e4ufe und Wochen mit hoher Kilometerleistung ist.<\/p>\n<p>Der <em>Endorphin Trainer<\/em> ist f\u00fcr diejenigen gedacht, die ein schnelles Training suchen, aber auch f\u00fcr diejenigen, die lange Einheiten absolvieren und einen Schuh suchen, der nicht nur Leistung garantiert, sondern auch stabil und langlebig ist. Schauen wir uns einige der Hauptmerkmale gemeinsam an:<\/p>\n<ol>\n<li><strong>Innovation und Komfort<\/strong>: Der Schuh ist mit einer incrediRUN-Schaumstoffoberschicht ausgestattet, die die leichteste und reaktivste in ihrer Kategorie ist und bei jedem Schritt Energie zur\u00fcckgibt. Hinzu kommt eine PWRRUN Unterschicht, die sehr langlebig ist und die Stabilit\u00e4t f\u00fcr lange Strecken bietet, w\u00e4hrend die D\u00e4mpfung beibehalten wird, die sich an alle Arten von Training anpasst. Das Gef\u00fchl, das du an deinen F\u00fc\u00dfen haben wirst, wird eine perfekte Unterst\u00fctzung in jeder Phase deines Laufs sein.<\/li>\n<li><strong>Speedroll-Technologie<\/strong>: Eine der aufregendsten Innovationen dieses Schuhs ist die Speedroll-Technologie, die entwickelt wurde, um eine schnelle und fl\u00fcssige Fahrt zu f\u00f6rdern, genau wie die, die wir w\u00e4hrend unserer t\u00e4glichen Trainingseinheiten suchen. Dank der \u00be-langen Carbonfaserplatte erm\u00f6glicht dieser Schuh eine nat\u00fcrliche Beschleunigung, ohne den Komfort zu beeintr\u00e4chtigen. Dar\u00fcber hinaus ist die Rille im hinteren Teil des Schuhs so konzipiert, dass sie den Zehenabdruck verbessert und f\u00fcr weichere Landungen sorgt, ohne jemals an Geschwindigkeit zu verlieren.<\/li>\n<li><strong>Haltbarkeit und Traktion<\/strong>: Der XT-900 Karbongummi ist ein weiterer starker Punkt des <em>Endorphin Trainers<\/em>. Es wurde in strategisch wichtigen Bereichen mit hohem Abrieb platziert und bietet au\u00dfergew\u00f6hnliche Traktion und hervorragende Verschlei\u00dffestigkeit, ohne die Effizienz des Schuhs zu beeintr\u00e4chtigen. Als Ergebnis haben Sie einen Schuh, der bereit ist, Ihr t\u00e4gliches Training mit einer Haltbarkeit zu ertragen, die Sie durch Hunderte von Meilen sehen wird.<\/li>\n<li><strong>Nachhaltiger Komfort<\/strong>: Vergessen wir nicht, wie wichtig Komfort ist, der auch bei den l\u00e4ngsten L\u00e4ufen anh\u00e4lt. Das technische Mesh-Obermaterial sorgt f\u00fcr eine sichere und gut strukturierte Passform, w\u00e4hrend ein traditionelleres Schaumstoffpaket f\u00fcr au\u00dfergew\u00f6hnlichen Komfort sorgt. Au\u00dferdem ist dieser Schuh vegan und enth\u00e4lt recycelte Materialien, was ihn auch unter dem Aspekt der Nachhaltigkeit zu einer bewussten Wahl macht.<\/li>\n<\/ol>\n<p>Zusammenfassend l\u00e4sst sich sagen, dass der <em>Endorphin Trainer<\/em> der ideale Schuh f\u00fcr alle ist, die einen vielseitigen Schuh suchen, der Innovation, hohe Leistung und Komfort f\u00fcr den t\u00e4glichen Lauf kombiniert. Mit seiner unglaublichen D\u00e4mpfung, einer stabilen Plattform und einer langlebigen Konstruktion ist er perfekt f\u00fcr schnelle und lange Strecken geeignet. Durch sein geringes Gewicht eignet er sich f\u00fcr hohe Laufleistungen, w\u00e4hrend seine Reaktionsf\u00e4higkeit f\u00fcr Spitzenleistungen sorgt.<\/p>\n<p>Lassen Sie sich diese Gelegenheit nicht entgehen! Der <em>Endorphin<\/em> Trainer ist der Trainingsschuh, den Sie schon immer gesucht haben.<\/div><\/div><\/div>\n","protected":false},"excerpt":{"rendered":"<ul>\n<li>Speziell entwickelt f\u00fcr t\u00e4gliche Trainingsl\u00e4ufe und Wochen mit hoher Kilometerleistung.<\/li>\n<\/ul>\n","protected":false},"featured_media":385719,"template":"","meta":{"_acf_changed":false,"inline_featured_image":false},"product_brand":[],"product_cat":[6474,6475],"product_tag":[3391,33804],"class_list":{"0":"post-261009","1":"product","2":"type-product","3":"status-publish","4":"has-post-thumbnail","6":"product_cat-damenschuhe","7":"product_cat-neutral","8":"product_tag-saucony-de","9":"product_tag-saucony-donna-de","10":"pa_attivita-running-de","11":"pa_colore-endorphin-trainer-w-navy-fuchsia-de","12":"pa_colore-endorphin-trainer-w-white-aqua-de","13":"pa_colore-endorphin-trainer-w-white-black-de","14":"pa_colore-endorphin-trainer-w-white-mutant-de","15":"pa_marca-saucony-de","16":"pa_sesso-damen","17":"pa_size-37-5-de","18":"pa_size-38-de","19":"pa_size-38-5-de","20":"pa_size-39-de","21":"pa_size-40-de","22":"pa_size-40-5-de","23":"pa_size-41-de","25":"first","26":"instock","27":"sale","28":"taxable","29":"shipping-taxable","30":"purchasable","31":"product-type-variable","32":"wvs-archive-product-wrapper"},"acf":[],"yoast_head":"<!-- This site is optimized with the Yoast SEO plugin v26.8 - https:\/\/yoast.com\/product\/yoast-seo-wordpress\/ -->\n<title>Saucony Endorphin Trainer damen - Laufschuhe - MioMioRun<\/title>\n<meta name=\"description\" content=\"Der Endorphin Trainer ist ein reaktionsfreudiger und langlebiger Trainingsschuh, der f\u00fcr Komfort, hohe Leistung und Ausdauer bei t\u00e4glichen L\u00e4ufen entwickelt wurde.\" \/>\n<meta name=\"robots\" content=\"index, follow, max-snippet:-1, max-image-preview:large, max-video-preview:-1\" \/>\n<link rel=\"canonical\" href=\"https:\/\/www.miomiorun.com\/de\/produkt\/endorphin-trainer-damen\/\" \/>\n<meta property=\"og:locale\" content=\"de_DE\" \/>\n<meta property=\"og:type\" content=\"article\" \/>\n<meta property=\"og:title\" content=\"Saucony Endorphin Trainer damen - Laufschuhe - MioMioRun\" \/>\n<meta property=\"og:description\" content=\"Der Endorphin Trainer ist ein reaktionsfreudiger und langlebiger Trainingsschuh, der f\u00fcr Komfort, hohe Leistung und Ausdauer bei t\u00e4glichen L\u00e4ufen entwickelt wurde.\" \/>\n<meta property=\"og:url\" content=\"https:\/\/www.miomiorun.com\/de\/produkt\/endorphin-trainer-damen\/\" \/>\n<meta property=\"og:site_name\" content=\"MioMioRun\" \/>\n<meta property=\"article:publisher\" content=\"https:\/\/www.facebook.com\/miomiorun\/\" \/>\n<meta property=\"article:modified_time\" content=\"2026-03-16T15:47:53+00:00\" \/>\n<meta property=\"og:image\" content=\"https:\/\/www.miomiorun.com\/app\/uploads\/2026\/01\/saucony-Endorphin-Trainer-W-white-aqua-S10996-120.webp\" \/>\n\t<meta property=\"og:image:width\" content=\"720\" \/>\n\t<meta property=\"og:image:height\" content=\"720\" \/>\n\t<meta property=\"og:image:type\" content=\"image\/webp\" \/>\n<meta name=\"twitter:card\" content=\"summary_large_image\" \/>\n<meta name=\"twitter:label1\" content=\"Est. reading time\" \/>\n\t<meta name=\"twitter:data1\" content=\"2 minutes\" \/>\n<script type=\"application\/ld+json\" class=\"yoast-schema-graph\">{\"@context\":\"https:\/\/schema.org\",\"@graph\":[{\"@type\":\"WebPage\",\"@id\":\"https:\/\/www.miomiorun.com\/de\/produkt\/endorphin-trainer-damen\/\",\"url\":\"https:\/\/www.miomiorun.com\/de\/produkt\/endorphin-trainer-damen\/\",\"name\":\"Saucony Endorphin Trainer damen - Laufschuhe - MioMioRun\",\"isPartOf\":{\"@id\":\"https:\/\/www.miomiorun.com\/de\/#website\"},\"primaryImageOfPage\":{\"@id\":\"https:\/\/www.miomiorun.com\/de\/produkt\/endorphin-trainer-damen\/#primaryimage\"},\"image\":{\"@id\":\"https:\/\/www.miomiorun.com\/de\/produkt\/endorphin-trainer-damen\/#primaryimage\"},\"thumbnailUrl\":\"https:\/\/www.miomiorun.com\/app\/uploads\/2026\/01\/saucony-Endorphin-Trainer-W-white-aqua-S10996-120.webp\",\"datePublished\":\"2025-03-05T09:49:41+00:00\",\"dateModified\":\"2026-03-16T15:47:53+00:00\",\"description\":\"Der Endorphin Trainer ist ein reaktionsfreudiger und langlebiger Trainingsschuh, der f\u00fcr Komfort, hohe Leistung und Ausdauer bei t\u00e4glichen L\u00e4ufen entwickelt wurde.\",\"breadcrumb\":{\"@id\":\"https:\/\/www.miomiorun.com\/de\/produkt\/endorphin-trainer-damen\/#breadcrumb\"},\"inLanguage\":\"de-DE\",\"potentialAction\":[{\"@type\":\"ReadAction\",\"target\":[\"https:\/\/www.miomiorun.com\/de\/produkt\/endorphin-trainer-damen\/\"]}]},{\"@type\":\"ImageObject\",\"inLanguage\":\"de-DE\",\"@id\":\"https:\/\/www.miomiorun.com\/de\/produkt\/endorphin-trainer-damen\/#primaryimage\",\"url\":\"https:\/\/www.miomiorun.com\/app\/uploads\/2026\/01\/saucony-Endorphin-Trainer-W-white-aqua-S10996-120.webp\",\"contentUrl\":\"https:\/\/www.miomiorun.com\/app\/uploads\/2026\/01\/saucony-Endorphin-Trainer-W-white-aqua-S10996-120.webp\",\"width\":720,\"height\":720,\"caption\":\"saucony Endorphin Trainer W white aqua S10996-120\"},{\"@type\":\"BreadcrumbList\",\"@id\":\"https:\/\/www.miomiorun.com\/de\/produkt\/endorphin-trainer-damen\/#breadcrumb\",\"itemListElement\":[{\"@type\":\"ListItem\",\"position\":1,\"name\":\"Home\",\"item\":\"https:\/\/www.miomiorun.com\/de\/\"},{\"@type\":\"ListItem\",\"position\":2,\"name\":\"Shop\",\"item\":\"https:\/\/www.miomiorun.com\/shop\/\"},{\"@type\":\"ListItem\",\"position\":3,\"name\":\"Endorphin Trainer damen\"}]},{\"@type\":\"WebSite\",\"@id\":\"https:\/\/www.miomiorun.com\/de\/#website\",\"url\":\"https:\/\/www.miomiorun.com\/de\/\",\"name\":\"MioMioRun\",\"description\":\"100% Lauf- und Trailshop\",\"publisher\":{\"@id\":\"https:\/\/www.miomiorun.com\/de\/#organization\"},\"potentialAction\":[{\"@type\":\"SearchAction\",\"target\":{\"@type\":\"EntryPoint\",\"urlTemplate\":\"https:\/\/www.miomiorun.com\/de\/?s={search_term_string}\"},\"query-input\":{\"@type\":\"PropertyValueSpecification\",\"valueRequired\":true,\"valueName\":\"search_term_string\"}}],\"inLanguage\":\"de-DE\"},{\"@type\":\"Organization\",\"@id\":\"https:\/\/www.miomiorun.com\/de\/#organization\",\"name\":\"MioMio Run\",\"url\":\"https:\/\/www.miomiorun.com\/de\/\",\"logo\":{\"@type\":\"ImageObject\",\"inLanguage\":\"de-DE\",\"@id\":\"https:\/\/www.miomiorun.com\/de\/#\/schema\/logo\/image\/\",\"url\":\"https:\/\/www.miomiorun.com\/app\/uploads\/2019\/12\/logomio.png\",\"contentUrl\":\"https:\/\/www.miomiorun.com\/app\/uploads\/2019\/12\/logomio.png\",\"width\":115,\"height\":82,\"caption\":\"MioMio Run\"},\"image\":{\"@id\":\"https:\/\/www.miomiorun.com\/de\/#\/schema\/logo\/image\/\"},\"sameAs\":[\"https:\/\/www.facebook.com\/miomiorun\/\",\"https:\/\/www.instagram.com\/miomiorun\/\"]}]}<\/script>\n<!-- \/ Yoast SEO plugin. -->","yoast_head_json":{"title":"Saucony Endorphin Trainer damen - Laufschuhe - MioMioRun","description":"Der Endorphin Trainer ist ein reaktionsfreudiger und langlebiger Trainingsschuh, der f\u00fcr Komfort, hohe Leistung und Ausdauer bei t\u00e4glichen L\u00e4ufen entwickelt wurde.","robots":{"index":"index","follow":"follow","max-snippet":"max-snippet:-1","max-image-preview":"max-image-preview:large","max-video-preview":"max-video-preview:-1"},"canonical":"https:\/\/www.miomiorun.com\/de\/produkt\/endorphin-trainer-damen\/","og_locale":"de_DE","og_type":"article","og_title":"Saucony Endorphin Trainer damen - Laufschuhe - MioMioRun","og_description":"Der Endorphin Trainer ist ein reaktionsfreudiger und langlebiger Trainingsschuh, der f\u00fcr Komfort, hohe Leistung und Ausdauer bei t\u00e4glichen L\u00e4ufen entwickelt wurde.","og_url":"https:\/\/www.miomiorun.com\/de\/produkt\/endorphin-trainer-damen\/","og_site_name":"MioMioRun","article_publisher":"https:\/\/www.facebook.com\/miomiorun\/","article_modified_time":"2026-03-16T15:47:53+00:00","og_image":[{"width":720,"height":720,"url":"https:\/\/www.miomiorun.com\/app\/uploads\/2026\/01\/saucony-Endorphin-Trainer-W-white-aqua-S10996-120.webp","type":"image\/webp"}],"twitter_card":"summary_large_image","twitter_misc":{"Est. reading time":"2 minutes"},"schema":{"@context":"https:\/\/schema.org","@graph":[{"@type":"WebPage","@id":"https:\/\/www.miomiorun.com\/de\/produkt\/endorphin-trainer-damen\/","url":"https:\/\/www.miomiorun.com\/de\/produkt\/endorphin-trainer-damen\/","name":"Saucony Endorphin Trainer damen - Laufschuhe - MioMioRun","isPartOf":{"@id":"https:\/\/www.miomiorun.com\/de\/#website"},"primaryImageOfPage":{"@id":"https:\/\/www.miomiorun.com\/de\/produkt\/endorphin-trainer-damen\/#primaryimage"},"image":{"@id":"https:\/\/www.miomiorun.com\/de\/produkt\/endorphin-trainer-damen\/#primaryimage"},"thumbnailUrl":"https:\/\/www.miomiorun.com\/app\/uploads\/2026\/01\/saucony-Endorphin-Trainer-W-white-aqua-S10996-120.webp","datePublished":"2025-03-05T09:49:41+00:00","dateModified":"2026-03-16T15:47:53+00:00","description":"Der Endorphin Trainer ist ein reaktionsfreudiger und langlebiger Trainingsschuh, der f\u00fcr Komfort, hohe Leistung und Ausdauer bei t\u00e4glichen L\u00e4ufen entwickelt wurde.","breadcrumb":{"@id":"https:\/\/www.miomiorun.com\/de\/produkt\/endorphin-trainer-damen\/#breadcrumb"},"inLanguage":"de-DE","potentialAction":[{"@type":"ReadAction","target":["https:\/\/www.miomiorun.com\/de\/produkt\/endorphin-trainer-damen\/"]}]},{"@type":"ImageObject","inLanguage":"de-DE","@id":"https:\/\/www.miomiorun.com\/de\/produkt\/endorphin-trainer-damen\/#primaryimage","url":"https:\/\/www.miomiorun.com\/app\/uploads\/2026\/01\/saucony-Endorphin-Trainer-W-white-aqua-S10996-120.webp","contentUrl":"https:\/\/www.miomiorun.com\/app\/uploads\/2026\/01\/saucony-Endorphin-Trainer-W-white-aqua-S10996-120.webp","width":720,"height":720,"caption":"saucony Endorphin Trainer W white aqua S10996-120"},{"@type":"BreadcrumbList","@id":"https:\/\/www.miomiorun.com\/de\/produkt\/endorphin-trainer-damen\/#breadcrumb","itemListElement":[{"@type":"ListItem","position":1,"name":"Home","item":"https:\/\/www.miomiorun.com\/de\/"},{"@type":"ListItem","position":2,"name":"Shop","item":"https:\/\/www.miomiorun.com\/shop\/"},{"@type":"ListItem","position":3,"name":"Endorphin Trainer damen"}]},{"@type":"WebSite","@id":"https:\/\/www.miomiorun.com\/de\/#website","url":"https:\/\/www.miomiorun.com\/de\/","name":"MioMioRun","description":"100% Lauf- und Trailshop","publisher":{"@id":"https:\/\/www.miomiorun.com\/de\/#organization"},"potentialAction":[{"@type":"SearchAction","target":{"@type":"EntryPoint","urlTemplate":"https:\/\/www.miomiorun.com\/de\/?s={search_term_string}"},"query-input":{"@type":"PropertyValueSpecification","valueRequired":true,"valueName":"search_term_string"}}],"inLanguage":"de-DE"},{"@type":"Organization","@id":"https:\/\/www.miomiorun.com\/de\/#organization","name":"MioMio Run","url":"https:\/\/www.miomiorun.com\/de\/","logo":{"@type":"ImageObject","inLanguage":"de-DE","@id":"https:\/\/www.miomiorun.com\/de\/#\/schema\/logo\/image\/","url":"https:\/\/www.miomiorun.com\/app\/uploads\/2019\/12\/logomio.png","contentUrl":"https:\/\/www.miomiorun.com\/app\/uploads\/2019\/12\/logomio.png","width":115,"height":82,"caption":"MioMio Run"},"image":{"@id":"https:\/\/www.miomiorun.com\/de\/#\/schema\/logo\/image\/"},"sameAs":["https:\/\/www.facebook.com\/miomiorun\/","https:\/\/www.instagram.com\/miomiorun\/"]}]}},"_links":{"self":[{"href":"https:\/\/www.miomiorun.com\/de\/wp-json\/wp\/v2\/product\/261009","targetHints":{"allow":["GET"]}}],"collection":[{"href":"https:\/\/www.miomiorun.com\/de\/wp-json\/wp\/v2\/product"}],"about":[{"href":"https:\/\/www.miomiorun.com\/de\/wp-json\/wp\/v2\/types\/product"}],"wp:featuredmedia":[{"embeddable":true,"href":"https:\/\/www.miomiorun.com\/de\/wp-json\/wp\/v2\/media\/385719"}],"wp:attachment":[{"href":"https:\/\/www.miomiorun.com\/de\/wp-json\/wp\/v2\/media?parent=261009"}],"wp:term":[{"taxonomy":"product_brand","embeddable":true,"href":"https:\/\/www.miomiorun.com\/de\/wp-json\/wp\/v2\/product_brand?post=261009"},{"taxonomy":"product_cat","embeddable":true,"href":"https:\/\/www.miomiorun.com\/de\/wp-json\/wp\/v2\/product_cat?post=261009"},{"taxonomy":"product_tag","embeddable":true,"href":"https:\/\/www.miomiorun.com\/de\/wp-json\/wp\/v2\/product_tag?post=261009"}],"curies":[{"name":"wp","href":"https:\/\/api.w.org\/{rel}","templated":true}]}}