{"id":260675,"date":"2025-03-04T11:43:08","date_gmt":"2025-03-04T10:43:08","guid":{"rendered":"https:\/\/miomiorun.com\/?post_type=product&#038;p=260675"},"modified":"2026-01-06T18:40:21","modified_gmt":"2026-01-06T17:40:21","slug":"hoka-cielo-x1-2-0","status":"publish","type":"product","link":"https:\/\/www.miomiorun.com\/de\/produkt\/hoka-cielo-x1-2-0\/","title":{"rendered":"Cielo X1 2.0"},"content":{"rendered":"<p><div class=\"vc-row container\"><div class=\"vc-column\"><div class=\"vc-column-text\"><\/p>\n<p><strong>Technische Daten<\/strong><\/p>\n<p>Sprengung: 7 mm<br \/>\nGewicht: 228 g<br \/>\nIdeal f\u00fcr : Athleten, die einen Schuh suchen, um Kopf-an-Kopf-Rennen zu laufen, ihre pers\u00f6nlichen Bestzeiten zu brechen und auf das Podium zu kommen.<br \/>\nAthletengewicht : 60-75 kg<br \/>\nLauftempo : schnell &lt; 4.00 min\/km<br \/>\n<a href=\"https:\/\/miomiorun.com\/de\/leitfaden-fuer-technische-spezifikationen\/\">Spezifikationen<\/a><\/p>\n<p><\/div><\/div><div class=\"vc-column\"><div class=\"vc-column-text\">Wenn du ein Geschwindigkeitsfreak bist und einen Laufschuh suchst, der dir maximalen Vortrieb gibt, ist der Cielo X1 2.0 genau das Richtige f\u00fcr dich. Entwickelt, um deinen Schritt zu beschleunigen, ist dieser Schuh der ideale Begleiter f\u00fcr alle, die an ihre Grenzen gehen und ihre pers\u00f6nliche Bestleistung verbessern wollen. Seine PEBA-Zwischensohle mit doppelter Dichte ist extrem reaktionsfreudig, w\u00e4hrend die Fl\u00fcgelplatte aus Karbonfaser und der aggressive MetaRocker\u2122 im Vorfu\u00dfbereich f\u00fcr einen kraftvollen Schub und ein unvergleichliches Lauferlebnis sorgen und jeden Schritt f\u00fcr maximale Geschwindigkeit optimieren.<\/p>\n<p>Das Obermaterial aus technischem Jacquard-Mesh ist leicht und atmungsaktiv, w\u00e4hrend das Modell mit dynamischen Kerben erleichtert wurde, ohne die Stabilit\u00e4t zu beeintr\u00e4chtigen. Der gepolsterte Kragen sorgt f\u00fcr maximalen Halt des Fu\u00dfes, w\u00e4hrend die rutschfeste Gummisohle optimale Traktion auf der Stra\u00dfe bietet, so dass Sie mit mehr Vertrauen laufen k\u00f6nnen. Dar\u00fcber hinaus umfasst das Design eine 3D-Siebdruck-Verst\u00e4rkung und eine Zunge aus 100% recyceltem Polyestergewebe f\u00fcr einen umweltfreundlichen Touch.<\/p>\n<p>Mit einer Stra\u00dfenlaufh\u00f6he von unter 40 mm bei Herrengr\u00f6\u00dfe 42 bietet dieser Schuh dank des Active Foot Frame\u2122, der sich auf den Vorfu\u00df konzentriert, mehr Unterst\u00fctzung und sorgt f\u00fcr Stabilit\u00e4t und Komfort w\u00e4hrend des gesamten Laufs. Der Cielo X1 2.0 ist nicht nur schnell, sondern auch nachhaltig und leistungsf\u00e4hig, ein Muss f\u00fcr dein Training und deine Wettk\u00e4mpfe. Verpassen Sie nicht die Chance, Ihre Geschwindigkeit auf das n\u00e4chste Level zu bringen!<\/p>\n<p>&nbsp;<\/p>\n<div class=\"col-12 p-0 col-sm-3\"><img loading=\"lazy\" decoding=\"async\" class=\"\" src=\"https:\/\/www.hoka.com\/on\/demandware.static\/-\/Library-Sites-HOKA-EMEA-SHARED\/default\/dw23a7a61c\/images\/landing\/2024\/cielo-x1-20-pdp\/carbon-plated.svg\" alt=\"\" width=\"100\" height=\"100\" \/><\/div>\n<div class=\"col-12 p-0 col-sm-3\">Carbon-Platte<\/div>\n<div class=\"col-12 p-0 col-sm-3 mt-3 mt-sm-0\"><img loading=\"lazy\" decoding=\"async\" class=\"\" src=\"https:\/\/www.hoka.com\/on\/demandware.static\/-\/Library-Sites-HOKA-EMEA-SHARED\/default\/dw68e60ccd\/images\/landing\/2024\/cielo-x1-20-pdp\/cushion.svg\" alt=\"\" width=\"102\" height=\"100\" \/><\/div>\n<div class=\"col-12 p-0 col-sm-3 mt-3 mt-sm-0\">Reaktionsf\u00e4hige gepolsterte Zwischensohle\u2122<\/div>\n<div class=\"col-12 p-0 col-sm-3 mt-3 mt-sm-0\"><img loading=\"lazy\" decoding=\"async\" class=\"\" src=\"https:\/\/www.hoka.com\/on\/demandware.static\/-\/Library-Sites-HOKA-EMEA-SHARED\/default\/dwee250337\/images\/landing\/2024\/cielo-x1-20-pdp\/metarocker.svg\" alt=\"\" width=\"146\" height=\"93\" \/><\/div>\n<div class=\"col-12 p-0 col-sm-3 mt-3 mt-sm-0\">MetaRocker\u2122 f\u00fcr die Geschwindigkeit<\/div>\n<div class=\"col-12 p-0 col-sm-3 mt-3 mt-sm-0\"><img loading=\"lazy\" decoding=\"async\" class=\"\" src=\"https:\/\/www.hoka.com\/on\/demandware.static\/-\/Library-Sites-HOKA-EMEA-SHARED\/default\/dw0d94a422\/images\/landing\/2024\/cielo-x1-20-pdp\/breathable.svg\" alt=\"\" width=\"120\" height=\"134\" \/><\/div>\n<div class=\"col-12 p-0 col-sm-3 mt-3 mt-sm-0\">Atmungsaktives Obermaterial<\/div>\n<div><\/div>\n<div>\n<\/div>\n<p><\/div><\/div><\/div><div class=\"vc-row container\"><div class=\"vc-column\"><div style=\"height:32px\" class=\"vc-empty-space\"><\/div><\/div><\/div><div class=\"vc-row container\"><div class=\"vc-column\"><div class=\"vc-column-text\"><\/p>\n<div style=\"width: 1298px;\" class=\"wp-video\"><video class=\"wp-video-shortcode\" id=\"video-260675-1\" width=\"1298\" height=\"1200\" loop autoplay preload=\"metadata\" controls=\"controls\"><source type=\"video\/webm\" src=\"https:\/\/miomiorun.com\/wp-content\/uploads\/2025\/03\/cielo-x1-2.0.webm?_=1\" \/><a href=\"https:\/\/miomiorun.com\/wp-content\/uploads\/2025\/03\/cielo-x1-2.0.webm\">https:\/\/miomiorun.com\/wp-content\/uploads\/2025\/03\/cielo-x1-2.0.webm<\/a><\/video><\/div>\n<p><\/div><\/div><\/div><\/p>\n","protected":false},"excerpt":{"rendered":"<ul>\n<li>Ultraleicht<\/li>\n<li>PEBA-Sohle mit doppelter Dichte<\/li>\n<li>MetaRocker\u2122 aggressiv<\/li>\n<\/ul>\n","protected":false},"featured_media":372659,"template":"","meta":{"_acf_changed":false,"inline_featured_image":false},"product_brand":[],"product_cat":[6474,6475,6519,6518],"product_tag":[3373,6228,6226],"class_list":{"0":"post-260675","1":"product","2":"type-product","3":"status-publish","4":"has-post-thumbnail","6":"product_cat-damenschuhe","7":"product_cat-neutral","8":"product_cat-herrenschuhe-outlet-de","9":"product_cat-sale-neutral-de","10":"product_tag-hoka-one-one-de","11":"product_tag-hoka-one-one-damen-de","12":"product_tag-hoka-one-one-herren-de","13":"pa_attivita-running-de","14":"pa_colore-cielo-x1-2-0-black-gold-de","15":"pa_marca-hoka-de","16":"pa_sesso-damen","17":"pa_sesso-herren","18":"pa_size-42-de","20":"pa_size-45-de","22":"first","23":"instock","24":"sale","25":"taxable","26":"shipping-taxable","27":"purchasable","28":"product-type-variable","29":"wvs-archive-product-wrapper"},"acf":[],"yoast_head":"<!-- This site is optimized with the Yoast SEO plugin v26.8 - https:\/\/yoast.com\/product\/yoast-seo-wordpress\/ -->\n<title>Hoka Cielo X1 2.0 - Herren-Laufschuhe - MioMioRun.com<\/title>\n<meta name=\"description\" content=\"Der Cielo X1 2.0 ist ein ultraleichter und reaktionsfreudiger Laufschuh mit Karbonfaserplatte, der dich bei deinen Rennen unterst\u00fctzt. Entdecken Sie ihn mit uns!\" \/>\n<meta name=\"robots\" content=\"index, follow, max-snippet:-1, max-image-preview:large, max-video-preview:-1\" \/>\n<link rel=\"canonical\" href=\"https:\/\/www.miomiorun.com\/de\/produkt\/hoka-cielo-x1-2-0\/\" \/>\n<meta property=\"og:locale\" content=\"de_DE\" \/>\n<meta property=\"og:type\" content=\"article\" \/>\n<meta property=\"og:title\" content=\"Hoka Cielo X1 2.0 - Herren-Laufschuhe - MioMioRun.com\" \/>\n<meta property=\"og:description\" content=\"Der Cielo X1 2.0 ist ein ultraleichter und reaktionsfreudiger Laufschuh mit Karbonfaserplatte, der dich bei deinen Rennen unterst\u00fctzt. Entdecken Sie ihn mit uns!\" \/>\n<meta property=\"og:url\" content=\"https:\/\/www.miomiorun.com\/de\/produkt\/hoka-cielo-x1-2-0\/\" \/>\n<meta property=\"og:site_name\" content=\"MioMioRun\" \/>\n<meta property=\"article:publisher\" content=\"https:\/\/www.facebook.com\/miomiorun\/\" \/>\n<meta property=\"article:modified_time\" content=\"2026-01-06T17:40:21+00:00\" \/>\n<meta property=\"og:image\" content=\"https:\/\/www.miomiorun.com\/app\/uploads\/2025\/11\/hoka-Cielo-X1-2.0-black-gold-1162053-BKGD.webp\" \/>\n\t<meta property=\"og:image:width\" content=\"720\" \/>\n\t<meta property=\"og:image:height\" content=\"720\" \/>\n\t<meta property=\"og:image:type\" content=\"image\/webp\" \/>\n<meta name=\"twitter:card\" content=\"summary_large_image\" \/>\n<meta name=\"twitter:label1\" content=\"Est. reading time\" \/>\n\t<meta name=\"twitter:data1\" content=\"2 minutes\" \/>\n<script type=\"application\/ld+json\" class=\"yoast-schema-graph\">{\"@context\":\"https:\/\/schema.org\",\"@graph\":[{\"@type\":\"WebPage\",\"@id\":\"https:\/\/www.miomiorun.com\/de\/produkt\/hoka-cielo-x1-2-0\/\",\"url\":\"https:\/\/www.miomiorun.com\/de\/produkt\/hoka-cielo-x1-2-0\/\",\"name\":\"Hoka Cielo X1 2.0 - Herren-Laufschuhe - MioMioRun.com\",\"isPartOf\":{\"@id\":\"https:\/\/www.miomiorun.com\/de\/#website\"},\"primaryImageOfPage\":{\"@id\":\"https:\/\/www.miomiorun.com\/de\/produkt\/hoka-cielo-x1-2-0\/#primaryimage\"},\"image\":{\"@id\":\"https:\/\/www.miomiorun.com\/de\/produkt\/hoka-cielo-x1-2-0\/#primaryimage\"},\"thumbnailUrl\":\"https:\/\/www.miomiorun.com\/app\/uploads\/2025\/11\/hoka-Cielo-X1-2.0-black-gold-1162053-BKGD.webp\",\"datePublished\":\"2025-03-04T10:43:08+00:00\",\"dateModified\":\"2026-01-06T17:40:21+00:00\",\"description\":\"Der Cielo X1 2.0 ist ein ultraleichter und reaktionsfreudiger Laufschuh mit Karbonfaserplatte, der dich bei deinen Rennen unterst\u00fctzt. Entdecken Sie ihn mit uns!\",\"breadcrumb\":{\"@id\":\"https:\/\/www.miomiorun.com\/de\/produkt\/hoka-cielo-x1-2-0\/#breadcrumb\"},\"inLanguage\":\"de-DE\",\"potentialAction\":[{\"@type\":\"ReadAction\",\"target\":[\"https:\/\/www.miomiorun.com\/de\/produkt\/hoka-cielo-x1-2-0\/\"]}]},{\"@type\":\"ImageObject\",\"inLanguage\":\"de-DE\",\"@id\":\"https:\/\/www.miomiorun.com\/de\/produkt\/hoka-cielo-x1-2-0\/#primaryimage\",\"url\":\"https:\/\/www.miomiorun.com\/app\/uploads\/2025\/11\/hoka-Cielo-X1-2.0-black-gold-1162053-BKGD.webp\",\"contentUrl\":\"https:\/\/www.miomiorun.com\/app\/uploads\/2025\/11\/hoka-Cielo-X1-2.0-black-gold-1162053-BKGD.webp\",\"width\":720,\"height\":720,\"caption\":\"hoka Cielo X1 2.0 black gold 1162053 BKGD\"},{\"@type\":\"BreadcrumbList\",\"@id\":\"https:\/\/www.miomiorun.com\/de\/produkt\/hoka-cielo-x1-2-0\/#breadcrumb\",\"itemListElement\":[{\"@type\":\"ListItem\",\"position\":1,\"name\":\"Home\",\"item\":\"https:\/\/www.miomiorun.com\/de\/\"},{\"@type\":\"ListItem\",\"position\":2,\"name\":\"Shop\",\"item\":\"https:\/\/www.miomiorun.com\/shop\/\"},{\"@type\":\"ListItem\",\"position\":3,\"name\":\"Cielo X1 2.0\"}]},{\"@type\":\"WebSite\",\"@id\":\"https:\/\/www.miomiorun.com\/de\/#website\",\"url\":\"https:\/\/www.miomiorun.com\/de\/\",\"name\":\"MioMioRun\",\"description\":\"100% Lauf- und Trailshop\",\"publisher\":{\"@id\":\"https:\/\/www.miomiorun.com\/de\/#organization\"},\"potentialAction\":[{\"@type\":\"SearchAction\",\"target\":{\"@type\":\"EntryPoint\",\"urlTemplate\":\"https:\/\/www.miomiorun.com\/de\/?s={search_term_string}\"},\"query-input\":{\"@type\":\"PropertyValueSpecification\",\"valueRequired\":true,\"valueName\":\"search_term_string\"}}],\"inLanguage\":\"de-DE\"},{\"@type\":\"Organization\",\"@id\":\"https:\/\/www.miomiorun.com\/de\/#organization\",\"name\":\"MioMio Run\",\"url\":\"https:\/\/www.miomiorun.com\/de\/\",\"logo\":{\"@type\":\"ImageObject\",\"inLanguage\":\"de-DE\",\"@id\":\"https:\/\/www.miomiorun.com\/de\/#\/schema\/logo\/image\/\",\"url\":\"https:\/\/www.miomiorun.com\/app\/uploads\/2019\/12\/logomio.png\",\"contentUrl\":\"https:\/\/www.miomiorun.com\/app\/uploads\/2019\/12\/logomio.png\",\"width\":115,\"height\":82,\"caption\":\"MioMio Run\"},\"image\":{\"@id\":\"https:\/\/www.miomiorun.com\/de\/#\/schema\/logo\/image\/\"},\"sameAs\":[\"https:\/\/www.facebook.com\/miomiorun\/\",\"https:\/\/www.instagram.com\/miomiorun\/\"]}]}<\/script>\n<!-- \/ Yoast SEO plugin. -->","yoast_head_json":{"title":"Hoka Cielo X1 2.0 - Herren-Laufschuhe - MioMioRun.com","description":"Der Cielo X1 2.0 ist ein ultraleichter und reaktionsfreudiger Laufschuh mit Karbonfaserplatte, der dich bei deinen Rennen unterst\u00fctzt. Entdecken Sie ihn mit uns!","robots":{"index":"index","follow":"follow","max-snippet":"max-snippet:-1","max-image-preview":"max-image-preview:large","max-video-preview":"max-video-preview:-1"},"canonical":"https:\/\/www.miomiorun.com\/de\/produkt\/hoka-cielo-x1-2-0\/","og_locale":"de_DE","og_type":"article","og_title":"Hoka Cielo X1 2.0 - Herren-Laufschuhe - MioMioRun.com","og_description":"Der Cielo X1 2.0 ist ein ultraleichter und reaktionsfreudiger Laufschuh mit Karbonfaserplatte, der dich bei deinen Rennen unterst\u00fctzt. Entdecken Sie ihn mit uns!","og_url":"https:\/\/www.miomiorun.com\/de\/produkt\/hoka-cielo-x1-2-0\/","og_site_name":"MioMioRun","article_publisher":"https:\/\/www.facebook.com\/miomiorun\/","article_modified_time":"2026-01-06T17:40:21+00:00","og_image":[{"width":720,"height":720,"url":"https:\/\/www.miomiorun.com\/app\/uploads\/2025\/11\/hoka-Cielo-X1-2.0-black-gold-1162053-BKGD.webp","type":"image\/webp"}],"twitter_card":"summary_large_image","twitter_misc":{"Est. reading time":"2 minutes"},"schema":{"@context":"https:\/\/schema.org","@graph":[{"@type":"WebPage","@id":"https:\/\/www.miomiorun.com\/de\/produkt\/hoka-cielo-x1-2-0\/","url":"https:\/\/www.miomiorun.com\/de\/produkt\/hoka-cielo-x1-2-0\/","name":"Hoka Cielo X1 2.0 - Herren-Laufschuhe - MioMioRun.com","isPartOf":{"@id":"https:\/\/www.miomiorun.com\/de\/#website"},"primaryImageOfPage":{"@id":"https:\/\/www.miomiorun.com\/de\/produkt\/hoka-cielo-x1-2-0\/#primaryimage"},"image":{"@id":"https:\/\/www.miomiorun.com\/de\/produkt\/hoka-cielo-x1-2-0\/#primaryimage"},"thumbnailUrl":"https:\/\/www.miomiorun.com\/app\/uploads\/2025\/11\/hoka-Cielo-X1-2.0-black-gold-1162053-BKGD.webp","datePublished":"2025-03-04T10:43:08+00:00","dateModified":"2026-01-06T17:40:21+00:00","description":"Der Cielo X1 2.0 ist ein ultraleichter und reaktionsfreudiger Laufschuh mit Karbonfaserplatte, der dich bei deinen Rennen unterst\u00fctzt. Entdecken Sie ihn mit uns!","breadcrumb":{"@id":"https:\/\/www.miomiorun.com\/de\/produkt\/hoka-cielo-x1-2-0\/#breadcrumb"},"inLanguage":"de-DE","potentialAction":[{"@type":"ReadAction","target":["https:\/\/www.miomiorun.com\/de\/produkt\/hoka-cielo-x1-2-0\/"]}]},{"@type":"ImageObject","inLanguage":"de-DE","@id":"https:\/\/www.miomiorun.com\/de\/produkt\/hoka-cielo-x1-2-0\/#primaryimage","url":"https:\/\/www.miomiorun.com\/app\/uploads\/2025\/11\/hoka-Cielo-X1-2.0-black-gold-1162053-BKGD.webp","contentUrl":"https:\/\/www.miomiorun.com\/app\/uploads\/2025\/11\/hoka-Cielo-X1-2.0-black-gold-1162053-BKGD.webp","width":720,"height":720,"caption":"hoka Cielo X1 2.0 black gold 1162053 BKGD"},{"@type":"BreadcrumbList","@id":"https:\/\/www.miomiorun.com\/de\/produkt\/hoka-cielo-x1-2-0\/#breadcrumb","itemListElement":[{"@type":"ListItem","position":1,"name":"Home","item":"https:\/\/www.miomiorun.com\/de\/"},{"@type":"ListItem","position":2,"name":"Shop","item":"https:\/\/www.miomiorun.com\/shop\/"},{"@type":"ListItem","position":3,"name":"Cielo X1 2.0"}]},{"@type":"WebSite","@id":"https:\/\/www.miomiorun.com\/de\/#website","url":"https:\/\/www.miomiorun.com\/de\/","name":"MioMioRun","description":"100% Lauf- und Trailshop","publisher":{"@id":"https:\/\/www.miomiorun.com\/de\/#organization"},"potentialAction":[{"@type":"SearchAction","target":{"@type":"EntryPoint","urlTemplate":"https:\/\/www.miomiorun.com\/de\/?s={search_term_string}"},"query-input":{"@type":"PropertyValueSpecification","valueRequired":true,"valueName":"search_term_string"}}],"inLanguage":"de-DE"},{"@type":"Organization","@id":"https:\/\/www.miomiorun.com\/de\/#organization","name":"MioMio Run","url":"https:\/\/www.miomiorun.com\/de\/","logo":{"@type":"ImageObject","inLanguage":"de-DE","@id":"https:\/\/www.miomiorun.com\/de\/#\/schema\/logo\/image\/","url":"https:\/\/www.miomiorun.com\/app\/uploads\/2019\/12\/logomio.png","contentUrl":"https:\/\/www.miomiorun.com\/app\/uploads\/2019\/12\/logomio.png","width":115,"height":82,"caption":"MioMio Run"},"image":{"@id":"https:\/\/www.miomiorun.com\/de\/#\/schema\/logo\/image\/"},"sameAs":["https:\/\/www.facebook.com\/miomiorun\/","https:\/\/www.instagram.com\/miomiorun\/"]}]}},"_links":{"self":[{"href":"https:\/\/www.miomiorun.com\/de\/wp-json\/wp\/v2\/product\/260675","targetHints":{"allow":["GET"]}}],"collection":[{"href":"https:\/\/www.miomiorun.com\/de\/wp-json\/wp\/v2\/product"}],"about":[{"href":"https:\/\/www.miomiorun.com\/de\/wp-json\/wp\/v2\/types\/product"}],"wp:featuredmedia":[{"embeddable":true,"href":"https:\/\/www.miomiorun.com\/de\/wp-json\/wp\/v2\/media\/372659"}],"wp:attachment":[{"href":"https:\/\/www.miomiorun.com\/de\/wp-json\/wp\/v2\/media?parent=260675"}],"wp:term":[{"taxonomy":"product_brand","embeddable":true,"href":"https:\/\/www.miomiorun.com\/de\/wp-json\/wp\/v2\/product_brand?post=260675"},{"taxonomy":"product_cat","embeddable":true,"href":"https:\/\/www.miomiorun.com\/de\/wp-json\/wp\/v2\/product_cat?post=260675"},{"taxonomy":"product_tag","embeddable":true,"href":"https:\/\/www.miomiorun.com\/de\/wp-json\/wp\/v2\/product_tag?post=260675"}],"curies":[{"name":"wp","href":"https:\/\/api.w.org\/{rel}","templated":true}]}}