{"id":260514,"date":"2025-03-04T10:17:54","date_gmt":"2025-03-04T09:17:54","guid":{"rendered":"https:\/\/miomiorun.com\/?post_type=product&#038;p=260514"},"modified":"2026-05-08T22:31:15","modified_gmt":"2026-05-08T20:31:15","slug":"atmosphere-short-sleeve-3-0-herren","status":"publish","type":"product","link":"https:\/\/www.miomiorun.com\/de\/produkt\/atmosphere-short-sleeve-3-0-herren\/","title":{"rendered":"Atmosphere Short Sleeve 3.0 herren"},"content":{"rendered":"<p><strong>&#8220;Mit dem Atmosphere Short Sleeve 3.0 T-Shirt von Brooks kannst du der Hitze mit maximalem Komfort trotzen.<\/strong><\/p>\n<p>Mit diesem Lauf-T-Shirt wird die Hitze kein Hindernis mehr f\u00fcr deine Leistung sein. Dieses Kleidungsst\u00fcck bietet einen wirksamen Sonnenschutz und besteht aus einem schnell trocknenden Stretchmaterial, das Sie w\u00e4hrend Ihres Laufs k\u00fchl und trocken h\u00e4lt. Au\u00dferdem sorgt die geruchshemmende Technologie f\u00fcr dauerhaften Komfort, selbst bei den intensivsten L\u00e4ufen.<\/p>\n<p>Das <strong>semi-fitted<\/strong> Design sorgt f\u00fcr eine perfekte Passform, die Bewegungsfreiheit und Halt kombiniert. Es ist nicht nur funktionell, sondern auch praktisch: Um sein Aussehen und seine Leistung bestm\u00f6glich zu erhalten, kannst du es einfach separat in der Maschine waschen, auf Weichsp\u00fcler verzichten und bei niedrigen Temperaturen trocknen.<\/p>\n<p>Mit dem Atmosphere Short Sleeve 3.0 von Brooks kannst du jeden Lauf in vollen Z\u00fcgen genie\u00dfen, ohne auf Komfort und Frische verzichten zu m\u00fcssen!<\/p>\n","protected":false},"excerpt":{"rendered":"<ul>\n<li>Atmungsaktiv<\/li>\n<li>Sonnenschutz<\/li>\n<li>Geruchshemmend<\/li>\n<\/ul>\n","protected":false},"featured_media":260910,"template":"","meta":{"_acf_changed":false,"inline_featured_image":false},"product_brand":[],"product_cat":[6540,6508],"product_tag":[3362,6207],"class_list":{"0":"post-260514","1":"product","2":"type-product","3":"status-publish","4":"has-post-thumbnail","6":"product_cat-herrenbekleidung","7":"product_cat-herrent-shirt","8":"product_tag-brooks-de","9":"product_tag-brooks-herren-de","10":"pa_attivita-fitness-de","11":"pa_attivita-gehen","12":"pa_attivita-running-de","13":"pa_colore-atmosphere-short-sleeve-3-0-black-de","14":"pa_colore-atmosphere-short-sleeve-3-0-white-shadow","15":"pa_marca-brooks-de","16":"pa_sesso-herren","17":"pa_size-small-de","18":"pa_size-medium-de","19":"pa_size-large-de","21":"first","22":"instock","23":"sale","24":"taxable","25":"shipping-taxable","26":"purchasable","27":"product-type-variable","28":"wvs-archive-product-wrapper"},"acf":[],"yoast_head":"<!-- This site is optimized with the Yoast SEO plugin v26.8 - https:\/\/yoast.com\/product\/yoast-seo-wordpress\/ -->\n<title>Brooks Atmosphere Short Sleeve 3.0 herren - T-Shirt laufen- MioMioRun<\/title>\n<meta name=\"description\" content=\"Das Atmosphere Short Sleeve 3.0 Lauf-T-Shirt bietet Sonnenschutz, Geruchsresistenz und ein schnell trocknendes Material. Komm und entdecke es!\" \/>\n<meta name=\"robots\" content=\"index, follow, max-snippet:-1, max-image-preview:large, max-video-preview:-1\" \/>\n<link rel=\"canonical\" href=\"https:\/\/www.miomiorun.com\/de\/produkt\/atmosphere-short-sleeve-3-0-herren\/\" \/>\n<meta property=\"og:locale\" content=\"de_DE\" \/>\n<meta property=\"og:type\" content=\"article\" \/>\n<meta property=\"og:title\" content=\"Brooks Atmosphere Short Sleeve 3.0 herren - T-Shirt laufen- MioMioRun\" \/>\n<meta property=\"og:description\" content=\"Das Atmosphere Short Sleeve 3.0 Lauf-T-Shirt bietet Sonnenschutz, Geruchsresistenz und ein schnell trocknendes Material. Komm und entdecke es!\" \/>\n<meta property=\"og:url\" content=\"https:\/\/www.miomiorun.com\/de\/produkt\/atmosphere-short-sleeve-3-0-herren\/\" \/>\n<meta property=\"og:site_name\" content=\"MioMioRun\" \/>\n<meta property=\"article:publisher\" content=\"https:\/\/www.facebook.com\/miomiorun\/\" \/>\n<meta property=\"article:modified_time\" content=\"2026-05-08T20:31:15+00:00\" \/>\n<meta property=\"og:image\" content=\"https:\/\/www.miomiorun.com\/app\/uploads\/2025\/03\/brooks-Atmosphere-short-sleeve-3.0-black-211538001.webp\" \/>\n\t<meta property=\"og:image:width\" content=\"600\" \/>\n\t<meta property=\"og:image:height\" content=\"600\" \/>\n\t<meta property=\"og:image:type\" content=\"image\/webp\" \/>\n<meta name=\"twitter:card\" content=\"summary_large_image\" \/>\n<meta name=\"twitter:label1\" content=\"Est. reading time\" \/>\n\t<meta name=\"twitter:data1\" content=\"1 minute\" \/>\n<script type=\"application\/ld+json\" class=\"yoast-schema-graph\">{\"@context\":\"https:\/\/schema.org\",\"@graph\":[{\"@type\":\"WebPage\",\"@id\":\"https:\/\/www.miomiorun.com\/de\/produkt\/atmosphere-short-sleeve-3-0-herren\/\",\"url\":\"https:\/\/www.miomiorun.com\/de\/produkt\/atmosphere-short-sleeve-3-0-herren\/\",\"name\":\"Brooks Atmosphere Short Sleeve 3.0 herren - T-Shirt laufen- MioMioRun\",\"isPartOf\":{\"@id\":\"https:\/\/www.miomiorun.com\/de\/#website\"},\"primaryImageOfPage\":{\"@id\":\"https:\/\/www.miomiorun.com\/de\/produkt\/atmosphere-short-sleeve-3-0-herren\/#primaryimage\"},\"image\":{\"@id\":\"https:\/\/www.miomiorun.com\/de\/produkt\/atmosphere-short-sleeve-3-0-herren\/#primaryimage\"},\"thumbnailUrl\":\"https:\/\/www.miomiorun.com\/app\/uploads\/2025\/03\/brooks-Atmosphere-short-sleeve-3.0-black-211538001.webp\",\"datePublished\":\"2025-03-04T09:17:54+00:00\",\"dateModified\":\"2026-05-08T20:31:15+00:00\",\"description\":\"Das Atmosphere Short Sleeve 3.0 Lauf-T-Shirt bietet Sonnenschutz, Geruchsresistenz und ein schnell trocknendes Material. Komm und entdecke es!\",\"breadcrumb\":{\"@id\":\"https:\/\/www.miomiorun.com\/de\/produkt\/atmosphere-short-sleeve-3-0-herren\/#breadcrumb\"},\"inLanguage\":\"de-DE\",\"potentialAction\":[{\"@type\":\"ReadAction\",\"target\":[\"https:\/\/www.miomiorun.com\/de\/produkt\/atmosphere-short-sleeve-3-0-herren\/\"]}]},{\"@type\":\"ImageObject\",\"inLanguage\":\"de-DE\",\"@id\":\"https:\/\/www.miomiorun.com\/de\/produkt\/atmosphere-short-sleeve-3-0-herren\/#primaryimage\",\"url\":\"https:\/\/www.miomiorun.com\/app\/uploads\/2025\/03\/brooks-Atmosphere-short-sleeve-3.0-black-211538001.webp\",\"contentUrl\":\"https:\/\/www.miomiorun.com\/app\/uploads\/2025\/03\/brooks-Atmosphere-short-sleeve-3.0-black-211538001.webp\",\"width\":600,\"height\":600,\"caption\":\"brooks Atmosphere short sleeve 3.0 black 211538001\"},{\"@type\":\"BreadcrumbList\",\"@id\":\"https:\/\/www.miomiorun.com\/de\/produkt\/atmosphere-short-sleeve-3-0-herren\/#breadcrumb\",\"itemListElement\":[{\"@type\":\"ListItem\",\"position\":1,\"name\":\"Home\",\"item\":\"https:\/\/www.miomiorun.com\/de\/\"},{\"@type\":\"ListItem\",\"position\":2,\"name\":\"Shop\",\"item\":\"https:\/\/www.miomiorun.com\/shop\/\"},{\"@type\":\"ListItem\",\"position\":3,\"name\":\"Atmosphere Short Sleeve 3.0 herren\"}]},{\"@type\":\"WebSite\",\"@id\":\"https:\/\/www.miomiorun.com\/de\/#website\",\"url\":\"https:\/\/www.miomiorun.com\/de\/\",\"name\":\"MioMioRun\",\"description\":\"100% Lauf- und Trailshop\",\"publisher\":{\"@id\":\"https:\/\/www.miomiorun.com\/de\/#organization\"},\"potentialAction\":[{\"@type\":\"SearchAction\",\"target\":{\"@type\":\"EntryPoint\",\"urlTemplate\":\"https:\/\/www.miomiorun.com\/de\/?s={search_term_string}\"},\"query-input\":{\"@type\":\"PropertyValueSpecification\",\"valueRequired\":true,\"valueName\":\"search_term_string\"}}],\"inLanguage\":\"de-DE\"},{\"@type\":\"Organization\",\"@id\":\"https:\/\/www.miomiorun.com\/de\/#organization\",\"name\":\"MioMio Run\",\"url\":\"https:\/\/www.miomiorun.com\/de\/\",\"logo\":{\"@type\":\"ImageObject\",\"inLanguage\":\"de-DE\",\"@id\":\"https:\/\/www.miomiorun.com\/de\/#\/schema\/logo\/image\/\",\"url\":\"https:\/\/www.miomiorun.com\/app\/uploads\/2019\/12\/logomio.png\",\"contentUrl\":\"https:\/\/www.miomiorun.com\/app\/uploads\/2019\/12\/logomio.png\",\"width\":115,\"height\":82,\"caption\":\"MioMio Run\"},\"image\":{\"@id\":\"https:\/\/www.miomiorun.com\/de\/#\/schema\/logo\/image\/\"},\"sameAs\":[\"https:\/\/www.facebook.com\/miomiorun\/\",\"https:\/\/www.instagram.com\/miomiorun\/\"]}]}<\/script>\n<!-- \/ Yoast SEO plugin. -->","yoast_head_json":{"title":"Brooks Atmosphere Short Sleeve 3.0 herren - T-Shirt laufen- MioMioRun","description":"Das Atmosphere Short Sleeve 3.0 Lauf-T-Shirt bietet Sonnenschutz, Geruchsresistenz und ein schnell trocknendes Material. Komm und entdecke es!","robots":{"index":"index","follow":"follow","max-snippet":"max-snippet:-1","max-image-preview":"max-image-preview:large","max-video-preview":"max-video-preview:-1"},"canonical":"https:\/\/www.miomiorun.com\/de\/produkt\/atmosphere-short-sleeve-3-0-herren\/","og_locale":"de_DE","og_type":"article","og_title":"Brooks Atmosphere Short Sleeve 3.0 herren - T-Shirt laufen- MioMioRun","og_description":"Das Atmosphere Short Sleeve 3.0 Lauf-T-Shirt bietet Sonnenschutz, Geruchsresistenz und ein schnell trocknendes Material. Komm und entdecke es!","og_url":"https:\/\/www.miomiorun.com\/de\/produkt\/atmosphere-short-sleeve-3-0-herren\/","og_site_name":"MioMioRun","article_publisher":"https:\/\/www.facebook.com\/miomiorun\/","article_modified_time":"2026-05-08T20:31:15+00:00","og_image":[{"width":600,"height":600,"url":"https:\/\/www.miomiorun.com\/app\/uploads\/2025\/03\/brooks-Atmosphere-short-sleeve-3.0-black-211538001.webp","type":"image\/webp"}],"twitter_card":"summary_large_image","twitter_misc":{"Est. reading time":"1 minute"},"schema":{"@context":"https:\/\/schema.org","@graph":[{"@type":"WebPage","@id":"https:\/\/www.miomiorun.com\/de\/produkt\/atmosphere-short-sleeve-3-0-herren\/","url":"https:\/\/www.miomiorun.com\/de\/produkt\/atmosphere-short-sleeve-3-0-herren\/","name":"Brooks Atmosphere Short Sleeve 3.0 herren - T-Shirt laufen- MioMioRun","isPartOf":{"@id":"https:\/\/www.miomiorun.com\/de\/#website"},"primaryImageOfPage":{"@id":"https:\/\/www.miomiorun.com\/de\/produkt\/atmosphere-short-sleeve-3-0-herren\/#primaryimage"},"image":{"@id":"https:\/\/www.miomiorun.com\/de\/produkt\/atmosphere-short-sleeve-3-0-herren\/#primaryimage"},"thumbnailUrl":"https:\/\/www.miomiorun.com\/app\/uploads\/2025\/03\/brooks-Atmosphere-short-sleeve-3.0-black-211538001.webp","datePublished":"2025-03-04T09:17:54+00:00","dateModified":"2026-05-08T20:31:15+00:00","description":"Das Atmosphere Short Sleeve 3.0 Lauf-T-Shirt bietet Sonnenschutz, Geruchsresistenz und ein schnell trocknendes Material. Komm und entdecke es!","breadcrumb":{"@id":"https:\/\/www.miomiorun.com\/de\/produkt\/atmosphere-short-sleeve-3-0-herren\/#breadcrumb"},"inLanguage":"de-DE","potentialAction":[{"@type":"ReadAction","target":["https:\/\/www.miomiorun.com\/de\/produkt\/atmosphere-short-sleeve-3-0-herren\/"]}]},{"@type":"ImageObject","inLanguage":"de-DE","@id":"https:\/\/www.miomiorun.com\/de\/produkt\/atmosphere-short-sleeve-3-0-herren\/#primaryimage","url":"https:\/\/www.miomiorun.com\/app\/uploads\/2025\/03\/brooks-Atmosphere-short-sleeve-3.0-black-211538001.webp","contentUrl":"https:\/\/www.miomiorun.com\/app\/uploads\/2025\/03\/brooks-Atmosphere-short-sleeve-3.0-black-211538001.webp","width":600,"height":600,"caption":"brooks Atmosphere short sleeve 3.0 black 211538001"},{"@type":"BreadcrumbList","@id":"https:\/\/www.miomiorun.com\/de\/produkt\/atmosphere-short-sleeve-3-0-herren\/#breadcrumb","itemListElement":[{"@type":"ListItem","position":1,"name":"Home","item":"https:\/\/www.miomiorun.com\/de\/"},{"@type":"ListItem","position":2,"name":"Shop","item":"https:\/\/www.miomiorun.com\/shop\/"},{"@type":"ListItem","position":3,"name":"Atmosphere Short Sleeve 3.0 herren"}]},{"@type":"WebSite","@id":"https:\/\/www.miomiorun.com\/de\/#website","url":"https:\/\/www.miomiorun.com\/de\/","name":"MioMioRun","description":"100% Lauf- und Trailshop","publisher":{"@id":"https:\/\/www.miomiorun.com\/de\/#organization"},"potentialAction":[{"@type":"SearchAction","target":{"@type":"EntryPoint","urlTemplate":"https:\/\/www.miomiorun.com\/de\/?s={search_term_string}"},"query-input":{"@type":"PropertyValueSpecification","valueRequired":true,"valueName":"search_term_string"}}],"inLanguage":"de-DE"},{"@type":"Organization","@id":"https:\/\/www.miomiorun.com\/de\/#organization","name":"MioMio Run","url":"https:\/\/www.miomiorun.com\/de\/","logo":{"@type":"ImageObject","inLanguage":"de-DE","@id":"https:\/\/www.miomiorun.com\/de\/#\/schema\/logo\/image\/","url":"https:\/\/www.miomiorun.com\/app\/uploads\/2019\/12\/logomio.png","contentUrl":"https:\/\/www.miomiorun.com\/app\/uploads\/2019\/12\/logomio.png","width":115,"height":82,"caption":"MioMio Run"},"image":{"@id":"https:\/\/www.miomiorun.com\/de\/#\/schema\/logo\/image\/"},"sameAs":["https:\/\/www.facebook.com\/miomiorun\/","https:\/\/www.instagram.com\/miomiorun\/"]}]}},"_links":{"self":[{"href":"https:\/\/www.miomiorun.com\/de\/wp-json\/wp\/v2\/product\/260514","targetHints":{"allow":["GET"]}}],"collection":[{"href":"https:\/\/www.miomiorun.com\/de\/wp-json\/wp\/v2\/product"}],"about":[{"href":"https:\/\/www.miomiorun.com\/de\/wp-json\/wp\/v2\/types\/product"}],"wp:featuredmedia":[{"embeddable":true,"href":"https:\/\/www.miomiorun.com\/de\/wp-json\/wp\/v2\/media\/260910"}],"wp:attachment":[{"href":"https:\/\/www.miomiorun.com\/de\/wp-json\/wp\/v2\/media?parent=260514"}],"wp:term":[{"taxonomy":"product_brand","embeddable":true,"href":"https:\/\/www.miomiorun.com\/de\/wp-json\/wp\/v2\/product_brand?post=260514"},{"taxonomy":"product_cat","embeddable":true,"href":"https:\/\/www.miomiorun.com\/de\/wp-json\/wp\/v2\/product_cat?post=260514"},{"taxonomy":"product_tag","embeddable":true,"href":"https:\/\/www.miomiorun.com\/de\/wp-json\/wp\/v2\/product_tag?post=260514"}],"curies":[{"name":"wp","href":"https:\/\/api.w.org\/{rel}","templated":true}]}}