{"id":259443,"date":"2025-02-27T10:07:34","date_gmt":"2025-02-27T09:07:34","guid":{"rendered":"https:\/\/miomiorun.com\/?post_type=product&#038;p=259443"},"modified":"2025-03-26T10:12:20","modified_gmt":"2025-03-26T09:12:20","slug":"front-edge-halterung","status":"publish","type":"product","link":"https:\/\/www.miomiorun.com\/de\/produkt\/front-edge-halterung\/","title":{"rendered":"Front Edge\u00ae-Halterung"},"content":{"rendered":"<p>Mit dieser verl\u00e4ngerten Frontlenkerhalterung k\u00f6nnen Sie alle Vorteile Ihres kompatiblen Edge\u00ae nutzen, ohne Ihr Fahrrad zu beeintr\u00e4chtigen. Diese verl\u00e4ngerte Armhalterung erm\u00f6glicht eine aufrechte und bequeme Position f\u00fcr eine einfachere \u00dcberwachung und mehr Sicherheit. Kompatibel mit 25,4 mm-, 26 mm-, 31,8 mm- und 35 mm-Lenkern und der Edge-Motorhalterung.<\/p>\n","protected":false},"excerpt":{"rendered":"<p>Mit dieser verl\u00e4ngerten Frontlenkerhalterung k\u00f6nnen Sie alle Vorteile Ihres kompatiblen Edge\u00ae nutzen, ohne Ihr Fahrrad zu beeintr\u00e4chtigen. Diese verl\u00e4ngerte Armhalterung erm\u00f6glicht eine aufrechte und bequeme Position f\u00fcr eine einfachere \u00dcberwachung und mehr Sicherheit. Kompatibel mit 25,4 mm-, 26 mm-, 31,8 mm- und 35 mm-Lenkern und der Edge-Motorhalterung.<\/p>\n","protected":false},"featured_media":265100,"template":"","meta":{"_acf_changed":false,"inline_featured_image":false},"product_brand":[],"product_cat":[3344,3345],"product_tag":[3346],"class_list":{"0":"post-259443","1":"product","2":"type-product","3":"status-publish","4":"has-post-thumbnail","6":"product_cat-garmin-de","7":"product_cat-zubehoer-de-2","8":"product_tag-garmin-de","9":"pa_marca-garmin-de","10":"pa_sesso-damen","11":"pa_sesso-herren","13":"first","14":"instock","15":"sale","16":"taxable","17":"shipping-taxable","18":"purchasable","19":"product-type-simple"},"acf":[],"yoast_head":"<!-- This site is optimized with the Yoast SEO plugin v26.8 - https:\/\/yoast.com\/product\/yoast-seo-wordpress\/ -->\n<title>Garmin Front Edge\u00ae-Halterung - Fahrradzubeh\u00f6r - MioMioRun<\/title>\n<meta name=\"description\" content=\"Mit dieser verl\u00e4ngerten Frontlenkerhalterung bleiben Sie an der Spitze des Feldes und k\u00f6nnen alle Vorteile Ihres Edge genie\u00dfen.\" \/>\n<meta name=\"robots\" content=\"index, follow, max-snippet:-1, max-image-preview:large, max-video-preview:-1\" \/>\n<link rel=\"canonical\" href=\"https:\/\/www.miomiorun.com\/de\/produkt\/front-edge-halterung\/\" \/>\n<meta property=\"og:locale\" content=\"de_DE\" \/>\n<meta property=\"og:type\" content=\"article\" \/>\n<meta property=\"og:title\" content=\"Garmin Front Edge\u00ae-Halterung - Fahrradzubeh\u00f6r - MioMioRun\" \/>\n<meta property=\"og:description\" content=\"Mit dieser verl\u00e4ngerten Frontlenkerhalterung bleiben Sie an der Spitze des Feldes und k\u00f6nnen alle Vorteile Ihres Edge genie\u00dfen.\" \/>\n<meta property=\"og:url\" content=\"https:\/\/www.miomiorun.com\/de\/produkt\/front-edge-halterung\/\" \/>\n<meta property=\"og:site_name\" content=\"MioMioRun\" \/>\n<meta property=\"article:publisher\" content=\"https:\/\/www.facebook.com\/miomiorun\/\" \/>\n<meta property=\"article:modified_time\" content=\"2025-03-26T09:12:20+00:00\" \/>\n<meta property=\"og:image\" content=\"https:\/\/www.miomiorun.com\/app\/uploads\/2025\/02\/garmin-Staffa-a-filo-frontale-010-13152-00.webp\" \/>\n\t<meta property=\"og:image:width\" content=\"600\" \/>\n\t<meta property=\"og:image:height\" content=\"600\" \/>\n\t<meta property=\"og:image:type\" content=\"image\/webp\" \/>\n<meta name=\"twitter:card\" content=\"summary_large_image\" \/>\n<script type=\"application\/ld+json\" class=\"yoast-schema-graph\">{\"@context\":\"https:\/\/schema.org\",\"@graph\":[{\"@type\":\"WebPage\",\"@id\":\"https:\/\/www.miomiorun.com\/de\/produkt\/front-edge-halterung\/\",\"url\":\"https:\/\/www.miomiorun.com\/de\/produkt\/front-edge-halterung\/\",\"name\":\"Garmin Front Edge\u00ae-Halterung - Fahrradzubeh\u00f6r - MioMioRun\",\"isPartOf\":{\"@id\":\"https:\/\/www.miomiorun.com\/de\/#website\"},\"primaryImageOfPage\":{\"@id\":\"https:\/\/www.miomiorun.com\/de\/produkt\/front-edge-halterung\/#primaryimage\"},\"image\":{\"@id\":\"https:\/\/www.miomiorun.com\/de\/produkt\/front-edge-halterung\/#primaryimage\"},\"thumbnailUrl\":\"https:\/\/www.miomiorun.com\/app\/uploads\/2025\/02\/garmin-Staffa-a-filo-frontale-010-13152-00.webp\",\"datePublished\":\"2025-02-27T09:07:34+00:00\",\"dateModified\":\"2025-03-26T09:12:20+00:00\",\"description\":\"Mit dieser verl\u00e4ngerten Frontlenkerhalterung bleiben Sie an der Spitze des Feldes und k\u00f6nnen alle Vorteile Ihres Edge genie\u00dfen.\",\"breadcrumb\":{\"@id\":\"https:\/\/www.miomiorun.com\/de\/produkt\/front-edge-halterung\/#breadcrumb\"},\"inLanguage\":\"de-DE\",\"potentialAction\":[{\"@type\":\"ReadAction\",\"target\":[\"https:\/\/www.miomiorun.com\/de\/produkt\/front-edge-halterung\/\"]}]},{\"@type\":\"ImageObject\",\"inLanguage\":\"de-DE\",\"@id\":\"https:\/\/www.miomiorun.com\/de\/produkt\/front-edge-halterung\/#primaryimage\",\"url\":\"https:\/\/www.miomiorun.com\/app\/uploads\/2025\/02\/garmin-Staffa-a-filo-frontale-010-13152-00.webp\",\"contentUrl\":\"https:\/\/www.miomiorun.com\/app\/uploads\/2025\/02\/garmin-Staffa-a-filo-frontale-010-13152-00.webp\",\"width\":600,\"height\":600,\"caption\":\"garmin Staffa a filo frontale 010-13152-00\"},{\"@type\":\"BreadcrumbList\",\"@id\":\"https:\/\/www.miomiorun.com\/de\/produkt\/front-edge-halterung\/#breadcrumb\",\"itemListElement\":[{\"@type\":\"ListItem\",\"position\":1,\"name\":\"Home\",\"item\":\"https:\/\/www.miomiorun.com\/de\/\"},{\"@type\":\"ListItem\",\"position\":2,\"name\":\"Shop\",\"item\":\"https:\/\/www.miomiorun.com\/shop\/\"},{\"@type\":\"ListItem\",\"position\":3,\"name\":\"Front Edge\u00ae-Halterung\"}]},{\"@type\":\"WebSite\",\"@id\":\"https:\/\/www.miomiorun.com\/de\/#website\",\"url\":\"https:\/\/www.miomiorun.com\/de\/\",\"name\":\"MioMioRun\",\"description\":\"100% Lauf- und Trailshop\",\"publisher\":{\"@id\":\"https:\/\/www.miomiorun.com\/de\/#organization\"},\"potentialAction\":[{\"@type\":\"SearchAction\",\"target\":{\"@type\":\"EntryPoint\",\"urlTemplate\":\"https:\/\/www.miomiorun.com\/de\/?s={search_term_string}\"},\"query-input\":{\"@type\":\"PropertyValueSpecification\",\"valueRequired\":true,\"valueName\":\"search_term_string\"}}],\"inLanguage\":\"de-DE\"},{\"@type\":\"Organization\",\"@id\":\"https:\/\/www.miomiorun.com\/de\/#organization\",\"name\":\"MioMio Run\",\"url\":\"https:\/\/www.miomiorun.com\/de\/\",\"logo\":{\"@type\":\"ImageObject\",\"inLanguage\":\"de-DE\",\"@id\":\"https:\/\/www.miomiorun.com\/de\/#\/schema\/logo\/image\/\",\"url\":\"https:\/\/www.miomiorun.com\/app\/uploads\/2019\/12\/logomio.png\",\"contentUrl\":\"https:\/\/www.miomiorun.com\/app\/uploads\/2019\/12\/logomio.png\",\"width\":115,\"height\":82,\"caption\":\"MioMio Run\"},\"image\":{\"@id\":\"https:\/\/www.miomiorun.com\/de\/#\/schema\/logo\/image\/\"},\"sameAs\":[\"https:\/\/www.facebook.com\/miomiorun\/\",\"https:\/\/www.instagram.com\/miomiorun\/\"]}]}<\/script>\n<!-- \/ Yoast SEO plugin. -->","yoast_head_json":{"title":"Garmin Front Edge\u00ae-Halterung - Fahrradzubeh\u00f6r - MioMioRun","description":"Mit dieser verl\u00e4ngerten Frontlenkerhalterung bleiben Sie an der Spitze des Feldes und k\u00f6nnen alle Vorteile Ihres Edge genie\u00dfen.","robots":{"index":"index","follow":"follow","max-snippet":"max-snippet:-1","max-image-preview":"max-image-preview:large","max-video-preview":"max-video-preview:-1"},"canonical":"https:\/\/www.miomiorun.com\/de\/produkt\/front-edge-halterung\/","og_locale":"de_DE","og_type":"article","og_title":"Garmin Front Edge\u00ae-Halterung - Fahrradzubeh\u00f6r - MioMioRun","og_description":"Mit dieser verl\u00e4ngerten Frontlenkerhalterung bleiben Sie an der Spitze des Feldes und k\u00f6nnen alle Vorteile Ihres Edge genie\u00dfen.","og_url":"https:\/\/www.miomiorun.com\/de\/produkt\/front-edge-halterung\/","og_site_name":"MioMioRun","article_publisher":"https:\/\/www.facebook.com\/miomiorun\/","article_modified_time":"2025-03-26T09:12:20+00:00","og_image":[{"width":600,"height":600,"url":"https:\/\/www.miomiorun.com\/app\/uploads\/2025\/02\/garmin-Staffa-a-filo-frontale-010-13152-00.webp","type":"image\/webp"}],"twitter_card":"summary_large_image","schema":{"@context":"https:\/\/schema.org","@graph":[{"@type":"WebPage","@id":"https:\/\/www.miomiorun.com\/de\/produkt\/front-edge-halterung\/","url":"https:\/\/www.miomiorun.com\/de\/produkt\/front-edge-halterung\/","name":"Garmin Front Edge\u00ae-Halterung - Fahrradzubeh\u00f6r - MioMioRun","isPartOf":{"@id":"https:\/\/www.miomiorun.com\/de\/#website"},"primaryImageOfPage":{"@id":"https:\/\/www.miomiorun.com\/de\/produkt\/front-edge-halterung\/#primaryimage"},"image":{"@id":"https:\/\/www.miomiorun.com\/de\/produkt\/front-edge-halterung\/#primaryimage"},"thumbnailUrl":"https:\/\/www.miomiorun.com\/app\/uploads\/2025\/02\/garmin-Staffa-a-filo-frontale-010-13152-00.webp","datePublished":"2025-02-27T09:07:34+00:00","dateModified":"2025-03-26T09:12:20+00:00","description":"Mit dieser verl\u00e4ngerten Frontlenkerhalterung bleiben Sie an der Spitze des Feldes und k\u00f6nnen alle Vorteile Ihres Edge genie\u00dfen.","breadcrumb":{"@id":"https:\/\/www.miomiorun.com\/de\/produkt\/front-edge-halterung\/#breadcrumb"},"inLanguage":"de-DE","potentialAction":[{"@type":"ReadAction","target":["https:\/\/www.miomiorun.com\/de\/produkt\/front-edge-halterung\/"]}]},{"@type":"ImageObject","inLanguage":"de-DE","@id":"https:\/\/www.miomiorun.com\/de\/produkt\/front-edge-halterung\/#primaryimage","url":"https:\/\/www.miomiorun.com\/app\/uploads\/2025\/02\/garmin-Staffa-a-filo-frontale-010-13152-00.webp","contentUrl":"https:\/\/www.miomiorun.com\/app\/uploads\/2025\/02\/garmin-Staffa-a-filo-frontale-010-13152-00.webp","width":600,"height":600,"caption":"garmin Staffa a filo frontale 010-13152-00"},{"@type":"BreadcrumbList","@id":"https:\/\/www.miomiorun.com\/de\/produkt\/front-edge-halterung\/#breadcrumb","itemListElement":[{"@type":"ListItem","position":1,"name":"Home","item":"https:\/\/www.miomiorun.com\/de\/"},{"@type":"ListItem","position":2,"name":"Shop","item":"https:\/\/www.miomiorun.com\/shop\/"},{"@type":"ListItem","position":3,"name":"Front Edge\u00ae-Halterung"}]},{"@type":"WebSite","@id":"https:\/\/www.miomiorun.com\/de\/#website","url":"https:\/\/www.miomiorun.com\/de\/","name":"MioMioRun","description":"100% Lauf- und Trailshop","publisher":{"@id":"https:\/\/www.miomiorun.com\/de\/#organization"},"potentialAction":[{"@type":"SearchAction","target":{"@type":"EntryPoint","urlTemplate":"https:\/\/www.miomiorun.com\/de\/?s={search_term_string}"},"query-input":{"@type":"PropertyValueSpecification","valueRequired":true,"valueName":"search_term_string"}}],"inLanguage":"de-DE"},{"@type":"Organization","@id":"https:\/\/www.miomiorun.com\/de\/#organization","name":"MioMio Run","url":"https:\/\/www.miomiorun.com\/de\/","logo":{"@type":"ImageObject","inLanguage":"de-DE","@id":"https:\/\/www.miomiorun.com\/de\/#\/schema\/logo\/image\/","url":"https:\/\/www.miomiorun.com\/app\/uploads\/2019\/12\/logomio.png","contentUrl":"https:\/\/www.miomiorun.com\/app\/uploads\/2019\/12\/logomio.png","width":115,"height":82,"caption":"MioMio Run"},"image":{"@id":"https:\/\/www.miomiorun.com\/de\/#\/schema\/logo\/image\/"},"sameAs":["https:\/\/www.facebook.com\/miomiorun\/","https:\/\/www.instagram.com\/miomiorun\/"]}]}},"_links":{"self":[{"href":"https:\/\/www.miomiorun.com\/de\/wp-json\/wp\/v2\/product\/259443","targetHints":{"allow":["GET"]}}],"collection":[{"href":"https:\/\/www.miomiorun.com\/de\/wp-json\/wp\/v2\/product"}],"about":[{"href":"https:\/\/www.miomiorun.com\/de\/wp-json\/wp\/v2\/types\/product"}],"wp:featuredmedia":[{"embeddable":true,"href":"https:\/\/www.miomiorun.com\/de\/wp-json\/wp\/v2\/media\/265100"}],"wp:attachment":[{"href":"https:\/\/www.miomiorun.com\/de\/wp-json\/wp\/v2\/media?parent=259443"}],"wp:term":[{"taxonomy":"product_brand","embeddable":true,"href":"https:\/\/www.miomiorun.com\/de\/wp-json\/wp\/v2\/product_brand?post=259443"},{"taxonomy":"product_cat","embeddable":true,"href":"https:\/\/www.miomiorun.com\/de\/wp-json\/wp\/v2\/product_cat?post=259443"},{"taxonomy":"product_tag","embeddable":true,"href":"https:\/\/www.miomiorun.com\/de\/wp-json\/wp\/v2\/product_tag?post=259443"}],"curies":[{"name":"wp","href":"https:\/\/api.w.org\/{rel}","templated":true}]}}