{"id":258936,"date":"2025-02-25T11:55:12","date_gmt":"2025-02-25T10:55:12","guid":{"rendered":"https:\/\/miomiorun.com\/?post_type=product&#038;p=258936"},"modified":"2026-05-08T22:31:36","modified_gmt":"2026-05-08T20:31:36","slug":"kaha-3-low-gtx-damen","status":"publish","type":"product","link":"https:\/\/www.miomiorun.com\/de\/produkt\/kaha-3-low-gtx-damen\/","title":{"rendered":"Kaha 3 Low GTX damen"},"content":{"rendered":"<div class=\"vc-row container\"><div class=\"vc-column\"><div class=\"vc-column-text\"><\/p>\n<p><strong>Technische Daten<\/strong><\/p>\n<p>Kategorie: Top-D\u00e4mpfung<br \/>\nVersatz: 7 mm<br \/>\nGewicht: 394 g<br \/>\nIdeal f\u00fcr: Bergwanderer, die ein strukturiertes, aber gut ged\u00e4mpftes und sch\u00fctzendes Modell suchen, das maximalen Komfort auf l\u00e4ngeren Strecken bietet.<br \/>\nGewicht des Athleten: 70-90 kg<br \/>\nLauftempo: mittel-langsam (6.00-7.00 min\/km)<br \/>\n<a href=\"https:\/\/miomiorun.com\/de\/leitfaden-fuer-technische-spezifikationen\/\">Spezifikationen<\/a><\/p>\n<p><\/div><div style=\"height:32px\" class=\"vc-empty-space\"><\/div><div class=\"vc-column-text\"><\/p>\n<p><div style=\"width: 1298px;\" class=\"wp-video\"><video class=\"wp-video-shortcode\" id=\"video-258936-1\" width=\"1298\" height=\"1200\" loop autoplay preload=\"metadata\" controls=\"controls\"><source type=\"video\/webm\" src=\"https:\/\/miomiorun.com\/wp-content\/uploads\/2025\/02\/kaha-3-video.webm?_=1\" \/><a href=\"https:\/\/miomiorun.com\/wp-content\/uploads\/2025\/02\/kaha-3-video.webm\">https:\/\/miomiorun.com\/wp-content\/uploads\/2025\/02\/kaha-3-video.webm<\/a><\/video><\/div><\/p>\n<p><\/div><\/div><div class=\"vc-column\"><div class=\"vc-column-text\">Wenn Sie ein begeisterter Wanderer sind und einen Wanderschuh suchen, der Weichheit, Strapazierf\u00e4higkeit und Komfort vereint, ist der <strong>Kaha 3 Low GORE-TEX<\/strong> genau das Richtige f\u00fcr Sie. Perfekt f\u00fcr Tageswanderungen oder l\u00e4ngere Abenteuer, ist dieser Schuh f\u00fcr maximalen Komfort und Schutz bei allen Wetterbedingungen konzipiert.<\/p>\n<p>Sein innovatives Design wurde mit der <strong>GORE-TEX Invisible Fit<\/strong> Technologie perfektioniert, die f\u00fcr eine komfortable Passform sorgt und die F\u00fc\u00dfe auch bei feuchten Bedingungen trocken h\u00e4lt. Die weiche Einlegesohle und die <strong>EVA-Zwischensohle aus Zuckerrohr mit doppelter Dichte<\/strong> bieten im Vergleich zu fr\u00fcheren Modellen eine h\u00f6here Elastizit\u00e4t und verringern die Erm\u00fcdung der F\u00fc\u00dfe bei langen Wanderungen.<\/p>\n<p>Der <strong>Kaha 3 Low<\/strong> ist mit zahlreichen fortschrittlichen Eigenschaften ausgestattet, um eine au\u00dfergew\u00f6hnliche Leistung zu gew\u00e4hrleisten: Die <strong>Vibram\u00ae Megagrip-Au\u00dfensohle<\/strong> bietet entscheidende Traktion auf weichem Terrain, w\u00e4hrend die robuste Zehenverst\u00e4rkung und der druckentlastende Fersenkragen Sie vor Ger\u00f6ll und Hindernissen auf dem Weg sch\u00fctzen. Dank der <strong>einteiligen Konstruktion<\/strong> der Sohle wird die Haltbarkeit deutlich erh\u00f6ht, w\u00e4hrend die Fersenkappe und die geformte TPU-Verst\u00e4rkung im Zehenbereich die Strapazierf\u00e4higkeit und Stabilit\u00e4t verbessern.<\/p>\n<p>Hergestellt aus nachhaltigen Materialien wie dem <strong>Obermaterial aus recyceltem Polyester<\/strong> und einer <strong>biologisch erneuerbaren PU-Einlegesohle<\/strong> bietet der Kaha 3 Low eine perfekte Balance aus Leistung und Umweltfreundlichkeit. Die <strong>Vibram\u00ae Megagrip-Sohle<\/strong> bietet dank der <strong>4 mm Stollen<\/strong> und der <strong>Traction Lug<\/strong> maximale Traktion.<\/p>\n<p>Mit seinem schlanken Design und den Verbesserungen f\u00fcr eine perfekte Passform ist der <strong>Kaha 3 Low GORE-TEX<\/strong> bereit, Sie bei jedem Abenteuer zu begleiten, von leichten Wanderungen bis zu anspruchsvollen Trails. Er ist nicht nur ein idealer Verb\u00fcndeter beim Wandern, sondern auch ein komfortabler, langlebiger und vielseitiger Schuh f\u00fcr alle Arten von Terrain und Wetterbedingungen.<\/p>\n<div class=\"col-12 p-0 col-sm-3\"><img loading=\"lazy\" decoding=\"async\" class=\"\" src=\"https:\/\/www.hoka.com\/on\/demandware.static\/-\/Library-Sites-HOKA-EMEA-SHARED\/default\/dwb1edf833\/images\/landing\/2024\/kaha-3-gtx-pdp\/cushion.svg\" alt=\"\" width=\"83\" height=\"81\" \/><\/div>\n<div class=\"col-12 p-0 col-sm-3\">Gepolsterte Zwischensohle<\/div>\n<div><\/div>\n<div class=\"col-12 p-0 col-sm-3\"><img loading=\"lazy\" decoding=\"async\" class=\"\" src=\"https:\/\/www.hoka.com\/on\/demandware.static\/-\/Library-Sites-HOKA-EMEA-SHARED\/default\/dwa65279cb\/images\/landing\/2024\/kaha-3-gtx-pdp\/metarocker.svg\" alt=\"\" width=\"105\" height=\"67\" \/><\/div>\n<div class=\"col-12 p-0 col-sm-3\">MetaRocker\u2122 Fl\u00fcssigkeit<\/div>\n<div><\/div>\n<div class=\"col-12 p-0 col-sm-3\"><img loading=\"lazy\" decoding=\"async\" class=\"\" src=\"https:\/\/www.hoka.com\/on\/demandware.static\/-\/Library-Sites-HOKA-EMEA-SHARED\/default\/dw3f34fdf7\/images\/landing\/2024\/kaha-3-gtx-pdp\/gore-tex.svg\" alt=\"\" width=\"84\" height=\"84\" \/><\/div>\n<div class=\"col-12 p-0 col-sm-3\">GORE-TEX Unsichtbare Passform<\/div>\n<div><\/div>\n<div class=\"col-12 p-0 col-sm-3\"><img loading=\"lazy\" decoding=\"async\" class=\"\" src=\"https:\/\/www.hoka.com\/on\/demandware.static\/-\/Library-Sites-HOKA-EMEA-SHARED\/default\/dwfab44800\/images\/landing\/2024\/kaha-3-gtx-pdp\/vibram.svg\" alt=\"\" width=\"115\" height=\"63\" \/><\/div>\n<div class=\"col-12 p-0 col-sm-3\">Vibram\u00ae Megagrip<\/div>\n<p><\/div><\/div><\/div>\n","protected":false},"excerpt":{"rendered":"<ul>\n<li>Idealer Schuh zum Wandern.<\/li>\n<li>Vibram\u00ae Megagrip-Sohle mit Traction Lug.<\/li>\n<li>GORE-TEX<\/li>\n<\/ul>\n","protected":false},"featured_media":259103,"template":"","meta":{"_acf_changed":false,"inline_featured_image":false},"product_brand":[],"product_cat":[6474,6491],"product_tag":[3373,6228],"class_list":{"0":"post-258936","1":"product","2":"type-product","3":"status-publish","4":"has-post-thumbnail","6":"product_cat-damenschuhe","7":"product_cat-damentrailschuhe","8":"product_tag-hoka-one-one-de","9":"product_tag-hoka-one-one-damen-de","10":"pa_attivita-outdoor-de","11":"pa_colore-kaha-3-low-gtx-w-vanilla-mint-fluorite-de","12":"pa_marca-hoka-de","13":"pa_sesso-damen","14":"pa_size-38-de","15":"pa_size-41-de","16":"pa_size-42-de","18":"first","19":"instock","20":"sale","21":"taxable","22":"shipping-taxable","23":"purchasable","24":"product-type-variable","25":"wvs-archive-product-wrapper"},"acf":[],"yoast_head":"<!-- This site is optimized with the Yoast SEO plugin v26.8 - https:\/\/yoast.com\/product\/yoast-seo-wordpress\/ -->\n<title>HokaKaha 3 Low GTX damen - Wanderschuhe - MioMioRun.com<\/title>\n<meta name=\"description\" content=\"Der Kaha 3 Low GORE-TEX ist ein bequemer, langlebiger und nachhaltiger Trekkingschuh, ideal f\u00fcr Wanderungen aller Art und bei allen Wetterbedingungen.\" \/>\n<meta name=\"robots\" content=\"index, follow, max-snippet:-1, max-image-preview:large, max-video-preview:-1\" \/>\n<link rel=\"canonical\" href=\"https:\/\/www.miomiorun.com\/de\/produkt\/kaha-3-low-gtx-damen\/\" \/>\n<meta property=\"og:locale\" content=\"de_DE\" \/>\n<meta property=\"og:type\" content=\"article\" \/>\n<meta property=\"og:title\" content=\"HokaKaha 3 Low GTX damen - Wanderschuhe - MioMioRun.com\" \/>\n<meta property=\"og:description\" content=\"Der Kaha 3 Low GORE-TEX ist ein bequemer, langlebiger und nachhaltiger Trekkingschuh, ideal f\u00fcr Wanderungen aller Art und bei allen Wetterbedingungen.\" \/>\n<meta property=\"og:url\" content=\"https:\/\/www.miomiorun.com\/de\/produkt\/kaha-3-low-gtx-damen\/\" \/>\n<meta property=\"og:site_name\" content=\"MioMioRun\" \/>\n<meta property=\"article:publisher\" content=\"https:\/\/www.facebook.com\/miomiorun\/\" \/>\n<meta property=\"article:modified_time\" content=\"2026-05-08T20:31:36+00:00\" \/>\n<meta property=\"og:image\" content=\"https:\/\/www.miomiorun.com\/app\/uploads\/2025\/02\/hoka-Kaha-3-low-GTX-W-vanilla-mint-fluorite-1162533-VLM.webp\" \/>\n\t<meta property=\"og:image:width\" content=\"600\" \/>\n\t<meta property=\"og:image:height\" content=\"600\" \/>\n\t<meta property=\"og:image:type\" content=\"image\/webp\" \/>\n<meta name=\"twitter:card\" content=\"summary_large_image\" \/>\n<meta name=\"twitter:label1\" content=\"Est. reading time\" \/>\n\t<meta name=\"twitter:data1\" content=\"2 minutes\" \/>\n<script type=\"application\/ld+json\" class=\"yoast-schema-graph\">{\"@context\":\"https:\/\/schema.org\",\"@graph\":[{\"@type\":\"WebPage\",\"@id\":\"https:\/\/www.miomiorun.com\/de\/produkt\/kaha-3-low-gtx-damen\/\",\"url\":\"https:\/\/www.miomiorun.com\/de\/produkt\/kaha-3-low-gtx-damen\/\",\"name\":\"HokaKaha 3 Low GTX damen - Wanderschuhe - MioMioRun.com\",\"isPartOf\":{\"@id\":\"https:\/\/www.miomiorun.com\/de\/#website\"},\"primaryImageOfPage\":{\"@id\":\"https:\/\/www.miomiorun.com\/de\/produkt\/kaha-3-low-gtx-damen\/#primaryimage\"},\"image\":{\"@id\":\"https:\/\/www.miomiorun.com\/de\/produkt\/kaha-3-low-gtx-damen\/#primaryimage\"},\"thumbnailUrl\":\"https:\/\/www.miomiorun.com\/app\/uploads\/2025\/02\/hoka-Kaha-3-low-GTX-W-vanilla-mint-fluorite-1162533-VLM.webp\",\"datePublished\":\"2025-02-25T10:55:12+00:00\",\"dateModified\":\"2026-05-08T20:31:36+00:00\",\"description\":\"Der Kaha 3 Low GORE-TEX ist ein bequemer, langlebiger und nachhaltiger Trekkingschuh, ideal f\u00fcr Wanderungen aller Art und bei allen Wetterbedingungen.\",\"breadcrumb\":{\"@id\":\"https:\/\/www.miomiorun.com\/de\/produkt\/kaha-3-low-gtx-damen\/#breadcrumb\"},\"inLanguage\":\"de-DE\",\"potentialAction\":[{\"@type\":\"ReadAction\",\"target\":[\"https:\/\/www.miomiorun.com\/de\/produkt\/kaha-3-low-gtx-damen\/\"]}]},{\"@type\":\"ImageObject\",\"inLanguage\":\"de-DE\",\"@id\":\"https:\/\/www.miomiorun.com\/de\/produkt\/kaha-3-low-gtx-damen\/#primaryimage\",\"url\":\"https:\/\/www.miomiorun.com\/app\/uploads\/2025\/02\/hoka-Kaha-3-low-GTX-W-vanilla-mint-fluorite-1162533-VLM.webp\",\"contentUrl\":\"https:\/\/www.miomiorun.com\/app\/uploads\/2025\/02\/hoka-Kaha-3-low-GTX-W-vanilla-mint-fluorite-1162533-VLM.webp\",\"width\":600,\"height\":600,\"caption\":\"hoka Kaha 3 low GTX W vanilla mint fluorite 1162533 VLM\"},{\"@type\":\"BreadcrumbList\",\"@id\":\"https:\/\/www.miomiorun.com\/de\/produkt\/kaha-3-low-gtx-damen\/#breadcrumb\",\"itemListElement\":[{\"@type\":\"ListItem\",\"position\":1,\"name\":\"Home\",\"item\":\"https:\/\/www.miomiorun.com\/de\/\"},{\"@type\":\"ListItem\",\"position\":2,\"name\":\"Shop\",\"item\":\"https:\/\/www.miomiorun.com\/shop\/\"},{\"@type\":\"ListItem\",\"position\":3,\"name\":\"Kaha 3 Low GTX damen\"}]},{\"@type\":\"WebSite\",\"@id\":\"https:\/\/www.miomiorun.com\/de\/#website\",\"url\":\"https:\/\/www.miomiorun.com\/de\/\",\"name\":\"MioMioRun\",\"description\":\"100% Lauf- und Trailshop\",\"publisher\":{\"@id\":\"https:\/\/www.miomiorun.com\/de\/#organization\"},\"potentialAction\":[{\"@type\":\"SearchAction\",\"target\":{\"@type\":\"EntryPoint\",\"urlTemplate\":\"https:\/\/www.miomiorun.com\/de\/?s={search_term_string}\"},\"query-input\":{\"@type\":\"PropertyValueSpecification\",\"valueRequired\":true,\"valueName\":\"search_term_string\"}}],\"inLanguage\":\"de-DE\"},{\"@type\":\"Organization\",\"@id\":\"https:\/\/www.miomiorun.com\/de\/#organization\",\"name\":\"MioMio Run\",\"url\":\"https:\/\/www.miomiorun.com\/de\/\",\"logo\":{\"@type\":\"ImageObject\",\"inLanguage\":\"de-DE\",\"@id\":\"https:\/\/www.miomiorun.com\/de\/#\/schema\/logo\/image\/\",\"url\":\"https:\/\/www.miomiorun.com\/app\/uploads\/2019\/12\/logomio.png\",\"contentUrl\":\"https:\/\/www.miomiorun.com\/app\/uploads\/2019\/12\/logomio.png\",\"width\":115,\"height\":82,\"caption\":\"MioMio Run\"},\"image\":{\"@id\":\"https:\/\/www.miomiorun.com\/de\/#\/schema\/logo\/image\/\"},\"sameAs\":[\"https:\/\/www.facebook.com\/miomiorun\/\",\"https:\/\/www.instagram.com\/miomiorun\/\"]}]}<\/script>\n<!-- \/ Yoast SEO plugin. -->","yoast_head_json":{"title":"HokaKaha 3 Low GTX damen - Wanderschuhe - MioMioRun.com","description":"Der Kaha 3 Low GORE-TEX ist ein bequemer, langlebiger und nachhaltiger Trekkingschuh, ideal f\u00fcr Wanderungen aller Art und bei allen Wetterbedingungen.","robots":{"index":"index","follow":"follow","max-snippet":"max-snippet:-1","max-image-preview":"max-image-preview:large","max-video-preview":"max-video-preview:-1"},"canonical":"https:\/\/www.miomiorun.com\/de\/produkt\/kaha-3-low-gtx-damen\/","og_locale":"de_DE","og_type":"article","og_title":"HokaKaha 3 Low GTX damen - Wanderschuhe - MioMioRun.com","og_description":"Der Kaha 3 Low GORE-TEX ist ein bequemer, langlebiger und nachhaltiger Trekkingschuh, ideal f\u00fcr Wanderungen aller Art und bei allen Wetterbedingungen.","og_url":"https:\/\/www.miomiorun.com\/de\/produkt\/kaha-3-low-gtx-damen\/","og_site_name":"MioMioRun","article_publisher":"https:\/\/www.facebook.com\/miomiorun\/","article_modified_time":"2026-05-08T20:31:36+00:00","og_image":[{"width":600,"height":600,"url":"https:\/\/www.miomiorun.com\/app\/uploads\/2025\/02\/hoka-Kaha-3-low-GTX-W-vanilla-mint-fluorite-1162533-VLM.webp","type":"image\/webp"}],"twitter_card":"summary_large_image","twitter_misc":{"Est. reading time":"2 minutes"},"schema":{"@context":"https:\/\/schema.org","@graph":[{"@type":"WebPage","@id":"https:\/\/www.miomiorun.com\/de\/produkt\/kaha-3-low-gtx-damen\/","url":"https:\/\/www.miomiorun.com\/de\/produkt\/kaha-3-low-gtx-damen\/","name":"HokaKaha 3 Low GTX damen - Wanderschuhe - MioMioRun.com","isPartOf":{"@id":"https:\/\/www.miomiorun.com\/de\/#website"},"primaryImageOfPage":{"@id":"https:\/\/www.miomiorun.com\/de\/produkt\/kaha-3-low-gtx-damen\/#primaryimage"},"image":{"@id":"https:\/\/www.miomiorun.com\/de\/produkt\/kaha-3-low-gtx-damen\/#primaryimage"},"thumbnailUrl":"https:\/\/www.miomiorun.com\/app\/uploads\/2025\/02\/hoka-Kaha-3-low-GTX-W-vanilla-mint-fluorite-1162533-VLM.webp","datePublished":"2025-02-25T10:55:12+00:00","dateModified":"2026-05-08T20:31:36+00:00","description":"Der Kaha 3 Low GORE-TEX ist ein bequemer, langlebiger und nachhaltiger Trekkingschuh, ideal f\u00fcr Wanderungen aller Art und bei allen Wetterbedingungen.","breadcrumb":{"@id":"https:\/\/www.miomiorun.com\/de\/produkt\/kaha-3-low-gtx-damen\/#breadcrumb"},"inLanguage":"de-DE","potentialAction":[{"@type":"ReadAction","target":["https:\/\/www.miomiorun.com\/de\/produkt\/kaha-3-low-gtx-damen\/"]}]},{"@type":"ImageObject","inLanguage":"de-DE","@id":"https:\/\/www.miomiorun.com\/de\/produkt\/kaha-3-low-gtx-damen\/#primaryimage","url":"https:\/\/www.miomiorun.com\/app\/uploads\/2025\/02\/hoka-Kaha-3-low-GTX-W-vanilla-mint-fluorite-1162533-VLM.webp","contentUrl":"https:\/\/www.miomiorun.com\/app\/uploads\/2025\/02\/hoka-Kaha-3-low-GTX-W-vanilla-mint-fluorite-1162533-VLM.webp","width":600,"height":600,"caption":"hoka Kaha 3 low GTX W vanilla mint fluorite 1162533 VLM"},{"@type":"BreadcrumbList","@id":"https:\/\/www.miomiorun.com\/de\/produkt\/kaha-3-low-gtx-damen\/#breadcrumb","itemListElement":[{"@type":"ListItem","position":1,"name":"Home","item":"https:\/\/www.miomiorun.com\/de\/"},{"@type":"ListItem","position":2,"name":"Shop","item":"https:\/\/www.miomiorun.com\/shop\/"},{"@type":"ListItem","position":3,"name":"Kaha 3 Low GTX damen"}]},{"@type":"WebSite","@id":"https:\/\/www.miomiorun.com\/de\/#website","url":"https:\/\/www.miomiorun.com\/de\/","name":"MioMioRun","description":"100% Lauf- und Trailshop","publisher":{"@id":"https:\/\/www.miomiorun.com\/de\/#organization"},"potentialAction":[{"@type":"SearchAction","target":{"@type":"EntryPoint","urlTemplate":"https:\/\/www.miomiorun.com\/de\/?s={search_term_string}"},"query-input":{"@type":"PropertyValueSpecification","valueRequired":true,"valueName":"search_term_string"}}],"inLanguage":"de-DE"},{"@type":"Organization","@id":"https:\/\/www.miomiorun.com\/de\/#organization","name":"MioMio Run","url":"https:\/\/www.miomiorun.com\/de\/","logo":{"@type":"ImageObject","inLanguage":"de-DE","@id":"https:\/\/www.miomiorun.com\/de\/#\/schema\/logo\/image\/","url":"https:\/\/www.miomiorun.com\/app\/uploads\/2019\/12\/logomio.png","contentUrl":"https:\/\/www.miomiorun.com\/app\/uploads\/2019\/12\/logomio.png","width":115,"height":82,"caption":"MioMio Run"},"image":{"@id":"https:\/\/www.miomiorun.com\/de\/#\/schema\/logo\/image\/"},"sameAs":["https:\/\/www.facebook.com\/miomiorun\/","https:\/\/www.instagram.com\/miomiorun\/"]}]}},"_links":{"self":[{"href":"https:\/\/www.miomiorun.com\/de\/wp-json\/wp\/v2\/product\/258936","targetHints":{"allow":["GET"]}}],"collection":[{"href":"https:\/\/www.miomiorun.com\/de\/wp-json\/wp\/v2\/product"}],"about":[{"href":"https:\/\/www.miomiorun.com\/de\/wp-json\/wp\/v2\/types\/product"}],"wp:featuredmedia":[{"embeddable":true,"href":"https:\/\/www.miomiorun.com\/de\/wp-json\/wp\/v2\/media\/259103"}],"wp:attachment":[{"href":"https:\/\/www.miomiorun.com\/de\/wp-json\/wp\/v2\/media?parent=258936"}],"wp:term":[{"taxonomy":"product_brand","embeddable":true,"href":"https:\/\/www.miomiorun.com\/de\/wp-json\/wp\/v2\/product_brand?post=258936"},{"taxonomy":"product_cat","embeddable":true,"href":"https:\/\/www.miomiorun.com\/de\/wp-json\/wp\/v2\/product_cat?post=258936"},{"taxonomy":"product_tag","embeddable":true,"href":"https:\/\/www.miomiorun.com\/de\/wp-json\/wp\/v2\/product_tag?post=258936"}],"curies":[{"name":"wp","href":"https:\/\/api.w.org\/{rel}","templated":true}]}}