{"id":258687,"date":"2025-02-25T10:21:19","date_gmt":"2025-02-25T09:21:19","guid":{"rendered":"https:\/\/miomiorun.com\/?post_type=product&#038;p=258687"},"modified":"2025-03-24T19:01:56","modified_gmt":"2025-03-24T18:01:56","slug":"rise-bermudashorts-herren","status":"publish","type":"product","link":"https:\/\/www.miomiorun.com\/de\/produkt\/rise-bermudashorts-herren\/","title":{"rendered":"Rise Bermudashorts herren"},"content":{"rendered":"<p>Die Rise Herren-Bermudashorts von Montura sind die ideale Wahl f\u00fcr Outdoor-Aktivit\u00e4ten bei warmem Wetter. Die Shorts aus 4-Wege-Stretch-Nylon sind leicht, dehnbar und bieten absolute Bewegungsfreiheit &#8211; perfekt f\u00fcr Ausdauersport und bequeme Wanderungen. Die PFAS-freie DWR-Behandlung verleiht dem Gewebe Strapazierf\u00e4higkeit, sch\u00fctzt dich vor leichtem Regen und h\u00e4lt dich auch bei unsicherem Wetter trocken.<\/p>\n<p>Der elastische Bund mit Pull-on-Design garantiert eine perfekte Passform und erleichtert das An- und Ausziehen der Shorts. Die offenen Eingrifftaschen, die Ges\u00e4\u00dftasche und die seitliche Rei\u00dfverschlusstasche bieten ausreichend Platz f\u00fcr Kleinigkeiten und halten alles in Reichweite.<\/p>\n<p>Die leichten und funktionellen Rise Bermuda Shorts sind ideal f\u00fcr eine Vielzahl von Outdoor-Aktivit\u00e4ten wie Wandern, Laufen, Fitness oder f\u00fcr einen Freizeitspaziergang. Mit einem Gewicht von nur 130 g begleiten Sie diese Shorts den ganzen Tag \u00fcber, auch an hei\u00dfen Sommertagen, in Komfort und K\u00fchle.<\/p>\n<p>Perfekt f\u00fcr jedes Outdoor-Abenteuer!<\/p>\n<p>&nbsp;<\/p>\n<div class=\"content__image-wrapper tw-w-fit\">\n<div class=\"content__image tw-relative tw-w-[3.2rem]\"><img loading=\"lazy\" decoding=\"async\" class=\"tw-absolute tw-top-0 tw-left-0 tw-w-full tw-h-full\" src=\"https:\/\/www.montura.com\/cdn\/shop\/files\/004_Breathable_Black.svg?v=1709125473&amp;width=200\" srcset=\"\/\/www.montura.com\/cdn\/shop\/files\/004_Breathable_Black.svg?v=1709125473&amp;width=200 200w\" alt=\"\" width=\"83\" height=\"83\" \/><\/div>\n<\/div>\n<h3 class=\"tw-text-s tw-pt-[1.2rem] tw-pb-[0.4rem] tw-font-medium\">Atmungsaktiv<\/h3>\n<div class=\"content__image-wrapper tw-w-fit\">\n<div class=\"content__image tw-relative tw-w-[3.2rem]\"><img loading=\"lazy\" decoding=\"async\" class=\"tw-absolute tw-top-0 tw-left-0 tw-w-full tw-h-full\" src=\"https:\/\/www.montura.com\/cdn\/shop\/files\/002_WaterResistantDWR_Black.svg?v=1709125500&amp;width=200\" srcset=\"\/\/www.montura.com\/cdn\/shop\/files\/002_WaterResistantDWR_Black.svg?v=1709125500&amp;width=200 200w\" alt=\"\" width=\"80\" height=\"80\" \/><\/div>\n<\/div>\n<h3 class=\"tw-text-s tw-pt-[1.2rem] tw-pb-[0.4rem] tw-font-medium\">Wasserabweisend (DWR)<\/h3>\n","protected":false},"excerpt":{"rendered":"<ul>\n<li>\u00a0leicht und dehnbar<\/li>\n<li>perfekt f\u00fcr Ausdauersport im Sommer<\/li>\n<li>wasserabweisend<\/li>\n<\/ul>\n","protected":false},"featured_media":259042,"template":"","meta":{"_acf_changed":false,"inline_featured_image":false},"product_brand":[],"product_cat":[6540,6510],"product_tag":[3379,6270],"class_list":{"0":"post-258687","1":"product","2":"type-product","3":"status-publish","4":"has-post-thumbnail","6":"product_cat-herrenbekleidung","7":"product_cat-shorts","8":"product_tag-montura-de","9":"product_tag-montura-herren-de","10":"pa_attivita-gehen","11":"pa_attivita-outdoor-de","12":"pa_colore-rise-bermuda-antracite-de","13":"pa_marca-montura-de","14":"pa_sesso-herren","15":"pa_size-medium-de","16":"pa_size-large-de","18":"first","19":"instock","20":"sale","21":"taxable","22":"shipping-taxable","23":"purchasable","24":"product-type-variable","25":"wvs-archive-product-wrapper"},"acf":[],"yoast_head":"<!-- This site is optimized with the Yoast SEO plugin v26.8 - https:\/\/yoast.com\/product\/yoast-seo-wordpress\/ -->\n<title>Montura Rise Bermudashorts herren - Bermudashorts herren - MioMioRun<\/title>\n<meta name=\"description\" content=\"Die Montura Rise Bermudashorts f\u00fcr Herren sind leicht, dehnbar und strapazierf\u00e4hig und dank der praktischen Taschen und dem leichten Regenschutz ideal f\u00fcr sommerliche Outdoor-Aktivit\u00e4ten.\" \/>\n<meta name=\"robots\" content=\"index, follow, max-snippet:-1, max-image-preview:large, max-video-preview:-1\" \/>\n<link rel=\"canonical\" href=\"https:\/\/www.miomiorun.com\/de\/produkt\/rise-bermudashorts-herren\/\" \/>\n<meta property=\"og:locale\" content=\"de_DE\" \/>\n<meta property=\"og:type\" content=\"article\" \/>\n<meta property=\"og:title\" content=\"Montura Rise Bermudashorts herren - Bermudashorts herren - MioMioRun\" \/>\n<meta property=\"og:description\" content=\"Die Montura Rise Bermudashorts f\u00fcr Herren sind leicht, dehnbar und strapazierf\u00e4hig und dank der praktischen Taschen und dem leichten Regenschutz ideal f\u00fcr sommerliche Outdoor-Aktivit\u00e4ten.\" \/>\n<meta property=\"og:url\" content=\"https:\/\/www.miomiorun.com\/de\/produkt\/rise-bermudashorts-herren\/\" \/>\n<meta property=\"og:site_name\" content=\"MioMioRun\" \/>\n<meta property=\"article:publisher\" content=\"https:\/\/www.facebook.com\/miomiorun\/\" \/>\n<meta property=\"article:modified_time\" content=\"2025-03-24T18:01:56+00:00\" \/>\n<meta property=\"og:image\" content=\"https:\/\/www.miomiorun.com\/app\/uploads\/2025\/02\/montura-Rise-bermuda-verde-salvia-sunny-lime-MPBR81X.49202.webp\" \/>\n\t<meta property=\"og:image:width\" content=\"600\" \/>\n\t<meta property=\"og:image:height\" content=\"600\" \/>\n\t<meta property=\"og:image:type\" content=\"image\/webp\" \/>\n<meta name=\"twitter:card\" content=\"summary_large_image\" \/>\n<meta name=\"twitter:label1\" content=\"Est. reading time\" \/>\n\t<meta name=\"twitter:data1\" content=\"1 minute\" \/>\n<script type=\"application\/ld+json\" class=\"yoast-schema-graph\">{\"@context\":\"https:\/\/schema.org\",\"@graph\":[{\"@type\":\"WebPage\",\"@id\":\"https:\/\/www.miomiorun.com\/de\/produkt\/rise-bermudashorts-herren\/\",\"url\":\"https:\/\/www.miomiorun.com\/de\/produkt\/rise-bermudashorts-herren\/\",\"name\":\"Montura Rise Bermudashorts herren - Bermudashorts herren - MioMioRun\",\"isPartOf\":{\"@id\":\"https:\/\/www.miomiorun.com\/de\/#website\"},\"primaryImageOfPage\":{\"@id\":\"https:\/\/www.miomiorun.com\/de\/produkt\/rise-bermudashorts-herren\/#primaryimage\"},\"image\":{\"@id\":\"https:\/\/www.miomiorun.com\/de\/produkt\/rise-bermudashorts-herren\/#primaryimage\"},\"thumbnailUrl\":\"https:\/\/www.miomiorun.com\/app\/uploads\/2025\/02\/montura-Rise-bermuda-verde-salvia-sunny-lime-MPBR81X.49202.webp\",\"datePublished\":\"2025-02-25T09:21:19+00:00\",\"dateModified\":\"2025-03-24T18:01:56+00:00\",\"description\":\"Die Montura Rise Bermudashorts f\u00fcr Herren sind leicht, dehnbar und strapazierf\u00e4hig und dank der praktischen Taschen und dem leichten Regenschutz ideal f\u00fcr sommerliche Outdoor-Aktivit\u00e4ten.\",\"breadcrumb\":{\"@id\":\"https:\/\/www.miomiorun.com\/de\/produkt\/rise-bermudashorts-herren\/#breadcrumb\"},\"inLanguage\":\"de-DE\",\"potentialAction\":[{\"@type\":\"ReadAction\",\"target\":[\"https:\/\/www.miomiorun.com\/de\/produkt\/rise-bermudashorts-herren\/\"]}]},{\"@type\":\"ImageObject\",\"inLanguage\":\"de-DE\",\"@id\":\"https:\/\/www.miomiorun.com\/de\/produkt\/rise-bermudashorts-herren\/#primaryimage\",\"url\":\"https:\/\/www.miomiorun.com\/app\/uploads\/2025\/02\/montura-Rise-bermuda-verde-salvia-sunny-lime-MPBR81X.49202.webp\",\"contentUrl\":\"https:\/\/www.miomiorun.com\/app\/uploads\/2025\/02\/montura-Rise-bermuda-verde-salvia-sunny-lime-MPBR81X.49202.webp\",\"width\":600,\"height\":600,\"caption\":\"montura Rise bermuda verde salvia sunny lime MPBR81X.49202\"},{\"@type\":\"BreadcrumbList\",\"@id\":\"https:\/\/www.miomiorun.com\/de\/produkt\/rise-bermudashorts-herren\/#breadcrumb\",\"itemListElement\":[{\"@type\":\"ListItem\",\"position\":1,\"name\":\"Home\",\"item\":\"https:\/\/www.miomiorun.com\/de\/\"},{\"@type\":\"ListItem\",\"position\":2,\"name\":\"Shop\",\"item\":\"https:\/\/www.miomiorun.com\/shop\/\"},{\"@type\":\"ListItem\",\"position\":3,\"name\":\"Rise Bermudashorts herren\"}]},{\"@type\":\"WebSite\",\"@id\":\"https:\/\/www.miomiorun.com\/de\/#website\",\"url\":\"https:\/\/www.miomiorun.com\/de\/\",\"name\":\"MioMioRun\",\"description\":\"100% Lauf- und Trailshop\",\"publisher\":{\"@id\":\"https:\/\/www.miomiorun.com\/de\/#organization\"},\"potentialAction\":[{\"@type\":\"SearchAction\",\"target\":{\"@type\":\"EntryPoint\",\"urlTemplate\":\"https:\/\/www.miomiorun.com\/de\/?s={search_term_string}\"},\"query-input\":{\"@type\":\"PropertyValueSpecification\",\"valueRequired\":true,\"valueName\":\"search_term_string\"}}],\"inLanguage\":\"de-DE\"},{\"@type\":\"Organization\",\"@id\":\"https:\/\/www.miomiorun.com\/de\/#organization\",\"name\":\"MioMio Run\",\"url\":\"https:\/\/www.miomiorun.com\/de\/\",\"logo\":{\"@type\":\"ImageObject\",\"inLanguage\":\"de-DE\",\"@id\":\"https:\/\/www.miomiorun.com\/de\/#\/schema\/logo\/image\/\",\"url\":\"https:\/\/www.miomiorun.com\/app\/uploads\/2019\/12\/logomio.png\",\"contentUrl\":\"https:\/\/www.miomiorun.com\/app\/uploads\/2019\/12\/logomio.png\",\"width\":115,\"height\":82,\"caption\":\"MioMio Run\"},\"image\":{\"@id\":\"https:\/\/www.miomiorun.com\/de\/#\/schema\/logo\/image\/\"},\"sameAs\":[\"https:\/\/www.facebook.com\/miomiorun\/\",\"https:\/\/www.instagram.com\/miomiorun\/\"]}]}<\/script>\n<!-- \/ Yoast SEO plugin. -->","yoast_head_json":{"title":"Montura Rise Bermudashorts herren - Bermudashorts herren - MioMioRun","description":"Die Montura Rise Bermudashorts f\u00fcr Herren sind leicht, dehnbar und strapazierf\u00e4hig und dank der praktischen Taschen und dem leichten Regenschutz ideal f\u00fcr sommerliche Outdoor-Aktivit\u00e4ten.","robots":{"index":"index","follow":"follow","max-snippet":"max-snippet:-1","max-image-preview":"max-image-preview:large","max-video-preview":"max-video-preview:-1"},"canonical":"https:\/\/www.miomiorun.com\/de\/produkt\/rise-bermudashorts-herren\/","og_locale":"de_DE","og_type":"article","og_title":"Montura Rise Bermudashorts herren - Bermudashorts herren - MioMioRun","og_description":"Die Montura Rise Bermudashorts f\u00fcr Herren sind leicht, dehnbar und strapazierf\u00e4hig und dank der praktischen Taschen und dem leichten Regenschutz ideal f\u00fcr sommerliche Outdoor-Aktivit\u00e4ten.","og_url":"https:\/\/www.miomiorun.com\/de\/produkt\/rise-bermudashorts-herren\/","og_site_name":"MioMioRun","article_publisher":"https:\/\/www.facebook.com\/miomiorun\/","article_modified_time":"2025-03-24T18:01:56+00:00","og_image":[{"width":600,"height":600,"url":"https:\/\/www.miomiorun.com\/app\/uploads\/2025\/02\/montura-Rise-bermuda-verde-salvia-sunny-lime-MPBR81X.49202.webp","type":"image\/webp"}],"twitter_card":"summary_large_image","twitter_misc":{"Est. reading time":"1 minute"},"schema":{"@context":"https:\/\/schema.org","@graph":[{"@type":"WebPage","@id":"https:\/\/www.miomiorun.com\/de\/produkt\/rise-bermudashorts-herren\/","url":"https:\/\/www.miomiorun.com\/de\/produkt\/rise-bermudashorts-herren\/","name":"Montura Rise Bermudashorts herren - Bermudashorts herren - MioMioRun","isPartOf":{"@id":"https:\/\/www.miomiorun.com\/de\/#website"},"primaryImageOfPage":{"@id":"https:\/\/www.miomiorun.com\/de\/produkt\/rise-bermudashorts-herren\/#primaryimage"},"image":{"@id":"https:\/\/www.miomiorun.com\/de\/produkt\/rise-bermudashorts-herren\/#primaryimage"},"thumbnailUrl":"https:\/\/www.miomiorun.com\/app\/uploads\/2025\/02\/montura-Rise-bermuda-verde-salvia-sunny-lime-MPBR81X.49202.webp","datePublished":"2025-02-25T09:21:19+00:00","dateModified":"2025-03-24T18:01:56+00:00","description":"Die Montura Rise Bermudashorts f\u00fcr Herren sind leicht, dehnbar und strapazierf\u00e4hig und dank der praktischen Taschen und dem leichten Regenschutz ideal f\u00fcr sommerliche Outdoor-Aktivit\u00e4ten.","breadcrumb":{"@id":"https:\/\/www.miomiorun.com\/de\/produkt\/rise-bermudashorts-herren\/#breadcrumb"},"inLanguage":"de-DE","potentialAction":[{"@type":"ReadAction","target":["https:\/\/www.miomiorun.com\/de\/produkt\/rise-bermudashorts-herren\/"]}]},{"@type":"ImageObject","inLanguage":"de-DE","@id":"https:\/\/www.miomiorun.com\/de\/produkt\/rise-bermudashorts-herren\/#primaryimage","url":"https:\/\/www.miomiorun.com\/app\/uploads\/2025\/02\/montura-Rise-bermuda-verde-salvia-sunny-lime-MPBR81X.49202.webp","contentUrl":"https:\/\/www.miomiorun.com\/app\/uploads\/2025\/02\/montura-Rise-bermuda-verde-salvia-sunny-lime-MPBR81X.49202.webp","width":600,"height":600,"caption":"montura Rise bermuda verde salvia sunny lime MPBR81X.49202"},{"@type":"BreadcrumbList","@id":"https:\/\/www.miomiorun.com\/de\/produkt\/rise-bermudashorts-herren\/#breadcrumb","itemListElement":[{"@type":"ListItem","position":1,"name":"Home","item":"https:\/\/www.miomiorun.com\/de\/"},{"@type":"ListItem","position":2,"name":"Shop","item":"https:\/\/www.miomiorun.com\/shop\/"},{"@type":"ListItem","position":3,"name":"Rise Bermudashorts herren"}]},{"@type":"WebSite","@id":"https:\/\/www.miomiorun.com\/de\/#website","url":"https:\/\/www.miomiorun.com\/de\/","name":"MioMioRun","description":"100% Lauf- und Trailshop","publisher":{"@id":"https:\/\/www.miomiorun.com\/de\/#organization"},"potentialAction":[{"@type":"SearchAction","target":{"@type":"EntryPoint","urlTemplate":"https:\/\/www.miomiorun.com\/de\/?s={search_term_string}"},"query-input":{"@type":"PropertyValueSpecification","valueRequired":true,"valueName":"search_term_string"}}],"inLanguage":"de-DE"},{"@type":"Organization","@id":"https:\/\/www.miomiorun.com\/de\/#organization","name":"MioMio Run","url":"https:\/\/www.miomiorun.com\/de\/","logo":{"@type":"ImageObject","inLanguage":"de-DE","@id":"https:\/\/www.miomiorun.com\/de\/#\/schema\/logo\/image\/","url":"https:\/\/www.miomiorun.com\/app\/uploads\/2019\/12\/logomio.png","contentUrl":"https:\/\/www.miomiorun.com\/app\/uploads\/2019\/12\/logomio.png","width":115,"height":82,"caption":"MioMio Run"},"image":{"@id":"https:\/\/www.miomiorun.com\/de\/#\/schema\/logo\/image\/"},"sameAs":["https:\/\/www.facebook.com\/miomiorun\/","https:\/\/www.instagram.com\/miomiorun\/"]}]}},"_links":{"self":[{"href":"https:\/\/www.miomiorun.com\/de\/wp-json\/wp\/v2\/product\/258687","targetHints":{"allow":["GET"]}}],"collection":[{"href":"https:\/\/www.miomiorun.com\/de\/wp-json\/wp\/v2\/product"}],"about":[{"href":"https:\/\/www.miomiorun.com\/de\/wp-json\/wp\/v2\/types\/product"}],"wp:featuredmedia":[{"embeddable":true,"href":"https:\/\/www.miomiorun.com\/de\/wp-json\/wp\/v2\/media\/259042"}],"wp:attachment":[{"href":"https:\/\/www.miomiorun.com\/de\/wp-json\/wp\/v2\/media?parent=258687"}],"wp:term":[{"taxonomy":"product_brand","embeddable":true,"href":"https:\/\/www.miomiorun.com\/de\/wp-json\/wp\/v2\/product_brand?post=258687"},{"taxonomy":"product_cat","embeddable":true,"href":"https:\/\/www.miomiorun.com\/de\/wp-json\/wp\/v2\/product_cat?post=258687"},{"taxonomy":"product_tag","embeddable":true,"href":"https:\/\/www.miomiorun.com\/de\/wp-json\/wp\/v2\/product_tag?post=258687"}],"curies":[{"name":"wp","href":"https:\/\/api.w.org\/{rel}","templated":true}]}}