{"id":258376,"date":"2025-02-22T12:33:07","date_gmt":"2025-02-22T11:33:07","guid":{"rendered":"https:\/\/miomiorun.com\/?post_type=product&#038;p=258376"},"modified":"2025-03-26T10:51:05","modified_gmt":"2025-03-26T09:51:05","slug":"seed-hooded-jacket-damen","status":"publish","type":"product","link":"https:\/\/www.miomiorun.com\/de\/produkt\/seed-hooded-jacket-damen\/","title":{"rendered":"Seed hooded jacket damen"},"content":{"rendered":"<p>Die <strong>Women&#8217;s Seed Kapuzenjacke<\/strong> ist der perfekte Verb\u00fcndete f\u00fcr deine Outdoor-Abenteuer, ob beim Trekking oder Klettern. Die Jacke aus innovativem DWR-Stretch-Polyestergewebe mit hybrider Doppelgewebe- und Softshell-Konstruktion sch\u00fctzt vor Wind und speichert die W\u00e4rme, damit Sie auch bei pl\u00f6tzlichen Wetterumschw\u00fcngen warm bleiben. Die interne Gitterstruktur ist so konzipiert, dass sie den Schwei\u00df ableitet und so eine optimale Regulierung der K\u00f6rpertemperatur bei intensiven k\u00f6rperlichen Aktivit\u00e4ten gew\u00e4hrleistet.<\/p>\n<p>Kontrastierende Stretch-Nylon-Details machen die Jacke strapazierf\u00e4hig und erm\u00f6glichen maximale Bewegungsfreiheit, w\u00e4hrend die verstellbare Kapuze, die elastischen \u00c4rmelb\u00fcndchen und der verstellbare Saum f\u00fcr eine perfekte Passform sorgen und in jeder Situation maximalen Komfort bieten. In den Rei\u00dfverschlusstaschen k\u00f6nnen Sie Ihre wichtigsten Gegenst\u00e4nde sicher aufbewahren, w\u00e4hrend die offene Innentasche zus\u00e4tzlichen Stauraum bietet.<\/p>\n<p>Mit einem Gewicht von nur 300 g ist diese Jacke leicht, aber dennoch robust genug, um auch den h\u00e4rtesten Bedingungen standzuhalten. Egal, ob Sie neue Wege erkunden oder eine Klettertour in Angriff nehmen, die Seed-Kapuzenjacke bietet Ihnen den Schutz und den Komfort, den Sie brauchen, um jede Herausforderung zu meistern.<\/p>\n<div class=\"content__image-wrapper tw-w-fit\">\n<div><\/div>\n<div class=\"content__image tw-relative tw-w-[3.2rem]\"><img loading=\"lazy\" decoding=\"async\" class=\"tw-absolute tw-top-0 tw-left-0 tw-w-full tw-h-full\" src=\"https:\/\/www.montura.com\/cdn\/shop\/files\/004_Breathable_Black.svg?v=1709125473&amp;width=200\" srcset=\"\/\/www.montura.com\/cdn\/shop\/files\/004_Breathable_Black.svg?v=1709125473&amp;width=200 200w\" alt=\"\" width=\"84\" height=\"84\" \/><\/div>\n<\/div>\n<h4 class=\"tw-text-s tw-pt-[1.2rem] tw-pb-[0.4rem] tw-font-medium\">Atmungsaktiv<\/h4>\n<div class=\"content__image-wrapper tw-w-fit\">\n<div class=\"content__image tw-relative tw-w-[3.2rem]\"><img loading=\"lazy\" decoding=\"async\" class=\"tw-absolute tw-top-0 tw-left-0 tw-w-full tw-h-full\" src=\"https:\/\/www.montura.com\/cdn\/shop\/files\/002_WaterResistantDWR_Black.svg?v=1709125500&amp;width=200\" srcset=\"\/\/www.montura.com\/cdn\/shop\/files\/002_WaterResistantDWR_Black.svg?v=1709125500&amp;width=200 200w\" alt=\"\" width=\"84\" height=\"84\" \/><\/div>\n<\/div>\n<h4 class=\"tw-text-s tw-pt-[1.2rem] tw-pb-[0.4rem] tw-font-medium\">Wasserabweisend (DWR)<\/h4>\n<div class=\"content__image-wrapper tw-w-fit\">\n<div class=\"content__image tw-relative tw-w-[3.2rem]\"><img loading=\"lazy\" decoding=\"async\" class=\"tw-absolute tw-top-0 tw-left-0 tw-w-full tw-h-full\" src=\"https:\/\/www.montura.com\/cdn\/shop\/files\/012_RecycledMaterial_Black.svg?v=1709125426&amp;width=200\" srcset=\"\/\/www.montura.com\/cdn\/shop\/files\/012_RecycledMaterial_Black.svg?v=1709125426&amp;width=200 200w\" alt=\"\" width=\"84\" height=\"84\" \/><\/div>\n<\/div>\n<h4 class=\"tw-text-s tw-pt-[1.2rem] tw-pb-[0.4rem] tw-font-medium\">Recycelte Materialien<\/h4>\n","protected":false},"excerpt":{"rendered":"<ul>\n<li>Ideale Jacke f\u00fcr Ihre Bergtouren.<\/li>\n<li>Bietet hervorragenden Schutz vor leichtem Regen und Wind.<\/li>\n<\/ul>\n","protected":false},"featured_media":258833,"template":"","meta":{"_acf_changed":false,"inline_featured_image":false},"product_brand":[],"product_cat":[6401,6404],"product_tag":[3379,6254],"class_list":{"0":"post-258376","1":"product","2":"type-product","3":"status-publish","4":"has-post-thumbnail","6":"product_cat-damenbekleidung","7":"product_cat-damenjacken","8":"product_tag-montura-de","9":"product_tag-montura-damen-de","10":"pa_attivita-gehen","11":"pa_attivita-outdoor-de","12":"pa_colore-seed-hooded-jacket-w-black-de","13":"pa_marca-montura-de","14":"pa_sesso-damen","15":"pa_size-medium-de","17":"first","18":"instock","19":"sale","20":"taxable","21":"shipping-taxable","22":"purchasable","23":"product-type-variable","24":"wvs-archive-product-wrapper"},"acf":[],"yoast_head":"<!-- This site is optimized with the Yoast SEO plugin v26.8 - https:\/\/yoast.com\/product\/yoast-seo-wordpress\/ -->\n<title>Montura Seed hooded jacket damen - Sommerjacke - MioMioRun<\/title>\n<meta name=\"description\" content=\"Die Seed Hooded Jacket f\u00fcr Frauen ist leicht, winddicht und wasserabweisend und sorgt f\u00fcr Komfort, W\u00e4rme und Strapazierf\u00e4higkeit bei Aktivit\u00e4ten.\" \/>\n<meta name=\"robots\" content=\"index, follow, max-snippet:-1, max-image-preview:large, max-video-preview:-1\" \/>\n<link rel=\"canonical\" href=\"https:\/\/www.miomiorun.com\/de\/produkt\/seed-hooded-jacket-damen\/\" \/>\n<meta property=\"og:locale\" content=\"de_DE\" \/>\n<meta property=\"og:type\" content=\"article\" \/>\n<meta property=\"og:title\" content=\"Montura Seed hooded jacket damen - Sommerjacke - MioMioRun\" \/>\n<meta property=\"og:description\" content=\"Die Seed Hooded Jacket f\u00fcr Frauen ist leicht, winddicht und wasserabweisend und sorgt f\u00fcr Komfort, W\u00e4rme und Strapazierf\u00e4higkeit bei Aktivit\u00e4ten.\" \/>\n<meta property=\"og:url\" content=\"https:\/\/www.miomiorun.com\/de\/produkt\/seed-hooded-jacket-damen\/\" \/>\n<meta property=\"og:site_name\" content=\"MioMioRun\" \/>\n<meta property=\"article:publisher\" content=\"https:\/\/www.facebook.com\/miomiorun\/\" \/>\n<meta property=\"article:modified_time\" content=\"2025-03-26T09:51:05+00:00\" \/>\n<meta property=\"og:image\" content=\"https:\/\/www.miomiorun.com\/app\/uploads\/2025\/02\/montura-Seed-hooded-jacket-W-black-MJAW23W.90.webp\" \/>\n\t<meta property=\"og:image:width\" content=\"600\" \/>\n\t<meta property=\"og:image:height\" content=\"600\" \/>\n\t<meta property=\"og:image:type\" content=\"image\/webp\" \/>\n<meta name=\"twitter:card\" content=\"summary_large_image\" \/>\n<meta name=\"twitter:label1\" content=\"Est. reading time\" \/>\n\t<meta name=\"twitter:data1\" content=\"1 minute\" \/>\n<script type=\"application\/ld+json\" class=\"yoast-schema-graph\">{\"@context\":\"https:\/\/schema.org\",\"@graph\":[{\"@type\":\"WebPage\",\"@id\":\"https:\/\/www.miomiorun.com\/de\/produkt\/seed-hooded-jacket-damen\/\",\"url\":\"https:\/\/www.miomiorun.com\/de\/produkt\/seed-hooded-jacket-damen\/\",\"name\":\"Montura Seed hooded jacket damen - Sommerjacke - MioMioRun\",\"isPartOf\":{\"@id\":\"https:\/\/www.miomiorun.com\/de\/#website\"},\"primaryImageOfPage\":{\"@id\":\"https:\/\/www.miomiorun.com\/de\/produkt\/seed-hooded-jacket-damen\/#primaryimage\"},\"image\":{\"@id\":\"https:\/\/www.miomiorun.com\/de\/produkt\/seed-hooded-jacket-damen\/#primaryimage\"},\"thumbnailUrl\":\"https:\/\/www.miomiorun.com\/app\/uploads\/2025\/02\/montura-Seed-hooded-jacket-W-black-MJAW23W.90.webp\",\"datePublished\":\"2025-02-22T11:33:07+00:00\",\"dateModified\":\"2025-03-26T09:51:05+00:00\",\"description\":\"Die Seed Hooded Jacket f\u00fcr Frauen ist leicht, winddicht und wasserabweisend und sorgt f\u00fcr Komfort, W\u00e4rme und Strapazierf\u00e4higkeit bei Aktivit\u00e4ten.\",\"breadcrumb\":{\"@id\":\"https:\/\/www.miomiorun.com\/de\/produkt\/seed-hooded-jacket-damen\/#breadcrumb\"},\"inLanguage\":\"de-DE\",\"potentialAction\":[{\"@type\":\"ReadAction\",\"target\":[\"https:\/\/www.miomiorun.com\/de\/produkt\/seed-hooded-jacket-damen\/\"]}]},{\"@type\":\"ImageObject\",\"inLanguage\":\"de-DE\",\"@id\":\"https:\/\/www.miomiorun.com\/de\/produkt\/seed-hooded-jacket-damen\/#primaryimage\",\"url\":\"https:\/\/www.miomiorun.com\/app\/uploads\/2025\/02\/montura-Seed-hooded-jacket-W-black-MJAW23W.90.webp\",\"contentUrl\":\"https:\/\/www.miomiorun.com\/app\/uploads\/2025\/02\/montura-Seed-hooded-jacket-W-black-MJAW23W.90.webp\",\"width\":600,\"height\":600,\"caption\":\"montura Seed hooded jacket W black MJAW23W.90\"},{\"@type\":\"BreadcrumbList\",\"@id\":\"https:\/\/www.miomiorun.com\/de\/produkt\/seed-hooded-jacket-damen\/#breadcrumb\",\"itemListElement\":[{\"@type\":\"ListItem\",\"position\":1,\"name\":\"Home\",\"item\":\"https:\/\/www.miomiorun.com\/de\/\"},{\"@type\":\"ListItem\",\"position\":2,\"name\":\"Shop\",\"item\":\"https:\/\/www.miomiorun.com\/shop\/\"},{\"@type\":\"ListItem\",\"position\":3,\"name\":\"Seed hooded jacket damen\"}]},{\"@type\":\"WebSite\",\"@id\":\"https:\/\/www.miomiorun.com\/de\/#website\",\"url\":\"https:\/\/www.miomiorun.com\/de\/\",\"name\":\"MioMioRun\",\"description\":\"100% Lauf- und Trailshop\",\"publisher\":{\"@id\":\"https:\/\/www.miomiorun.com\/de\/#organization\"},\"potentialAction\":[{\"@type\":\"SearchAction\",\"target\":{\"@type\":\"EntryPoint\",\"urlTemplate\":\"https:\/\/www.miomiorun.com\/de\/?s={search_term_string}\"},\"query-input\":{\"@type\":\"PropertyValueSpecification\",\"valueRequired\":true,\"valueName\":\"search_term_string\"}}],\"inLanguage\":\"de-DE\"},{\"@type\":\"Organization\",\"@id\":\"https:\/\/www.miomiorun.com\/de\/#organization\",\"name\":\"MioMio Run\",\"url\":\"https:\/\/www.miomiorun.com\/de\/\",\"logo\":{\"@type\":\"ImageObject\",\"inLanguage\":\"de-DE\",\"@id\":\"https:\/\/www.miomiorun.com\/de\/#\/schema\/logo\/image\/\",\"url\":\"https:\/\/www.miomiorun.com\/app\/uploads\/2019\/12\/logomio.png\",\"contentUrl\":\"https:\/\/www.miomiorun.com\/app\/uploads\/2019\/12\/logomio.png\",\"width\":115,\"height\":82,\"caption\":\"MioMio Run\"},\"image\":{\"@id\":\"https:\/\/www.miomiorun.com\/de\/#\/schema\/logo\/image\/\"},\"sameAs\":[\"https:\/\/www.facebook.com\/miomiorun\/\",\"https:\/\/www.instagram.com\/miomiorun\/\"]}]}<\/script>\n<!-- \/ Yoast SEO plugin. -->","yoast_head_json":{"title":"Montura Seed hooded jacket damen - Sommerjacke - MioMioRun","description":"Die Seed Hooded Jacket f\u00fcr Frauen ist leicht, winddicht und wasserabweisend und sorgt f\u00fcr Komfort, W\u00e4rme und Strapazierf\u00e4higkeit bei Aktivit\u00e4ten.","robots":{"index":"index","follow":"follow","max-snippet":"max-snippet:-1","max-image-preview":"max-image-preview:large","max-video-preview":"max-video-preview:-1"},"canonical":"https:\/\/www.miomiorun.com\/de\/produkt\/seed-hooded-jacket-damen\/","og_locale":"de_DE","og_type":"article","og_title":"Montura Seed hooded jacket damen - Sommerjacke - MioMioRun","og_description":"Die Seed Hooded Jacket f\u00fcr Frauen ist leicht, winddicht und wasserabweisend und sorgt f\u00fcr Komfort, W\u00e4rme und Strapazierf\u00e4higkeit bei Aktivit\u00e4ten.","og_url":"https:\/\/www.miomiorun.com\/de\/produkt\/seed-hooded-jacket-damen\/","og_site_name":"MioMioRun","article_publisher":"https:\/\/www.facebook.com\/miomiorun\/","article_modified_time":"2025-03-26T09:51:05+00:00","og_image":[{"width":600,"height":600,"url":"https:\/\/www.miomiorun.com\/app\/uploads\/2025\/02\/montura-Seed-hooded-jacket-W-black-MJAW23W.90.webp","type":"image\/webp"}],"twitter_card":"summary_large_image","twitter_misc":{"Est. reading time":"1 minute"},"schema":{"@context":"https:\/\/schema.org","@graph":[{"@type":"WebPage","@id":"https:\/\/www.miomiorun.com\/de\/produkt\/seed-hooded-jacket-damen\/","url":"https:\/\/www.miomiorun.com\/de\/produkt\/seed-hooded-jacket-damen\/","name":"Montura Seed hooded jacket damen - Sommerjacke - MioMioRun","isPartOf":{"@id":"https:\/\/www.miomiorun.com\/de\/#website"},"primaryImageOfPage":{"@id":"https:\/\/www.miomiorun.com\/de\/produkt\/seed-hooded-jacket-damen\/#primaryimage"},"image":{"@id":"https:\/\/www.miomiorun.com\/de\/produkt\/seed-hooded-jacket-damen\/#primaryimage"},"thumbnailUrl":"https:\/\/www.miomiorun.com\/app\/uploads\/2025\/02\/montura-Seed-hooded-jacket-W-black-MJAW23W.90.webp","datePublished":"2025-02-22T11:33:07+00:00","dateModified":"2025-03-26T09:51:05+00:00","description":"Die Seed Hooded Jacket f\u00fcr Frauen ist leicht, winddicht und wasserabweisend und sorgt f\u00fcr Komfort, W\u00e4rme und Strapazierf\u00e4higkeit bei Aktivit\u00e4ten.","breadcrumb":{"@id":"https:\/\/www.miomiorun.com\/de\/produkt\/seed-hooded-jacket-damen\/#breadcrumb"},"inLanguage":"de-DE","potentialAction":[{"@type":"ReadAction","target":["https:\/\/www.miomiorun.com\/de\/produkt\/seed-hooded-jacket-damen\/"]}]},{"@type":"ImageObject","inLanguage":"de-DE","@id":"https:\/\/www.miomiorun.com\/de\/produkt\/seed-hooded-jacket-damen\/#primaryimage","url":"https:\/\/www.miomiorun.com\/app\/uploads\/2025\/02\/montura-Seed-hooded-jacket-W-black-MJAW23W.90.webp","contentUrl":"https:\/\/www.miomiorun.com\/app\/uploads\/2025\/02\/montura-Seed-hooded-jacket-W-black-MJAW23W.90.webp","width":600,"height":600,"caption":"montura Seed hooded jacket W black MJAW23W.90"},{"@type":"BreadcrumbList","@id":"https:\/\/www.miomiorun.com\/de\/produkt\/seed-hooded-jacket-damen\/#breadcrumb","itemListElement":[{"@type":"ListItem","position":1,"name":"Home","item":"https:\/\/www.miomiorun.com\/de\/"},{"@type":"ListItem","position":2,"name":"Shop","item":"https:\/\/www.miomiorun.com\/shop\/"},{"@type":"ListItem","position":3,"name":"Seed hooded jacket damen"}]},{"@type":"WebSite","@id":"https:\/\/www.miomiorun.com\/de\/#website","url":"https:\/\/www.miomiorun.com\/de\/","name":"MioMioRun","description":"100% Lauf- und Trailshop","publisher":{"@id":"https:\/\/www.miomiorun.com\/de\/#organization"},"potentialAction":[{"@type":"SearchAction","target":{"@type":"EntryPoint","urlTemplate":"https:\/\/www.miomiorun.com\/de\/?s={search_term_string}"},"query-input":{"@type":"PropertyValueSpecification","valueRequired":true,"valueName":"search_term_string"}}],"inLanguage":"de-DE"},{"@type":"Organization","@id":"https:\/\/www.miomiorun.com\/de\/#organization","name":"MioMio Run","url":"https:\/\/www.miomiorun.com\/de\/","logo":{"@type":"ImageObject","inLanguage":"de-DE","@id":"https:\/\/www.miomiorun.com\/de\/#\/schema\/logo\/image\/","url":"https:\/\/www.miomiorun.com\/app\/uploads\/2019\/12\/logomio.png","contentUrl":"https:\/\/www.miomiorun.com\/app\/uploads\/2019\/12\/logomio.png","width":115,"height":82,"caption":"MioMio Run"},"image":{"@id":"https:\/\/www.miomiorun.com\/de\/#\/schema\/logo\/image\/"},"sameAs":["https:\/\/www.facebook.com\/miomiorun\/","https:\/\/www.instagram.com\/miomiorun\/"]}]}},"_links":{"self":[{"href":"https:\/\/www.miomiorun.com\/de\/wp-json\/wp\/v2\/product\/258376","targetHints":{"allow":["GET"]}}],"collection":[{"href":"https:\/\/www.miomiorun.com\/de\/wp-json\/wp\/v2\/product"}],"about":[{"href":"https:\/\/www.miomiorun.com\/de\/wp-json\/wp\/v2\/types\/product"}],"wp:featuredmedia":[{"embeddable":true,"href":"https:\/\/www.miomiorun.com\/de\/wp-json\/wp\/v2\/media\/258833"}],"wp:attachment":[{"href":"https:\/\/www.miomiorun.com\/de\/wp-json\/wp\/v2\/media?parent=258376"}],"wp:term":[{"taxonomy":"product_brand","embeddable":true,"href":"https:\/\/www.miomiorun.com\/de\/wp-json\/wp\/v2\/product_brand?post=258376"},{"taxonomy":"product_cat","embeddable":true,"href":"https:\/\/www.miomiorun.com\/de\/wp-json\/wp\/v2\/product_cat?post=258376"},{"taxonomy":"product_tag","embeddable":true,"href":"https:\/\/www.miomiorun.com\/de\/wp-json\/wp\/v2\/product_tag?post=258376"}],"curies":[{"name":"wp","href":"https:\/\/api.w.org\/{rel}","templated":true}]}}