{"id":258288,"date":"2025-02-22T10:51:24","date_gmt":"2025-02-22T09:51:24","guid":{"rendered":"https:\/\/miomiorun.com\/?post_type=product&#038;p=258288"},"modified":"2025-03-22T12:10:07","modified_gmt":"2025-03-22T11:10:07","slug":"launch-elite-singlet-herren","status":"publish","type":"product","link":"https:\/\/www.miomiorun.com\/de\/produkt\/launch-elite-singlet-herren\/","title":{"rendered":"Launch Elite Singlet herren"},"content":{"rendered":"<p>Das<strong> Launch Elite Singlet<\/strong> von Under Armour ist so konzipiert, dass es dich auch unter den intensivsten Bedingungen k\u00fchl und komfortabel h\u00e4lt. Dank des innovativen <strong>Iso-Chill-Gewebes<\/strong> ist das Kleidungsst\u00fcck in der Lage, die K\u00f6rperw\u00e4rme abzuleiten und ein k\u00fchles Gef\u00fchl zu erzeugen, das dich auch bei starker Belastung k\u00fchl h\u00e4lt. Die fortschrittliche Technologie des Gewebes leitet W\u00e4rme schnell von der Haut ab, sodass du dich k\u00fchler f\u00fchlst und bereit bist, jede Herausforderung anzunehmen.<\/p>\n<p><strong>Strategische Laserperforationen<\/strong> auf dem Singlet sorgen f\u00fcr <strong>optimale Bel\u00fcftung<\/strong>, w\u00e4hrend sich das 4-Wege-Stretch-Material mit Ihnen bewegt, sich perfekt an jede Ihrer Bewegungen anpasst und Ihnen bei k\u00f6rperlicher Aktivit\u00e4t Freiheit und Komfort bietet. Die F\u00e4higkeit des Materials, <strong>Schwei\u00df zu absorbieren und schnell zu trocknen<\/strong>, ist ein zus\u00e4tzlicher Vorteil, damit du trocken bleibst und dich konzentrieren kannst, ohne dass Schwei\u00df deine Leistung bremst.<\/p>\n<p>Das Singlet verf\u00fcgt \u00fcber einen <strong>geformten Saum mit seitlichen Bel\u00fcftungs\u00f6ffnungen<\/strong>, die die Passform und die Bewegungsfreiheit verbessern, w\u00e4hrend die <strong>Geruchskontrolltechnologie<\/strong> die Bildung von unangenehmen Ger\u00fcchen minimiert und dich auch bei intensiven Trainingseinheiten frisch und sauber h\u00e4lt. <strong>Reflektierende Details<\/strong> sorgen f\u00fcr Sichtbarkeit auch bei schlechten Lichtverh\u00e4ltnissen und machen das Shirt ideal f\u00fcr alle, die nachts oder in schwach beleuchteten Umgebungen trainieren.<\/p>\n<p>Das <strong>Launch Elite Singlet<\/strong> besteht <strong>zu 90 % aus Nylon und zu 10 % aus Elastan<\/strong>. Es ist strapazierf\u00e4hig, leicht und leistungsstark. Um es in perfektem Zustand zu halten, wird empfohlen, es kalt in der Maschine zu waschen, ohne Weichsp\u00fcler und nur mit chlorfreier Bleiche. Au\u00dferdem verf\u00fcgt es \u00fcber einen <strong>Sonnenschutz von UPF 30<\/strong>, der dich bei deinen Outdoor-Sessions vor sch\u00e4dlichen UV-Strahlen sch\u00fctzt.<\/p>\n<p>Das <strong>Launch Elite Singlet<\/strong> ist perfekt f\u00fcr Athleten, die eine Kombination aus <strong>Komfort, Coolness und Leistung<\/strong> suchen. Es wird dich bei jeder Trainingseinheit begleiten und dir die Unterst\u00fctzung geben, die du brauchst, um dein Bestes zu geben.<\/p>\n","protected":false},"excerpt":{"rendered":"<ul class=\"m-long-description__features\">\n<li class=\"m-long-description__feature\">Schnell trocknendes Tank-Top mit UV-Schutz.<\/li>\n<li class=\"m-long-description__feature\">Ideale Passform zum Laufen.<\/li>\n<li class=\"m-long-description__feature\">Mit reflektierenden Details f\u00fcr bessere Sichtbarkeit.<\/li>\n<\/ul>\n","protected":false},"featured_media":258707,"template":"","meta":{"_acf_changed":false,"inline_featured_image":false},"product_brand":[],"product_cat":[6540,6513],"product_tag":[20482,20497],"class_list":{"0":"post-258288","1":"product","2":"type-product","3":"status-publish","4":"has-post-thumbnail","6":"product_cat-herrenbekleidung","7":"product_cat-tank-tops","8":"product_tag-under-armour-de","9":"product_tag-under-armour-herren","10":"pa_attivita-fitness-de","11":"pa_attivita-gehen","12":"pa_attivita-lifestyle-de","13":"pa_attivita-running-de","14":"pa_colore-launch-elite-singlet-white-de","15":"pa_marca-under-armour-de","16":"pa_sesso-herren","17":"pa_size-extra-small-de","18":"pa_size-small-de","19":"pa_size-medium-de","20":"pa_size-large-de","22":"first","23":"instock","24":"sale","25":"taxable","26":"shipping-taxable","27":"purchasable","28":"product-type-variable","29":"wvs-archive-product-wrapper"},"acf":[],"yoast_head":"<!-- This site is optimized with the Yoast SEO plugin v26.8 - https:\/\/yoast.com\/product\/yoast-seo-wordpress\/ -->\n<title>Under Armour Launch Elite Singlet herren - Lauftank-Top - MioMioRun<\/title>\n<meta name=\"description\" content=\"Das Launch Elite Singlet f\u00fcr M\u00e4nner ist das perfekte Unterhemd f\u00fcr dein Sommertraining. Dank des UV-Schutzes ist es wie ein zweiter Schutzschild.\" \/>\n<meta name=\"robots\" content=\"index, follow, max-snippet:-1, max-image-preview:large, max-video-preview:-1\" \/>\n<link rel=\"canonical\" href=\"https:\/\/www.miomiorun.com\/de\/produkt\/launch-elite-singlet-herren\/\" \/>\n<meta property=\"og:locale\" content=\"de_DE\" \/>\n<meta property=\"og:type\" content=\"article\" \/>\n<meta property=\"og:title\" content=\"Under Armour Launch Elite Singlet herren - Lauftank-Top - MioMioRun\" \/>\n<meta property=\"og:description\" content=\"Das Launch Elite Singlet f\u00fcr M\u00e4nner ist das perfekte Unterhemd f\u00fcr dein Sommertraining. Dank des UV-Schutzes ist es wie ein zweiter Schutzschild.\" \/>\n<meta property=\"og:url\" content=\"https:\/\/www.miomiorun.com\/de\/produkt\/launch-elite-singlet-herren\/\" \/>\n<meta property=\"og:site_name\" content=\"MioMioRun\" \/>\n<meta property=\"article:publisher\" content=\"https:\/\/www.facebook.com\/miomiorun\/\" \/>\n<meta property=\"article:modified_time\" content=\"2025-03-22T11:10:07+00:00\" \/>\n<meta property=\"og:image\" content=\"https:\/\/www.miomiorun.com\/app\/uploads\/2025\/02\/under-armour-Launch-elite-singlet-white-1389800-0100.webp\" \/>\n\t<meta property=\"og:image:width\" content=\"600\" \/>\n\t<meta property=\"og:image:height\" content=\"600\" \/>\n\t<meta property=\"og:image:type\" content=\"image\/webp\" \/>\n<meta name=\"twitter:card\" content=\"summary_large_image\" \/>\n<meta name=\"twitter:label1\" content=\"Est. reading time\" \/>\n\t<meta name=\"twitter:data1\" content=\"2 minutes\" \/>\n<script type=\"application\/ld+json\" class=\"yoast-schema-graph\">{\"@context\":\"https:\/\/schema.org\",\"@graph\":[{\"@type\":\"WebPage\",\"@id\":\"https:\/\/www.miomiorun.com\/de\/produkt\/launch-elite-singlet-herren\/\",\"url\":\"https:\/\/www.miomiorun.com\/de\/produkt\/launch-elite-singlet-herren\/\",\"name\":\"Under Armour Launch Elite Singlet herren - Lauftank-Top - MioMioRun\",\"isPartOf\":{\"@id\":\"https:\/\/www.miomiorun.com\/de\/#website\"},\"primaryImageOfPage\":{\"@id\":\"https:\/\/www.miomiorun.com\/de\/produkt\/launch-elite-singlet-herren\/#primaryimage\"},\"image\":{\"@id\":\"https:\/\/www.miomiorun.com\/de\/produkt\/launch-elite-singlet-herren\/#primaryimage\"},\"thumbnailUrl\":\"https:\/\/www.miomiorun.com\/app\/uploads\/2025\/02\/under-armour-Launch-elite-singlet-white-1389800-0100.webp\",\"datePublished\":\"2025-02-22T09:51:24+00:00\",\"dateModified\":\"2025-03-22T11:10:07+00:00\",\"description\":\"Das Launch Elite Singlet f\u00fcr M\u00e4nner ist das perfekte Unterhemd f\u00fcr dein Sommertraining. Dank des UV-Schutzes ist es wie ein zweiter Schutzschild.\",\"breadcrumb\":{\"@id\":\"https:\/\/www.miomiorun.com\/de\/produkt\/launch-elite-singlet-herren\/#breadcrumb\"},\"inLanguage\":\"de-DE\",\"potentialAction\":[{\"@type\":\"ReadAction\",\"target\":[\"https:\/\/www.miomiorun.com\/de\/produkt\/launch-elite-singlet-herren\/\"]}]},{\"@type\":\"ImageObject\",\"inLanguage\":\"de-DE\",\"@id\":\"https:\/\/www.miomiorun.com\/de\/produkt\/launch-elite-singlet-herren\/#primaryimage\",\"url\":\"https:\/\/www.miomiorun.com\/app\/uploads\/2025\/02\/under-armour-Launch-elite-singlet-white-1389800-0100.webp\",\"contentUrl\":\"https:\/\/www.miomiorun.com\/app\/uploads\/2025\/02\/under-armour-Launch-elite-singlet-white-1389800-0100.webp\",\"width\":600,\"height\":600,\"caption\":\"under armour Launch elite singlet white 1389800 0100\"},{\"@type\":\"BreadcrumbList\",\"@id\":\"https:\/\/www.miomiorun.com\/de\/produkt\/launch-elite-singlet-herren\/#breadcrumb\",\"itemListElement\":[{\"@type\":\"ListItem\",\"position\":1,\"name\":\"Home\",\"item\":\"https:\/\/www.miomiorun.com\/de\/\"},{\"@type\":\"ListItem\",\"position\":2,\"name\":\"Shop\",\"item\":\"https:\/\/www.miomiorun.com\/shop\/\"},{\"@type\":\"ListItem\",\"position\":3,\"name\":\"Launch Elite Singlet herren\"}]},{\"@type\":\"WebSite\",\"@id\":\"https:\/\/www.miomiorun.com\/de\/#website\",\"url\":\"https:\/\/www.miomiorun.com\/de\/\",\"name\":\"MioMioRun\",\"description\":\"100% Lauf- und Trailshop\",\"publisher\":{\"@id\":\"https:\/\/www.miomiorun.com\/de\/#organization\"},\"potentialAction\":[{\"@type\":\"SearchAction\",\"target\":{\"@type\":\"EntryPoint\",\"urlTemplate\":\"https:\/\/www.miomiorun.com\/de\/?s={search_term_string}\"},\"query-input\":{\"@type\":\"PropertyValueSpecification\",\"valueRequired\":true,\"valueName\":\"search_term_string\"}}],\"inLanguage\":\"de-DE\"},{\"@type\":\"Organization\",\"@id\":\"https:\/\/www.miomiorun.com\/de\/#organization\",\"name\":\"MioMio Run\",\"url\":\"https:\/\/www.miomiorun.com\/de\/\",\"logo\":{\"@type\":\"ImageObject\",\"inLanguage\":\"de-DE\",\"@id\":\"https:\/\/www.miomiorun.com\/de\/#\/schema\/logo\/image\/\",\"url\":\"https:\/\/www.miomiorun.com\/app\/uploads\/2019\/12\/logomio.png\",\"contentUrl\":\"https:\/\/www.miomiorun.com\/app\/uploads\/2019\/12\/logomio.png\",\"width\":115,\"height\":82,\"caption\":\"MioMio Run\"},\"image\":{\"@id\":\"https:\/\/www.miomiorun.com\/de\/#\/schema\/logo\/image\/\"},\"sameAs\":[\"https:\/\/www.facebook.com\/miomiorun\/\",\"https:\/\/www.instagram.com\/miomiorun\/\"]}]}<\/script>\n<!-- \/ Yoast SEO plugin. -->","yoast_head_json":{"title":"Under Armour Launch Elite Singlet herren - Lauftank-Top - MioMioRun","description":"Das Launch Elite Singlet f\u00fcr M\u00e4nner ist das perfekte Unterhemd f\u00fcr dein Sommertraining. Dank des UV-Schutzes ist es wie ein zweiter Schutzschild.","robots":{"index":"index","follow":"follow","max-snippet":"max-snippet:-1","max-image-preview":"max-image-preview:large","max-video-preview":"max-video-preview:-1"},"canonical":"https:\/\/www.miomiorun.com\/de\/produkt\/launch-elite-singlet-herren\/","og_locale":"de_DE","og_type":"article","og_title":"Under Armour Launch Elite Singlet herren - Lauftank-Top - MioMioRun","og_description":"Das Launch Elite Singlet f\u00fcr M\u00e4nner ist das perfekte Unterhemd f\u00fcr dein Sommertraining. Dank des UV-Schutzes ist es wie ein zweiter Schutzschild.","og_url":"https:\/\/www.miomiorun.com\/de\/produkt\/launch-elite-singlet-herren\/","og_site_name":"MioMioRun","article_publisher":"https:\/\/www.facebook.com\/miomiorun\/","article_modified_time":"2025-03-22T11:10:07+00:00","og_image":[{"width":600,"height":600,"url":"https:\/\/www.miomiorun.com\/app\/uploads\/2025\/02\/under-armour-Launch-elite-singlet-white-1389800-0100.webp","type":"image\/webp"}],"twitter_card":"summary_large_image","twitter_misc":{"Est. reading time":"2 minutes"},"schema":{"@context":"https:\/\/schema.org","@graph":[{"@type":"WebPage","@id":"https:\/\/www.miomiorun.com\/de\/produkt\/launch-elite-singlet-herren\/","url":"https:\/\/www.miomiorun.com\/de\/produkt\/launch-elite-singlet-herren\/","name":"Under Armour Launch Elite Singlet herren - Lauftank-Top - MioMioRun","isPartOf":{"@id":"https:\/\/www.miomiorun.com\/de\/#website"},"primaryImageOfPage":{"@id":"https:\/\/www.miomiorun.com\/de\/produkt\/launch-elite-singlet-herren\/#primaryimage"},"image":{"@id":"https:\/\/www.miomiorun.com\/de\/produkt\/launch-elite-singlet-herren\/#primaryimage"},"thumbnailUrl":"https:\/\/www.miomiorun.com\/app\/uploads\/2025\/02\/under-armour-Launch-elite-singlet-white-1389800-0100.webp","datePublished":"2025-02-22T09:51:24+00:00","dateModified":"2025-03-22T11:10:07+00:00","description":"Das Launch Elite Singlet f\u00fcr M\u00e4nner ist das perfekte Unterhemd f\u00fcr dein Sommertraining. Dank des UV-Schutzes ist es wie ein zweiter Schutzschild.","breadcrumb":{"@id":"https:\/\/www.miomiorun.com\/de\/produkt\/launch-elite-singlet-herren\/#breadcrumb"},"inLanguage":"de-DE","potentialAction":[{"@type":"ReadAction","target":["https:\/\/www.miomiorun.com\/de\/produkt\/launch-elite-singlet-herren\/"]}]},{"@type":"ImageObject","inLanguage":"de-DE","@id":"https:\/\/www.miomiorun.com\/de\/produkt\/launch-elite-singlet-herren\/#primaryimage","url":"https:\/\/www.miomiorun.com\/app\/uploads\/2025\/02\/under-armour-Launch-elite-singlet-white-1389800-0100.webp","contentUrl":"https:\/\/www.miomiorun.com\/app\/uploads\/2025\/02\/under-armour-Launch-elite-singlet-white-1389800-0100.webp","width":600,"height":600,"caption":"under armour Launch elite singlet white 1389800 0100"},{"@type":"BreadcrumbList","@id":"https:\/\/www.miomiorun.com\/de\/produkt\/launch-elite-singlet-herren\/#breadcrumb","itemListElement":[{"@type":"ListItem","position":1,"name":"Home","item":"https:\/\/www.miomiorun.com\/de\/"},{"@type":"ListItem","position":2,"name":"Shop","item":"https:\/\/www.miomiorun.com\/shop\/"},{"@type":"ListItem","position":3,"name":"Launch Elite Singlet herren"}]},{"@type":"WebSite","@id":"https:\/\/www.miomiorun.com\/de\/#website","url":"https:\/\/www.miomiorun.com\/de\/","name":"MioMioRun","description":"100% Lauf- und Trailshop","publisher":{"@id":"https:\/\/www.miomiorun.com\/de\/#organization"},"potentialAction":[{"@type":"SearchAction","target":{"@type":"EntryPoint","urlTemplate":"https:\/\/www.miomiorun.com\/de\/?s={search_term_string}"},"query-input":{"@type":"PropertyValueSpecification","valueRequired":true,"valueName":"search_term_string"}}],"inLanguage":"de-DE"},{"@type":"Organization","@id":"https:\/\/www.miomiorun.com\/de\/#organization","name":"MioMio Run","url":"https:\/\/www.miomiorun.com\/de\/","logo":{"@type":"ImageObject","inLanguage":"de-DE","@id":"https:\/\/www.miomiorun.com\/de\/#\/schema\/logo\/image\/","url":"https:\/\/www.miomiorun.com\/app\/uploads\/2019\/12\/logomio.png","contentUrl":"https:\/\/www.miomiorun.com\/app\/uploads\/2019\/12\/logomio.png","width":115,"height":82,"caption":"MioMio Run"},"image":{"@id":"https:\/\/www.miomiorun.com\/de\/#\/schema\/logo\/image\/"},"sameAs":["https:\/\/www.facebook.com\/miomiorun\/","https:\/\/www.instagram.com\/miomiorun\/"]}]}},"_links":{"self":[{"href":"https:\/\/www.miomiorun.com\/de\/wp-json\/wp\/v2\/product\/258288","targetHints":{"allow":["GET"]}}],"collection":[{"href":"https:\/\/www.miomiorun.com\/de\/wp-json\/wp\/v2\/product"}],"about":[{"href":"https:\/\/www.miomiorun.com\/de\/wp-json\/wp\/v2\/types\/product"}],"wp:featuredmedia":[{"embeddable":true,"href":"https:\/\/www.miomiorun.com\/de\/wp-json\/wp\/v2\/media\/258707"}],"wp:attachment":[{"href":"https:\/\/www.miomiorun.com\/de\/wp-json\/wp\/v2\/media?parent=258288"}],"wp:term":[{"taxonomy":"product_brand","embeddable":true,"href":"https:\/\/www.miomiorun.com\/de\/wp-json\/wp\/v2\/product_brand?post=258288"},{"taxonomy":"product_cat","embeddable":true,"href":"https:\/\/www.miomiorun.com\/de\/wp-json\/wp\/v2\/product_cat?post=258288"},{"taxonomy":"product_tag","embeddable":true,"href":"https:\/\/www.miomiorun.com\/de\/wp-json\/wp\/v2\/product_tag?post=258288"}],"curies":[{"name":"wp","href":"https:\/\/api.w.org\/{rel}","templated":true}]}}