{"id":258094,"date":"2025-02-22T10:01:49","date_gmt":"2025-02-22T09:01:49","guid":{"rendered":"https:\/\/miomiorun.com\/?post_type=product&#038;p=258094"},"modified":"2025-03-22T12:14:07","modified_gmt":"2025-03-22T11:14:07","slug":"sonic-7-herren","status":"publish","type":"product","link":"https:\/\/www.miomiorun.com\/de\/produkt\/sonic-7-herren\/","title":{"rendered":"Sonic 7 herren"},"content":{"rendered":"<div class=\"vc-row container\"><div class=\"vc-column\"><div class=\"vc-column-text\"><\/p>\n<p><strong>Technische Daten<\/strong><\/p>\n<p>Kategorie: reaktive D\u00e4mpfung<br \/>\nOffset: 8 mm<br \/>\nGewicht: 258 g<br \/>\nIdeal f\u00fcr: L\u00e4ufer mit neutralem Fu\u00df und mittlerer Sohle, die einen vielseitigen, leichten und ultraschnellen Schuh suchen, mit dem sie m\u00fchelos mittlere Distanzen und sogar hochwertiges Training bew\u00e4ltigen k\u00f6nnen.<br \/>\nGewicht des Athleten: 60-75 kg<br \/>\nLauftempo: mittelschnell (4.00-5.30 min\/km)<br \/>\n<a href=\"https:\/\/miomiorun.com\/de\/leitfaden-fuer-technische-spezifikationen\/\">Spezifikationen<\/a><\/p>\n<p><\/div><\/div><div class=\"vc-column\"><div class=\"vc-column-text\">Stellen Sie sich vor, Sie laufen mit Leichtigkeit und Schnelligkeit, reagieren bei jedem Schritt, als ob Sie unendlichen Schwung h\u00e4tten, der Sie weiterbringt. Die SONIC 7 Schuhe sind entworfen, um genau das zu liefern: au\u00dfergew\u00f6hnliche D\u00e4mpfung, die weich und reaktionsschnell ist, die Verringerung der Auswirkungen mit jedem Schritt und die R\u00fcckkehr Energie, um Ihnen die Energie, um weiter zu gehen.<\/p>\n<p>Dank des <strong>dreifachen Jacquard-Obermaterials<\/strong>, das ultraleicht und atmungsaktiv ist, atmet der Fu\u00df bei jedem Training frei und beh\u00e4lt Komfort und Frische. Die <strong>3D-geformte Einlegesohle<\/strong> umschlie\u00dft den Fu\u00df perfekt und bietet eine Passform, die dir das Gef\u00fchl gibt, dass der Schuh f\u00fcr dich ma\u00dfgeschneidert wurde.<\/p>\n<p>Die <strong>UA HOVR\u2122<\/strong> D\u00e4mpfung ist nicht nur weich, sondern auch extrem <strong>reaktionsfreudig<\/strong>: Jeder Schritt wird durch eine Energier\u00fcckgabe unterst\u00fctzt, die dir genau den richtigen Schub gibt und jeden Lauf geschmeidiger und effizienter macht. Dar\u00fcber hinaus bietet die einteilige <strong>Gummisohle<\/strong> eine <strong>au\u00dfergew\u00f6hnliche Haltbarkeit<\/strong>.<\/p>\n<p>Mit einem <strong>H\u00f6henunterschied von 8 mm<\/strong> und einem <strong>Gewicht von nur 258 g<\/strong> bieten diese Schuhe das perfekte Gleichgewicht zwischen Leichtigkeit und Halt. Der <strong>Standard-Schn\u00fcrverschluss<\/strong> sorgt f\u00fcr eine sichere und anpassbare Passform.<\/p>\n<p>Perfekt f\u00fcr diejenigen, die hohe Leistung und kompromisslosen Komfort suchen, sind die Sonic 7 Schuhe der ideale Begleiter f\u00fcr diejenigen, die weiter gehen und neue H\u00f6hen beim Laufen erreichen wollen.<\/div><\/div><\/div>\n","protected":false},"excerpt":{"rendered":"<ul>\n<li>Leichter Schuh.<\/li>\n<li>Perfekt f\u00fcr Ihre schnellen Trainingseinheiten.<\/li>\n<\/ul>\n","protected":false},"featured_media":258661,"template":"","meta":{"_acf_changed":false,"inline_featured_image":false},"product_brand":[],"product_cat":[6507,6506],"product_tag":[20482,20497],"class_list":{"0":"post-258094","1":"product","2":"type-product","3":"status-publish","4":"has-post-thumbnail","6":"product_cat-herren-schuhe-de","7":"product_cat-neutrale-herren-schuhe-de","8":"product_tag-under-armour-de","9":"product_tag-under-armour-herren","10":"pa_attivita-fitness-de","11":"pa_attivita-gehen","12":"pa_attivita-running-de","13":"pa_colore-sonic-7-black-de","14":"pa_marca-under-armour-de","15":"pa_sesso-herren","16":"pa_size-42-5-de","17":"pa_size-46-de","19":"first","20":"instock","21":"sale","22":"taxable","23":"shipping-taxable","24":"purchasable","25":"product-type-variable","26":"wvs-archive-product-wrapper"},"acf":[],"yoast_head":"<!-- This site is optimized with the Yoast SEO plugin v26.8 - https:\/\/yoast.com\/product\/yoast-seo-wordpress\/ -->\n<title>Under Armour Sonic 7 herren - Herren-Laufschuhe- MioMioRun.com<\/title>\n<meta name=\"description\" content=\"Die Sonic 7 Schuhe bieten Leichtigkeit, D\u00e4mpfung und eine au\u00dfergew\u00f6hnliche Energier\u00fcckgabe, die f\u00fcr Komfort, Geschwindigkeit und Leistung bei jedem Lauf sorgen.\" \/>\n<meta name=\"robots\" content=\"index, follow, max-snippet:-1, max-image-preview:large, max-video-preview:-1\" \/>\n<link rel=\"canonical\" href=\"https:\/\/www.miomiorun.com\/de\/produkt\/sonic-7-herren\/\" \/>\n<meta property=\"og:locale\" content=\"de_DE\" \/>\n<meta property=\"og:type\" content=\"article\" \/>\n<meta property=\"og:title\" content=\"Under Armour Sonic 7 herren - Herren-Laufschuhe- MioMioRun.com\" \/>\n<meta property=\"og:description\" content=\"Die Sonic 7 Schuhe bieten Leichtigkeit, D\u00e4mpfung und eine au\u00dfergew\u00f6hnliche Energier\u00fcckgabe, die f\u00fcr Komfort, Geschwindigkeit und Leistung bei jedem Lauf sorgen.\" \/>\n<meta property=\"og:url\" content=\"https:\/\/www.miomiorun.com\/de\/produkt\/sonic-7-herren\/\" \/>\n<meta property=\"og:site_name\" content=\"MioMioRun\" \/>\n<meta property=\"article:publisher\" content=\"https:\/\/www.facebook.com\/miomiorun\/\" \/>\n<meta property=\"article:modified_time\" content=\"2025-03-22T11:14:07+00:00\" \/>\n<meta property=\"og:image\" content=\"https:\/\/www.miomiorun.com\/app\/uploads\/2025\/02\/under-armour-Sonic-7-black-3028002-0001.webp\" \/>\n\t<meta property=\"og:image:width\" content=\"600\" \/>\n\t<meta property=\"og:image:height\" content=\"600\" \/>\n\t<meta property=\"og:image:type\" content=\"image\/webp\" \/>\n<meta name=\"twitter:card\" content=\"summary_large_image\" \/>\n<meta name=\"twitter:label1\" content=\"Est. reading time\" \/>\n\t<meta name=\"twitter:data1\" content=\"2 minutes\" \/>\n<script type=\"application\/ld+json\" class=\"yoast-schema-graph\">{\"@context\":\"https:\/\/schema.org\",\"@graph\":[{\"@type\":\"WebPage\",\"@id\":\"https:\/\/www.miomiorun.com\/de\/produkt\/sonic-7-herren\/\",\"url\":\"https:\/\/www.miomiorun.com\/de\/produkt\/sonic-7-herren\/\",\"name\":\"Under Armour Sonic 7 herren - Herren-Laufschuhe- MioMioRun.com\",\"isPartOf\":{\"@id\":\"https:\/\/www.miomiorun.com\/de\/#website\"},\"primaryImageOfPage\":{\"@id\":\"https:\/\/www.miomiorun.com\/de\/produkt\/sonic-7-herren\/#primaryimage\"},\"image\":{\"@id\":\"https:\/\/www.miomiorun.com\/de\/produkt\/sonic-7-herren\/#primaryimage\"},\"thumbnailUrl\":\"https:\/\/www.miomiorun.com\/app\/uploads\/2025\/02\/under-armour-Sonic-7-black-3028002-0001.webp\",\"datePublished\":\"2025-02-22T09:01:49+00:00\",\"dateModified\":\"2025-03-22T11:14:07+00:00\",\"description\":\"Die Sonic 7 Schuhe bieten Leichtigkeit, D\u00e4mpfung und eine au\u00dfergew\u00f6hnliche Energier\u00fcckgabe, die f\u00fcr Komfort, Geschwindigkeit und Leistung bei jedem Lauf sorgen.\",\"breadcrumb\":{\"@id\":\"https:\/\/www.miomiorun.com\/de\/produkt\/sonic-7-herren\/#breadcrumb\"},\"inLanguage\":\"de-DE\",\"potentialAction\":[{\"@type\":\"ReadAction\",\"target\":[\"https:\/\/www.miomiorun.com\/de\/produkt\/sonic-7-herren\/\"]}]},{\"@type\":\"ImageObject\",\"inLanguage\":\"de-DE\",\"@id\":\"https:\/\/www.miomiorun.com\/de\/produkt\/sonic-7-herren\/#primaryimage\",\"url\":\"https:\/\/www.miomiorun.com\/app\/uploads\/2025\/02\/under-armour-Sonic-7-black-3028002-0001.webp\",\"contentUrl\":\"https:\/\/www.miomiorun.com\/app\/uploads\/2025\/02\/under-armour-Sonic-7-black-3028002-0001.webp\",\"width\":600,\"height\":600,\"caption\":\"under armour Sonic 7 black 3028002 0001\"},{\"@type\":\"BreadcrumbList\",\"@id\":\"https:\/\/www.miomiorun.com\/de\/produkt\/sonic-7-herren\/#breadcrumb\",\"itemListElement\":[{\"@type\":\"ListItem\",\"position\":1,\"name\":\"Home\",\"item\":\"https:\/\/www.miomiorun.com\/de\/\"},{\"@type\":\"ListItem\",\"position\":2,\"name\":\"Shop\",\"item\":\"https:\/\/www.miomiorun.com\/shop\/\"},{\"@type\":\"ListItem\",\"position\":3,\"name\":\"Sonic 7 herren\"}]},{\"@type\":\"WebSite\",\"@id\":\"https:\/\/www.miomiorun.com\/de\/#website\",\"url\":\"https:\/\/www.miomiorun.com\/de\/\",\"name\":\"MioMioRun\",\"description\":\"100% Lauf- und Trailshop\",\"publisher\":{\"@id\":\"https:\/\/www.miomiorun.com\/de\/#organization\"},\"potentialAction\":[{\"@type\":\"SearchAction\",\"target\":{\"@type\":\"EntryPoint\",\"urlTemplate\":\"https:\/\/www.miomiorun.com\/de\/?s={search_term_string}\"},\"query-input\":{\"@type\":\"PropertyValueSpecification\",\"valueRequired\":true,\"valueName\":\"search_term_string\"}}],\"inLanguage\":\"de-DE\"},{\"@type\":\"Organization\",\"@id\":\"https:\/\/www.miomiorun.com\/de\/#organization\",\"name\":\"MioMio Run\",\"url\":\"https:\/\/www.miomiorun.com\/de\/\",\"logo\":{\"@type\":\"ImageObject\",\"inLanguage\":\"de-DE\",\"@id\":\"https:\/\/www.miomiorun.com\/de\/#\/schema\/logo\/image\/\",\"url\":\"https:\/\/www.miomiorun.com\/app\/uploads\/2019\/12\/logomio.png\",\"contentUrl\":\"https:\/\/www.miomiorun.com\/app\/uploads\/2019\/12\/logomio.png\",\"width\":115,\"height\":82,\"caption\":\"MioMio Run\"},\"image\":{\"@id\":\"https:\/\/www.miomiorun.com\/de\/#\/schema\/logo\/image\/\"},\"sameAs\":[\"https:\/\/www.facebook.com\/miomiorun\/\",\"https:\/\/www.instagram.com\/miomiorun\/\"]}]}<\/script>\n<!-- \/ Yoast SEO plugin. -->","yoast_head_json":{"title":"Under Armour Sonic 7 herren - Herren-Laufschuhe- MioMioRun.com","description":"Die Sonic 7 Schuhe bieten Leichtigkeit, D\u00e4mpfung und eine au\u00dfergew\u00f6hnliche Energier\u00fcckgabe, die f\u00fcr Komfort, Geschwindigkeit und Leistung bei jedem Lauf sorgen.","robots":{"index":"index","follow":"follow","max-snippet":"max-snippet:-1","max-image-preview":"max-image-preview:large","max-video-preview":"max-video-preview:-1"},"canonical":"https:\/\/www.miomiorun.com\/de\/produkt\/sonic-7-herren\/","og_locale":"de_DE","og_type":"article","og_title":"Under Armour Sonic 7 herren - Herren-Laufschuhe- MioMioRun.com","og_description":"Die Sonic 7 Schuhe bieten Leichtigkeit, D\u00e4mpfung und eine au\u00dfergew\u00f6hnliche Energier\u00fcckgabe, die f\u00fcr Komfort, Geschwindigkeit und Leistung bei jedem Lauf sorgen.","og_url":"https:\/\/www.miomiorun.com\/de\/produkt\/sonic-7-herren\/","og_site_name":"MioMioRun","article_publisher":"https:\/\/www.facebook.com\/miomiorun\/","article_modified_time":"2025-03-22T11:14:07+00:00","og_image":[{"width":600,"height":600,"url":"https:\/\/www.miomiorun.com\/app\/uploads\/2025\/02\/under-armour-Sonic-7-black-3028002-0001.webp","type":"image\/webp"}],"twitter_card":"summary_large_image","twitter_misc":{"Est. reading time":"2 minutes"},"schema":{"@context":"https:\/\/schema.org","@graph":[{"@type":"WebPage","@id":"https:\/\/www.miomiorun.com\/de\/produkt\/sonic-7-herren\/","url":"https:\/\/www.miomiorun.com\/de\/produkt\/sonic-7-herren\/","name":"Under Armour Sonic 7 herren - Herren-Laufschuhe- MioMioRun.com","isPartOf":{"@id":"https:\/\/www.miomiorun.com\/de\/#website"},"primaryImageOfPage":{"@id":"https:\/\/www.miomiorun.com\/de\/produkt\/sonic-7-herren\/#primaryimage"},"image":{"@id":"https:\/\/www.miomiorun.com\/de\/produkt\/sonic-7-herren\/#primaryimage"},"thumbnailUrl":"https:\/\/www.miomiorun.com\/app\/uploads\/2025\/02\/under-armour-Sonic-7-black-3028002-0001.webp","datePublished":"2025-02-22T09:01:49+00:00","dateModified":"2025-03-22T11:14:07+00:00","description":"Die Sonic 7 Schuhe bieten Leichtigkeit, D\u00e4mpfung und eine au\u00dfergew\u00f6hnliche Energier\u00fcckgabe, die f\u00fcr Komfort, Geschwindigkeit und Leistung bei jedem Lauf sorgen.","breadcrumb":{"@id":"https:\/\/www.miomiorun.com\/de\/produkt\/sonic-7-herren\/#breadcrumb"},"inLanguage":"de-DE","potentialAction":[{"@type":"ReadAction","target":["https:\/\/www.miomiorun.com\/de\/produkt\/sonic-7-herren\/"]}]},{"@type":"ImageObject","inLanguage":"de-DE","@id":"https:\/\/www.miomiorun.com\/de\/produkt\/sonic-7-herren\/#primaryimage","url":"https:\/\/www.miomiorun.com\/app\/uploads\/2025\/02\/under-armour-Sonic-7-black-3028002-0001.webp","contentUrl":"https:\/\/www.miomiorun.com\/app\/uploads\/2025\/02\/under-armour-Sonic-7-black-3028002-0001.webp","width":600,"height":600,"caption":"under armour Sonic 7 black 3028002 0001"},{"@type":"BreadcrumbList","@id":"https:\/\/www.miomiorun.com\/de\/produkt\/sonic-7-herren\/#breadcrumb","itemListElement":[{"@type":"ListItem","position":1,"name":"Home","item":"https:\/\/www.miomiorun.com\/de\/"},{"@type":"ListItem","position":2,"name":"Shop","item":"https:\/\/www.miomiorun.com\/shop\/"},{"@type":"ListItem","position":3,"name":"Sonic 7 herren"}]},{"@type":"WebSite","@id":"https:\/\/www.miomiorun.com\/de\/#website","url":"https:\/\/www.miomiorun.com\/de\/","name":"MioMioRun","description":"100% Lauf- und Trailshop","publisher":{"@id":"https:\/\/www.miomiorun.com\/de\/#organization"},"potentialAction":[{"@type":"SearchAction","target":{"@type":"EntryPoint","urlTemplate":"https:\/\/www.miomiorun.com\/de\/?s={search_term_string}"},"query-input":{"@type":"PropertyValueSpecification","valueRequired":true,"valueName":"search_term_string"}}],"inLanguage":"de-DE"},{"@type":"Organization","@id":"https:\/\/www.miomiorun.com\/de\/#organization","name":"MioMio Run","url":"https:\/\/www.miomiorun.com\/de\/","logo":{"@type":"ImageObject","inLanguage":"de-DE","@id":"https:\/\/www.miomiorun.com\/de\/#\/schema\/logo\/image\/","url":"https:\/\/www.miomiorun.com\/app\/uploads\/2019\/12\/logomio.png","contentUrl":"https:\/\/www.miomiorun.com\/app\/uploads\/2019\/12\/logomio.png","width":115,"height":82,"caption":"MioMio Run"},"image":{"@id":"https:\/\/www.miomiorun.com\/de\/#\/schema\/logo\/image\/"},"sameAs":["https:\/\/www.facebook.com\/miomiorun\/","https:\/\/www.instagram.com\/miomiorun\/"]}]}},"_links":{"self":[{"href":"https:\/\/www.miomiorun.com\/de\/wp-json\/wp\/v2\/product\/258094","targetHints":{"allow":["GET"]}}],"collection":[{"href":"https:\/\/www.miomiorun.com\/de\/wp-json\/wp\/v2\/product"}],"about":[{"href":"https:\/\/www.miomiorun.com\/de\/wp-json\/wp\/v2\/types\/product"}],"wp:featuredmedia":[{"embeddable":true,"href":"https:\/\/www.miomiorun.com\/de\/wp-json\/wp\/v2\/media\/258661"}],"wp:attachment":[{"href":"https:\/\/www.miomiorun.com\/de\/wp-json\/wp\/v2\/media?parent=258094"}],"wp:term":[{"taxonomy":"product_brand","embeddable":true,"href":"https:\/\/www.miomiorun.com\/de\/wp-json\/wp\/v2\/product_brand?post=258094"},{"taxonomy":"product_cat","embeddable":true,"href":"https:\/\/www.miomiorun.com\/de\/wp-json\/wp\/v2\/product_cat?post=258094"},{"taxonomy":"product_tag","embeddable":true,"href":"https:\/\/www.miomiorun.com\/de\/wp-json\/wp\/v2\/product_tag?post=258094"}],"curies":[{"name":"wp","href":"https:\/\/api.w.org\/{rel}","templated":true}]}}