{"id":257942,"date":"2025-02-21T18:38:20","date_gmt":"2025-02-21T17:38:20","guid":{"rendered":"https:\/\/miomiorun.com\/?post_type=product&#038;p=257942"},"modified":"2026-05-08T22:32:11","modified_gmt":"2026-05-08T20:32:11","slug":"instinct-2-riemen-22-mm","status":"publish","type":"product","link":"https:\/\/www.miomiorun.com\/de\/produkt\/instinct-2-riemen-22-mm\/","title":{"rendered":"Instinct 2 Riemen (22 mm)"},"content":{"rendered":"<p>Ersetzen Sie das Armband von Smartwatches mit 22 mm Bandanst\u00f6\u00dfen wie der Instinct-Serie oder der Descent G1, indem Sie aus diesen Farben w\u00e4hlen. In nur wenigen Augenblicken k\u00f6nnen Sie das aktuelle Armband Ihrer Uhr entfernen und ein neues hinzuf\u00fcgen, um es besser anzupassen oder einfach nur zu wechseln. Armb\u00e4nder, Bandhalterungen und Schnallen sind im Lieferumfang enthalten. Die einzelnen Farben sind separat erh\u00e4ltlich.<\/p>\n","protected":false},"excerpt":{"rendered":"<p>Ersetzen Sie das Armband von Smartwatches mit 22 mm Bandanst\u00f6\u00dfen wie der Instinct-Serie oder der Descent G1, indem Sie aus diesen Farben w\u00e4hlen. In nur wenigen Augenblicken k\u00f6nnen Sie das aktuelle Armband Ihrer Uhr entfernen und ein neues hinzuf\u00fcgen, um es besser anzupassen oder einfach nur zu wechseln. Armb\u00e4nder, Bandhalterungen und Schnallen sind im Lieferumfang &hellip; <a href=\"https:\/\/www.miomiorun.com\/de\/produkt\/instinct-2-riemen-22-mm\/\">Continued<\/a><\/p>\n","protected":false},"featured_media":422583,"template":"","meta":{"_acf_changed":false,"inline_featured_image":false},"product_brand":[],"product_cat":[3344,3345],"product_tag":[3346],"class_list":{"0":"post-257942","1":"product","2":"type-product","3":"status-publish","4":"has-post-thumbnail","6":"product_cat-garmin-de","7":"product_cat-zubehoer-de-2","8":"product_tag-garmin-de","9":"pa_colore-cinturino-instinct-electric-lime-de","10":"pa_colore-cinturino-instinct-graphite","11":"pa_marca-garmin-de","12":"pa_sesso-damen","13":"pa_sesso-herren","15":"first","16":"instock","17":"sale","18":"taxable","19":"shipping-taxable","20":"purchasable","21":"product-type-variable","22":"wvs-archive-product-wrapper"},"acf":[],"yoast_head":"<!-- This site is optimized with the Yoast SEO plugin v26.8 - https:\/\/yoast.com\/product\/yoast-seo-wordpress\/ -->\n<title>Garmin Instinct 2 Riemen (22 mm) - garmin zubeh\u00f6r - MioMioRun<\/title>\n<meta name=\"description\" content=\"Ersetzen Sie ganz einfach das Armband von Smartwatches mit 22-mm-Anschl\u00fcssen wie der Instinct-Serie oder der Descent G1. Entdecken Sie viel mehr auf unserer Website\" \/>\n<meta name=\"robots\" content=\"index, follow, max-snippet:-1, max-image-preview:large, max-video-preview:-1\" \/>\n<link rel=\"canonical\" href=\"https:\/\/www.miomiorun.com\/de\/produkt\/instinct-2-riemen-22-mm\/\" \/>\n<meta property=\"og:locale\" content=\"de_DE\" \/>\n<meta property=\"og:type\" content=\"article\" \/>\n<meta property=\"og:title\" content=\"Garmin Instinct 2 Riemen (22 mm) - garmin zubeh\u00f6r - MioMioRun\" \/>\n<meta property=\"og:description\" content=\"Ersetzen Sie ganz einfach das Armband von Smartwatches mit 22-mm-Anschl\u00fcssen wie der Instinct-Serie oder der Descent G1. Entdecken Sie viel mehr auf unserer Website\" \/>\n<meta property=\"og:url\" content=\"https:\/\/www.miomiorun.com\/de\/produkt\/instinct-2-riemen-22-mm\/\" \/>\n<meta property=\"og:site_name\" content=\"MioMioRun\" \/>\n<meta property=\"article:publisher\" content=\"https:\/\/www.facebook.com\/miomiorun\/\" \/>\n<meta property=\"article:modified_time\" content=\"2026-05-08T20:32:11+00:00\" \/>\n<meta property=\"og:image\" content=\"https:\/\/www.miomiorun.com\/app\/uploads\/2026\/03\/garmin-CINTURINO-INSTINCT-GRAPHITE-010-12854-00.webp\" \/>\n\t<meta property=\"og:image:width\" content=\"720\" \/>\n\t<meta property=\"og:image:height\" content=\"720\" \/>\n\t<meta property=\"og:image:type\" content=\"image\/webp\" \/>\n<meta name=\"twitter:card\" content=\"summary_large_image\" \/>\n<script type=\"application\/ld+json\" class=\"yoast-schema-graph\">{\"@context\":\"https:\/\/schema.org\",\"@graph\":[{\"@type\":\"WebPage\",\"@id\":\"https:\/\/www.miomiorun.com\/de\/produkt\/instinct-2-riemen-22-mm\/\",\"url\":\"https:\/\/www.miomiorun.com\/de\/produkt\/instinct-2-riemen-22-mm\/\",\"name\":\"Garmin Instinct 2 Riemen (22 mm) - garmin zubeh\u00f6r - MioMioRun\",\"isPartOf\":{\"@id\":\"https:\/\/www.miomiorun.com\/de\/#website\"},\"primaryImageOfPage\":{\"@id\":\"https:\/\/www.miomiorun.com\/de\/produkt\/instinct-2-riemen-22-mm\/#primaryimage\"},\"image\":{\"@id\":\"https:\/\/www.miomiorun.com\/de\/produkt\/instinct-2-riemen-22-mm\/#primaryimage\"},\"thumbnailUrl\":\"https:\/\/www.miomiorun.com\/app\/uploads\/2026\/03\/garmin-CINTURINO-INSTINCT-GRAPHITE-010-12854-00.webp\",\"datePublished\":\"2025-02-21T17:38:20+00:00\",\"dateModified\":\"2026-05-08T20:32:11+00:00\",\"description\":\"Ersetzen Sie ganz einfach das Armband von Smartwatches mit 22-mm-Anschl\u00fcssen wie der Instinct-Serie oder der Descent G1. Entdecken Sie viel mehr auf unserer Website\",\"breadcrumb\":{\"@id\":\"https:\/\/www.miomiorun.com\/de\/produkt\/instinct-2-riemen-22-mm\/#breadcrumb\"},\"inLanguage\":\"de-DE\",\"potentialAction\":[{\"@type\":\"ReadAction\",\"target\":[\"https:\/\/www.miomiorun.com\/de\/produkt\/instinct-2-riemen-22-mm\/\"]}]},{\"@type\":\"ImageObject\",\"inLanguage\":\"de-DE\",\"@id\":\"https:\/\/www.miomiorun.com\/de\/produkt\/instinct-2-riemen-22-mm\/#primaryimage\",\"url\":\"https:\/\/www.miomiorun.com\/app\/uploads\/2026\/03\/garmin-CINTURINO-INSTINCT-GRAPHITE-010-12854-00.webp\",\"contentUrl\":\"https:\/\/www.miomiorun.com\/app\/uploads\/2026\/03\/garmin-CINTURINO-INSTINCT-GRAPHITE-010-12854-00.webp\",\"width\":720,\"height\":720,\"caption\":\"garmin CINTURINO INSTINCT GRAPHITE 010-12854-00\"},{\"@type\":\"BreadcrumbList\",\"@id\":\"https:\/\/www.miomiorun.com\/de\/produkt\/instinct-2-riemen-22-mm\/#breadcrumb\",\"itemListElement\":[{\"@type\":\"ListItem\",\"position\":1,\"name\":\"Home\",\"item\":\"https:\/\/www.miomiorun.com\/de\/\"},{\"@type\":\"ListItem\",\"position\":2,\"name\":\"Shop\",\"item\":\"https:\/\/www.miomiorun.com\/shop\/\"},{\"@type\":\"ListItem\",\"position\":3,\"name\":\"Instinct 2 Riemen (22 mm)\"}]},{\"@type\":\"WebSite\",\"@id\":\"https:\/\/www.miomiorun.com\/de\/#website\",\"url\":\"https:\/\/www.miomiorun.com\/de\/\",\"name\":\"MioMioRun\",\"description\":\"100% Lauf- und Trailshop\",\"publisher\":{\"@id\":\"https:\/\/www.miomiorun.com\/de\/#organization\"},\"potentialAction\":[{\"@type\":\"SearchAction\",\"target\":{\"@type\":\"EntryPoint\",\"urlTemplate\":\"https:\/\/www.miomiorun.com\/de\/?s={search_term_string}\"},\"query-input\":{\"@type\":\"PropertyValueSpecification\",\"valueRequired\":true,\"valueName\":\"search_term_string\"}}],\"inLanguage\":\"de-DE\"},{\"@type\":\"Organization\",\"@id\":\"https:\/\/www.miomiorun.com\/de\/#organization\",\"name\":\"MioMio Run\",\"url\":\"https:\/\/www.miomiorun.com\/de\/\",\"logo\":{\"@type\":\"ImageObject\",\"inLanguage\":\"de-DE\",\"@id\":\"https:\/\/www.miomiorun.com\/de\/#\/schema\/logo\/image\/\",\"url\":\"https:\/\/www.miomiorun.com\/app\/uploads\/2019\/12\/logomio.png\",\"contentUrl\":\"https:\/\/www.miomiorun.com\/app\/uploads\/2019\/12\/logomio.png\",\"width\":115,\"height\":82,\"caption\":\"MioMio Run\"},\"image\":{\"@id\":\"https:\/\/www.miomiorun.com\/de\/#\/schema\/logo\/image\/\"},\"sameAs\":[\"https:\/\/www.facebook.com\/miomiorun\/\",\"https:\/\/www.instagram.com\/miomiorun\/\"]}]}<\/script>\n<!-- \/ Yoast SEO plugin. -->","yoast_head_json":{"title":"Garmin Instinct 2 Riemen (22 mm) - garmin zubeh\u00f6r - MioMioRun","description":"Ersetzen Sie ganz einfach das Armband von Smartwatches mit 22-mm-Anschl\u00fcssen wie der Instinct-Serie oder der Descent G1. Entdecken Sie viel mehr auf unserer Website","robots":{"index":"index","follow":"follow","max-snippet":"max-snippet:-1","max-image-preview":"max-image-preview:large","max-video-preview":"max-video-preview:-1"},"canonical":"https:\/\/www.miomiorun.com\/de\/produkt\/instinct-2-riemen-22-mm\/","og_locale":"de_DE","og_type":"article","og_title":"Garmin Instinct 2 Riemen (22 mm) - garmin zubeh\u00f6r - MioMioRun","og_description":"Ersetzen Sie ganz einfach das Armband von Smartwatches mit 22-mm-Anschl\u00fcssen wie der Instinct-Serie oder der Descent G1. Entdecken Sie viel mehr auf unserer Website","og_url":"https:\/\/www.miomiorun.com\/de\/produkt\/instinct-2-riemen-22-mm\/","og_site_name":"MioMioRun","article_publisher":"https:\/\/www.facebook.com\/miomiorun\/","article_modified_time":"2026-05-08T20:32:11+00:00","og_image":[{"width":720,"height":720,"url":"https:\/\/www.miomiorun.com\/app\/uploads\/2026\/03\/garmin-CINTURINO-INSTINCT-GRAPHITE-010-12854-00.webp","type":"image\/webp"}],"twitter_card":"summary_large_image","schema":{"@context":"https:\/\/schema.org","@graph":[{"@type":"WebPage","@id":"https:\/\/www.miomiorun.com\/de\/produkt\/instinct-2-riemen-22-mm\/","url":"https:\/\/www.miomiorun.com\/de\/produkt\/instinct-2-riemen-22-mm\/","name":"Garmin Instinct 2 Riemen (22 mm) - garmin zubeh\u00f6r - MioMioRun","isPartOf":{"@id":"https:\/\/www.miomiorun.com\/de\/#website"},"primaryImageOfPage":{"@id":"https:\/\/www.miomiorun.com\/de\/produkt\/instinct-2-riemen-22-mm\/#primaryimage"},"image":{"@id":"https:\/\/www.miomiorun.com\/de\/produkt\/instinct-2-riemen-22-mm\/#primaryimage"},"thumbnailUrl":"https:\/\/www.miomiorun.com\/app\/uploads\/2026\/03\/garmin-CINTURINO-INSTINCT-GRAPHITE-010-12854-00.webp","datePublished":"2025-02-21T17:38:20+00:00","dateModified":"2026-05-08T20:32:11+00:00","description":"Ersetzen Sie ganz einfach das Armband von Smartwatches mit 22-mm-Anschl\u00fcssen wie der Instinct-Serie oder der Descent G1. Entdecken Sie viel mehr auf unserer Website","breadcrumb":{"@id":"https:\/\/www.miomiorun.com\/de\/produkt\/instinct-2-riemen-22-mm\/#breadcrumb"},"inLanguage":"de-DE","potentialAction":[{"@type":"ReadAction","target":["https:\/\/www.miomiorun.com\/de\/produkt\/instinct-2-riemen-22-mm\/"]}]},{"@type":"ImageObject","inLanguage":"de-DE","@id":"https:\/\/www.miomiorun.com\/de\/produkt\/instinct-2-riemen-22-mm\/#primaryimage","url":"https:\/\/www.miomiorun.com\/app\/uploads\/2026\/03\/garmin-CINTURINO-INSTINCT-GRAPHITE-010-12854-00.webp","contentUrl":"https:\/\/www.miomiorun.com\/app\/uploads\/2026\/03\/garmin-CINTURINO-INSTINCT-GRAPHITE-010-12854-00.webp","width":720,"height":720,"caption":"garmin CINTURINO INSTINCT GRAPHITE 010-12854-00"},{"@type":"BreadcrumbList","@id":"https:\/\/www.miomiorun.com\/de\/produkt\/instinct-2-riemen-22-mm\/#breadcrumb","itemListElement":[{"@type":"ListItem","position":1,"name":"Home","item":"https:\/\/www.miomiorun.com\/de\/"},{"@type":"ListItem","position":2,"name":"Shop","item":"https:\/\/www.miomiorun.com\/shop\/"},{"@type":"ListItem","position":3,"name":"Instinct 2 Riemen (22 mm)"}]},{"@type":"WebSite","@id":"https:\/\/www.miomiorun.com\/de\/#website","url":"https:\/\/www.miomiorun.com\/de\/","name":"MioMioRun","description":"100% Lauf- und Trailshop","publisher":{"@id":"https:\/\/www.miomiorun.com\/de\/#organization"},"potentialAction":[{"@type":"SearchAction","target":{"@type":"EntryPoint","urlTemplate":"https:\/\/www.miomiorun.com\/de\/?s={search_term_string}"},"query-input":{"@type":"PropertyValueSpecification","valueRequired":true,"valueName":"search_term_string"}}],"inLanguage":"de-DE"},{"@type":"Organization","@id":"https:\/\/www.miomiorun.com\/de\/#organization","name":"MioMio Run","url":"https:\/\/www.miomiorun.com\/de\/","logo":{"@type":"ImageObject","inLanguage":"de-DE","@id":"https:\/\/www.miomiorun.com\/de\/#\/schema\/logo\/image\/","url":"https:\/\/www.miomiorun.com\/app\/uploads\/2019\/12\/logomio.png","contentUrl":"https:\/\/www.miomiorun.com\/app\/uploads\/2019\/12\/logomio.png","width":115,"height":82,"caption":"MioMio Run"},"image":{"@id":"https:\/\/www.miomiorun.com\/de\/#\/schema\/logo\/image\/"},"sameAs":["https:\/\/www.facebook.com\/miomiorun\/","https:\/\/www.instagram.com\/miomiorun\/"]}]}},"_links":{"self":[{"href":"https:\/\/www.miomiorun.com\/de\/wp-json\/wp\/v2\/product\/257942","targetHints":{"allow":["GET"]}}],"collection":[{"href":"https:\/\/www.miomiorun.com\/de\/wp-json\/wp\/v2\/product"}],"about":[{"href":"https:\/\/www.miomiorun.com\/de\/wp-json\/wp\/v2\/types\/product"}],"wp:featuredmedia":[{"embeddable":true,"href":"https:\/\/www.miomiorun.com\/de\/wp-json\/wp\/v2\/media\/422583"}],"wp:attachment":[{"href":"https:\/\/www.miomiorun.com\/de\/wp-json\/wp\/v2\/media?parent=257942"}],"wp:term":[{"taxonomy":"product_brand","embeddable":true,"href":"https:\/\/www.miomiorun.com\/de\/wp-json\/wp\/v2\/product_brand?post=257942"},{"taxonomy":"product_cat","embeddable":true,"href":"https:\/\/www.miomiorun.com\/de\/wp-json\/wp\/v2\/product_cat?post=257942"},{"taxonomy":"product_tag","embeddable":true,"href":"https:\/\/www.miomiorun.com\/de\/wp-json\/wp\/v2\/product_tag?post=257942"}],"curies":[{"name":"wp","href":"https:\/\/api.w.org\/{rel}","templated":true}]}}