{"id":257275,"date":"2025-02-20T12:22:54","date_gmt":"2025-02-20T11:22:54","guid":{"rendered":"https:\/\/miomiorun.com\/?post_type=product&#038;p=257275"},"modified":"2025-12-16T16:29:59","modified_gmt":"2025-12-16T15:29:59","slug":"prodigio-pro-damen","status":"publish","type":"product","link":"https:\/\/www.miomiorun.com\/de\/produkt\/prodigio-pro-damen\/","title":{"rendered":"Prodigio Pro damen"},"content":{"rendered":"<div class=\"vc-row container\"><div class=\"vc-column\"><div class=\"vc-column-text\"><\/p>\n<p><strong>Technische Daten<\/strong><\/p>\n<p>Kategorie: Strukturierte D\u00e4mpfung<br \/>\nEinpresstiefe: 6 mm<br \/>\nGewicht: 225 g<br \/>\nIdeal f\u00fcr: Traill\u00e4ufer, die einen Schuh mit hoher Leistung und Komfort auch auf langen und anspruchsvollen Strecken suchen.<br \/>\nAthletengewicht: 50-70 kg<br \/>\nLauftempo: mittel (5-6 min\/km)<br \/>\n<a href=\"https:\/\/miomiorun.com\/de\/leitfaden-fuer-technische-spezifikationen\/\">Spezifikationsf\u00fchrer<\/a><\/p>\n<p><\/div><\/div><div class=\"vc-column\"><div class=\"vc-column-text\">Der <strong>Prodigio Pro<\/strong> ist der Laufschuh f\u00fcr Ultral\u00e4ufer, Trail-Enthusiasten und Leistungssportler, die sich mit nichts weniger als Spitzenleistungen zufriedengeben. Dank der <strong>XFlow\u2122 Speed Technologie<\/strong> definiert dieser Schuh die Leistung auf allen Arten von Gel\u00e4nde neu und kombiniert Innovation und Komfort in Perfektion. Seine exklusive XFlow\u2122 Speed-Zwischensohle ist das Ergebnis einer einzigartigen Mischung aus <strong>TPU und doppellagigem EVA, das mit superkritischem Stickstoff infundiert ist<\/strong> und die Reaktionsf\u00e4higkeit und Energier\u00fcckgabe f\u00fcr eine unvergleichliche Leistung maximiert. Dieses fortschrittliche Design erm\u00f6glicht ein fl\u00fcssiges und reaktionsfreudiges Laufverhalten bei jedem Schritt und sorgt f\u00fcr hervorragende Stabilit\u00e4t selbst bei den technisch anspruchsvollsten L\u00e4ufen.<\/p>\n<p>Das <strong>Power Wire Mesh-Obermaterial<\/strong> mit <strong>TPU- und Nylon-Verst\u00e4rkungen<\/strong> sorgt f\u00fcr eine pr\u00e4zise und sichere Passform, w\u00e4hrend das Wrap-System im Mittelfu\u00dfbereich f\u00fcr mehr Stabilit\u00e4t sorgt und die Energie\u00fcbertragung bei jedem Schritt verbessert. Der <strong>Mittelfu\u00dfschutz aus Gummi<\/strong>, der sich von der Au\u00dfensohle aus um die Zwischensohle wickelt, bietet zus\u00e4tzlichen Schutz bei schwierigsten Traversen und sorgt f\u00fcr mehr Stabilit\u00e4t und Sicherheit in unwegsamem Gel\u00e4nde.<\/p>\n<p>Der Innenkragen <strong>aus Mesh<\/strong> verbessert die Passform um den Kn\u00f6chel, h\u00e4lt Ger\u00f6ll fern und erh\u00f6ht den Komfort bei langen L\u00e4ufen. Dar\u00fcber hinaus f\u00f6rdert die verbesserte <strong>Fersenwippe<\/strong> eine schnellere Landung und ein schnelleres Abrollen, w\u00e4hrend die <strong>Vorfu\u00dfwippe<\/strong> die Geometrie des urspr\u00fcnglichen Prodigy beibeh\u00e4lt und den \u00dcbergang von einem Schritt zum n\u00e4chsten optimiert.<\/p>\n<p>Die <strong>FriXion\u00ae XF 2.0-Au\u00dfensohle<\/strong> mit 4 mm starken Stollen bietet eine extrem griffige Traktion, mit der Sie selbst das technisch anspruchsvollste und schwierigste Gel\u00e4nde sicher bew\u00e4ltigen k\u00f6nnen. Jeder Schritt wird von au\u00dfergew\u00f6hnlichem Grip begleitet, ohne Kompromisse, dank des <strong>FriXion\u00ae-Gummis<\/strong>, der maximalen Grip unter allen Bedingungen gew\u00e4hrleistet.<\/p>\n<p>Prodigio Pro <strong>Spezifikationen<\/strong> umfassen:<\/p>\n<ul>\n<li><strong>Gewicht<\/strong>: 255 g (8,9 Unzen)<\/li>\n<li><strong>Gr\u00f6\u00dfen<\/strong>: 40 &#8211; 49.5 (mit halben Gr\u00f6\u00dfen)<\/li>\n<li><strong>Obermaterial<\/strong>: PES Power Wire mit TPU-Beschichtung und TPU- und Nylon-Verst\u00e4rkung, recycelte Schn\u00fcrsenkel<\/li>\n<li><strong>Futter<\/strong>: Recyceltes 3D-Mesh<\/li>\n<li><strong>Laufsohle<\/strong>: 5 mm XFlow Speed mit 100% recyceltem TPU+NITRO<\/li>\n<li><strong>Zwischensohle<\/strong>: TPU+NITRO XFlow Speed Innenkern, PU-beschichtete XFlow Speed\u2122 Folie, EVA+NITRO XFlow Au\u00dfenk\u00e4fig<\/li>\n<li><strong>Laufsohle<\/strong>: FriXion\u00ae XF 2.0 mit FriXion\u00ae Schutzgewebe, 4 mm Stollen<\/li>\n<\/ul>\n<p>Der <strong>Prodigio Pro<\/strong> ist der perfekte Schuh f\u00fcr alle, die an ihre Grenzen gehen und das berauschende Gef\u00fchl des Trailrunnings erleben wollen, mit einer Spitzenleistung, die Sie bei jeder Herausforderung begleitet. Mit seiner innovativen Technologie und seinem hochmodernen Design ist dieser Schuh bereit, dich mit jedem Schritt weiter zu bringen, um jeden Lauf zu einem Erfolg zu machen.<\/p>\n<p>&nbsp;<\/p>\n<div class=\"block-title product-technology__title\"><strong role=\"heading\" aria-level=\"2\">Technologie<\/strong><\/div>\n<div><\/div>\n<div><\/div>\n<div><img decoding=\"async\" src=\"https:\/\/lcdn.lasportivausa.com\/pub\/media\/sportiva\/technology\/FrixionWhite_TechLogo_100x100_black.png\" alt=\"FriXion\u00ae White (XF 2.0)\" \/><\/div>\n<div class=\"product-technology__wrapper\">\n<div class=\"product-technology__item\">\n<h3 class=\"product-technology__item-title\">FriXion\u00ae Wei\u00df (XF 2.0)<\/h3>\n<p class=\"product-technology__item-description\">Superklebrige Mischung, ideal f\u00fcr Ausfl\u00fcge, die einen ausgezeichneten Grip auf allen Arten von Terrain erfordern.<\/p>\n<p>&nbsp;<\/p>\n<\/div>\n<div class=\"product-technology__item\">\n<p><picture><source srcset=\"https:\/\/lcdn.lasportivausa.com\/pub\/media\/sportiva\/technology\/Vegan_TechLogo_100x100_black.png\" media=\"(max-width: 767px)\" \/><img decoding=\"async\" src=\"https:\/\/lcdn.lasportivausa.com\/pub\/media\/sportiva\/technology\/Vegan_TechLogo_100x100_black.png\" alt=\"Vegan\" \/><\/picture><\/p>\n<h3 class=\"product-technology__item-title\">Vegan<\/h3>\n<p class=\"product-technology__item-description\">Die Produkte sind frei von Materialien tierischen Ursprungs<\/p>\n<p>&nbsp;<\/p>\n<\/div>\n<div class=\"product-technology__item\">\n<p><picture><img decoding=\"async\" src=\"https:\/\/lcdn.lasportivausa.com\/pub\/media\/sportiva\/technology\/XFlow_TechLogo_100x100_black.png\" alt=\"XFlow\" \/><\/picture><\/p>\n<h3 class=\"product-technology__item-title\">XFlow<\/h3>\n<p class=\"product-technology__item-description\">Mit Stickstoff infundierter superkritischer Schaumstoff f\u00fcr optimale D\u00e4mpfung, Reaktionsf\u00e4higkeit und Stabilit\u00e4t<\/p>\n<\/div>\n<\/div>\n<p><\/div><\/div><\/div>\n","protected":false},"excerpt":{"rendered":"<ul>\n<li>Laufschuh f\u00fcr die Ultra-Trail-Welt.<\/li>\n<li>Ausgezeichnete D\u00e4mpfung.<\/li>\n<\/ul>\n","protected":false},"featured_media":257930,"template":"","meta":{"_acf_changed":false,"inline_featured_image":false},"product_brand":[],"product_cat":[6474,6491],"product_tag":[6248,6220],"class_list":{"0":"post-257275","1":"product","2":"type-product","3":"status-publish","4":"has-post-thumbnail","6":"product_cat-damenschuhe","7":"product_cat-damentrailschuhe","8":"product_tag-la-sportiva-de","9":"product_tag-la-sportiva-damen-de","10":"pa_attivita-outdoor-de","11":"pa_attivita-trail-de","12":"pa_colore-prodigio-pro-w-mineral-red-banana-de","13":"pa_colore-prodigio-pro-w-night-sky-rosebay-de","14":"pa_colore-prodigio-pro-w-white-malibu-blue-de","15":"pa_marca-la-sportiva-de","16":"pa_sesso-damen","17":"pa_size-38-de","18":"pa_size-38-5-de","19":"pa_size-39-de","20":"pa_size-39-5-de","21":"pa_size-40-de","22":"pa_size-40-5-de","23":"pa_size-41-de","25":"first","26":"instock","27":"sale","28":"taxable","29":"shipping-taxable","30":"purchasable","31":"product-type-variable","32":"wvs-archive-product-wrapper"},"acf":[],"yoast_head":"<!-- This site is optimized with the Yoast SEO plugin v26.8 - https:\/\/yoast.com\/product\/yoast-seo-wordpress\/ -->\n<title>La Sportiva Prodigio Pro damen - Trail-Schuhe f\u00fcr Damen - MioMioRun<\/title>\n<meta name=\"description\" content=\"Prodigio Pro, der neue Damenschuh f\u00fcr die Welt des Trailrunning, ein revolution\u00e4res Produkt von La Sportiva f\u00fcr die Welt des Ultra Trail.\" \/>\n<meta name=\"robots\" content=\"index, follow, max-snippet:-1, max-image-preview:large, max-video-preview:-1\" \/>\n<link rel=\"canonical\" href=\"https:\/\/www.miomiorun.com\/de\/produkt\/prodigio-pro-damen\/\" \/>\n<meta property=\"og:locale\" content=\"de_DE\" \/>\n<meta property=\"og:type\" content=\"article\" \/>\n<meta property=\"og:title\" content=\"La Sportiva Prodigio Pro damen - Trail-Schuhe f\u00fcr Damen - MioMioRun\" \/>\n<meta property=\"og:description\" content=\"Prodigio Pro, der neue Damenschuh f\u00fcr die Welt des Trailrunning, ein revolution\u00e4res Produkt von La Sportiva f\u00fcr die Welt des Ultra Trail.\" \/>\n<meta property=\"og:url\" content=\"https:\/\/www.miomiorun.com\/de\/produkt\/prodigio-pro-damen\/\" \/>\n<meta property=\"og:site_name\" content=\"MioMioRun\" \/>\n<meta property=\"article:publisher\" content=\"https:\/\/www.facebook.com\/miomiorun\/\" \/>\n<meta property=\"article:modified_time\" content=\"2025-12-16T15:29:59+00:00\" \/>\n<meta property=\"og:image\" content=\"https:\/\/www.miomiorun.com\/app\/uploads\/2025\/02\/la-sportiva-Prodigio-Pro-W-white-malibu-blue-ZFRS101W00B02.webp\" \/>\n\t<meta property=\"og:image:width\" content=\"600\" \/>\n\t<meta property=\"og:image:height\" content=\"600\" \/>\n\t<meta property=\"og:image:type\" content=\"image\/webp\" \/>\n<meta name=\"twitter:card\" content=\"summary_large_image\" \/>\n<meta name=\"twitter:label1\" content=\"Est. reading time\" \/>\n\t<meta name=\"twitter:data1\" content=\"3 minutes\" \/>\n<script type=\"application\/ld+json\" class=\"yoast-schema-graph\">{\"@context\":\"https:\/\/schema.org\",\"@graph\":[{\"@type\":\"WebPage\",\"@id\":\"https:\/\/www.miomiorun.com\/de\/produkt\/prodigio-pro-damen\/\",\"url\":\"https:\/\/www.miomiorun.com\/de\/produkt\/prodigio-pro-damen\/\",\"name\":\"La Sportiva Prodigio Pro damen - Trail-Schuhe f\u00fcr Damen - MioMioRun\",\"isPartOf\":{\"@id\":\"https:\/\/www.miomiorun.com\/de\/#website\"},\"primaryImageOfPage\":{\"@id\":\"https:\/\/www.miomiorun.com\/de\/produkt\/prodigio-pro-damen\/#primaryimage\"},\"image\":{\"@id\":\"https:\/\/www.miomiorun.com\/de\/produkt\/prodigio-pro-damen\/#primaryimage\"},\"thumbnailUrl\":\"https:\/\/www.miomiorun.com\/app\/uploads\/2025\/02\/la-sportiva-Prodigio-Pro-W-white-malibu-blue-ZFRS101W00B02.webp\",\"datePublished\":\"2025-02-20T11:22:54+00:00\",\"dateModified\":\"2025-12-16T15:29:59+00:00\",\"description\":\"Prodigio Pro, der neue Damenschuh f\u00fcr die Welt des Trailrunning, ein revolution\u00e4res Produkt von La Sportiva f\u00fcr die Welt des Ultra Trail.\",\"breadcrumb\":{\"@id\":\"https:\/\/www.miomiorun.com\/de\/produkt\/prodigio-pro-damen\/#breadcrumb\"},\"inLanguage\":\"de-DE\",\"potentialAction\":[{\"@type\":\"ReadAction\",\"target\":[\"https:\/\/www.miomiorun.com\/de\/produkt\/prodigio-pro-damen\/\"]}]},{\"@type\":\"ImageObject\",\"inLanguage\":\"de-DE\",\"@id\":\"https:\/\/www.miomiorun.com\/de\/produkt\/prodigio-pro-damen\/#primaryimage\",\"url\":\"https:\/\/www.miomiorun.com\/app\/uploads\/2025\/02\/la-sportiva-Prodigio-Pro-W-white-malibu-blue-ZFRS101W00B02.webp\",\"contentUrl\":\"https:\/\/www.miomiorun.com\/app\/uploads\/2025\/02\/la-sportiva-Prodigio-Pro-W-white-malibu-blue-ZFRS101W00B02.webp\",\"width\":600,\"height\":600,\"caption\":\"la sportiva Prodigio Pro W white malibu blue ZFRS101W00B02\"},{\"@type\":\"BreadcrumbList\",\"@id\":\"https:\/\/www.miomiorun.com\/de\/produkt\/prodigio-pro-damen\/#breadcrumb\",\"itemListElement\":[{\"@type\":\"ListItem\",\"position\":1,\"name\":\"Home\",\"item\":\"https:\/\/www.miomiorun.com\/de\/\"},{\"@type\":\"ListItem\",\"position\":2,\"name\":\"Shop\",\"item\":\"https:\/\/www.miomiorun.com\/shop\/\"},{\"@type\":\"ListItem\",\"position\":3,\"name\":\"Prodigio Pro damen\"}]},{\"@type\":\"WebSite\",\"@id\":\"https:\/\/www.miomiorun.com\/de\/#website\",\"url\":\"https:\/\/www.miomiorun.com\/de\/\",\"name\":\"MioMioRun\",\"description\":\"100% Lauf- und Trailshop\",\"publisher\":{\"@id\":\"https:\/\/www.miomiorun.com\/de\/#organization\"},\"potentialAction\":[{\"@type\":\"SearchAction\",\"target\":{\"@type\":\"EntryPoint\",\"urlTemplate\":\"https:\/\/www.miomiorun.com\/de\/?s={search_term_string}\"},\"query-input\":{\"@type\":\"PropertyValueSpecification\",\"valueRequired\":true,\"valueName\":\"search_term_string\"}}],\"inLanguage\":\"de-DE\"},{\"@type\":\"Organization\",\"@id\":\"https:\/\/www.miomiorun.com\/de\/#organization\",\"name\":\"MioMio Run\",\"url\":\"https:\/\/www.miomiorun.com\/de\/\",\"logo\":{\"@type\":\"ImageObject\",\"inLanguage\":\"de-DE\",\"@id\":\"https:\/\/www.miomiorun.com\/de\/#\/schema\/logo\/image\/\",\"url\":\"https:\/\/www.miomiorun.com\/app\/uploads\/2019\/12\/logomio.png\",\"contentUrl\":\"https:\/\/www.miomiorun.com\/app\/uploads\/2019\/12\/logomio.png\",\"width\":115,\"height\":82,\"caption\":\"MioMio Run\"},\"image\":{\"@id\":\"https:\/\/www.miomiorun.com\/de\/#\/schema\/logo\/image\/\"},\"sameAs\":[\"https:\/\/www.facebook.com\/miomiorun\/\",\"https:\/\/www.instagram.com\/miomiorun\/\"]}]}<\/script>\n<!-- \/ Yoast SEO plugin. -->","yoast_head_json":{"title":"La Sportiva Prodigio Pro damen - Trail-Schuhe f\u00fcr Damen - MioMioRun","description":"Prodigio Pro, der neue Damenschuh f\u00fcr die Welt des Trailrunning, ein revolution\u00e4res Produkt von La Sportiva f\u00fcr die Welt des Ultra Trail.","robots":{"index":"index","follow":"follow","max-snippet":"max-snippet:-1","max-image-preview":"max-image-preview:large","max-video-preview":"max-video-preview:-1"},"canonical":"https:\/\/www.miomiorun.com\/de\/produkt\/prodigio-pro-damen\/","og_locale":"de_DE","og_type":"article","og_title":"La Sportiva Prodigio Pro damen - Trail-Schuhe f\u00fcr Damen - MioMioRun","og_description":"Prodigio Pro, der neue Damenschuh f\u00fcr die Welt des Trailrunning, ein revolution\u00e4res Produkt von La Sportiva f\u00fcr die Welt des Ultra Trail.","og_url":"https:\/\/www.miomiorun.com\/de\/produkt\/prodigio-pro-damen\/","og_site_name":"MioMioRun","article_publisher":"https:\/\/www.facebook.com\/miomiorun\/","article_modified_time":"2025-12-16T15:29:59+00:00","og_image":[{"width":600,"height":600,"url":"https:\/\/www.miomiorun.com\/app\/uploads\/2025\/02\/la-sportiva-Prodigio-Pro-W-white-malibu-blue-ZFRS101W00B02.webp","type":"image\/webp"}],"twitter_card":"summary_large_image","twitter_misc":{"Est. reading time":"3 minutes"},"schema":{"@context":"https:\/\/schema.org","@graph":[{"@type":"WebPage","@id":"https:\/\/www.miomiorun.com\/de\/produkt\/prodigio-pro-damen\/","url":"https:\/\/www.miomiorun.com\/de\/produkt\/prodigio-pro-damen\/","name":"La Sportiva Prodigio Pro damen - Trail-Schuhe f\u00fcr Damen - MioMioRun","isPartOf":{"@id":"https:\/\/www.miomiorun.com\/de\/#website"},"primaryImageOfPage":{"@id":"https:\/\/www.miomiorun.com\/de\/produkt\/prodigio-pro-damen\/#primaryimage"},"image":{"@id":"https:\/\/www.miomiorun.com\/de\/produkt\/prodigio-pro-damen\/#primaryimage"},"thumbnailUrl":"https:\/\/www.miomiorun.com\/app\/uploads\/2025\/02\/la-sportiva-Prodigio-Pro-W-white-malibu-blue-ZFRS101W00B02.webp","datePublished":"2025-02-20T11:22:54+00:00","dateModified":"2025-12-16T15:29:59+00:00","description":"Prodigio Pro, der neue Damenschuh f\u00fcr die Welt des Trailrunning, ein revolution\u00e4res Produkt von La Sportiva f\u00fcr die Welt des Ultra Trail.","breadcrumb":{"@id":"https:\/\/www.miomiorun.com\/de\/produkt\/prodigio-pro-damen\/#breadcrumb"},"inLanguage":"de-DE","potentialAction":[{"@type":"ReadAction","target":["https:\/\/www.miomiorun.com\/de\/produkt\/prodigio-pro-damen\/"]}]},{"@type":"ImageObject","inLanguage":"de-DE","@id":"https:\/\/www.miomiorun.com\/de\/produkt\/prodigio-pro-damen\/#primaryimage","url":"https:\/\/www.miomiorun.com\/app\/uploads\/2025\/02\/la-sportiva-Prodigio-Pro-W-white-malibu-blue-ZFRS101W00B02.webp","contentUrl":"https:\/\/www.miomiorun.com\/app\/uploads\/2025\/02\/la-sportiva-Prodigio-Pro-W-white-malibu-blue-ZFRS101W00B02.webp","width":600,"height":600,"caption":"la sportiva Prodigio Pro W white malibu blue ZFRS101W00B02"},{"@type":"BreadcrumbList","@id":"https:\/\/www.miomiorun.com\/de\/produkt\/prodigio-pro-damen\/#breadcrumb","itemListElement":[{"@type":"ListItem","position":1,"name":"Home","item":"https:\/\/www.miomiorun.com\/de\/"},{"@type":"ListItem","position":2,"name":"Shop","item":"https:\/\/www.miomiorun.com\/shop\/"},{"@type":"ListItem","position":3,"name":"Prodigio Pro damen"}]},{"@type":"WebSite","@id":"https:\/\/www.miomiorun.com\/de\/#website","url":"https:\/\/www.miomiorun.com\/de\/","name":"MioMioRun","description":"100% Lauf- und Trailshop","publisher":{"@id":"https:\/\/www.miomiorun.com\/de\/#organization"},"potentialAction":[{"@type":"SearchAction","target":{"@type":"EntryPoint","urlTemplate":"https:\/\/www.miomiorun.com\/de\/?s={search_term_string}"},"query-input":{"@type":"PropertyValueSpecification","valueRequired":true,"valueName":"search_term_string"}}],"inLanguage":"de-DE"},{"@type":"Organization","@id":"https:\/\/www.miomiorun.com\/de\/#organization","name":"MioMio Run","url":"https:\/\/www.miomiorun.com\/de\/","logo":{"@type":"ImageObject","inLanguage":"de-DE","@id":"https:\/\/www.miomiorun.com\/de\/#\/schema\/logo\/image\/","url":"https:\/\/www.miomiorun.com\/app\/uploads\/2019\/12\/logomio.png","contentUrl":"https:\/\/www.miomiorun.com\/app\/uploads\/2019\/12\/logomio.png","width":115,"height":82,"caption":"MioMio Run"},"image":{"@id":"https:\/\/www.miomiorun.com\/de\/#\/schema\/logo\/image\/"},"sameAs":["https:\/\/www.facebook.com\/miomiorun\/","https:\/\/www.instagram.com\/miomiorun\/"]}]}},"_links":{"self":[{"href":"https:\/\/www.miomiorun.com\/de\/wp-json\/wp\/v2\/product\/257275","targetHints":{"allow":["GET"]}}],"collection":[{"href":"https:\/\/www.miomiorun.com\/de\/wp-json\/wp\/v2\/product"}],"about":[{"href":"https:\/\/www.miomiorun.com\/de\/wp-json\/wp\/v2\/types\/product"}],"wp:featuredmedia":[{"embeddable":true,"href":"https:\/\/www.miomiorun.com\/de\/wp-json\/wp\/v2\/media\/257930"}],"wp:attachment":[{"href":"https:\/\/www.miomiorun.com\/de\/wp-json\/wp\/v2\/media?parent=257275"}],"wp:term":[{"taxonomy":"product_brand","embeddable":true,"href":"https:\/\/www.miomiorun.com\/de\/wp-json\/wp\/v2\/product_brand?post=257275"},{"taxonomy":"product_cat","embeddable":true,"href":"https:\/\/www.miomiorun.com\/de\/wp-json\/wp\/v2\/product_cat?post=257275"},{"taxonomy":"product_tag","embeddable":true,"href":"https:\/\/www.miomiorun.com\/de\/wp-json\/wp\/v2\/product_tag?post=257275"}],"curies":[{"name":"wp","href":"https:\/\/api.w.org\/{rel}","templated":true}]}}