{"id":257163,"date":"2025-02-20T12:05:58","date_gmt":"2025-02-20T11:05:58","guid":{"rendered":"https:\/\/miomiorun.com\/?post_type=product&#038;p=257163"},"modified":"2025-03-26T11:25:08","modified_gmt":"2025-03-26T10:25:08","slug":"laspo-rucksack-fuer-kinder","status":"publish","type":"product","link":"https:\/\/www.miomiorun.com\/de\/produkt\/laspo-rucksack-fuer-kinder\/","title":{"rendered":"Laspo Rucksack f\u00fcr Kinder"},"content":{"rendered":"<p>Der ideale Begleiter f\u00fcr Ihre Wanderungen und Outdoor-Abenteuer. Der neue Rucksack f\u00fcr kleine Bergliebhaber verf\u00fcgt \u00fcber zwei praktische Seitentaschen f\u00fcr Wasserflaschen, ein gut erreichbares und ger\u00e4umiges Hauptfach und eine kleine Rei\u00dfverschlusstasche auf der Vorderseite f\u00fcr Ihre Wertsachen. Der Brust- und Taillenverschluss erm\u00f6glicht eine ergonomische Passform. Der gepolsterte R\u00fccken und die Schultergurte bieten maximalen Komfort und Schutz.<\/p>\n<div class=\"data item title\" tabindex=\"0\" aria-selected=\"true\" aria-expanded=\"true\" data-role=\"title\">\n<h3 id=\"tab-label-techinfo\" class=\"switch-title\">Technische Daten<\/h3>\n<\/div>\n<div class=\"data item content\" aria-hidden=\"false\" data-role=\"content\" aria-labelledby=\"tab-label-techinfo\">\n<div class=\"techinfo-container\">\n<div class=\"techinfo-description\"><b>Gewicht:<\/b><br \/>\n302 g<br \/>\n<b>Weitere Eigenschaften:<\/b><br \/>\n15L<\/div>\n<\/div>\n<\/div>\n<div><\/div>\n<div><\/div>\n<div><strong>Plus<\/strong><\/div>\n<div>\n<div class=\"data item content\" aria-hidden=\"false\" data-role=\"content\" aria-labelledby=\"tab-label-plus\">\n<div class=\"plus-container\">+ Gro\u00dfe Zentraltasche<br \/>\n+ Kleine Rei\u00dfverschlusstasche auf der Vorderseite<br \/>\n+ Brustgurt mit Clip und Trillerpfeife<br \/>\n+ Seitliche Netztaschen f\u00fcr Wasserflaschen<br \/>\n+ Leichtes, wasserabweisendes Material<br \/>\n+ Gepolsterter R\u00fccken mit zentralem Bel\u00fcftungskanal f\u00fcr optimale Atmungsaktivit\u00e4t<br \/>\n+ Gepolsterte Schultergurte f\u00fcr zus\u00e4tzlichen Komfort<\/div>\n<\/div>\n<\/div>\n","protected":false},"excerpt":{"rendered":"<ul>\n<li>Rucksack f\u00fcr Kinder<\/li>\n<li>reich an Taschen<\/li>\n<li>super weich<\/li>\n<\/ul>\n","protected":false},"featured_media":257736,"template":"","meta":{"_acf_changed":false,"inline_featured_image":false},"product_brand":[],"product_cat":[6342,6396,6398],"product_tag":[6248,19357,19355],"class_list":{"0":"post-257163","1":"product","2":"type-product","3":"status-publish","4":"has-post-thumbnail","6":"product_cat-zubehoer","7":"product_cat-taschen-und-guertel-de","8":"product_cat-taschen-de","9":"product_tag-la-sportiva-de","10":"product_tag-la-sportiva-kind","11":"product_tag-la-sportiva-madchen","12":"pa_attivita-outdoor-de","13":"pa_attivita-trail-de","14":"pa_marca-la-sportiva-de","15":"pa_sesso-damen","16":"pa_sesso-herren","18":"first","19":"instock","20":"sale","21":"taxable","22":"shipping-taxable","23":"purchasable","24":"product-type-simple"},"acf":[],"yoast_head":"<!-- This site is optimized with the Yoast SEO plugin v26.8 - https:\/\/yoast.com\/product\/yoast-seo-wordpress\/ -->\n<title>La Sportiva Laspo Rucksack f\u00fcr Kinder - Baby-Rucksack - MioMioRun<\/title>\n<meta name=\"description\" content=\"Leichter und bequemer 15-Liter-Rucksack f\u00fcr Kinder, mit Seitentaschen, Rei\u00dfverschlusstasche vorne, R\u00fccken, gepolsterten Schulterriemen und wasserabweisendem Material.\" \/>\n<meta name=\"robots\" content=\"index, follow, max-snippet:-1, max-image-preview:large, max-video-preview:-1\" \/>\n<link rel=\"canonical\" href=\"https:\/\/www.miomiorun.com\/de\/produkt\/laspo-rucksack-fuer-kinder\/\" \/>\n<meta property=\"og:locale\" content=\"de_DE\" \/>\n<meta property=\"og:type\" content=\"article\" \/>\n<meta property=\"og:title\" content=\"La Sportiva Laspo Rucksack f\u00fcr Kinder - Baby-Rucksack - MioMioRun\" \/>\n<meta property=\"og:description\" content=\"Leichter und bequemer 15-Liter-Rucksack f\u00fcr Kinder, mit Seitentaschen, Rei\u00dfverschlusstasche vorne, R\u00fccken, gepolsterten Schulterriemen und wasserabweisendem Material.\" \/>\n<meta property=\"og:url\" content=\"https:\/\/www.miomiorun.com\/de\/produkt\/laspo-rucksack-fuer-kinder\/\" \/>\n<meta property=\"og:site_name\" content=\"MioMioRun\" \/>\n<meta property=\"article:publisher\" content=\"https:\/\/www.facebook.com\/miomiorun\/\" \/>\n<meta property=\"article:modified_time\" content=\"2025-03-26T10:25:08+00:00\" \/>\n<meta property=\"og:image\" content=\"https:\/\/www.miomiorun.com\/app\/uploads\/2025\/02\/la-sportiva-Kid-backpack-yellow-black-69S100999.webp\" \/>\n\t<meta property=\"og:image:width\" content=\"600\" \/>\n\t<meta property=\"og:image:height\" content=\"600\" \/>\n\t<meta property=\"og:image:type\" content=\"image\/webp\" \/>\n<meta name=\"twitter:card\" content=\"summary_large_image\" \/>\n<meta name=\"twitter:label1\" content=\"Est. reading time\" \/>\n\t<meta name=\"twitter:data1\" content=\"1 minute\" \/>\n<script type=\"application\/ld+json\" class=\"yoast-schema-graph\">{\"@context\":\"https:\/\/schema.org\",\"@graph\":[{\"@type\":\"WebPage\",\"@id\":\"https:\/\/www.miomiorun.com\/de\/produkt\/laspo-rucksack-fuer-kinder\/\",\"url\":\"https:\/\/www.miomiorun.com\/de\/produkt\/laspo-rucksack-fuer-kinder\/\",\"name\":\"La Sportiva Laspo Rucksack f\u00fcr Kinder - Baby-Rucksack - MioMioRun\",\"isPartOf\":{\"@id\":\"https:\/\/www.miomiorun.com\/de\/#website\"},\"primaryImageOfPage\":{\"@id\":\"https:\/\/www.miomiorun.com\/de\/produkt\/laspo-rucksack-fuer-kinder\/#primaryimage\"},\"image\":{\"@id\":\"https:\/\/www.miomiorun.com\/de\/produkt\/laspo-rucksack-fuer-kinder\/#primaryimage\"},\"thumbnailUrl\":\"https:\/\/www.miomiorun.com\/app\/uploads\/2025\/02\/la-sportiva-Kid-backpack-yellow-black-69S100999.webp\",\"datePublished\":\"2025-02-20T11:05:58+00:00\",\"dateModified\":\"2025-03-26T10:25:08+00:00\",\"description\":\"Leichter und bequemer 15-Liter-Rucksack f\u00fcr Kinder, mit Seitentaschen, Rei\u00dfverschlusstasche vorne, R\u00fccken, gepolsterten Schulterriemen und wasserabweisendem Material.\",\"breadcrumb\":{\"@id\":\"https:\/\/www.miomiorun.com\/de\/produkt\/laspo-rucksack-fuer-kinder\/#breadcrumb\"},\"inLanguage\":\"de-DE\",\"potentialAction\":[{\"@type\":\"ReadAction\",\"target\":[\"https:\/\/www.miomiorun.com\/de\/produkt\/laspo-rucksack-fuer-kinder\/\"]}]},{\"@type\":\"ImageObject\",\"inLanguage\":\"de-DE\",\"@id\":\"https:\/\/www.miomiorun.com\/de\/produkt\/laspo-rucksack-fuer-kinder\/#primaryimage\",\"url\":\"https:\/\/www.miomiorun.com\/app\/uploads\/2025\/02\/la-sportiva-Kid-backpack-yellow-black-69S100999.webp\",\"contentUrl\":\"https:\/\/www.miomiorun.com\/app\/uploads\/2025\/02\/la-sportiva-Kid-backpack-yellow-black-69S100999.webp\",\"width\":600,\"height\":600,\"caption\":\"la sportiva Kid backpack yellow black 69S100999\"},{\"@type\":\"BreadcrumbList\",\"@id\":\"https:\/\/www.miomiorun.com\/de\/produkt\/laspo-rucksack-fuer-kinder\/#breadcrumb\",\"itemListElement\":[{\"@type\":\"ListItem\",\"position\":1,\"name\":\"Home\",\"item\":\"https:\/\/www.miomiorun.com\/de\/\"},{\"@type\":\"ListItem\",\"position\":2,\"name\":\"Shop\",\"item\":\"https:\/\/www.miomiorun.com\/shop\/\"},{\"@type\":\"ListItem\",\"position\":3,\"name\":\"Laspo Rucksack f\u00fcr Kinder\"}]},{\"@type\":\"WebSite\",\"@id\":\"https:\/\/www.miomiorun.com\/de\/#website\",\"url\":\"https:\/\/www.miomiorun.com\/de\/\",\"name\":\"MioMioRun\",\"description\":\"100% Lauf- und Trailshop\",\"publisher\":{\"@id\":\"https:\/\/www.miomiorun.com\/de\/#organization\"},\"potentialAction\":[{\"@type\":\"SearchAction\",\"target\":{\"@type\":\"EntryPoint\",\"urlTemplate\":\"https:\/\/www.miomiorun.com\/de\/?s={search_term_string}\"},\"query-input\":{\"@type\":\"PropertyValueSpecification\",\"valueRequired\":true,\"valueName\":\"search_term_string\"}}],\"inLanguage\":\"de-DE\"},{\"@type\":\"Organization\",\"@id\":\"https:\/\/www.miomiorun.com\/de\/#organization\",\"name\":\"MioMio Run\",\"url\":\"https:\/\/www.miomiorun.com\/de\/\",\"logo\":{\"@type\":\"ImageObject\",\"inLanguage\":\"de-DE\",\"@id\":\"https:\/\/www.miomiorun.com\/de\/#\/schema\/logo\/image\/\",\"url\":\"https:\/\/www.miomiorun.com\/app\/uploads\/2019\/12\/logomio.png\",\"contentUrl\":\"https:\/\/www.miomiorun.com\/app\/uploads\/2019\/12\/logomio.png\",\"width\":115,\"height\":82,\"caption\":\"MioMio Run\"},\"image\":{\"@id\":\"https:\/\/www.miomiorun.com\/de\/#\/schema\/logo\/image\/\"},\"sameAs\":[\"https:\/\/www.facebook.com\/miomiorun\/\",\"https:\/\/www.instagram.com\/miomiorun\/\"]}]}<\/script>\n<!-- \/ Yoast SEO plugin. -->","yoast_head_json":{"title":"La Sportiva Laspo Rucksack f\u00fcr Kinder - Baby-Rucksack - MioMioRun","description":"Leichter und bequemer 15-Liter-Rucksack f\u00fcr Kinder, mit Seitentaschen, Rei\u00dfverschlusstasche vorne, R\u00fccken, gepolsterten Schulterriemen und wasserabweisendem Material.","robots":{"index":"index","follow":"follow","max-snippet":"max-snippet:-1","max-image-preview":"max-image-preview:large","max-video-preview":"max-video-preview:-1"},"canonical":"https:\/\/www.miomiorun.com\/de\/produkt\/laspo-rucksack-fuer-kinder\/","og_locale":"de_DE","og_type":"article","og_title":"La Sportiva Laspo Rucksack f\u00fcr Kinder - Baby-Rucksack - MioMioRun","og_description":"Leichter und bequemer 15-Liter-Rucksack f\u00fcr Kinder, mit Seitentaschen, Rei\u00dfverschlusstasche vorne, R\u00fccken, gepolsterten Schulterriemen und wasserabweisendem Material.","og_url":"https:\/\/www.miomiorun.com\/de\/produkt\/laspo-rucksack-fuer-kinder\/","og_site_name":"MioMioRun","article_publisher":"https:\/\/www.facebook.com\/miomiorun\/","article_modified_time":"2025-03-26T10:25:08+00:00","og_image":[{"width":600,"height":600,"url":"https:\/\/www.miomiorun.com\/app\/uploads\/2025\/02\/la-sportiva-Kid-backpack-yellow-black-69S100999.webp","type":"image\/webp"}],"twitter_card":"summary_large_image","twitter_misc":{"Est. reading time":"1 minute"},"schema":{"@context":"https:\/\/schema.org","@graph":[{"@type":"WebPage","@id":"https:\/\/www.miomiorun.com\/de\/produkt\/laspo-rucksack-fuer-kinder\/","url":"https:\/\/www.miomiorun.com\/de\/produkt\/laspo-rucksack-fuer-kinder\/","name":"La Sportiva Laspo Rucksack f\u00fcr Kinder - Baby-Rucksack - MioMioRun","isPartOf":{"@id":"https:\/\/www.miomiorun.com\/de\/#website"},"primaryImageOfPage":{"@id":"https:\/\/www.miomiorun.com\/de\/produkt\/laspo-rucksack-fuer-kinder\/#primaryimage"},"image":{"@id":"https:\/\/www.miomiorun.com\/de\/produkt\/laspo-rucksack-fuer-kinder\/#primaryimage"},"thumbnailUrl":"https:\/\/www.miomiorun.com\/app\/uploads\/2025\/02\/la-sportiva-Kid-backpack-yellow-black-69S100999.webp","datePublished":"2025-02-20T11:05:58+00:00","dateModified":"2025-03-26T10:25:08+00:00","description":"Leichter und bequemer 15-Liter-Rucksack f\u00fcr Kinder, mit Seitentaschen, Rei\u00dfverschlusstasche vorne, R\u00fccken, gepolsterten Schulterriemen und wasserabweisendem Material.","breadcrumb":{"@id":"https:\/\/www.miomiorun.com\/de\/produkt\/laspo-rucksack-fuer-kinder\/#breadcrumb"},"inLanguage":"de-DE","potentialAction":[{"@type":"ReadAction","target":["https:\/\/www.miomiorun.com\/de\/produkt\/laspo-rucksack-fuer-kinder\/"]}]},{"@type":"ImageObject","inLanguage":"de-DE","@id":"https:\/\/www.miomiorun.com\/de\/produkt\/laspo-rucksack-fuer-kinder\/#primaryimage","url":"https:\/\/www.miomiorun.com\/app\/uploads\/2025\/02\/la-sportiva-Kid-backpack-yellow-black-69S100999.webp","contentUrl":"https:\/\/www.miomiorun.com\/app\/uploads\/2025\/02\/la-sportiva-Kid-backpack-yellow-black-69S100999.webp","width":600,"height":600,"caption":"la sportiva Kid backpack yellow black 69S100999"},{"@type":"BreadcrumbList","@id":"https:\/\/www.miomiorun.com\/de\/produkt\/laspo-rucksack-fuer-kinder\/#breadcrumb","itemListElement":[{"@type":"ListItem","position":1,"name":"Home","item":"https:\/\/www.miomiorun.com\/de\/"},{"@type":"ListItem","position":2,"name":"Shop","item":"https:\/\/www.miomiorun.com\/shop\/"},{"@type":"ListItem","position":3,"name":"Laspo Rucksack f\u00fcr Kinder"}]},{"@type":"WebSite","@id":"https:\/\/www.miomiorun.com\/de\/#website","url":"https:\/\/www.miomiorun.com\/de\/","name":"MioMioRun","description":"100% Lauf- und Trailshop","publisher":{"@id":"https:\/\/www.miomiorun.com\/de\/#organization"},"potentialAction":[{"@type":"SearchAction","target":{"@type":"EntryPoint","urlTemplate":"https:\/\/www.miomiorun.com\/de\/?s={search_term_string}"},"query-input":{"@type":"PropertyValueSpecification","valueRequired":true,"valueName":"search_term_string"}}],"inLanguage":"de-DE"},{"@type":"Organization","@id":"https:\/\/www.miomiorun.com\/de\/#organization","name":"MioMio Run","url":"https:\/\/www.miomiorun.com\/de\/","logo":{"@type":"ImageObject","inLanguage":"de-DE","@id":"https:\/\/www.miomiorun.com\/de\/#\/schema\/logo\/image\/","url":"https:\/\/www.miomiorun.com\/app\/uploads\/2019\/12\/logomio.png","contentUrl":"https:\/\/www.miomiorun.com\/app\/uploads\/2019\/12\/logomio.png","width":115,"height":82,"caption":"MioMio Run"},"image":{"@id":"https:\/\/www.miomiorun.com\/de\/#\/schema\/logo\/image\/"},"sameAs":["https:\/\/www.facebook.com\/miomiorun\/","https:\/\/www.instagram.com\/miomiorun\/"]}]}},"_links":{"self":[{"href":"https:\/\/www.miomiorun.com\/de\/wp-json\/wp\/v2\/product\/257163","targetHints":{"allow":["GET"]}}],"collection":[{"href":"https:\/\/www.miomiorun.com\/de\/wp-json\/wp\/v2\/product"}],"about":[{"href":"https:\/\/www.miomiorun.com\/de\/wp-json\/wp\/v2\/types\/product"}],"wp:featuredmedia":[{"embeddable":true,"href":"https:\/\/www.miomiorun.com\/de\/wp-json\/wp\/v2\/media\/257736"}],"wp:attachment":[{"href":"https:\/\/www.miomiorun.com\/de\/wp-json\/wp\/v2\/media?parent=257163"}],"wp:term":[{"taxonomy":"product_brand","embeddable":true,"href":"https:\/\/www.miomiorun.com\/de\/wp-json\/wp\/v2\/product_brand?post=257163"},{"taxonomy":"product_cat","embeddable":true,"href":"https:\/\/www.miomiorun.com\/de\/wp-json\/wp\/v2\/product_cat?post=257163"},{"taxonomy":"product_tag","embeddable":true,"href":"https:\/\/www.miomiorun.com\/de\/wp-json\/wp\/v2\/product_tag?post=257163"}],"curies":[{"name":"wp","href":"https:\/\/api.w.org\/{rel}","templated":true}]}}