{"id":256122,"date":"2025-02-18T10:07:16","date_gmt":"2025-02-18T09:07:16","guid":{"rendered":"https:\/\/miomiorun.com\/?post_type=product&#038;p=256122"},"modified":"2025-07-24T17:06:03","modified_gmt":"2025-07-24T15:06:03","slug":"traverse-tank-damen","status":"publish","type":"product","link":"https:\/\/www.miomiorun.com\/de\/produkt\/traverse-tank-damen\/","title":{"rendered":"Traverse Tank damen"},"content":{"rendered":"<p><strong>Traverse Tank La Sportiva<\/strong><\/p>\n<p>Machen Sie das Beste aus Ihren Bergtouren mit dem <em>Traverse Tank<\/em> von La Sportiva, dem perfekten Tank-Top f\u00fcr Ihre Sommerausfl\u00fcge nach der Arbeit und au\u00dferhalb der Arbeit. Dieses ultraleichte Tank-Top wurde f\u00fcr maximalen Komfort und Leistung entwickelt und besteht aus innovativem Polartec\u00ae Delta\u2122-Gewebe, das den K\u00f6rper auch bei intensiver Aktivit\u00e4t k\u00fchl und trocken h\u00e4lt. Mesh-Eins\u00e4tze an der H\u00fcfte sorgen f\u00fcr eine optimale Bel\u00fcftung, w\u00e4hrend reflektierende Details auch bei schlechten Lichtverh\u00e4ltnissen f\u00fcr hervorragende Sichtbarkeit sorgen.<\/p>\n<p>Wichtigste Merkmale:<\/p>\n<ul>\n<li><strong>Polartec\u00ae Delta\u2122-Gewebe<\/strong>: f\u00fcr effektive Temperaturregulierung und einen k\u00fchlenden Effekt.<\/li>\n<li><strong>Mesh-Eins\u00e4tze an den H\u00fcften<\/strong>: f\u00fcr eine bessere Luftzirkulation und eine h\u00f6here Atmungsaktivit\u00e4t.<\/li>\n<li><strong>Reflektierende Details<\/strong>: um die Sichtbarkeit bei Abend- oder Morgenausfl\u00fcgen zu gew\u00e4hrleisten.<\/li>\n<li><strong>Schnell trocknend<\/strong>: ideal f\u00fcr wechselnde Wetterbedingungen.<\/li>\n<li><strong>Bequem und vielseitig<\/strong>: Racerback-Design f\u00fcr mehr Bewegungsfreiheit.<\/li>\n<li><strong>Geringes Gewicht<\/strong>: nur 77 g (Gr\u00f6\u00dfe M), perfekt f\u00fcr schnelle Wanderungen und dynamische Aktivit\u00e4ten.<\/li>\n<\/ul>\n<p>Egal, ob Sie eine Klettertour bei Sonnenuntergang oder einen schnellen Lauf auf Bergpfaden in Angriff nehmen, das <em>Traverse Tank<\/em> wird Sie mit Stil und Funktionalit\u00e4t begleiten. Erleben Sie die Qualit\u00e4t von La Sportiva!<\/p>\n<p>&nbsp;<\/p>\n<p><strong>Hauptmaterial<\/strong>: 70% Polyester 30% Lyocell<\/p>\n","protected":false},"excerpt":{"rendered":"<ul>\n<li>Polartec\u00ae Delta\u2122-Gewebe<\/li>\n<li>Schnelltrocknend<\/li>\n<li>Komfortabel und vielseitig<\/li>\n<\/ul>\n","protected":false},"featured_media":256837,"template":"","meta":{"_acf_changed":false,"inline_featured_image":false},"product_brand":[],"product_cat":[6400,6401,6403],"product_tag":[6248,6220],"class_list":{"0":"post-256122","1":"product","2":"type-product","3":"status-publish","4":"has-post-thumbnail","6":"product_cat-damen","7":"product_cat-damenbekleidung","8":"product_cat-damentank-tops","9":"product_tag-la-sportiva-de","10":"product_tag-la-sportiva-damen-de","11":"pa_attivita-gehen","12":"pa_attivita-outdoor-de","13":"pa_attivita-trail-de","14":"pa_colore-traverse-tank-w-onyx-de","15":"pa_colore-traverse-tank-w-rosebay-savana-de","16":"pa_marca-la-sportiva-de","17":"pa_sesso-damen","18":"pa_size-extra-small-de","19":"pa_size-small-de","20":"pa_size-medium-de","22":"first","23":"instock","24":"sale","25":"taxable","26":"shipping-taxable","27":"purchasable","28":"product-type-variable","29":"wvs-archive-product-wrapper"},"acf":[],"yoast_head":"<!-- This site is optimized with the Yoast SEO plugin v26.8 - https:\/\/yoast.com\/product\/yoast-seo-wordpress\/ -->\n<title>La Sportiva Traverse Tank damen - Tank-Top l\u00e4uft - MioMioRun<\/title>\n<meta name=\"description\" content=\"Das Traverse Tank von La Sportiva ist ein leichtes, atmungsaktives Tank-Top mit Polartec\u00ae Delta\u2122-Gewebe, reflektierenden Details und unvergleichlicher Vielseitigkeit.\" \/>\n<meta name=\"robots\" content=\"index, follow, max-snippet:-1, max-image-preview:large, max-video-preview:-1\" \/>\n<link rel=\"canonical\" href=\"https:\/\/www.miomiorun.com\/de\/produkt\/traverse-tank-damen\/\" \/>\n<meta property=\"og:locale\" content=\"de_DE\" \/>\n<meta property=\"og:type\" content=\"article\" \/>\n<meta property=\"og:title\" content=\"La Sportiva Traverse Tank damen - Tank-Top l\u00e4uft - MioMioRun\" \/>\n<meta property=\"og:description\" content=\"Das Traverse Tank von La Sportiva ist ein leichtes, atmungsaktives Tank-Top mit Polartec\u00ae Delta\u2122-Gewebe, reflektierenden Details und unvergleichlicher Vielseitigkeit.\" \/>\n<meta property=\"og:url\" content=\"https:\/\/www.miomiorun.com\/de\/produkt\/traverse-tank-damen\/\" \/>\n<meta property=\"og:site_name\" content=\"MioMioRun\" \/>\n<meta property=\"article:publisher\" content=\"https:\/\/www.facebook.com\/miomiorun\/\" \/>\n<meta property=\"article:modified_time\" content=\"2025-07-24T15:06:03+00:00\" \/>\n<meta property=\"og:image\" content=\"https:\/\/www.miomiorun.com\/app\/uploads\/2025\/02\/la-sportiva-Traverse-tank-W-onyx-Q83919919.webp\" \/>\n\t<meta property=\"og:image:width\" content=\"600\" \/>\n\t<meta property=\"og:image:height\" content=\"600\" \/>\n\t<meta property=\"og:image:type\" content=\"image\/webp\" \/>\n<meta name=\"twitter:card\" content=\"summary_large_image\" \/>\n<meta name=\"twitter:label1\" content=\"Est. reading time\" \/>\n\t<meta name=\"twitter:data1\" content=\"1 minute\" \/>\n<script type=\"application\/ld+json\" class=\"yoast-schema-graph\">{\"@context\":\"https:\/\/schema.org\",\"@graph\":[{\"@type\":\"WebPage\",\"@id\":\"https:\/\/www.miomiorun.com\/de\/produkt\/traverse-tank-damen\/\",\"url\":\"https:\/\/www.miomiorun.com\/de\/produkt\/traverse-tank-damen\/\",\"name\":\"La Sportiva Traverse Tank damen - Tank-Top l\u00e4uft - MioMioRun\",\"isPartOf\":{\"@id\":\"https:\/\/www.miomiorun.com\/de\/#website\"},\"primaryImageOfPage\":{\"@id\":\"https:\/\/www.miomiorun.com\/de\/produkt\/traverse-tank-damen\/#primaryimage\"},\"image\":{\"@id\":\"https:\/\/www.miomiorun.com\/de\/produkt\/traverse-tank-damen\/#primaryimage\"},\"thumbnailUrl\":\"https:\/\/www.miomiorun.com\/app\/uploads\/2025\/02\/la-sportiva-Traverse-tank-W-onyx-Q83919919.webp\",\"datePublished\":\"2025-02-18T09:07:16+00:00\",\"dateModified\":\"2025-07-24T15:06:03+00:00\",\"description\":\"Das Traverse Tank von La Sportiva ist ein leichtes, atmungsaktives Tank-Top mit Polartec\u00ae Delta\u2122-Gewebe, reflektierenden Details und unvergleichlicher Vielseitigkeit.\",\"breadcrumb\":{\"@id\":\"https:\/\/www.miomiorun.com\/de\/produkt\/traverse-tank-damen\/#breadcrumb\"},\"inLanguage\":\"de-DE\",\"potentialAction\":[{\"@type\":\"ReadAction\",\"target\":[\"https:\/\/www.miomiorun.com\/de\/produkt\/traverse-tank-damen\/\"]}]},{\"@type\":\"ImageObject\",\"inLanguage\":\"de-DE\",\"@id\":\"https:\/\/www.miomiorun.com\/de\/produkt\/traverse-tank-damen\/#primaryimage\",\"url\":\"https:\/\/www.miomiorun.com\/app\/uploads\/2025\/02\/la-sportiva-Traverse-tank-W-onyx-Q83919919.webp\",\"contentUrl\":\"https:\/\/www.miomiorun.com\/app\/uploads\/2025\/02\/la-sportiva-Traverse-tank-W-onyx-Q83919919.webp\",\"width\":600,\"height\":600,\"caption\":\"la sportiva Traverse tank W onyx Q83919919\"},{\"@type\":\"BreadcrumbList\",\"@id\":\"https:\/\/www.miomiorun.com\/de\/produkt\/traverse-tank-damen\/#breadcrumb\",\"itemListElement\":[{\"@type\":\"ListItem\",\"position\":1,\"name\":\"Home\",\"item\":\"https:\/\/www.miomiorun.com\/de\/\"},{\"@type\":\"ListItem\",\"position\":2,\"name\":\"Shop\",\"item\":\"https:\/\/www.miomiorun.com\/shop\/\"},{\"@type\":\"ListItem\",\"position\":3,\"name\":\"Traverse Tank damen\"}]},{\"@type\":\"WebSite\",\"@id\":\"https:\/\/www.miomiorun.com\/de\/#website\",\"url\":\"https:\/\/www.miomiorun.com\/de\/\",\"name\":\"MioMioRun\",\"description\":\"100% Lauf- und Trailshop\",\"publisher\":{\"@id\":\"https:\/\/www.miomiorun.com\/de\/#organization\"},\"potentialAction\":[{\"@type\":\"SearchAction\",\"target\":{\"@type\":\"EntryPoint\",\"urlTemplate\":\"https:\/\/www.miomiorun.com\/de\/?s={search_term_string}\"},\"query-input\":{\"@type\":\"PropertyValueSpecification\",\"valueRequired\":true,\"valueName\":\"search_term_string\"}}],\"inLanguage\":\"de-DE\"},{\"@type\":\"Organization\",\"@id\":\"https:\/\/www.miomiorun.com\/de\/#organization\",\"name\":\"MioMio Run\",\"url\":\"https:\/\/www.miomiorun.com\/de\/\",\"logo\":{\"@type\":\"ImageObject\",\"inLanguage\":\"de-DE\",\"@id\":\"https:\/\/www.miomiorun.com\/de\/#\/schema\/logo\/image\/\",\"url\":\"https:\/\/www.miomiorun.com\/app\/uploads\/2019\/12\/logomio.png\",\"contentUrl\":\"https:\/\/www.miomiorun.com\/app\/uploads\/2019\/12\/logomio.png\",\"width\":115,\"height\":82,\"caption\":\"MioMio Run\"},\"image\":{\"@id\":\"https:\/\/www.miomiorun.com\/de\/#\/schema\/logo\/image\/\"},\"sameAs\":[\"https:\/\/www.facebook.com\/miomiorun\/\",\"https:\/\/www.instagram.com\/miomiorun\/\"]}]}<\/script>\n<!-- \/ Yoast SEO plugin. -->","yoast_head_json":{"title":"La Sportiva Traverse Tank damen - Tank-Top l\u00e4uft - MioMioRun","description":"Das Traverse Tank von La Sportiva ist ein leichtes, atmungsaktives Tank-Top mit Polartec\u00ae Delta\u2122-Gewebe, reflektierenden Details und unvergleichlicher Vielseitigkeit.","robots":{"index":"index","follow":"follow","max-snippet":"max-snippet:-1","max-image-preview":"max-image-preview:large","max-video-preview":"max-video-preview:-1"},"canonical":"https:\/\/www.miomiorun.com\/de\/produkt\/traverse-tank-damen\/","og_locale":"de_DE","og_type":"article","og_title":"La Sportiva Traverse Tank damen - Tank-Top l\u00e4uft - MioMioRun","og_description":"Das Traverse Tank von La Sportiva ist ein leichtes, atmungsaktives Tank-Top mit Polartec\u00ae Delta\u2122-Gewebe, reflektierenden Details und unvergleichlicher Vielseitigkeit.","og_url":"https:\/\/www.miomiorun.com\/de\/produkt\/traverse-tank-damen\/","og_site_name":"MioMioRun","article_publisher":"https:\/\/www.facebook.com\/miomiorun\/","article_modified_time":"2025-07-24T15:06:03+00:00","og_image":[{"width":600,"height":600,"url":"https:\/\/www.miomiorun.com\/app\/uploads\/2025\/02\/la-sportiva-Traverse-tank-W-onyx-Q83919919.webp","type":"image\/webp"}],"twitter_card":"summary_large_image","twitter_misc":{"Est. reading time":"1 minute"},"schema":{"@context":"https:\/\/schema.org","@graph":[{"@type":"WebPage","@id":"https:\/\/www.miomiorun.com\/de\/produkt\/traverse-tank-damen\/","url":"https:\/\/www.miomiorun.com\/de\/produkt\/traverse-tank-damen\/","name":"La Sportiva Traverse Tank damen - Tank-Top l\u00e4uft - MioMioRun","isPartOf":{"@id":"https:\/\/www.miomiorun.com\/de\/#website"},"primaryImageOfPage":{"@id":"https:\/\/www.miomiorun.com\/de\/produkt\/traverse-tank-damen\/#primaryimage"},"image":{"@id":"https:\/\/www.miomiorun.com\/de\/produkt\/traverse-tank-damen\/#primaryimage"},"thumbnailUrl":"https:\/\/www.miomiorun.com\/app\/uploads\/2025\/02\/la-sportiva-Traverse-tank-W-onyx-Q83919919.webp","datePublished":"2025-02-18T09:07:16+00:00","dateModified":"2025-07-24T15:06:03+00:00","description":"Das Traverse Tank von La Sportiva ist ein leichtes, atmungsaktives Tank-Top mit Polartec\u00ae Delta\u2122-Gewebe, reflektierenden Details und unvergleichlicher Vielseitigkeit.","breadcrumb":{"@id":"https:\/\/www.miomiorun.com\/de\/produkt\/traverse-tank-damen\/#breadcrumb"},"inLanguage":"de-DE","potentialAction":[{"@type":"ReadAction","target":["https:\/\/www.miomiorun.com\/de\/produkt\/traverse-tank-damen\/"]}]},{"@type":"ImageObject","inLanguage":"de-DE","@id":"https:\/\/www.miomiorun.com\/de\/produkt\/traverse-tank-damen\/#primaryimage","url":"https:\/\/www.miomiorun.com\/app\/uploads\/2025\/02\/la-sportiva-Traverse-tank-W-onyx-Q83919919.webp","contentUrl":"https:\/\/www.miomiorun.com\/app\/uploads\/2025\/02\/la-sportiva-Traverse-tank-W-onyx-Q83919919.webp","width":600,"height":600,"caption":"la sportiva Traverse tank W onyx Q83919919"},{"@type":"BreadcrumbList","@id":"https:\/\/www.miomiorun.com\/de\/produkt\/traverse-tank-damen\/#breadcrumb","itemListElement":[{"@type":"ListItem","position":1,"name":"Home","item":"https:\/\/www.miomiorun.com\/de\/"},{"@type":"ListItem","position":2,"name":"Shop","item":"https:\/\/www.miomiorun.com\/shop\/"},{"@type":"ListItem","position":3,"name":"Traverse Tank damen"}]},{"@type":"WebSite","@id":"https:\/\/www.miomiorun.com\/de\/#website","url":"https:\/\/www.miomiorun.com\/de\/","name":"MioMioRun","description":"100% Lauf- und Trailshop","publisher":{"@id":"https:\/\/www.miomiorun.com\/de\/#organization"},"potentialAction":[{"@type":"SearchAction","target":{"@type":"EntryPoint","urlTemplate":"https:\/\/www.miomiorun.com\/de\/?s={search_term_string}"},"query-input":{"@type":"PropertyValueSpecification","valueRequired":true,"valueName":"search_term_string"}}],"inLanguage":"de-DE"},{"@type":"Organization","@id":"https:\/\/www.miomiorun.com\/de\/#organization","name":"MioMio Run","url":"https:\/\/www.miomiorun.com\/de\/","logo":{"@type":"ImageObject","inLanguage":"de-DE","@id":"https:\/\/www.miomiorun.com\/de\/#\/schema\/logo\/image\/","url":"https:\/\/www.miomiorun.com\/app\/uploads\/2019\/12\/logomio.png","contentUrl":"https:\/\/www.miomiorun.com\/app\/uploads\/2019\/12\/logomio.png","width":115,"height":82,"caption":"MioMio Run"},"image":{"@id":"https:\/\/www.miomiorun.com\/de\/#\/schema\/logo\/image\/"},"sameAs":["https:\/\/www.facebook.com\/miomiorun\/","https:\/\/www.instagram.com\/miomiorun\/"]}]}},"_links":{"self":[{"href":"https:\/\/www.miomiorun.com\/de\/wp-json\/wp\/v2\/product\/256122","targetHints":{"allow":["GET"]}}],"collection":[{"href":"https:\/\/www.miomiorun.com\/de\/wp-json\/wp\/v2\/product"}],"about":[{"href":"https:\/\/www.miomiorun.com\/de\/wp-json\/wp\/v2\/types\/product"}],"wp:featuredmedia":[{"embeddable":true,"href":"https:\/\/www.miomiorun.com\/de\/wp-json\/wp\/v2\/media\/256837"}],"wp:attachment":[{"href":"https:\/\/www.miomiorun.com\/de\/wp-json\/wp\/v2\/media?parent=256122"}],"wp:term":[{"taxonomy":"product_brand","embeddable":true,"href":"https:\/\/www.miomiorun.com\/de\/wp-json\/wp\/v2\/product_brand?post=256122"},{"taxonomy":"product_cat","embeddable":true,"href":"https:\/\/www.miomiorun.com\/de\/wp-json\/wp\/v2\/product_cat?post=256122"},{"taxonomy":"product_tag","embeddable":true,"href":"https:\/\/www.miomiorun.com\/de\/wp-json\/wp\/v2\/product_tag?post=256122"}],"curies":[{"name":"wp","href":"https:\/\/api.w.org\/{rel}","templated":true}]}}