{"id":256098,"date":"2025-02-18T09:57:08","date_gmt":"2025-02-18T08:57:08","guid":{"rendered":"https:\/\/miomiorun.com\/?post_type=product&#038;p=256098"},"modified":"2025-10-29T16:42:53","modified_gmt":"2025-10-29T15:42:53","slug":"across-lite-jkt-damen","status":"publish","type":"product","link":"https:\/\/www.miomiorun.com\/de\/produkt\/across-lite-jkt-damen\/","title":{"rendered":"Across Lite Jkt damen"},"content":{"rendered":"<p>Die wattierte Across Lite Jkt Jacke ist der perfekte Verb\u00fcndete f\u00fcr jede Bergwanderung. Ultraleicht, leicht zu komprimieren und zu verstauen, ist sie der ideale Schutz gegen Morgenbrisen und kalte Gipfelwinde. Diese Jacke wurde f\u00fcr Bergwanderer und hochintensive Aktivit\u00e4ten entwickelt und bietet Ihnen maximalen Komfort, ohne die Bewegungsfreiheit einzuschr\u00e4nken. Ihre warme, thermoregulierende Wattierung sch\u00fctzt Sie vor den k\u00e4ltesten Temperaturen, w\u00e4hrend ihr funktionelles Design Ihnen erlaubt, sich agil zu bewegen. Kompakt, praktisch und langlebig: Die Across Lite Jkt Jacke ist das unverzichtbare Accessoire f\u00fcr alle, die kompromisslos wandern wollen. Lassen Sie sich von der K\u00e4lte nicht aufhalten, machen Sie sich bereit, jedes Abenteuer mit Stil und Komfort zu erleben!<\/p>\n<div class=\"data item title\" aria-expanded=\"true\" data-role=\"title\">\n<h3 id=\"tab-label-techinfo\" class=\"switch-title\">Technische Daten<\/h3>\n<\/div>\n<div class=\"data item content\" aria-hidden=\"false\" data-role=\"content\" aria-labelledby=\"tab-label-techinfo\">\n<div class=\"techinfo-container\">\n<div class=\"techinfo-icons\">\n<div class=\"techinfo-icon\"><a class=\"d-flex flex-column align-items-center text-center\"><img loading=\"lazy\" decoding=\"async\" class=\"lazyloaded\" src=\"https:\/\/www.lasportiva.com\/media\/techinfo_icons\/traspirabilita.png\" alt=\"La Sportiva\" width=\"75\" height=\"75\" data-src=\"https:\/\/www.lasportiva.com\/media\/techinfo_icons\/traspirabilita.png\" \/>Atmungsaktivit\u00e4t<\/a><\/div>\n<div class=\"techinfo-icon\"><a class=\"d-flex flex-column align-items-center text-center\"><img loading=\"lazy\" decoding=\"async\" class=\"lazyloaded\" src=\"https:\/\/www.lasportiva.com\/media\/techinfo_icons\/isolamento.png\" alt=\"La Sportiva\" width=\"75\" height=\"75\" data-src=\"https:\/\/www.lasportiva.com\/media\/techinfo_icons\/isolamento.png\" \/>Isolierung<\/a><\/div>\n<div class=\"techinfo-icon\"><a class=\"d-flex flex-column align-items-center text-center\"><img loading=\"lazy\" decoding=\"async\" class=\"lazyloaded\" src=\"https:\/\/www.lasportiva.com\/media\/techinfo_icons\/L4.png\" alt=\"La Sportiva\" width=\"75\" height=\"75\" data-src=\"https:\/\/www.lasportiva.com\/media\/techinfo_icons\/L4.png\" \/>L4 (Isolierschicht)<\/a><\/div>\n<div class=\"techinfo-icon\"><a class=\"d-flex flex-column align-items-center text-center\"><img loading=\"lazy\" decoding=\"async\" class=\"lazyloaded\" src=\"https:\/\/www.lasportiva.com\/media\/techinfo_icons\/leggerezza.png\" alt=\"La Sportiva\" width=\"75\" height=\"75\" data-src=\"https:\/\/www.lasportiva.com\/media\/techinfo_icons\/leggerezza.png\" \/>Leichtes Gewicht<\/a><\/div>\n<div class=\"techinfo-icon\"><a class=\"d-flex flex-column align-items-center text-center\"><img loading=\"lazy\" decoding=\"async\" class=\"lazyloaded\" src=\"https:\/\/www.lasportiva.com\/media\/techinfo_icons\/slim-fit.png\" alt=\"La Sportiva\" width=\"75\" height=\"75\" data-src=\"https:\/\/www.lasportiva.com\/media\/techinfo_icons\/slim-fit.png\" \/>Schlanke Passform<\/a><\/div>\n<div class=\"techinfo-icon\"><a class=\"d-flex flex-column align-items-center text-center\"><img loading=\"lazy\" decoding=\"async\" class=\"lazyloaded\" src=\"https:\/\/www.lasportiva.com\/media\/techinfo_icons\/v\/a\/vapoventlight_icona_125x75.png\" alt=\"La Sportiva\" width=\"75\" height=\"75\" data-src=\"https:\/\/www.lasportiva.com\/media\/techinfo_icons\/v\/a\/vapoventlight_icona_125x75.png\" \/>VAPOVENT\u2122 LEICHT<\/a><\/div>\n<div class=\"techinfo-icon\"><a class=\"d-flex flex-column align-items-center text-center\"><img loading=\"lazy\" decoding=\"async\" class=\"lazyloaded\" src=\"https:\/\/www.lasportiva.com\/media\/techinfo_icons\/wind-stop.png\" alt=\"La Sportiva\" width=\"75\" height=\"75\" data-src=\"https:\/\/www.lasportiva.com\/media\/techinfo_icons\/wind-stop.png\" \/>Windstopp<\/a><\/div>\n<\/div>\n<\/div>\n<\/div>\n<div><\/div>\n<div><\/div>\n<div><\/div>\n<div><strong>ZUS\u00c4TZLICHE INFORMATIONEN :<\/strong><\/div>\n<div>+ Winddichtes Material kombiniert mit angenehm warmem Mesh f\u00fcr eine leichte, atmungsaktive Isolierung<br \/>\n+ Vapovent Light Technologie f\u00fcr optimale Schwei\u00dfableitung und Atmungsaktivit\u00e4t<br \/>\n+ Innere Kompressionstasche aus Mesh<br \/>\n+ Saumregulierung f\u00fcr eine individuelle Passform<br \/>\n+ 1 Brusttasche und 2 Seitentaschen mit Rei\u00dfverschluss<br \/>\n+ Elastische, ergonomische und sch\u00fctzende Kapuze<\/div>\n","protected":false},"excerpt":{"rendered":"<ul>\n<li>Sehr leichte und komprimierbare Schutzh\u00fclle.<\/li>\n<li>Ideal zum Mitnehmen auf Ihre Bergwanderungen.<\/li>\n<\/ul>\n","protected":false},"featured_media":257864,"template":"","meta":{"_acf_changed":false,"inline_featured_image":false},"product_brand":[],"product_cat":[6400,6401,6404],"product_tag":[6248,6220],"class_list":{"0":"post-256098","1":"product","2":"type-product","3":"status-publish","4":"has-post-thumbnail","6":"product_cat-damen","7":"product_cat-damenbekleidung","8":"product_cat-damenjacken","9":"product_tag-la-sportiva-de","10":"product_tag-la-sportiva-damen-de","11":"pa_attivita-gehen","12":"pa_attivita-outdoor-de","13":"pa_colore-across-lite-jkt-w-onyx-aspen-green-de","14":"pa_colore-across-lite-jkt-w-rosebay-night-sky-de","15":"pa_marca-la-sportiva-de","16":"pa_sesso-damen","17":"pa_size-extra-small-de","18":"pa_size-small-de","19":"pa_size-medium-de","21":"first","22":"instock","23":"sale","24":"taxable","25":"shipping-taxable","26":"purchasable","27":"product-type-variable","28":"wvs-archive-product-wrapper"},"acf":[],"yoast_head":"<!-- This site is optimized with the Yoast SEO plugin v26.8 - https:\/\/yoast.com\/product\/yoast-seo-wordpress\/ -->\n<title>La Sportiva Across Lite Jkt damen - Wanderjacke - MioMioRun<\/title>\n<meta name=\"description\" content=\"Across Lite Jkt ist leicht, komprimierbar und ideal zum Schutz vor K\u00e4lte bei Wanderungen und hochintensiven Aktivit\u00e4ten in den Bergen. Entdecken Sie es unter\" \/>\n<meta name=\"robots\" content=\"index, follow, max-snippet:-1, max-image-preview:large, max-video-preview:-1\" \/>\n<link rel=\"canonical\" href=\"https:\/\/www.miomiorun.com\/de\/produkt\/across-lite-jkt-damen\/\" \/>\n<meta property=\"og:locale\" content=\"de_DE\" \/>\n<meta property=\"og:type\" content=\"article\" \/>\n<meta property=\"og:title\" content=\"La Sportiva Across Lite Jkt damen - Wanderjacke - MioMioRun\" \/>\n<meta property=\"og:description\" content=\"Across Lite Jkt ist leicht, komprimierbar und ideal zum Schutz vor K\u00e4lte bei Wanderungen und hochintensiven Aktivit\u00e4ten in den Bergen. Entdecken Sie es unter\" \/>\n<meta property=\"og:url\" content=\"https:\/\/www.miomiorun.com\/de\/produkt\/across-lite-jkt-damen\/\" \/>\n<meta property=\"og:site_name\" content=\"MioMioRun\" \/>\n<meta property=\"article:publisher\" content=\"https:\/\/www.facebook.com\/miomiorun\/\" \/>\n<meta property=\"article:modified_time\" content=\"2025-10-29T15:42:53+00:00\" \/>\n<meta property=\"og:image\" content=\"https:\/\/www.miomiorun.com\/app\/uploads\/2025\/02\/la-sportiva-Across-lite-jkt-W-onyx-aspen-green-Q74919737.webp\" \/>\n\t<meta property=\"og:image:width\" content=\"600\" \/>\n\t<meta property=\"og:image:height\" content=\"600\" \/>\n\t<meta property=\"og:image:type\" content=\"image\/webp\" \/>\n<meta name=\"twitter:card\" content=\"summary_large_image\" \/>\n<meta name=\"twitter:label1\" content=\"Est. reading time\" \/>\n\t<meta name=\"twitter:data1\" content=\"1 minute\" \/>\n<script type=\"application\/ld+json\" class=\"yoast-schema-graph\">{\"@context\":\"https:\/\/schema.org\",\"@graph\":[{\"@type\":\"WebPage\",\"@id\":\"https:\/\/www.miomiorun.com\/de\/produkt\/across-lite-jkt-damen\/\",\"url\":\"https:\/\/www.miomiorun.com\/de\/produkt\/across-lite-jkt-damen\/\",\"name\":\"La Sportiva Across Lite Jkt damen - Wanderjacke - MioMioRun\",\"isPartOf\":{\"@id\":\"https:\/\/www.miomiorun.com\/de\/#website\"},\"primaryImageOfPage\":{\"@id\":\"https:\/\/www.miomiorun.com\/de\/produkt\/across-lite-jkt-damen\/#primaryimage\"},\"image\":{\"@id\":\"https:\/\/www.miomiorun.com\/de\/produkt\/across-lite-jkt-damen\/#primaryimage\"},\"thumbnailUrl\":\"https:\/\/www.miomiorun.com\/app\/uploads\/2025\/02\/la-sportiva-Across-lite-jkt-W-onyx-aspen-green-Q74919737.webp\",\"datePublished\":\"2025-02-18T08:57:08+00:00\",\"dateModified\":\"2025-10-29T15:42:53+00:00\",\"description\":\"Across Lite Jkt ist leicht, komprimierbar und ideal zum Schutz vor K\u00e4lte bei Wanderungen und hochintensiven Aktivit\u00e4ten in den Bergen. Entdecken Sie es unter\",\"breadcrumb\":{\"@id\":\"https:\/\/www.miomiorun.com\/de\/produkt\/across-lite-jkt-damen\/#breadcrumb\"},\"inLanguage\":\"de-DE\",\"potentialAction\":[{\"@type\":\"ReadAction\",\"target\":[\"https:\/\/www.miomiorun.com\/de\/produkt\/across-lite-jkt-damen\/\"]}]},{\"@type\":\"ImageObject\",\"inLanguage\":\"de-DE\",\"@id\":\"https:\/\/www.miomiorun.com\/de\/produkt\/across-lite-jkt-damen\/#primaryimage\",\"url\":\"https:\/\/www.miomiorun.com\/app\/uploads\/2025\/02\/la-sportiva-Across-lite-jkt-W-onyx-aspen-green-Q74919737.webp\",\"contentUrl\":\"https:\/\/www.miomiorun.com\/app\/uploads\/2025\/02\/la-sportiva-Across-lite-jkt-W-onyx-aspen-green-Q74919737.webp\",\"width\":600,\"height\":600,\"caption\":\"la sportiva Across lite jkt W onyx aspen green Q74919737\"},{\"@type\":\"BreadcrumbList\",\"@id\":\"https:\/\/www.miomiorun.com\/de\/produkt\/across-lite-jkt-damen\/#breadcrumb\",\"itemListElement\":[{\"@type\":\"ListItem\",\"position\":1,\"name\":\"Home\",\"item\":\"https:\/\/www.miomiorun.com\/de\/\"},{\"@type\":\"ListItem\",\"position\":2,\"name\":\"Shop\",\"item\":\"https:\/\/www.miomiorun.com\/shop\/\"},{\"@type\":\"ListItem\",\"position\":3,\"name\":\"Across Lite Jkt damen\"}]},{\"@type\":\"WebSite\",\"@id\":\"https:\/\/www.miomiorun.com\/de\/#website\",\"url\":\"https:\/\/www.miomiorun.com\/de\/\",\"name\":\"MioMioRun\",\"description\":\"100% Lauf- und Trailshop\",\"publisher\":{\"@id\":\"https:\/\/www.miomiorun.com\/de\/#organization\"},\"potentialAction\":[{\"@type\":\"SearchAction\",\"target\":{\"@type\":\"EntryPoint\",\"urlTemplate\":\"https:\/\/www.miomiorun.com\/de\/?s={search_term_string}\"},\"query-input\":{\"@type\":\"PropertyValueSpecification\",\"valueRequired\":true,\"valueName\":\"search_term_string\"}}],\"inLanguage\":\"de-DE\"},{\"@type\":\"Organization\",\"@id\":\"https:\/\/www.miomiorun.com\/de\/#organization\",\"name\":\"MioMio Run\",\"url\":\"https:\/\/www.miomiorun.com\/de\/\",\"logo\":{\"@type\":\"ImageObject\",\"inLanguage\":\"de-DE\",\"@id\":\"https:\/\/www.miomiorun.com\/de\/#\/schema\/logo\/image\/\",\"url\":\"https:\/\/www.miomiorun.com\/app\/uploads\/2019\/12\/logomio.png\",\"contentUrl\":\"https:\/\/www.miomiorun.com\/app\/uploads\/2019\/12\/logomio.png\",\"width\":115,\"height\":82,\"caption\":\"MioMio Run\"},\"image\":{\"@id\":\"https:\/\/www.miomiorun.com\/de\/#\/schema\/logo\/image\/\"},\"sameAs\":[\"https:\/\/www.facebook.com\/miomiorun\/\",\"https:\/\/www.instagram.com\/miomiorun\/\"]}]}<\/script>\n<!-- \/ Yoast SEO plugin. -->","yoast_head_json":{"title":"La Sportiva Across Lite Jkt damen - Wanderjacke - MioMioRun","description":"Across Lite Jkt ist leicht, komprimierbar und ideal zum Schutz vor K\u00e4lte bei Wanderungen und hochintensiven Aktivit\u00e4ten in den Bergen. Entdecken Sie es unter","robots":{"index":"index","follow":"follow","max-snippet":"max-snippet:-1","max-image-preview":"max-image-preview:large","max-video-preview":"max-video-preview:-1"},"canonical":"https:\/\/www.miomiorun.com\/de\/produkt\/across-lite-jkt-damen\/","og_locale":"de_DE","og_type":"article","og_title":"La Sportiva Across Lite Jkt damen - Wanderjacke - MioMioRun","og_description":"Across Lite Jkt ist leicht, komprimierbar und ideal zum Schutz vor K\u00e4lte bei Wanderungen und hochintensiven Aktivit\u00e4ten in den Bergen. Entdecken Sie es unter","og_url":"https:\/\/www.miomiorun.com\/de\/produkt\/across-lite-jkt-damen\/","og_site_name":"MioMioRun","article_publisher":"https:\/\/www.facebook.com\/miomiorun\/","article_modified_time":"2025-10-29T15:42:53+00:00","og_image":[{"width":600,"height":600,"url":"https:\/\/www.miomiorun.com\/app\/uploads\/2025\/02\/la-sportiva-Across-lite-jkt-W-onyx-aspen-green-Q74919737.webp","type":"image\/webp"}],"twitter_card":"summary_large_image","twitter_misc":{"Est. reading time":"1 minute"},"schema":{"@context":"https:\/\/schema.org","@graph":[{"@type":"WebPage","@id":"https:\/\/www.miomiorun.com\/de\/produkt\/across-lite-jkt-damen\/","url":"https:\/\/www.miomiorun.com\/de\/produkt\/across-lite-jkt-damen\/","name":"La Sportiva Across Lite Jkt damen - Wanderjacke - MioMioRun","isPartOf":{"@id":"https:\/\/www.miomiorun.com\/de\/#website"},"primaryImageOfPage":{"@id":"https:\/\/www.miomiorun.com\/de\/produkt\/across-lite-jkt-damen\/#primaryimage"},"image":{"@id":"https:\/\/www.miomiorun.com\/de\/produkt\/across-lite-jkt-damen\/#primaryimage"},"thumbnailUrl":"https:\/\/www.miomiorun.com\/app\/uploads\/2025\/02\/la-sportiva-Across-lite-jkt-W-onyx-aspen-green-Q74919737.webp","datePublished":"2025-02-18T08:57:08+00:00","dateModified":"2025-10-29T15:42:53+00:00","description":"Across Lite Jkt ist leicht, komprimierbar und ideal zum Schutz vor K\u00e4lte bei Wanderungen und hochintensiven Aktivit\u00e4ten in den Bergen. Entdecken Sie es unter","breadcrumb":{"@id":"https:\/\/www.miomiorun.com\/de\/produkt\/across-lite-jkt-damen\/#breadcrumb"},"inLanguage":"de-DE","potentialAction":[{"@type":"ReadAction","target":["https:\/\/www.miomiorun.com\/de\/produkt\/across-lite-jkt-damen\/"]}]},{"@type":"ImageObject","inLanguage":"de-DE","@id":"https:\/\/www.miomiorun.com\/de\/produkt\/across-lite-jkt-damen\/#primaryimage","url":"https:\/\/www.miomiorun.com\/app\/uploads\/2025\/02\/la-sportiva-Across-lite-jkt-W-onyx-aspen-green-Q74919737.webp","contentUrl":"https:\/\/www.miomiorun.com\/app\/uploads\/2025\/02\/la-sportiva-Across-lite-jkt-W-onyx-aspen-green-Q74919737.webp","width":600,"height":600,"caption":"la sportiva Across lite jkt W onyx aspen green Q74919737"},{"@type":"BreadcrumbList","@id":"https:\/\/www.miomiorun.com\/de\/produkt\/across-lite-jkt-damen\/#breadcrumb","itemListElement":[{"@type":"ListItem","position":1,"name":"Home","item":"https:\/\/www.miomiorun.com\/de\/"},{"@type":"ListItem","position":2,"name":"Shop","item":"https:\/\/www.miomiorun.com\/shop\/"},{"@type":"ListItem","position":3,"name":"Across Lite Jkt damen"}]},{"@type":"WebSite","@id":"https:\/\/www.miomiorun.com\/de\/#website","url":"https:\/\/www.miomiorun.com\/de\/","name":"MioMioRun","description":"100% Lauf- und Trailshop","publisher":{"@id":"https:\/\/www.miomiorun.com\/de\/#organization"},"potentialAction":[{"@type":"SearchAction","target":{"@type":"EntryPoint","urlTemplate":"https:\/\/www.miomiorun.com\/de\/?s={search_term_string}"},"query-input":{"@type":"PropertyValueSpecification","valueRequired":true,"valueName":"search_term_string"}}],"inLanguage":"de-DE"},{"@type":"Organization","@id":"https:\/\/www.miomiorun.com\/de\/#organization","name":"MioMio Run","url":"https:\/\/www.miomiorun.com\/de\/","logo":{"@type":"ImageObject","inLanguage":"de-DE","@id":"https:\/\/www.miomiorun.com\/de\/#\/schema\/logo\/image\/","url":"https:\/\/www.miomiorun.com\/app\/uploads\/2019\/12\/logomio.png","contentUrl":"https:\/\/www.miomiorun.com\/app\/uploads\/2019\/12\/logomio.png","width":115,"height":82,"caption":"MioMio Run"},"image":{"@id":"https:\/\/www.miomiorun.com\/de\/#\/schema\/logo\/image\/"},"sameAs":["https:\/\/www.facebook.com\/miomiorun\/","https:\/\/www.instagram.com\/miomiorun\/"]}]}},"_links":{"self":[{"href":"https:\/\/www.miomiorun.com\/de\/wp-json\/wp\/v2\/product\/256098","targetHints":{"allow":["GET"]}}],"collection":[{"href":"https:\/\/www.miomiorun.com\/de\/wp-json\/wp\/v2\/product"}],"about":[{"href":"https:\/\/www.miomiorun.com\/de\/wp-json\/wp\/v2\/types\/product"}],"wp:featuredmedia":[{"embeddable":true,"href":"https:\/\/www.miomiorun.com\/de\/wp-json\/wp\/v2\/media\/257864"}],"wp:attachment":[{"href":"https:\/\/www.miomiorun.com\/de\/wp-json\/wp\/v2\/media?parent=256098"}],"wp:term":[{"taxonomy":"product_brand","embeddable":true,"href":"https:\/\/www.miomiorun.com\/de\/wp-json\/wp\/v2\/product_brand?post=256098"},{"taxonomy":"product_cat","embeddable":true,"href":"https:\/\/www.miomiorun.com\/de\/wp-json\/wp\/v2\/product_cat?post=256098"},{"taxonomy":"product_tag","embeddable":true,"href":"https:\/\/www.miomiorun.com\/de\/wp-json\/wp\/v2\/product_tag?post=256098"}],"curies":[{"name":"wp","href":"https:\/\/api.w.org\/{rel}","templated":true}]}}