{"id":256075,"date":"2025-02-18T09:51:18","date_gmt":"2025-02-18T08:51:18","guid":{"rendered":"https:\/\/miomiorun.com\/?post_type=product&#038;p=256075"},"modified":"2025-03-28T18:17:42","modified_gmt":"2025-03-28T17:17:42","slug":"tracer-t-shirt-damen","status":"publish","type":"product","link":"https:\/\/www.miomiorun.com\/de\/produkt\/tracer-t-shirt-damen\/","title":{"rendered":"Tracer T-shirt damen"},"content":{"rendered":"<p>Kurze L\u00e4ufe und schnelle Trainingseinheiten erfordern Komfort und Funktionalit\u00e4t. Dank der innovativen S-Caf\u00e9-Technologie, die in die Fasern integriert ist, reguliert das<strong> Tracer T-Shirt<\/strong> f\u00fcr Herren auf nat\u00fcrliche Weise Geruch und Schwei\u00df. Das sportliche Design folgt Ihren Bewegungen und wird durch reflektierende Details aufgewertet.<\/p>\n<h3>Technische Informationen:<\/h3>\n<div class=\"data item content\" role=\"tabpanel\" aria-hidden=\"false\" data-role=\"content\" aria-labelledby=\"tab-label-techinfo\">\n<div class=\"techinfo-container\">\n<div class=\"techinfo-icons\">\n<div><img decoding=\"async\" src=\"https:\/\/www.lasportiva.com\/media\/RECYCLEDfabric_Icone_75x75_1.png\" \/><\/div>\n<div>\n<p>La Sportiva stellt seit 1928 am Fu\u00dfe der Dolomiten Produkte f\u00fcr die Berge her: aus diesem Grund ist die Aufmerksamkeit f\u00fcr jedes Detail, das auch f\u00fcr die Umwelt einen Unterschied machen kann, maximal. Mit den Logos <strong>RECYCLED FABRIC &amp; INSULATIONS<\/strong> haben wir umweltfreundliche Produkte gekennzeichnet, die dank der Wahl der Produktions- und Konstruktionsverfahren Materialien verwenden, die aus der Wiederverwendung von Kunststoffen stammen, und so dem Verbraucher einen umweltbewussten und respektvollen Kauf erm\u00f6glichen.<\/p>\n<p><strong>RECYCLED FABRIC<\/strong><br \/>\nPolyesterfasern, die aus recycelten Plastikflaschen und umweltfreundlichen Verfahren hergestellt werden.<br \/>\n&#8211; Kleidungsst\u00fccke aus <strong>RECYCLED FABRIC<\/strong> tragen zur Verringerung der Umweltbelastung bei<br \/>\n&#8211; Alle petrochemischen Stoffe wurden durch recycelte Plastikflaschen ersetzt<br \/>\n&#8211; Der Produktionsprozess von recycelten Fasern reduziert die CO2-Emissionen in die Atmosph\u00e4re um ca. 54% &#8211; Langfristige Haltbarkeit und Qualit\u00e4t garantiert<\/p>\n<\/div>\n<div><\/div>\n<div class=\"techinfo-icon\"><a><img decoding=\"async\" src=\"https:\/\/www.lasportiva.com\/media\/techinfo_icons\/leggerezza.png\" alt=\"La Sportiva\" \/><\/a><\/div>\n<div><strong>Leichtigkeit:<\/strong><br \/>\nProdukte, die das Gewicht auf ein Minimum reduzieren<\/div>\n<div><\/div>\n<div><img loading=\"lazy\" decoding=\"async\" class=\"\" src=\"https:\/\/www.lasportiva.com\/media\/techinfo_icons\/s\/c\/scaf__icona_125x75.png\" alt=\"La Sportiva\" width=\"80\" height=\"48\" \/><\/div>\n<div><\/div>\n<div>Die Technologie <strong>S. Caf\u00e9\u00ae<\/strong> kombiniert in einem industriellen, energiesparenden Niedertemperatur-Hochdruckverfahren recycelten Kaffeesatz auf der Garnoberfl\u00e4che und ver\u00e4ndert so die Eigenschaften des Filaments. Dank dieses Prozesses erreicht der Stoff nachhaltig Eigenschaften wie Geruchskontrolle und schnelle Trocknung.<\/div>\n<div><\/div>\n<\/div>\n<div class=\"techinfo-description\"><b>Material: <\/b>Hauptmaterial: KSM18 100% Recyceltes Polyester<br \/>\n<b>Gewicht: <\/b>108<br \/>\n<b>Passform: <\/b>REGULAR<\/div>\n<div><\/div>\n<\/div>\n<h3>Merkmale:<\/h3>\n<div>+ geruchshemmendes und schnelltrocknendes Material<br \/>\n+ reflektierende Details an den Schultern<br \/>\n+ N\u00e4hte mit Flatlock-Anti-Reibungs-Technologie<\/div>\n<\/div>\n","protected":false},"excerpt":{"rendered":"<p>+ geruchshemmendes und schnell trocknendes Material<br \/>\n+ reflektierende Details an den Schultern<br \/>\n+ N\u00e4hte mit Flatlock-Reibungstechnologie<\/p>\n","protected":false},"featured_media":256818,"template":"","meta":{"_acf_changed":false,"inline_featured_image":false},"product_brand":[],"product_cat":[6401,6489],"product_tag":[6248,6220],"class_list":{"0":"post-256075","1":"product","2":"type-product","3":"status-publish","4":"has-post-thumbnail","6":"product_cat-damenbekleidung","7":"product_cat-dament-shirt-de","8":"product_tag-la-sportiva-de","9":"product_tag-la-sportiva-damen-de","10":"pa_attivita-gehen","11":"pa_attivita-outdoor-de","12":"pa_attivita-trail-de","13":"pa_colore-tracer-t-shirt-w-redwood-rosebay-de","14":"pa_marca-la-sportiva-de","15":"pa_sesso-damen","16":"pa_size-extra-small-de","17":"pa_size-small-de","18":"pa_size-medium-de","20":"first","21":"instock","22":"sale","23":"taxable","24":"shipping-taxable","25":"purchasable","26":"product-type-variable","27":"wvs-archive-product-wrapper"},"acf":[],"yoast_head":"<!-- This site is optimized with the Yoast SEO plugin v26.8 - https:\/\/yoast.com\/product\/yoast-seo-wordpress\/ -->\n<title>La Sportiva Tracer T-shirt damen - Lauf-T-Shirt - MioMioRun<\/title>\n<meta name=\"description\" content=\"Kurze L\u00e4ufe und schnelle Trainingseinheiten erfordern Komfort und Funktionalit\u00e4t. Dank der innovativen S-Caf\u00e9-Technologie m\u00fcssen Sie sich keine Sorgen mehr machen.\" \/>\n<meta name=\"robots\" content=\"index, follow, max-snippet:-1, max-image-preview:large, max-video-preview:-1\" \/>\n<link rel=\"canonical\" href=\"https:\/\/www.miomiorun.com\/de\/produkt\/tracer-t-shirt-damen\/\" \/>\n<meta property=\"og:locale\" content=\"de_DE\" \/>\n<meta property=\"og:type\" content=\"article\" \/>\n<meta property=\"og:title\" content=\"La Sportiva Tracer T-shirt damen - Lauf-T-Shirt - MioMioRun\" \/>\n<meta property=\"og:description\" content=\"Kurze L\u00e4ufe und schnelle Trainingseinheiten erfordern Komfort und Funktionalit\u00e4t. Dank der innovativen S-Caf\u00e9-Technologie m\u00fcssen Sie sich keine Sorgen mehr machen.\" \/>\n<meta property=\"og:url\" content=\"https:\/\/www.miomiorun.com\/de\/produkt\/tracer-t-shirt-damen\/\" \/>\n<meta property=\"og:site_name\" content=\"MioMioRun\" \/>\n<meta property=\"article:publisher\" content=\"https:\/\/www.facebook.com\/miomiorun\/\" \/>\n<meta property=\"article:modified_time\" content=\"2025-03-28T17:17:42+00:00\" \/>\n<meta property=\"og:image\" content=\"https:\/\/www.miomiorun.com\/app\/uploads\/2025\/02\/la-sportiva-Tracer-t-shirt-W-redwood-rosebay-Q53325413.webp\" \/>\n\t<meta property=\"og:image:width\" content=\"600\" \/>\n\t<meta property=\"og:image:height\" content=\"600\" \/>\n\t<meta property=\"og:image:type\" content=\"image\/webp\" \/>\n<meta name=\"twitter:card\" content=\"summary_large_image\" \/>\n<meta name=\"twitter:label1\" content=\"Est. reading time\" \/>\n\t<meta name=\"twitter:data1\" content=\"2 minutes\" \/>\n<script type=\"application\/ld+json\" class=\"yoast-schema-graph\">{\"@context\":\"https:\/\/schema.org\",\"@graph\":[{\"@type\":\"WebPage\",\"@id\":\"https:\/\/www.miomiorun.com\/de\/produkt\/tracer-t-shirt-damen\/\",\"url\":\"https:\/\/www.miomiorun.com\/de\/produkt\/tracer-t-shirt-damen\/\",\"name\":\"La Sportiva Tracer T-shirt damen - Lauf-T-Shirt - MioMioRun\",\"isPartOf\":{\"@id\":\"https:\/\/www.miomiorun.com\/de\/#website\"},\"primaryImageOfPage\":{\"@id\":\"https:\/\/www.miomiorun.com\/de\/produkt\/tracer-t-shirt-damen\/#primaryimage\"},\"image\":{\"@id\":\"https:\/\/www.miomiorun.com\/de\/produkt\/tracer-t-shirt-damen\/#primaryimage\"},\"thumbnailUrl\":\"https:\/\/www.miomiorun.com\/app\/uploads\/2025\/02\/la-sportiva-Tracer-t-shirt-W-redwood-rosebay-Q53325413.webp\",\"datePublished\":\"2025-02-18T08:51:18+00:00\",\"dateModified\":\"2025-03-28T17:17:42+00:00\",\"description\":\"Kurze L\u00e4ufe und schnelle Trainingseinheiten erfordern Komfort und Funktionalit\u00e4t. Dank der innovativen S-Caf\u00e9-Technologie m\u00fcssen Sie sich keine Sorgen mehr machen.\",\"breadcrumb\":{\"@id\":\"https:\/\/www.miomiorun.com\/de\/produkt\/tracer-t-shirt-damen\/#breadcrumb\"},\"inLanguage\":\"de-DE\",\"potentialAction\":[{\"@type\":\"ReadAction\",\"target\":[\"https:\/\/www.miomiorun.com\/de\/produkt\/tracer-t-shirt-damen\/\"]}]},{\"@type\":\"ImageObject\",\"inLanguage\":\"de-DE\",\"@id\":\"https:\/\/www.miomiorun.com\/de\/produkt\/tracer-t-shirt-damen\/#primaryimage\",\"url\":\"https:\/\/www.miomiorun.com\/app\/uploads\/2025\/02\/la-sportiva-Tracer-t-shirt-W-redwood-rosebay-Q53325413.webp\",\"contentUrl\":\"https:\/\/www.miomiorun.com\/app\/uploads\/2025\/02\/la-sportiva-Tracer-t-shirt-W-redwood-rosebay-Q53325413.webp\",\"width\":600,\"height\":600,\"caption\":\"la sportiva Tracer t-shirt W redwood rosebay Q53325413\"},{\"@type\":\"BreadcrumbList\",\"@id\":\"https:\/\/www.miomiorun.com\/de\/produkt\/tracer-t-shirt-damen\/#breadcrumb\",\"itemListElement\":[{\"@type\":\"ListItem\",\"position\":1,\"name\":\"Home\",\"item\":\"https:\/\/www.miomiorun.com\/de\/\"},{\"@type\":\"ListItem\",\"position\":2,\"name\":\"Shop\",\"item\":\"https:\/\/www.miomiorun.com\/shop\/\"},{\"@type\":\"ListItem\",\"position\":3,\"name\":\"Tracer T-shirt damen\"}]},{\"@type\":\"WebSite\",\"@id\":\"https:\/\/www.miomiorun.com\/de\/#website\",\"url\":\"https:\/\/www.miomiorun.com\/de\/\",\"name\":\"MioMioRun\",\"description\":\"100% Lauf- und Trailshop\",\"publisher\":{\"@id\":\"https:\/\/www.miomiorun.com\/de\/#organization\"},\"potentialAction\":[{\"@type\":\"SearchAction\",\"target\":{\"@type\":\"EntryPoint\",\"urlTemplate\":\"https:\/\/www.miomiorun.com\/de\/?s={search_term_string}\"},\"query-input\":{\"@type\":\"PropertyValueSpecification\",\"valueRequired\":true,\"valueName\":\"search_term_string\"}}],\"inLanguage\":\"de-DE\"},{\"@type\":\"Organization\",\"@id\":\"https:\/\/www.miomiorun.com\/de\/#organization\",\"name\":\"MioMio Run\",\"url\":\"https:\/\/www.miomiorun.com\/de\/\",\"logo\":{\"@type\":\"ImageObject\",\"inLanguage\":\"de-DE\",\"@id\":\"https:\/\/www.miomiorun.com\/de\/#\/schema\/logo\/image\/\",\"url\":\"https:\/\/www.miomiorun.com\/app\/uploads\/2019\/12\/logomio.png\",\"contentUrl\":\"https:\/\/www.miomiorun.com\/app\/uploads\/2019\/12\/logomio.png\",\"width\":115,\"height\":82,\"caption\":\"MioMio Run\"},\"image\":{\"@id\":\"https:\/\/www.miomiorun.com\/de\/#\/schema\/logo\/image\/\"},\"sameAs\":[\"https:\/\/www.facebook.com\/miomiorun\/\",\"https:\/\/www.instagram.com\/miomiorun\/\"]}]}<\/script>\n<!-- \/ Yoast SEO plugin. -->","yoast_head_json":{"title":"La Sportiva Tracer T-shirt damen - Lauf-T-Shirt - MioMioRun","description":"Kurze L\u00e4ufe und schnelle Trainingseinheiten erfordern Komfort und Funktionalit\u00e4t. Dank der innovativen S-Caf\u00e9-Technologie m\u00fcssen Sie sich keine Sorgen mehr machen.","robots":{"index":"index","follow":"follow","max-snippet":"max-snippet:-1","max-image-preview":"max-image-preview:large","max-video-preview":"max-video-preview:-1"},"canonical":"https:\/\/www.miomiorun.com\/de\/produkt\/tracer-t-shirt-damen\/","og_locale":"de_DE","og_type":"article","og_title":"La Sportiva Tracer T-shirt damen - Lauf-T-Shirt - MioMioRun","og_description":"Kurze L\u00e4ufe und schnelle Trainingseinheiten erfordern Komfort und Funktionalit\u00e4t. Dank der innovativen S-Caf\u00e9-Technologie m\u00fcssen Sie sich keine Sorgen mehr machen.","og_url":"https:\/\/www.miomiorun.com\/de\/produkt\/tracer-t-shirt-damen\/","og_site_name":"MioMioRun","article_publisher":"https:\/\/www.facebook.com\/miomiorun\/","article_modified_time":"2025-03-28T17:17:42+00:00","og_image":[{"width":600,"height":600,"url":"https:\/\/www.miomiorun.com\/app\/uploads\/2025\/02\/la-sportiva-Tracer-t-shirt-W-redwood-rosebay-Q53325413.webp","type":"image\/webp"}],"twitter_card":"summary_large_image","twitter_misc":{"Est. reading time":"2 minutes"},"schema":{"@context":"https:\/\/schema.org","@graph":[{"@type":"WebPage","@id":"https:\/\/www.miomiorun.com\/de\/produkt\/tracer-t-shirt-damen\/","url":"https:\/\/www.miomiorun.com\/de\/produkt\/tracer-t-shirt-damen\/","name":"La Sportiva Tracer T-shirt damen - Lauf-T-Shirt - MioMioRun","isPartOf":{"@id":"https:\/\/www.miomiorun.com\/de\/#website"},"primaryImageOfPage":{"@id":"https:\/\/www.miomiorun.com\/de\/produkt\/tracer-t-shirt-damen\/#primaryimage"},"image":{"@id":"https:\/\/www.miomiorun.com\/de\/produkt\/tracer-t-shirt-damen\/#primaryimage"},"thumbnailUrl":"https:\/\/www.miomiorun.com\/app\/uploads\/2025\/02\/la-sportiva-Tracer-t-shirt-W-redwood-rosebay-Q53325413.webp","datePublished":"2025-02-18T08:51:18+00:00","dateModified":"2025-03-28T17:17:42+00:00","description":"Kurze L\u00e4ufe und schnelle Trainingseinheiten erfordern Komfort und Funktionalit\u00e4t. Dank der innovativen S-Caf\u00e9-Technologie m\u00fcssen Sie sich keine Sorgen mehr machen.","breadcrumb":{"@id":"https:\/\/www.miomiorun.com\/de\/produkt\/tracer-t-shirt-damen\/#breadcrumb"},"inLanguage":"de-DE","potentialAction":[{"@type":"ReadAction","target":["https:\/\/www.miomiorun.com\/de\/produkt\/tracer-t-shirt-damen\/"]}]},{"@type":"ImageObject","inLanguage":"de-DE","@id":"https:\/\/www.miomiorun.com\/de\/produkt\/tracer-t-shirt-damen\/#primaryimage","url":"https:\/\/www.miomiorun.com\/app\/uploads\/2025\/02\/la-sportiva-Tracer-t-shirt-W-redwood-rosebay-Q53325413.webp","contentUrl":"https:\/\/www.miomiorun.com\/app\/uploads\/2025\/02\/la-sportiva-Tracer-t-shirt-W-redwood-rosebay-Q53325413.webp","width":600,"height":600,"caption":"la sportiva Tracer t-shirt W redwood rosebay Q53325413"},{"@type":"BreadcrumbList","@id":"https:\/\/www.miomiorun.com\/de\/produkt\/tracer-t-shirt-damen\/#breadcrumb","itemListElement":[{"@type":"ListItem","position":1,"name":"Home","item":"https:\/\/www.miomiorun.com\/de\/"},{"@type":"ListItem","position":2,"name":"Shop","item":"https:\/\/www.miomiorun.com\/shop\/"},{"@type":"ListItem","position":3,"name":"Tracer T-shirt damen"}]},{"@type":"WebSite","@id":"https:\/\/www.miomiorun.com\/de\/#website","url":"https:\/\/www.miomiorun.com\/de\/","name":"MioMioRun","description":"100% Lauf- und Trailshop","publisher":{"@id":"https:\/\/www.miomiorun.com\/de\/#organization"},"potentialAction":[{"@type":"SearchAction","target":{"@type":"EntryPoint","urlTemplate":"https:\/\/www.miomiorun.com\/de\/?s={search_term_string}"},"query-input":{"@type":"PropertyValueSpecification","valueRequired":true,"valueName":"search_term_string"}}],"inLanguage":"de-DE"},{"@type":"Organization","@id":"https:\/\/www.miomiorun.com\/de\/#organization","name":"MioMio Run","url":"https:\/\/www.miomiorun.com\/de\/","logo":{"@type":"ImageObject","inLanguage":"de-DE","@id":"https:\/\/www.miomiorun.com\/de\/#\/schema\/logo\/image\/","url":"https:\/\/www.miomiorun.com\/app\/uploads\/2019\/12\/logomio.png","contentUrl":"https:\/\/www.miomiorun.com\/app\/uploads\/2019\/12\/logomio.png","width":115,"height":82,"caption":"MioMio Run"},"image":{"@id":"https:\/\/www.miomiorun.com\/de\/#\/schema\/logo\/image\/"},"sameAs":["https:\/\/www.facebook.com\/miomiorun\/","https:\/\/www.instagram.com\/miomiorun\/"]}]}},"_links":{"self":[{"href":"https:\/\/www.miomiorun.com\/de\/wp-json\/wp\/v2\/product\/256075","targetHints":{"allow":["GET"]}}],"collection":[{"href":"https:\/\/www.miomiorun.com\/de\/wp-json\/wp\/v2\/product"}],"about":[{"href":"https:\/\/www.miomiorun.com\/de\/wp-json\/wp\/v2\/types\/product"}],"wp:featuredmedia":[{"embeddable":true,"href":"https:\/\/www.miomiorun.com\/de\/wp-json\/wp\/v2\/media\/256818"}],"wp:attachment":[{"href":"https:\/\/www.miomiorun.com\/de\/wp-json\/wp\/v2\/media?parent=256075"}],"wp:term":[{"taxonomy":"product_brand","embeddable":true,"href":"https:\/\/www.miomiorun.com\/de\/wp-json\/wp\/v2\/product_brand?post=256075"},{"taxonomy":"product_cat","embeddable":true,"href":"https:\/\/www.miomiorun.com\/de\/wp-json\/wp\/v2\/product_cat?post=256075"},{"taxonomy":"product_tag","embeddable":true,"href":"https:\/\/www.miomiorun.com\/de\/wp-json\/wp\/v2\/product_tag?post=256075"}],"curies":[{"name":"wp","href":"https:\/\/api.w.org\/{rel}","templated":true}]}}