{"id":254648,"date":"2025-02-13T12:23:54","date_gmt":"2025-02-13T11:23:54","guid":{"rendered":"https:\/\/miomiorun.com\/?post_type=product&#038;p=254648"},"modified":"2026-03-15T08:43:29","modified_gmt":"2026-03-15T07:43:29","slug":"timp-5-boa-herren","status":"publish","type":"product","link":"https:\/\/www.miomiorun.com\/de\/produkt\/timp-5-boa-herren\/","title":{"rendered":"Timp 5 BOA herren"},"content":{"rendered":"<div class=\"vc-row container\"><div class=\"vc-column\"><div class=\"vc-column-text\"><\/p>\n<p><strong>Technische Daten<\/strong><\/p>\n<p>Kategorie: hohe D\u00e4mpfung<br \/>\nStapelh\u00f6he: 29 mm<br \/>\nVersatz: 0 mm<br \/>\nGewicht: 286 g<br \/>\nIdeal f\u00fcr : Trailrunner und Wanderer oder Bergl\u00e4ufer, die ein leichtes, gut ged\u00e4mpftes und sch\u00fctzendes Modell suchen, das sich an jedes Gel\u00e4nde anpassen kann.<br \/>\nGewicht des Athleten: 60-90 kg<br \/>\nLauftempo: mittelschnell (4.30-6.00 min\/km)<br \/>\n<a href=\"https:\/\/miomiorun.com\/de\/leitfaden-fuer-technische-spezifikationen\/\">Spezifikationen<\/a><\/p>\n<p><\/div><\/div><div class=\"vc-column\"><div class=\"vc-column-text\">Der Timp 5 BOA ist der perfekte Schuh f\u00fcr Trailrunning und Wanderungen, der jedes Terrain mit \u00fcberragender Leistung meistert. Das neue BOA\u00ae Fit System erm\u00f6glicht eine pr\u00e4zise, mikroverstellbare Passform und bietet dank der BOA\u00ae PerformFit\u2122 Wrap Technologie eine individuelle und sichere Passform in jeder Phase des Laufs. Die Zwischensohle besteht aus der aktualisierten Altra EGO\u2122 MAX-Mischung, die eine weiche und reaktionsfreudige D\u00e4mpfung f\u00fcr ein weiches und komfortables Laufgef\u00fchl bietet. Die neue Vibram\u00ae Megagrip-Au\u00dfensohle bietet unvergleichlichen Grip auf trockenen und nassen Oberfl\u00e4chen, um alle Arten von Terrain mit Vertrauen zu bew\u00e4ltigen.<\/p>\n<p>Mit einem Fersen-Zehen-Abstand von 0 mm f\u00f6rdert der Timp 5 eine nat\u00fcrliche K\u00f6rperhaltung, w\u00e4hrend die breite Zehenbox freie und komfortable Bewegung erm\u00f6glicht. Das schnell trocknende Mesh-Obermaterial bietet Atmungsaktivit\u00e4t und h\u00e4lt die F\u00fc\u00dfe k\u00fchl und trocken. Mit einer hohen Einlegesohle (29mm\/29mm), bietet dieser Schuh erh\u00f6hte D\u00e4mpfung und Unterst\u00fctzung, w\u00e4hrend das FootShape Design optimalen Mittelfu\u00dfkomfort gew\u00e4hrleistet.<\/p>\n<p>Der leichte und leistungsstarke Timp 5 BOA wiegt nur 286 g und ist perfekt f\u00fcr alle, die einen neutral st\u00fctzenden Trail-Schuh suchen, der bei jedem Lauf und jedem Abenteuer Komfort, Stabilit\u00e4t und einwandfreien Halt bietet. \u00dcber Felsen zu springen, endlos zu laufen und sich jeder Herausforderung zu stellen, war noch nie so einfach.<\/div><\/div><\/div>\n","protected":false},"excerpt":{"rendered":"<ul>\n<li>Ideale Schuhe f\u00fcr Trailrunning<\/li>\n<li>Hohe D\u00e4mpfung<\/li>\n<li>Drop Zero f\u00fcr eine noch nat\u00fcrlichere Bewegung<\/li>\n<\/ul>\n","protected":false},"featured_media":255115,"template":"","meta":{"_acf_changed":false,"inline_featured_image":false},"product_brand":[],"product_cat":[6507,6504],"product_tag":[13805,17997],"class_list":{"0":"post-254648","1":"product","2":"type-product","3":"status-publish","4":"has-post-thumbnail","6":"product_cat-herren-schuhe-de","7":"product_cat-trail","8":"product_tag-altra-de","9":"product_tag-altra-herren-de","10":"pa_attivita-outdoor-de","11":"pa_attivita-trail-de","12":"pa_colore-timp-5-boa-white-coral-de","13":"pa_marca-altra-de","14":"pa_sesso-herren","15":"pa_size-42-5-de","16":"pa_size-44-5-de","18":"first","19":"instock","20":"sale","21":"taxable","22":"shipping-taxable","23":"purchasable","24":"product-type-variable","25":"wvs-archive-product-wrapper"},"acf":[],"yoast_head":"<!-- This site is optimized with the Yoast SEO plugin v26.8 - https:\/\/yoast.com\/product\/yoast-seo-wordpress\/ -->\n<title>Altra Timp 5 BOA herren - Trail-Schuhe- MioMioRun.com<\/title>\n<meta name=\"description\" content=\"Der Timp 5 BOA bietet eine mikroverstellbare Passform mit dem neuen BOA\u00ae System, Altra EGO\u2122 MAX D\u00e4mpfung, Vibram\u00ae Megagrip Sohle f\u00fcr hervorragenden Grip\" \/>\n<meta name=\"robots\" content=\"index, follow, max-snippet:-1, max-image-preview:large, max-video-preview:-1\" \/>\n<link rel=\"canonical\" href=\"https:\/\/www.miomiorun.com\/de\/produkt\/timp-5-boa-herren\/\" \/>\n<meta property=\"og:locale\" content=\"de_DE\" \/>\n<meta property=\"og:type\" content=\"article\" \/>\n<meta property=\"og:title\" content=\"Altra Timp 5 BOA herren - Trail-Schuhe- MioMioRun.com\" \/>\n<meta property=\"og:description\" content=\"Der Timp 5 BOA bietet eine mikroverstellbare Passform mit dem neuen BOA\u00ae System, Altra EGO\u2122 MAX D\u00e4mpfung, Vibram\u00ae Megagrip Sohle f\u00fcr hervorragenden Grip\" \/>\n<meta property=\"og:url\" content=\"https:\/\/www.miomiorun.com\/de\/produkt\/timp-5-boa-herren\/\" \/>\n<meta property=\"og:site_name\" content=\"MioMioRun\" \/>\n<meta property=\"article:publisher\" content=\"https:\/\/www.facebook.com\/miomiorun\/\" \/>\n<meta property=\"article:modified_time\" content=\"2026-03-15T07:43:29+00:00\" \/>\n<meta property=\"og:image\" content=\"https:\/\/www.miomiorun.com\/app\/uploads\/2025\/02\/altra-Timp-5-boa-white-coral-AL0A85Q91611.webp\" \/>\n\t<meta property=\"og:image:width\" content=\"600\" \/>\n\t<meta property=\"og:image:height\" content=\"600\" \/>\n\t<meta property=\"og:image:type\" content=\"image\/webp\" \/>\n<meta name=\"twitter:card\" content=\"summary_large_image\" \/>\n<meta name=\"twitter:label1\" content=\"Est. reading time\" \/>\n\t<meta name=\"twitter:data1\" content=\"2 minutes\" \/>\n<script type=\"application\/ld+json\" class=\"yoast-schema-graph\">{\"@context\":\"https:\/\/schema.org\",\"@graph\":[{\"@type\":\"WebPage\",\"@id\":\"https:\/\/www.miomiorun.com\/de\/produkt\/timp-5-boa-herren\/\",\"url\":\"https:\/\/www.miomiorun.com\/de\/produkt\/timp-5-boa-herren\/\",\"name\":\"Altra Timp 5 BOA herren - Trail-Schuhe- MioMioRun.com\",\"isPartOf\":{\"@id\":\"https:\/\/www.miomiorun.com\/de\/#website\"},\"primaryImageOfPage\":{\"@id\":\"https:\/\/www.miomiorun.com\/de\/produkt\/timp-5-boa-herren\/#primaryimage\"},\"image\":{\"@id\":\"https:\/\/www.miomiorun.com\/de\/produkt\/timp-5-boa-herren\/#primaryimage\"},\"thumbnailUrl\":\"https:\/\/www.miomiorun.com\/app\/uploads\/2025\/02\/altra-Timp-5-boa-white-coral-AL0A85Q91611.webp\",\"datePublished\":\"2025-02-13T11:23:54+00:00\",\"dateModified\":\"2026-03-15T07:43:29+00:00\",\"description\":\"Der Timp 5 BOA bietet eine mikroverstellbare Passform mit dem neuen BOA\u00ae System, Altra EGO\u2122 MAX D\u00e4mpfung, Vibram\u00ae Megagrip Sohle f\u00fcr hervorragenden Grip\",\"breadcrumb\":{\"@id\":\"https:\/\/www.miomiorun.com\/de\/produkt\/timp-5-boa-herren\/#breadcrumb\"},\"inLanguage\":\"de-DE\",\"potentialAction\":[{\"@type\":\"ReadAction\",\"target\":[\"https:\/\/www.miomiorun.com\/de\/produkt\/timp-5-boa-herren\/\"]}]},{\"@type\":\"ImageObject\",\"inLanguage\":\"de-DE\",\"@id\":\"https:\/\/www.miomiorun.com\/de\/produkt\/timp-5-boa-herren\/#primaryimage\",\"url\":\"https:\/\/www.miomiorun.com\/app\/uploads\/2025\/02\/altra-Timp-5-boa-white-coral-AL0A85Q91611.webp\",\"contentUrl\":\"https:\/\/www.miomiorun.com\/app\/uploads\/2025\/02\/altra-Timp-5-boa-white-coral-AL0A85Q91611.webp\",\"width\":600,\"height\":600,\"caption\":\"altra Timp 5 boa white coral AL0A85Q91611\"},{\"@type\":\"BreadcrumbList\",\"@id\":\"https:\/\/www.miomiorun.com\/de\/produkt\/timp-5-boa-herren\/#breadcrumb\",\"itemListElement\":[{\"@type\":\"ListItem\",\"position\":1,\"name\":\"Home\",\"item\":\"https:\/\/www.miomiorun.com\/de\/\"},{\"@type\":\"ListItem\",\"position\":2,\"name\":\"Shop\",\"item\":\"https:\/\/www.miomiorun.com\/shop\/\"},{\"@type\":\"ListItem\",\"position\":3,\"name\":\"Timp 5 BOA herren\"}]},{\"@type\":\"WebSite\",\"@id\":\"https:\/\/www.miomiorun.com\/de\/#website\",\"url\":\"https:\/\/www.miomiorun.com\/de\/\",\"name\":\"MioMioRun\",\"description\":\"100% Lauf- und Trailshop\",\"publisher\":{\"@id\":\"https:\/\/www.miomiorun.com\/de\/#organization\"},\"potentialAction\":[{\"@type\":\"SearchAction\",\"target\":{\"@type\":\"EntryPoint\",\"urlTemplate\":\"https:\/\/www.miomiorun.com\/de\/?s={search_term_string}\"},\"query-input\":{\"@type\":\"PropertyValueSpecification\",\"valueRequired\":true,\"valueName\":\"search_term_string\"}}],\"inLanguage\":\"de-DE\"},{\"@type\":\"Organization\",\"@id\":\"https:\/\/www.miomiorun.com\/de\/#organization\",\"name\":\"MioMio Run\",\"url\":\"https:\/\/www.miomiorun.com\/de\/\",\"logo\":{\"@type\":\"ImageObject\",\"inLanguage\":\"de-DE\",\"@id\":\"https:\/\/www.miomiorun.com\/de\/#\/schema\/logo\/image\/\",\"url\":\"https:\/\/www.miomiorun.com\/app\/uploads\/2019\/12\/logomio.png\",\"contentUrl\":\"https:\/\/www.miomiorun.com\/app\/uploads\/2019\/12\/logomio.png\",\"width\":115,\"height\":82,\"caption\":\"MioMio Run\"},\"image\":{\"@id\":\"https:\/\/www.miomiorun.com\/de\/#\/schema\/logo\/image\/\"},\"sameAs\":[\"https:\/\/www.facebook.com\/miomiorun\/\",\"https:\/\/www.instagram.com\/miomiorun\/\"]}]}<\/script>\n<!-- \/ Yoast SEO plugin. -->","yoast_head_json":{"title":"Altra Timp 5 BOA herren - Trail-Schuhe- MioMioRun.com","description":"Der Timp 5 BOA bietet eine mikroverstellbare Passform mit dem neuen BOA\u00ae System, Altra EGO\u2122 MAX D\u00e4mpfung, Vibram\u00ae Megagrip Sohle f\u00fcr hervorragenden Grip","robots":{"index":"index","follow":"follow","max-snippet":"max-snippet:-1","max-image-preview":"max-image-preview:large","max-video-preview":"max-video-preview:-1"},"canonical":"https:\/\/www.miomiorun.com\/de\/produkt\/timp-5-boa-herren\/","og_locale":"de_DE","og_type":"article","og_title":"Altra Timp 5 BOA herren - Trail-Schuhe- MioMioRun.com","og_description":"Der Timp 5 BOA bietet eine mikroverstellbare Passform mit dem neuen BOA\u00ae System, Altra EGO\u2122 MAX D\u00e4mpfung, Vibram\u00ae Megagrip Sohle f\u00fcr hervorragenden Grip","og_url":"https:\/\/www.miomiorun.com\/de\/produkt\/timp-5-boa-herren\/","og_site_name":"MioMioRun","article_publisher":"https:\/\/www.facebook.com\/miomiorun\/","article_modified_time":"2026-03-15T07:43:29+00:00","og_image":[{"width":600,"height":600,"url":"https:\/\/www.miomiorun.com\/app\/uploads\/2025\/02\/altra-Timp-5-boa-white-coral-AL0A85Q91611.webp","type":"image\/webp"}],"twitter_card":"summary_large_image","twitter_misc":{"Est. reading time":"2 minutes"},"schema":{"@context":"https:\/\/schema.org","@graph":[{"@type":"WebPage","@id":"https:\/\/www.miomiorun.com\/de\/produkt\/timp-5-boa-herren\/","url":"https:\/\/www.miomiorun.com\/de\/produkt\/timp-5-boa-herren\/","name":"Altra Timp 5 BOA herren - Trail-Schuhe- MioMioRun.com","isPartOf":{"@id":"https:\/\/www.miomiorun.com\/de\/#website"},"primaryImageOfPage":{"@id":"https:\/\/www.miomiorun.com\/de\/produkt\/timp-5-boa-herren\/#primaryimage"},"image":{"@id":"https:\/\/www.miomiorun.com\/de\/produkt\/timp-5-boa-herren\/#primaryimage"},"thumbnailUrl":"https:\/\/www.miomiorun.com\/app\/uploads\/2025\/02\/altra-Timp-5-boa-white-coral-AL0A85Q91611.webp","datePublished":"2025-02-13T11:23:54+00:00","dateModified":"2026-03-15T07:43:29+00:00","description":"Der Timp 5 BOA bietet eine mikroverstellbare Passform mit dem neuen BOA\u00ae System, Altra EGO\u2122 MAX D\u00e4mpfung, Vibram\u00ae Megagrip Sohle f\u00fcr hervorragenden Grip","breadcrumb":{"@id":"https:\/\/www.miomiorun.com\/de\/produkt\/timp-5-boa-herren\/#breadcrumb"},"inLanguage":"de-DE","potentialAction":[{"@type":"ReadAction","target":["https:\/\/www.miomiorun.com\/de\/produkt\/timp-5-boa-herren\/"]}]},{"@type":"ImageObject","inLanguage":"de-DE","@id":"https:\/\/www.miomiorun.com\/de\/produkt\/timp-5-boa-herren\/#primaryimage","url":"https:\/\/www.miomiorun.com\/app\/uploads\/2025\/02\/altra-Timp-5-boa-white-coral-AL0A85Q91611.webp","contentUrl":"https:\/\/www.miomiorun.com\/app\/uploads\/2025\/02\/altra-Timp-5-boa-white-coral-AL0A85Q91611.webp","width":600,"height":600,"caption":"altra Timp 5 boa white coral AL0A85Q91611"},{"@type":"BreadcrumbList","@id":"https:\/\/www.miomiorun.com\/de\/produkt\/timp-5-boa-herren\/#breadcrumb","itemListElement":[{"@type":"ListItem","position":1,"name":"Home","item":"https:\/\/www.miomiorun.com\/de\/"},{"@type":"ListItem","position":2,"name":"Shop","item":"https:\/\/www.miomiorun.com\/shop\/"},{"@type":"ListItem","position":3,"name":"Timp 5 BOA herren"}]},{"@type":"WebSite","@id":"https:\/\/www.miomiorun.com\/de\/#website","url":"https:\/\/www.miomiorun.com\/de\/","name":"MioMioRun","description":"100% Lauf- und Trailshop","publisher":{"@id":"https:\/\/www.miomiorun.com\/de\/#organization"},"potentialAction":[{"@type":"SearchAction","target":{"@type":"EntryPoint","urlTemplate":"https:\/\/www.miomiorun.com\/de\/?s={search_term_string}"},"query-input":{"@type":"PropertyValueSpecification","valueRequired":true,"valueName":"search_term_string"}}],"inLanguage":"de-DE"},{"@type":"Organization","@id":"https:\/\/www.miomiorun.com\/de\/#organization","name":"MioMio Run","url":"https:\/\/www.miomiorun.com\/de\/","logo":{"@type":"ImageObject","inLanguage":"de-DE","@id":"https:\/\/www.miomiorun.com\/de\/#\/schema\/logo\/image\/","url":"https:\/\/www.miomiorun.com\/app\/uploads\/2019\/12\/logomio.png","contentUrl":"https:\/\/www.miomiorun.com\/app\/uploads\/2019\/12\/logomio.png","width":115,"height":82,"caption":"MioMio Run"},"image":{"@id":"https:\/\/www.miomiorun.com\/de\/#\/schema\/logo\/image\/"},"sameAs":["https:\/\/www.facebook.com\/miomiorun\/","https:\/\/www.instagram.com\/miomiorun\/"]}]}},"_links":{"self":[{"href":"https:\/\/www.miomiorun.com\/de\/wp-json\/wp\/v2\/product\/254648","targetHints":{"allow":["GET"]}}],"collection":[{"href":"https:\/\/www.miomiorun.com\/de\/wp-json\/wp\/v2\/product"}],"about":[{"href":"https:\/\/www.miomiorun.com\/de\/wp-json\/wp\/v2\/types\/product"}],"wp:featuredmedia":[{"embeddable":true,"href":"https:\/\/www.miomiorun.com\/de\/wp-json\/wp\/v2\/media\/255115"}],"wp:attachment":[{"href":"https:\/\/www.miomiorun.com\/de\/wp-json\/wp\/v2\/media?parent=254648"}],"wp:term":[{"taxonomy":"product_brand","embeddable":true,"href":"https:\/\/www.miomiorun.com\/de\/wp-json\/wp\/v2\/product_brand?post=254648"},{"taxonomy":"product_cat","embeddable":true,"href":"https:\/\/www.miomiorun.com\/de\/wp-json\/wp\/v2\/product_cat?post=254648"},{"taxonomy":"product_tag","embeddable":true,"href":"https:\/\/www.miomiorun.com\/de\/wp-json\/wp\/v2\/product_tag?post=254648"}],"curies":[{"name":"wp","href":"https:\/\/api.w.org\/{rel}","templated":true}]}}