{"id":254469,"date":"2025-02-13T11:55:15","date_gmt":"2025-02-13T10:55:15","guid":{"rendered":"https:\/\/miomiorun.com\/?post_type=product&#038;p=254469"},"modified":"2025-12-01T16:43:19","modified_gmt":"2025-12-01T15:43:19","slug":"torin-8-herren","status":"publish","type":"product","link":"https:\/\/www.miomiorun.com\/de\/produkt\/torin-8-herren\/","title":{"rendered":"Torin 8 herren"},"content":{"rendered":"<div class=\"vc-row container\"><div class=\"vc-column\"><div class=\"vc-column-text\"><\/p>\n<p><strong>Technische Daten<\/strong><\/p>\n<p>Kategorie: hohe D\u00e4mpfung<br \/>\nStapelh\u00f6he: 30 mm<br \/>\nVersatz: 0 mm<br \/>\nGewicht: 287 g<br \/>\nIdeal f\u00fcr : Gel\u00e4ndel\u00e4ufer, die ein gut ged\u00e4mpftes Modell suchen, das f\u00fcr lange und mittlere Strecken geeignet ist.<br \/>\nGewicht des Athleten: 50-70 kg<br \/>\nLauftempo: mittel (5.00 min\/km)<br \/>\n<a href=\"https:\/\/miomiorun.com\/de\/leitfaden-fuer-technische-spezifikationen\/\">Technische Daten<\/a><\/p>\n<p><\/div><\/div><div class=\"vc-column\"><div class=\"vc-column-text\"><\/p>\n<div class=\"page-title-wrapper\"><\/div>\n<div class=\"content\">\n<div class=\"techspec-bars col-12 col-md-6 text-center\">\n<div id=\"cushion-info\" class=\"tech-cushion mb-4\">\n<div class=\"tech-info\">\n<div class=\"tech-indicator\">\n<p>Der Torin 8 von Altra ist der Inbegriff von Komfort und Bewegungsfreiheit. Mit seinem breiten Zehenraum, dem Zero-Drop-Design und der fu\u00dfumschlie\u00dfenden Weichheit wurde dieser Schuh entwickelt, um ein leichtes, flexibles und vor allem komfortables Lauferlebnis zu bieten. Das atmungsaktive Mesh-Obermaterial sorgt in Kombination mit dem konturierten Fersenkragen f\u00fcr einen Einstieg, der ein sofortiges Gef\u00fchl von Komfort vermittelt, w\u00e4hrend die Altra EGO\u2122 MAX Schaumstoff-Zwischensohle eine leichte und dennoch reaktionsfreudige D\u00e4mpfung bietet, die jeden Schritt mit ein wenig mehr Sprungkraft und \u00fcberlegener Haltbarkeit unterst\u00fctzt.<\/p>\n<p>Das FootShape\u2122 Design erlaubt den Zehen, sich frei zu entfalten und sorgt f\u00fcr eine nat\u00fcrliche Bewegung mit einem stabilen und sicheren Stand. Die mit der FootPod\u2122-Technologie ausgestattete Laufsohle passt sich perfekt an die Bewegungen des K\u00f6rpers an und f\u00f6rdert einen Lauf, der die Flexibilit\u00e4t des Fu\u00dfes respektiert. Au\u00dferdem wurde das Modell von der American Podiatric Medical Association (APMA) zur F\u00f6rderung der Fu\u00dfgesundheit zugelassen.<\/p>\n<p>Mit seiner Stapelh\u00f6he von 30 mm und seiner neutralen Konstruktion ist der Torin 8 ideal f\u00fcr t\u00e4gliche L\u00e4ufe und lange Stra\u00dfenwanderungen und bietet die perfekte Kombination aus Luxus, Leistung und Komfort. Was k\u00f6nnte besser sein? Ein nat\u00fcrlicher Schritt, eine laufleistungsfreundliche D\u00e4mpfung und das Qualit\u00e4tssiegel, das nur Altra bieten kann.<\/p>\n<p>&nbsp;<\/p>\n<\/div>\n<\/div>\n<\/div>\n<\/div>\n<\/div>\n<p><\/div><\/div><\/div>\n","protected":false},"excerpt":{"rendered":"<ul>\n<li>\u00a0Obermaterial aus Mesh<\/li>\n<li>Geformter Fersenkragen f\u00fcr einen komfortablen Schritt<\/li>\n<li>Aktualisierte weiche und leichte Schaumstoff-Zwischensohle<\/li>\n<\/ul>\n","protected":false},"featured_media":427213,"template":"","meta":{"_acf_changed":false,"inline_featured_image":false},"product_brand":[],"product_cat":[6507,6506],"product_tag":[13805,17997],"class_list":{"0":"post-254469","1":"product","2":"type-product","3":"status-publish","4":"has-post-thumbnail","6":"product_cat-herren-schuhe-de","7":"product_cat-neutrale-herren-schuhe-de","8":"product_tag-altra-de","9":"product_tag-altra-herren-de","10":"pa_attivita-gehen","11":"pa_attivita-running-de","12":"pa_colore-torin-8-dusty-olive","13":"pa_colore-torin-8-white-lime","14":"pa_marca-altra-de","15":"pa_sesso-herren","16":"pa_size-41-de","17":"pa_size-42-de","18":"pa_size-42-5-de","19":"pa_size-43-de","20":"pa_size-44-de","21":"pa_size-44-5-de","22":"pa_size-45-de","23":"pa_size-46-de","24":"pa_size-46-5-de","26":"first","27":"instock","28":"sale","29":"taxable","30":"shipping-taxable","31":"purchasable","32":"product-type-variable","33":"wvs-archive-product-wrapper"},"acf":[],"yoast_head":"<!-- This site is optimized with the Yoast SEO plugin v26.8 - https:\/\/yoast.com\/product\/yoast-seo-wordpress\/ -->\n<title>Altra Torin 8 herren - Laufschuhe - MioMioRun<\/title>\n<meta name=\"description\" content=\"Der Torin 8 bietet \u00fcberragenden Komfort mit Zero Drop, viel Zehenfreiheit und leichter Altra EGO\u2122 MAX-D\u00e4mpfung f\u00fcr ein nat\u00fcrliches Laufgef\u00fchl.\" \/>\n<meta name=\"robots\" content=\"index, follow, max-snippet:-1, max-image-preview:large, max-video-preview:-1\" \/>\n<link rel=\"canonical\" href=\"https:\/\/www.miomiorun.com\/de\/produkt\/torin-8-herren\/\" \/>\n<meta property=\"og:locale\" content=\"de_DE\" \/>\n<meta property=\"og:type\" content=\"article\" \/>\n<meta property=\"og:title\" content=\"Altra Torin 8 herren - Laufschuhe - MioMioRun\" \/>\n<meta property=\"og:description\" content=\"Der Torin 8 bietet \u00fcberragenden Komfort mit Zero Drop, viel Zehenfreiheit und leichter Altra EGO\u2122 MAX-D\u00e4mpfung f\u00fcr ein nat\u00fcrliches Laufgef\u00fchl.\" \/>\n<meta property=\"og:url\" content=\"https:\/\/www.miomiorun.com\/de\/produkt\/torin-8-herren\/\" \/>\n<meta property=\"og:site_name\" content=\"MioMioRun\" \/>\n<meta property=\"article:publisher\" content=\"https:\/\/www.facebook.com\/miomiorun\/\" \/>\n<meta property=\"article:modified_time\" content=\"2025-12-01T15:43:19+00:00\" \/>\n<meta property=\"og:image\" content=\"https:\/\/www.miomiorun.com\/app\/uploads\/2026\/02\/Altra-Torin-8-white-lime-AL0A85QE1021.webp\" \/>\n\t<meta property=\"og:image:width\" content=\"720\" \/>\n\t<meta property=\"og:image:height\" content=\"720\" \/>\n\t<meta property=\"og:image:type\" content=\"image\/webp\" \/>\n<meta name=\"twitter:card\" content=\"summary_large_image\" \/>\n<meta name=\"twitter:label1\" content=\"Est. reading time\" \/>\n\t<meta name=\"twitter:data1\" content=\"2 minutes\" \/>\n<script type=\"application\/ld+json\" class=\"yoast-schema-graph\">{\"@context\":\"https:\/\/schema.org\",\"@graph\":[{\"@type\":\"WebPage\",\"@id\":\"https:\/\/www.miomiorun.com\/de\/produkt\/torin-8-herren\/\",\"url\":\"https:\/\/www.miomiorun.com\/de\/produkt\/torin-8-herren\/\",\"name\":\"Altra Torin 8 herren - Laufschuhe - MioMioRun\",\"isPartOf\":{\"@id\":\"https:\/\/www.miomiorun.com\/de\/#website\"},\"primaryImageOfPage\":{\"@id\":\"https:\/\/www.miomiorun.com\/de\/produkt\/torin-8-herren\/#primaryimage\"},\"image\":{\"@id\":\"https:\/\/www.miomiorun.com\/de\/produkt\/torin-8-herren\/#primaryimage\"},\"thumbnailUrl\":\"https:\/\/www.miomiorun.com\/app\/uploads\/2026\/04\/Altra-Torin-8-dusty-olive-AL0A85QE3151.webp\",\"datePublished\":\"2025-02-13T10:55:15+00:00\",\"dateModified\":\"2025-12-01T15:43:19+00:00\",\"description\":\"Der Torin 8 bietet \u00fcberragenden Komfort mit Zero Drop, viel Zehenfreiheit und leichter Altra EGO\u2122 MAX-D\u00e4mpfung f\u00fcr ein nat\u00fcrliches Laufgef\u00fchl.\",\"breadcrumb\":{\"@id\":\"https:\/\/www.miomiorun.com\/de\/produkt\/torin-8-herren\/#breadcrumb\"},\"inLanguage\":\"de-DE\",\"potentialAction\":[{\"@type\":\"ReadAction\",\"target\":[\"https:\/\/www.miomiorun.com\/de\/produkt\/torin-8-herren\/\"]}]},{\"@type\":\"ImageObject\",\"inLanguage\":\"de-DE\",\"@id\":\"https:\/\/www.miomiorun.com\/de\/produkt\/torin-8-herren\/#primaryimage\",\"url\":\"https:\/\/www.miomiorun.com\/app\/uploads\/2026\/04\/Altra-Torin-8-dusty-olive-AL0A85QE3151.webp\",\"contentUrl\":\"https:\/\/www.miomiorun.com\/app\/uploads\/2026\/04\/Altra-Torin-8-dusty-olive-AL0A85QE3151.webp\",\"width\":720,\"height\":720,\"caption\":\"Altra Torin 8 dusty olive AL0A85QE3151\"},{\"@type\":\"BreadcrumbList\",\"@id\":\"https:\/\/www.miomiorun.com\/de\/produkt\/torin-8-herren\/#breadcrumb\",\"itemListElement\":[{\"@type\":\"ListItem\",\"position\":1,\"name\":\"Home\",\"item\":\"https:\/\/www.miomiorun.com\/de\/\"},{\"@type\":\"ListItem\",\"position\":2,\"name\":\"Shop\",\"item\":\"https:\/\/www.miomiorun.com\/shop\/\"},{\"@type\":\"ListItem\",\"position\":3,\"name\":\"Torin 8 herren\"}]},{\"@type\":\"WebSite\",\"@id\":\"https:\/\/www.miomiorun.com\/de\/#website\",\"url\":\"https:\/\/www.miomiorun.com\/de\/\",\"name\":\"MioMioRun\",\"description\":\"100% Lauf- und Trailshop\",\"publisher\":{\"@id\":\"https:\/\/www.miomiorun.com\/de\/#organization\"},\"potentialAction\":[{\"@type\":\"SearchAction\",\"target\":{\"@type\":\"EntryPoint\",\"urlTemplate\":\"https:\/\/www.miomiorun.com\/de\/?s={search_term_string}\"},\"query-input\":{\"@type\":\"PropertyValueSpecification\",\"valueRequired\":true,\"valueName\":\"search_term_string\"}}],\"inLanguage\":\"de-DE\"},{\"@type\":\"Organization\",\"@id\":\"https:\/\/www.miomiorun.com\/de\/#organization\",\"name\":\"MioMio Run\",\"url\":\"https:\/\/www.miomiorun.com\/de\/\",\"logo\":{\"@type\":\"ImageObject\",\"inLanguage\":\"de-DE\",\"@id\":\"https:\/\/www.miomiorun.com\/de\/#\/schema\/logo\/image\/\",\"url\":\"https:\/\/www.miomiorun.com\/app\/uploads\/2019\/12\/logomio.png\",\"contentUrl\":\"https:\/\/www.miomiorun.com\/app\/uploads\/2019\/12\/logomio.png\",\"width\":115,\"height\":82,\"caption\":\"MioMio Run\"},\"image\":{\"@id\":\"https:\/\/www.miomiorun.com\/de\/#\/schema\/logo\/image\/\"},\"sameAs\":[\"https:\/\/www.facebook.com\/miomiorun\/\",\"https:\/\/www.instagram.com\/miomiorun\/\"]}]}<\/script>\n<!-- \/ Yoast SEO plugin. -->","yoast_head_json":{"title":"Altra Torin 8 herren - Laufschuhe - MioMioRun","description":"Der Torin 8 bietet \u00fcberragenden Komfort mit Zero Drop, viel Zehenfreiheit und leichter Altra EGO\u2122 MAX-D\u00e4mpfung f\u00fcr ein nat\u00fcrliches Laufgef\u00fchl.","robots":{"index":"index","follow":"follow","max-snippet":"max-snippet:-1","max-image-preview":"max-image-preview:large","max-video-preview":"max-video-preview:-1"},"canonical":"https:\/\/www.miomiorun.com\/de\/produkt\/torin-8-herren\/","og_locale":"de_DE","og_type":"article","og_title":"Altra Torin 8 herren - Laufschuhe - MioMioRun","og_description":"Der Torin 8 bietet \u00fcberragenden Komfort mit Zero Drop, viel Zehenfreiheit und leichter Altra EGO\u2122 MAX-D\u00e4mpfung f\u00fcr ein nat\u00fcrliches Laufgef\u00fchl.","og_url":"https:\/\/www.miomiorun.com\/de\/produkt\/torin-8-herren\/","og_site_name":"MioMioRun","article_publisher":"https:\/\/www.facebook.com\/miomiorun\/","article_modified_time":"2025-12-01T15:43:19+00:00","og_image":[{"width":720,"height":720,"url":"https:\/\/www.miomiorun.com\/app\/uploads\/2026\/02\/Altra-Torin-8-white-lime-AL0A85QE1021.webp","type":"image\/webp"}],"twitter_card":"summary_large_image","twitter_misc":{"Est. reading time":"2 minutes"},"schema":{"@context":"https:\/\/schema.org","@graph":[{"@type":"WebPage","@id":"https:\/\/www.miomiorun.com\/de\/produkt\/torin-8-herren\/","url":"https:\/\/www.miomiorun.com\/de\/produkt\/torin-8-herren\/","name":"Altra Torin 8 herren - Laufschuhe - MioMioRun","isPartOf":{"@id":"https:\/\/www.miomiorun.com\/de\/#website"},"primaryImageOfPage":{"@id":"https:\/\/www.miomiorun.com\/de\/produkt\/torin-8-herren\/#primaryimage"},"image":{"@id":"https:\/\/www.miomiorun.com\/de\/produkt\/torin-8-herren\/#primaryimage"},"thumbnailUrl":"https:\/\/www.miomiorun.com\/app\/uploads\/2026\/04\/Altra-Torin-8-dusty-olive-AL0A85QE3151.webp","datePublished":"2025-02-13T10:55:15+00:00","dateModified":"2025-12-01T15:43:19+00:00","description":"Der Torin 8 bietet \u00fcberragenden Komfort mit Zero Drop, viel Zehenfreiheit und leichter Altra EGO\u2122 MAX-D\u00e4mpfung f\u00fcr ein nat\u00fcrliches Laufgef\u00fchl.","breadcrumb":{"@id":"https:\/\/www.miomiorun.com\/de\/produkt\/torin-8-herren\/#breadcrumb"},"inLanguage":"de-DE","potentialAction":[{"@type":"ReadAction","target":["https:\/\/www.miomiorun.com\/de\/produkt\/torin-8-herren\/"]}]},{"@type":"ImageObject","inLanguage":"de-DE","@id":"https:\/\/www.miomiorun.com\/de\/produkt\/torin-8-herren\/#primaryimage","url":"https:\/\/www.miomiorun.com\/app\/uploads\/2026\/04\/Altra-Torin-8-dusty-olive-AL0A85QE3151.webp","contentUrl":"https:\/\/www.miomiorun.com\/app\/uploads\/2026\/04\/Altra-Torin-8-dusty-olive-AL0A85QE3151.webp","width":720,"height":720,"caption":"Altra Torin 8 dusty olive AL0A85QE3151"},{"@type":"BreadcrumbList","@id":"https:\/\/www.miomiorun.com\/de\/produkt\/torin-8-herren\/#breadcrumb","itemListElement":[{"@type":"ListItem","position":1,"name":"Home","item":"https:\/\/www.miomiorun.com\/de\/"},{"@type":"ListItem","position":2,"name":"Shop","item":"https:\/\/www.miomiorun.com\/shop\/"},{"@type":"ListItem","position":3,"name":"Torin 8 herren"}]},{"@type":"WebSite","@id":"https:\/\/www.miomiorun.com\/de\/#website","url":"https:\/\/www.miomiorun.com\/de\/","name":"MioMioRun","description":"100% Lauf- und Trailshop","publisher":{"@id":"https:\/\/www.miomiorun.com\/de\/#organization"},"potentialAction":[{"@type":"SearchAction","target":{"@type":"EntryPoint","urlTemplate":"https:\/\/www.miomiorun.com\/de\/?s={search_term_string}"},"query-input":{"@type":"PropertyValueSpecification","valueRequired":true,"valueName":"search_term_string"}}],"inLanguage":"de-DE"},{"@type":"Organization","@id":"https:\/\/www.miomiorun.com\/de\/#organization","name":"MioMio Run","url":"https:\/\/www.miomiorun.com\/de\/","logo":{"@type":"ImageObject","inLanguage":"de-DE","@id":"https:\/\/www.miomiorun.com\/de\/#\/schema\/logo\/image\/","url":"https:\/\/www.miomiorun.com\/app\/uploads\/2019\/12\/logomio.png","contentUrl":"https:\/\/www.miomiorun.com\/app\/uploads\/2019\/12\/logomio.png","width":115,"height":82,"caption":"MioMio Run"},"image":{"@id":"https:\/\/www.miomiorun.com\/de\/#\/schema\/logo\/image\/"},"sameAs":["https:\/\/www.facebook.com\/miomiorun\/","https:\/\/www.instagram.com\/miomiorun\/"]}]}},"_links":{"self":[{"href":"https:\/\/www.miomiorun.com\/de\/wp-json\/wp\/v2\/product\/254469","targetHints":{"allow":["GET"]}}],"collection":[{"href":"https:\/\/www.miomiorun.com\/de\/wp-json\/wp\/v2\/product"}],"about":[{"href":"https:\/\/www.miomiorun.com\/de\/wp-json\/wp\/v2\/types\/product"}],"wp:featuredmedia":[{"embeddable":true,"href":"https:\/\/www.miomiorun.com\/de\/wp-json\/wp\/v2\/media\/427213"}],"wp:attachment":[{"href":"https:\/\/www.miomiorun.com\/de\/wp-json\/wp\/v2\/media?parent=254469"}],"wp:term":[{"taxonomy":"product_brand","embeddable":true,"href":"https:\/\/www.miomiorun.com\/de\/wp-json\/wp\/v2\/product_brand?post=254469"},{"taxonomy":"product_cat","embeddable":true,"href":"https:\/\/www.miomiorun.com\/de\/wp-json\/wp\/v2\/product_cat?post=254469"},{"taxonomy":"product_tag","embeddable":true,"href":"https:\/\/www.miomiorun.com\/de\/wp-json\/wp\/v2\/product_tag?post=254469"}],"curies":[{"name":"wp","href":"https:\/\/api.w.org\/{rel}","templated":true}]}}