{"id":254434,"date":"2025-02-13T10:45:58","date_gmt":"2025-02-13T09:45:58","guid":{"rendered":"https:\/\/miomiorun.com\/?post_type=product&#038;p=254434"},"modified":"2025-03-28T19:06:10","modified_gmt":"2025-03-28T18:06:10","slug":"adizero-finesse","status":"publish","type":"product","link":"https:\/\/www.miomiorun.com\/de\/produkt\/adizero-finesse\/","title":{"rendered":"Adizero Finesse"},"content":{"rendered":"<div class=\"vc-row container\"><div class=\"vc-column\"><div class=\"vc-column-text\"><\/p>\n<h4>Technische Daten<\/h4>\n<p>Kategorie: Leichtathletikschuh f\u00fcr mittlere Distanzen<br \/>\nOffset: 3mm ( 10mm \/ 13mm )<br \/>\nGewicht: 140 g<br \/>\nIdeal f\u00fcr: schnelle Athleten und f\u00fcr das Renntraining, dank seiner innovativen und reaktionsfreudigen D\u00e4mpfung wird er Sie schneller machen und Sie auf das Podium bringen.<br \/>\nGewicht des Athleten: &lt; 70 kg<br \/>\nLauftempo: &lt; 4.00 min\/km<br \/>\n<a href=\"https:\/\/miomiorun.com\/de\/leitfaden-fuer-technische-spezifikationen\/\">Spezifikation<\/a><\/p>\n<p><\/div><\/div><div class=\"vc-column\"><div class=\"vc-column-text\">Die <strong>adidas adizero Finesse<\/strong> sind superleichte Laufschuhe f\u00fcr Sprinter, die nie zufrieden sind. Jede Sekunde z\u00e4hlt, wenn du darauf abzielst, deine eigenen Rekorde zu brechen, und diese Schuhe bieten die Unterst\u00fctzung, die du brauchst, um sowohl im Training als auch im Wettkampf zu gl\u00e4nzen. Das <strong>Celermesh-Obermaterial<\/strong> umschlie\u00dft den Fu\u00df und sorgt f\u00fcr Stabilit\u00e4t auch in den engsten Kurven, w\u00e4hrend die <strong>Sprintplate-Stachelsohle<\/strong> die Traktion maximiert, um dich \u00fcber die Kante zu bringen.<\/p>\n<p>Die <strong>3 mm starke Zwischensohle<\/strong> (10 mm im Fersenbereich und 13 mm im Vorfu\u00dfbereich) sorgt f\u00fcr ein reaktionsfreudiges und dynamisches Laufgef\u00fchl und f\u00f6rdert eine nat\u00fcrlichere und schnellere Haltung. Der adizero Finesse besteht zu mindestens 50 % aus recycelten Materialien und ist damit ein konkreter Schritt in Richtung Nachhaltigkeit, der dazu beitr\u00e4gt, die Plastikverschmutzung zu reduzieren. Mit einem Gewicht von nur 140 Gramm (Gr\u00f6\u00dfe 42 2\/3) bieten diese Schuhe ein ultraleichtes, hochleistungsf\u00e4higes Lauferlebnis, das dir hilft, aus den Startl\u00f6chern zu kommen und direkt aufs Podium zu laufen.<\/p>\n<p>&nbsp;<\/p>\n<div class=\"item___1X-1_\">\n<p><img decoding=\"async\" class=\"img_with_fallback___2aHBu feature-icon___3S9eQ\" src=\"https:\/\/brand.assets.adidas.com\/image\/upload\/racing_2ad458e885.png\" srcset=\"\" alt=\"\" data-auto-id=\"image\" \/><\/p>\n<p class=\"feature-icon-text___3Owgv\">Rennen<\/p>\n<\/div>\n<div class=\"item___1X-1_\">\n<p><img decoding=\"async\" class=\"img_with_fallback___2aHBu feature-icon___3S9eQ\" src=\"https:\/\/brand.assets.adidas.com\/image\/upload\/regular_a176d1f2d6.png\" srcset=\"\" alt=\"\" data-auto-id=\"image\" \/><\/p>\n<p class=\"feature-icon-text___3Owgv\">Normale Passform M\u00e4nner<\/p>\n<\/div>\n<div class=\"special-item___2Ohsx\">\n<p class=\"feature-icon-title___v-KQG\">\n<\/div>\n<div class=\"special-item___2Ohsx\">\n<p class=\"feature-icon-summary-small___31Rc0\">\n<\/div>\n<p><\/div><\/div><\/div>\n","protected":false},"excerpt":{"rendered":"<ul class=\"m-long-description__features\">\n<li class=\"m-long-description__feature\">Ultraleicht und reaktionsschnell<\/li>\n<li class=\"m-long-description__feature\">Schneller Rennschuh<\/li>\n<\/ul>\n","protected":false},"featured_media":255357,"template":"","meta":{"_acf_changed":false,"inline_featured_image":false},"product_brand":[],"product_cat":[6507,6506],"product_tag":[3403,6307],"class_list":{"0":"post-254434","1":"product","2":"type-product","3":"status-publish","4":"has-post-thumbnail","6":"product_cat-herren-schuhe-de","7":"product_cat-neutrale-herren-schuhe-de","8":"product_tag-adidas-de","9":"product_tag-adidas-herren-de","10":"pa_attivita-running-de","11":"pa_colore-adizero-finesse-luclem-cblack-halsil-de","12":"pa_marca-adidas-de","13":"pa_sesso-herren","14":"pa_size-42-de","16":"pa_size-44-de","17":"pa_size-45-de","18":"pa_size-46-de","21":"first","22":"instock","23":"sale","24":"taxable","25":"shipping-taxable","26":"purchasable","27":"product-type-variable","28":"wvs-archive-product-wrapper"},"acf":[],"yoast_head":"<!-- This site is optimized with the Yoast SEO plugin v26.8 - https:\/\/yoast.com\/product\/yoast-seo-wordpress\/ -->\n<title>Adidas Adizero Finesse - Laufschuhe - MioMioRun<\/title>\n<meta name=\"description\" content=\"Der Adizero Finesse ist ein ultraleichter Stollenschuh mit einem Celermesh-Obermaterial und einer Sprintplate-Stollensohle, der f\u00fcr hohe Leistungen entwickelt wurde.\" \/>\n<meta name=\"robots\" content=\"index, follow, max-snippet:-1, max-image-preview:large, max-video-preview:-1\" \/>\n<link rel=\"canonical\" href=\"https:\/\/www.miomiorun.com\/de\/produkt\/adizero-finesse\/\" \/>\n<meta property=\"og:locale\" content=\"de_DE\" \/>\n<meta property=\"og:type\" content=\"article\" \/>\n<meta property=\"og:title\" content=\"Adidas Adizero Finesse - Laufschuhe - MioMioRun\" \/>\n<meta property=\"og:description\" content=\"Der Adizero Finesse ist ein ultraleichter Stollenschuh mit einem Celermesh-Obermaterial und einer Sprintplate-Stollensohle, der f\u00fcr hohe Leistungen entwickelt wurde.\" \/>\n<meta property=\"og:url\" content=\"https:\/\/www.miomiorun.com\/de\/produkt\/adizero-finesse\/\" \/>\n<meta property=\"og:site_name\" content=\"MioMioRun\" \/>\n<meta property=\"article:publisher\" content=\"https:\/\/www.facebook.com\/miomiorun\/\" \/>\n<meta property=\"article:modified_time\" content=\"2025-03-28T18:06:10+00:00\" \/>\n<meta property=\"og:image\" content=\"https:\/\/www.miomiorun.com\/app\/uploads\/2025\/02\/adidas-Adizero-finesse-luclem-cblack-halsil-IG2018.webp\" \/>\n\t<meta property=\"og:image:width\" content=\"600\" \/>\n\t<meta property=\"og:image:height\" content=\"600\" \/>\n\t<meta property=\"og:image:type\" content=\"image\/webp\" \/>\n<meta name=\"twitter:card\" content=\"summary_large_image\" \/>\n<meta name=\"twitter:label1\" content=\"Est. reading time\" \/>\n\t<meta name=\"twitter:data1\" content=\"1 minute\" \/>\n<script type=\"application\/ld+json\" class=\"yoast-schema-graph\">{\"@context\":\"https:\/\/schema.org\",\"@graph\":[{\"@type\":\"WebPage\",\"@id\":\"https:\/\/www.miomiorun.com\/de\/produkt\/adizero-finesse\/\",\"url\":\"https:\/\/www.miomiorun.com\/de\/produkt\/adizero-finesse\/\",\"name\":\"Adidas Adizero Finesse - Laufschuhe - MioMioRun\",\"isPartOf\":{\"@id\":\"https:\/\/www.miomiorun.com\/de\/#website\"},\"primaryImageOfPage\":{\"@id\":\"https:\/\/www.miomiorun.com\/de\/produkt\/adizero-finesse\/#primaryimage\"},\"image\":{\"@id\":\"https:\/\/www.miomiorun.com\/de\/produkt\/adizero-finesse\/#primaryimage\"},\"thumbnailUrl\":\"https:\/\/www.miomiorun.com\/app\/uploads\/2025\/02\/adidas-Adizero-finesse-luclem-cblack-halsil-IG2018.webp\",\"datePublished\":\"2025-02-13T09:45:58+00:00\",\"dateModified\":\"2025-03-28T18:06:10+00:00\",\"description\":\"Der Adizero Finesse ist ein ultraleichter Stollenschuh mit einem Celermesh-Obermaterial und einer Sprintplate-Stollensohle, der f\u00fcr hohe Leistungen entwickelt wurde.\",\"breadcrumb\":{\"@id\":\"https:\/\/www.miomiorun.com\/de\/produkt\/adizero-finesse\/#breadcrumb\"},\"inLanguage\":\"de-DE\",\"potentialAction\":[{\"@type\":\"ReadAction\",\"target\":[\"https:\/\/www.miomiorun.com\/de\/produkt\/adizero-finesse\/\"]}]},{\"@type\":\"ImageObject\",\"inLanguage\":\"de-DE\",\"@id\":\"https:\/\/www.miomiorun.com\/de\/produkt\/adizero-finesse\/#primaryimage\",\"url\":\"https:\/\/www.miomiorun.com\/app\/uploads\/2025\/02\/adidas-Adizero-finesse-luclem-cblack-halsil-IG2018.webp\",\"contentUrl\":\"https:\/\/www.miomiorun.com\/app\/uploads\/2025\/02\/adidas-Adizero-finesse-luclem-cblack-halsil-IG2018.webp\",\"width\":600,\"height\":600,\"caption\":\"adidas Adizero finesse luclem cblack halsil IG2018\"},{\"@type\":\"BreadcrumbList\",\"@id\":\"https:\/\/www.miomiorun.com\/de\/produkt\/adizero-finesse\/#breadcrumb\",\"itemListElement\":[{\"@type\":\"ListItem\",\"position\":1,\"name\":\"Home\",\"item\":\"https:\/\/www.miomiorun.com\/de\/\"},{\"@type\":\"ListItem\",\"position\":2,\"name\":\"Shop\",\"item\":\"https:\/\/www.miomiorun.com\/shop\/\"},{\"@type\":\"ListItem\",\"position\":3,\"name\":\"Adizero Finesse\"}]},{\"@type\":\"WebSite\",\"@id\":\"https:\/\/www.miomiorun.com\/de\/#website\",\"url\":\"https:\/\/www.miomiorun.com\/de\/\",\"name\":\"MioMioRun\",\"description\":\"100% Lauf- und Trailshop\",\"publisher\":{\"@id\":\"https:\/\/www.miomiorun.com\/de\/#organization\"},\"potentialAction\":[{\"@type\":\"SearchAction\",\"target\":{\"@type\":\"EntryPoint\",\"urlTemplate\":\"https:\/\/www.miomiorun.com\/de\/?s={search_term_string}\"},\"query-input\":{\"@type\":\"PropertyValueSpecification\",\"valueRequired\":true,\"valueName\":\"search_term_string\"}}],\"inLanguage\":\"de-DE\"},{\"@type\":\"Organization\",\"@id\":\"https:\/\/www.miomiorun.com\/de\/#organization\",\"name\":\"MioMio Run\",\"url\":\"https:\/\/www.miomiorun.com\/de\/\",\"logo\":{\"@type\":\"ImageObject\",\"inLanguage\":\"de-DE\",\"@id\":\"https:\/\/www.miomiorun.com\/de\/#\/schema\/logo\/image\/\",\"url\":\"https:\/\/www.miomiorun.com\/app\/uploads\/2019\/12\/logomio.png\",\"contentUrl\":\"https:\/\/www.miomiorun.com\/app\/uploads\/2019\/12\/logomio.png\",\"width\":115,\"height\":82,\"caption\":\"MioMio Run\"},\"image\":{\"@id\":\"https:\/\/www.miomiorun.com\/de\/#\/schema\/logo\/image\/\"},\"sameAs\":[\"https:\/\/www.facebook.com\/miomiorun\/\",\"https:\/\/www.instagram.com\/miomiorun\/\"]}]}<\/script>\n<!-- \/ Yoast SEO plugin. -->","yoast_head_json":{"title":"Adidas Adizero Finesse - Laufschuhe - MioMioRun","description":"Der Adizero Finesse ist ein ultraleichter Stollenschuh mit einem Celermesh-Obermaterial und einer Sprintplate-Stollensohle, der f\u00fcr hohe Leistungen entwickelt wurde.","robots":{"index":"index","follow":"follow","max-snippet":"max-snippet:-1","max-image-preview":"max-image-preview:large","max-video-preview":"max-video-preview:-1"},"canonical":"https:\/\/www.miomiorun.com\/de\/produkt\/adizero-finesse\/","og_locale":"de_DE","og_type":"article","og_title":"Adidas Adizero Finesse - Laufschuhe - MioMioRun","og_description":"Der Adizero Finesse ist ein ultraleichter Stollenschuh mit einem Celermesh-Obermaterial und einer Sprintplate-Stollensohle, der f\u00fcr hohe Leistungen entwickelt wurde.","og_url":"https:\/\/www.miomiorun.com\/de\/produkt\/adizero-finesse\/","og_site_name":"MioMioRun","article_publisher":"https:\/\/www.facebook.com\/miomiorun\/","article_modified_time":"2025-03-28T18:06:10+00:00","og_image":[{"width":600,"height":600,"url":"https:\/\/www.miomiorun.com\/app\/uploads\/2025\/02\/adidas-Adizero-finesse-luclem-cblack-halsil-IG2018.webp","type":"image\/webp"}],"twitter_card":"summary_large_image","twitter_misc":{"Est. reading time":"1 minute"},"schema":{"@context":"https:\/\/schema.org","@graph":[{"@type":"WebPage","@id":"https:\/\/www.miomiorun.com\/de\/produkt\/adizero-finesse\/","url":"https:\/\/www.miomiorun.com\/de\/produkt\/adizero-finesse\/","name":"Adidas Adizero Finesse - Laufschuhe - MioMioRun","isPartOf":{"@id":"https:\/\/www.miomiorun.com\/de\/#website"},"primaryImageOfPage":{"@id":"https:\/\/www.miomiorun.com\/de\/produkt\/adizero-finesse\/#primaryimage"},"image":{"@id":"https:\/\/www.miomiorun.com\/de\/produkt\/adizero-finesse\/#primaryimage"},"thumbnailUrl":"https:\/\/www.miomiorun.com\/app\/uploads\/2025\/02\/adidas-Adizero-finesse-luclem-cblack-halsil-IG2018.webp","datePublished":"2025-02-13T09:45:58+00:00","dateModified":"2025-03-28T18:06:10+00:00","description":"Der Adizero Finesse ist ein ultraleichter Stollenschuh mit einem Celermesh-Obermaterial und einer Sprintplate-Stollensohle, der f\u00fcr hohe Leistungen entwickelt wurde.","breadcrumb":{"@id":"https:\/\/www.miomiorun.com\/de\/produkt\/adizero-finesse\/#breadcrumb"},"inLanguage":"de-DE","potentialAction":[{"@type":"ReadAction","target":["https:\/\/www.miomiorun.com\/de\/produkt\/adizero-finesse\/"]}]},{"@type":"ImageObject","inLanguage":"de-DE","@id":"https:\/\/www.miomiorun.com\/de\/produkt\/adizero-finesse\/#primaryimage","url":"https:\/\/www.miomiorun.com\/app\/uploads\/2025\/02\/adidas-Adizero-finesse-luclem-cblack-halsil-IG2018.webp","contentUrl":"https:\/\/www.miomiorun.com\/app\/uploads\/2025\/02\/adidas-Adizero-finesse-luclem-cblack-halsil-IG2018.webp","width":600,"height":600,"caption":"adidas Adizero finesse luclem cblack halsil IG2018"},{"@type":"BreadcrumbList","@id":"https:\/\/www.miomiorun.com\/de\/produkt\/adizero-finesse\/#breadcrumb","itemListElement":[{"@type":"ListItem","position":1,"name":"Home","item":"https:\/\/www.miomiorun.com\/de\/"},{"@type":"ListItem","position":2,"name":"Shop","item":"https:\/\/www.miomiorun.com\/shop\/"},{"@type":"ListItem","position":3,"name":"Adizero Finesse"}]},{"@type":"WebSite","@id":"https:\/\/www.miomiorun.com\/de\/#website","url":"https:\/\/www.miomiorun.com\/de\/","name":"MioMioRun","description":"100% Lauf- und Trailshop","publisher":{"@id":"https:\/\/www.miomiorun.com\/de\/#organization"},"potentialAction":[{"@type":"SearchAction","target":{"@type":"EntryPoint","urlTemplate":"https:\/\/www.miomiorun.com\/de\/?s={search_term_string}"},"query-input":{"@type":"PropertyValueSpecification","valueRequired":true,"valueName":"search_term_string"}}],"inLanguage":"de-DE"},{"@type":"Organization","@id":"https:\/\/www.miomiorun.com\/de\/#organization","name":"MioMio Run","url":"https:\/\/www.miomiorun.com\/de\/","logo":{"@type":"ImageObject","inLanguage":"de-DE","@id":"https:\/\/www.miomiorun.com\/de\/#\/schema\/logo\/image\/","url":"https:\/\/www.miomiorun.com\/app\/uploads\/2019\/12\/logomio.png","contentUrl":"https:\/\/www.miomiorun.com\/app\/uploads\/2019\/12\/logomio.png","width":115,"height":82,"caption":"MioMio Run"},"image":{"@id":"https:\/\/www.miomiorun.com\/de\/#\/schema\/logo\/image\/"},"sameAs":["https:\/\/www.facebook.com\/miomiorun\/","https:\/\/www.instagram.com\/miomiorun\/"]}]}},"_links":{"self":[{"href":"https:\/\/www.miomiorun.com\/de\/wp-json\/wp\/v2\/product\/254434","targetHints":{"allow":["GET"]}}],"collection":[{"href":"https:\/\/www.miomiorun.com\/de\/wp-json\/wp\/v2\/product"}],"about":[{"href":"https:\/\/www.miomiorun.com\/de\/wp-json\/wp\/v2\/types\/product"}],"wp:featuredmedia":[{"embeddable":true,"href":"https:\/\/www.miomiorun.com\/de\/wp-json\/wp\/v2\/media\/255357"}],"wp:attachment":[{"href":"https:\/\/www.miomiorun.com\/de\/wp-json\/wp\/v2\/media?parent=254434"}],"wp:term":[{"taxonomy":"product_brand","embeddable":true,"href":"https:\/\/www.miomiorun.com\/de\/wp-json\/wp\/v2\/product_brand?post=254434"},{"taxonomy":"product_cat","embeddable":true,"href":"https:\/\/www.miomiorun.com\/de\/wp-json\/wp\/v2\/product_cat?post=254434"},{"taxonomy":"product_tag","embeddable":true,"href":"https:\/\/www.miomiorun.com\/de\/wp-json\/wp\/v2\/product_tag?post=254434"}],"curies":[{"name":"wp","href":"https:\/\/api.w.org\/{rel}","templated":true}]}}