{"id":254142,"date":"2025-02-12T12:19:50","date_gmt":"2025-02-12T11:19:50","guid":{"rendered":"https:\/\/miomiorun.com\/?post_type=product&#038;p=254142"},"modified":"2025-06-17T23:36:09","modified_gmt":"2025-06-17T21:36:09","slug":"superblast-2","status":"publish","type":"product","link":"https:\/\/www.miomiorun.com\/de\/produkt\/superblast-2\/","title":{"rendered":"Superblast 2"},"content":{"rendered":"<div class=\"vc-row container\"><div class=\"vc-column\"><div class=\"vc-column-text\"><\/p>\n<h4>Technische Daten<\/h4>\n<p>Kategorie: Maximale D\u00e4mpfung<br \/>\nVersatz: 8mm<br \/>\nGewicht: 249 g<br \/>\nIdeal f\u00fcr: mittelm\u00e4\u00dfige bis fortgeschrittene L\u00e4ufer, die Leistung und Laufkomfort zugleich suchen, f\u00fcr gute Rennergebnisse oder hochwertiges Training.<br \/>\nGewicht des Athleten: 55-75 kg<br \/>\nLauftempo: schnell (&gt;4.30 min\/km)<br \/>\n<a href=\"https:\/\/miomiorun.com\/de\/leitfaden-fuer-technische-spezifikationen\/\">Spezifikation<\/a><\/p>\n<p><\/div><\/div><div class=\"vc-column\"><div class=\"vc-column-text\">Der <strong>Superblast 2<\/strong> von <strong>Asics<\/strong> ist der ultimative Laufschuh f\u00fcr alle, die hohe Leistung, Komfort und Nachhaltigkeit suchen. Mit der <strong>FF TURBO PLUS<\/strong> Technologie bietet er eine fortschrittliche D\u00e4mpfung, die bei jedem Schritt Energie zur\u00fcckgibt, ohne den Schuh zu beschweren. Der <strong>FF BLAST PLUS ECO<\/strong> bietet eine hochwertige D\u00e4mpfung f\u00fcr ein weicheres, komfortableres Laufgef\u00fchl, w\u00e4hrend das <strong>vom Trampolin inspirierte Laufsohlendesign<\/strong> f\u00fcr einen reaktionsfreudigen R\u00fcckprall sorgt, um die Energie bei jedem Schritt zu maximieren.<\/p>\n<p>Das <strong>verst\u00e4rkte Mesh-Obermaterial<\/strong> verbessert die Atmungsaktivit\u00e4t und bietet optimalen Halt, w\u00e4hrend das <strong>Zungensystem mit Zwickel<\/strong> die Stabilit\u00e4t erh\u00f6ht und ein Verrutschen der Zunge verhindert. Die <strong>ASICSGRIP\u2122 Gummi-Au\u00dfensohle<\/strong> bietet sicheren Halt auf unterschiedlichem Terrain, w\u00e4hrend die <strong>AHAR-Gummi-Fersenkappe<\/strong> die Haltbarkeit verbessert. <strong>Kleine reflektierende Details<\/strong> sorgen f\u00fcr Sichtbarkeit auch bei schlechten Lichtverh\u00e4ltnissen.<\/p>\n<p>Der <strong>Superblast 2<\/strong> wurde mit Blick auf die Umwelt entwickelt und besteht zu 100 % aus recycelten Materialien f\u00fcr das Obermaterial, wodurch der Wasserverbrauch und die Kohlenstoffemissionen w\u00e4hrend der Produktion reduziert werden. Die <strong>Einlegesohle<\/strong>, die Zehenbox, die \u00d6sen, die Zunge und das Kragenfutter sind alle aus recycelten Materialien hergestellt, was diesen Schuh nicht nur zu einer gewinnbringenden Option f\u00fcr deine Leistung, sondern auch f\u00fcr den Planeten macht.<\/p>\n<p>Mit einem <strong>8 mm Unterschied<\/strong> und einem Gewicht von nur <strong>249 g<\/strong> ist der <strong>Superblast 2<\/strong> perfekt f\u00fcr alle, die neutrale Unterst\u00fctzung, maximale D\u00e4mpfung und \u00fcberragende Leistung suchen, ohne dabei auf Nachhaltigkeit zu verzichten.<\/div><\/div><\/div>\n","protected":false},"excerpt":{"rendered":"<ul>\n<li>Hohe D\u00e4mpfung<\/li>\n<li>Ideal f\u00fcr Ihre Trainingseinheiten und Rennen<\/li>\n<li>maximaler Komfort<\/li>\n<\/ul>\n","protected":false},"featured_media":255393,"template":"","meta":{"_acf_changed":false,"inline_featured_image":false},"product_brand":[],"product_cat":[6519,6518,6501,6538],"product_tag":[3404,6201,6202],"class_list":{"0":"post-254142","1":"product","2":"type-product","3":"status-publish","4":"has-post-thumbnail","6":"product_cat-herrenschuhe-outlet-de","7":"product_cat-sale-neutral-de","8":"product_cat-sale-damen-schuhe-de","9":"product_cat-neutral-damen-sale-de","10":"product_tag-asics-de","11":"product_tag-asics-damen-de","12":"product_tag-asics-herren-de","13":"pa_attivita-running-de","14":"pa_colore-superblast-2-black-white","15":"pa_marca-asics-de","16":"pa_sesso-damen","17":"pa_sesso-herren","18":"pa_size-43-5-de","20":"first","21":"instock","22":"sale","23":"taxable","24":"shipping-taxable","25":"purchasable","26":"product-type-variable","27":"wvs-archive-product-wrapper"},"acf":[],"yoast_head":"<!-- This site is optimized with the Yoast SEO plugin v26.8 - https:\/\/yoast.com\/product\/yoast-seo-wordpress\/ -->\n<title>Asics Superblast 2 - Laufschuhe - MioMioRun<\/title>\n<meta name=\"description\" content=\"Superblast 2 kombiniert reaktionsschnelle D\u00e4mpfung mit FF TURBO PLUS, eine vom Trampolin inspirierte Au\u00dfensohle f\u00fcr energischen R\u00fcckprall und au\u00dfergew\u00f6hnlichen Grip mit ASICSGRIP\" \/>\n<meta name=\"robots\" content=\"index, follow, max-snippet:-1, max-image-preview:large, max-video-preview:-1\" \/>\n<link rel=\"canonical\" href=\"https:\/\/www.miomiorun.com\/de\/produkt\/superblast-2\/\" \/>\n<meta property=\"og:locale\" content=\"de_DE\" \/>\n<meta property=\"og:type\" content=\"article\" \/>\n<meta property=\"og:title\" content=\"Asics Superblast 2 - Laufschuhe - MioMioRun\" \/>\n<meta property=\"og:description\" content=\"Superblast 2 kombiniert reaktionsschnelle D\u00e4mpfung mit FF TURBO PLUS, eine vom Trampolin inspirierte Au\u00dfensohle f\u00fcr energischen R\u00fcckprall und au\u00dfergew\u00f6hnlichen Grip mit ASICSGRIP\" \/>\n<meta property=\"og:url\" content=\"https:\/\/www.miomiorun.com\/de\/produkt\/superblast-2\/\" \/>\n<meta property=\"og:site_name\" content=\"MioMioRun\" \/>\n<meta property=\"article:publisher\" content=\"https:\/\/www.facebook.com\/miomiorun\/\" \/>\n<meta property=\"article:modified_time\" content=\"2025-06-17T21:36:09+00:00\" \/>\n<meta property=\"og:image\" content=\"https:\/\/www.miomiorun.com\/app\/uploads\/2025\/02\/asics-Superblast-2-wave-teal-illuminate-mint-1013A142-400.webp\" \/>\n\t<meta property=\"og:image:width\" content=\"600\" \/>\n\t<meta property=\"og:image:height\" content=\"600\" \/>\n\t<meta property=\"og:image:type\" content=\"image\/webp\" \/>\n<meta name=\"twitter:card\" content=\"summary_large_image\" \/>\n<meta name=\"twitter:label1\" content=\"Est. reading time\" \/>\n\t<meta name=\"twitter:data1\" content=\"2 minutes\" \/>\n<script type=\"application\/ld+json\" class=\"yoast-schema-graph\">{\"@context\":\"https:\/\/schema.org\",\"@graph\":[{\"@type\":\"WebPage\",\"@id\":\"https:\/\/www.miomiorun.com\/de\/produkt\/superblast-2\/\",\"url\":\"https:\/\/www.miomiorun.com\/de\/produkt\/superblast-2\/\",\"name\":\"Asics Superblast 2 - Laufschuhe - MioMioRun\",\"isPartOf\":{\"@id\":\"https:\/\/www.miomiorun.com\/de\/#website\"},\"primaryImageOfPage\":{\"@id\":\"https:\/\/www.miomiorun.com\/de\/produkt\/superblast-2\/#primaryimage\"},\"image\":{\"@id\":\"https:\/\/www.miomiorun.com\/de\/produkt\/superblast-2\/#primaryimage\"},\"thumbnailUrl\":\"https:\/\/www.miomiorun.com\/app\/uploads\/2025\/02\/asics-Superblast-2-wave-teal-illuminate-mint-1013A142-400.webp\",\"datePublished\":\"2025-02-12T11:19:50+00:00\",\"dateModified\":\"2025-06-17T21:36:09+00:00\",\"description\":\"Superblast 2 kombiniert reaktionsschnelle D\u00e4mpfung mit FF TURBO PLUS, eine vom Trampolin inspirierte Au\u00dfensohle f\u00fcr energischen R\u00fcckprall und au\u00dfergew\u00f6hnlichen Grip mit ASICSGRIP\",\"breadcrumb\":{\"@id\":\"https:\/\/www.miomiorun.com\/de\/produkt\/superblast-2\/#breadcrumb\"},\"inLanguage\":\"de-DE\",\"potentialAction\":[{\"@type\":\"ReadAction\",\"target\":[\"https:\/\/www.miomiorun.com\/de\/produkt\/superblast-2\/\"]}]},{\"@type\":\"ImageObject\",\"inLanguage\":\"de-DE\",\"@id\":\"https:\/\/www.miomiorun.com\/de\/produkt\/superblast-2\/#primaryimage\",\"url\":\"https:\/\/www.miomiorun.com\/app\/uploads\/2025\/02\/asics-Superblast-2-wave-teal-illuminate-mint-1013A142-400.webp\",\"contentUrl\":\"https:\/\/www.miomiorun.com\/app\/uploads\/2025\/02\/asics-Superblast-2-wave-teal-illuminate-mint-1013A142-400.webp\",\"width\":600,\"height\":600,\"caption\":\"asics Superblast 2 wave teal illuminate mint 1013A142 400\"},{\"@type\":\"BreadcrumbList\",\"@id\":\"https:\/\/www.miomiorun.com\/de\/produkt\/superblast-2\/#breadcrumb\",\"itemListElement\":[{\"@type\":\"ListItem\",\"position\":1,\"name\":\"Home\",\"item\":\"https:\/\/www.miomiorun.com\/de\/\"},{\"@type\":\"ListItem\",\"position\":2,\"name\":\"Shop\",\"item\":\"https:\/\/www.miomiorun.com\/shop\/\"},{\"@type\":\"ListItem\",\"position\":3,\"name\":\"Superblast 2\"}]},{\"@type\":\"WebSite\",\"@id\":\"https:\/\/www.miomiorun.com\/de\/#website\",\"url\":\"https:\/\/www.miomiorun.com\/de\/\",\"name\":\"MioMioRun\",\"description\":\"100% Lauf- und Trailshop\",\"publisher\":{\"@id\":\"https:\/\/www.miomiorun.com\/de\/#organization\"},\"potentialAction\":[{\"@type\":\"SearchAction\",\"target\":{\"@type\":\"EntryPoint\",\"urlTemplate\":\"https:\/\/www.miomiorun.com\/de\/?s={search_term_string}\"},\"query-input\":{\"@type\":\"PropertyValueSpecification\",\"valueRequired\":true,\"valueName\":\"search_term_string\"}}],\"inLanguage\":\"de-DE\"},{\"@type\":\"Organization\",\"@id\":\"https:\/\/www.miomiorun.com\/de\/#organization\",\"name\":\"MioMio Run\",\"url\":\"https:\/\/www.miomiorun.com\/de\/\",\"logo\":{\"@type\":\"ImageObject\",\"inLanguage\":\"de-DE\",\"@id\":\"https:\/\/www.miomiorun.com\/de\/#\/schema\/logo\/image\/\",\"url\":\"https:\/\/www.miomiorun.com\/app\/uploads\/2019\/12\/logomio.png\",\"contentUrl\":\"https:\/\/www.miomiorun.com\/app\/uploads\/2019\/12\/logomio.png\",\"width\":115,\"height\":82,\"caption\":\"MioMio Run\"},\"image\":{\"@id\":\"https:\/\/www.miomiorun.com\/de\/#\/schema\/logo\/image\/\"},\"sameAs\":[\"https:\/\/www.facebook.com\/miomiorun\/\",\"https:\/\/www.instagram.com\/miomiorun\/\"]}]}<\/script>\n<!-- \/ Yoast SEO plugin. -->","yoast_head_json":{"title":"Asics Superblast 2 - Laufschuhe - MioMioRun","description":"Superblast 2 kombiniert reaktionsschnelle D\u00e4mpfung mit FF TURBO PLUS, eine vom Trampolin inspirierte Au\u00dfensohle f\u00fcr energischen R\u00fcckprall und au\u00dfergew\u00f6hnlichen Grip mit ASICSGRIP","robots":{"index":"index","follow":"follow","max-snippet":"max-snippet:-1","max-image-preview":"max-image-preview:large","max-video-preview":"max-video-preview:-1"},"canonical":"https:\/\/www.miomiorun.com\/de\/produkt\/superblast-2\/","og_locale":"de_DE","og_type":"article","og_title":"Asics Superblast 2 - Laufschuhe - MioMioRun","og_description":"Superblast 2 kombiniert reaktionsschnelle D\u00e4mpfung mit FF TURBO PLUS, eine vom Trampolin inspirierte Au\u00dfensohle f\u00fcr energischen R\u00fcckprall und au\u00dfergew\u00f6hnlichen Grip mit ASICSGRIP","og_url":"https:\/\/www.miomiorun.com\/de\/produkt\/superblast-2\/","og_site_name":"MioMioRun","article_publisher":"https:\/\/www.facebook.com\/miomiorun\/","article_modified_time":"2025-06-17T21:36:09+00:00","og_image":[{"width":600,"height":600,"url":"https:\/\/www.miomiorun.com\/app\/uploads\/2025\/02\/asics-Superblast-2-wave-teal-illuminate-mint-1013A142-400.webp","type":"image\/webp"}],"twitter_card":"summary_large_image","twitter_misc":{"Est. reading time":"2 minutes"},"schema":{"@context":"https:\/\/schema.org","@graph":[{"@type":"WebPage","@id":"https:\/\/www.miomiorun.com\/de\/produkt\/superblast-2\/","url":"https:\/\/www.miomiorun.com\/de\/produkt\/superblast-2\/","name":"Asics Superblast 2 - Laufschuhe - MioMioRun","isPartOf":{"@id":"https:\/\/www.miomiorun.com\/de\/#website"},"primaryImageOfPage":{"@id":"https:\/\/www.miomiorun.com\/de\/produkt\/superblast-2\/#primaryimage"},"image":{"@id":"https:\/\/www.miomiorun.com\/de\/produkt\/superblast-2\/#primaryimage"},"thumbnailUrl":"https:\/\/www.miomiorun.com\/app\/uploads\/2025\/02\/asics-Superblast-2-wave-teal-illuminate-mint-1013A142-400.webp","datePublished":"2025-02-12T11:19:50+00:00","dateModified":"2025-06-17T21:36:09+00:00","description":"Superblast 2 kombiniert reaktionsschnelle D\u00e4mpfung mit FF TURBO PLUS, eine vom Trampolin inspirierte Au\u00dfensohle f\u00fcr energischen R\u00fcckprall und au\u00dfergew\u00f6hnlichen Grip mit ASICSGRIP","breadcrumb":{"@id":"https:\/\/www.miomiorun.com\/de\/produkt\/superblast-2\/#breadcrumb"},"inLanguage":"de-DE","potentialAction":[{"@type":"ReadAction","target":["https:\/\/www.miomiorun.com\/de\/produkt\/superblast-2\/"]}]},{"@type":"ImageObject","inLanguage":"de-DE","@id":"https:\/\/www.miomiorun.com\/de\/produkt\/superblast-2\/#primaryimage","url":"https:\/\/www.miomiorun.com\/app\/uploads\/2025\/02\/asics-Superblast-2-wave-teal-illuminate-mint-1013A142-400.webp","contentUrl":"https:\/\/www.miomiorun.com\/app\/uploads\/2025\/02\/asics-Superblast-2-wave-teal-illuminate-mint-1013A142-400.webp","width":600,"height":600,"caption":"asics Superblast 2 wave teal illuminate mint 1013A142 400"},{"@type":"BreadcrumbList","@id":"https:\/\/www.miomiorun.com\/de\/produkt\/superblast-2\/#breadcrumb","itemListElement":[{"@type":"ListItem","position":1,"name":"Home","item":"https:\/\/www.miomiorun.com\/de\/"},{"@type":"ListItem","position":2,"name":"Shop","item":"https:\/\/www.miomiorun.com\/shop\/"},{"@type":"ListItem","position":3,"name":"Superblast 2"}]},{"@type":"WebSite","@id":"https:\/\/www.miomiorun.com\/de\/#website","url":"https:\/\/www.miomiorun.com\/de\/","name":"MioMioRun","description":"100% Lauf- und Trailshop","publisher":{"@id":"https:\/\/www.miomiorun.com\/de\/#organization"},"potentialAction":[{"@type":"SearchAction","target":{"@type":"EntryPoint","urlTemplate":"https:\/\/www.miomiorun.com\/de\/?s={search_term_string}"},"query-input":{"@type":"PropertyValueSpecification","valueRequired":true,"valueName":"search_term_string"}}],"inLanguage":"de-DE"},{"@type":"Organization","@id":"https:\/\/www.miomiorun.com\/de\/#organization","name":"MioMio Run","url":"https:\/\/www.miomiorun.com\/de\/","logo":{"@type":"ImageObject","inLanguage":"de-DE","@id":"https:\/\/www.miomiorun.com\/de\/#\/schema\/logo\/image\/","url":"https:\/\/www.miomiorun.com\/app\/uploads\/2019\/12\/logomio.png","contentUrl":"https:\/\/www.miomiorun.com\/app\/uploads\/2019\/12\/logomio.png","width":115,"height":82,"caption":"MioMio Run"},"image":{"@id":"https:\/\/www.miomiorun.com\/de\/#\/schema\/logo\/image\/"},"sameAs":["https:\/\/www.facebook.com\/miomiorun\/","https:\/\/www.instagram.com\/miomiorun\/"]}]}},"_links":{"self":[{"href":"https:\/\/www.miomiorun.com\/de\/wp-json\/wp\/v2\/product\/254142","targetHints":{"allow":["GET"]}}],"collection":[{"href":"https:\/\/www.miomiorun.com\/de\/wp-json\/wp\/v2\/product"}],"about":[{"href":"https:\/\/www.miomiorun.com\/de\/wp-json\/wp\/v2\/types\/product"}],"wp:featuredmedia":[{"embeddable":true,"href":"https:\/\/www.miomiorun.com\/de\/wp-json\/wp\/v2\/media\/255393"}],"wp:attachment":[{"href":"https:\/\/www.miomiorun.com\/de\/wp-json\/wp\/v2\/media?parent=254142"}],"wp:term":[{"taxonomy":"product_brand","embeddable":true,"href":"https:\/\/www.miomiorun.com\/de\/wp-json\/wp\/v2\/product_brand?post=254142"},{"taxonomy":"product_cat","embeddable":true,"href":"https:\/\/www.miomiorun.com\/de\/wp-json\/wp\/v2\/product_cat?post=254142"},{"taxonomy":"product_tag","embeddable":true,"href":"https:\/\/www.miomiorun.com\/de\/wp-json\/wp\/v2\/product_tag?post=254142"}],"curies":[{"name":"wp","href":"https:\/\/api.w.org\/{rel}","templated":true}]}}