{"id":254087,"date":"2025-02-12T11:27:36","date_gmt":"2025-02-12T10:27:36","guid":{"rendered":"https:\/\/miomiorun.com\/?post_type=product&#038;p=254087"},"modified":"2026-05-08T22:27:26","modified_gmt":"2026-05-08T20:27:26","slug":"adizero-ambition","status":"publish","type":"product","link":"https:\/\/www.miomiorun.com\/de\/produkt\/adizero-ambition\/","title":{"rendered":"Adizero Ambition"},"content":{"rendered":"<div class=\"vc-row container\"><div class=\"vc-column\"><div class=\"vc-column-text\"><\/p>\n<h4>Technische Daten<\/h4>\n<p>Kategorie: Leichtathletikschuh f\u00fcr mittlere Distanzen<br \/>\nOffset: 5mm ( 13mm \/ 18mm )<br \/>\nGewicht: 143 g<br \/>\nIdeal f\u00fcr: schnelle Athleten und f\u00fcr das Renntraining, seine innovative und reaktionsfreudige D\u00e4mpfung wird Sie schneller machen und Sie auf das Podium bringen.<br \/>\nGewicht des Athleten: &lt; 70 kg<br \/>\nLauftempo: &lt; 4.00 min\/km<br \/>\n<a href=\"https:\/\/miomiorun.com\/de\/leitfaden-fuer-technische-spezifikationen\/\">Spezifikationen<\/a><\/p>\n<p><\/div><\/div><div class=\"vc-column\"><div class=\"vc-column-text\"><\/p>\n<div class=\"text-content___13aRm\">\n<div class=\"accordion__content___29x9h\">\n<div class=\"content-padding___2kVWQ\">\n<div class=\"highlights___19JOq\">\n<div class=\"highlights-list___19FSM highlights-list--text-only___2yfW2\">\n<div class=\"highlight___3fa4r\">\n<div class=\"highlight-text___lgoJI\">\n<p>Der <strong>Adidas Adizero Ambition Leichtathletikschuh<\/strong> ist f\u00fcr mittlere Distanzen konzipiert und teilweise aus recycelten Materialien hergestellt, f\u00fcr reduzierte Umweltbelastung ohne Kompromisse bei der Leistung. Dank der innovativen <strong>Lightstrike Pro Zwischensohle<\/strong>, bieten sie reaktionsschnelle D\u00e4mpfung, die Ihnen hilft, hohe Geschwindigkeiten zu erreichen, die Ziellinie mit mehr Leichtigkeit zu \u00fcberqueren. Das <strong>atmungsaktive Obermaterial<\/strong> ist unglaublich leicht und kaum sp\u00fcrbar und sorgt f\u00fcr eine stabile und bequeme Passform. Die <strong>regul\u00e4re Passform<\/strong> und <strong>5 mm Senkung<\/strong> bieten optimalen Halt bei jedem Schritt. Mit einem <strong>Schn\u00fcrverschluss<\/strong> und einer <strong>synthetischen Sohle<\/strong> sind diese Schuhe ideal f\u00fcr Athleten, die hohe Leistung suchen, ohne auf Komfort zu verzichten. Das Gewicht von nur <strong>143 g<\/strong> macht sie auch super leicht und perfekt f\u00fcr diejenigen, die Geschwindigkeit und Reaktionsf\u00e4higkeit suchen.<\/p>\n<\/div>\n<\/div>\n<\/div>\n<\/div>\n<\/div>\n<\/div>\n<\/div>\n<p>&nbsp;<\/p>\n<div class=\"item___1X-1_\">\n<p><img decoding=\"async\" class=\"img_with_fallback___2aHBu feature-icon___3S9eQ\" src=\"https:\/\/brand.assets.adidas.com\/image\/upload\/racing_2ad458e885.png\" srcset=\"\" alt=\"\" data-auto-id=\"image\" \/><\/p>\n<p class=\"feature-icon-text___3Owgv\">Rennen<\/p>\n<\/div>\n<div class=\"item___1X-1_\">\n<p><img decoding=\"async\" class=\"img_with_fallback___2aHBu feature-icon___3S9eQ\" src=\"https:\/\/brand.assets.adidas.com\/image\/upload\/neutral_16b16d1637.png\" srcset=\"\" alt=\"\" data-auto-id=\"image\" \/><\/p>\n<p class=\"feature-icon-text___3Owgv\">Neutral<\/p>\n<p class=\"feature-icon-summary-small___31Rc0\">\n<\/div>\n<div class=\"item___1X-1_\">\n<p><img decoding=\"async\" class=\"img_with_fallback___2aHBu feature-icon___3S9eQ\" src=\"https:\/\/brand.assets.adidas.com\/image\/upload\/regular_a176d1f2d6.png\" srcset=\"\" alt=\"\" data-auto-id=\"image\" \/><\/p>\n<p class=\"feature-icon-text___3Owgv\">Normale Passform M\u00e4nner<\/p>\n<\/div>\n<div class=\"special-item___2Ohsx\">\n<p class=\"feature-icon-title___v-KQG\">5 mm<\/p>\n<p class=\"feature-icon-summary-small___31Rc0\">Absatz-Zehen-Fall<\/p>\n<p class=\"feature-icon-summary-small___31Rc0\">13mm \/ 18mm<\/p>\n<\/div>\n<div class=\"special-item___2Ohsx\">\n<p class=\"feature-icon-title___v-KQG\">143g<\/p>\n<p class=\"feature-icon-summary-small___31Rc0\">Gr\u00f6\u00dfe UK 8.5<\/p>\n<\/div>\n<p><\/div><\/div><\/div>\n","protected":false},"excerpt":{"rendered":"<p>&nbsp;<\/p>\n<ul>\n<li>Ultraleicht und reaktionsschnell<\/li>\n<li>Schneller Rennschuh<\/li>\n<\/ul>\n","protected":false},"featured_media":255213,"template":"","meta":{"_acf_changed":false,"inline_featured_image":false},"product_brand":[],"product_cat":[6507,6506],"product_tag":[3403,6307],"class_list":{"0":"post-254087","1":"product","2":"type-product","3":"status-publish","4":"has-post-thumbnail","6":"product_cat-herren-schuhe-de","7":"product_cat-neutrale-herren-schuhe-de","8":"product_tag-adidas-de","9":"product_tag-adidas-herren-de","10":"pa_attivita-running-de","11":"pa_colore-adizero-ambition-luclem-cblack-halsil-de","12":"pa_marca-adidas-de","13":"pa_sesso-herren","14":"pa_size-42-de","16":"pa_size-45-de","18":"first","19":"instock","20":"sale","21":"taxable","22":"shipping-taxable","23":"purchasable","24":"product-type-variable","25":"wvs-archive-product-wrapper"},"acf":[],"yoast_head":"<!-- This site is optimized with the Yoast SEO plugin v26.8 - https:\/\/yoast.com\/product\/yoast-seo-wordpress\/ -->\n<title>Adidas Adizero Ambition - Laufschuhe - MioMioRun<\/title>\n<meta name=\"description\" content=\"Der Adizero Ambition ist ein leichter Sportschuh mit einer Lightstrike Pro-Zwischensohle und einem atmungsaktiven Obermaterial. Mit voller Geschwindigkeit die Ziellinie \u00fcberqueren\" \/>\n<meta name=\"robots\" content=\"index, follow, max-snippet:-1, max-image-preview:large, max-video-preview:-1\" \/>\n<link rel=\"canonical\" href=\"https:\/\/www.miomiorun.com\/de\/produkt\/adizero-ambition\/\" \/>\n<meta property=\"og:locale\" content=\"de_DE\" \/>\n<meta property=\"og:type\" content=\"article\" \/>\n<meta property=\"og:title\" content=\"Adidas Adizero Ambition - Laufschuhe - MioMioRun\" \/>\n<meta property=\"og:description\" content=\"Der Adizero Ambition ist ein leichter Sportschuh mit einer Lightstrike Pro-Zwischensohle und einem atmungsaktiven Obermaterial. Mit voller Geschwindigkeit die Ziellinie \u00fcberqueren\" \/>\n<meta property=\"og:url\" content=\"https:\/\/www.miomiorun.com\/de\/produkt\/adizero-ambition\/\" \/>\n<meta property=\"og:site_name\" content=\"MioMioRun\" \/>\n<meta property=\"article:publisher\" content=\"https:\/\/www.facebook.com\/miomiorun\/\" \/>\n<meta property=\"article:modified_time\" content=\"2026-05-08T20:27:26+00:00\" \/>\n<meta property=\"og:image\" content=\"https:\/\/www.miomiorun.com\/app\/uploads\/2025\/02\/adidas-Adizero-ambition-luclem-cblack-halsil-IH5798.webp\" \/>\n\t<meta property=\"og:image:width\" content=\"600\" \/>\n\t<meta property=\"og:image:height\" content=\"600\" \/>\n\t<meta property=\"og:image:type\" content=\"image\/webp\" \/>\n<meta name=\"twitter:card\" content=\"summary_large_image\" \/>\n<meta name=\"twitter:label1\" content=\"Est. reading time\" \/>\n\t<meta name=\"twitter:data1\" content=\"1 minute\" \/>\n<script type=\"application\/ld+json\" class=\"yoast-schema-graph\">{\"@context\":\"https:\/\/schema.org\",\"@graph\":[{\"@type\":\"WebPage\",\"@id\":\"https:\/\/www.miomiorun.com\/de\/produkt\/adizero-ambition\/\",\"url\":\"https:\/\/www.miomiorun.com\/de\/produkt\/adizero-ambition\/\",\"name\":\"Adidas Adizero Ambition - Laufschuhe - MioMioRun\",\"isPartOf\":{\"@id\":\"https:\/\/www.miomiorun.com\/de\/#website\"},\"primaryImageOfPage\":{\"@id\":\"https:\/\/www.miomiorun.com\/de\/produkt\/adizero-ambition\/#primaryimage\"},\"image\":{\"@id\":\"https:\/\/www.miomiorun.com\/de\/produkt\/adizero-ambition\/#primaryimage\"},\"thumbnailUrl\":\"https:\/\/www.miomiorun.com\/app\/uploads\/2025\/02\/adidas-Adizero-ambition-luclem-cblack-halsil-IH5798.webp\",\"datePublished\":\"2025-02-12T10:27:36+00:00\",\"dateModified\":\"2026-05-08T20:27:26+00:00\",\"description\":\"Der Adizero Ambition ist ein leichter Sportschuh mit einer Lightstrike Pro-Zwischensohle und einem atmungsaktiven Obermaterial. Mit voller Geschwindigkeit die Ziellinie \u00fcberqueren\",\"breadcrumb\":{\"@id\":\"https:\/\/www.miomiorun.com\/de\/produkt\/adizero-ambition\/#breadcrumb\"},\"inLanguage\":\"de-DE\",\"potentialAction\":[{\"@type\":\"ReadAction\",\"target\":[\"https:\/\/www.miomiorun.com\/de\/produkt\/adizero-ambition\/\"]}]},{\"@type\":\"ImageObject\",\"inLanguage\":\"de-DE\",\"@id\":\"https:\/\/www.miomiorun.com\/de\/produkt\/adizero-ambition\/#primaryimage\",\"url\":\"https:\/\/www.miomiorun.com\/app\/uploads\/2025\/02\/adidas-Adizero-ambition-luclem-cblack-halsil-IH5798.webp\",\"contentUrl\":\"https:\/\/www.miomiorun.com\/app\/uploads\/2025\/02\/adidas-Adizero-ambition-luclem-cblack-halsil-IH5798.webp\",\"width\":600,\"height\":600,\"caption\":\"adidas Adizero ambition luclem cblack halsil IH5798\"},{\"@type\":\"BreadcrumbList\",\"@id\":\"https:\/\/www.miomiorun.com\/de\/produkt\/adizero-ambition\/#breadcrumb\",\"itemListElement\":[{\"@type\":\"ListItem\",\"position\":1,\"name\":\"Home\",\"item\":\"https:\/\/www.miomiorun.com\/de\/\"},{\"@type\":\"ListItem\",\"position\":2,\"name\":\"Shop\",\"item\":\"https:\/\/www.miomiorun.com\/shop\/\"},{\"@type\":\"ListItem\",\"position\":3,\"name\":\"Adizero Ambition\"}]},{\"@type\":\"WebSite\",\"@id\":\"https:\/\/www.miomiorun.com\/de\/#website\",\"url\":\"https:\/\/www.miomiorun.com\/de\/\",\"name\":\"MioMioRun\",\"description\":\"100% Lauf- und Trailshop\",\"publisher\":{\"@id\":\"https:\/\/www.miomiorun.com\/de\/#organization\"},\"potentialAction\":[{\"@type\":\"SearchAction\",\"target\":{\"@type\":\"EntryPoint\",\"urlTemplate\":\"https:\/\/www.miomiorun.com\/de\/?s={search_term_string}\"},\"query-input\":{\"@type\":\"PropertyValueSpecification\",\"valueRequired\":true,\"valueName\":\"search_term_string\"}}],\"inLanguage\":\"de-DE\"},{\"@type\":\"Organization\",\"@id\":\"https:\/\/www.miomiorun.com\/de\/#organization\",\"name\":\"MioMio Run\",\"url\":\"https:\/\/www.miomiorun.com\/de\/\",\"logo\":{\"@type\":\"ImageObject\",\"inLanguage\":\"de-DE\",\"@id\":\"https:\/\/www.miomiorun.com\/de\/#\/schema\/logo\/image\/\",\"url\":\"https:\/\/www.miomiorun.com\/app\/uploads\/2019\/12\/logomio.png\",\"contentUrl\":\"https:\/\/www.miomiorun.com\/app\/uploads\/2019\/12\/logomio.png\",\"width\":115,\"height\":82,\"caption\":\"MioMio Run\"},\"image\":{\"@id\":\"https:\/\/www.miomiorun.com\/de\/#\/schema\/logo\/image\/\"},\"sameAs\":[\"https:\/\/www.facebook.com\/miomiorun\/\",\"https:\/\/www.instagram.com\/miomiorun\/\"]}]}<\/script>\n<!-- \/ Yoast SEO plugin. -->","yoast_head_json":{"title":"Adidas Adizero Ambition - Laufschuhe - MioMioRun","description":"Der Adizero Ambition ist ein leichter Sportschuh mit einer Lightstrike Pro-Zwischensohle und einem atmungsaktiven Obermaterial. Mit voller Geschwindigkeit die Ziellinie \u00fcberqueren","robots":{"index":"index","follow":"follow","max-snippet":"max-snippet:-1","max-image-preview":"max-image-preview:large","max-video-preview":"max-video-preview:-1"},"canonical":"https:\/\/www.miomiorun.com\/de\/produkt\/adizero-ambition\/","og_locale":"de_DE","og_type":"article","og_title":"Adidas Adizero Ambition - Laufschuhe - MioMioRun","og_description":"Der Adizero Ambition ist ein leichter Sportschuh mit einer Lightstrike Pro-Zwischensohle und einem atmungsaktiven Obermaterial. Mit voller Geschwindigkeit die Ziellinie \u00fcberqueren","og_url":"https:\/\/www.miomiorun.com\/de\/produkt\/adizero-ambition\/","og_site_name":"MioMioRun","article_publisher":"https:\/\/www.facebook.com\/miomiorun\/","article_modified_time":"2026-05-08T20:27:26+00:00","og_image":[{"width":600,"height":600,"url":"https:\/\/www.miomiorun.com\/app\/uploads\/2025\/02\/adidas-Adizero-ambition-luclem-cblack-halsil-IH5798.webp","type":"image\/webp"}],"twitter_card":"summary_large_image","twitter_misc":{"Est. reading time":"1 minute"},"schema":{"@context":"https:\/\/schema.org","@graph":[{"@type":"WebPage","@id":"https:\/\/www.miomiorun.com\/de\/produkt\/adizero-ambition\/","url":"https:\/\/www.miomiorun.com\/de\/produkt\/adizero-ambition\/","name":"Adidas Adizero Ambition - Laufschuhe - MioMioRun","isPartOf":{"@id":"https:\/\/www.miomiorun.com\/de\/#website"},"primaryImageOfPage":{"@id":"https:\/\/www.miomiorun.com\/de\/produkt\/adizero-ambition\/#primaryimage"},"image":{"@id":"https:\/\/www.miomiorun.com\/de\/produkt\/adizero-ambition\/#primaryimage"},"thumbnailUrl":"https:\/\/www.miomiorun.com\/app\/uploads\/2025\/02\/adidas-Adizero-ambition-luclem-cblack-halsil-IH5798.webp","datePublished":"2025-02-12T10:27:36+00:00","dateModified":"2026-05-08T20:27:26+00:00","description":"Der Adizero Ambition ist ein leichter Sportschuh mit einer Lightstrike Pro-Zwischensohle und einem atmungsaktiven Obermaterial. Mit voller Geschwindigkeit die Ziellinie \u00fcberqueren","breadcrumb":{"@id":"https:\/\/www.miomiorun.com\/de\/produkt\/adizero-ambition\/#breadcrumb"},"inLanguage":"de-DE","potentialAction":[{"@type":"ReadAction","target":["https:\/\/www.miomiorun.com\/de\/produkt\/adizero-ambition\/"]}]},{"@type":"ImageObject","inLanguage":"de-DE","@id":"https:\/\/www.miomiorun.com\/de\/produkt\/adizero-ambition\/#primaryimage","url":"https:\/\/www.miomiorun.com\/app\/uploads\/2025\/02\/adidas-Adizero-ambition-luclem-cblack-halsil-IH5798.webp","contentUrl":"https:\/\/www.miomiorun.com\/app\/uploads\/2025\/02\/adidas-Adizero-ambition-luclem-cblack-halsil-IH5798.webp","width":600,"height":600,"caption":"adidas Adizero ambition luclem cblack halsil IH5798"},{"@type":"BreadcrumbList","@id":"https:\/\/www.miomiorun.com\/de\/produkt\/adizero-ambition\/#breadcrumb","itemListElement":[{"@type":"ListItem","position":1,"name":"Home","item":"https:\/\/www.miomiorun.com\/de\/"},{"@type":"ListItem","position":2,"name":"Shop","item":"https:\/\/www.miomiorun.com\/shop\/"},{"@type":"ListItem","position":3,"name":"Adizero Ambition"}]},{"@type":"WebSite","@id":"https:\/\/www.miomiorun.com\/de\/#website","url":"https:\/\/www.miomiorun.com\/de\/","name":"MioMioRun","description":"100% Lauf- und Trailshop","publisher":{"@id":"https:\/\/www.miomiorun.com\/de\/#organization"},"potentialAction":[{"@type":"SearchAction","target":{"@type":"EntryPoint","urlTemplate":"https:\/\/www.miomiorun.com\/de\/?s={search_term_string}"},"query-input":{"@type":"PropertyValueSpecification","valueRequired":true,"valueName":"search_term_string"}}],"inLanguage":"de-DE"},{"@type":"Organization","@id":"https:\/\/www.miomiorun.com\/de\/#organization","name":"MioMio Run","url":"https:\/\/www.miomiorun.com\/de\/","logo":{"@type":"ImageObject","inLanguage":"de-DE","@id":"https:\/\/www.miomiorun.com\/de\/#\/schema\/logo\/image\/","url":"https:\/\/www.miomiorun.com\/app\/uploads\/2019\/12\/logomio.png","contentUrl":"https:\/\/www.miomiorun.com\/app\/uploads\/2019\/12\/logomio.png","width":115,"height":82,"caption":"MioMio Run"},"image":{"@id":"https:\/\/www.miomiorun.com\/de\/#\/schema\/logo\/image\/"},"sameAs":["https:\/\/www.facebook.com\/miomiorun\/","https:\/\/www.instagram.com\/miomiorun\/"]}]}},"_links":{"self":[{"href":"https:\/\/www.miomiorun.com\/de\/wp-json\/wp\/v2\/product\/254087","targetHints":{"allow":["GET"]}}],"collection":[{"href":"https:\/\/www.miomiorun.com\/de\/wp-json\/wp\/v2\/product"}],"about":[{"href":"https:\/\/www.miomiorun.com\/de\/wp-json\/wp\/v2\/types\/product"}],"wp:featuredmedia":[{"embeddable":true,"href":"https:\/\/www.miomiorun.com\/de\/wp-json\/wp\/v2\/media\/255213"}],"wp:attachment":[{"href":"https:\/\/www.miomiorun.com\/de\/wp-json\/wp\/v2\/media?parent=254087"}],"wp:term":[{"taxonomy":"product_brand","embeddable":true,"href":"https:\/\/www.miomiorun.com\/de\/wp-json\/wp\/v2\/product_brand?post=254087"},{"taxonomy":"product_cat","embeddable":true,"href":"https:\/\/www.miomiorun.com\/de\/wp-json\/wp\/v2\/product_cat?post=254087"},{"taxonomy":"product_tag","embeddable":true,"href":"https:\/\/www.miomiorun.com\/de\/wp-json\/wp\/v2\/product_tag?post=254087"}],"curies":[{"name":"wp","href":"https:\/\/api.w.org\/{rel}","templated":true}]}}