{"id":253851,"date":"2025-02-11T18:02:49","date_gmt":"2025-02-11T17:02:49","guid":{"rendered":"https:\/\/miomiorun.com\/?post_type=product&#038;p=253851"},"modified":"2025-03-28T19:21:51","modified_gmt":"2025-03-28T18:21:51","slug":"sprint-free-tank-3-0-damen","status":"publish","type":"product","link":"https:\/\/www.miomiorun.com\/de\/produkt\/sprint-free-tank-3-0-damen\/","title":{"rendered":"Sprint free tank 3.0 damen"},"content":{"rendered":"<p>Diese \u00e4rmellose Laufweste f\u00fcr Damen ist die perfekte Mischung aus Leichtigkeit, Atmungsaktivit\u00e4t und Frische. Sie ist aus einem besonders atmungsaktiven Material gefertigt und h\u00e4lt dich auch bei den intensivsten L\u00e4ufen trocken. Dank der Anti-Geruchs-Technologie minimiert das Material au\u00dferdem unangenehme Ger\u00fcche, sodass Sie den Waschtag unbesorgt aufschieben k\u00f6nnen. Mit seinem minimalistischen, leistungsstarken Design ist es ideal f\u00fcr alle Sportlerinnen, die bei jedem Training Komfort und Funktionalit\u00e4t suchen. Sp\u00fcren Sie die Freiheit des unbeschwerten Laufens!<\/p>\n<p>TECHNISCHE EIGENSCHAFTEN:<\/p>\n<ul>\n<li>Leichte Atmungsaktivit\u00e4t<\/li>\n<li>Leistungsorientierte Passform<\/li>\n<li>Geruchshemmend<\/li>\n<\/ul>\n<p>PASSFORM: Semi-fit<\/p>\n<p>das hei\u00dft, die Kleidung passt sich der K\u00f6rperform an, l\u00e4sst aber Raum f\u00fcr Bewegung<\/p>\n","protected":false},"excerpt":{"rendered":"<ul class=\"m-long-description__features\">\n<li class=\"m-long-description__feature\">Ultra atmungsaktiv<\/li>\n<li class=\"m-long-description__feature\">Ideale Passform zum Laufen<\/li>\n<li class=\"m-long-description__feature\">Geruchshemmend<\/li>\n<\/ul>\n","protected":false},"featured_media":254205,"template":"","meta":{"_acf_changed":false,"inline_featured_image":false},"product_brand":[],"product_cat":[6400,6401,6403],"product_tag":[3362,6205],"class_list":{"0":"post-253851","1":"product","2":"type-product","3":"status-publish","4":"has-post-thumbnail","6":"product_cat-damen","7":"product_cat-damenbekleidung","8":"product_cat-damentank-tops","9":"product_tag-brooks-de","10":"product_tag-brooks-damen-de","11":"pa_attivita-fitness-de","12":"pa_attivita-gehen","13":"pa_attivita-running-de","14":"pa_colore-sprint-free-tank-3-0-w-neo-cayenne-speed-de","15":"pa_colore-sprint-free-tank-3-0-w-white-de","16":"pa_marca-brooks-de","17":"pa_sesso-damen","18":"pa_size-extra-small-de","19":"pa_size-small-de","21":"first","22":"instock","23":"sale","24":"taxable","25":"shipping-taxable","26":"purchasable","27":"product-type-variable","28":"wvs-archive-product-wrapper"},"acf":[],"yoast_head":"<!-- This site is optimized with the Yoast SEO plugin v26.8 - https:\/\/yoast.com\/product\/yoast-seo-wordpress\/ -->\n<title>Brooks Sprint free tank 3.0 damen - T-Shirt - MioMioRun<\/title>\n<meta name=\"description\" content=\"Entdecken Sie das Sprint free tank 3.0. Leicht, super atmungsaktiv und geruchshemmend, um dich auch bei den intensivsten Trainingseinheiten k\u00fchl und trocken zu halten.\" \/>\n<meta name=\"robots\" content=\"index, follow, max-snippet:-1, max-image-preview:large, max-video-preview:-1\" \/>\n<link rel=\"canonical\" href=\"https:\/\/www.miomiorun.com\/de\/produkt\/sprint-free-tank-3-0-damen\/\" \/>\n<meta property=\"og:locale\" content=\"de_DE\" \/>\n<meta property=\"og:type\" content=\"article\" \/>\n<meta property=\"og:title\" content=\"Brooks Sprint free tank 3.0 damen - T-Shirt - MioMioRun\" \/>\n<meta property=\"og:description\" content=\"Entdecken Sie das Sprint free tank 3.0. Leicht, super atmungsaktiv und geruchshemmend, um dich auch bei den intensivsten Trainingseinheiten k\u00fchl und trocken zu halten.\" \/>\n<meta property=\"og:url\" content=\"https:\/\/www.miomiorun.com\/de\/produkt\/sprint-free-tank-3-0-damen\/\" \/>\n<meta property=\"og:site_name\" content=\"MioMioRun\" \/>\n<meta property=\"article:publisher\" content=\"https:\/\/www.facebook.com\/miomiorun\/\" \/>\n<meta property=\"article:modified_time\" content=\"2025-03-28T18:21:51+00:00\" \/>\n<meta property=\"og:image\" content=\"https:\/\/www.miomiorun.com\/app\/uploads\/2025\/02\/brooks-Sprint-free-tank-3.0-W-neo-cayenne-speed-221713622.webp\" \/>\n\t<meta property=\"og:image:width\" content=\"600\" \/>\n\t<meta property=\"og:image:height\" content=\"600\" \/>\n\t<meta property=\"og:image:type\" content=\"image\/webp\" \/>\n<meta name=\"twitter:card\" content=\"summary_large_image\" \/>\n<meta name=\"twitter:label1\" content=\"Est. reading time\" \/>\n\t<meta name=\"twitter:data1\" content=\"2 minutes\" \/>\n<script type=\"application\/ld+json\" class=\"yoast-schema-graph\">{\"@context\":\"https:\/\/schema.org\",\"@graph\":[{\"@type\":\"WebPage\",\"@id\":\"https:\/\/www.miomiorun.com\/de\/produkt\/sprint-free-tank-3-0-damen\/\",\"url\":\"https:\/\/www.miomiorun.com\/de\/produkt\/sprint-free-tank-3-0-damen\/\",\"name\":\"Brooks Sprint free tank 3.0 damen - T-Shirt - MioMioRun\",\"isPartOf\":{\"@id\":\"https:\/\/www.miomiorun.com\/de\/#website\"},\"primaryImageOfPage\":{\"@id\":\"https:\/\/www.miomiorun.com\/de\/produkt\/sprint-free-tank-3-0-damen\/#primaryimage\"},\"image\":{\"@id\":\"https:\/\/www.miomiorun.com\/de\/produkt\/sprint-free-tank-3-0-damen\/#primaryimage\"},\"thumbnailUrl\":\"https:\/\/www.miomiorun.com\/app\/uploads\/2025\/02\/brooks-Sprint-free-tank-3.0-W-neo-cayenne-speed-221713622.webp\",\"datePublished\":\"2025-02-11T17:02:49+00:00\",\"dateModified\":\"2025-03-28T18:21:51+00:00\",\"description\":\"Entdecken Sie das Sprint free tank 3.0. Leicht, super atmungsaktiv und geruchshemmend, um dich auch bei den intensivsten Trainingseinheiten k\u00fchl und trocken zu halten.\",\"breadcrumb\":{\"@id\":\"https:\/\/www.miomiorun.com\/de\/produkt\/sprint-free-tank-3-0-damen\/#breadcrumb\"},\"inLanguage\":\"de-DE\",\"potentialAction\":[{\"@type\":\"ReadAction\",\"target\":[\"https:\/\/www.miomiorun.com\/de\/produkt\/sprint-free-tank-3-0-damen\/\"]}]},{\"@type\":\"ImageObject\",\"inLanguage\":\"de-DE\",\"@id\":\"https:\/\/www.miomiorun.com\/de\/produkt\/sprint-free-tank-3-0-damen\/#primaryimage\",\"url\":\"https:\/\/www.miomiorun.com\/app\/uploads\/2025\/02\/brooks-Sprint-free-tank-3.0-W-neo-cayenne-speed-221713622.webp\",\"contentUrl\":\"https:\/\/www.miomiorun.com\/app\/uploads\/2025\/02\/brooks-Sprint-free-tank-3.0-W-neo-cayenne-speed-221713622.webp\",\"width\":600,\"height\":600,\"caption\":\"brooks Sprint free tank 3.0 W neo cayenne speed 221713622\"},{\"@type\":\"BreadcrumbList\",\"@id\":\"https:\/\/www.miomiorun.com\/de\/produkt\/sprint-free-tank-3-0-damen\/#breadcrumb\",\"itemListElement\":[{\"@type\":\"ListItem\",\"position\":1,\"name\":\"Home\",\"item\":\"https:\/\/www.miomiorun.com\/de\/\"},{\"@type\":\"ListItem\",\"position\":2,\"name\":\"Shop\",\"item\":\"https:\/\/www.miomiorun.com\/shop\/\"},{\"@type\":\"ListItem\",\"position\":3,\"name\":\"Sprint free tank 3.0 damen\"}]},{\"@type\":\"WebSite\",\"@id\":\"https:\/\/www.miomiorun.com\/de\/#website\",\"url\":\"https:\/\/www.miomiorun.com\/de\/\",\"name\":\"MioMioRun\",\"description\":\"100% Lauf- und Trailshop\",\"publisher\":{\"@id\":\"https:\/\/www.miomiorun.com\/de\/#organization\"},\"potentialAction\":[{\"@type\":\"SearchAction\",\"target\":{\"@type\":\"EntryPoint\",\"urlTemplate\":\"https:\/\/www.miomiorun.com\/de\/?s={search_term_string}\"},\"query-input\":{\"@type\":\"PropertyValueSpecification\",\"valueRequired\":true,\"valueName\":\"search_term_string\"}}],\"inLanguage\":\"de-DE\"},{\"@type\":\"Organization\",\"@id\":\"https:\/\/www.miomiorun.com\/de\/#organization\",\"name\":\"MioMio Run\",\"url\":\"https:\/\/www.miomiorun.com\/de\/\",\"logo\":{\"@type\":\"ImageObject\",\"inLanguage\":\"de-DE\",\"@id\":\"https:\/\/www.miomiorun.com\/de\/#\/schema\/logo\/image\/\",\"url\":\"https:\/\/www.miomiorun.com\/app\/uploads\/2019\/12\/logomio.png\",\"contentUrl\":\"https:\/\/www.miomiorun.com\/app\/uploads\/2019\/12\/logomio.png\",\"width\":115,\"height\":82,\"caption\":\"MioMio Run\"},\"image\":{\"@id\":\"https:\/\/www.miomiorun.com\/de\/#\/schema\/logo\/image\/\"},\"sameAs\":[\"https:\/\/www.facebook.com\/miomiorun\/\",\"https:\/\/www.instagram.com\/miomiorun\/\"]}]}<\/script>\n<!-- \/ Yoast SEO plugin. -->","yoast_head_json":{"title":"Brooks Sprint free tank 3.0 damen - T-Shirt - MioMioRun","description":"Entdecken Sie das Sprint free tank 3.0. Leicht, super atmungsaktiv und geruchshemmend, um dich auch bei den intensivsten Trainingseinheiten k\u00fchl und trocken zu halten.","robots":{"index":"index","follow":"follow","max-snippet":"max-snippet:-1","max-image-preview":"max-image-preview:large","max-video-preview":"max-video-preview:-1"},"canonical":"https:\/\/www.miomiorun.com\/de\/produkt\/sprint-free-tank-3-0-damen\/","og_locale":"de_DE","og_type":"article","og_title":"Brooks Sprint free tank 3.0 damen - T-Shirt - MioMioRun","og_description":"Entdecken Sie das Sprint free tank 3.0. Leicht, super atmungsaktiv und geruchshemmend, um dich auch bei den intensivsten Trainingseinheiten k\u00fchl und trocken zu halten.","og_url":"https:\/\/www.miomiorun.com\/de\/produkt\/sprint-free-tank-3-0-damen\/","og_site_name":"MioMioRun","article_publisher":"https:\/\/www.facebook.com\/miomiorun\/","article_modified_time":"2025-03-28T18:21:51+00:00","og_image":[{"width":600,"height":600,"url":"https:\/\/www.miomiorun.com\/app\/uploads\/2025\/02\/brooks-Sprint-free-tank-3.0-W-neo-cayenne-speed-221713622.webp","type":"image\/webp"}],"twitter_card":"summary_large_image","twitter_misc":{"Est. reading time":"2 minutes"},"schema":{"@context":"https:\/\/schema.org","@graph":[{"@type":"WebPage","@id":"https:\/\/www.miomiorun.com\/de\/produkt\/sprint-free-tank-3-0-damen\/","url":"https:\/\/www.miomiorun.com\/de\/produkt\/sprint-free-tank-3-0-damen\/","name":"Brooks Sprint free tank 3.0 damen - T-Shirt - MioMioRun","isPartOf":{"@id":"https:\/\/www.miomiorun.com\/de\/#website"},"primaryImageOfPage":{"@id":"https:\/\/www.miomiorun.com\/de\/produkt\/sprint-free-tank-3-0-damen\/#primaryimage"},"image":{"@id":"https:\/\/www.miomiorun.com\/de\/produkt\/sprint-free-tank-3-0-damen\/#primaryimage"},"thumbnailUrl":"https:\/\/www.miomiorun.com\/app\/uploads\/2025\/02\/brooks-Sprint-free-tank-3.0-W-neo-cayenne-speed-221713622.webp","datePublished":"2025-02-11T17:02:49+00:00","dateModified":"2025-03-28T18:21:51+00:00","description":"Entdecken Sie das Sprint free tank 3.0. Leicht, super atmungsaktiv und geruchshemmend, um dich auch bei den intensivsten Trainingseinheiten k\u00fchl und trocken zu halten.","breadcrumb":{"@id":"https:\/\/www.miomiorun.com\/de\/produkt\/sprint-free-tank-3-0-damen\/#breadcrumb"},"inLanguage":"de-DE","potentialAction":[{"@type":"ReadAction","target":["https:\/\/www.miomiorun.com\/de\/produkt\/sprint-free-tank-3-0-damen\/"]}]},{"@type":"ImageObject","inLanguage":"de-DE","@id":"https:\/\/www.miomiorun.com\/de\/produkt\/sprint-free-tank-3-0-damen\/#primaryimage","url":"https:\/\/www.miomiorun.com\/app\/uploads\/2025\/02\/brooks-Sprint-free-tank-3.0-W-neo-cayenne-speed-221713622.webp","contentUrl":"https:\/\/www.miomiorun.com\/app\/uploads\/2025\/02\/brooks-Sprint-free-tank-3.0-W-neo-cayenne-speed-221713622.webp","width":600,"height":600,"caption":"brooks Sprint free tank 3.0 W neo cayenne speed 221713622"},{"@type":"BreadcrumbList","@id":"https:\/\/www.miomiorun.com\/de\/produkt\/sprint-free-tank-3-0-damen\/#breadcrumb","itemListElement":[{"@type":"ListItem","position":1,"name":"Home","item":"https:\/\/www.miomiorun.com\/de\/"},{"@type":"ListItem","position":2,"name":"Shop","item":"https:\/\/www.miomiorun.com\/shop\/"},{"@type":"ListItem","position":3,"name":"Sprint free tank 3.0 damen"}]},{"@type":"WebSite","@id":"https:\/\/www.miomiorun.com\/de\/#website","url":"https:\/\/www.miomiorun.com\/de\/","name":"MioMioRun","description":"100% Lauf- und Trailshop","publisher":{"@id":"https:\/\/www.miomiorun.com\/de\/#organization"},"potentialAction":[{"@type":"SearchAction","target":{"@type":"EntryPoint","urlTemplate":"https:\/\/www.miomiorun.com\/de\/?s={search_term_string}"},"query-input":{"@type":"PropertyValueSpecification","valueRequired":true,"valueName":"search_term_string"}}],"inLanguage":"de-DE"},{"@type":"Organization","@id":"https:\/\/www.miomiorun.com\/de\/#organization","name":"MioMio Run","url":"https:\/\/www.miomiorun.com\/de\/","logo":{"@type":"ImageObject","inLanguage":"de-DE","@id":"https:\/\/www.miomiorun.com\/de\/#\/schema\/logo\/image\/","url":"https:\/\/www.miomiorun.com\/app\/uploads\/2019\/12\/logomio.png","contentUrl":"https:\/\/www.miomiorun.com\/app\/uploads\/2019\/12\/logomio.png","width":115,"height":82,"caption":"MioMio Run"},"image":{"@id":"https:\/\/www.miomiorun.com\/de\/#\/schema\/logo\/image\/"},"sameAs":["https:\/\/www.facebook.com\/miomiorun\/","https:\/\/www.instagram.com\/miomiorun\/"]}]}},"_links":{"self":[{"href":"https:\/\/www.miomiorun.com\/de\/wp-json\/wp\/v2\/product\/253851","targetHints":{"allow":["GET"]}}],"collection":[{"href":"https:\/\/www.miomiorun.com\/de\/wp-json\/wp\/v2\/product"}],"about":[{"href":"https:\/\/www.miomiorun.com\/de\/wp-json\/wp\/v2\/types\/product"}],"wp:featuredmedia":[{"embeddable":true,"href":"https:\/\/www.miomiorun.com\/de\/wp-json\/wp\/v2\/media\/254205"}],"wp:attachment":[{"href":"https:\/\/www.miomiorun.com\/de\/wp-json\/wp\/v2\/media?parent=253851"}],"wp:term":[{"taxonomy":"product_brand","embeddable":true,"href":"https:\/\/www.miomiorun.com\/de\/wp-json\/wp\/v2\/product_brand?post=253851"},{"taxonomy":"product_cat","embeddable":true,"href":"https:\/\/www.miomiorun.com\/de\/wp-json\/wp\/v2\/product_cat?post=253851"},{"taxonomy":"product_tag","embeddable":true,"href":"https:\/\/www.miomiorun.com\/de\/wp-json\/wp\/v2\/product_tag?post=253851"}],"curies":[{"name":"wp","href":"https:\/\/api.w.org\/{rel}","templated":true}]}}