{"id":253523,"date":"2025-02-10T19:09:52","date_gmt":"2025-02-10T18:09:52","guid":{"rendered":"https:\/\/miomiorun.com\/?post_type=product&#038;p=253523"},"modified":"2025-04-03T15:49:52","modified_gmt":"2025-04-03T13:49:52","slug":"journey-7-2-in-1-short-herren","status":"publish","type":"product","link":"https:\/\/www.miomiorun.com\/de\/produkt\/journey-7-2-in-1-short-herren\/","title":{"rendered":"Journey 7&#8243; 2-in-1 Short herren"},"content":{"rendered":"<p>Die Journey 7&#8243; 2-in-1-Laufshort ist ideal f\u00fcr alle, die zus\u00e4tzlichen Schutz suchen, ohne ihre Bewegungsfreiheit einzuschr\u00e4nken. Sie ist mit einer ultraleichten Mesh-Innenhose ausgestattet und bietet ein komprimierendes Gef\u00fchl, das st\u00fctzt, ohne zu beschweren, und sorgt f\u00fcr maximalen Komfort bei k\u00f6rperlicher Aktivit\u00e4t. Das 4-Wege-Stretch-Material erm\u00f6glicht eine perfekte Passform, die sich dem K\u00f6rper anpasst und f\u00fcr fl\u00fcssige und nat\u00fcrliche Bewegungen sorgt. Der elastische Bund, kombiniert mit einem verstellbaren inneren Kordelzug, erm\u00f6glicht eine individuelle Anpassung der Passform, w\u00e4hrend die zahlreichen Taschen, sowohl innen als auch au\u00dfen, reichlich Platz bieten, um Ihre wichtigsten Dinge zu verstauen. Eine in das Kompressionsmaterial integrierte Rei\u00dfverschlusstasche sorgt f\u00fcr einen stabilen und sicheren Verschluss, ideal, um Ihre Sachen w\u00e4hrend des Laufens sicher aufzubewahren. Mit dieser Short wird jeder Lauf praktischer und bequemer.<\/p>\n<p><strong>Eigenschaften:<\/strong><\/p>\n<ul>\n<li>Stretch-Boxer-Futter<\/li>\n<li>Maximale Bewegungsfreiheit<\/li>\n<li>Mehrere Taschen<\/li>\n<\/ul>\n<h3><\/h3>\n<p>Die Passform ist Semi Fitted, d.h. das Kleidungsst\u00fcck passt sich der K\u00f6rperform an, l\u00e4sst aber Bewegungsfreiheit.<\/p>\n<div aria-hidden=\"true\"><\/div>\n<div class=\"m-long-description__feature--bullets\" aria-hidden=\"true\"><\/div>\n<div class=\"m-long-description__sustainability\">\n<div class=\"m-long-description__sustainability--value\"><\/div>\n<div class=\"m-long-description__sustainability--value\"><\/div>\n<\/div>\n<div class=\"m-long-description__sustainability--text\"><\/div>\n<div><\/div>\n<div><\/div>\n<p>&nbsp;<\/p>\n<div><\/div>\n<p>&nbsp;<\/p>\n","protected":false},"excerpt":{"rendered":"<ul class=\"m-long-description__features\">\n<li class=\"m-long-description__feature\">Maximale Bewegungsfreiheit<\/li>\n<li class=\"m-long-description__feature\">Stauraum<\/li>\n<\/ul>\n","protected":false},"featured_media":254004,"template":"","meta":{"_acf_changed":false,"inline_featured_image":false},"product_brand":[],"product_cat":[6515,6540,6510],"product_tag":[3362,6207],"class_list":{"0":"post-253523","1":"product","2":"type-product","3":"status-publish","4":"has-post-thumbnail","6":"product_cat-herren-de","7":"product_cat-herrenbekleidung","8":"product_cat-shorts","9":"product_tag-brooks-de","10":"product_tag-brooks-herren-de","11":"pa_attivita-running-de","12":"pa_attivita-trail-de","13":"pa_colore-journey-7-2-in-1-short-blue-slate-de","14":"pa_marca-brooks-de","15":"pa_sesso-herren","16":"pa_size-large-de","17":"pa_size-extra-large-de","19":"first","20":"instock","21":"sale","22":"taxable","23":"shipping-taxable","24":"purchasable","25":"product-type-variable","26":"wvs-archive-product-wrapper"},"acf":[],"yoast_head":"<!-- This site is optimized with the Yoast SEO plugin v26.8 - https:\/\/yoast.com\/product\/yoast-seo-wordpress\/ -->\n<title>Brooks Journey 7&quot; 2-in-1 Short herren - Kurze Sommerhosen - MioMioRun<\/title>\n<meta name=\"description\" content=\"Shorts mit Innennetz-Boxershorts, 4-Wege-Stretch-Material, verstellbarem Bund, mehreren Taschen und Rei\u00dfverschlusstasche f\u00fcr sicheres Laufen\" \/>\n<meta name=\"robots\" content=\"index, follow, max-snippet:-1, max-image-preview:large, max-video-preview:-1\" \/>\n<link rel=\"canonical\" href=\"https:\/\/www.miomiorun.com\/de\/produkt\/journey-7-2-in-1-short-herren\/\" \/>\n<meta property=\"og:locale\" content=\"de_DE\" \/>\n<meta property=\"og:type\" content=\"article\" \/>\n<meta property=\"og:title\" content=\"Brooks Journey 7&quot; 2-in-1 Short herren - Kurze Sommerhosen - MioMioRun\" \/>\n<meta property=\"og:description\" content=\"Shorts mit Innennetz-Boxershorts, 4-Wege-Stretch-Material, verstellbarem Bund, mehreren Taschen und Rei\u00dfverschlusstasche f\u00fcr sicheres Laufen\" \/>\n<meta property=\"og:url\" content=\"https:\/\/www.miomiorun.com\/de\/produkt\/journey-7-2-in-1-short-herren\/\" \/>\n<meta property=\"og:site_name\" content=\"MioMioRun\" \/>\n<meta property=\"article:publisher\" content=\"https:\/\/www.facebook.com\/miomiorun\/\" \/>\n<meta property=\"article:modified_time\" content=\"2025-04-03T13:49:52+00:00\" \/>\n<meta property=\"og:image\" content=\"https:\/\/www.miomiorun.com\/app\/uploads\/2025\/02\/brooks-Journey-7-2-in-1-short-blue-slate-211543455.webp\" \/>\n\t<meta property=\"og:image:width\" content=\"600\" \/>\n\t<meta property=\"og:image:height\" content=\"600\" \/>\n\t<meta property=\"og:image:type\" content=\"image\/webp\" \/>\n<meta name=\"twitter:card\" content=\"summary_large_image\" \/>\n<meta name=\"twitter:label1\" content=\"Est. reading time\" \/>\n\t<meta name=\"twitter:data1\" content=\"1 minute\" \/>\n<script type=\"application\/ld+json\" class=\"yoast-schema-graph\">{\"@context\":\"https:\/\/schema.org\",\"@graph\":[{\"@type\":\"WebPage\",\"@id\":\"https:\/\/www.miomiorun.com\/de\/produkt\/journey-7-2-in-1-short-herren\/\",\"url\":\"https:\/\/www.miomiorun.com\/de\/produkt\/journey-7-2-in-1-short-herren\/\",\"name\":\"Brooks Journey 7\\\" 2-in-1 Short herren - Kurze Sommerhosen - MioMioRun\",\"isPartOf\":{\"@id\":\"https:\/\/www.miomiorun.com\/de\/#website\"},\"primaryImageOfPage\":{\"@id\":\"https:\/\/www.miomiorun.com\/de\/produkt\/journey-7-2-in-1-short-herren\/#primaryimage\"},\"image\":{\"@id\":\"https:\/\/www.miomiorun.com\/de\/produkt\/journey-7-2-in-1-short-herren\/#primaryimage\"},\"thumbnailUrl\":\"https:\/\/www.miomiorun.com\/app\/uploads\/2025\/02\/brooks-Journey-7-2-in-1-short-blue-slate-211543455.webp\",\"datePublished\":\"2025-02-10T18:09:52+00:00\",\"dateModified\":\"2025-04-03T13:49:52+00:00\",\"description\":\"Shorts mit Innennetz-Boxershorts, 4-Wege-Stretch-Material, verstellbarem Bund, mehreren Taschen und Rei\u00dfverschlusstasche f\u00fcr sicheres Laufen\",\"breadcrumb\":{\"@id\":\"https:\/\/www.miomiorun.com\/de\/produkt\/journey-7-2-in-1-short-herren\/#breadcrumb\"},\"inLanguage\":\"de-DE\",\"potentialAction\":[{\"@type\":\"ReadAction\",\"target\":[\"https:\/\/www.miomiorun.com\/de\/produkt\/journey-7-2-in-1-short-herren\/\"]}]},{\"@type\":\"ImageObject\",\"inLanguage\":\"de-DE\",\"@id\":\"https:\/\/www.miomiorun.com\/de\/produkt\/journey-7-2-in-1-short-herren\/#primaryimage\",\"url\":\"https:\/\/www.miomiorun.com\/app\/uploads\/2025\/02\/brooks-Journey-7-2-in-1-short-blue-slate-211543455.webp\",\"contentUrl\":\"https:\/\/www.miomiorun.com\/app\/uploads\/2025\/02\/brooks-Journey-7-2-in-1-short-blue-slate-211543455.webp\",\"width\":600,\"height\":600,\"caption\":\"brooks Journey 7 2-in-1 short blue slate 211543455\"},{\"@type\":\"BreadcrumbList\",\"@id\":\"https:\/\/www.miomiorun.com\/de\/produkt\/journey-7-2-in-1-short-herren\/#breadcrumb\",\"itemListElement\":[{\"@type\":\"ListItem\",\"position\":1,\"name\":\"Home\",\"item\":\"https:\/\/www.miomiorun.com\/de\/\"},{\"@type\":\"ListItem\",\"position\":2,\"name\":\"Shop\",\"item\":\"https:\/\/www.miomiorun.com\/shop\/\"},{\"@type\":\"ListItem\",\"position\":3,\"name\":\"Journey 7&#8243; 2-in-1 Short herren\"}]},{\"@type\":\"WebSite\",\"@id\":\"https:\/\/www.miomiorun.com\/de\/#website\",\"url\":\"https:\/\/www.miomiorun.com\/de\/\",\"name\":\"MioMioRun\",\"description\":\"100% Lauf- und Trailshop\",\"publisher\":{\"@id\":\"https:\/\/www.miomiorun.com\/de\/#organization\"},\"potentialAction\":[{\"@type\":\"SearchAction\",\"target\":{\"@type\":\"EntryPoint\",\"urlTemplate\":\"https:\/\/www.miomiorun.com\/de\/?s={search_term_string}\"},\"query-input\":{\"@type\":\"PropertyValueSpecification\",\"valueRequired\":true,\"valueName\":\"search_term_string\"}}],\"inLanguage\":\"de-DE\"},{\"@type\":\"Organization\",\"@id\":\"https:\/\/www.miomiorun.com\/de\/#organization\",\"name\":\"MioMio Run\",\"url\":\"https:\/\/www.miomiorun.com\/de\/\",\"logo\":{\"@type\":\"ImageObject\",\"inLanguage\":\"de-DE\",\"@id\":\"https:\/\/www.miomiorun.com\/de\/#\/schema\/logo\/image\/\",\"url\":\"https:\/\/www.miomiorun.com\/app\/uploads\/2019\/12\/logomio.png\",\"contentUrl\":\"https:\/\/www.miomiorun.com\/app\/uploads\/2019\/12\/logomio.png\",\"width\":115,\"height\":82,\"caption\":\"MioMio Run\"},\"image\":{\"@id\":\"https:\/\/www.miomiorun.com\/de\/#\/schema\/logo\/image\/\"},\"sameAs\":[\"https:\/\/www.facebook.com\/miomiorun\/\",\"https:\/\/www.instagram.com\/miomiorun\/\"]}]}<\/script>\n<!-- \/ Yoast SEO plugin. -->","yoast_head_json":{"title":"Brooks Journey 7\" 2-in-1 Short herren - Kurze Sommerhosen - MioMioRun","description":"Shorts mit Innennetz-Boxershorts, 4-Wege-Stretch-Material, verstellbarem Bund, mehreren Taschen und Rei\u00dfverschlusstasche f\u00fcr sicheres Laufen","robots":{"index":"index","follow":"follow","max-snippet":"max-snippet:-1","max-image-preview":"max-image-preview:large","max-video-preview":"max-video-preview:-1"},"canonical":"https:\/\/www.miomiorun.com\/de\/produkt\/journey-7-2-in-1-short-herren\/","og_locale":"de_DE","og_type":"article","og_title":"Brooks Journey 7\" 2-in-1 Short herren - Kurze Sommerhosen - MioMioRun","og_description":"Shorts mit Innennetz-Boxershorts, 4-Wege-Stretch-Material, verstellbarem Bund, mehreren Taschen und Rei\u00dfverschlusstasche f\u00fcr sicheres Laufen","og_url":"https:\/\/www.miomiorun.com\/de\/produkt\/journey-7-2-in-1-short-herren\/","og_site_name":"MioMioRun","article_publisher":"https:\/\/www.facebook.com\/miomiorun\/","article_modified_time":"2025-04-03T13:49:52+00:00","og_image":[{"width":600,"height":600,"url":"https:\/\/www.miomiorun.com\/app\/uploads\/2025\/02\/brooks-Journey-7-2-in-1-short-blue-slate-211543455.webp","type":"image\/webp"}],"twitter_card":"summary_large_image","twitter_misc":{"Est. reading time":"1 minute"},"schema":{"@context":"https:\/\/schema.org","@graph":[{"@type":"WebPage","@id":"https:\/\/www.miomiorun.com\/de\/produkt\/journey-7-2-in-1-short-herren\/","url":"https:\/\/www.miomiorun.com\/de\/produkt\/journey-7-2-in-1-short-herren\/","name":"Brooks Journey 7\" 2-in-1 Short herren - Kurze Sommerhosen - MioMioRun","isPartOf":{"@id":"https:\/\/www.miomiorun.com\/de\/#website"},"primaryImageOfPage":{"@id":"https:\/\/www.miomiorun.com\/de\/produkt\/journey-7-2-in-1-short-herren\/#primaryimage"},"image":{"@id":"https:\/\/www.miomiorun.com\/de\/produkt\/journey-7-2-in-1-short-herren\/#primaryimage"},"thumbnailUrl":"https:\/\/www.miomiorun.com\/app\/uploads\/2025\/02\/brooks-Journey-7-2-in-1-short-blue-slate-211543455.webp","datePublished":"2025-02-10T18:09:52+00:00","dateModified":"2025-04-03T13:49:52+00:00","description":"Shorts mit Innennetz-Boxershorts, 4-Wege-Stretch-Material, verstellbarem Bund, mehreren Taschen und Rei\u00dfverschlusstasche f\u00fcr sicheres Laufen","breadcrumb":{"@id":"https:\/\/www.miomiorun.com\/de\/produkt\/journey-7-2-in-1-short-herren\/#breadcrumb"},"inLanguage":"de-DE","potentialAction":[{"@type":"ReadAction","target":["https:\/\/www.miomiorun.com\/de\/produkt\/journey-7-2-in-1-short-herren\/"]}]},{"@type":"ImageObject","inLanguage":"de-DE","@id":"https:\/\/www.miomiorun.com\/de\/produkt\/journey-7-2-in-1-short-herren\/#primaryimage","url":"https:\/\/www.miomiorun.com\/app\/uploads\/2025\/02\/brooks-Journey-7-2-in-1-short-blue-slate-211543455.webp","contentUrl":"https:\/\/www.miomiorun.com\/app\/uploads\/2025\/02\/brooks-Journey-7-2-in-1-short-blue-slate-211543455.webp","width":600,"height":600,"caption":"brooks Journey 7 2-in-1 short blue slate 211543455"},{"@type":"BreadcrumbList","@id":"https:\/\/www.miomiorun.com\/de\/produkt\/journey-7-2-in-1-short-herren\/#breadcrumb","itemListElement":[{"@type":"ListItem","position":1,"name":"Home","item":"https:\/\/www.miomiorun.com\/de\/"},{"@type":"ListItem","position":2,"name":"Shop","item":"https:\/\/www.miomiorun.com\/shop\/"},{"@type":"ListItem","position":3,"name":"Journey 7&#8243; 2-in-1 Short herren"}]},{"@type":"WebSite","@id":"https:\/\/www.miomiorun.com\/de\/#website","url":"https:\/\/www.miomiorun.com\/de\/","name":"MioMioRun","description":"100% Lauf- und Trailshop","publisher":{"@id":"https:\/\/www.miomiorun.com\/de\/#organization"},"potentialAction":[{"@type":"SearchAction","target":{"@type":"EntryPoint","urlTemplate":"https:\/\/www.miomiorun.com\/de\/?s={search_term_string}"},"query-input":{"@type":"PropertyValueSpecification","valueRequired":true,"valueName":"search_term_string"}}],"inLanguage":"de-DE"},{"@type":"Organization","@id":"https:\/\/www.miomiorun.com\/de\/#organization","name":"MioMio Run","url":"https:\/\/www.miomiorun.com\/de\/","logo":{"@type":"ImageObject","inLanguage":"de-DE","@id":"https:\/\/www.miomiorun.com\/de\/#\/schema\/logo\/image\/","url":"https:\/\/www.miomiorun.com\/app\/uploads\/2019\/12\/logomio.png","contentUrl":"https:\/\/www.miomiorun.com\/app\/uploads\/2019\/12\/logomio.png","width":115,"height":82,"caption":"MioMio Run"},"image":{"@id":"https:\/\/www.miomiorun.com\/de\/#\/schema\/logo\/image\/"},"sameAs":["https:\/\/www.facebook.com\/miomiorun\/","https:\/\/www.instagram.com\/miomiorun\/"]}]}},"_links":{"self":[{"href":"https:\/\/www.miomiorun.com\/de\/wp-json\/wp\/v2\/product\/253523","targetHints":{"allow":["GET"]}}],"collection":[{"href":"https:\/\/www.miomiorun.com\/de\/wp-json\/wp\/v2\/product"}],"about":[{"href":"https:\/\/www.miomiorun.com\/de\/wp-json\/wp\/v2\/types\/product"}],"wp:featuredmedia":[{"embeddable":true,"href":"https:\/\/www.miomiorun.com\/de\/wp-json\/wp\/v2\/media\/254004"}],"wp:attachment":[{"href":"https:\/\/www.miomiorun.com\/de\/wp-json\/wp\/v2\/media?parent=253523"}],"wp:term":[{"taxonomy":"product_brand","embeddable":true,"href":"https:\/\/www.miomiorun.com\/de\/wp-json\/wp\/v2\/product_brand?post=253523"},{"taxonomy":"product_cat","embeddable":true,"href":"https:\/\/www.miomiorun.com\/de\/wp-json\/wp\/v2\/product_cat?post=253523"},{"taxonomy":"product_tag","embeddable":true,"href":"https:\/\/www.miomiorun.com\/de\/wp-json\/wp\/v2\/product_tag?post=253523"}],"curies":[{"name":"wp","href":"https:\/\/api.w.org\/{rel}","templated":true}]}}