{"id":253445,"date":"2025-02-10T18:50:44","date_gmt":"2025-02-10T17:50:44","guid":{"rendered":"https:\/\/miomiorun.com\/?post_type=product&#038;p=253445"},"modified":"2026-05-08T22:27:47","modified_gmt":"2026-05-08T20:27:47","slug":"journey-5-short-black-herren","status":"publish","type":"product","link":"https:\/\/www.miomiorun.com\/de\/produkt\/journey-5-short-black-herren\/","title":{"rendered":"Journey 5&#8243; short herren"},"content":{"rendered":"<div class=\"m-long-description__sustainability--value\"><\/div>\n<div>Die besten Laufshorts f\u00fcr M\u00e4nner sind ablenkungsfrei und erm\u00f6glichen es Ihnen, sich auf das Laufen zu konzentrieren. Die sehr beliebte Journey 5&#8243; Short von Brooks hat die perfekte L\u00e4nge, ist scheuerfrei und mit vielen Taschen ausgestattet. Die Passform ist semi-fit, so dass sie sich der K\u00f6rperform anpasst, aber dennoch Raum f\u00fcr Bewegung l\u00e4sst.<\/div>\n<div><\/div>\n<div><\/div>\n<div>Um das Aussehen und die Leistung Ihrer Brooks-Kleidung zu erhalten, waschen Sie sie vor dem Tragen separat in der Waschmaschine, verwenden Sie keinen Weichsp\u00fcler und trocknen Sie sie bei niedriger Temperatur.<\/div>\n<div><\/div>\n<div><\/div>\n<div class=\"m-long-description__sustainability--text\"><\/div>\n<div><\/div>\n<div><\/div>\n<p>&nbsp;<\/p>\n<div><\/div>\n<p>&nbsp;<\/p>\n","protected":false},"excerpt":{"rendered":"<p>&nbsp;<\/p>\n<ul class=\"m-long-description__features\">\n<li class=\"m-long-description__feature\">Maximale Bewegungsfreiheit<\/li>\n<li class=\"m-long-description__feature\">Stauraum<\/li>\n<\/ul>\n","protected":false},"featured_media":253991,"template":"","meta":{"_acf_changed":false,"inline_featured_image":false},"product_brand":[],"product_cat":[6515,6540,6510],"product_tag":[3362,6207],"class_list":{"0":"post-253445","1":"product","2":"type-product","3":"status-publish","4":"has-post-thumbnail","6":"product_cat-herren-de","7":"product_cat-herrenbekleidung","8":"product_cat-shorts","9":"product_tag-brooks-de","10":"product_tag-brooks-herren-de","11":"pa_attivita-running-de","12":"pa_attivita-trail-de","13":"pa_colore-journey-5-short-black-de","14":"pa_colore-journey-5-short-storm-speed-logo-de","15":"pa_marca-brooks-de","16":"pa_sesso-herren","17":"pa_size-small-de","18":"pa_size-extra-large-de","20":"first","21":"instock","22":"sale","23":"taxable","24":"shipping-taxable","25":"purchasable","26":"product-type-variable","27":"wvs-archive-product-wrapper"},"acf":[],"yoast_head":"<!-- This site is optimized with the Yoast SEO plugin v26.8 - https:\/\/yoast.com\/product\/yoast-seo-wordpress\/ -->\n<title>Brooks Journey 5&quot; short herren - Kurze Sommerhosen - MioMioRun<\/title>\n<meta name=\"description\" content=\"Die Journey 5&quot; Short ist die Einstiegsshort von Brooks. N\u00fctzlich und vielseitig in jeder Situation, wird es Ihnen Gesellschaft in all Ihren Trainingseinheiten zu halten.\" \/>\n<meta name=\"robots\" content=\"index, follow, max-snippet:-1, max-image-preview:large, max-video-preview:-1\" \/>\n<link rel=\"canonical\" href=\"https:\/\/www.miomiorun.com\/de\/produkt\/journey-5-short-black-herren\/\" \/>\n<meta property=\"og:locale\" content=\"de_DE\" \/>\n<meta property=\"og:type\" content=\"article\" \/>\n<meta property=\"og:title\" content=\"Brooks Journey 5&quot; short herren - Kurze Sommerhosen - MioMioRun\" \/>\n<meta property=\"og:description\" content=\"Die Journey 5&quot; Short ist die Einstiegsshort von Brooks. N\u00fctzlich und vielseitig in jeder Situation, wird es Ihnen Gesellschaft in all Ihren Trainingseinheiten zu halten.\" \/>\n<meta property=\"og:url\" content=\"https:\/\/www.miomiorun.com\/de\/produkt\/journey-5-short-black-herren\/\" \/>\n<meta property=\"og:site_name\" content=\"MioMioRun\" \/>\n<meta property=\"article:publisher\" content=\"https:\/\/www.facebook.com\/miomiorun\/\" \/>\n<meta property=\"article:modified_time\" content=\"2026-05-08T20:27:47+00:00\" \/>\n<meta property=\"og:image\" content=\"https:\/\/www.miomiorun.com\/app\/uploads\/2025\/02\/brooks-Journey-5-short-black-211542001.webp\" \/>\n\t<meta property=\"og:image:width\" content=\"600\" \/>\n\t<meta property=\"og:image:height\" content=\"600\" \/>\n\t<meta property=\"og:image:type\" content=\"image\/webp\" \/>\n<meta name=\"twitter:card\" content=\"summary_large_image\" \/>\n<script type=\"application\/ld+json\" class=\"yoast-schema-graph\">{\"@context\":\"https:\/\/schema.org\",\"@graph\":[{\"@type\":\"WebPage\",\"@id\":\"https:\/\/www.miomiorun.com\/de\/produkt\/journey-5-short-black-herren\/\",\"url\":\"https:\/\/www.miomiorun.com\/de\/produkt\/journey-5-short-black-herren\/\",\"name\":\"Brooks Journey 5\\\" short herren - Kurze Sommerhosen - MioMioRun\",\"isPartOf\":{\"@id\":\"https:\/\/www.miomiorun.com\/de\/#website\"},\"primaryImageOfPage\":{\"@id\":\"https:\/\/www.miomiorun.com\/de\/produkt\/journey-5-short-black-herren\/#primaryimage\"},\"image\":{\"@id\":\"https:\/\/www.miomiorun.com\/de\/produkt\/journey-5-short-black-herren\/#primaryimage\"},\"thumbnailUrl\":\"https:\/\/www.miomiorun.com\/app\/uploads\/2025\/02\/brooks-Journey-5-short-black-211542001.webp\",\"datePublished\":\"2025-02-10T17:50:44+00:00\",\"dateModified\":\"2026-05-08T20:27:47+00:00\",\"description\":\"Die Journey 5\\\" Short ist die Einstiegsshort von Brooks. N\u00fctzlich und vielseitig in jeder Situation, wird es Ihnen Gesellschaft in all Ihren Trainingseinheiten zu halten.\",\"breadcrumb\":{\"@id\":\"https:\/\/www.miomiorun.com\/de\/produkt\/journey-5-short-black-herren\/#breadcrumb\"},\"inLanguage\":\"de-DE\",\"potentialAction\":[{\"@type\":\"ReadAction\",\"target\":[\"https:\/\/www.miomiorun.com\/de\/produkt\/journey-5-short-black-herren\/\"]}]},{\"@type\":\"ImageObject\",\"inLanguage\":\"de-DE\",\"@id\":\"https:\/\/www.miomiorun.com\/de\/produkt\/journey-5-short-black-herren\/#primaryimage\",\"url\":\"https:\/\/www.miomiorun.com\/app\/uploads\/2025\/02\/brooks-Journey-5-short-black-211542001.webp\",\"contentUrl\":\"https:\/\/www.miomiorun.com\/app\/uploads\/2025\/02\/brooks-Journey-5-short-black-211542001.webp\",\"width\":600,\"height\":600,\"caption\":\"brooks Journey 5 short black 211542001\"},{\"@type\":\"BreadcrumbList\",\"@id\":\"https:\/\/www.miomiorun.com\/de\/produkt\/journey-5-short-black-herren\/#breadcrumb\",\"itemListElement\":[{\"@type\":\"ListItem\",\"position\":1,\"name\":\"Home\",\"item\":\"https:\/\/www.miomiorun.com\/de\/\"},{\"@type\":\"ListItem\",\"position\":2,\"name\":\"Shop\",\"item\":\"https:\/\/www.miomiorun.com\/shop\/\"},{\"@type\":\"ListItem\",\"position\":3,\"name\":\"Journey 5&#8243; short herren\"}]},{\"@type\":\"WebSite\",\"@id\":\"https:\/\/www.miomiorun.com\/de\/#website\",\"url\":\"https:\/\/www.miomiorun.com\/de\/\",\"name\":\"MioMioRun\",\"description\":\"100% Lauf- und Trailshop\",\"publisher\":{\"@id\":\"https:\/\/www.miomiorun.com\/de\/#organization\"},\"potentialAction\":[{\"@type\":\"SearchAction\",\"target\":{\"@type\":\"EntryPoint\",\"urlTemplate\":\"https:\/\/www.miomiorun.com\/de\/?s={search_term_string}\"},\"query-input\":{\"@type\":\"PropertyValueSpecification\",\"valueRequired\":true,\"valueName\":\"search_term_string\"}}],\"inLanguage\":\"de-DE\"},{\"@type\":\"Organization\",\"@id\":\"https:\/\/www.miomiorun.com\/de\/#organization\",\"name\":\"MioMio Run\",\"url\":\"https:\/\/www.miomiorun.com\/de\/\",\"logo\":{\"@type\":\"ImageObject\",\"inLanguage\":\"de-DE\",\"@id\":\"https:\/\/www.miomiorun.com\/de\/#\/schema\/logo\/image\/\",\"url\":\"https:\/\/www.miomiorun.com\/app\/uploads\/2019\/12\/logomio.png\",\"contentUrl\":\"https:\/\/www.miomiorun.com\/app\/uploads\/2019\/12\/logomio.png\",\"width\":115,\"height\":82,\"caption\":\"MioMio Run\"},\"image\":{\"@id\":\"https:\/\/www.miomiorun.com\/de\/#\/schema\/logo\/image\/\"},\"sameAs\":[\"https:\/\/www.facebook.com\/miomiorun\/\",\"https:\/\/www.instagram.com\/miomiorun\/\"]}]}<\/script>\n<!-- \/ Yoast SEO plugin. -->","yoast_head_json":{"title":"Brooks Journey 5\" short herren - Kurze Sommerhosen - MioMioRun","description":"Die Journey 5\" Short ist die Einstiegsshort von Brooks. N\u00fctzlich und vielseitig in jeder Situation, wird es Ihnen Gesellschaft in all Ihren Trainingseinheiten zu halten.","robots":{"index":"index","follow":"follow","max-snippet":"max-snippet:-1","max-image-preview":"max-image-preview:large","max-video-preview":"max-video-preview:-1"},"canonical":"https:\/\/www.miomiorun.com\/de\/produkt\/journey-5-short-black-herren\/","og_locale":"de_DE","og_type":"article","og_title":"Brooks Journey 5\" short herren - Kurze Sommerhosen - MioMioRun","og_description":"Die Journey 5\" Short ist die Einstiegsshort von Brooks. N\u00fctzlich und vielseitig in jeder Situation, wird es Ihnen Gesellschaft in all Ihren Trainingseinheiten zu halten.","og_url":"https:\/\/www.miomiorun.com\/de\/produkt\/journey-5-short-black-herren\/","og_site_name":"MioMioRun","article_publisher":"https:\/\/www.facebook.com\/miomiorun\/","article_modified_time":"2026-05-08T20:27:47+00:00","og_image":[{"width":600,"height":600,"url":"https:\/\/www.miomiorun.com\/app\/uploads\/2025\/02\/brooks-Journey-5-short-black-211542001.webp","type":"image\/webp"}],"twitter_card":"summary_large_image","schema":{"@context":"https:\/\/schema.org","@graph":[{"@type":"WebPage","@id":"https:\/\/www.miomiorun.com\/de\/produkt\/journey-5-short-black-herren\/","url":"https:\/\/www.miomiorun.com\/de\/produkt\/journey-5-short-black-herren\/","name":"Brooks Journey 5\" short herren - Kurze Sommerhosen - MioMioRun","isPartOf":{"@id":"https:\/\/www.miomiorun.com\/de\/#website"},"primaryImageOfPage":{"@id":"https:\/\/www.miomiorun.com\/de\/produkt\/journey-5-short-black-herren\/#primaryimage"},"image":{"@id":"https:\/\/www.miomiorun.com\/de\/produkt\/journey-5-short-black-herren\/#primaryimage"},"thumbnailUrl":"https:\/\/www.miomiorun.com\/app\/uploads\/2025\/02\/brooks-Journey-5-short-black-211542001.webp","datePublished":"2025-02-10T17:50:44+00:00","dateModified":"2026-05-08T20:27:47+00:00","description":"Die Journey 5\" Short ist die Einstiegsshort von Brooks. N\u00fctzlich und vielseitig in jeder Situation, wird es Ihnen Gesellschaft in all Ihren Trainingseinheiten zu halten.","breadcrumb":{"@id":"https:\/\/www.miomiorun.com\/de\/produkt\/journey-5-short-black-herren\/#breadcrumb"},"inLanguage":"de-DE","potentialAction":[{"@type":"ReadAction","target":["https:\/\/www.miomiorun.com\/de\/produkt\/journey-5-short-black-herren\/"]}]},{"@type":"ImageObject","inLanguage":"de-DE","@id":"https:\/\/www.miomiorun.com\/de\/produkt\/journey-5-short-black-herren\/#primaryimage","url":"https:\/\/www.miomiorun.com\/app\/uploads\/2025\/02\/brooks-Journey-5-short-black-211542001.webp","contentUrl":"https:\/\/www.miomiorun.com\/app\/uploads\/2025\/02\/brooks-Journey-5-short-black-211542001.webp","width":600,"height":600,"caption":"brooks Journey 5 short black 211542001"},{"@type":"BreadcrumbList","@id":"https:\/\/www.miomiorun.com\/de\/produkt\/journey-5-short-black-herren\/#breadcrumb","itemListElement":[{"@type":"ListItem","position":1,"name":"Home","item":"https:\/\/www.miomiorun.com\/de\/"},{"@type":"ListItem","position":2,"name":"Shop","item":"https:\/\/www.miomiorun.com\/shop\/"},{"@type":"ListItem","position":3,"name":"Journey 5&#8243; short herren"}]},{"@type":"WebSite","@id":"https:\/\/www.miomiorun.com\/de\/#website","url":"https:\/\/www.miomiorun.com\/de\/","name":"MioMioRun","description":"100% Lauf- und Trailshop","publisher":{"@id":"https:\/\/www.miomiorun.com\/de\/#organization"},"potentialAction":[{"@type":"SearchAction","target":{"@type":"EntryPoint","urlTemplate":"https:\/\/www.miomiorun.com\/de\/?s={search_term_string}"},"query-input":{"@type":"PropertyValueSpecification","valueRequired":true,"valueName":"search_term_string"}}],"inLanguage":"de-DE"},{"@type":"Organization","@id":"https:\/\/www.miomiorun.com\/de\/#organization","name":"MioMio Run","url":"https:\/\/www.miomiorun.com\/de\/","logo":{"@type":"ImageObject","inLanguage":"de-DE","@id":"https:\/\/www.miomiorun.com\/de\/#\/schema\/logo\/image\/","url":"https:\/\/www.miomiorun.com\/app\/uploads\/2019\/12\/logomio.png","contentUrl":"https:\/\/www.miomiorun.com\/app\/uploads\/2019\/12\/logomio.png","width":115,"height":82,"caption":"MioMio Run"},"image":{"@id":"https:\/\/www.miomiorun.com\/de\/#\/schema\/logo\/image\/"},"sameAs":["https:\/\/www.facebook.com\/miomiorun\/","https:\/\/www.instagram.com\/miomiorun\/"]}]}},"_links":{"self":[{"href":"https:\/\/www.miomiorun.com\/de\/wp-json\/wp\/v2\/product\/253445","targetHints":{"allow":["GET"]}}],"collection":[{"href":"https:\/\/www.miomiorun.com\/de\/wp-json\/wp\/v2\/product"}],"about":[{"href":"https:\/\/www.miomiorun.com\/de\/wp-json\/wp\/v2\/types\/product"}],"wp:featuredmedia":[{"embeddable":true,"href":"https:\/\/www.miomiorun.com\/de\/wp-json\/wp\/v2\/media\/253991"}],"wp:attachment":[{"href":"https:\/\/www.miomiorun.com\/de\/wp-json\/wp\/v2\/media?parent=253445"}],"wp:term":[{"taxonomy":"product_brand","embeddable":true,"href":"https:\/\/www.miomiorun.com\/de\/wp-json\/wp\/v2\/product_brand?post=253445"},{"taxonomy":"product_cat","embeddable":true,"href":"https:\/\/www.miomiorun.com\/de\/wp-json\/wp\/v2\/product_cat?post=253445"},{"taxonomy":"product_tag","embeddable":true,"href":"https:\/\/www.miomiorun.com\/de\/wp-json\/wp\/v2\/product_tag?post=253445"}],"curies":[{"name":"wp","href":"https:\/\/api.w.org\/{rel}","templated":true}]}}