{"id":253248,"date":"2025-02-10T17:43:03","date_gmt":"2025-02-10T16:43:03","guid":{"rendered":"https:\/\/miomiorun.com\/?post_type=product&#038;p=253248"},"modified":"2025-04-03T17:00:55","modified_gmt":"2025-04-03T15:00:55","slug":"extreme-fitness-gloves","status":"publish","type":"product","link":"https:\/\/www.miomiorun.com\/de\/produkt\/extreme-fitness-gloves\/","title":{"rendered":"extreme fitness gloves"},"content":{"rendered":"<p>Die Extrem-Fitness-Handschuhe kombinieren eine Schaumstoffpolsterung mit geringer Dichte und leichte Materialien f\u00fcr nat\u00fcrliche Bewegungen. Atmungsaktives Mesh auf dem Handr\u00fccken und perforierte Eins\u00e4tze auf der Handfl\u00e4che sorgen f\u00fcr eine gute Luftzirkulation, trockene Haut und maximalen Trainingskomfort.<\/p>\n<p>VORTEILE<\/p>\n<p>Schaumstoff mit geringer Dichte, der die Handfl\u00e4chen sch\u00fctzt, ohne die Sensibilit\u00e4t oder Flexibilit\u00e4t zu beeintr\u00e4chtigen.<br \/>\nVerstellbarer Klettverschluss am Handgelenk aus Mesh f\u00fcr stets trockene Haut.<br \/>\nIntegrierte Laschen f\u00fcr einfaches Anziehen der Handschuhe.<\/p>\n<p>DETAILS:<\/p>\n<p>Materialien: Handfl\u00e4che: 51% Polyester\/22% Nylon\/27% Polyurethan.<\/p>\n<p>R\u00fccken: 94% Polyester\/4% Nylon\/2% Polyurethan.<\/p>\n<p>Sonstiges: 52% Polyester\/37% Nylon\/9% Spandex\/2% Polyurethan.<\/p>\n","protected":false},"excerpt":{"rendered":"<ul class=\"selling-points\">\n<li>Handschuhe ideal f\u00fcr Fitness<\/li>\n<li>mit Handfl\u00e4chenpolster<\/li>\n<\/ul>\n","protected":false},"featured_media":256020,"template":"","meta":{"_acf_changed":false,"inline_featured_image":false},"product_brand":[],"product_cat":[6342,6375],"product_tag":[17028,19359,19361],"class_list":{"0":"post-253248","1":"product","2":"type-product","3":"status-publish","4":"has-post-thumbnail","6":"product_cat-zubehoer","7":"product_cat-laufhandschuhe-zubehoer-2-de","8":"product_tag-nike-de","9":"product_tag-nike-damen","10":"product_tag-nike-herren","11":"pa_attivita-fitness-de","12":"pa_marca-nike-de","13":"pa_sesso-damen","14":"pa_sesso-herren","15":"pa_size-small-de","16":"pa_size-medium-de","18":"first","19":"instock","20":"sale","21":"taxable","22":"shipping-taxable","23":"purchasable","24":"product-type-variable","25":"wvs-archive-product-wrapper"},"acf":[],"yoast_head":"<!-- This site is optimized with the Yoast SEO plugin v26.8 - https:\/\/yoast.com\/product\/yoast-seo-wordpress\/ -->\n<title>Nike extreme fitness gloves -Laufhandschuhe- MioMioRun.com<\/title>\n<meta name=\"description\" content=\"Handschuhe mit Schaumstoff niedriger Dichte zum Schutz der Handfl\u00e4che. Verstellbarer Klettverschluss am Handgelenk und integrierte Laschen zum einfachen Anziehen der Handschuhe.\" \/>\n<meta name=\"robots\" content=\"index, follow, max-snippet:-1, max-image-preview:large, max-video-preview:-1\" \/>\n<link rel=\"canonical\" href=\"https:\/\/www.miomiorun.com\/de\/produkt\/extreme-fitness-gloves\/\" \/>\n<meta property=\"og:locale\" content=\"de_DE\" \/>\n<meta property=\"og:type\" content=\"article\" \/>\n<meta property=\"og:title\" content=\"Nike extreme fitness gloves -Laufhandschuhe- MioMioRun.com\" \/>\n<meta property=\"og:description\" content=\"Handschuhe mit Schaumstoff niedriger Dichte zum Schutz der Handfl\u00e4che. Verstellbarer Klettverschluss am Handgelenk und integrierte Laschen zum einfachen Anziehen der Handschuhe.\" \/>\n<meta property=\"og:url\" content=\"https:\/\/www.miomiorun.com\/de\/produkt\/extreme-fitness-gloves\/\" \/>\n<meta property=\"og:site_name\" content=\"MioMioRun\" \/>\n<meta property=\"article:publisher\" content=\"https:\/\/www.facebook.com\/miomiorun\/\" \/>\n<meta property=\"article:modified_time\" content=\"2025-04-03T15:00:55+00:00\" \/>\n<meta property=\"og:image\" content=\"https:\/\/www.miomiorun.com\/app\/uploads\/2025\/02\/nike-extreme-fitness-gloves-BK-AT-WH-NLGC4945.webp\" \/>\n\t<meta property=\"og:image:width\" content=\"600\" \/>\n\t<meta property=\"og:image:height\" content=\"600\" \/>\n\t<meta property=\"og:image:type\" content=\"image\/webp\" \/>\n<meta name=\"twitter:card\" content=\"summary_large_image\" \/>\n<meta name=\"twitter:label1\" content=\"Est. reading time\" \/>\n\t<meta name=\"twitter:data1\" content=\"1 minute\" \/>\n<script type=\"application\/ld+json\" class=\"yoast-schema-graph\">{\"@context\":\"https:\/\/schema.org\",\"@graph\":[{\"@type\":\"WebPage\",\"@id\":\"https:\/\/www.miomiorun.com\/de\/produkt\/extreme-fitness-gloves\/\",\"url\":\"https:\/\/www.miomiorun.com\/de\/produkt\/extreme-fitness-gloves\/\",\"name\":\"Nike extreme fitness gloves -Laufhandschuhe- MioMioRun.com\",\"isPartOf\":{\"@id\":\"https:\/\/www.miomiorun.com\/de\/#website\"},\"primaryImageOfPage\":{\"@id\":\"https:\/\/www.miomiorun.com\/de\/produkt\/extreme-fitness-gloves\/#primaryimage\"},\"image\":{\"@id\":\"https:\/\/www.miomiorun.com\/de\/produkt\/extreme-fitness-gloves\/#primaryimage\"},\"thumbnailUrl\":\"https:\/\/www.miomiorun.com\/app\/uploads\/2025\/02\/nike-extreme-fitness-gloves-BK-AT-WH-NLGC4945.webp\",\"datePublished\":\"2025-02-10T16:43:03+00:00\",\"dateModified\":\"2025-04-03T15:00:55+00:00\",\"description\":\"Handschuhe mit Schaumstoff niedriger Dichte zum Schutz der Handfl\u00e4che. Verstellbarer Klettverschluss am Handgelenk und integrierte Laschen zum einfachen Anziehen der Handschuhe.\",\"breadcrumb\":{\"@id\":\"https:\/\/www.miomiorun.com\/de\/produkt\/extreme-fitness-gloves\/#breadcrumb\"},\"inLanguage\":\"de-DE\",\"potentialAction\":[{\"@type\":\"ReadAction\",\"target\":[\"https:\/\/www.miomiorun.com\/de\/produkt\/extreme-fitness-gloves\/\"]}]},{\"@type\":\"ImageObject\",\"inLanguage\":\"de-DE\",\"@id\":\"https:\/\/www.miomiorun.com\/de\/produkt\/extreme-fitness-gloves\/#primaryimage\",\"url\":\"https:\/\/www.miomiorun.com\/app\/uploads\/2025\/02\/nike-extreme-fitness-gloves-BK-AT-WH-NLGC4945.webp\",\"contentUrl\":\"https:\/\/www.miomiorun.com\/app\/uploads\/2025\/02\/nike-extreme-fitness-gloves-BK-AT-WH-NLGC4945.webp\",\"width\":600,\"height\":600,\"caption\":\"nike extreme fitness gloves BK AT WH NLGC4945\"},{\"@type\":\"BreadcrumbList\",\"@id\":\"https:\/\/www.miomiorun.com\/de\/produkt\/extreme-fitness-gloves\/#breadcrumb\",\"itemListElement\":[{\"@type\":\"ListItem\",\"position\":1,\"name\":\"Home\",\"item\":\"https:\/\/www.miomiorun.com\/de\/\"},{\"@type\":\"ListItem\",\"position\":2,\"name\":\"Shop\",\"item\":\"https:\/\/www.miomiorun.com\/shop\/\"},{\"@type\":\"ListItem\",\"position\":3,\"name\":\"extreme fitness gloves\"}]},{\"@type\":\"WebSite\",\"@id\":\"https:\/\/www.miomiorun.com\/de\/#website\",\"url\":\"https:\/\/www.miomiorun.com\/de\/\",\"name\":\"MioMioRun\",\"description\":\"100% Lauf- und Trailshop\",\"publisher\":{\"@id\":\"https:\/\/www.miomiorun.com\/de\/#organization\"},\"potentialAction\":[{\"@type\":\"SearchAction\",\"target\":{\"@type\":\"EntryPoint\",\"urlTemplate\":\"https:\/\/www.miomiorun.com\/de\/?s={search_term_string}\"},\"query-input\":{\"@type\":\"PropertyValueSpecification\",\"valueRequired\":true,\"valueName\":\"search_term_string\"}}],\"inLanguage\":\"de-DE\"},{\"@type\":\"Organization\",\"@id\":\"https:\/\/www.miomiorun.com\/de\/#organization\",\"name\":\"MioMio Run\",\"url\":\"https:\/\/www.miomiorun.com\/de\/\",\"logo\":{\"@type\":\"ImageObject\",\"inLanguage\":\"de-DE\",\"@id\":\"https:\/\/www.miomiorun.com\/de\/#\/schema\/logo\/image\/\",\"url\":\"https:\/\/www.miomiorun.com\/app\/uploads\/2019\/12\/logomio.png\",\"contentUrl\":\"https:\/\/www.miomiorun.com\/app\/uploads\/2019\/12\/logomio.png\",\"width\":115,\"height\":82,\"caption\":\"MioMio Run\"},\"image\":{\"@id\":\"https:\/\/www.miomiorun.com\/de\/#\/schema\/logo\/image\/\"},\"sameAs\":[\"https:\/\/www.facebook.com\/miomiorun\/\",\"https:\/\/www.instagram.com\/miomiorun\/\"]}]}<\/script>\n<!-- \/ Yoast SEO plugin. -->","yoast_head_json":{"title":"Nike extreme fitness gloves -Laufhandschuhe- MioMioRun.com","description":"Handschuhe mit Schaumstoff niedriger Dichte zum Schutz der Handfl\u00e4che. Verstellbarer Klettverschluss am Handgelenk und integrierte Laschen zum einfachen Anziehen der Handschuhe.","robots":{"index":"index","follow":"follow","max-snippet":"max-snippet:-1","max-image-preview":"max-image-preview:large","max-video-preview":"max-video-preview:-1"},"canonical":"https:\/\/www.miomiorun.com\/de\/produkt\/extreme-fitness-gloves\/","og_locale":"de_DE","og_type":"article","og_title":"Nike extreme fitness gloves -Laufhandschuhe- MioMioRun.com","og_description":"Handschuhe mit Schaumstoff niedriger Dichte zum Schutz der Handfl\u00e4che. Verstellbarer Klettverschluss am Handgelenk und integrierte Laschen zum einfachen Anziehen der Handschuhe.","og_url":"https:\/\/www.miomiorun.com\/de\/produkt\/extreme-fitness-gloves\/","og_site_name":"MioMioRun","article_publisher":"https:\/\/www.facebook.com\/miomiorun\/","article_modified_time":"2025-04-03T15:00:55+00:00","og_image":[{"width":600,"height":600,"url":"https:\/\/www.miomiorun.com\/app\/uploads\/2025\/02\/nike-extreme-fitness-gloves-BK-AT-WH-NLGC4945.webp","type":"image\/webp"}],"twitter_card":"summary_large_image","twitter_misc":{"Est. reading time":"1 minute"},"schema":{"@context":"https:\/\/schema.org","@graph":[{"@type":"WebPage","@id":"https:\/\/www.miomiorun.com\/de\/produkt\/extreme-fitness-gloves\/","url":"https:\/\/www.miomiorun.com\/de\/produkt\/extreme-fitness-gloves\/","name":"Nike extreme fitness gloves -Laufhandschuhe- MioMioRun.com","isPartOf":{"@id":"https:\/\/www.miomiorun.com\/de\/#website"},"primaryImageOfPage":{"@id":"https:\/\/www.miomiorun.com\/de\/produkt\/extreme-fitness-gloves\/#primaryimage"},"image":{"@id":"https:\/\/www.miomiorun.com\/de\/produkt\/extreme-fitness-gloves\/#primaryimage"},"thumbnailUrl":"https:\/\/www.miomiorun.com\/app\/uploads\/2025\/02\/nike-extreme-fitness-gloves-BK-AT-WH-NLGC4945.webp","datePublished":"2025-02-10T16:43:03+00:00","dateModified":"2025-04-03T15:00:55+00:00","description":"Handschuhe mit Schaumstoff niedriger Dichte zum Schutz der Handfl\u00e4che. Verstellbarer Klettverschluss am Handgelenk und integrierte Laschen zum einfachen Anziehen der Handschuhe.","breadcrumb":{"@id":"https:\/\/www.miomiorun.com\/de\/produkt\/extreme-fitness-gloves\/#breadcrumb"},"inLanguage":"de-DE","potentialAction":[{"@type":"ReadAction","target":["https:\/\/www.miomiorun.com\/de\/produkt\/extreme-fitness-gloves\/"]}]},{"@type":"ImageObject","inLanguage":"de-DE","@id":"https:\/\/www.miomiorun.com\/de\/produkt\/extreme-fitness-gloves\/#primaryimage","url":"https:\/\/www.miomiorun.com\/app\/uploads\/2025\/02\/nike-extreme-fitness-gloves-BK-AT-WH-NLGC4945.webp","contentUrl":"https:\/\/www.miomiorun.com\/app\/uploads\/2025\/02\/nike-extreme-fitness-gloves-BK-AT-WH-NLGC4945.webp","width":600,"height":600,"caption":"nike extreme fitness gloves BK AT WH NLGC4945"},{"@type":"BreadcrumbList","@id":"https:\/\/www.miomiorun.com\/de\/produkt\/extreme-fitness-gloves\/#breadcrumb","itemListElement":[{"@type":"ListItem","position":1,"name":"Home","item":"https:\/\/www.miomiorun.com\/de\/"},{"@type":"ListItem","position":2,"name":"Shop","item":"https:\/\/www.miomiorun.com\/shop\/"},{"@type":"ListItem","position":3,"name":"extreme fitness gloves"}]},{"@type":"WebSite","@id":"https:\/\/www.miomiorun.com\/de\/#website","url":"https:\/\/www.miomiorun.com\/de\/","name":"MioMioRun","description":"100% Lauf- und Trailshop","publisher":{"@id":"https:\/\/www.miomiorun.com\/de\/#organization"},"potentialAction":[{"@type":"SearchAction","target":{"@type":"EntryPoint","urlTemplate":"https:\/\/www.miomiorun.com\/de\/?s={search_term_string}"},"query-input":{"@type":"PropertyValueSpecification","valueRequired":true,"valueName":"search_term_string"}}],"inLanguage":"de-DE"},{"@type":"Organization","@id":"https:\/\/www.miomiorun.com\/de\/#organization","name":"MioMio Run","url":"https:\/\/www.miomiorun.com\/de\/","logo":{"@type":"ImageObject","inLanguage":"de-DE","@id":"https:\/\/www.miomiorun.com\/de\/#\/schema\/logo\/image\/","url":"https:\/\/www.miomiorun.com\/app\/uploads\/2019\/12\/logomio.png","contentUrl":"https:\/\/www.miomiorun.com\/app\/uploads\/2019\/12\/logomio.png","width":115,"height":82,"caption":"MioMio Run"},"image":{"@id":"https:\/\/www.miomiorun.com\/de\/#\/schema\/logo\/image\/"},"sameAs":["https:\/\/www.facebook.com\/miomiorun\/","https:\/\/www.instagram.com\/miomiorun\/"]}]}},"_links":{"self":[{"href":"https:\/\/www.miomiorun.com\/de\/wp-json\/wp\/v2\/product\/253248","targetHints":{"allow":["GET"]}}],"collection":[{"href":"https:\/\/www.miomiorun.com\/de\/wp-json\/wp\/v2\/product"}],"about":[{"href":"https:\/\/www.miomiorun.com\/de\/wp-json\/wp\/v2\/types\/product"}],"wp:featuredmedia":[{"embeddable":true,"href":"https:\/\/www.miomiorun.com\/de\/wp-json\/wp\/v2\/media\/256020"}],"wp:attachment":[{"href":"https:\/\/www.miomiorun.com\/de\/wp-json\/wp\/v2\/media?parent=253248"}],"wp:term":[{"taxonomy":"product_brand","embeddable":true,"href":"https:\/\/www.miomiorun.com\/de\/wp-json\/wp\/v2\/product_brand?post=253248"},{"taxonomy":"product_cat","embeddable":true,"href":"https:\/\/www.miomiorun.com\/de\/wp-json\/wp\/v2\/product_cat?post=253248"},{"taxonomy":"product_tag","embeddable":true,"href":"https:\/\/www.miomiorun.com\/de\/wp-json\/wp\/v2\/product_tag?post=253248"}],"curies":[{"name":"wp","href":"https:\/\/api.w.org\/{rel}","templated":true}]}}